{"id":143461,"date":"2024-09-16T12:06:51","date_gmt":"2024-09-16T10:06:51","guid":{"rendered":"https:\/\/www.metrica.it\/prodotto\/coupe-verre-a-compas-silberschnitt-avec-ventouse\/"},"modified":"2024-09-16T20:54:25","modified_gmt":"2024-09-16T18:54:25","slug":"coupe-verre-a-compas-silberschnitt-avec-ventouse","status":"publish","type":"product","link":"https:\/\/www.metrica.it\/fr\/produit\/coupe-verre-a-compas-silberschnitt-avec-ventouse\/","title":{"rendered":"Coupe-verre A Compas Silberschnitt Avec Ventouse"},"content":{"rendered":"<ul>\n<li>Coupe-verre circulaire original Silberschnitt avec ventouse (R\u00e9f. 511.0)<\/li>\n<li>6 roulettes<\/li>\n<li>R\u00e8gle gradu\u00e9e articul\u00e9e qui permet une mesure exacte<\/li>\n<\/ul>\n","protected":false},"excerpt":{"rendered":"<p>Coupe-verre circulaire original Silberschnitt avec ventouse (R\u00e9f. 511.0)<br \/>6 roulettes<br \/>R\u00e8gle gradu\u00e9e articul\u00e9e qui permet une mesure exacte<\/p>\n","protected":false},"featured_media":131354,"template":"","meta":[],"product_cat":[673,697],"product_tag":[],"class_list":{"0":"post-143461","1":"product","2":"type-product","3":"status-publish","4":"has-post-thumbnail","6":"product_cat-decoupe","7":"product_cat-regles-et-equerrers-pour-vitriers","9":"first","10":"instock","11":"sold-individually","12":"product-type-simple"},"yoast_head":"<title>Tagliavetro Circolare Silberschnitt Con Piastra A Ventosa | R\u00e8gles et \u00c9querrers pour Vitriers | D\u00e9coupe - Metrica<\/title>\n<meta name=\"description\" content=\"D\u00e9couvrez la collection de produits., Tagliavetro Circolare Silberschnitt Con Piastra A Ventosa - R\u00e8gles et \u00c9querrers pour Vitriers.Tagliavetro circolare con piastra a ventosa originale Silbersch . Consultez le catalogue sur le site officiel de Metrica\" \/>\n<meta name=\"robots\" content=\"index, follow, max-snippet:-1, max-image-preview:large, max-video-preview:-1\" \/>\n<link rel=\"canonical\" href=\"https:\/\/www.metrica.it\/fr\/produit\/coupe-verre-a-compas-silberschnitt-avec-ventouse\/\" \/>\n<meta property=\"og:locale\" content=\"fr_FR\" \/>\n<meta property=\"og:type\" content=\"article\" \/>\n<meta property=\"og:title\" content=\"Tagliavetro Circolare Silberschnitt Con Piastra A Ventosa | R\u00e8gles et \u00c9querrers pour Vitriers | D\u00e9coupe - Metrica\" \/>\n<meta property=\"og:description\" content=\"D\u00e9couvrez la collection de produits., Tagliavetro Circolare Silberschnitt Con Piastra A Ventosa - R\u00e8gles et \u00c9querrers pour Vitriers.Tagliavetro circolare con piastra a ventosa originale Silbersch . Consultez le catalogue sur le site officiel de Metrica\" \/>\n<meta property=\"og:url\" content=\"https:\/\/www.metrica.it\/fr\/produit\/coupe-verre-a-compas-silberschnitt-avec-ventouse\/\" \/>\n<meta property=\"og:site_name\" content=\"Metrica\" \/>\n<meta property=\"article:modified_time\" content=\"2024-09-16T18:54:25+00:00\" \/>\n<meta property=\"og:image\" content=\"https:\/\/www.metrica.it\/wp-content\/uploads\/2024\/06\/50509.jpg\" \/>\n\t<meta property=\"og:image:width\" content=\"800\" \/>\n\t<meta property=\"og:image:height\" content=\"800\" \/>\n\t<meta property=\"og:image:type\" content=\"image\/jpeg\" \/>\n<meta name=\"twitter:card\" content=\"summary_large_image\" \/>\n<script type=\"application\/ld+json\" class=\"yoast-schema-graph\">{\"@context\":\"https:\\\/\\\/schema.org\",\"@graph\":[{\"@type\":\"WebPage\",\"@id\":\"https:\\\/\\\/www.metrica.it\\\/fr\\\/produit\\\/coupe-verre-a-compas-silberschnitt-avec-ventouse\\\/\",\"url\":\"https:\\\/\\\/www.metrica.it\\\/fr\\\/produit\\\/coupe-verre-a-compas-silberschnitt-avec-ventouse\\\/\",\"name\":\"Tagliavetro Circolare Silberschnitt Con Piastra A Ventosa | R\u00e8gles et \u00c9querrers pour Vitriers | D\u00e9coupe - Metrica\",\"isPartOf\":{\"@id\":\"https:\\\/\\\/www.metrica.it\\\/fr\\\/#website\"},\"primaryImageOfPage\":{\"@id\":\"https:\\\/\\\/www.metrica.it\\\/fr\\\/produit\\\/coupe-verre-a-compas-silberschnitt-avec-ventouse\\\/#primaryimage\"},\"image\":{\"@id\":\"https:\\\/\\\/www.metrica.it\\\/fr\\\/produit\\\/coupe-verre-a-compas-silberschnitt-avec-ventouse\\\/#primaryimage\"},\"thumbnailUrl\":\"https:\\\/\\\/www.metrica.it\\\/wp-content\\\/uploads\\\/2024\\\/06\\\/50509.jpg\",\"datePublished\":\"2024-09-16T10:06:51+00:00\",\"dateModified\":\"2024-09-16T18:54:25+00:00\",\"description\":\"D\u00e9couvrez la collection de produits., Tagliavetro Circolare Silberschnitt Con Piastra A Ventosa - R\u00e8gles et \u00c9querrers pour Vitriers.Tagliavetro circolare con piastra a ventosa originale Silbersch . Consultez le catalogue sur le site officiel de Metrica\",\"breadcrumb\":{\"@id\":\"https:\\\/\\\/www.metrica.it\\\/fr\\\/produit\\\/coupe-verre-a-compas-silberschnitt-avec-ventouse\\\/#breadcrumb\"},\"inLanguage\":\"fr-FR\",\"potentialAction\":[{\"@type\":\"ReadAction\",\"target\":[\"https:\\\/\\\/www.metrica.it\\\/fr\\\/produit\\\/coupe-verre-a-compas-silberschnitt-avec-ventouse\\\/\"]}]},{\"@type\":\"ImageObject\",\"inLanguage\":\"fr-FR\",\"@id\":\"https:\\\/\\\/www.metrica.it\\\/fr\\\/produit\\\/coupe-verre-a-compas-silberschnitt-avec-ventouse\\\/#primaryimage\",\"url\":\"https:\\\/\\\/www.metrica.it\\\/wp-content\\\/uploads\\\/2024\\\/06\\\/50509.jpg\",\"contentUrl\":\"https:\\\/\\\/www.metrica.it\\\/wp-content\\\/uploads\\\/2024\\\/06\\\/50509.jpg\",\"width\":800,\"height\":800},{\"@type\":\"BreadcrumbList\",\"@id\":\"https:\\\/\\\/www.metrica.it\\\/fr\\\/produit\\\/coupe-verre-a-compas-silberschnitt-avec-ventouse\\\/#breadcrumb\",\"itemListElement\":[{\"@type\":\"ListItem\",\"position\":1,\"name\":\"Home\",\"item\":\"https:\\\/\\\/www.metrica.it\\\/fr\\\/\"},{\"@type\":\"ListItem\",\"position\":2,\"name\":\"Catalogue\",\"item\":\"https:\\\/\\\/www.metrica.it\\\/fr\\\/catalogue\\\/\"},{\"@type\":\"ListItem\",\"position\":3,\"name\":\"Coupe-verre A Compas Silberschnitt Avec Ventouse\"}]},{\"@type\":\"WebSite\",\"@id\":\"https:\\\/\\\/www.metrica.it\\\/fr\\\/#website\",\"url\":\"https:\\\/\\\/www.metrica.it\\\/fr\\\/\",\"name\":\"Metrica\",\"description\":\"Made to measure\",\"potentialAction\":[{\"@type\":\"SearchAction\",\"target\":{\"@type\":\"EntryPoint\",\"urlTemplate\":\"https:\\\/\\\/www.metrica.it\\\/fr\\\/?s={search_term_string}\"},\"query-input\":{\"@type\":\"PropertyValueSpecification\",\"valueRequired\":true,\"valueName\":\"search_term_string\"}}],\"inLanguage\":\"fr-FR\"}]}<\/script>","yoast_head_json":{"title":"Tagliavetro Circolare Silberschnitt Con Piastra A Ventosa | R\u00e8gles et \u00c9querrers pour Vitriers | D\u00e9coupe - Metrica","description":"D\u00e9couvrez la collection de produits., Tagliavetro Circolare Silberschnitt Con Piastra A Ventosa - R\u00e8gles et \u00c9querrers pour Vitriers.Tagliavetro circolare con piastra a ventosa originale Silbersch . Consultez le catalogue sur le site officiel de Metrica","robots":{"index":"index","follow":"follow","max-snippet":"max-snippet:-1","max-image-preview":"max-image-preview:large","max-video-preview":"max-video-preview:-1"},"canonical":"https:\/\/www.metrica.it\/fr\/produit\/coupe-verre-a-compas-silberschnitt-avec-ventouse\/","og_locale":"fr_FR","og_type":"article","og_title":"Tagliavetro Circolare Silberschnitt Con Piastra A Ventosa | R\u00e8gles et \u00c9querrers pour Vitriers | D\u00e9coupe - Metrica","og_description":"D\u00e9couvrez la collection de produits., Tagliavetro Circolare Silberschnitt Con Piastra A Ventosa - R\u00e8gles et \u00c9querrers pour Vitriers.Tagliavetro circolare con piastra a ventosa originale Silbersch . Consultez le catalogue sur le site officiel de Metrica","og_url":"https:\/\/www.metrica.it\/fr\/produit\/coupe-verre-a-compas-silberschnitt-avec-ventouse\/","og_site_name":"Metrica","article_modified_time":"2024-09-16T18:54:25+00:00","og_image":[{"width":800,"height":800,"url":"https:\/\/www.metrica.it\/wp-content\/uploads\/2024\/06\/50509.jpg","type":"image\/jpeg"}],"twitter_card":"summary_large_image","schema":{"@context":"https:\/\/schema.org","@graph":[{"@type":"WebPage","@id":"https:\/\/www.metrica.it\/fr\/produit\/coupe-verre-a-compas-silberschnitt-avec-ventouse\/","url":"https:\/\/www.metrica.it\/fr\/produit\/coupe-verre-a-compas-silberschnitt-avec-ventouse\/","name":"Tagliavetro Circolare Silberschnitt Con Piastra A Ventosa | R\u00e8gles et \u00c9querrers pour Vitriers | D\u00e9coupe - Metrica","isPartOf":{"@id":"https:\/\/www.metrica.it\/fr\/#website"},"primaryImageOfPage":{"@id":"https:\/\/www.metrica.it\/fr\/produit\/coupe-verre-a-compas-silberschnitt-avec-ventouse\/#primaryimage"},"image":{"@id":"https:\/\/www.metrica.it\/fr\/produit\/coupe-verre-a-compas-silberschnitt-avec-ventouse\/#primaryimage"},"thumbnailUrl":"https:\/\/www.metrica.it\/wp-content\/uploads\/2024\/06\/50509.jpg","datePublished":"2024-09-16T10:06:51+00:00","dateModified":"2024-09-16T18:54:25+00:00","description":"D\u00e9couvrez la collection de produits., Tagliavetro Circolare Silberschnitt Con Piastra A Ventosa - R\u00e8gles et \u00c9querrers pour Vitriers.Tagliavetro circolare con piastra a ventosa originale Silbersch . Consultez le catalogue sur le site officiel de Metrica","breadcrumb":{"@id":"https:\/\/www.metrica.it\/fr\/produit\/coupe-verre-a-compas-silberschnitt-avec-ventouse\/#breadcrumb"},"inLanguage":"fr-FR","potentialAction":[{"@type":"ReadAction","target":["https:\/\/www.metrica.it\/fr\/produit\/coupe-verre-a-compas-silberschnitt-avec-ventouse\/"]}]},{"@type":"ImageObject","inLanguage":"fr-FR","@id":"https:\/\/www.metrica.it\/fr\/produit\/coupe-verre-a-compas-silberschnitt-avec-ventouse\/#primaryimage","url":"https:\/\/www.metrica.it\/wp-content\/uploads\/2024\/06\/50509.jpg","contentUrl":"https:\/\/www.metrica.it\/wp-content\/uploads\/2024\/06\/50509.jpg","width":800,"height":800},{"@type":"BreadcrumbList","@id":"https:\/\/www.metrica.it\/fr\/produit\/coupe-verre-a-compas-silberschnitt-avec-ventouse\/#breadcrumb","itemListElement":[{"@type":"ListItem","position":1,"name":"Home","item":"https:\/\/www.metrica.it\/fr\/"},{"@type":"ListItem","position":2,"name":"Catalogue","item":"https:\/\/www.metrica.it\/fr\/catalogue\/"},{"@type":"ListItem","position":3,"name":"Coupe-verre A Compas Silberschnitt Avec Ventouse"}]},{"@type":"WebSite","@id":"https:\/\/www.metrica.it\/fr\/#website","url":"https:\/\/www.metrica.it\/fr\/","name":"Metrica","description":"Made to measure","potentialAction":[{"@type":"SearchAction","target":{"@type":"EntryPoint","urlTemplate":"https:\/\/www.metrica.it\/fr\/?s={search_term_string}"},"query-input":{"@type":"PropertyValueSpecification","valueRequired":true,"valueName":"search_term_string"}}],"inLanguage":"fr-FR"}]}},"meta_box":{"awr_documentation":[],"awr_manuale":[],"awr_scheda_tecnica":"","awr_youtube_video":"","awr_classe_prodotto":"","awr_customize_product":"0","awr_custom_image":false,"awr_related_products":[{"awr_product_name":"Ricambi Rotella Di Ricambio Mod. 102.1 - 12 Pezzi","awr_product_references":"ref:50501|ean:8001066505012|pack:10"},{"awr_product_name":"Tagliavetro Circolare Silberschnitt Con Piastra A Ventosa","awr_product_references":"ref:50509|ean:8001066505098|l:60 cm|pack:10"}],"awr_consumabili":"","awr_alternativi":"","awr_aliases":"50501,50509","awr_skuid":"50509-it"},"_links":{"self":[{"href":"https:\/\/www.metrica.it\/fr\/wp-json\/wp\/v2\/product\/143461","targetHints":{"allow":["GET"]}}],"collection":[{"href":"https:\/\/www.metrica.it\/fr\/wp-json\/wp\/v2\/product"}],"about":[{"href":"https:\/\/www.metrica.it\/fr\/wp-json\/wp\/v2\/types\/product"}],"wp:featuredmedia":[{"embeddable":true,"href":"https:\/\/www.metrica.it\/fr\/wp-json\/wp\/v2\/media\/131354"}],"wp:attachment":[{"href":"https:\/\/www.metrica.it\/fr\/wp-json\/wp\/v2\/media?parent=143461"}],"wp:term":[{"taxonomy":"product_cat","embeddable":true,"href":"https:\/\/www.metrica.it\/fr\/wp-json\/wp\/v2\/product_cat?post=143461"},{"taxonomy":"product_tag","embeddable":true,"href":"https:\/\/www.metrica.it\/fr\/wp-json\/wp\/v2\/product_tag?post=143461"}],"curies":[{"name":"wp","href":"https:\/\/api.w.org\/{rel}","templated":true}]}}