{"id":143501,"date":"2024-09-16T11:38:34","date_gmt":"2024-09-16T09:38:34","guid":{"rendered":"https:\/\/www.metrica.it\/prodotto\/metrica-magneteforte-4\/"},"modified":"2024-09-16T20:29:12","modified_gmt":"2024-09-16T18:29:12","slug":"metrica-magneteforte","status":"publish","type":"product","link":"https:\/\/www.metrica.it\/fr\/produit\/metrica-magneteforte\/","title":{"rendered":"Metrica Magneteforte"},"content":{"rendered":"<ul>\n<li>Syst\u00e8me exclusif aimant\u00e9 pour fixer le ruban \u00e0 une surface m\u00e9tallique (Brevet\u00e9)<\/li>\n<li>Il permet d\u0092effectuer des mesures correctes, sans l\u0092erreur des rubans avec aimant plac\u00e9 sur le crochet mobile<\/li>\n<li>Ruban prot\u00e9g\u00e9 en nylon, anti-abrasion, antiacide, antireflet<\/li>\n<li>Bo\u00eetier chrom\u00e9 avec gaine en caoutchouc<\/li>\n<li>Avec clip<\/li>\n<\/ul>\n","protected":false},"excerpt":{"rendered":"<p>Syst\u00e8me exclusif aimant\u00e9 pour fixer le ruban \u00e0 une surface m\u00e9tallique (Brevet\u00e9)<br \/>Il permet d\u0092effectuer des mesures correctes, sans l\u0092erreur des rubans avec aimant plac\u00e9 sur le crochet mobile<br \/>Ruban prot\u00e9g\u00e9 en nylon, anti-abrasion, antiacide, antireflet <br \/>Bo\u00eetier chrom\u00e9 avec gaine en caoutchouc<br \/>Avec clip<\/p>\n","protected":false},"featured_media":128910,"template":"","meta":[],"product_cat":[49,590],"product_tag":[],"class_list":{"0":"post-143501","1":"product","2":"type-product","3":"status-publish","4":"has-post-thumbnail","6":"product_cat-mesures-de-longueur","7":"product_cat-metres-a-ruban","9":"first","10":"instock","11":"sold-individually","12":"product-type-simple"},"yoast_head":"<title>Metrica Magneteforte | M\u00e8tres \u00e0 Ruban | Mesures de Longueur - Metrica<\/title>\n<meta name=\"description\" content=\"D\u00e9couvrez la collection de produits., Metrica Magneteforte - M\u00e8tres \u00e0 Ruban.,Magnete fisso brevettato a filo della partenza del nastro,Elimina l\u0092errore comune a tutti i flessometri con il magnet . Consultez le catalogue sur le site officiel de Metrica\" \/>\n<meta name=\"robots\" content=\"index, follow, max-snippet:-1, max-image-preview:large, max-video-preview:-1\" \/>\n<link rel=\"canonical\" href=\"https:\/\/www.metrica.it\/fr\/produit\/metrica-magneteforte\/\" \/>\n<meta property=\"og:locale\" content=\"fr_FR\" \/>\n<meta property=\"og:type\" content=\"article\" \/>\n<meta property=\"og:title\" content=\"Metrica Magneteforte | M\u00e8tres \u00e0 Ruban | Mesures de Longueur - Metrica\" \/>\n<meta property=\"og:description\" content=\"D\u00e9couvrez la collection de produits., Metrica Magneteforte - M\u00e8tres \u00e0 Ruban.,Magnete fisso brevettato a filo della partenza del nastro,Elimina l\u0092errore comune a tutti i flessometri con il magnet . Consultez le catalogue sur le site officiel de Metrica\" \/>\n<meta property=\"og:url\" content=\"https:\/\/www.metrica.it\/fr\/produit\/metrica-magneteforte\/\" \/>\n<meta property=\"og:site_name\" content=\"Metrica\" \/>\n<meta property=\"article:modified_time\" content=\"2024-09-16T18:29:12+00:00\" \/>\n<meta property=\"og:image\" content=\"https:\/\/www.metrica.it\/wp-content\/uploads\/2024\/06\/38597.jpg\" \/>\n\t<meta property=\"og:image:width\" content=\"800\" \/>\n\t<meta property=\"og:image:height\" content=\"800\" \/>\n\t<meta property=\"og:image:type\" content=\"image\/jpeg\" \/>\n<meta name=\"twitter:card\" content=\"summary_large_image\" \/>\n<script type=\"application\/ld+json\" class=\"yoast-schema-graph\">{\"@context\":\"https:\\\/\\\/schema.org\",\"@graph\":[{\"@type\":\"WebPage\",\"@id\":\"https:\\\/\\\/www.metrica.it\\\/fr\\\/produit\\\/metrica-magneteforte\\\/\",\"url\":\"https:\\\/\\\/www.metrica.it\\\/fr\\\/produit\\\/metrica-magneteforte\\\/\",\"name\":\"Metrica Magneteforte | M\u00e8tres \u00e0 Ruban | Mesures de Longueur - Metrica\",\"isPartOf\":{\"@id\":\"https:\\\/\\\/www.metrica.it\\\/fr\\\/#website\"},\"primaryImageOfPage\":{\"@id\":\"https:\\\/\\\/www.metrica.it\\\/fr\\\/produit\\\/metrica-magneteforte\\\/#primaryimage\"},\"image\":{\"@id\":\"https:\\\/\\\/www.metrica.it\\\/fr\\\/produit\\\/metrica-magneteforte\\\/#primaryimage\"},\"thumbnailUrl\":\"https:\\\/\\\/www.metrica.it\\\/wp-content\\\/uploads\\\/2024\\\/06\\\/38597.jpg\",\"datePublished\":\"2024-09-16T09:38:34+00:00\",\"dateModified\":\"2024-09-16T18:29:12+00:00\",\"description\":\"D\u00e9couvrez la collection de produits., Metrica Magneteforte - M\u00e8tres \u00e0 Ruban.,Magnete fisso brevettato a filo della partenza del nastro,Elimina l\u0092errore comune a tutti i flessometri con il magnet . Consultez le catalogue sur le site officiel de Metrica\",\"breadcrumb\":{\"@id\":\"https:\\\/\\\/www.metrica.it\\\/fr\\\/produit\\\/metrica-magneteforte\\\/#breadcrumb\"},\"inLanguage\":\"fr-FR\",\"potentialAction\":[{\"@type\":\"ReadAction\",\"target\":[\"https:\\\/\\\/www.metrica.it\\\/fr\\\/produit\\\/metrica-magneteforte\\\/\"]}]},{\"@type\":\"ImageObject\",\"inLanguage\":\"fr-FR\",\"@id\":\"https:\\\/\\\/www.metrica.it\\\/fr\\\/produit\\\/metrica-magneteforte\\\/#primaryimage\",\"url\":\"https:\\\/\\\/www.metrica.it\\\/wp-content\\\/uploads\\\/2024\\\/06\\\/38597.jpg\",\"contentUrl\":\"https:\\\/\\\/www.metrica.it\\\/wp-content\\\/uploads\\\/2024\\\/06\\\/38597.jpg\",\"width\":800,\"height\":800},{\"@type\":\"BreadcrumbList\",\"@id\":\"https:\\\/\\\/www.metrica.it\\\/fr\\\/produit\\\/metrica-magneteforte\\\/#breadcrumb\",\"itemListElement\":[{\"@type\":\"ListItem\",\"position\":1,\"name\":\"Home\",\"item\":\"https:\\\/\\\/www.metrica.it\\\/fr\\\/\"},{\"@type\":\"ListItem\",\"position\":2,\"name\":\"Catalogue\",\"item\":\"https:\\\/\\\/www.metrica.it\\\/fr\\\/catalogue\\\/\"},{\"@type\":\"ListItem\",\"position\":3,\"name\":\"Metrica Magneteforte\"}]},{\"@type\":\"WebSite\",\"@id\":\"https:\\\/\\\/www.metrica.it\\\/fr\\\/#website\",\"url\":\"https:\\\/\\\/www.metrica.it\\\/fr\\\/\",\"name\":\"Metrica\",\"description\":\"Made to measure\",\"potentialAction\":[{\"@type\":\"SearchAction\",\"target\":{\"@type\":\"EntryPoint\",\"urlTemplate\":\"https:\\\/\\\/www.metrica.it\\\/fr\\\/?s={search_term_string}\"},\"query-input\":{\"@type\":\"PropertyValueSpecification\",\"valueRequired\":true,\"valueName\":\"search_term_string\"}}],\"inLanguage\":\"fr-FR\"}]}<\/script>","yoast_head_json":{"title":"Metrica Magneteforte | M\u00e8tres \u00e0 Ruban | Mesures de Longueur - Metrica","description":"D\u00e9couvrez la collection de produits., Metrica Magneteforte - M\u00e8tres \u00e0 Ruban.,Magnete fisso brevettato a filo della partenza del nastro,Elimina l\u0092errore comune a tutti i flessometri con il magnet . Consultez le catalogue sur le site officiel de Metrica","robots":{"index":"index","follow":"follow","max-snippet":"max-snippet:-1","max-image-preview":"max-image-preview:large","max-video-preview":"max-video-preview:-1"},"canonical":"https:\/\/www.metrica.it\/fr\/produit\/metrica-magneteforte\/","og_locale":"fr_FR","og_type":"article","og_title":"Metrica Magneteforte | M\u00e8tres \u00e0 Ruban | Mesures de Longueur - Metrica","og_description":"D\u00e9couvrez la collection de produits., Metrica Magneteforte - M\u00e8tres \u00e0 Ruban.,Magnete fisso brevettato a filo della partenza del nastro,Elimina l\u0092errore comune a tutti i flessometri con il magnet . Consultez le catalogue sur le site officiel de Metrica","og_url":"https:\/\/www.metrica.it\/fr\/produit\/metrica-magneteforte\/","og_site_name":"Metrica","article_modified_time":"2024-09-16T18:29:12+00:00","og_image":[{"width":800,"height":800,"url":"https:\/\/www.metrica.it\/wp-content\/uploads\/2024\/06\/38597.jpg","type":"image\/jpeg"}],"twitter_card":"summary_large_image","schema":{"@context":"https:\/\/schema.org","@graph":[{"@type":"WebPage","@id":"https:\/\/www.metrica.it\/fr\/produit\/metrica-magneteforte\/","url":"https:\/\/www.metrica.it\/fr\/produit\/metrica-magneteforte\/","name":"Metrica Magneteforte | M\u00e8tres \u00e0 Ruban | Mesures de Longueur - Metrica","isPartOf":{"@id":"https:\/\/www.metrica.it\/fr\/#website"},"primaryImageOfPage":{"@id":"https:\/\/www.metrica.it\/fr\/produit\/metrica-magneteforte\/#primaryimage"},"image":{"@id":"https:\/\/www.metrica.it\/fr\/produit\/metrica-magneteforte\/#primaryimage"},"thumbnailUrl":"https:\/\/www.metrica.it\/wp-content\/uploads\/2024\/06\/38597.jpg","datePublished":"2024-09-16T09:38:34+00:00","dateModified":"2024-09-16T18:29:12+00:00","description":"D\u00e9couvrez la collection de produits., Metrica Magneteforte - M\u00e8tres \u00e0 Ruban.,Magnete fisso brevettato a filo della partenza del nastro,Elimina l\u0092errore comune a tutti i flessometri con il magnet . Consultez le catalogue sur le site officiel de Metrica","breadcrumb":{"@id":"https:\/\/www.metrica.it\/fr\/produit\/metrica-magneteforte\/#breadcrumb"},"inLanguage":"fr-FR","potentialAction":[{"@type":"ReadAction","target":["https:\/\/www.metrica.it\/fr\/produit\/metrica-magneteforte\/"]}]},{"@type":"ImageObject","inLanguage":"fr-FR","@id":"https:\/\/www.metrica.it\/fr\/produit\/metrica-magneteforte\/#primaryimage","url":"https:\/\/www.metrica.it\/wp-content\/uploads\/2024\/06\/38597.jpg","contentUrl":"https:\/\/www.metrica.it\/wp-content\/uploads\/2024\/06\/38597.jpg","width":800,"height":800},{"@type":"BreadcrumbList","@id":"https:\/\/www.metrica.it\/fr\/produit\/metrica-magneteforte\/#breadcrumb","itemListElement":[{"@type":"ListItem","position":1,"name":"Home","item":"https:\/\/www.metrica.it\/fr\/"},{"@type":"ListItem","position":2,"name":"Catalogue","item":"https:\/\/www.metrica.it\/fr\/catalogue\/"},{"@type":"ListItem","position":3,"name":"Metrica Magneteforte"}]},{"@type":"WebSite","@id":"https:\/\/www.metrica.it\/fr\/#website","url":"https:\/\/www.metrica.it\/fr\/","name":"Metrica","description":"Made to measure","potentialAction":[{"@type":"SearchAction","target":{"@type":"EntryPoint","urlTemplate":"https:\/\/www.metrica.it\/fr\/?s={search_term_string}"},"query-input":{"@type":"PropertyValueSpecification","valueRequired":true,"valueName":"search_term_string"}}],"inLanguage":"fr-FR"}]}},"meta_box":{"awr_documentation":[],"awr_manuale":[],"awr_scheda_tecnica":"<table>\n<tbody>\n<tr>\n<td><strong>Port\u00e9e*<\/strong><\/td>\n<td>15 m<\/td>\n<\/tr>\n<tr>\n<td><strong>Pr\u00e9cision<\/strong><\/td>\n<td>\u00b1 3 mm<\/td>\n<\/tr>\n<tr>\n<td><strong>Type de laser<\/strong><\/td>\n<td>620-690 nm <\/td>\n<\/tr>\n<tr>\n<td><strong>Classe laser<\/strong><\/td>\n<td>classe II<\/td>\n<\/tr>\n<tr>\n<td><strong>Impermeabilit\u00e0<\/strong><\/td>\n<td>IP 54<\/td>\n<\/tr>\n<tr>\n<td><strong>Temp\u00e9rature de fonctionnement<\/strong><\/td>\n<td>0\u00b0 C \/ 40\u00b0 C<\/td>\n<\/tr>\n<tr>\n<td><strong>Piles<\/strong><\/td>\n<td>LI-ION<\/td>\n<\/tr>\n<tr>\n<td><strong>Dimensions (cm)<\/strong><\/td>\n<td>76 x 39 x 145<\/td>\n<\/tr>\n<tr>\n<td><strong>Peso (senza batterie)<\/strong><\/td>\n<td>35 g<\/td>\n<\/tr>\n<tr>\n<td><strong>C\u00e2ble de\u00a0recharge<\/strong><\/td>\n<td>si<\/td>\n<\/tr>\n<tr>\n<td><strong>* secondo luminosit\u00e0 ambientale<\/strong><\/td>\n<\/tr>\n<\/tbody>\n<\/table>\n","awr_youtube_video":"https:\/\/www.youtube.com\/embed\/RkyMfKMzO6Q","awr_classe_prodotto":"CE_2","awr_customize_product":"0","awr_custom_image":false,"awr_related_products":[{"awr_product_name":"Metrica Magneteforte","awr_product_references":"ref:08597|ean:8001066085972|l:5 m|larghezza:25 mm|unit_misura:mm|b_mm:70|num_pz_gdo:6"},{"awr_product_name":"Metrica Magneteforte","awr_product_references":"ref:38597|ean:8001066385973|l:5 m|larghezza:25 mm|unit_misura:mm|b_mm:70|pack:6"}],"awr_consumabili":"","awr_alternativi":"","awr_aliases":"08597,38597","awr_skuid":"38597-it"},"_links":{"self":[{"href":"https:\/\/www.metrica.it\/fr\/wp-json\/wp\/v2\/product\/143501","targetHints":{"allow":["GET"]}}],"collection":[{"href":"https:\/\/www.metrica.it\/fr\/wp-json\/wp\/v2\/product"}],"about":[{"href":"https:\/\/www.metrica.it\/fr\/wp-json\/wp\/v2\/types\/product"}],"wp:featuredmedia":[{"embeddable":true,"href":"https:\/\/www.metrica.it\/fr\/wp-json\/wp\/v2\/media\/128910"}],"wp:attachment":[{"href":"https:\/\/www.metrica.it\/fr\/wp-json\/wp\/v2\/media?parent=143501"}],"wp:term":[{"taxonomy":"product_cat","embeddable":true,"href":"https:\/\/www.metrica.it\/fr\/wp-json\/wp\/v2\/product_cat?post=143501"},{"taxonomy":"product_tag","embeddable":true,"href":"https:\/\/www.metrica.it\/fr\/wp-json\/wp\/v2\/product_tag?post=143501"}],"curies":[{"name":"wp","href":"https:\/\/api.w.org\/{rel}","templated":true}]}}