{"id":143546,"date":"2024-09-16T12:18:18","date_gmt":"2024-09-16T10:18:18","guid":{"rendered":"https:\/\/www.metrica.it\/prodotto\/dura-ink-15-4\/"},"modified":"2024-09-16T21:07:27","modified_gmt":"2024-09-16T19:07:27","slug":"dura-ink-15","status":"publish","type":"product","link":"https:\/\/www.metrica.it\/fr\/produit\/dura-ink-15\/","title":{"rendered":"Dura-ink\u00ae(*) 15"},"content":{"rendered":"<ul>\n<li>Encre industrielle \u00e0 s\u00e9chage rapide, r\u00e9sistant \u00e0 l\u2019eau et \u00e0 l\u2019usure<\/li>\n<li>R\u00e9servoir solide en plastique avec capuchon et clip<\/li>\n<li>Pointe ultradure qui ne bave pas<\/li>\n<li>Traits 1,5 mm<\/li>\n<li>Paquet de 12 pi\u00e8ces<\/li>\n<li>* marque d\u00e9pos\u00e9e par son propri\u00e9taire<\/li>\n<\/ul>\n","protected":false},"excerpt":{"rendered":"<ul>\n<li>Encre industrielle \u00e0 s\u00e9chage rapide, r\u00e9sistant \u00e0 l\u2019eau et \u00e0 l\u2019usure<\/li>\n<li>R\u00e9servoir solide en plastique avec capuchon et clip<\/li>\n<li>Pointe ultradure qui ne bave pas<\/li>\n<li>Traits 1,5 mm<\/li>\n<li>Paquet de 12 pi\u00e8ces<\/li>\n<li>* marque d\u00e9pos\u00e9e par son propri\u00e9taire<\/li>\n<\/ul>\n","protected":false},"featured_media":124650,"template":"","meta":[],"product_cat":[717,701],"product_tag":[],"class_list":{"0":"post-143546","1":"product","2":"type-product","3":"status-publish","4":"has-post-thumbnail","6":"product_cat-marqueurs-de-pulverisation-et-marqueurs","7":"product_cat-tracage-et-marquage","9":"first","10":"instock","11":"sold-individually","12":"product-type-simple"},"yoast_head":"<title>DURA-INK\u00ae(*) 15 | Marqueurs de Pulv\u00e9risation et Marqueurs | Tra\u00e7age et Marquage - Metrica<\/title>\n<meta name=\"description\" content=\"D\u00e9couvrez la collection de produits., DURA-INK\u00ae(*) 15 - Marqueurs de Pulv\u00e9risation et Marqueurs.Inchiostro industriale ad asciugatura rapida, resistente all&rsquo;acqua e ai graffi,Solido serbato . Consultez le catalogue sur le site officiel de Metrica\" \/>\n<meta name=\"robots\" content=\"index, follow, max-snippet:-1, max-image-preview:large, max-video-preview:-1\" \/>\n<link rel=\"canonical\" href=\"https:\/\/www.metrica.it\/fr\/produit\/dura-ink-15\/\" \/>\n<meta property=\"og:locale\" content=\"fr_FR\" \/>\n<meta property=\"og:type\" content=\"article\" \/>\n<meta property=\"og:title\" content=\"DURA-INK\u00ae(*) 15 | Marqueurs de Pulv\u00e9risation et Marqueurs | Tra\u00e7age et Marquage - Metrica\" \/>\n<meta property=\"og:description\" content=\"D\u00e9couvrez la collection de produits., DURA-INK\u00ae(*) 15 - Marqueurs de Pulv\u00e9risation et Marqueurs.Inchiostro industriale ad asciugatura rapida, resistente all&rsquo;acqua e ai graffi,Solido serbato . Consultez le catalogue sur le site officiel de Metrica\" \/>\n<meta property=\"og:url\" content=\"https:\/\/www.metrica.it\/fr\/produit\/dura-ink-15\/\" \/>\n<meta property=\"og:site_name\" content=\"Metrica\" \/>\n<meta property=\"article:modified_time\" content=\"2024-09-16T19:07:27+00:00\" \/>\n<meta property=\"og:image\" content=\"https:\/\/www.metrica.it\/wp-content\/uploads\/2024\/05\/50100m.jpg\" \/>\n\t<meta property=\"og:image:width\" content=\"800\" \/>\n\t<meta property=\"og:image:height\" content=\"800\" \/>\n\t<meta property=\"og:image:type\" content=\"image\/jpeg\" \/>\n<meta name=\"twitter:card\" content=\"summary_large_image\" \/>\n<script type=\"application\/ld+json\" class=\"yoast-schema-graph\">{\"@context\":\"https:\\\/\\\/schema.org\",\"@graph\":[{\"@type\":\"WebPage\",\"@id\":\"https:\\\/\\\/www.metrica.it\\\/fr\\\/produit\\\/dura-ink-15\\\/\",\"url\":\"https:\\\/\\\/www.metrica.it\\\/fr\\\/produit\\\/dura-ink-15\\\/\",\"name\":\"DURA-INK\u00ae(*) 15 | Marqueurs de Pulv\u00e9risation et Marqueurs | Tra\u00e7age et Marquage - Metrica\",\"isPartOf\":{\"@id\":\"https:\\\/\\\/www.metrica.it\\\/fr\\\/#website\"},\"primaryImageOfPage\":{\"@id\":\"https:\\\/\\\/www.metrica.it\\\/fr\\\/produit\\\/dura-ink-15\\\/#primaryimage\"},\"image\":{\"@id\":\"https:\\\/\\\/www.metrica.it\\\/fr\\\/produit\\\/dura-ink-15\\\/#primaryimage\"},\"thumbnailUrl\":\"https:\\\/\\\/www.metrica.it\\\/wp-content\\\/uploads\\\/2024\\\/05\\\/50100m.jpg\",\"datePublished\":\"2024-09-16T10:18:18+00:00\",\"dateModified\":\"2024-09-16T19:07:27+00:00\",\"description\":\"D\u00e9couvrez la collection de produits., DURA-INK\u00ae(*) 15 - Marqueurs de Pulv\u00e9risation et Marqueurs.Inchiostro industriale ad asciugatura rapida, resistente all&rsquo;acqua e ai graffi,Solido serbato . Consultez le catalogue sur le site officiel de Metrica\",\"breadcrumb\":{\"@id\":\"https:\\\/\\\/www.metrica.it\\\/fr\\\/produit\\\/dura-ink-15\\\/#breadcrumb\"},\"inLanguage\":\"fr-FR\",\"potentialAction\":[{\"@type\":\"ReadAction\",\"target\":[\"https:\\\/\\\/www.metrica.it\\\/fr\\\/produit\\\/dura-ink-15\\\/\"]}]},{\"@type\":\"ImageObject\",\"inLanguage\":\"fr-FR\",\"@id\":\"https:\\\/\\\/www.metrica.it\\\/fr\\\/produit\\\/dura-ink-15\\\/#primaryimage\",\"url\":\"https:\\\/\\\/www.metrica.it\\\/wp-content\\\/uploads\\\/2024\\\/05\\\/50100m.jpg\",\"contentUrl\":\"https:\\\/\\\/www.metrica.it\\\/wp-content\\\/uploads\\\/2024\\\/05\\\/50100m.jpg\",\"width\":800,\"height\":800},{\"@type\":\"BreadcrumbList\",\"@id\":\"https:\\\/\\\/www.metrica.it\\\/fr\\\/produit\\\/dura-ink-15\\\/#breadcrumb\",\"itemListElement\":[{\"@type\":\"ListItem\",\"position\":1,\"name\":\"Home\",\"item\":\"https:\\\/\\\/www.metrica.it\\\/fr\\\/\"},{\"@type\":\"ListItem\",\"position\":2,\"name\":\"Catalogue\",\"item\":\"https:\\\/\\\/www.metrica.it\\\/fr\\\/catalogue\\\/\"},{\"@type\":\"ListItem\",\"position\":3,\"name\":\"Dura-ink\u00ae(*) 15\"}]},{\"@type\":\"WebSite\",\"@id\":\"https:\\\/\\\/www.metrica.it\\\/fr\\\/#website\",\"url\":\"https:\\\/\\\/www.metrica.it\\\/fr\\\/\",\"name\":\"Metrica\",\"description\":\"Made to measure\",\"potentialAction\":[{\"@type\":\"SearchAction\",\"target\":{\"@type\":\"EntryPoint\",\"urlTemplate\":\"https:\\\/\\\/www.metrica.it\\\/fr\\\/?s={search_term_string}\"},\"query-input\":{\"@type\":\"PropertyValueSpecification\",\"valueRequired\":true,\"valueName\":\"search_term_string\"}}],\"inLanguage\":\"fr-FR\"}]}<\/script>","yoast_head_json":{"title":"DURA-INK\u00ae(*) 15 | Marqueurs de Pulv\u00e9risation et Marqueurs | Tra\u00e7age et Marquage - Metrica","description":"D\u00e9couvrez la collection de produits., DURA-INK\u00ae(*) 15 - Marqueurs de Pulv\u00e9risation et Marqueurs.Inchiostro industriale ad asciugatura rapida, resistente all&rsquo;acqua e ai graffi,Solido serbato . Consultez le catalogue sur le site officiel de Metrica","robots":{"index":"index","follow":"follow","max-snippet":"max-snippet:-1","max-image-preview":"max-image-preview:large","max-video-preview":"max-video-preview:-1"},"canonical":"https:\/\/www.metrica.it\/fr\/produit\/dura-ink-15\/","og_locale":"fr_FR","og_type":"article","og_title":"DURA-INK\u00ae(*) 15 | Marqueurs de Pulv\u00e9risation et Marqueurs | Tra\u00e7age et Marquage - Metrica","og_description":"D\u00e9couvrez la collection de produits., DURA-INK\u00ae(*) 15 - Marqueurs de Pulv\u00e9risation et Marqueurs.Inchiostro industriale ad asciugatura rapida, resistente all&rsquo;acqua e ai graffi,Solido serbato . Consultez le catalogue sur le site officiel de Metrica","og_url":"https:\/\/www.metrica.it\/fr\/produit\/dura-ink-15\/","og_site_name":"Metrica","article_modified_time":"2024-09-16T19:07:27+00:00","og_image":[{"width":800,"height":800,"url":"https:\/\/www.metrica.it\/wp-content\/uploads\/2024\/05\/50100m.jpg","type":"image\/jpeg"}],"twitter_card":"summary_large_image","schema":{"@context":"https:\/\/schema.org","@graph":[{"@type":"WebPage","@id":"https:\/\/www.metrica.it\/fr\/produit\/dura-ink-15\/","url":"https:\/\/www.metrica.it\/fr\/produit\/dura-ink-15\/","name":"DURA-INK\u00ae(*) 15 | Marqueurs de Pulv\u00e9risation et Marqueurs | Tra\u00e7age et Marquage - Metrica","isPartOf":{"@id":"https:\/\/www.metrica.it\/fr\/#website"},"primaryImageOfPage":{"@id":"https:\/\/www.metrica.it\/fr\/produit\/dura-ink-15\/#primaryimage"},"image":{"@id":"https:\/\/www.metrica.it\/fr\/produit\/dura-ink-15\/#primaryimage"},"thumbnailUrl":"https:\/\/www.metrica.it\/wp-content\/uploads\/2024\/05\/50100m.jpg","datePublished":"2024-09-16T10:18:18+00:00","dateModified":"2024-09-16T19:07:27+00:00","description":"D\u00e9couvrez la collection de produits., DURA-INK\u00ae(*) 15 - Marqueurs de Pulv\u00e9risation et Marqueurs.Inchiostro industriale ad asciugatura rapida, resistente all&rsquo;acqua e ai graffi,Solido serbato . Consultez le catalogue sur le site officiel de Metrica","breadcrumb":{"@id":"https:\/\/www.metrica.it\/fr\/produit\/dura-ink-15\/#breadcrumb"},"inLanguage":"fr-FR","potentialAction":[{"@type":"ReadAction","target":["https:\/\/www.metrica.it\/fr\/produit\/dura-ink-15\/"]}]},{"@type":"ImageObject","inLanguage":"fr-FR","@id":"https:\/\/www.metrica.it\/fr\/produit\/dura-ink-15\/#primaryimage","url":"https:\/\/www.metrica.it\/wp-content\/uploads\/2024\/05\/50100m.jpg","contentUrl":"https:\/\/www.metrica.it\/wp-content\/uploads\/2024\/05\/50100m.jpg","width":800,"height":800},{"@type":"BreadcrumbList","@id":"https:\/\/www.metrica.it\/fr\/produit\/dura-ink-15\/#breadcrumb","itemListElement":[{"@type":"ListItem","position":1,"name":"Home","item":"https:\/\/www.metrica.it\/fr\/"},{"@type":"ListItem","position":2,"name":"Catalogue","item":"https:\/\/www.metrica.it\/fr\/catalogue\/"},{"@type":"ListItem","position":3,"name":"Dura-ink\u00ae(*) 15"}]},{"@type":"WebSite","@id":"https:\/\/www.metrica.it\/fr\/#website","url":"https:\/\/www.metrica.it\/fr\/","name":"Metrica","description":"Made to measure","potentialAction":[{"@type":"SearchAction","target":{"@type":"EntryPoint","urlTemplate":"https:\/\/www.metrica.it\/fr\/?s={search_term_string}"},"query-input":{"@type":"PropertyValueSpecification","valueRequired":true,"valueName":"search_term_string"}}],"inLanguage":"fr-FR"}]}},"meta_box":{"awr_documentation":[],"awr_manuale":[],"awr_scheda_tecnica":"","awr_youtube_video":"","awr_classe_prodotto":"","awr_customize_product":"0","awr_custom_image":false,"awr_related_products":[{"awr_product_name":"Dura-ink\u00ae(*) 15","awr_product_references":"ref:50100m|ean:8001066501007|colore_nero:12|colore_blu:-|colore_rosso:-|pack:1"},{"awr_product_name":"Dura-ink\u00ae(*) 15","awr_product_references":"ref:50101m|ean:8001066501014|colore_nero:-|colore_blu:12|colore_rosso:-|pack:1"},{"awr_product_name":"Dura-ink\u00ae(*) 15","awr_product_references":"ref:50102m|ean:8001066501021|colore_nero:-|colore_blu:-|colore_rosso:12|pack:1"}],"awr_consumabili":"","awr_alternativi":"","awr_aliases":"50100m,50101m,50102m","awr_skuid":"50100M-it"},"_links":{"self":[{"href":"https:\/\/www.metrica.it\/fr\/wp-json\/wp\/v2\/product\/143546","targetHints":{"allow":["GET"]}}],"collection":[{"href":"https:\/\/www.metrica.it\/fr\/wp-json\/wp\/v2\/product"}],"about":[{"href":"https:\/\/www.metrica.it\/fr\/wp-json\/wp\/v2\/types\/product"}],"wp:featuredmedia":[{"embeddable":true,"href":"https:\/\/www.metrica.it\/fr\/wp-json\/wp\/v2\/media\/124650"}],"wp:attachment":[{"href":"https:\/\/www.metrica.it\/fr\/wp-json\/wp\/v2\/media?parent=143546"}],"wp:term":[{"taxonomy":"product_cat","embeddable":true,"href":"https:\/\/www.metrica.it\/fr\/wp-json\/wp\/v2\/product_cat?post=143546"},{"taxonomy":"product_tag","embeddable":true,"href":"https:\/\/www.metrica.it\/fr\/wp-json\/wp\/v2\/product_tag?post=143546"}],"curies":[{"name":"wp","href":"https:\/\/api.w.org\/{rel}","templated":true}]}}