{"id":143586,"date":"2024-09-16T11:30:59","date_gmt":"2024-09-16T09:30:59","guid":{"rendered":"https:\/\/www.metrica.it\/prodotto\/trusquin-avec-comparateur\/"},"modified":"2024-09-16T20:23:57","modified_gmt":"2024-09-16T18:23:57","slug":"trusquin-avec-comparateur","status":"publish","type":"product","link":"https:\/\/www.metrica.it\/fr\/produit\/trusquin-avec-comparateur\/","title":{"rendered":"Trusquin Avec Comparateur"},"content":{"rendered":"<ul>\n<li>Trusquin avec comparateur<\/li>\n<li>2 colonnes \u00e0 coulisse<\/li>\n<li>Mouvement \u00e0 cr\u00e9maill\u00e8re<\/li>\n<li>Double compteur \u00e0 mm (ascendant &#8211; descendent)<\/li>\n<li>Lecture sur compteur: 1 mm<\/li>\n<li>Lecture sur comparateur: 0,01 mm<\/li>\n<li>Pointe \u00e0 tracer en carbure<\/li>\n<li>Coffret en bois<\/li>\n<\/ul>\n","protected":false},"excerpt":{"rendered":"<p>Trusquin avec comparateur<br \/>2 colonnes \u00e0 coulisse<br \/>Mouvement \u00e0 cr\u00e9maill\u00e8re<br \/>Double compteur \u00e0 mm (ascendant &#8211; descendent)<br \/>Lecture sur compteur: 1 mm<br \/>Lecture sur comparateur: 0,01 mm<br \/>Pointe \u00e0 tracer en carbure<br \/>Coffret en bois<\/p>\n","protected":false},"featured_media":120164,"template":"","meta":[],"product_cat":[701,737],"product_tag":[],"class_list":{"0":"post-143586","1":"product","2":"type-product","3":"status-publish","4":"has-post-thumbnail","6":"product_cat-tracage-et-marquage","7":"product_cat-trusquins","9":"first","10":"instock","11":"sold-individually","12":"product-type-simple"},"yoast_head":"<title>Truschino Con Comparatore | Trusquins | Tra\u00e7age et Marquage - Metrica<\/title>\n<meta name=\"description\" content=\"D\u00e9couvrez la collection de produits., Truschino Con Comparatore - Trusquins.Truschino con comparatore,2 colonne di scorrimento,Movimento a cremagliera azionato da volantino . Consultez le catalogue sur le site officiel de Metrica\" \/>\n<meta name=\"robots\" content=\"index, follow, max-snippet:-1, max-image-preview:large, max-video-preview:-1\" \/>\n<link rel=\"canonical\" href=\"https:\/\/www.metrica.it\/fr\/produit\/trusquin-avec-comparateur\/\" \/>\n<meta property=\"og:locale\" content=\"fr_FR\" \/>\n<meta property=\"og:type\" content=\"article\" \/>\n<meta property=\"og:title\" content=\"Truschino Con Comparatore | Trusquins | Tra\u00e7age et Marquage - Metrica\" \/>\n<meta property=\"og:description\" content=\"D\u00e9couvrez la collection de produits., Truschino Con Comparatore - Trusquins.Truschino con comparatore,2 colonne di scorrimento,Movimento a cremagliera azionato da volantino . Consultez le catalogue sur le site officiel de Metrica\" \/>\n<meta property=\"og:url\" content=\"https:\/\/www.metrica.it\/fr\/produit\/trusquin-avec-comparateur\/\" \/>\n<meta property=\"og:site_name\" content=\"Metrica\" \/>\n<meta property=\"article:modified_time\" content=\"2024-09-16T18:23:57+00:00\" \/>\n<meta property=\"og:image\" content=\"https:\/\/www.metrica.it\/wp-content\/uploads\/2024\/05\/45060.jpg\" \/>\n\t<meta property=\"og:image:width\" content=\"800\" \/>\n\t<meta property=\"og:image:height\" content=\"800\" \/>\n\t<meta property=\"og:image:type\" content=\"image\/jpeg\" \/>\n<meta name=\"twitter:card\" content=\"summary_large_image\" \/>\n<script type=\"application\/ld+json\" class=\"yoast-schema-graph\">{\"@context\":\"https:\\\/\\\/schema.org\",\"@graph\":[{\"@type\":\"WebPage\",\"@id\":\"https:\\\/\\\/www.metrica.it\\\/fr\\\/produit\\\/trusquin-avec-comparateur\\\/\",\"url\":\"https:\\\/\\\/www.metrica.it\\\/fr\\\/produit\\\/trusquin-avec-comparateur\\\/\",\"name\":\"Truschino Con Comparatore | Trusquins | Tra\u00e7age et Marquage - Metrica\",\"isPartOf\":{\"@id\":\"https:\\\/\\\/www.metrica.it\\\/fr\\\/#website\"},\"primaryImageOfPage\":{\"@id\":\"https:\\\/\\\/www.metrica.it\\\/fr\\\/produit\\\/trusquin-avec-comparateur\\\/#primaryimage\"},\"image\":{\"@id\":\"https:\\\/\\\/www.metrica.it\\\/fr\\\/produit\\\/trusquin-avec-comparateur\\\/#primaryimage\"},\"thumbnailUrl\":\"https:\\\/\\\/www.metrica.it\\\/wp-content\\\/uploads\\\/2024\\\/05\\\/45060.jpg\",\"datePublished\":\"2024-09-16T09:30:59+00:00\",\"dateModified\":\"2024-09-16T18:23:57+00:00\",\"description\":\"D\u00e9couvrez la collection de produits., Truschino Con Comparatore - Trusquins.Truschino con comparatore,2 colonne di scorrimento,Movimento a cremagliera azionato da volantino . Consultez le catalogue sur le site officiel de Metrica\",\"breadcrumb\":{\"@id\":\"https:\\\/\\\/www.metrica.it\\\/fr\\\/produit\\\/trusquin-avec-comparateur\\\/#breadcrumb\"},\"inLanguage\":\"fr-FR\",\"potentialAction\":[{\"@type\":\"ReadAction\",\"target\":[\"https:\\\/\\\/www.metrica.it\\\/fr\\\/produit\\\/trusquin-avec-comparateur\\\/\"]}]},{\"@type\":\"ImageObject\",\"inLanguage\":\"fr-FR\",\"@id\":\"https:\\\/\\\/www.metrica.it\\\/fr\\\/produit\\\/trusquin-avec-comparateur\\\/#primaryimage\",\"url\":\"https:\\\/\\\/www.metrica.it\\\/wp-content\\\/uploads\\\/2024\\\/05\\\/45060.jpg\",\"contentUrl\":\"https:\\\/\\\/www.metrica.it\\\/wp-content\\\/uploads\\\/2024\\\/05\\\/45060.jpg\",\"width\":800,\"height\":800},{\"@type\":\"BreadcrumbList\",\"@id\":\"https:\\\/\\\/www.metrica.it\\\/fr\\\/produit\\\/trusquin-avec-comparateur\\\/#breadcrumb\",\"itemListElement\":[{\"@type\":\"ListItem\",\"position\":1,\"name\":\"Home\",\"item\":\"https:\\\/\\\/www.metrica.it\\\/fr\\\/\"},{\"@type\":\"ListItem\",\"position\":2,\"name\":\"Catalogue\",\"item\":\"https:\\\/\\\/www.metrica.it\\\/fr\\\/catalogue\\\/\"},{\"@type\":\"ListItem\",\"position\":3,\"name\":\"Trusquin Avec Comparateur\"}]},{\"@type\":\"WebSite\",\"@id\":\"https:\\\/\\\/www.metrica.it\\\/fr\\\/#website\",\"url\":\"https:\\\/\\\/www.metrica.it\\\/fr\\\/\",\"name\":\"Metrica\",\"description\":\"Made to measure\",\"potentialAction\":[{\"@type\":\"SearchAction\",\"target\":{\"@type\":\"EntryPoint\",\"urlTemplate\":\"https:\\\/\\\/www.metrica.it\\\/fr\\\/?s={search_term_string}\"},\"query-input\":{\"@type\":\"PropertyValueSpecification\",\"valueRequired\":true,\"valueName\":\"search_term_string\"}}],\"inLanguage\":\"fr-FR\"}]}<\/script>","yoast_head_json":{"title":"Truschino Con Comparatore | Trusquins | Tra\u00e7age et Marquage - Metrica","description":"D\u00e9couvrez la collection de produits., Truschino Con Comparatore - Trusquins.Truschino con comparatore,2 colonne di scorrimento,Movimento a cremagliera azionato da volantino . Consultez le catalogue sur le site officiel de Metrica","robots":{"index":"index","follow":"follow","max-snippet":"max-snippet:-1","max-image-preview":"max-image-preview:large","max-video-preview":"max-video-preview:-1"},"canonical":"https:\/\/www.metrica.it\/fr\/produit\/trusquin-avec-comparateur\/","og_locale":"fr_FR","og_type":"article","og_title":"Truschino Con Comparatore | Trusquins | Tra\u00e7age et Marquage - Metrica","og_description":"D\u00e9couvrez la collection de produits., Truschino Con Comparatore - Trusquins.Truschino con comparatore,2 colonne di scorrimento,Movimento a cremagliera azionato da volantino . Consultez le catalogue sur le site officiel de Metrica","og_url":"https:\/\/www.metrica.it\/fr\/produit\/trusquin-avec-comparateur\/","og_site_name":"Metrica","article_modified_time":"2024-09-16T18:23:57+00:00","og_image":[{"width":800,"height":800,"url":"https:\/\/www.metrica.it\/wp-content\/uploads\/2024\/05\/45060.jpg","type":"image\/jpeg"}],"twitter_card":"summary_large_image","schema":{"@context":"https:\/\/schema.org","@graph":[{"@type":"WebPage","@id":"https:\/\/www.metrica.it\/fr\/produit\/trusquin-avec-comparateur\/","url":"https:\/\/www.metrica.it\/fr\/produit\/trusquin-avec-comparateur\/","name":"Truschino Con Comparatore | Trusquins | Tra\u00e7age et Marquage - Metrica","isPartOf":{"@id":"https:\/\/www.metrica.it\/fr\/#website"},"primaryImageOfPage":{"@id":"https:\/\/www.metrica.it\/fr\/produit\/trusquin-avec-comparateur\/#primaryimage"},"image":{"@id":"https:\/\/www.metrica.it\/fr\/produit\/trusquin-avec-comparateur\/#primaryimage"},"thumbnailUrl":"https:\/\/www.metrica.it\/wp-content\/uploads\/2024\/05\/45060.jpg","datePublished":"2024-09-16T09:30:59+00:00","dateModified":"2024-09-16T18:23:57+00:00","description":"D\u00e9couvrez la collection de produits., Truschino Con Comparatore - Trusquins.Truschino con comparatore,2 colonne di scorrimento,Movimento a cremagliera azionato da volantino . Consultez le catalogue sur le site officiel de Metrica","breadcrumb":{"@id":"https:\/\/www.metrica.it\/fr\/produit\/trusquin-avec-comparateur\/#breadcrumb"},"inLanguage":"fr-FR","potentialAction":[{"@type":"ReadAction","target":["https:\/\/www.metrica.it\/fr\/produit\/trusquin-avec-comparateur\/"]}]},{"@type":"ImageObject","inLanguage":"fr-FR","@id":"https:\/\/www.metrica.it\/fr\/produit\/trusquin-avec-comparateur\/#primaryimage","url":"https:\/\/www.metrica.it\/wp-content\/uploads\/2024\/05\/45060.jpg","contentUrl":"https:\/\/www.metrica.it\/wp-content\/uploads\/2024\/05\/45060.jpg","width":800,"height":800},{"@type":"BreadcrumbList","@id":"https:\/\/www.metrica.it\/fr\/produit\/trusquin-avec-comparateur\/#breadcrumb","itemListElement":[{"@type":"ListItem","position":1,"name":"Home","item":"https:\/\/www.metrica.it\/fr\/"},{"@type":"ListItem","position":2,"name":"Catalogue","item":"https:\/\/www.metrica.it\/fr\/catalogue\/"},{"@type":"ListItem","position":3,"name":"Trusquin Avec Comparateur"}]},{"@type":"WebSite","@id":"https:\/\/www.metrica.it\/fr\/#website","url":"https:\/\/www.metrica.it\/fr\/","name":"Metrica","description":"Made to measure","potentialAction":[{"@type":"SearchAction","target":{"@type":"EntryPoint","urlTemplate":"https:\/\/www.metrica.it\/fr\/?s={search_term_string}"},"query-input":{"@type":"PropertyValueSpecification","valueRequired":true,"valueName":"search_term_string"}}],"inLanguage":"fr-FR"}]}},"meta_box":{"awr_documentation":[],"awr_manuale":[],"awr_scheda_tecnica":"","awr_youtube_video":"","awr_classe_prodotto":"","awr_customize_product":"0","awr_custom_image":false,"awr_related_products":[{"awr_product_name":"Truschino Con Comparatore","awr_product_references":"ref:45060|ean:8001066450602|a_mm:0 - 300|unit_misura_mm:0.01|pack:1"},{"awr_product_name":"Truschino Con Comparatore","awr_product_references":"ref:45061|ean:8001066450619|a_mm:0 - 600|unit_misura_mm:0.01|pack:1"}],"awr_consumabili":"","awr_alternativi":"","awr_aliases":"45060,45061","awr_skuid":"45060-it"},"_links":{"self":[{"href":"https:\/\/www.metrica.it\/fr\/wp-json\/wp\/v2\/product\/143586","targetHints":{"allow":["GET"]}}],"collection":[{"href":"https:\/\/www.metrica.it\/fr\/wp-json\/wp\/v2\/product"}],"about":[{"href":"https:\/\/www.metrica.it\/fr\/wp-json\/wp\/v2\/types\/product"}],"wp:featuredmedia":[{"embeddable":true,"href":"https:\/\/www.metrica.it\/fr\/wp-json\/wp\/v2\/media\/120164"}],"wp:attachment":[{"href":"https:\/\/www.metrica.it\/fr\/wp-json\/wp\/v2\/media?parent=143586"}],"wp:term":[{"taxonomy":"product_cat","embeddable":true,"href":"https:\/\/www.metrica.it\/fr\/wp-json\/wp\/v2\/product_cat?post=143586"},{"taxonomy":"product_tag","embeddable":true,"href":"https:\/\/www.metrica.it\/fr\/wp-json\/wp\/v2\/product_tag?post=143586"}],"curies":[{"name":"wp","href":"https:\/\/api.w.org\/{rel}","templated":true}]}}