{"id":143591,"date":"2024-09-16T11:59:37","date_gmt":"2024-09-16T09:59:37","guid":{"rendered":"https:\/\/www.metrica.it\/prodotto\/micrometre-pour-tubes\/"},"modified":"2024-09-16T20:46:44","modified_gmt":"2024-09-16T18:46:44","slug":"micrometre-pour-tubes","status":"publish","type":"product","link":"https:\/\/www.metrica.it\/fr\/produit\/micrometre-pour-tubes\/","title":{"rendered":"Microm\u00e8tre Pour Tubes"},"content":{"rendered":"<ul>\n<li>Lecture 0,01 mm<\/li>\n<li>Anneau de verrouillage<\/li>\n<li>\u00c9tui en ABS<\/li>\n<\/ul>\n","protected":false},"excerpt":{"rendered":"<p>Lecture 0,01 mm<br \/>Anneau de verrouillage<br \/>\u00c9tui en ABS<\/p>\n","protected":false},"featured_media":134246,"template":"","meta":[],"product_cat":[641,661],"product_tag":[],"class_list":{"0":"post-143591","1":"product","2":"type-product","3":"status-publish","4":"has-post-thumbnail","6":"product_cat-mesures-mecaniques","7":"product_cat-micrometres","9":"first","10":"instock","11":"sold-individually","12":"product-type-simple"},"yoast_head":"<title>Micrometro Per Tubi | Microm\u00e8tres | Mesures M\u00e9caniques - Metrica<\/title>\n<meta name=\"description\" content=\"D\u00e9couvrez la collection de produits., Micrometro Per Tubi - Microm\u00e8tres.Lettura 0,01 mm,Bloccaggio a ghiera,Astuccio in ABS . Consultez le catalogue sur le site officiel de Metrica\" \/>\n<meta name=\"robots\" content=\"index, follow, max-snippet:-1, max-image-preview:large, max-video-preview:-1\" \/>\n<link rel=\"canonical\" href=\"https:\/\/www.metrica.it\/fr\/produit\/micrometre-pour-tubes\/\" \/>\n<meta property=\"og:locale\" content=\"fr_FR\" \/>\n<meta property=\"og:type\" content=\"article\" \/>\n<meta property=\"og:title\" content=\"Micrometro Per Tubi | Microm\u00e8tres | Mesures M\u00e9caniques - Metrica\" \/>\n<meta property=\"og:description\" content=\"D\u00e9couvrez la collection de produits., Micrometro Per Tubi - Microm\u00e8tres.Lettura 0,01 mm,Bloccaggio a ghiera,Astuccio in ABS . Consultez le catalogue sur le site officiel de Metrica\" \/>\n<meta property=\"og:url\" content=\"https:\/\/www.metrica.it\/fr\/produit\/micrometre-pour-tubes\/\" \/>\n<meta property=\"og:site_name\" content=\"Metrica\" \/>\n<meta property=\"article:modified_time\" content=\"2024-09-16T18:46:44+00:00\" \/>\n<meta property=\"og:image\" content=\"https:\/\/www.metrica.it\/wp-content\/uploads\/2024\/06\/44120.jpg\" \/>\n\t<meta property=\"og:image:width\" content=\"800\" \/>\n\t<meta property=\"og:image:height\" content=\"800\" \/>\n\t<meta property=\"og:image:type\" content=\"image\/jpeg\" \/>\n<meta name=\"twitter:card\" content=\"summary_large_image\" \/>\n<script type=\"application\/ld+json\" class=\"yoast-schema-graph\">{\"@context\":\"https:\\\/\\\/schema.org\",\"@graph\":[{\"@type\":\"WebPage\",\"@id\":\"https:\\\/\\\/www.metrica.it\\\/fr\\\/produit\\\/micrometre-pour-tubes\\\/\",\"url\":\"https:\\\/\\\/www.metrica.it\\\/fr\\\/produit\\\/micrometre-pour-tubes\\\/\",\"name\":\"Micrometro Per Tubi | Microm\u00e8tres | Mesures M\u00e9caniques - Metrica\",\"isPartOf\":{\"@id\":\"https:\\\/\\\/www.metrica.it\\\/fr\\\/#website\"},\"primaryImageOfPage\":{\"@id\":\"https:\\\/\\\/www.metrica.it\\\/fr\\\/produit\\\/micrometre-pour-tubes\\\/#primaryimage\"},\"image\":{\"@id\":\"https:\\\/\\\/www.metrica.it\\\/fr\\\/produit\\\/micrometre-pour-tubes\\\/#primaryimage\"},\"thumbnailUrl\":\"https:\\\/\\\/www.metrica.it\\\/wp-content\\\/uploads\\\/2024\\\/06\\\/44120.jpg\",\"datePublished\":\"2024-09-16T09:59:37+00:00\",\"dateModified\":\"2024-09-16T18:46:44+00:00\",\"description\":\"D\u00e9couvrez la collection de produits., Micrometro Per Tubi - Microm\u00e8tres.Lettura 0,01 mm,Bloccaggio a ghiera,Astuccio in ABS . Consultez le catalogue sur le site officiel de Metrica\",\"breadcrumb\":{\"@id\":\"https:\\\/\\\/www.metrica.it\\\/fr\\\/produit\\\/micrometre-pour-tubes\\\/#breadcrumb\"},\"inLanguage\":\"fr-FR\",\"potentialAction\":[{\"@type\":\"ReadAction\",\"target\":[\"https:\\\/\\\/www.metrica.it\\\/fr\\\/produit\\\/micrometre-pour-tubes\\\/\"]}]},{\"@type\":\"ImageObject\",\"inLanguage\":\"fr-FR\",\"@id\":\"https:\\\/\\\/www.metrica.it\\\/fr\\\/produit\\\/micrometre-pour-tubes\\\/#primaryimage\",\"url\":\"https:\\\/\\\/www.metrica.it\\\/wp-content\\\/uploads\\\/2024\\\/06\\\/44120.jpg\",\"contentUrl\":\"https:\\\/\\\/www.metrica.it\\\/wp-content\\\/uploads\\\/2024\\\/06\\\/44120.jpg\",\"width\":800,\"height\":800},{\"@type\":\"BreadcrumbList\",\"@id\":\"https:\\\/\\\/www.metrica.it\\\/fr\\\/produit\\\/micrometre-pour-tubes\\\/#breadcrumb\",\"itemListElement\":[{\"@type\":\"ListItem\",\"position\":1,\"name\":\"Home\",\"item\":\"https:\\\/\\\/www.metrica.it\\\/fr\\\/\"},{\"@type\":\"ListItem\",\"position\":2,\"name\":\"Catalogue\",\"item\":\"https:\\\/\\\/www.metrica.it\\\/fr\\\/catalogue\\\/\"},{\"@type\":\"ListItem\",\"position\":3,\"name\":\"Microm\u00e8tre Pour Tubes\"}]},{\"@type\":\"WebSite\",\"@id\":\"https:\\\/\\\/www.metrica.it\\\/fr\\\/#website\",\"url\":\"https:\\\/\\\/www.metrica.it\\\/fr\\\/\",\"name\":\"Metrica\",\"description\":\"Made to measure\",\"potentialAction\":[{\"@type\":\"SearchAction\",\"target\":{\"@type\":\"EntryPoint\",\"urlTemplate\":\"https:\\\/\\\/www.metrica.it\\\/fr\\\/?s={search_term_string}\"},\"query-input\":{\"@type\":\"PropertyValueSpecification\",\"valueRequired\":true,\"valueName\":\"search_term_string\"}}],\"inLanguage\":\"fr-FR\"}]}<\/script>","yoast_head_json":{"title":"Micrometro Per Tubi | Microm\u00e8tres | Mesures M\u00e9caniques - Metrica","description":"D\u00e9couvrez la collection de produits., Micrometro Per Tubi - Microm\u00e8tres.Lettura 0,01 mm,Bloccaggio a ghiera,Astuccio in ABS . Consultez le catalogue sur le site officiel de Metrica","robots":{"index":"index","follow":"follow","max-snippet":"max-snippet:-1","max-image-preview":"max-image-preview:large","max-video-preview":"max-video-preview:-1"},"canonical":"https:\/\/www.metrica.it\/fr\/produit\/micrometre-pour-tubes\/","og_locale":"fr_FR","og_type":"article","og_title":"Micrometro Per Tubi | Microm\u00e8tres | Mesures M\u00e9caniques - Metrica","og_description":"D\u00e9couvrez la collection de produits., Micrometro Per Tubi - Microm\u00e8tres.Lettura 0,01 mm,Bloccaggio a ghiera,Astuccio in ABS . Consultez le catalogue sur le site officiel de Metrica","og_url":"https:\/\/www.metrica.it\/fr\/produit\/micrometre-pour-tubes\/","og_site_name":"Metrica","article_modified_time":"2024-09-16T18:46:44+00:00","og_image":[{"width":800,"height":800,"url":"https:\/\/www.metrica.it\/wp-content\/uploads\/2024\/06\/44120.jpg","type":"image\/jpeg"}],"twitter_card":"summary_large_image","schema":{"@context":"https:\/\/schema.org","@graph":[{"@type":"WebPage","@id":"https:\/\/www.metrica.it\/fr\/produit\/micrometre-pour-tubes\/","url":"https:\/\/www.metrica.it\/fr\/produit\/micrometre-pour-tubes\/","name":"Micrometro Per Tubi | Microm\u00e8tres | Mesures M\u00e9caniques - Metrica","isPartOf":{"@id":"https:\/\/www.metrica.it\/fr\/#website"},"primaryImageOfPage":{"@id":"https:\/\/www.metrica.it\/fr\/produit\/micrometre-pour-tubes\/#primaryimage"},"image":{"@id":"https:\/\/www.metrica.it\/fr\/produit\/micrometre-pour-tubes\/#primaryimage"},"thumbnailUrl":"https:\/\/www.metrica.it\/wp-content\/uploads\/2024\/06\/44120.jpg","datePublished":"2024-09-16T09:59:37+00:00","dateModified":"2024-09-16T18:46:44+00:00","description":"D\u00e9couvrez la collection de produits., Micrometro Per Tubi - Microm\u00e8tres.Lettura 0,01 mm,Bloccaggio a ghiera,Astuccio in ABS . Consultez le catalogue sur le site officiel de Metrica","breadcrumb":{"@id":"https:\/\/www.metrica.it\/fr\/produit\/micrometre-pour-tubes\/#breadcrumb"},"inLanguage":"fr-FR","potentialAction":[{"@type":"ReadAction","target":["https:\/\/www.metrica.it\/fr\/produit\/micrometre-pour-tubes\/"]}]},{"@type":"ImageObject","inLanguage":"fr-FR","@id":"https:\/\/www.metrica.it\/fr\/produit\/micrometre-pour-tubes\/#primaryimage","url":"https:\/\/www.metrica.it\/wp-content\/uploads\/2024\/06\/44120.jpg","contentUrl":"https:\/\/www.metrica.it\/wp-content\/uploads\/2024\/06\/44120.jpg","width":800,"height":800},{"@type":"BreadcrumbList","@id":"https:\/\/www.metrica.it\/fr\/produit\/micrometre-pour-tubes\/#breadcrumb","itemListElement":[{"@type":"ListItem","position":1,"name":"Home","item":"https:\/\/www.metrica.it\/fr\/"},{"@type":"ListItem","position":2,"name":"Catalogue","item":"https:\/\/www.metrica.it\/fr\/catalogue\/"},{"@type":"ListItem","position":3,"name":"Microm\u00e8tre Pour Tubes"}]},{"@type":"WebSite","@id":"https:\/\/www.metrica.it\/fr\/#website","url":"https:\/\/www.metrica.it\/fr\/","name":"Metrica","description":"Made to measure","potentialAction":[{"@type":"SearchAction","target":{"@type":"EntryPoint","urlTemplate":"https:\/\/www.metrica.it\/fr\/?s={search_term_string}"},"query-input":{"@type":"PropertyValueSpecification","valueRequired":true,"valueName":"search_term_string"}}],"inLanguage":"fr-FR"}]}},"meta_box":{"awr_documentation":[],"awr_manuale":[],"awr_scheda_tecnica":"","awr_youtube_video":"","awr_classe_prodotto":"","awr_customize_product":"0","awr_custom_image":false,"awr_related_products":[{"awr_product_name":"Micrometro Per Tubi","awr_product_references":"ref:44120|ean:8001066441204|a_mm:0 - 25|unit_misura_mm_mm:0.01|pack:1"}],"awr_consumabili":"","awr_alternativi":"","awr_aliases":"44120","awr_skuid":"44120-it"},"_links":{"self":[{"href":"https:\/\/www.metrica.it\/fr\/wp-json\/wp\/v2\/product\/143591","targetHints":{"allow":["GET"]}}],"collection":[{"href":"https:\/\/www.metrica.it\/fr\/wp-json\/wp\/v2\/product"}],"about":[{"href":"https:\/\/www.metrica.it\/fr\/wp-json\/wp\/v2\/types\/product"}],"wp:featuredmedia":[{"embeddable":true,"href":"https:\/\/www.metrica.it\/fr\/wp-json\/wp\/v2\/media\/134246"}],"wp:attachment":[{"href":"https:\/\/www.metrica.it\/fr\/wp-json\/wp\/v2\/media?parent=143591"}],"wp:term":[{"taxonomy":"product_cat","embeddable":true,"href":"https:\/\/www.metrica.it\/fr\/wp-json\/wp\/v2\/product_cat?post=143591"},{"taxonomy":"product_tag","embeddable":true,"href":"https:\/\/www.metrica.it\/fr\/wp-json\/wp\/v2\/product_tag?post=143591"}],"curies":[{"name":"wp","href":"https:\/\/api.w.org\/{rel}","templated":true}]}}