{"id":143740,"date":"2024-09-16T11:45:15","date_gmt":"2024-09-16T09:45:15","guid":{"rendered":"https:\/\/www.metrica.it\/prodotto\/flash-green-360-4\/"},"modified":"2024-09-16T20:34:37","modified_gmt":"2024-09-16T18:34:37","slug":"flash-green-360","status":"publish","type":"product","link":"https:\/\/www.metrica.it\/fr\/produit\/flash-green-360\/","title":{"rendered":"Flash Green 360\u00b0"},"content":{"rendered":"<ul>\n<li>Niveau laser vert. Projette: un plan horizontal sur 360\u00b0 plus un plan vertical \u00e0 90\u00b0 formant 1 croix sur le mur<\/li>\n<li>Laser \u00e0 intensit\u00e9 r\u00e9glable<\/li>\n<li>Utilisation int\u00e9rieure\/ext\u00e9rieure (avec r\u00e9cepteur non inclus R\u00e9f. 60749)<\/li>\n<li>Clignotement automatique du laser si l&rsquo;appareil est hors de la plage de nivellement automatique<\/li>\n<li>Syst\u00e8me de verrouillage automatique pour \u00e9viter les vibrations pendant le transport transport<\/li>\n<li>Conception compacte, rev\u00eatement en caoutchouc antid\u00e9rapant et antichoc<\/li>\n<li>Connexion \u00bc\u00a0\u00bb pour le tr\u00e9pied<\/li>\n<li>Base magn\u00e9tique et capot m\u00e9tallique pour un empilage facile<\/li>\n<li>Piles Ion-Li rechargeables via le c\u00e2ble USB fourni<\/li>\n<\/ul>\n","protected":false},"excerpt":{"rendered":"<p>Niveau laser vert. Projette: un plan horizontal sur 360\u00b0 plus un plan vertical \u00e0 90\u00b0 formant 1 croix sur le mur<\/p>\n<p>Laser \u00e0 intensit\u00e9 r\u00e9glable<\/p>\n<p>Utilisation int\u00e9rieure\/ext\u00e9rieure (avec r\u00e9cepteur non inclus R\u00e9f. 60749)<\/p>\n<p>Clignotement automatique du laser si l&rsquo;appareil est hors de la plage de nivellement automatique<\/p>\n<p>Syst\u00e8me de verrouillage automatique pour \u00e9viter les vibrations pendant le transport transport<\/p>\n<p>Conception compacte, rev\u00eatement en caoutchouc antid\u00e9rapant et antichoc<\/p>\n<p>Connexion \u00bc\u00a0\u00bb pour le tr\u00e9pied<\/p>\n<p>Base magn\u00e9tique et capot m\u00e9tallique pour un empilage facile<\/p>\n<p>Piles Ion-Li rechargeables via le c\u00e2ble USB fourni<\/p>\n","protected":false},"featured_media":117573,"template":"","meta":[],"product_cat":[515,522],"product_tag":[],"class_list":{"0":"post-143740","1":"product","2":"type-product","3":"status-publish","4":"has-post-thumbnail","6":"product_cat-laser-et-cameras-thermiques","7":"product_cat-lasers-rotatifs","9":"first","10":"instock","11":"sold-individually","12":"product-type-simple"},"yoast_head":"<title>FLASH GREEN 360\u00b0<\/title>\n<meta name=\"robots\" content=\"index, follow, max-snippet:-1, max-image-preview:large, max-video-preview:-1\" \/>\n<link rel=\"canonical\" href=\"https:\/\/www.metrica.it\/fr\/produit\/flash-green-360\/\" \/>\n<meta property=\"og:locale\" content=\"fr_FR\" \/>\n<meta property=\"og:type\" content=\"article\" \/>\n<meta property=\"og:title\" content=\"FLASH GREEN 360\u00b0\" \/>\n<meta property=\"og:description\" content=\"Niveau laser vert. Projette: un plan horizontal sur 360\u00b0 plus un plan vertical \u00e0 90\u00b0 formant 1 croix sur le murLaser \u00e0 intensit\u00e9 r\u00e9glableUtilisation int\u00e9rieure\/ext\u00e9rieure (avec r\u00e9cepteur non inclus R\u00e9f. 60749)Clignotement automatique du laser si l&#039;appareil est hors de la plage de nivellement automatiqueSyst\u00e8me de verrouillage automatique pour \u00e9viter les vibrations pendant le transport transportConception compacte, rev\u00eatement en caoutchouc antid\u00e9rapant et antichocConnexion \u00bc&quot; pour le tr\u00e9piedBase magn\u00e9tique et capot m\u00e9tallique pour un empilage facilePiles Ion-Li rechargeables via le c\u00e2ble USB fourni\" \/>\n<meta property=\"og:url\" content=\"https:\/\/www.metrica.it\/fr\/produit\/flash-green-360\/\" \/>\n<meta property=\"og:site_name\" content=\"Metrica\" \/>\n<meta property=\"article:modified_time\" content=\"2024-09-16T18:34:37+00:00\" \/>\n<meta property=\"og:image\" content=\"https:\/\/www.metrica.it\/wp-content\/uploads\/2024\/05\/61435.jpg\" \/>\n\t<meta property=\"og:image:width\" content=\"800\" \/>\n\t<meta property=\"og:image:height\" content=\"800\" \/>\n\t<meta property=\"og:image:type\" content=\"image\/jpeg\" \/>\n<meta name=\"twitter:card\" content=\"summary_large_image\" \/>\n<script type=\"application\/ld+json\" class=\"yoast-schema-graph\">{\"@context\":\"https:\\\/\\\/schema.org\",\"@graph\":[{\"@type\":\"WebPage\",\"@id\":\"https:\\\/\\\/www.metrica.it\\\/fr\\\/produit\\\/flash-green-360\\\/\",\"url\":\"https:\\\/\\\/www.metrica.it\\\/fr\\\/produit\\\/flash-green-360\\\/\",\"name\":\"FLASH GREEN 360\u00b0\",\"isPartOf\":{\"@id\":\"https:\\\/\\\/www.metrica.it\\\/fr\\\/#website\"},\"primaryImageOfPage\":{\"@id\":\"https:\\\/\\\/www.metrica.it\\\/fr\\\/produit\\\/flash-green-360\\\/#primaryimage\"},\"image\":{\"@id\":\"https:\\\/\\\/www.metrica.it\\\/fr\\\/produit\\\/flash-green-360\\\/#primaryimage\"},\"thumbnailUrl\":\"https:\\\/\\\/www.metrica.it\\\/wp-content\\\/uploads\\\/2024\\\/05\\\/61435.jpg\",\"datePublished\":\"2024-09-16T09:45:15+00:00\",\"dateModified\":\"2024-09-16T18:34:37+00:00\",\"breadcrumb\":{\"@id\":\"https:\\\/\\\/www.metrica.it\\\/fr\\\/produit\\\/flash-green-360\\\/#breadcrumb\"},\"inLanguage\":\"fr-FR\",\"potentialAction\":[{\"@type\":\"ReadAction\",\"target\":[\"https:\\\/\\\/www.metrica.it\\\/fr\\\/produit\\\/flash-green-360\\\/\"]}]},{\"@type\":\"ImageObject\",\"inLanguage\":\"fr-FR\",\"@id\":\"https:\\\/\\\/www.metrica.it\\\/fr\\\/produit\\\/flash-green-360\\\/#primaryimage\",\"url\":\"https:\\\/\\\/www.metrica.it\\\/wp-content\\\/uploads\\\/2024\\\/05\\\/61435.jpg\",\"contentUrl\":\"https:\\\/\\\/www.metrica.it\\\/wp-content\\\/uploads\\\/2024\\\/05\\\/61435.jpg\",\"width\":800,\"height\":800},{\"@type\":\"BreadcrumbList\",\"@id\":\"https:\\\/\\\/www.metrica.it\\\/fr\\\/produit\\\/flash-green-360\\\/#breadcrumb\",\"itemListElement\":[{\"@type\":\"ListItem\",\"position\":1,\"name\":\"Home\",\"item\":\"https:\\\/\\\/www.metrica.it\\\/fr\\\/\"},{\"@type\":\"ListItem\",\"position\":2,\"name\":\"Catalogue\",\"item\":\"https:\\\/\\\/www.metrica.it\\\/fr\\\/catalogue\\\/\"},{\"@type\":\"ListItem\",\"position\":3,\"name\":\"Flash Green 360\u00b0\"}]},{\"@type\":\"WebSite\",\"@id\":\"https:\\\/\\\/www.metrica.it\\\/fr\\\/#website\",\"url\":\"https:\\\/\\\/www.metrica.it\\\/fr\\\/\",\"name\":\"Metrica\",\"description\":\"Made to measure\",\"potentialAction\":[{\"@type\":\"SearchAction\",\"target\":{\"@type\":\"EntryPoint\",\"urlTemplate\":\"https:\\\/\\\/www.metrica.it\\\/fr\\\/?s={search_term_string}\"},\"query-input\":{\"@type\":\"PropertyValueSpecification\",\"valueRequired\":true,\"valueName\":\"search_term_string\"}}],\"inLanguage\":\"fr-FR\"}]}<\/script>","yoast_head_json":{"title":"FLASH GREEN 360\u00b0","robots":{"index":"index","follow":"follow","max-snippet":"max-snippet:-1","max-image-preview":"max-image-preview:large","max-video-preview":"max-video-preview:-1"},"canonical":"https:\/\/www.metrica.it\/fr\/produit\/flash-green-360\/","og_locale":"fr_FR","og_type":"article","og_title":"FLASH GREEN 360\u00b0","og_description":"Niveau laser vert. Projette: un plan horizontal sur 360\u00b0 plus un plan vertical \u00e0 90\u00b0 formant 1 croix sur le murLaser \u00e0 intensit\u00e9 r\u00e9glableUtilisation int\u00e9rieure\/ext\u00e9rieure (avec r\u00e9cepteur non inclus R\u00e9f. 60749)Clignotement automatique du laser si l'appareil est hors de la plage de nivellement automatiqueSyst\u00e8me de verrouillage automatique pour \u00e9viter les vibrations pendant le transport transportConception compacte, rev\u00eatement en caoutchouc antid\u00e9rapant et antichocConnexion \u00bc\" pour le tr\u00e9piedBase magn\u00e9tique et capot m\u00e9tallique pour un empilage facilePiles Ion-Li rechargeables via le c\u00e2ble USB fourni","og_url":"https:\/\/www.metrica.it\/fr\/produit\/flash-green-360\/","og_site_name":"Metrica","article_modified_time":"2024-09-16T18:34:37+00:00","og_image":[{"width":800,"height":800,"url":"https:\/\/www.metrica.it\/wp-content\/uploads\/2024\/05\/61435.jpg","type":"image\/jpeg"}],"twitter_card":"summary_large_image","schema":{"@context":"https:\/\/schema.org","@graph":[{"@type":"WebPage","@id":"https:\/\/www.metrica.it\/fr\/produit\/flash-green-360\/","url":"https:\/\/www.metrica.it\/fr\/produit\/flash-green-360\/","name":"FLASH GREEN 360\u00b0","isPartOf":{"@id":"https:\/\/www.metrica.it\/fr\/#website"},"primaryImageOfPage":{"@id":"https:\/\/www.metrica.it\/fr\/produit\/flash-green-360\/#primaryimage"},"image":{"@id":"https:\/\/www.metrica.it\/fr\/produit\/flash-green-360\/#primaryimage"},"thumbnailUrl":"https:\/\/www.metrica.it\/wp-content\/uploads\/2024\/05\/61435.jpg","datePublished":"2024-09-16T09:45:15+00:00","dateModified":"2024-09-16T18:34:37+00:00","breadcrumb":{"@id":"https:\/\/www.metrica.it\/fr\/produit\/flash-green-360\/#breadcrumb"},"inLanguage":"fr-FR","potentialAction":[{"@type":"ReadAction","target":["https:\/\/www.metrica.it\/fr\/produit\/flash-green-360\/"]}]},{"@type":"ImageObject","inLanguage":"fr-FR","@id":"https:\/\/www.metrica.it\/fr\/produit\/flash-green-360\/#primaryimage","url":"https:\/\/www.metrica.it\/wp-content\/uploads\/2024\/05\/61435.jpg","contentUrl":"https:\/\/www.metrica.it\/wp-content\/uploads\/2024\/05\/61435.jpg","width":800,"height":800},{"@type":"BreadcrumbList","@id":"https:\/\/www.metrica.it\/fr\/produit\/flash-green-360\/#breadcrumb","itemListElement":[{"@type":"ListItem","position":1,"name":"Home","item":"https:\/\/www.metrica.it\/fr\/"},{"@type":"ListItem","position":2,"name":"Catalogue","item":"https:\/\/www.metrica.it\/fr\/catalogue\/"},{"@type":"ListItem","position":3,"name":"Flash Green 360\u00b0"}]},{"@type":"WebSite","@id":"https:\/\/www.metrica.it\/fr\/#website","url":"https:\/\/www.metrica.it\/fr\/","name":"Metrica","description":"Made to measure","potentialAction":[{"@type":"SearchAction","target":{"@type":"EntryPoint","urlTemplate":"https:\/\/www.metrica.it\/fr\/?s={search_term_string}"},"query-input":{"@type":"PropertyValueSpecification","valueRequired":true,"valueName":"search_term_string"}}],"inLanguage":"fr-FR"}]}},"meta_box":{"awr_documentation":[{"filesize":500454,"ID":"146320","name":"61435.pdf","path":"\/var\/www\/html\/wp-content\/uploads\/2024\/09\/61435.pdf","url":"https:\/\/www.metrica.it\/wp-content\/uploads\/2024\/09\/61435.pdf","title":"61435.pdf"}],"awr_manuale":[],"awr_scheda_tecnica":"<table>\n<tbody>\n<tr>\n<td>\n<h4>Port\u00e9e (en fonction de l\u2019\u00e9clairage)<\/h4>\n<\/td>\n<td>\u00a040 m<\/td>\n<\/tr>\n<tr>\n<td>\n<h4>Port\u00e9e avec r\u00e9cepteur<\/h4>\n<\/td>\n<td>\u00a060 m<\/td>\n<\/tr>\n<tr>\n<td>\n<div>\n<h4>Pr\u00e9cision de nivellement<\/h4>\n<\/div>\n<\/td>\n<td>\u00a0\u00b1 3\u00a0mm \/ 10 m<\/td>\n<\/tr>\n<tr>\n<td>\n<h4>Plage d\u2019auto-nivellement<\/h4>\n<\/td>\n<td>\u00a0\u00b1 4\u00b0<\/td>\n<\/tr>\n<tr>\n<td>\n<h4>Signal hors auto-nivellement<\/h4>\n<\/td>\n<td>\u00a0oui<\/td>\n<\/tr>\n<tr>\n<td>\n<h4>Type de laser<\/h4>\n<\/td>\n<td>\n<p>\u00a0505-550\u00a0nm <\/p>\n<\/td>\n<\/tr>\n<tr>\n<td>\n<h4>Puissance du laser<\/h4>\n<\/td>\n<td>\u00a0Classe II<\/td>\n<\/tr>\n<tr>\n<td>\n<h4>Piles<\/h4>\n<\/td>\n<td>\u00a0 2000 mAh li-ion<\/td>\n<\/tr>\n<tr>\n<td>\n<h4>Dimensions (mm)<\/h4>\n<\/td>\n<td>\u00a0114 x 66\u00a0mm<\/td>\n<\/tr>\n<tr>\n<td>\n<h4>Poids (sans piles)<\/h4>\n<\/td>\n<td>\u00a00275\u00a0Kg<\/td>\n<\/tr>\n<tr>\n<td>\n<h4>Indice de protection<\/h4>\n<\/td>\n<td>\u00a0IP 54<\/td>\n<\/tr>\n<tr>\n<td>\n<h4>Filetage pour tr\u00e9pied<\/h4>\n<\/td>\n<td>\u00a01\/4\"<\/td>\n<\/tr>\n<\/tbody>\n<\/table>\n","awr_youtube_video":"https:\/\/www.youtube.com\/embed\/cCnf1TGN0Bw","awr_classe_prodotto":"","awr_customize_product":"0","awr_custom_image":false,"awr_related_products":[{"awr_product_name":"Flash Green 360\u00b0","awr_product_references":"ref:61435|ean:8001066614356|pack:1"}],"awr_consumabili":"","awr_alternativi":"","awr_aliases":"61435","awr_skuid":"61435-it"},"_links":{"self":[{"href":"https:\/\/www.metrica.it\/fr\/wp-json\/wp\/v2\/product\/143740","targetHints":{"allow":["GET"]}}],"collection":[{"href":"https:\/\/www.metrica.it\/fr\/wp-json\/wp\/v2\/product"}],"about":[{"href":"https:\/\/www.metrica.it\/fr\/wp-json\/wp\/v2\/types\/product"}],"wp:featuredmedia":[{"embeddable":true,"href":"https:\/\/www.metrica.it\/fr\/wp-json\/wp\/v2\/media\/117573"}],"wp:attachment":[{"href":"https:\/\/www.metrica.it\/fr\/wp-json\/wp\/v2\/media?parent=143740"}],"wp:term":[{"taxonomy":"product_cat","embeddable":true,"href":"https:\/\/www.metrica.it\/fr\/wp-json\/wp\/v2\/product_cat?post=143740"},{"taxonomy":"product_tag","embeddable":true,"href":"https:\/\/www.metrica.it\/fr\/wp-json\/wp\/v2\/product_tag?post=143740"}],"curies":[{"name":"wp","href":"https:\/\/api.w.org\/{rel}","templated":true}]}}