{"id":143760,"date":"2024-09-16T12:22:13","date_gmt":"2024-09-16T10:22:13","guid":{"rendered":"https:\/\/www.metrica.it\/prodotto\/camera-thermique-flir-tg267\/"},"modified":"2024-09-16T21:11:16","modified_gmt":"2024-09-16T19:11:16","slug":"camera-thermique-flir-tg267","status":"publish","type":"product","link":"https:\/\/www.metrica.it\/fr\/produit\/camera-thermique-flir-tg267\/","title":{"rendered":"Cam\u00c9ra Thermique Flir Tg267"},"content":{"rendered":"<ul>\n<li>Plage de mesure -25\u00b0 C jusqu&rsquo;\u00e0 380\u00b0 C<\/li>\n<li>Fonction MSX<\/li>\n<li>Appareil photo de 19 200 pixels<\/li>\n<li>Bluetooth<\/li>\n<li>M\u00e9moire : 50 000 images<\/li>\n<li>Batterie rechargeable au lithium-ion<\/li>\n<li>R\u00e9sistant aux chutes de 2 m<\/li>\n<li>Lampe de poche LED int\u00e9gr\u00e9e<\/li>\n<\/ul>\n<p>* Non livrable en Suisse<\/p>\n","protected":false},"excerpt":{"rendered":"<p>Plage de mesure -25\u00b0 C jusqu&rsquo;\u00e0 380\u00b0 C<\/p>\n<p>Fonction MSX<\/p>\n<p>ppareil photo de 19 200 pixels<\/p>\n<p>Bluetooth<\/p>\n<p>M\u00e9moire : 50 000 images<\/p>\n<p>Batterie rechargeable au lithium-ion<\/p>\n<p>R\u00e9sistant aux chutes de 2 m<\/p>\n<p>Lampe de poche LED int\u00e9gr\u00e9e<\/p>\n","protected":false},"featured_media":125005,"template":"","meta":[],"product_cat":[542,515],"product_tag":[],"class_list":{"0":"post-143760","1":"product","2":"type-product","3":"status-publish","4":"has-post-thumbnail","6":"product_cat-cameras-thermiques","7":"product_cat-laser-et-cameras-thermiques","9":"first","10":"instock","11":"sold-individually","12":"product-type-simple"},"yoast_head":"<title>TERMOCAMERA A SPOT FLIR Tg167 | Cam\u00e9ras Thermiques | Laser et Cam\u00e9ras Thermiques - Metrica<\/title>\n<meta name=\"description\" content=\"D\u00e9couvrez la collection de produits., TERMOCAMERA A SPOT FLIR Tg167 - Cam\u00e9ras Thermiques.Termocamera a spot ad immagine ad infrarossi TG 167,Campo di misura da -25 a +380 &deg;C,Scheda SD di regis . Consultez le catalogue sur le site officiel de Metrica\" \/>\n<meta name=\"robots\" content=\"index, follow, max-snippet:-1, max-image-preview:large, max-video-preview:-1\" \/>\n<link rel=\"canonical\" href=\"https:\/\/www.metrica.it\/fr\/produit\/camera-thermique-flir-tg267\/\" \/>\n<meta property=\"og:locale\" content=\"fr_FR\" \/>\n<meta property=\"og:type\" content=\"article\" \/>\n<meta property=\"og:title\" content=\"TERMOCAMERA A SPOT FLIR Tg167 | Cam\u00e9ras Thermiques | Laser et Cam\u00e9ras Thermiques - Metrica\" \/>\n<meta property=\"og:description\" content=\"D\u00e9couvrez la collection de produits., TERMOCAMERA A SPOT FLIR Tg167 - Cam\u00e9ras Thermiques.Termocamera a spot ad immagine ad infrarossi TG 167,Campo di misura da -25 a +380 &deg;C,Scheda SD di regis . Consultez le catalogue sur le site officiel de Metrica\" \/>\n<meta property=\"og:url\" content=\"https:\/\/www.metrica.it\/fr\/produit\/camera-thermique-flir-tg267\/\" \/>\n<meta property=\"og:site_name\" content=\"Metrica\" \/>\n<meta property=\"article:modified_time\" content=\"2024-09-16T19:11:16+00:00\" \/>\n<meta property=\"og:image\" content=\"https:\/\/www.metrica.it\/wp-content\/uploads\/2024\/05\/60424.jpg\" \/>\n\t<meta property=\"og:image:width\" content=\"1200\" \/>\n\t<meta property=\"og:image:height\" content=\"1200\" \/>\n\t<meta property=\"og:image:type\" content=\"image\/jpeg\" \/>\n<meta name=\"twitter:card\" content=\"summary_large_image\" \/>\n<script type=\"application\/ld+json\" class=\"yoast-schema-graph\">{\"@context\":\"https:\\\/\\\/schema.org\",\"@graph\":[{\"@type\":\"WebPage\",\"@id\":\"https:\\\/\\\/www.metrica.it\\\/fr\\\/produit\\\/camera-thermique-flir-tg267\\\/\",\"url\":\"https:\\\/\\\/www.metrica.it\\\/fr\\\/produit\\\/camera-thermique-flir-tg267\\\/\",\"name\":\"TERMOCAMERA A SPOT FLIR Tg167 | Cam\u00e9ras Thermiques | Laser et Cam\u00e9ras Thermiques - Metrica\",\"isPartOf\":{\"@id\":\"https:\\\/\\\/www.metrica.it\\\/fr\\\/#website\"},\"primaryImageOfPage\":{\"@id\":\"https:\\\/\\\/www.metrica.it\\\/fr\\\/produit\\\/camera-thermique-flir-tg267\\\/#primaryimage\"},\"image\":{\"@id\":\"https:\\\/\\\/www.metrica.it\\\/fr\\\/produit\\\/camera-thermique-flir-tg267\\\/#primaryimage\"},\"thumbnailUrl\":\"https:\\\/\\\/www.metrica.it\\\/wp-content\\\/uploads\\\/2024\\\/05\\\/60424.jpg\",\"datePublished\":\"2024-09-16T10:22:13+00:00\",\"dateModified\":\"2024-09-16T19:11:16+00:00\",\"description\":\"D\u00e9couvrez la collection de produits., TERMOCAMERA A SPOT FLIR Tg167 - Cam\u00e9ras Thermiques.Termocamera a spot ad immagine ad infrarossi TG 167,Campo di misura da -25 a +380 &deg;C,Scheda SD di regis . Consultez le catalogue sur le site officiel de Metrica\",\"breadcrumb\":{\"@id\":\"https:\\\/\\\/www.metrica.it\\\/fr\\\/produit\\\/camera-thermique-flir-tg267\\\/#breadcrumb\"},\"inLanguage\":\"fr-FR\",\"potentialAction\":[{\"@type\":\"ReadAction\",\"target\":[\"https:\\\/\\\/www.metrica.it\\\/fr\\\/produit\\\/camera-thermique-flir-tg267\\\/\"]}]},{\"@type\":\"ImageObject\",\"inLanguage\":\"fr-FR\",\"@id\":\"https:\\\/\\\/www.metrica.it\\\/fr\\\/produit\\\/camera-thermique-flir-tg267\\\/#primaryimage\",\"url\":\"https:\\\/\\\/www.metrica.it\\\/wp-content\\\/uploads\\\/2024\\\/05\\\/60424.jpg\",\"contentUrl\":\"https:\\\/\\\/www.metrica.it\\\/wp-content\\\/uploads\\\/2024\\\/05\\\/60424.jpg\",\"width\":1200,\"height\":1200},{\"@type\":\"BreadcrumbList\",\"@id\":\"https:\\\/\\\/www.metrica.it\\\/fr\\\/produit\\\/camera-thermique-flir-tg267\\\/#breadcrumb\",\"itemListElement\":[{\"@type\":\"ListItem\",\"position\":1,\"name\":\"Home\",\"item\":\"https:\\\/\\\/www.metrica.it\\\/fr\\\/\"},{\"@type\":\"ListItem\",\"position\":2,\"name\":\"Catalogue\",\"item\":\"https:\\\/\\\/www.metrica.it\\\/fr\\\/catalogue\\\/\"},{\"@type\":\"ListItem\",\"position\":3,\"name\":\"Cam\u00c9ra Thermique Flir Tg267\"}]},{\"@type\":\"WebSite\",\"@id\":\"https:\\\/\\\/www.metrica.it\\\/fr\\\/#website\",\"url\":\"https:\\\/\\\/www.metrica.it\\\/fr\\\/\",\"name\":\"Metrica\",\"description\":\"Made to measure\",\"potentialAction\":[{\"@type\":\"SearchAction\",\"target\":{\"@type\":\"EntryPoint\",\"urlTemplate\":\"https:\\\/\\\/www.metrica.it\\\/fr\\\/?s={search_term_string}\"},\"query-input\":{\"@type\":\"PropertyValueSpecification\",\"valueRequired\":true,\"valueName\":\"search_term_string\"}}],\"inLanguage\":\"fr-FR\"}]}<\/script>","yoast_head_json":{"title":"TERMOCAMERA A SPOT FLIR Tg167 | Cam\u00e9ras Thermiques | Laser et Cam\u00e9ras Thermiques - Metrica","description":"D\u00e9couvrez la collection de produits., TERMOCAMERA A SPOT FLIR Tg167 - Cam\u00e9ras Thermiques.Termocamera a spot ad immagine ad infrarossi TG 167,Campo di misura da -25 a +380 &deg;C,Scheda SD di regis . Consultez le catalogue sur le site officiel de Metrica","robots":{"index":"index","follow":"follow","max-snippet":"max-snippet:-1","max-image-preview":"max-image-preview:large","max-video-preview":"max-video-preview:-1"},"canonical":"https:\/\/www.metrica.it\/fr\/produit\/camera-thermique-flir-tg267\/","og_locale":"fr_FR","og_type":"article","og_title":"TERMOCAMERA A SPOT FLIR Tg167 | Cam\u00e9ras Thermiques | Laser et Cam\u00e9ras Thermiques - Metrica","og_description":"D\u00e9couvrez la collection de produits., TERMOCAMERA A SPOT FLIR Tg167 - Cam\u00e9ras Thermiques.Termocamera a spot ad immagine ad infrarossi TG 167,Campo di misura da -25 a +380 &deg;C,Scheda SD di regis . Consultez le catalogue sur le site officiel de Metrica","og_url":"https:\/\/www.metrica.it\/fr\/produit\/camera-thermique-flir-tg267\/","og_site_name":"Metrica","article_modified_time":"2024-09-16T19:11:16+00:00","og_image":[{"width":1200,"height":1200,"url":"https:\/\/www.metrica.it\/wp-content\/uploads\/2024\/05\/60424.jpg","type":"image\/jpeg"}],"twitter_card":"summary_large_image","schema":{"@context":"https:\/\/schema.org","@graph":[{"@type":"WebPage","@id":"https:\/\/www.metrica.it\/fr\/produit\/camera-thermique-flir-tg267\/","url":"https:\/\/www.metrica.it\/fr\/produit\/camera-thermique-flir-tg267\/","name":"TERMOCAMERA A SPOT FLIR Tg167 | Cam\u00e9ras Thermiques | Laser et Cam\u00e9ras Thermiques - Metrica","isPartOf":{"@id":"https:\/\/www.metrica.it\/fr\/#website"},"primaryImageOfPage":{"@id":"https:\/\/www.metrica.it\/fr\/produit\/camera-thermique-flir-tg267\/#primaryimage"},"image":{"@id":"https:\/\/www.metrica.it\/fr\/produit\/camera-thermique-flir-tg267\/#primaryimage"},"thumbnailUrl":"https:\/\/www.metrica.it\/wp-content\/uploads\/2024\/05\/60424.jpg","datePublished":"2024-09-16T10:22:13+00:00","dateModified":"2024-09-16T19:11:16+00:00","description":"D\u00e9couvrez la collection de produits., TERMOCAMERA A SPOT FLIR Tg167 - Cam\u00e9ras Thermiques.Termocamera a spot ad immagine ad infrarossi TG 167,Campo di misura da -25 a +380 &deg;C,Scheda SD di regis . Consultez le catalogue sur le site officiel de Metrica","breadcrumb":{"@id":"https:\/\/www.metrica.it\/fr\/produit\/camera-thermique-flir-tg267\/#breadcrumb"},"inLanguage":"fr-FR","potentialAction":[{"@type":"ReadAction","target":["https:\/\/www.metrica.it\/fr\/produit\/camera-thermique-flir-tg267\/"]}]},{"@type":"ImageObject","inLanguage":"fr-FR","@id":"https:\/\/www.metrica.it\/fr\/produit\/camera-thermique-flir-tg267\/#primaryimage","url":"https:\/\/www.metrica.it\/wp-content\/uploads\/2024\/05\/60424.jpg","contentUrl":"https:\/\/www.metrica.it\/wp-content\/uploads\/2024\/05\/60424.jpg","width":1200,"height":1200},{"@type":"BreadcrumbList","@id":"https:\/\/www.metrica.it\/fr\/produit\/camera-thermique-flir-tg267\/#breadcrumb","itemListElement":[{"@type":"ListItem","position":1,"name":"Home","item":"https:\/\/www.metrica.it\/fr\/"},{"@type":"ListItem","position":2,"name":"Catalogue","item":"https:\/\/www.metrica.it\/fr\/catalogue\/"},{"@type":"ListItem","position":3,"name":"Cam\u00c9ra Thermique Flir Tg267"}]},{"@type":"WebSite","@id":"https:\/\/www.metrica.it\/fr\/#website","url":"https:\/\/www.metrica.it\/fr\/","name":"Metrica","description":"Made to measure","potentialAction":[{"@type":"SearchAction","target":{"@type":"EntryPoint","urlTemplate":"https:\/\/www.metrica.it\/fr\/?s={search_term_string}"},"query-input":{"@type":"PropertyValueSpecification","valueRequired":true,"valueName":"search_term_string"}}],"inLanguage":"fr-FR"}]}},"meta_box":{"awr_documentation":[],"awr_manuale":[],"awr_scheda_tecnica":"","awr_youtube_video":"","awr_classe_prodotto":"","awr_customize_product":"0","awr_custom_image":false,"awr_related_products":[{"awr_product_name":"Termocamera Flir Tg267","awr_product_references":"ref:60424|ean:8001066604241|pack:1"}],"awr_consumabili":"","awr_alternativi":"","awr_aliases":"60424","awr_skuid":"60424-it"},"_links":{"self":[{"href":"https:\/\/www.metrica.it\/fr\/wp-json\/wp\/v2\/product\/143760","targetHints":{"allow":["GET"]}}],"collection":[{"href":"https:\/\/www.metrica.it\/fr\/wp-json\/wp\/v2\/product"}],"about":[{"href":"https:\/\/www.metrica.it\/fr\/wp-json\/wp\/v2\/types\/product"}],"wp:featuredmedia":[{"embeddable":true,"href":"https:\/\/www.metrica.it\/fr\/wp-json\/wp\/v2\/media\/125005"}],"wp:attachment":[{"href":"https:\/\/www.metrica.it\/fr\/wp-json\/wp\/v2\/media?parent=143760"}],"wp:term":[{"taxonomy":"product_cat","embeddable":true,"href":"https:\/\/www.metrica.it\/fr\/wp-json\/wp\/v2\/product_cat?post=143760"},{"taxonomy":"product_tag","embeddable":true,"href":"https:\/\/www.metrica.it\/fr\/wp-json\/wp\/v2\/product_tag?post=143760"}],"curies":[{"name":"wp","href":"https:\/\/api.w.org\/{rel}","templated":true}]}}