{"id":143770,"date":"2024-09-16T11:54:40","date_gmt":"2024-09-16T09:54:40","guid":{"rendered":"https:\/\/www.metrica.it\/prodotto\/micrometres-dexterieur-2\/"},"modified":"2024-09-16T20:41:58","modified_gmt":"2024-09-16T18:41:58","slug":"micrometres-dexterieur-2","status":"publish","type":"product","link":"https:\/\/www.metrica.it\/fr\/produit\/micrometres-dexterieur-2\/","title":{"rendered":"Microm\u00e8tres D&rsquo;ext\u00e9rieur"},"content":{"rendered":"<ul>\n<li>Lecture 0,01 mm<\/li>\n<li>Col de cygne \u00e9maill\u00e9<\/li>\n<li>Touches en carbure, \u00d8 6,5 mm<\/li>\n<li>Tambour \u00d8 18 mm<\/li>\n<li>Levier de blocage<\/li>\n<li>\u00c9tui en bois<\/li>\n<li>Pr\u00e9cision DIN 863<\/li>\n<\/ul>\n","protected":false},"excerpt":{"rendered":"<p>Lecture 0,01 mm<br \/>Col de cygne \u00e9maill\u00e9<br \/>Touches en carbure, \u00d8 6,5 mm<br \/>Tambour \u00d8 18 mm<br \/>Levier de blocage<br \/>\u00c9tui en bois<br \/>Pr\u00e9cision DIN 863<\/p>\n","protected":false},"featured_media":119199,"template":"","meta":[],"product_cat":[641,661],"product_tag":[],"class_list":{"0":"post-143770","1":"product","2":"type-product","3":"status-publish","4":"has-post-thumbnail","6":"product_cat-mesures-mecaniques","7":"product_cat-micrometres","9":"first","10":"instock","11":"sold-individually","12":"product-type-simple"},"yoast_head":"<title>Micrometro Per Esterni | Microm\u00e8tres | Mesures M\u00e9caniques - Metrica<\/title>\n<meta name=\"description\" content=\"D\u00e9couvrez la collection de produits., Micrometro Per Esterni - Microm\u00e8tres.Lettura 0,01 mm,Arco verniciato,Contatti in metallo duro &Oslash; 6,5 mm . Consultez le catalogue sur le site officiel de Metrica\" \/>\n<meta name=\"robots\" content=\"index, follow, max-snippet:-1, max-image-preview:large, max-video-preview:-1\" \/>\n<link rel=\"canonical\" href=\"https:\/\/www.metrica.it\/fr\/produit\/micrometres-dexterieur-2\/\" \/>\n<meta property=\"og:locale\" content=\"fr_FR\" \/>\n<meta property=\"og:type\" content=\"article\" \/>\n<meta property=\"og:title\" content=\"Micrometro Per Esterni | Microm\u00e8tres | Mesures M\u00e9caniques - Metrica\" \/>\n<meta property=\"og:description\" content=\"D\u00e9couvrez la collection de produits., Micrometro Per Esterni - Microm\u00e8tres.Lettura 0,01 mm,Arco verniciato,Contatti in metallo duro &Oslash; 6,5 mm . Consultez le catalogue sur le site officiel de Metrica\" \/>\n<meta property=\"og:url\" content=\"https:\/\/www.metrica.it\/fr\/produit\/micrometres-dexterieur-2\/\" \/>\n<meta property=\"og:site_name\" content=\"Metrica\" \/>\n<meta property=\"article:modified_time\" content=\"2024-09-16T18:41:58+00:00\" \/>\n<meta property=\"og:image\" content=\"https:\/\/www.metrica.it\/wp-content\/uploads\/2024\/05\/44065.jpg\" \/>\n\t<meta property=\"og:image:width\" content=\"800\" \/>\n\t<meta property=\"og:image:height\" content=\"800\" \/>\n\t<meta property=\"og:image:type\" content=\"image\/jpeg\" \/>\n<meta name=\"twitter:card\" content=\"summary_large_image\" \/>\n<script type=\"application\/ld+json\" class=\"yoast-schema-graph\">{\"@context\":\"https:\\\/\\\/schema.org\",\"@graph\":[{\"@type\":\"WebPage\",\"@id\":\"https:\\\/\\\/www.metrica.it\\\/fr\\\/produit\\\/micrometres-dexterieur-2\\\/\",\"url\":\"https:\\\/\\\/www.metrica.it\\\/fr\\\/produit\\\/micrometres-dexterieur-2\\\/\",\"name\":\"Micrometro Per Esterni | Microm\u00e8tres | Mesures M\u00e9caniques - Metrica\",\"isPartOf\":{\"@id\":\"https:\\\/\\\/www.metrica.it\\\/fr\\\/#website\"},\"primaryImageOfPage\":{\"@id\":\"https:\\\/\\\/www.metrica.it\\\/fr\\\/produit\\\/micrometres-dexterieur-2\\\/#primaryimage\"},\"image\":{\"@id\":\"https:\\\/\\\/www.metrica.it\\\/fr\\\/produit\\\/micrometres-dexterieur-2\\\/#primaryimage\"},\"thumbnailUrl\":\"https:\\\/\\\/www.metrica.it\\\/wp-content\\\/uploads\\\/2024\\\/05\\\/44065.jpg\",\"datePublished\":\"2024-09-16T09:54:40+00:00\",\"dateModified\":\"2024-09-16T18:41:58+00:00\",\"description\":\"D\u00e9couvrez la collection de produits., Micrometro Per Esterni - Microm\u00e8tres.Lettura 0,01 mm,Arco verniciato,Contatti in metallo duro &Oslash; 6,5 mm . Consultez le catalogue sur le site officiel de Metrica\",\"breadcrumb\":{\"@id\":\"https:\\\/\\\/www.metrica.it\\\/fr\\\/produit\\\/micrometres-dexterieur-2\\\/#breadcrumb\"},\"inLanguage\":\"fr-FR\",\"potentialAction\":[{\"@type\":\"ReadAction\",\"target\":[\"https:\\\/\\\/www.metrica.it\\\/fr\\\/produit\\\/micrometres-dexterieur-2\\\/\"]}]},{\"@type\":\"ImageObject\",\"inLanguage\":\"fr-FR\",\"@id\":\"https:\\\/\\\/www.metrica.it\\\/fr\\\/produit\\\/micrometres-dexterieur-2\\\/#primaryimage\",\"url\":\"https:\\\/\\\/www.metrica.it\\\/wp-content\\\/uploads\\\/2024\\\/05\\\/44065.jpg\",\"contentUrl\":\"https:\\\/\\\/www.metrica.it\\\/wp-content\\\/uploads\\\/2024\\\/05\\\/44065.jpg\",\"width\":800,\"height\":800},{\"@type\":\"BreadcrumbList\",\"@id\":\"https:\\\/\\\/www.metrica.it\\\/fr\\\/produit\\\/micrometres-dexterieur-2\\\/#breadcrumb\",\"itemListElement\":[{\"@type\":\"ListItem\",\"position\":1,\"name\":\"Home\",\"item\":\"https:\\\/\\\/www.metrica.it\\\/fr\\\/\"},{\"@type\":\"ListItem\",\"position\":2,\"name\":\"Catalogue\",\"item\":\"https:\\\/\\\/www.metrica.it\\\/fr\\\/catalogue\\\/\"},{\"@type\":\"ListItem\",\"position\":3,\"name\":\"Microm\u00e8tres D&#8217;ext\u00e9rieur\"}]},{\"@type\":\"WebSite\",\"@id\":\"https:\\\/\\\/www.metrica.it\\\/fr\\\/#website\",\"url\":\"https:\\\/\\\/www.metrica.it\\\/fr\\\/\",\"name\":\"Metrica\",\"description\":\"Made to measure\",\"potentialAction\":[{\"@type\":\"SearchAction\",\"target\":{\"@type\":\"EntryPoint\",\"urlTemplate\":\"https:\\\/\\\/www.metrica.it\\\/fr\\\/?s={search_term_string}\"},\"query-input\":{\"@type\":\"PropertyValueSpecification\",\"valueRequired\":true,\"valueName\":\"search_term_string\"}}],\"inLanguage\":\"fr-FR\"}]}<\/script>","yoast_head_json":{"title":"Micrometro Per Esterni | Microm\u00e8tres | Mesures M\u00e9caniques - Metrica","description":"D\u00e9couvrez la collection de produits., Micrometro Per Esterni - Microm\u00e8tres.Lettura 0,01 mm,Arco verniciato,Contatti in metallo duro &Oslash; 6,5 mm . Consultez le catalogue sur le site officiel de Metrica","robots":{"index":"index","follow":"follow","max-snippet":"max-snippet:-1","max-image-preview":"max-image-preview:large","max-video-preview":"max-video-preview:-1"},"canonical":"https:\/\/www.metrica.it\/fr\/produit\/micrometres-dexterieur-2\/","og_locale":"fr_FR","og_type":"article","og_title":"Micrometro Per Esterni | Microm\u00e8tres | Mesures M\u00e9caniques - Metrica","og_description":"D\u00e9couvrez la collection de produits., Micrometro Per Esterni - Microm\u00e8tres.Lettura 0,01 mm,Arco verniciato,Contatti in metallo duro &Oslash; 6,5 mm . Consultez le catalogue sur le site officiel de Metrica","og_url":"https:\/\/www.metrica.it\/fr\/produit\/micrometres-dexterieur-2\/","og_site_name":"Metrica","article_modified_time":"2024-09-16T18:41:58+00:00","og_image":[{"width":800,"height":800,"url":"https:\/\/www.metrica.it\/wp-content\/uploads\/2024\/05\/44065.jpg","type":"image\/jpeg"}],"twitter_card":"summary_large_image","schema":{"@context":"https:\/\/schema.org","@graph":[{"@type":"WebPage","@id":"https:\/\/www.metrica.it\/fr\/produit\/micrometres-dexterieur-2\/","url":"https:\/\/www.metrica.it\/fr\/produit\/micrometres-dexterieur-2\/","name":"Micrometro Per Esterni | Microm\u00e8tres | Mesures M\u00e9caniques - Metrica","isPartOf":{"@id":"https:\/\/www.metrica.it\/fr\/#website"},"primaryImageOfPage":{"@id":"https:\/\/www.metrica.it\/fr\/produit\/micrometres-dexterieur-2\/#primaryimage"},"image":{"@id":"https:\/\/www.metrica.it\/fr\/produit\/micrometres-dexterieur-2\/#primaryimage"},"thumbnailUrl":"https:\/\/www.metrica.it\/wp-content\/uploads\/2024\/05\/44065.jpg","datePublished":"2024-09-16T09:54:40+00:00","dateModified":"2024-09-16T18:41:58+00:00","description":"D\u00e9couvrez la collection de produits., Micrometro Per Esterni - Microm\u00e8tres.Lettura 0,01 mm,Arco verniciato,Contatti in metallo duro &Oslash; 6,5 mm . Consultez le catalogue sur le site officiel de Metrica","breadcrumb":{"@id":"https:\/\/www.metrica.it\/fr\/produit\/micrometres-dexterieur-2\/#breadcrumb"},"inLanguage":"fr-FR","potentialAction":[{"@type":"ReadAction","target":["https:\/\/www.metrica.it\/fr\/produit\/micrometres-dexterieur-2\/"]}]},{"@type":"ImageObject","inLanguage":"fr-FR","@id":"https:\/\/www.metrica.it\/fr\/produit\/micrometres-dexterieur-2\/#primaryimage","url":"https:\/\/www.metrica.it\/wp-content\/uploads\/2024\/05\/44065.jpg","contentUrl":"https:\/\/www.metrica.it\/wp-content\/uploads\/2024\/05\/44065.jpg","width":800,"height":800},{"@type":"BreadcrumbList","@id":"https:\/\/www.metrica.it\/fr\/produit\/micrometres-dexterieur-2\/#breadcrumb","itemListElement":[{"@type":"ListItem","position":1,"name":"Home","item":"https:\/\/www.metrica.it\/fr\/"},{"@type":"ListItem","position":2,"name":"Catalogue","item":"https:\/\/www.metrica.it\/fr\/catalogue\/"},{"@type":"ListItem","position":3,"name":"Microm\u00e8tres D&#8217;ext\u00e9rieur"}]},{"@type":"WebSite","@id":"https:\/\/www.metrica.it\/fr\/#website","url":"https:\/\/www.metrica.it\/fr\/","name":"Metrica","description":"Made to measure","potentialAction":[{"@type":"SearchAction","target":{"@type":"EntryPoint","urlTemplate":"https:\/\/www.metrica.it\/fr\/?s={search_term_string}"},"query-input":{"@type":"PropertyValueSpecification","valueRequired":true,"valueName":"search_term_string"}}],"inLanguage":"fr-FR"}]}},"meta_box":{"awr_documentation":[],"awr_manuale":[],"awr_scheda_tecnica":"","awr_youtube_video":"","awr_classe_prodotto":"","awr_customize_product":"0","awr_custom_image":false,"awr_related_products":[{"awr_product_name":"Micrometro Per Esterni","awr_product_references":"ref:44065|ean:8001066440658|a_mm:100 - 125|unit_misura_mm_mm:0.01|pack:1"},{"awr_product_name":"Micrometro Per Esterni","awr_product_references":"ref:44066|ean:8001066440665|a_mm:125 - 150|unit_misura_mm_mm:0.01|pack:1"},{"awr_product_name":"Micrometro Per Esterni","awr_product_references":"ref:44067|ean:8001066440672|a_mm:150 - 175|unit_misura_mm_mm:0.01|pack:1"},{"awr_product_name":"Micrometro Per Esterni","awr_product_references":"ref:44068|ean:8001066440689|a_mm:175 - 200|unit_misura_mm_mm:0.01|pack:1"},{"awr_product_name":"Micrometro Per Esterni","awr_product_references":"ref:44069|ean:8001066440696|a_mm:200 - 225|unit_misura_mm_mm:0.01|pack:1"}],"awr_consumabili":"","awr_alternativi":"","awr_aliases":"44065,44066,44067,44068,44069","awr_skuid":"44065-it"},"_links":{"self":[{"href":"https:\/\/www.metrica.it\/fr\/wp-json\/wp\/v2\/product\/143770","targetHints":{"allow":["GET"]}}],"collection":[{"href":"https:\/\/www.metrica.it\/fr\/wp-json\/wp\/v2\/product"}],"about":[{"href":"https:\/\/www.metrica.it\/fr\/wp-json\/wp\/v2\/types\/product"}],"wp:featuredmedia":[{"embeddable":true,"href":"https:\/\/www.metrica.it\/fr\/wp-json\/wp\/v2\/media\/119199"}],"wp:attachment":[{"href":"https:\/\/www.metrica.it\/fr\/wp-json\/wp\/v2\/media?parent=143770"}],"wp:term":[{"taxonomy":"product_cat","embeddable":true,"href":"https:\/\/www.metrica.it\/fr\/wp-json\/wp\/v2\/product_cat?post=143770"},{"taxonomy":"product_tag","embeddable":true,"href":"https:\/\/www.metrica.it\/fr\/wp-json\/wp\/v2\/product_tag?post=143770"}],"curies":[{"name":"wp","href":"https:\/\/api.w.org\/{rel}","templated":true}]}}