{"id":143775,"date":"2024-09-16T11:46:05","date_gmt":"2024-09-16T09:46:05","guid":{"rendered":"https:\/\/www.metrica.it\/prodotto\/1-metre-fibre-de-verre-decimales-rouges\/"},"modified":"2024-09-16T20:35:04","modified_gmt":"2024-09-16T18:35:04","slug":"1-metre-fibre-de-verre-decimales-rouges","status":"publish","type":"product","link":"https:\/\/www.metrica.it\/fr\/produit\/1-metre-fibre-de-verre-decimales-rouges\/","title":{"rendered":"1 M\u00e8tre &#8211; Fibre De Verre &#8211; D\u00e9cimales Rouges"},"content":{"rendered":"<ul>\n<li>Mod\u00e8le de poche<\/li>\n<li>Graduation grav\u00e9e avec d\u00e9cimales en rouge<\/li>\n<li>Charni\u00e8res avec double ressort anti-usure et encliquetage \u00e0 90\u00b0<\/li>\n<li>Non conducteur, lavable et il ne raye pas la surface<\/li>\n<\/ul>\n","protected":false},"excerpt":{"rendered":"<p>Mod\u00e8le de poche<br \/>Graduation grav\u00e9e avec d\u00e9cimales en rouge<br \/>Charni\u00e8res avec double ressort anti-usure et encliquetage \u00e0 90\u00b0<br \/>Non conducteur, lavable et il ne raye pas la surface<\/p>\n","protected":false},"featured_media":125375,"template":"","meta":[],"product_cat":[49,593],"product_tag":[],"class_list":{"0":"post-143775","1":"product","2":"type-product","3":"status-publish","4":"has-post-thumbnail","6":"product_cat-mesures-de-longueur","7":"product_cat-metres-pliants-metres-de-couturiers","9":"first","10":"instock","11":"sold-individually","12":"product-type-simple"},"yoast_head":"<title>1 Metro - Fibra Di Vetro - Decimali Rossi | M\u00e8tres pliants - m\u00e8tres de couturies | Mesures de Longueur - Metrica<\/title>\n<meta name=\"description\" content=\"D\u00e9couvrez la collection de produits., 1 Metro - Fibra Di Vetro - Decimali Rossi - M\u00e8tres pliants - m\u00e8tres de couturies.Tascabile,Graduazione incisa con decimali rossi,Snodi con doppia molla antiu . Consultez le catalogue sur le site officiel de Metrica\" \/>\n<meta name=\"robots\" content=\"index, follow, max-snippet:-1, max-image-preview:large, max-video-preview:-1\" \/>\n<link rel=\"canonical\" href=\"https:\/\/www.metrica.it\/fr\/produit\/1-metre-fibre-de-verre-decimales-rouges\/\" \/>\n<meta property=\"og:locale\" content=\"fr_FR\" \/>\n<meta property=\"og:type\" content=\"article\" \/>\n<meta property=\"og:title\" content=\"1 Metro - Fibra Di Vetro - Decimali Rossi | M\u00e8tres pliants - m\u00e8tres de couturies | Mesures de Longueur - Metrica\" \/>\n<meta property=\"og:description\" content=\"D\u00e9couvrez la collection de produits., 1 Metro - Fibra Di Vetro - Decimali Rossi - M\u00e8tres pliants - m\u00e8tres de couturies.Tascabile,Graduazione incisa con decimali rossi,Snodi con doppia molla antiu . Consultez le catalogue sur le site officiel de Metrica\" \/>\n<meta property=\"og:url\" content=\"https:\/\/www.metrica.it\/fr\/produit\/1-metre-fibre-de-verre-decimales-rouges\/\" \/>\n<meta property=\"og:site_name\" content=\"Metrica\" \/>\n<meta property=\"article:modified_time\" content=\"2024-09-16T18:35:04+00:00\" \/>\n<meta property=\"og:image\" content=\"https:\/\/www.metrica.it\/wp-content\/uploads\/2024\/05\/19043_1.jpg\" \/>\n\t<meta property=\"og:image:width\" content=\"800\" \/>\n\t<meta property=\"og:image:height\" content=\"800\" \/>\n\t<meta property=\"og:image:type\" content=\"image\/jpeg\" \/>\n<meta name=\"twitter:card\" content=\"summary_large_image\" \/>\n<script type=\"application\/ld+json\" class=\"yoast-schema-graph\">{\"@context\":\"https:\\\/\\\/schema.org\",\"@graph\":[{\"@type\":\"WebPage\",\"@id\":\"https:\\\/\\\/www.metrica.it\\\/fr\\\/produit\\\/1-metre-fibre-de-verre-decimales-rouges\\\/\",\"url\":\"https:\\\/\\\/www.metrica.it\\\/fr\\\/produit\\\/1-metre-fibre-de-verre-decimales-rouges\\\/\",\"name\":\"1 Metro - Fibra Di Vetro - Decimali Rossi | M\u00e8tres pliants - m\u00e8tres de couturies | Mesures de Longueur - Metrica\",\"isPartOf\":{\"@id\":\"https:\\\/\\\/www.metrica.it\\\/fr\\\/#website\"},\"primaryImageOfPage\":{\"@id\":\"https:\\\/\\\/www.metrica.it\\\/fr\\\/produit\\\/1-metre-fibre-de-verre-decimales-rouges\\\/#primaryimage\"},\"image\":{\"@id\":\"https:\\\/\\\/www.metrica.it\\\/fr\\\/produit\\\/1-metre-fibre-de-verre-decimales-rouges\\\/#primaryimage\"},\"thumbnailUrl\":\"https:\\\/\\\/www.metrica.it\\\/wp-content\\\/uploads\\\/2024\\\/05\\\/19043_1.jpg\",\"datePublished\":\"2024-09-16T09:46:05+00:00\",\"dateModified\":\"2024-09-16T18:35:04+00:00\",\"description\":\"D\u00e9couvrez la collection de produits., 1 Metro - Fibra Di Vetro - Decimali Rossi - M\u00e8tres pliants - m\u00e8tres de couturies.Tascabile,Graduazione incisa con decimali rossi,Snodi con doppia molla antiu . Consultez le catalogue sur le site officiel de Metrica\",\"breadcrumb\":{\"@id\":\"https:\\\/\\\/www.metrica.it\\\/fr\\\/produit\\\/1-metre-fibre-de-verre-decimales-rouges\\\/#breadcrumb\"},\"inLanguage\":\"fr-FR\",\"potentialAction\":[{\"@type\":\"ReadAction\",\"target\":[\"https:\\\/\\\/www.metrica.it\\\/fr\\\/produit\\\/1-metre-fibre-de-verre-decimales-rouges\\\/\"]}]},{\"@type\":\"ImageObject\",\"inLanguage\":\"fr-FR\",\"@id\":\"https:\\\/\\\/www.metrica.it\\\/fr\\\/produit\\\/1-metre-fibre-de-verre-decimales-rouges\\\/#primaryimage\",\"url\":\"https:\\\/\\\/www.metrica.it\\\/wp-content\\\/uploads\\\/2024\\\/05\\\/19043_1.jpg\",\"contentUrl\":\"https:\\\/\\\/www.metrica.it\\\/wp-content\\\/uploads\\\/2024\\\/05\\\/19043_1.jpg\",\"width\":800,\"height\":800},{\"@type\":\"BreadcrumbList\",\"@id\":\"https:\\\/\\\/www.metrica.it\\\/fr\\\/produit\\\/1-metre-fibre-de-verre-decimales-rouges\\\/#breadcrumb\",\"itemListElement\":[{\"@type\":\"ListItem\",\"position\":1,\"name\":\"Home\",\"item\":\"https:\\\/\\\/www.metrica.it\\\/fr\\\/\"},{\"@type\":\"ListItem\",\"position\":2,\"name\":\"Catalogue\",\"item\":\"https:\\\/\\\/www.metrica.it\\\/fr\\\/catalogue\\\/\"},{\"@type\":\"ListItem\",\"position\":3,\"name\":\"1 M\u00e8tre &#8211; Fibre De Verre &#8211; D\u00e9cimales Rouges\"}]},{\"@type\":\"WebSite\",\"@id\":\"https:\\\/\\\/www.metrica.it\\\/fr\\\/#website\",\"url\":\"https:\\\/\\\/www.metrica.it\\\/fr\\\/\",\"name\":\"Metrica\",\"description\":\"Made to measure\",\"potentialAction\":[{\"@type\":\"SearchAction\",\"target\":{\"@type\":\"EntryPoint\",\"urlTemplate\":\"https:\\\/\\\/www.metrica.it\\\/fr\\\/?s={search_term_string}\"},\"query-input\":{\"@type\":\"PropertyValueSpecification\",\"valueRequired\":true,\"valueName\":\"search_term_string\"}}],\"inLanguage\":\"fr-FR\"}]}<\/script>","yoast_head_json":{"title":"1 Metro - Fibra Di Vetro - Decimali Rossi | M\u00e8tres pliants - m\u00e8tres de couturies | Mesures de Longueur - Metrica","description":"D\u00e9couvrez la collection de produits., 1 Metro - Fibra Di Vetro - Decimali Rossi - M\u00e8tres pliants - m\u00e8tres de couturies.Tascabile,Graduazione incisa con decimali rossi,Snodi con doppia molla antiu . Consultez le catalogue sur le site officiel de Metrica","robots":{"index":"index","follow":"follow","max-snippet":"max-snippet:-1","max-image-preview":"max-image-preview:large","max-video-preview":"max-video-preview:-1"},"canonical":"https:\/\/www.metrica.it\/fr\/produit\/1-metre-fibre-de-verre-decimales-rouges\/","og_locale":"fr_FR","og_type":"article","og_title":"1 Metro - Fibra Di Vetro - Decimali Rossi | M\u00e8tres pliants - m\u00e8tres de couturies | Mesures de Longueur - Metrica","og_description":"D\u00e9couvrez la collection de produits., 1 Metro - Fibra Di Vetro - Decimali Rossi - M\u00e8tres pliants - m\u00e8tres de couturies.Tascabile,Graduazione incisa con decimali rossi,Snodi con doppia molla antiu . Consultez le catalogue sur le site officiel de Metrica","og_url":"https:\/\/www.metrica.it\/fr\/produit\/1-metre-fibre-de-verre-decimales-rouges\/","og_site_name":"Metrica","article_modified_time":"2024-09-16T18:35:04+00:00","og_image":[{"width":800,"height":800,"url":"https:\/\/www.metrica.it\/wp-content\/uploads\/2024\/05\/19043_1.jpg","type":"image\/jpeg"}],"twitter_card":"summary_large_image","schema":{"@context":"https:\/\/schema.org","@graph":[{"@type":"WebPage","@id":"https:\/\/www.metrica.it\/fr\/produit\/1-metre-fibre-de-verre-decimales-rouges\/","url":"https:\/\/www.metrica.it\/fr\/produit\/1-metre-fibre-de-verre-decimales-rouges\/","name":"1 Metro - Fibra Di Vetro - Decimali Rossi | M\u00e8tres pliants - m\u00e8tres de couturies | Mesures de Longueur - Metrica","isPartOf":{"@id":"https:\/\/www.metrica.it\/fr\/#website"},"primaryImageOfPage":{"@id":"https:\/\/www.metrica.it\/fr\/produit\/1-metre-fibre-de-verre-decimales-rouges\/#primaryimage"},"image":{"@id":"https:\/\/www.metrica.it\/fr\/produit\/1-metre-fibre-de-verre-decimales-rouges\/#primaryimage"},"thumbnailUrl":"https:\/\/www.metrica.it\/wp-content\/uploads\/2024\/05\/19043_1.jpg","datePublished":"2024-09-16T09:46:05+00:00","dateModified":"2024-09-16T18:35:04+00:00","description":"D\u00e9couvrez la collection de produits., 1 Metro - Fibra Di Vetro - Decimali Rossi - M\u00e8tres pliants - m\u00e8tres de couturies.Tascabile,Graduazione incisa con decimali rossi,Snodi con doppia molla antiu . Consultez le catalogue sur le site officiel de Metrica","breadcrumb":{"@id":"https:\/\/www.metrica.it\/fr\/produit\/1-metre-fibre-de-verre-decimales-rouges\/#breadcrumb"},"inLanguage":"fr-FR","potentialAction":[{"@type":"ReadAction","target":["https:\/\/www.metrica.it\/fr\/produit\/1-metre-fibre-de-verre-decimales-rouges\/"]}]},{"@type":"ImageObject","inLanguage":"fr-FR","@id":"https:\/\/www.metrica.it\/fr\/produit\/1-metre-fibre-de-verre-decimales-rouges\/#primaryimage","url":"https:\/\/www.metrica.it\/wp-content\/uploads\/2024\/05\/19043_1.jpg","contentUrl":"https:\/\/www.metrica.it\/wp-content\/uploads\/2024\/05\/19043_1.jpg","width":800,"height":800},{"@type":"BreadcrumbList","@id":"https:\/\/www.metrica.it\/fr\/produit\/1-metre-fibre-de-verre-decimales-rouges\/#breadcrumb","itemListElement":[{"@type":"ListItem","position":1,"name":"Home","item":"https:\/\/www.metrica.it\/fr\/"},{"@type":"ListItem","position":2,"name":"Catalogue","item":"https:\/\/www.metrica.it\/fr\/catalogue\/"},{"@type":"ListItem","position":3,"name":"1 M\u00e8tre &#8211; Fibre De Verre &#8211; D\u00e9cimales Rouges"}]},{"@type":"WebSite","@id":"https:\/\/www.metrica.it\/fr\/#website","url":"https:\/\/www.metrica.it\/fr\/","name":"Metrica","description":"Made to measure","potentialAction":[{"@type":"SearchAction","target":{"@type":"EntryPoint","urlTemplate":"https:\/\/www.metrica.it\/fr\/?s={search_term_string}"},"query-input":{"@type":"PropertyValueSpecification","valueRequired":true,"valueName":"search_term_string"}}],"inLanguage":"fr-FR"}]}},"meta_box":{"awr_documentation":[],"awr_manuale":[],"awr_scheda_tecnica":"","awr_youtube_video":"","awr_classe_prodotto":"CE_3","awr_customize_product":"1","awr_custom_image":{"width":96,"height":96,"file":"2024\/05\/19043.jpg","filesize":333501,"sizes":{"dgwt-wcas-product-suggestion":{"file":"19043-64x64.jpg","width":64,"height":64,"mime-type":"image\/jpeg","filesize":1193,"url":"https:\/\/www.metrica.it\/wp-content\/uploads\/2024\/05\/19043-64x64.jpg"},"hongo-product-icon-image":{"file":"19043-64x64.jpg","width":64,"height":64,"mime-type":"image\/jpeg","filesize":1193,"url":"https:\/\/www.metrica.it\/wp-content\/uploads\/2024\/05\/19043-64x64.jpg"},"hongo-product-small-image":{"file":"19043-84x84.jpg","width":84,"height":84,"mime-type":"image\/jpeg","filesize":1636,"url":"https:\/\/www.metrica.it\/wp-content\/uploads\/2024\/05\/19043-84x84.jpg"},"hongo-medium-image":{"file":"19043-450x450.jpg","width":450,"height":450,"mime-type":"image\/jpeg","filesize":21015,"url":"https:\/\/www.metrica.it\/wp-content\/uploads\/2024\/05\/19043-450x450.jpg"},"post-thumbnail":{"file":"19043-790x790.jpg","width":790,"height":790,"mime-type":"image\/jpeg","filesize":52362,"url":"https:\/\/www.metrica.it\/wp-content\/uploads\/2024\/05\/19043-790x790.jpg"},"hongo-shop-image":{"file":"19043-660x660.jpg","width":660,"height":660,"mime-type":"image\/jpeg","filesize":40368,"url":"https:\/\/www.metrica.it\/wp-content\/uploads\/2024\/05\/19043-660x660.jpg"}},"image_meta":{"aperture":"0","credit":"","camera":"","caption":"","created_timestamp":"0","copyright":"","focal_length":"0","iso":"0","shutter_speed":"0","title":"","orientation":"1","keywords":[]},"ID":"125370","name":"19043.jpg","path":"\/var\/www\/html\/wp-content\/uploads\/2024\/05\/19043.jpg","url":"https:\/\/www.metrica.it\/wp-content\/uploads\/2024\/05\/19043.jpg","full_url":"https:\/\/www.metrica.it\/wp-content\/uploads\/2024\/05\/19043.jpg","title":"19043.jpg","caption":"","description":"","alt":"","srcset":"https:\/\/www.metrica.it\/wp-content\/uploads\/2024\/05\/19043.jpg 800w, https:\/\/www.metrica.it\/wp-content\/uploads\/2024\/05\/19043-64x64.jpg 64w, https:\/\/www.metrica.it\/wp-content\/uploads\/2024\/05\/19043-84x84.jpg 84w, https:\/\/www.metrica.it\/wp-content\/uploads\/2024\/05\/19043-450x450.jpg 450w, https:\/\/www.metrica.it\/wp-content\/uploads\/2024\/05\/19043-790x790.jpg 790w, https:\/\/www.metrica.it\/wp-content\/uploads\/2024\/05\/19043-660x660.jpg 660w"},"awr_related_products":[{"awr_product_name":"1 Metro - Fibra Di Vetro - Decimali Rossi","awr_product_references":"ref:09043|ean:8001066090433|l:1 m|aste:10|unit_misura:mm|num_pz_gdo:10"},{"awr_product_name":"1 Metro - Fibra Di Vetro - Decimali Rossi","awr_product_references":"ref:19043|ean:8001066190430|l:1 m|aste:10|unit_misura:mm|pack:12"}],"awr_consumabili":"","awr_alternativi":"","awr_aliases":"09043,19043","awr_skuid":"19043-it"},"_links":{"self":[{"href":"https:\/\/www.metrica.it\/fr\/wp-json\/wp\/v2\/product\/143775","targetHints":{"allow":["GET"]}}],"collection":[{"href":"https:\/\/www.metrica.it\/fr\/wp-json\/wp\/v2\/product"}],"about":[{"href":"https:\/\/www.metrica.it\/fr\/wp-json\/wp\/v2\/types\/product"}],"wp:featuredmedia":[{"embeddable":true,"href":"https:\/\/www.metrica.it\/fr\/wp-json\/wp\/v2\/media\/125375"}],"wp:attachment":[{"href":"https:\/\/www.metrica.it\/fr\/wp-json\/wp\/v2\/media?parent=143775"}],"wp:term":[{"taxonomy":"product_cat","embeddable":true,"href":"https:\/\/www.metrica.it\/fr\/wp-json\/wp\/v2\/product_cat?post=143775"},{"taxonomy":"product_tag","embeddable":true,"href":"https:\/\/www.metrica.it\/fr\/wp-json\/wp\/v2\/product_tag?post=143775"}],"curies":[{"name":"wp","href":"https:\/\/api.w.org\/{rel}","templated":true}]}}