{"id":143790,"date":"2024-09-16T12:21:08","date_gmt":"2024-09-16T10:21:08","guid":{"rendered":"https:\/\/www.metrica.it\/prodotto\/trepied-a-cremaillere\/"},"modified":"2024-09-16T21:10:13","modified_gmt":"2024-09-16T19:10:13","slug":"trepied-a-cremaillere","status":"publish","type":"product","link":"https:\/\/www.metrica.it\/fr\/produit\/trepied-a-cremaillere\/","title":{"rendered":"Tr\u00e9pied \u00c0 Cr\u00e9maill\u00e8re"},"content":{"rendered":"<ul>\n<li>Mod\u00e8le professionnel, robuste<\/li>\n<li>\u00c9l\u00e9vation \u00e0 cr\u00e9maill\u00e8re gradu\u00e9e<\/li>\n<li>Levier de verrouillage, cha\u00eene de s\u00e9curit\u00e9<\/li>\n<li>Fiole pour centrage<\/li>\n<li>Filetage 5\/8&Prime;, plateau \u00d8 110 mm<\/li>\n<li>Dragonne<\/li>\n<li>Pieds en caoutchouc pour applications int\u00e9rieures et \u00e0 pointe pour applications ext\u00e9rieures<\/li>\n<li>R\u00e9f. 60582 avec tige t\u00e9lescopique de 84 cm<\/li>\n<li>Poids: 5,4 Kg (R\u00e9f. 60581)<\/li>\n<li>Poids: 6 Kg (R\u00e9f. 60582)<\/li>\n<\/ul>\n","protected":false},"excerpt":{"rendered":"<p>Mod\u00e8le professionnel, robuste<br \/>\u00c9l\u00e9vation \u00e0 cr\u00e9maill\u00e8re gradu\u00e9e<br \/>Levier de verrouillage, cha\u00eene de s\u00e9curit\u00e9<br \/>Fiole pour centrage<br \/>Filetage 5\/8&Prime;, plateau \u00d8 110 mm<br \/>Dragonne<br \/>Pieds en caoutchouc pour applications int\u00e9rieures et \u00e0 pointe pour applications ext\u00e9rieures<br \/>R\u00e9f. 60582 avec tige t\u00e9lescopique de 84 cm<br \/>Poids: 5,4 Kg (R\u00e9f. 60581)<br \/>Poids: 6 Kg (R\u00e9f. 60582)<\/p>\n","protected":false},"featured_media":128860,"template":"","meta":[],"product_cat":[515,546],"product_tag":[],"class_list":{"0":"post-143790","1":"product","2":"type-product","3":"status-publish","4":"has-post-thumbnail","6":"product_cat-laser-et-cameras-thermiques","7":"product_cat-trepieds","9":"first","10":"instock","11":"sold-individually","12":"product-type-simple"},"yoast_head":"<title>Treppiede Ad Elevazione | Tr\u00e9pieds | Laser et Cam\u00e9ras Thermiques - Metrica<\/title>\n<meta name=\"description\" content=\"D\u00e9couvrez la collection de produits., Treppiede Ad Elevazione - Tr\u00e9pieds.Modello professionale robusto,Elevazione a cremagliera graduata,Bloccaggio a leva, catenella di sicurezza . Consultez le catalogue sur le site officiel de Metrica\" \/>\n<meta name=\"robots\" content=\"index, follow, max-snippet:-1, max-image-preview:large, max-video-preview:-1\" \/>\n<link rel=\"canonical\" href=\"https:\/\/www.metrica.it\/fr\/produit\/trepied-a-cremaillere\/\" \/>\n<meta property=\"og:locale\" content=\"fr_FR\" \/>\n<meta property=\"og:type\" content=\"article\" \/>\n<meta property=\"og:title\" content=\"Treppiede Ad Elevazione | Tr\u00e9pieds | Laser et Cam\u00e9ras Thermiques - Metrica\" \/>\n<meta property=\"og:description\" content=\"D\u00e9couvrez la collection de produits., Treppiede Ad Elevazione - Tr\u00e9pieds.Modello professionale robusto,Elevazione a cremagliera graduata,Bloccaggio a leva, catenella di sicurezza . Consultez le catalogue sur le site officiel de Metrica\" \/>\n<meta property=\"og:url\" content=\"https:\/\/www.metrica.it\/fr\/produit\/trepied-a-cremaillere\/\" \/>\n<meta property=\"og:site_name\" content=\"Metrica\" \/>\n<meta property=\"article:modified_time\" content=\"2024-09-16T19:10:13+00:00\" \/>\n<meta property=\"og:image\" content=\"https:\/\/www.metrica.it\/wp-content\/uploads\/2024\/06\/60581_60582_2.jpg\" \/>\n\t<meta property=\"og:image:width\" content=\"800\" \/>\n\t<meta property=\"og:image:height\" content=\"800\" \/>\n\t<meta property=\"og:image:type\" content=\"image\/jpeg\" \/>\n<meta name=\"twitter:card\" content=\"summary_large_image\" \/>\n<script type=\"application\/ld+json\" class=\"yoast-schema-graph\">{\"@context\":\"https:\\\/\\\/schema.org\",\"@graph\":[{\"@type\":\"WebPage\",\"@id\":\"https:\\\/\\\/www.metrica.it\\\/fr\\\/produit\\\/trepied-a-cremaillere\\\/\",\"url\":\"https:\\\/\\\/www.metrica.it\\\/fr\\\/produit\\\/trepied-a-cremaillere\\\/\",\"name\":\"Treppiede Ad Elevazione | Tr\u00e9pieds | Laser et Cam\u00e9ras Thermiques - Metrica\",\"isPartOf\":{\"@id\":\"https:\\\/\\\/www.metrica.it\\\/fr\\\/#website\"},\"primaryImageOfPage\":{\"@id\":\"https:\\\/\\\/www.metrica.it\\\/fr\\\/produit\\\/trepied-a-cremaillere\\\/#primaryimage\"},\"image\":{\"@id\":\"https:\\\/\\\/www.metrica.it\\\/fr\\\/produit\\\/trepied-a-cremaillere\\\/#primaryimage\"},\"thumbnailUrl\":\"https:\\\/\\\/www.metrica.it\\\/wp-content\\\/uploads\\\/2024\\\/06\\\/60581_60582_2.jpg\",\"datePublished\":\"2024-09-16T10:21:08+00:00\",\"dateModified\":\"2024-09-16T19:10:13+00:00\",\"description\":\"D\u00e9couvrez la collection de produits., Treppiede Ad Elevazione - Tr\u00e9pieds.Modello professionale robusto,Elevazione a cremagliera graduata,Bloccaggio a leva, catenella di sicurezza . Consultez le catalogue sur le site officiel de Metrica\",\"breadcrumb\":{\"@id\":\"https:\\\/\\\/www.metrica.it\\\/fr\\\/produit\\\/trepied-a-cremaillere\\\/#breadcrumb\"},\"inLanguage\":\"fr-FR\",\"potentialAction\":[{\"@type\":\"ReadAction\",\"target\":[\"https:\\\/\\\/www.metrica.it\\\/fr\\\/produit\\\/trepied-a-cremaillere\\\/\"]}]},{\"@type\":\"ImageObject\",\"inLanguage\":\"fr-FR\",\"@id\":\"https:\\\/\\\/www.metrica.it\\\/fr\\\/produit\\\/trepied-a-cremaillere\\\/#primaryimage\",\"url\":\"https:\\\/\\\/www.metrica.it\\\/wp-content\\\/uploads\\\/2024\\\/06\\\/60581_60582_2.jpg\",\"contentUrl\":\"https:\\\/\\\/www.metrica.it\\\/wp-content\\\/uploads\\\/2024\\\/06\\\/60581_60582_2.jpg\",\"width\":800,\"height\":800},{\"@type\":\"BreadcrumbList\",\"@id\":\"https:\\\/\\\/www.metrica.it\\\/fr\\\/produit\\\/trepied-a-cremaillere\\\/#breadcrumb\",\"itemListElement\":[{\"@type\":\"ListItem\",\"position\":1,\"name\":\"Home\",\"item\":\"https:\\\/\\\/www.metrica.it\\\/fr\\\/\"},{\"@type\":\"ListItem\",\"position\":2,\"name\":\"Catalogue\",\"item\":\"https:\\\/\\\/www.metrica.it\\\/fr\\\/catalogue\\\/\"},{\"@type\":\"ListItem\",\"position\":3,\"name\":\"Tr\u00e9pied \u00c0 Cr\u00e9maill\u00e8re\"}]},{\"@type\":\"WebSite\",\"@id\":\"https:\\\/\\\/www.metrica.it\\\/fr\\\/#website\",\"url\":\"https:\\\/\\\/www.metrica.it\\\/fr\\\/\",\"name\":\"Metrica\",\"description\":\"Made to measure\",\"potentialAction\":[{\"@type\":\"SearchAction\",\"target\":{\"@type\":\"EntryPoint\",\"urlTemplate\":\"https:\\\/\\\/www.metrica.it\\\/fr\\\/?s={search_term_string}\"},\"query-input\":{\"@type\":\"PropertyValueSpecification\",\"valueRequired\":true,\"valueName\":\"search_term_string\"}}],\"inLanguage\":\"fr-FR\"}]}<\/script>","yoast_head_json":{"title":"Treppiede Ad Elevazione | Tr\u00e9pieds | Laser et Cam\u00e9ras Thermiques - Metrica","description":"D\u00e9couvrez la collection de produits., Treppiede Ad Elevazione - Tr\u00e9pieds.Modello professionale robusto,Elevazione a cremagliera graduata,Bloccaggio a leva, catenella di sicurezza . Consultez le catalogue sur le site officiel de Metrica","robots":{"index":"index","follow":"follow","max-snippet":"max-snippet:-1","max-image-preview":"max-image-preview:large","max-video-preview":"max-video-preview:-1"},"canonical":"https:\/\/www.metrica.it\/fr\/produit\/trepied-a-cremaillere\/","og_locale":"fr_FR","og_type":"article","og_title":"Treppiede Ad Elevazione | Tr\u00e9pieds | Laser et Cam\u00e9ras Thermiques - Metrica","og_description":"D\u00e9couvrez la collection de produits., Treppiede Ad Elevazione - Tr\u00e9pieds.Modello professionale robusto,Elevazione a cremagliera graduata,Bloccaggio a leva, catenella di sicurezza . Consultez le catalogue sur le site officiel de Metrica","og_url":"https:\/\/www.metrica.it\/fr\/produit\/trepied-a-cremaillere\/","og_site_name":"Metrica","article_modified_time":"2024-09-16T19:10:13+00:00","og_image":[{"width":800,"height":800,"url":"https:\/\/www.metrica.it\/wp-content\/uploads\/2024\/06\/60581_60582_2.jpg","type":"image\/jpeg"}],"twitter_card":"summary_large_image","schema":{"@context":"https:\/\/schema.org","@graph":[{"@type":"WebPage","@id":"https:\/\/www.metrica.it\/fr\/produit\/trepied-a-cremaillere\/","url":"https:\/\/www.metrica.it\/fr\/produit\/trepied-a-cremaillere\/","name":"Treppiede Ad Elevazione | Tr\u00e9pieds | Laser et Cam\u00e9ras Thermiques - Metrica","isPartOf":{"@id":"https:\/\/www.metrica.it\/fr\/#website"},"primaryImageOfPage":{"@id":"https:\/\/www.metrica.it\/fr\/produit\/trepied-a-cremaillere\/#primaryimage"},"image":{"@id":"https:\/\/www.metrica.it\/fr\/produit\/trepied-a-cremaillere\/#primaryimage"},"thumbnailUrl":"https:\/\/www.metrica.it\/wp-content\/uploads\/2024\/06\/60581_60582_2.jpg","datePublished":"2024-09-16T10:21:08+00:00","dateModified":"2024-09-16T19:10:13+00:00","description":"D\u00e9couvrez la collection de produits., Treppiede Ad Elevazione - Tr\u00e9pieds.Modello professionale robusto,Elevazione a cremagliera graduata,Bloccaggio a leva, catenella di sicurezza . Consultez le catalogue sur le site officiel de Metrica","breadcrumb":{"@id":"https:\/\/www.metrica.it\/fr\/produit\/trepied-a-cremaillere\/#breadcrumb"},"inLanguage":"fr-FR","potentialAction":[{"@type":"ReadAction","target":["https:\/\/www.metrica.it\/fr\/produit\/trepied-a-cremaillere\/"]}]},{"@type":"ImageObject","inLanguage":"fr-FR","@id":"https:\/\/www.metrica.it\/fr\/produit\/trepied-a-cremaillere\/#primaryimage","url":"https:\/\/www.metrica.it\/wp-content\/uploads\/2024\/06\/60581_60582_2.jpg","contentUrl":"https:\/\/www.metrica.it\/wp-content\/uploads\/2024\/06\/60581_60582_2.jpg","width":800,"height":800},{"@type":"BreadcrumbList","@id":"https:\/\/www.metrica.it\/fr\/produit\/trepied-a-cremaillere\/#breadcrumb","itemListElement":[{"@type":"ListItem","position":1,"name":"Home","item":"https:\/\/www.metrica.it\/fr\/"},{"@type":"ListItem","position":2,"name":"Catalogue","item":"https:\/\/www.metrica.it\/fr\/catalogue\/"},{"@type":"ListItem","position":3,"name":"Tr\u00e9pied \u00c0 Cr\u00e9maill\u00e8re"}]},{"@type":"WebSite","@id":"https:\/\/www.metrica.it\/fr\/#website","url":"https:\/\/www.metrica.it\/fr\/","name":"Metrica","description":"Made to measure","potentialAction":[{"@type":"SearchAction","target":{"@type":"EntryPoint","urlTemplate":"https:\/\/www.metrica.it\/fr\/?s={search_term_string}"},"query-input":{"@type":"PropertyValueSpecification","valueRequired":true,"valueName":"search_term_string"}}],"inLanguage":"fr-FR"}]}},"meta_box":{"awr_documentation":[],"awr_manuale":[],"awr_scheda_tecnica":"","awr_youtube_video":"","awr_classe_prodotto":"","awr_customize_product":"0","awr_custom_image":false,"awr_related_products":[{"awr_product_name":"Treppiede Ad Elevazione","awr_product_references":"ref:60581|ean:8001066605811|l:95 \u00f7 195 cm|pack:1"},{"awr_product_name":"Treppiede Ad Elevazione","awr_product_references":"ref:60582|ean:8001066605828|l:112 \u00f7 335 cm|pack:1"}],"awr_consumabili":"","awr_alternativi":"","awr_aliases":"60581,60582","awr_skuid":"60581-it"},"_links":{"self":[{"href":"https:\/\/www.metrica.it\/fr\/wp-json\/wp\/v2\/product\/143790","targetHints":{"allow":["GET"]}}],"collection":[{"href":"https:\/\/www.metrica.it\/fr\/wp-json\/wp\/v2\/product"}],"about":[{"href":"https:\/\/www.metrica.it\/fr\/wp-json\/wp\/v2\/types\/product"}],"wp:featuredmedia":[{"embeddable":true,"href":"https:\/\/www.metrica.it\/fr\/wp-json\/wp\/v2\/media\/128860"}],"wp:attachment":[{"href":"https:\/\/www.metrica.it\/fr\/wp-json\/wp\/v2\/media?parent=143790"}],"wp:term":[{"taxonomy":"product_cat","embeddable":true,"href":"https:\/\/www.metrica.it\/fr\/wp-json\/wp\/v2\/product_cat?post=143790"},{"taxonomy":"product_tag","embeddable":true,"href":"https:\/\/www.metrica.it\/fr\/wp-json\/wp\/v2\/product_tag?post=143790"}],"curies":[{"name":"wp","href":"https:\/\/api.w.org\/{rel}","templated":true}]}}