{"id":143841,"date":"2024-09-16T12:36:17","date_gmt":"2024-09-16T10:36:17","guid":{"rendered":"https:\/\/www.metrica.it\/prodotto\/detecteur-de-tension-flir-vp42\/"},"modified":"2024-09-16T21:27:49","modified_gmt":"2024-09-16T19:27:49","slug":"detecteur-de-tension-flir-vp42","status":"publish","type":"product","link":"https:\/\/www.metrica.it\/fr\/produit\/detecteur-de-tension-flir-vp42\/","title":{"rendered":"D\u00c9tecteur De Tension Flir Vp42"},"content":{"rendered":"<ul>\n<li>Sans contact: vibration et LED<\/li>\n<li>Lampe LED tr\u00e8s puissante 60 lumen<\/li>\n<li>Anti-chute de 3 m<\/li>\n<li>Tensions jusqu\u2019\u00e0 1000 V<\/li>\n<\/ul>\n","protected":false},"excerpt":{"rendered":"<ul>\n<li>Sans contact: vibration et LED<\/li>\n<li>Lampe LED tr\u00e8s puissante 60 lumen<\/li>\n<li>Anti-chute de 3 m<\/li>\n<li>Tensions jusqu\u2019\u00e0 1000 V<\/li>\n<\/ul>\n","protected":false},"featured_media":128730,"template":"","meta":[],"product_cat":[542,515],"product_tag":[],"class_list":{"0":"post-143841","1":"product","2":"type-product","3":"status-publish","4":"has-post-thumbnail","6":"product_cat-cameras-thermiques","7":"product_cat-laser-et-cameras-thermiques","9":"first","10":"instock","11":"sold-individually","12":"product-type-simple"},"yoast_head":"<title>RILEVATORE DI TENSIONE FLIR VP52 | Cam\u00e9ras Thermiques | Laser et Cam\u00e9ras Thermiques - Metrica<\/title>\n<meta name=\"description\" content=\"D\u00e9couvrez la collection de produits., RILEVATORE DI TENSIONE FLIR VP52 - Cam\u00e9ras Thermiques.Senza contatto: vibrazione e LED,Lampada LED potenza 60 lumen,Protezione anticaduta: 3 m . Consultez le catalogue sur le site officiel de Metrica\" \/>\n<meta name=\"robots\" content=\"index, follow, max-snippet:-1, max-image-preview:large, max-video-preview:-1\" \/>\n<link rel=\"canonical\" href=\"https:\/\/www.metrica.it\/fr\/produit\/detecteur-de-tension-flir-vp42\/\" \/>\n<meta property=\"og:locale\" content=\"fr_FR\" \/>\n<meta property=\"og:type\" content=\"article\" \/>\n<meta property=\"og:title\" content=\"RILEVATORE DI TENSIONE FLIR VP52 | Cam\u00e9ras Thermiques | Laser et Cam\u00e9ras Thermiques - Metrica\" \/>\n<meta property=\"og:description\" content=\"D\u00e9couvrez la collection de produits., RILEVATORE DI TENSIONE FLIR VP52 - Cam\u00e9ras Thermiques.Senza contatto: vibrazione e LED,Lampada LED potenza 60 lumen,Protezione anticaduta: 3 m . Consultez le catalogue sur le site officiel de Metrica\" \/>\n<meta property=\"og:url\" content=\"https:\/\/www.metrica.it\/fr\/produit\/detecteur-de-tension-flir-vp42\/\" \/>\n<meta property=\"og:site_name\" content=\"Metrica\" \/>\n<meta property=\"article:modified_time\" content=\"2024-09-16T19:27:49+00:00\" \/>\n<meta property=\"og:image\" content=\"https:\/\/www.metrica.it\/wp-content\/uploads\/2024\/06\/70099.jpg\" \/>\n\t<meta property=\"og:image:width\" content=\"1200\" \/>\n\t<meta property=\"og:image:height\" content=\"1200\" \/>\n\t<meta property=\"og:image:type\" content=\"image\/jpeg\" \/>\n<meta name=\"twitter:card\" content=\"summary_large_image\" \/>\n<script type=\"application\/ld+json\" class=\"yoast-schema-graph\">{\"@context\":\"https:\\\/\\\/schema.org\",\"@graph\":[{\"@type\":\"WebPage\",\"@id\":\"https:\\\/\\\/www.metrica.it\\\/fr\\\/produit\\\/detecteur-de-tension-flir-vp42\\\/\",\"url\":\"https:\\\/\\\/www.metrica.it\\\/fr\\\/produit\\\/detecteur-de-tension-flir-vp42\\\/\",\"name\":\"RILEVATORE DI TENSIONE FLIR VP52 | Cam\u00e9ras Thermiques | Laser et Cam\u00e9ras Thermiques - Metrica\",\"isPartOf\":{\"@id\":\"https:\\\/\\\/www.metrica.it\\\/fr\\\/#website\"},\"primaryImageOfPage\":{\"@id\":\"https:\\\/\\\/www.metrica.it\\\/fr\\\/produit\\\/detecteur-de-tension-flir-vp42\\\/#primaryimage\"},\"image\":{\"@id\":\"https:\\\/\\\/www.metrica.it\\\/fr\\\/produit\\\/detecteur-de-tension-flir-vp42\\\/#primaryimage\"},\"thumbnailUrl\":\"https:\\\/\\\/www.metrica.it\\\/wp-content\\\/uploads\\\/2024\\\/06\\\/70099.jpg\",\"datePublished\":\"2024-09-16T10:36:17+00:00\",\"dateModified\":\"2024-09-16T19:27:49+00:00\",\"description\":\"D\u00e9couvrez la collection de produits., RILEVATORE DI TENSIONE FLIR VP52 - Cam\u00e9ras Thermiques.Senza contatto: vibrazione e LED,Lampada LED potenza 60 lumen,Protezione anticaduta: 3 m . Consultez le catalogue sur le site officiel de Metrica\",\"breadcrumb\":{\"@id\":\"https:\\\/\\\/www.metrica.it\\\/fr\\\/produit\\\/detecteur-de-tension-flir-vp42\\\/#breadcrumb\"},\"inLanguage\":\"fr-FR\",\"potentialAction\":[{\"@type\":\"ReadAction\",\"target\":[\"https:\\\/\\\/www.metrica.it\\\/fr\\\/produit\\\/detecteur-de-tension-flir-vp42\\\/\"]}]},{\"@type\":\"ImageObject\",\"inLanguage\":\"fr-FR\",\"@id\":\"https:\\\/\\\/www.metrica.it\\\/fr\\\/produit\\\/detecteur-de-tension-flir-vp42\\\/#primaryimage\",\"url\":\"https:\\\/\\\/www.metrica.it\\\/wp-content\\\/uploads\\\/2024\\\/06\\\/70099.jpg\",\"contentUrl\":\"https:\\\/\\\/www.metrica.it\\\/wp-content\\\/uploads\\\/2024\\\/06\\\/70099.jpg\",\"width\":1200,\"height\":1200},{\"@type\":\"BreadcrumbList\",\"@id\":\"https:\\\/\\\/www.metrica.it\\\/fr\\\/produit\\\/detecteur-de-tension-flir-vp42\\\/#breadcrumb\",\"itemListElement\":[{\"@type\":\"ListItem\",\"position\":1,\"name\":\"Home\",\"item\":\"https:\\\/\\\/www.metrica.it\\\/fr\\\/\"},{\"@type\":\"ListItem\",\"position\":2,\"name\":\"Catalogue\",\"item\":\"https:\\\/\\\/www.metrica.it\\\/fr\\\/catalogue\\\/\"},{\"@type\":\"ListItem\",\"position\":3,\"name\":\"D\u00c9tecteur De Tension Flir Vp42\"}]},{\"@type\":\"WebSite\",\"@id\":\"https:\\\/\\\/www.metrica.it\\\/fr\\\/#website\",\"url\":\"https:\\\/\\\/www.metrica.it\\\/fr\\\/\",\"name\":\"Metrica\",\"description\":\"Made to measure\",\"potentialAction\":[{\"@type\":\"SearchAction\",\"target\":{\"@type\":\"EntryPoint\",\"urlTemplate\":\"https:\\\/\\\/www.metrica.it\\\/fr\\\/?s={search_term_string}\"},\"query-input\":{\"@type\":\"PropertyValueSpecification\",\"valueRequired\":true,\"valueName\":\"search_term_string\"}}],\"inLanguage\":\"fr-FR\"}]}<\/script>","yoast_head_json":{"title":"RILEVATORE DI TENSIONE FLIR VP52 | Cam\u00e9ras Thermiques | Laser et Cam\u00e9ras Thermiques - Metrica","description":"D\u00e9couvrez la collection de produits., RILEVATORE DI TENSIONE FLIR VP52 - Cam\u00e9ras Thermiques.Senza contatto: vibrazione e LED,Lampada LED potenza 60 lumen,Protezione anticaduta: 3 m . Consultez le catalogue sur le site officiel de Metrica","robots":{"index":"index","follow":"follow","max-snippet":"max-snippet:-1","max-image-preview":"max-image-preview:large","max-video-preview":"max-video-preview:-1"},"canonical":"https:\/\/www.metrica.it\/fr\/produit\/detecteur-de-tension-flir-vp42\/","og_locale":"fr_FR","og_type":"article","og_title":"RILEVATORE DI TENSIONE FLIR VP52 | Cam\u00e9ras Thermiques | Laser et Cam\u00e9ras Thermiques - Metrica","og_description":"D\u00e9couvrez la collection de produits., RILEVATORE DI TENSIONE FLIR VP52 - Cam\u00e9ras Thermiques.Senza contatto: vibrazione e LED,Lampada LED potenza 60 lumen,Protezione anticaduta: 3 m . Consultez le catalogue sur le site officiel de Metrica","og_url":"https:\/\/www.metrica.it\/fr\/produit\/detecteur-de-tension-flir-vp42\/","og_site_name":"Metrica","article_modified_time":"2024-09-16T19:27:49+00:00","og_image":[{"width":1200,"height":1200,"url":"https:\/\/www.metrica.it\/wp-content\/uploads\/2024\/06\/70099.jpg","type":"image\/jpeg"}],"twitter_card":"summary_large_image","schema":{"@context":"https:\/\/schema.org","@graph":[{"@type":"WebPage","@id":"https:\/\/www.metrica.it\/fr\/produit\/detecteur-de-tension-flir-vp42\/","url":"https:\/\/www.metrica.it\/fr\/produit\/detecteur-de-tension-flir-vp42\/","name":"RILEVATORE DI TENSIONE FLIR VP52 | Cam\u00e9ras Thermiques | Laser et Cam\u00e9ras Thermiques - Metrica","isPartOf":{"@id":"https:\/\/www.metrica.it\/fr\/#website"},"primaryImageOfPage":{"@id":"https:\/\/www.metrica.it\/fr\/produit\/detecteur-de-tension-flir-vp42\/#primaryimage"},"image":{"@id":"https:\/\/www.metrica.it\/fr\/produit\/detecteur-de-tension-flir-vp42\/#primaryimage"},"thumbnailUrl":"https:\/\/www.metrica.it\/wp-content\/uploads\/2024\/06\/70099.jpg","datePublished":"2024-09-16T10:36:17+00:00","dateModified":"2024-09-16T19:27:49+00:00","description":"D\u00e9couvrez la collection de produits., RILEVATORE DI TENSIONE FLIR VP52 - Cam\u00e9ras Thermiques.Senza contatto: vibrazione e LED,Lampada LED potenza 60 lumen,Protezione anticaduta: 3 m . Consultez le catalogue sur le site officiel de Metrica","breadcrumb":{"@id":"https:\/\/www.metrica.it\/fr\/produit\/detecteur-de-tension-flir-vp42\/#breadcrumb"},"inLanguage":"fr-FR","potentialAction":[{"@type":"ReadAction","target":["https:\/\/www.metrica.it\/fr\/produit\/detecteur-de-tension-flir-vp42\/"]}]},{"@type":"ImageObject","inLanguage":"fr-FR","@id":"https:\/\/www.metrica.it\/fr\/produit\/detecteur-de-tension-flir-vp42\/#primaryimage","url":"https:\/\/www.metrica.it\/wp-content\/uploads\/2024\/06\/70099.jpg","contentUrl":"https:\/\/www.metrica.it\/wp-content\/uploads\/2024\/06\/70099.jpg","width":1200,"height":1200},{"@type":"BreadcrumbList","@id":"https:\/\/www.metrica.it\/fr\/produit\/detecteur-de-tension-flir-vp42\/#breadcrumb","itemListElement":[{"@type":"ListItem","position":1,"name":"Home","item":"https:\/\/www.metrica.it\/fr\/"},{"@type":"ListItem","position":2,"name":"Catalogue","item":"https:\/\/www.metrica.it\/fr\/catalogue\/"},{"@type":"ListItem","position":3,"name":"D\u00c9tecteur De Tension Flir Vp42"}]},{"@type":"WebSite","@id":"https:\/\/www.metrica.it\/fr\/#website","url":"https:\/\/www.metrica.it\/fr\/","name":"Metrica","description":"Made to measure","potentialAction":[{"@type":"SearchAction","target":{"@type":"EntryPoint","urlTemplate":"https:\/\/www.metrica.it\/fr\/?s={search_term_string}"},"query-input":{"@type":"PropertyValueSpecification","valueRequired":true,"valueName":"search_term_string"}}],"inLanguage":"fr-FR"}]}},"meta_box":{"awr_documentation":[],"awr_manuale":[],"awr_scheda_tecnica":"","awr_youtube_video":"","awr_classe_prodotto":"","awr_customize_product":"1","awr_custom_image":{"width":96,"height":96,"file":"2024\/06\/70099.jpg","filesize":97457,"sizes":{"dgwt-wcas-product-suggestion":{"file":"70099-64x64.jpg","width":64,"height":64,"mime-type":"image\/jpeg","filesize":1413,"url":"https:\/\/www.metrica.it\/wp-content\/uploads\/2024\/06\/70099-64x64.jpg"},"hongo-product-icon-image":{"file":"70099-64x64.jpg","width":64,"height":64,"mime-type":"image\/jpeg","filesize":1413,"url":"https:\/\/www.metrica.it\/wp-content\/uploads\/2024\/06\/70099-64x64.jpg"},"hongo-product-small-image":{"file":"70099-84x84.jpg","width":84,"height":84,"mime-type":"image\/jpeg","filesize":1779,"url":"https:\/\/www.metrica.it\/wp-content\/uploads\/2024\/06\/70099-84x84.jpg"},"hongo-medium-image":{"file":"70099-450x450.jpg","width":450,"height":450,"mime-type":"image\/jpeg","filesize":14907,"url":"https:\/\/www.metrica.it\/wp-content\/uploads\/2024\/06\/70099-450x450.jpg"},"post-thumbnail":{"file":"70099-790x790.jpg","width":790,"height":790,"mime-type":"image\/jpeg","filesize":35432,"url":"https:\/\/www.metrica.it\/wp-content\/uploads\/2024\/06\/70099-790x790.jpg"},"hongo-shop-image":{"file":"70099-660x660.jpg","width":660,"height":660,"mime-type":"image\/jpeg","filesize":26747,"url":"https:\/\/www.metrica.it\/wp-content\/uploads\/2024\/06\/70099-660x660.jpg"}},"image_meta":{"aperture":"0","credit":"","camera":"","caption":"","created_timestamp":"0","copyright":"","focal_length":"0","iso":"0","shutter_speed":"0","title":"","orientation":"0","keywords":[]},"ID":"128730","name":"70099.jpg","path":"\/var\/www\/html\/wp-content\/uploads\/2024\/06\/70099.jpg","url":"https:\/\/www.metrica.it\/wp-content\/uploads\/2024\/06\/70099.jpg","full_url":"https:\/\/www.metrica.it\/wp-content\/uploads\/2024\/06\/70099.jpg","title":"70099.jpg","caption":"","description":"","alt":"","srcset":"https:\/\/www.metrica.it\/wp-content\/uploads\/2024\/06\/70099.jpg 1200w, https:\/\/www.metrica.it\/wp-content\/uploads\/2024\/06\/70099-64x64.jpg 64w, https:\/\/www.metrica.it\/wp-content\/uploads\/2024\/06\/70099-84x84.jpg 84w, https:\/\/www.metrica.it\/wp-content\/uploads\/2024\/06\/70099-450x450.jpg 450w, https:\/\/www.metrica.it\/wp-content\/uploads\/2024\/06\/70099-790x790.jpg 790w, https:\/\/www.metrica.it\/wp-content\/uploads\/2024\/06\/70099-660x660.jpg 660w"},"awr_related_products":[{"awr_product_name":"Rilevatore Di Tensione Flir Vp42","awr_product_references":"ref:70099|ean:8001066700998|pack:1"}],"awr_consumabili":"","awr_alternativi":"","awr_aliases":"70099","awr_skuid":"70099-it"},"_links":{"self":[{"href":"https:\/\/www.metrica.it\/fr\/wp-json\/wp\/v2\/product\/143841","targetHints":{"allow":["GET"]}}],"collection":[{"href":"https:\/\/www.metrica.it\/fr\/wp-json\/wp\/v2\/product"}],"about":[{"href":"https:\/\/www.metrica.it\/fr\/wp-json\/wp\/v2\/types\/product"}],"wp:featuredmedia":[{"embeddable":true,"href":"https:\/\/www.metrica.it\/fr\/wp-json\/wp\/v2\/media\/128730"}],"wp:attachment":[{"href":"https:\/\/www.metrica.it\/fr\/wp-json\/wp\/v2\/media?parent=143841"}],"wp:term":[{"taxonomy":"product_cat","embeddable":true,"href":"https:\/\/www.metrica.it\/fr\/wp-json\/wp\/v2\/product_cat?post=143841"},{"taxonomy":"product_tag","embeddable":true,"href":"https:\/\/www.metrica.it\/fr\/wp-json\/wp\/v2\/product_tag?post=143841"}],"curies":[{"name":"wp","href":"https:\/\/api.w.org\/{rel}","templated":true}]}}