{"id":143866,"date":"2024-09-16T12:01:18","date_gmt":"2024-09-16T10:01:18","guid":{"rendered":"https:\/\/www.metrica.it\/prodotto\/rubans-gradues-plats\/"},"modified":"2024-09-16T20:48:33","modified_gmt":"2024-09-16T18:48:33","slug":"rubans-gradues-plats","status":"publish","type":"product","link":"https:\/\/www.metrica.it\/fr\/produit\/rubans-gradues-plats\/","title":{"rendered":"Rubans Gradu\u00e9s Plats"},"content":{"rendered":"<ul>\n<li>Ruban gradu\u00e9 en acier \u00e9maill\u00e9 blanc ou jaune<\/li>\n<li>Section 13 x 0,2 mm<\/li>\n<li>D\u00e9cimales rouges<\/li>\n<li>Avec adh\u00e9sif ou sans adh\u00e9sif<\/li>\n<li>Largeur 16 mm sur demande<\/li>\n<li>Longueur et graduation sur demande<\/li>\n<\/ul>\n","protected":false},"excerpt":{"rendered":"<p>Ruban gradu\u00e9 en acier \u00e9maill\u00e9 blanc ou jaune<br \/>Section 13 x 0,2 mm<br \/>D\u00e9cimales rouges<br \/>Avec adh\u00e9sif ou sans adh\u00e9sif<br \/>Largeur 16 mm sur demande<br \/>Longueur et graduation sur demande<\/p>\n","protected":false},"featured_media":120887,"template":"","meta":[],"product_cat":[49,609],"product_tag":[],"class_list":{"0":"post-143866","1":"product","2":"type-product","3":"status-publish","4":"has-post-thumbnail","6":"product_cat-mesures-de-longueur","7":"product_cat-regles-rubans-mesures-de-diametre","9":"first","10":"instock","11":"sold-individually","12":"product-type-simple"},"yoast_head":"<title>Nastri Graduati Piani | R\u00e8gles - Rubans - Mesures de Diam\u00e8tre | Mesures de Longueur - Metrica<\/title>\n<meta name=\"description\" content=\"D\u00e9couvrez la collection de produits., Nastri Graduati Piani - R\u00e8gles - Rubans - Mesures de Diam\u00e8tre.Nastro graduato in acciaio smaltato bianco o giallo,Sezione 13 x 0,2 mm,Decimali rossi . Consultez le catalogue sur le site officiel de Metrica\" \/>\n<meta name=\"robots\" content=\"index, follow, max-snippet:-1, max-image-preview:large, max-video-preview:-1\" \/>\n<link rel=\"canonical\" href=\"https:\/\/www.metrica.it\/fr\/produit\/rubans-gradues-plats\/\" \/>\n<meta property=\"og:locale\" content=\"fr_FR\" \/>\n<meta property=\"og:type\" content=\"article\" \/>\n<meta property=\"og:title\" content=\"Nastri Graduati Piani | R\u00e8gles - Rubans - Mesures de Diam\u00e8tre | Mesures de Longueur - Metrica\" \/>\n<meta property=\"og:description\" content=\"D\u00e9couvrez la collection de produits., Nastri Graduati Piani - R\u00e8gles - Rubans - Mesures de Diam\u00e8tre.Nastro graduato in acciaio smaltato bianco o giallo,Sezione 13 x 0,2 mm,Decimali rossi . Consultez le catalogue sur le site officiel de Metrica\" \/>\n<meta property=\"og:url\" content=\"https:\/\/www.metrica.it\/fr\/produit\/rubans-gradues-plats\/\" \/>\n<meta property=\"og:site_name\" content=\"Metrica\" \/>\n<meta property=\"article:modified_time\" content=\"2024-09-16T18:48:33+00:00\" \/>\n<meta property=\"og:image\" content=\"https:\/\/www.metrica.it\/wp-content\/uploads\/2024\/05\/39979.jpg\" \/>\n\t<meta property=\"og:image:width\" content=\"800\" \/>\n\t<meta property=\"og:image:height\" content=\"800\" \/>\n\t<meta property=\"og:image:type\" content=\"image\/jpeg\" \/>\n<meta name=\"twitter:card\" content=\"summary_large_image\" \/>\n<script type=\"application\/ld+json\" class=\"yoast-schema-graph\">{\"@context\":\"https:\\\/\\\/schema.org\",\"@graph\":[{\"@type\":\"WebPage\",\"@id\":\"https:\\\/\\\/www.metrica.it\\\/fr\\\/produit\\\/rubans-gradues-plats\\\/\",\"url\":\"https:\\\/\\\/www.metrica.it\\\/fr\\\/produit\\\/rubans-gradues-plats\\\/\",\"name\":\"Nastri Graduati Piani | R\u00e8gles - Rubans - Mesures de Diam\u00e8tre | Mesures de Longueur - Metrica\",\"isPartOf\":{\"@id\":\"https:\\\/\\\/www.metrica.it\\\/fr\\\/#website\"},\"primaryImageOfPage\":{\"@id\":\"https:\\\/\\\/www.metrica.it\\\/fr\\\/produit\\\/rubans-gradues-plats\\\/#primaryimage\"},\"image\":{\"@id\":\"https:\\\/\\\/www.metrica.it\\\/fr\\\/produit\\\/rubans-gradues-plats\\\/#primaryimage\"},\"thumbnailUrl\":\"https:\\\/\\\/www.metrica.it\\\/wp-content\\\/uploads\\\/2024\\\/05\\\/39979.jpg\",\"datePublished\":\"2024-09-16T10:01:18+00:00\",\"dateModified\":\"2024-09-16T18:48:33+00:00\",\"description\":\"D\u00e9couvrez la collection de produits., Nastri Graduati Piani - R\u00e8gles - Rubans - Mesures de Diam\u00e8tre.Nastro graduato in acciaio smaltato bianco o giallo,Sezione 13 x 0,2 mm,Decimali rossi . Consultez le catalogue sur le site officiel de Metrica\",\"breadcrumb\":{\"@id\":\"https:\\\/\\\/www.metrica.it\\\/fr\\\/produit\\\/rubans-gradues-plats\\\/#breadcrumb\"},\"inLanguage\":\"fr-FR\",\"potentialAction\":[{\"@type\":\"ReadAction\",\"target\":[\"https:\\\/\\\/www.metrica.it\\\/fr\\\/produit\\\/rubans-gradues-plats\\\/\"]}]},{\"@type\":\"ImageObject\",\"inLanguage\":\"fr-FR\",\"@id\":\"https:\\\/\\\/www.metrica.it\\\/fr\\\/produit\\\/rubans-gradues-plats\\\/#primaryimage\",\"url\":\"https:\\\/\\\/www.metrica.it\\\/wp-content\\\/uploads\\\/2024\\\/05\\\/39979.jpg\",\"contentUrl\":\"https:\\\/\\\/www.metrica.it\\\/wp-content\\\/uploads\\\/2024\\\/05\\\/39979.jpg\",\"width\":800,\"height\":800},{\"@type\":\"BreadcrumbList\",\"@id\":\"https:\\\/\\\/www.metrica.it\\\/fr\\\/produit\\\/rubans-gradues-plats\\\/#breadcrumb\",\"itemListElement\":[{\"@type\":\"ListItem\",\"position\":1,\"name\":\"Home\",\"item\":\"https:\\\/\\\/www.metrica.it\\\/fr\\\/\"},{\"@type\":\"ListItem\",\"position\":2,\"name\":\"Catalogue\",\"item\":\"https:\\\/\\\/www.metrica.it\\\/fr\\\/catalogue\\\/\"},{\"@type\":\"ListItem\",\"position\":3,\"name\":\"Rubans Gradu\u00e9s Plats\"}]},{\"@type\":\"WebSite\",\"@id\":\"https:\\\/\\\/www.metrica.it\\\/fr\\\/#website\",\"url\":\"https:\\\/\\\/www.metrica.it\\\/fr\\\/\",\"name\":\"Metrica\",\"description\":\"Made to measure\",\"potentialAction\":[{\"@type\":\"SearchAction\",\"target\":{\"@type\":\"EntryPoint\",\"urlTemplate\":\"https:\\\/\\\/www.metrica.it\\\/fr\\\/?s={search_term_string}\"},\"query-input\":{\"@type\":\"PropertyValueSpecification\",\"valueRequired\":true,\"valueName\":\"search_term_string\"}}],\"inLanguage\":\"fr-FR\"}]}<\/script>","yoast_head_json":{"title":"Nastri Graduati Piani | R\u00e8gles - Rubans - Mesures de Diam\u00e8tre | Mesures de Longueur - Metrica","description":"D\u00e9couvrez la collection de produits., Nastri Graduati Piani - R\u00e8gles - Rubans - Mesures de Diam\u00e8tre.Nastro graduato in acciaio smaltato bianco o giallo,Sezione 13 x 0,2 mm,Decimali rossi . Consultez le catalogue sur le site officiel de Metrica","robots":{"index":"index","follow":"follow","max-snippet":"max-snippet:-1","max-image-preview":"max-image-preview:large","max-video-preview":"max-video-preview:-1"},"canonical":"https:\/\/www.metrica.it\/fr\/produit\/rubans-gradues-plats\/","og_locale":"fr_FR","og_type":"article","og_title":"Nastri Graduati Piani | R\u00e8gles - Rubans - Mesures de Diam\u00e8tre | Mesures de Longueur - Metrica","og_description":"D\u00e9couvrez la collection de produits., Nastri Graduati Piani - R\u00e8gles - Rubans - Mesures de Diam\u00e8tre.Nastro graduato in acciaio smaltato bianco o giallo,Sezione 13 x 0,2 mm,Decimali rossi . Consultez le catalogue sur le site officiel de Metrica","og_url":"https:\/\/www.metrica.it\/fr\/produit\/rubans-gradues-plats\/","og_site_name":"Metrica","article_modified_time":"2024-09-16T18:48:33+00:00","og_image":[{"width":800,"height":800,"url":"https:\/\/www.metrica.it\/wp-content\/uploads\/2024\/05\/39979.jpg","type":"image\/jpeg"}],"twitter_card":"summary_large_image","schema":{"@context":"https:\/\/schema.org","@graph":[{"@type":"WebPage","@id":"https:\/\/www.metrica.it\/fr\/produit\/rubans-gradues-plats\/","url":"https:\/\/www.metrica.it\/fr\/produit\/rubans-gradues-plats\/","name":"Nastri Graduati Piani | R\u00e8gles - Rubans - Mesures de Diam\u00e8tre | Mesures de Longueur - Metrica","isPartOf":{"@id":"https:\/\/www.metrica.it\/fr\/#website"},"primaryImageOfPage":{"@id":"https:\/\/www.metrica.it\/fr\/produit\/rubans-gradues-plats\/#primaryimage"},"image":{"@id":"https:\/\/www.metrica.it\/fr\/produit\/rubans-gradues-plats\/#primaryimage"},"thumbnailUrl":"https:\/\/www.metrica.it\/wp-content\/uploads\/2024\/05\/39979.jpg","datePublished":"2024-09-16T10:01:18+00:00","dateModified":"2024-09-16T18:48:33+00:00","description":"D\u00e9couvrez la collection de produits., Nastri Graduati Piani - R\u00e8gles - Rubans - Mesures de Diam\u00e8tre.Nastro graduato in acciaio smaltato bianco o giallo,Sezione 13 x 0,2 mm,Decimali rossi . Consultez le catalogue sur le site officiel de Metrica","breadcrumb":{"@id":"https:\/\/www.metrica.it\/fr\/produit\/rubans-gradues-plats\/#breadcrumb"},"inLanguage":"fr-FR","potentialAction":[{"@type":"ReadAction","target":["https:\/\/www.metrica.it\/fr\/produit\/rubans-gradues-plats\/"]}]},{"@type":"ImageObject","inLanguage":"fr-FR","@id":"https:\/\/www.metrica.it\/fr\/produit\/rubans-gradues-plats\/#primaryimage","url":"https:\/\/www.metrica.it\/wp-content\/uploads\/2024\/05\/39979.jpg","contentUrl":"https:\/\/www.metrica.it\/wp-content\/uploads\/2024\/05\/39979.jpg","width":800,"height":800},{"@type":"BreadcrumbList","@id":"https:\/\/www.metrica.it\/fr\/produit\/rubans-gradues-plats\/#breadcrumb","itemListElement":[{"@type":"ListItem","position":1,"name":"Home","item":"https:\/\/www.metrica.it\/fr\/"},{"@type":"ListItem","position":2,"name":"Catalogue","item":"https:\/\/www.metrica.it\/fr\/catalogue\/"},{"@type":"ListItem","position":3,"name":"Rubans Gradu\u00e9s Plats"}]},{"@type":"WebSite","@id":"https:\/\/www.metrica.it\/fr\/#website","url":"https:\/\/www.metrica.it\/fr\/","name":"Metrica","description":"Made to measure","potentialAction":[{"@type":"SearchAction","target":{"@type":"EntryPoint","urlTemplate":"https:\/\/www.metrica.it\/fr\/?s={search_term_string}"},"query-input":{"@type":"PropertyValueSpecification","valueRequired":true,"valueName":"search_term_string"}}],"inLanguage":"fr-FR"}]}},"meta_box":{"awr_documentation":[],"awr_manuale":[],"awr_scheda_tecnica":"","awr_youtube_video":"","awr_classe_prodotto":"","awr_customize_product":"0","awr_custom_image":false,"awr_related_products":[{"awr_product_name":"Nastri Graduati Piani","awr_product_references":"ref:39801|ean:8001066398010|l_mm:2000|unit_misura:0-->|biadesivo:-|non_biadesivo:x|colore_bianco:-|colore_giallo:x|pack:0"},{"awr_product_name":"Nastri Graduati Piani","awr_product_references":"ref:39802|ean:8001066398027|l_mm:3000|unit_misura:0-->|biadesivo:-|non_biadesivo:x|colore_bianco:-|colore_giallo:x|pack:0"},{"awr_product_name":"Nastri Graduati Piani","awr_product_references":"ref:39803|ean:8001066398034|l_mm:5000|unit_misura:0-->|biadesivo:-|non_biadesivo:x|colore_bianco:-|colore_giallo:x|pack:0"},{"awr_product_name":"Nastri Graduati Piani","awr_product_references":"ref:39811|ean:8001066398119|l_mm:2000|unit_misura:<--0|biadesivo:-|non_biadesivo:x|colore_bianco:-|colore_giallo:x|pack:0"},{"awr_product_name":"Nastri Graduati Piani","awr_product_references":"ref:39812|ean:8001066398126|l_mm:3000|unit_misura:<--0|biadesivo:-|non_biadesivo:x|colore_bianco:-|colore_giallo:x|pack:0"},{"awr_product_name":"Nastri Graduati Piani","awr_product_references":"ref:39813|ean:8001066398133|l_mm:5000|unit_misura:<--0|biadesivo:-|non_biadesivo:x|colore_bianco:-|colore_giallo:x|pack:0"},{"awr_product_name":"Nastri Graduati Piani","awr_product_references":"ref:39821|ean:8001066398218|l_mm:2000|unit_misura:0-->|biadesivo:-|non_biadesivo:x|colore_bianco:x|colore_giallo:-|pack:0"},{"awr_product_name":"Nastri Graduati Piani","awr_product_references":"ref:39822|ean:8001066398225|l_mm:3000|unit_misura:0-->|biadesivo:-|non_biadesivo:x|colore_bianco:x|colore_giallo:-|pack:0"},{"awr_product_name":"Nastri Graduati Piani","awr_product_references":"ref:39823|ean:8001066398232|l_mm:5000|unit_misura:0-->|biadesivo:-|non_biadesivo:x|colore_bianco:x|colore_giallo:-|pack:0"},{"awr_product_name":"Nastri Graduati Piani","awr_product_references":"ref:39826|ean:8001066398263|l_mm:2000|unit_misura:<--0|biadesivo:-|non_biadesivo:x|colore_bianco:x|colore_giallo:-|pack:0"},{"awr_product_name":"Nastri Graduati Piani","awr_product_references":"ref:39827|ean:8001066398270|l_mm:3000|unit_misura:<--0|biadesivo:-|non_biadesivo:x|colore_bianco:x|colore_giallo:-|pack:0"},{"awr_product_name":"Nastri Graduati Piani","awr_product_references":"ref:39828|ean:8001066398287|l_mm:5000|unit_misura:<--0|biadesivo:-|non_biadesivo:x|colore_bianco:x|colore_giallo:-|pack:0"},{"awr_product_name":"Nastri Graduati Piani","awr_product_references":"ref:39831|ean:8001066398317|l_mm:2000|unit_misura:0-->|biadesivo:x|non_biadesivo:-|colore_bianco:-|colore_giallo:x|pack:0"},{"awr_product_name":"Nastri Graduati Piani","awr_product_references":"ref:39832|ean:8001066398324|l_mm:3000|unit_misura:0-->|biadesivo:x|non_biadesivo:-|colore_bianco:-|colore_giallo:x|pack:0"},{"awr_product_name":"Nastri Graduati Piani","awr_product_references":"ref:39833|ean:8001066398331|l_mm:5000|unit_misura:0-->|biadesivo:x|non_biadesivo:-|colore_bianco:-|colore_giallo:x|pack:0"},{"awr_product_name":"Nastri Graduati Piani","awr_product_references":"ref:39836|ean:8001066398362|l_mm:2000|unit_misura:<--0|biadesivo:x|non_biadesivo:-|colore_bianco:-|colore_giallo:x|pack:0"},{"awr_product_name":"Nastri Graduati Piani","awr_product_references":"ref:39837|ean:8001066398379|l_mm:3000|unit_misura:<--0|biadesivo:x|non_biadesivo:-|colore_bianco:-|colore_giallo:x|pack:0"},{"awr_product_name":"Nastri Graduati Piani","awr_product_references":"ref:39838|ean:8001066398386|l_mm:5000|unit_misura:<--0|biadesivo:x|non_biadesivo:-|colore_bianco:-|colore_giallo:x|pack:0"},{"awr_product_name":"Nastri Graduati Piani","awr_product_references":"ref:39979|ean:8001066399796|l_mm:2000|unit_misura:0-->|biadesivo:x|non_biadesivo:-|colore_bianco:x|colore_giallo:-|pack:0"},{"awr_product_name":"Nastri Graduati Piani","awr_product_references":"ref:39980|ean:8001066399802|l_mm:3000|unit_misura:0-->|biadesivo:x|non_biadesivo:-|colore_bianco:x|colore_giallo:-|pack:0"},{"awr_product_name":"Nastri Graduati Piani","awr_product_references":"ref:39981|ean:8001066399819|l_mm:5000|unit_misura:0-->|biadesivo:x|non_biadesivo:-|colore_bianco:x|colore_giallo:-|pack:0"},{"awr_product_name":"Nastri Graduati Piani","awr_product_references":"ref:39985|ean:8001066399857|l_mm:2000|unit_misura:<--0|biadesivo:x|non_biadesivo:-|colore_bianco:x|colore_giallo:-|pack:0"},{"awr_product_name":"Nastri Graduati Piani","awr_product_references":"ref:39986|ean:8001066399864|l_mm:3000|unit_misura:<--0|biadesivo:x|non_biadesivo:-|colore_bianco:x|colore_giallo:-|pack:0"},{"awr_product_name":"Nastri Graduati Piani","awr_product_references":"ref:39987|ean:8001066399871|l_mm:5000|unit_misura:<--0|biadesivo:x|non_biadesivo:-|colore_bianco:x|colore_giallo:-|pack:0"}],"awr_consumabili":"","awr_alternativi":"","awr_aliases":"39801,39802,39803,39811,39812,39813,39821,39822,39823,39826,39827,39828,39831,39832,39833,39836,39837,39838,39979,39980,39981,39985,39986,39987","awr_skuid":"39979-it"},"_links":{"self":[{"href":"https:\/\/www.metrica.it\/fr\/wp-json\/wp\/v2\/product\/143866","targetHints":{"allow":["GET"]}}],"collection":[{"href":"https:\/\/www.metrica.it\/fr\/wp-json\/wp\/v2\/product"}],"about":[{"href":"https:\/\/www.metrica.it\/fr\/wp-json\/wp\/v2\/types\/product"}],"wp:featuredmedia":[{"embeddable":true,"href":"https:\/\/www.metrica.it\/fr\/wp-json\/wp\/v2\/media\/120887"}],"wp:attachment":[{"href":"https:\/\/www.metrica.it\/fr\/wp-json\/wp\/v2\/media?parent=143866"}],"wp:term":[{"taxonomy":"product_cat","embeddable":true,"href":"https:\/\/www.metrica.it\/fr\/wp-json\/wp\/v2\/product_cat?post=143866"},{"taxonomy":"product_tag","embeddable":true,"href":"https:\/\/www.metrica.it\/fr\/wp-json\/wp\/v2\/product_tag?post=143866"}],"curies":[{"name":"wp","href":"https:\/\/api.w.org\/{rel}","templated":true}]}}