{"id":143881,"date":"2024-09-16T12:22:43","date_gmt":"2024-09-16T10:22:43","guid":{"rendered":"https:\/\/www.metrica.it\/prodotto\/cromato-4\/"},"modified":"2024-09-16T21:12:16","modified_gmt":"2024-09-16T19:12:16","slug":"cromato","status":"publish","type":"product","link":"https:\/\/www.metrica.it\/fr\/produit\/cromato\/","title":{"rendered":"Cromato"},"content":{"rendered":"<ul>\n<li>Bo\u00eetier chrom\u00e9 en ABS, r\u00e9sistant aux chocs<\/li>\n<li>Ruban laqu\u00e9 r\u00e9sistant \u00e0 la fl exion<\/li>\n<li>Rentr\u00e9e automatique du ruban, avec amortisseur<\/li>\n<li>Avec clip<\/li>\n","protected":false},"excerpt":{"rendered":"<p>Bo\u00eetier chrom\u00e9 en ABS, r\u00e9sistant aux chocs<br \/>Ruban laqu\u00e9 r\u00e9sistant \u00e0 la fl exion<br \/>Rentr\u00e9e automatique du ruban, avec amortisseur<br \/>Avec clip<\/p>\n","protected":false},"featured_media":117277,"template":"","meta":[],"product_cat":[49,590],"product_tag":[],"class_list":{"0":"post-143881","1":"product","2":"type-product","3":"status-publish","4":"has-post-thumbnail","6":"product_cat-mesures-de-longueur","7":"product_cat-metres-a-ruban","9":"first","10":"instock","11":"sold-individually","12":"product-type-simple"},"yoast_head":"<title>Cromato | M\u00e8tres \u00e0 Ruban | Mesures de Longueur - Metrica<\/title>\n<meta name=\"description\" content=\"D\u00e9couvrez la collection de produits., Cromato - M\u00e8tres \u00e0 Ruban.Cassa cromata in ABS resistente agli urti,Nastro smaltato resistente alla fl essione,Rientro automatico del nastro con ammortizzator . Consultez le catalogue sur le site officiel de Metrica\" \/>\n<meta name=\"robots\" content=\"index, follow, max-snippet:-1, max-image-preview:large, max-video-preview:-1\" \/>\n<link rel=\"canonical\" href=\"https:\/\/www.metrica.it\/fr\/produit\/cromato\/\" \/>\n<meta property=\"og:locale\" content=\"fr_FR\" \/>\n<meta property=\"og:type\" content=\"article\" \/>\n<meta property=\"og:title\" content=\"Cromato | M\u00e8tres \u00e0 Ruban | Mesures de Longueur - Metrica\" \/>\n<meta property=\"og:description\" content=\"D\u00e9couvrez la collection de produits., Cromato - M\u00e8tres \u00e0 Ruban.Cassa cromata in ABS resistente agli urti,Nastro smaltato resistente alla fl essione,Rientro automatico del nastro con ammortizzator . Consultez le catalogue sur le site officiel de Metrica\" \/>\n<meta property=\"og:url\" content=\"https:\/\/www.metrica.it\/fr\/produit\/cromato\/\" \/>\n<meta property=\"og:site_name\" content=\"Metrica\" \/>\n<meta property=\"article:modified_time\" content=\"2024-09-16T19:12:16+00:00\" \/>\n<meta property=\"og:image\" content=\"https:\/\/www.metrica.it\/wp-content\/uploads\/2024\/05\/38433.jpg\" \/>\n\t<meta property=\"og:image:width\" content=\"800\" \/>\n\t<meta property=\"og:image:height\" content=\"800\" \/>\n\t<meta property=\"og:image:type\" content=\"image\/jpeg\" \/>\n<meta name=\"twitter:card\" content=\"summary_large_image\" \/>\n<script type=\"application\/ld+json\" class=\"yoast-schema-graph\">{\"@context\":\"https:\\\/\\\/schema.org\",\"@graph\":[{\"@type\":\"WebPage\",\"@id\":\"https:\\\/\\\/www.metrica.it\\\/fr\\\/produit\\\/cromato\\\/\",\"url\":\"https:\\\/\\\/www.metrica.it\\\/fr\\\/produit\\\/cromato\\\/\",\"name\":\"Cromato | M\u00e8tres \u00e0 Ruban | Mesures de Longueur - Metrica\",\"isPartOf\":{\"@id\":\"https:\\\/\\\/www.metrica.it\\\/fr\\\/#website\"},\"primaryImageOfPage\":{\"@id\":\"https:\\\/\\\/www.metrica.it\\\/fr\\\/produit\\\/cromato\\\/#primaryimage\"},\"image\":{\"@id\":\"https:\\\/\\\/www.metrica.it\\\/fr\\\/produit\\\/cromato\\\/#primaryimage\"},\"thumbnailUrl\":\"https:\\\/\\\/www.metrica.it\\\/wp-content\\\/uploads\\\/2024\\\/05\\\/38433.jpg\",\"datePublished\":\"2024-09-16T10:22:43+00:00\",\"dateModified\":\"2024-09-16T19:12:16+00:00\",\"description\":\"D\u00e9couvrez la collection de produits., Cromato - M\u00e8tres \u00e0 Ruban.Cassa cromata in ABS resistente agli urti,Nastro smaltato resistente alla fl essione,Rientro automatico del nastro con ammortizzator . Consultez le catalogue sur le site officiel de Metrica\",\"breadcrumb\":{\"@id\":\"https:\\\/\\\/www.metrica.it\\\/fr\\\/produit\\\/cromato\\\/#breadcrumb\"},\"inLanguage\":\"fr-FR\",\"potentialAction\":[{\"@type\":\"ReadAction\",\"target\":[\"https:\\\/\\\/www.metrica.it\\\/fr\\\/produit\\\/cromato\\\/\"]}]},{\"@type\":\"ImageObject\",\"inLanguage\":\"fr-FR\",\"@id\":\"https:\\\/\\\/www.metrica.it\\\/fr\\\/produit\\\/cromato\\\/#primaryimage\",\"url\":\"https:\\\/\\\/www.metrica.it\\\/wp-content\\\/uploads\\\/2024\\\/05\\\/38433.jpg\",\"contentUrl\":\"https:\\\/\\\/www.metrica.it\\\/wp-content\\\/uploads\\\/2024\\\/05\\\/38433.jpg\",\"width\":800,\"height\":800},{\"@type\":\"BreadcrumbList\",\"@id\":\"https:\\\/\\\/www.metrica.it\\\/fr\\\/produit\\\/cromato\\\/#breadcrumb\",\"itemListElement\":[{\"@type\":\"ListItem\",\"position\":1,\"name\":\"Home\",\"item\":\"https:\\\/\\\/www.metrica.it\\\/fr\\\/\"},{\"@type\":\"ListItem\",\"position\":2,\"name\":\"Catalogue\",\"item\":\"https:\\\/\\\/www.metrica.it\\\/fr\\\/catalogue\\\/\"},{\"@type\":\"ListItem\",\"position\":3,\"name\":\"Cromato\"}]},{\"@type\":\"WebSite\",\"@id\":\"https:\\\/\\\/www.metrica.it\\\/fr\\\/#website\",\"url\":\"https:\\\/\\\/www.metrica.it\\\/fr\\\/\",\"name\":\"Metrica\",\"description\":\"Made to measure\",\"potentialAction\":[{\"@type\":\"SearchAction\",\"target\":{\"@type\":\"EntryPoint\",\"urlTemplate\":\"https:\\\/\\\/www.metrica.it\\\/fr\\\/?s={search_term_string}\"},\"query-input\":{\"@type\":\"PropertyValueSpecification\",\"valueRequired\":true,\"valueName\":\"search_term_string\"}}],\"inLanguage\":\"fr-FR\"}]}<\/script>","yoast_head_json":{"title":"Cromato | M\u00e8tres \u00e0 Ruban | Mesures de Longueur - Metrica","description":"D\u00e9couvrez la collection de produits., Cromato - M\u00e8tres \u00e0 Ruban.Cassa cromata in ABS resistente agli urti,Nastro smaltato resistente alla fl essione,Rientro automatico del nastro con ammortizzator . Consultez le catalogue sur le site officiel de Metrica","robots":{"index":"index","follow":"follow","max-snippet":"max-snippet:-1","max-image-preview":"max-image-preview:large","max-video-preview":"max-video-preview:-1"},"canonical":"https:\/\/www.metrica.it\/fr\/produit\/cromato\/","og_locale":"fr_FR","og_type":"article","og_title":"Cromato | M\u00e8tres \u00e0 Ruban | Mesures de Longueur - Metrica","og_description":"D\u00e9couvrez la collection de produits., Cromato - M\u00e8tres \u00e0 Ruban.Cassa cromata in ABS resistente agli urti,Nastro smaltato resistente alla fl essione,Rientro automatico del nastro con ammortizzator . Consultez le catalogue sur le site officiel de Metrica","og_url":"https:\/\/www.metrica.it\/fr\/produit\/cromato\/","og_site_name":"Metrica","article_modified_time":"2024-09-16T19:12:16+00:00","og_image":[{"width":800,"height":800,"url":"https:\/\/www.metrica.it\/wp-content\/uploads\/2024\/05\/38433.jpg","type":"image\/jpeg"}],"twitter_card":"summary_large_image","schema":{"@context":"https:\/\/schema.org","@graph":[{"@type":"WebPage","@id":"https:\/\/www.metrica.it\/fr\/produit\/cromato\/","url":"https:\/\/www.metrica.it\/fr\/produit\/cromato\/","name":"Cromato | M\u00e8tres \u00e0 Ruban | Mesures de Longueur - Metrica","isPartOf":{"@id":"https:\/\/www.metrica.it\/fr\/#website"},"primaryImageOfPage":{"@id":"https:\/\/www.metrica.it\/fr\/produit\/cromato\/#primaryimage"},"image":{"@id":"https:\/\/www.metrica.it\/fr\/produit\/cromato\/#primaryimage"},"thumbnailUrl":"https:\/\/www.metrica.it\/wp-content\/uploads\/2024\/05\/38433.jpg","datePublished":"2024-09-16T10:22:43+00:00","dateModified":"2024-09-16T19:12:16+00:00","description":"D\u00e9couvrez la collection de produits., Cromato - M\u00e8tres \u00e0 Ruban.Cassa cromata in ABS resistente agli urti,Nastro smaltato resistente alla fl essione,Rientro automatico del nastro con ammortizzator . Consultez le catalogue sur le site officiel de Metrica","breadcrumb":{"@id":"https:\/\/www.metrica.it\/fr\/produit\/cromato\/#breadcrumb"},"inLanguage":"fr-FR","potentialAction":[{"@type":"ReadAction","target":["https:\/\/www.metrica.it\/fr\/produit\/cromato\/"]}]},{"@type":"ImageObject","inLanguage":"fr-FR","@id":"https:\/\/www.metrica.it\/fr\/produit\/cromato\/#primaryimage","url":"https:\/\/www.metrica.it\/wp-content\/uploads\/2024\/05\/38433.jpg","contentUrl":"https:\/\/www.metrica.it\/wp-content\/uploads\/2024\/05\/38433.jpg","width":800,"height":800},{"@type":"BreadcrumbList","@id":"https:\/\/www.metrica.it\/fr\/produit\/cromato\/#breadcrumb","itemListElement":[{"@type":"ListItem","position":1,"name":"Home","item":"https:\/\/www.metrica.it\/fr\/"},{"@type":"ListItem","position":2,"name":"Catalogue","item":"https:\/\/www.metrica.it\/fr\/catalogue\/"},{"@type":"ListItem","position":3,"name":"Cromato"}]},{"@type":"WebSite","@id":"https:\/\/www.metrica.it\/fr\/#website","url":"https:\/\/www.metrica.it\/fr\/","name":"Metrica","description":"Made to measure","potentialAction":[{"@type":"SearchAction","target":{"@type":"EntryPoint","urlTemplate":"https:\/\/www.metrica.it\/fr\/?s={search_term_string}"},"query-input":{"@type":"PropertyValueSpecification","valueRequired":true,"valueName":"search_term_string"}}],"inLanguage":"fr-FR"}]}},"meta_box":{"awr_documentation":[],"awr_manuale":[],"awr_scheda_tecnica":"","awr_youtube_video":"","awr_classe_prodotto":"CE_2","awr_customize_product":"1","awr_custom_image":{"width":96,"height":96,"file":"2024\/05\/38433.jpg","filesize":384202,"sizes":{"dgwt-wcas-product-suggestion":{"file":"38433-64x64.jpg","width":64,"height":64,"mime-type":"image\/jpeg","filesize":1648,"url":"https:\/\/www.metrica.it\/wp-content\/uploads\/2024\/05\/38433-64x64.jpg"},"hongo-product-icon-image":{"file":"38433-64x64.jpg","width":64,"height":64,"mime-type":"image\/jpeg","filesize":1648,"url":"https:\/\/www.metrica.it\/wp-content\/uploads\/2024\/05\/38433-64x64.jpg"},"hongo-product-small-image":{"file":"38433-84x84.jpg","width":84,"height":84,"mime-type":"image\/jpeg","filesize":2215,"url":"https:\/\/www.metrica.it\/wp-content\/uploads\/2024\/05\/38433-84x84.jpg"},"hongo-medium-image":{"file":"38433-450x450.jpg","width":450,"height":450,"mime-type":"image\/jpeg","filesize":23608,"url":"https:\/\/www.metrica.it\/wp-content\/uploads\/2024\/05\/38433-450x450.jpg"},"post-thumbnail":{"file":"38433-790x790.jpg","width":790,"height":790,"mime-type":"image\/jpeg","filesize":55919,"url":"https:\/\/www.metrica.it\/wp-content\/uploads\/2024\/05\/38433-790x790.jpg"},"hongo-shop-image":{"file":"38433-660x660.jpg","width":660,"height":660,"mime-type":"image\/jpeg","filesize":42486,"url":"https:\/\/www.metrica.it\/wp-content\/uploads\/2024\/05\/38433-660x660.jpg"}},"image_meta":{"aperture":"0","credit":"","camera":"","caption":"","created_timestamp":"0","copyright":"","focal_length":"0","iso":"0","shutter_speed":"0","title":"","orientation":"1","keywords":[]},"ID":"117277","name":"38433.jpg","path":"\/var\/www\/html\/wp-content\/uploads\/2024\/05\/38433.jpg","url":"https:\/\/www.metrica.it\/wp-content\/uploads\/2024\/05\/38433.jpg","full_url":"https:\/\/www.metrica.it\/wp-content\/uploads\/2024\/05\/38433.jpg","title":"38433.jpg","caption":"","description":"","alt":"","srcset":"https:\/\/www.metrica.it\/wp-content\/uploads\/2024\/05\/38433.jpg 800w, https:\/\/www.metrica.it\/wp-content\/uploads\/2024\/05\/38433-64x64.jpg 64w, https:\/\/www.metrica.it\/wp-content\/uploads\/2024\/05\/38433-84x84.jpg 84w, https:\/\/www.metrica.it\/wp-content\/uploads\/2024\/05\/38433-450x450.jpg 450w, https:\/\/www.metrica.it\/wp-content\/uploads\/2024\/05\/38433-790x790.jpg 790w, https:\/\/www.metrica.it\/wp-content\/uploads\/2024\/05\/38433-660x660.jpg 660w"},"awr_related_products":[{"awr_product_name":"Cromato","awr_product_references":"ref:08396|ean:8001066083961|l:3 m|larghezza:25 mm|unit_misura:mm|b_mm:70|num_pz_gdo:12"},{"awr_product_name":"Cromato","awr_product_references":"ref:08397|ean:8001066083978|l:5 m|larghezza:25 mm|unit_misura:mm|b_mm:70|num_pz_gdo:12"},{"awr_product_name":"Cromato","awr_product_references":"ref:08398|ean:8001066083985|l:10 m|larghezza:25 mm|unit_misura:mm|b_mm:84|num_pz_gdo:12"},{"awr_product_name":"Cromato","awr_product_references":"ref:08399|ean:8001066083992|l:8 m|larghezza:25 mm|unit_misura:mm|b_mm:81|num_pz_gdo:12"},{"awr_product_name":"Cromato","awr_product_references":"ref:38396|ean:8001066383962|l:3 m|larghezza:25 mm|unit_misura:mm|b_mm:70|pack:12"},{"awr_product_name":"Cromato","awr_product_references":"ref:38397|ean:8001066383979|l:5 m|larghezza:25 mm|unit_misura:mm|b_mm:70|pack:12"},{"awr_product_name":"Cromato","awr_product_references":"ref:38398|ean:8001066383986|l:10 m|larghezza:25 mm|unit_misura:mm|b_mm:84|pack:12"},{"awr_product_name":"Cromato","awr_product_references":"ref:38399|ean:8001066383993|l:8 m|larghezza:25 mm|unit_misura:mm|b_mm:81|pack:12"},{"awr_product_name":"Cromato","awr_product_references":"ref:38432|ean:8001066384327|l:2 m|larghezza:19 mm|unit_misura:mm|b_mm:61|pack:12"},{"awr_product_name":"Cromato","awr_product_references":"ref:38433|ean:8001066384334|l:3 m|larghezza:19 mm|unit_misura:mm|b_mm:61|pack:12"}],"awr_consumabili":"","awr_alternativi":"","awr_aliases":"08396,08397,08398,08399,38396,38397,38398,38399,38432,38433","awr_skuid":"38433-it"},"_links":{"self":[{"href":"https:\/\/www.metrica.it\/fr\/wp-json\/wp\/v2\/product\/143881","targetHints":{"allow":["GET"]}}],"collection":[{"href":"https:\/\/www.metrica.it\/fr\/wp-json\/wp\/v2\/product"}],"about":[{"href":"https:\/\/www.metrica.it\/fr\/wp-json\/wp\/v2\/types\/product"}],"wp:featuredmedia":[{"embeddable":true,"href":"https:\/\/www.metrica.it\/fr\/wp-json\/wp\/v2\/media\/117277"}],"wp:attachment":[{"href":"https:\/\/www.metrica.it\/fr\/wp-json\/wp\/v2\/media?parent=143881"}],"wp:term":[{"taxonomy":"product_cat","embeddable":true,"href":"https:\/\/www.metrica.it\/fr\/wp-json\/wp\/v2\/product_cat?post=143881"},{"taxonomy":"product_tag","embeddable":true,"href":"https:\/\/www.metrica.it\/fr\/wp-json\/wp\/v2\/product_tag?post=143881"}],"curies":[{"name":"wp","href":"https:\/\/api.w.org\/{rel}","templated":true}]}}