{"id":143901,"date":"2024-09-16T12:51:02","date_gmt":"2024-09-16T10:51:02","guid":{"rendered":"https:\/\/www.metrica.it\/prodotto\/jauge-de-profondeur\/"},"modified":"2024-09-16T21:43:18","modified_gmt":"2024-09-16T19:43:18","slug":"jauge-de-profondeur","status":"publish","type":"product","link":"https:\/\/www.metrica.it\/fr\/produit\/jauge-de-profondeur\/","title":{"rendered":"Jauge De Profondeur"},"content":{"rendered":"<ul>\n<li>Inox tremp\u00e9<\/li>\n<li>Graduation chrom\u00e9e mat<\/li>\n<li>Vis de blocage<\/li>\n<li>Coffret bois<\/li>\n<\/ul>\n","protected":false},"excerpt":{"rendered":"<p>Inox tremp\u00e9<br \/>Graduation chrom\u00e9e mat<br \/>Vis de blocage<br \/>Coffret bois<\/p>\n","protected":false},"featured_media":129169,"template":"","meta":[],"product_cat":[641,649],"product_tag":[],"class_list":{"0":"post-143901","1":"product","2":"type-product","3":"status-publish","4":"has-post-thumbnail","6":"product_cat-mesures-mecaniques","7":"product_cat-pieds-a-coulisse","9":"first","10":"instock","11":"sold-individually","12":"product-type-simple"},"yoast_head":"<title>Calibro Di Profondit\u00e0 | Pieds A Coulisse | Mesures M\u00e9caniques - Metrica<\/title>\n<meta name=\"description\" content=\"D\u00e9couvrez la collection de produits., Calibro Di Profondit\u00e0 - Pieds A Coulisse.Acciaio inox temprato,Scala cromata opaca,Sistema di bloccaggio a vite . Consultez le catalogue sur le site officiel de Metrica\" \/>\n<meta name=\"robots\" content=\"index, follow, max-snippet:-1, max-image-preview:large, max-video-preview:-1\" \/>\n<link rel=\"canonical\" href=\"https:\/\/www.metrica.it\/fr\/produit\/jauge-de-profondeur\/\" \/>\n<meta property=\"og:locale\" content=\"fr_FR\" \/>\n<meta property=\"og:type\" content=\"article\" \/>\n<meta property=\"og:title\" content=\"Calibro Di Profondit\u00e0 | Pieds A Coulisse | Mesures M\u00e9caniques - Metrica\" \/>\n<meta property=\"og:description\" content=\"D\u00e9couvrez la collection de produits., Calibro Di Profondit\u00e0 - Pieds A Coulisse.Acciaio inox temprato,Scala cromata opaca,Sistema di bloccaggio a vite . Consultez le catalogue sur le site officiel de Metrica\" \/>\n<meta property=\"og:url\" content=\"https:\/\/www.metrica.it\/fr\/produit\/jauge-de-profondeur\/\" \/>\n<meta property=\"og:site_name\" content=\"Metrica\" \/>\n<meta property=\"article:modified_time\" content=\"2024-09-16T19:43:18+00:00\" \/>\n<meta property=\"og:image\" content=\"https:\/\/www.metrica.it\/wp-content\/uploads\/2024\/06\/10151.jpg\" \/>\n\t<meta property=\"og:image:width\" content=\"800\" \/>\n\t<meta property=\"og:image:height\" content=\"800\" \/>\n\t<meta property=\"og:image:type\" content=\"image\/jpeg\" \/>\n<meta name=\"twitter:card\" content=\"summary_large_image\" \/>\n<script type=\"application\/ld+json\" class=\"yoast-schema-graph\">{\"@context\":\"https:\\\/\\\/schema.org\",\"@graph\":[{\"@type\":\"WebPage\",\"@id\":\"https:\\\/\\\/www.metrica.it\\\/fr\\\/produit\\\/jauge-de-profondeur\\\/\",\"url\":\"https:\\\/\\\/www.metrica.it\\\/fr\\\/produit\\\/jauge-de-profondeur\\\/\",\"name\":\"Calibro Di Profondit\u00e0 | Pieds A Coulisse | Mesures M\u00e9caniques - Metrica\",\"isPartOf\":{\"@id\":\"https:\\\/\\\/www.metrica.it\\\/fr\\\/#website\"},\"primaryImageOfPage\":{\"@id\":\"https:\\\/\\\/www.metrica.it\\\/fr\\\/produit\\\/jauge-de-profondeur\\\/#primaryimage\"},\"image\":{\"@id\":\"https:\\\/\\\/www.metrica.it\\\/fr\\\/produit\\\/jauge-de-profondeur\\\/#primaryimage\"},\"thumbnailUrl\":\"https:\\\/\\\/www.metrica.it\\\/wp-content\\\/uploads\\\/2024\\\/06\\\/10151.jpg\",\"datePublished\":\"2024-09-16T10:51:02+00:00\",\"dateModified\":\"2024-09-16T19:43:18+00:00\",\"description\":\"D\u00e9couvrez la collection de produits., Calibro Di Profondit\u00e0 - Pieds A Coulisse.Acciaio inox temprato,Scala cromata opaca,Sistema di bloccaggio a vite . Consultez le catalogue sur le site officiel de Metrica\",\"breadcrumb\":{\"@id\":\"https:\\\/\\\/www.metrica.it\\\/fr\\\/produit\\\/jauge-de-profondeur\\\/#breadcrumb\"},\"inLanguage\":\"fr-FR\",\"potentialAction\":[{\"@type\":\"ReadAction\",\"target\":[\"https:\\\/\\\/www.metrica.it\\\/fr\\\/produit\\\/jauge-de-profondeur\\\/\"]}]},{\"@type\":\"ImageObject\",\"inLanguage\":\"fr-FR\",\"@id\":\"https:\\\/\\\/www.metrica.it\\\/fr\\\/produit\\\/jauge-de-profondeur\\\/#primaryimage\",\"url\":\"https:\\\/\\\/www.metrica.it\\\/wp-content\\\/uploads\\\/2024\\\/06\\\/10151.jpg\",\"contentUrl\":\"https:\\\/\\\/www.metrica.it\\\/wp-content\\\/uploads\\\/2024\\\/06\\\/10151.jpg\",\"width\":800,\"height\":800},{\"@type\":\"BreadcrumbList\",\"@id\":\"https:\\\/\\\/www.metrica.it\\\/fr\\\/produit\\\/jauge-de-profondeur\\\/#breadcrumb\",\"itemListElement\":[{\"@type\":\"ListItem\",\"position\":1,\"name\":\"Home\",\"item\":\"https:\\\/\\\/www.metrica.it\\\/fr\\\/\"},{\"@type\":\"ListItem\",\"position\":2,\"name\":\"Catalogue\",\"item\":\"https:\\\/\\\/www.metrica.it\\\/fr\\\/catalogue\\\/\"},{\"@type\":\"ListItem\",\"position\":3,\"name\":\"Jauge De Profondeur\"}]},{\"@type\":\"WebSite\",\"@id\":\"https:\\\/\\\/www.metrica.it\\\/fr\\\/#website\",\"url\":\"https:\\\/\\\/www.metrica.it\\\/fr\\\/\",\"name\":\"Metrica\",\"description\":\"Made to measure\",\"potentialAction\":[{\"@type\":\"SearchAction\",\"target\":{\"@type\":\"EntryPoint\",\"urlTemplate\":\"https:\\\/\\\/www.metrica.it\\\/fr\\\/?s={search_term_string}\"},\"query-input\":{\"@type\":\"PropertyValueSpecification\",\"valueRequired\":true,\"valueName\":\"search_term_string\"}}],\"inLanguage\":\"fr-FR\"}]}<\/script>","yoast_head_json":{"title":"Calibro Di Profondit\u00e0 | Pieds A Coulisse | Mesures M\u00e9caniques - Metrica","description":"D\u00e9couvrez la collection de produits., Calibro Di Profondit\u00e0 - Pieds A Coulisse.Acciaio inox temprato,Scala cromata opaca,Sistema di bloccaggio a vite . Consultez le catalogue sur le site officiel de Metrica","robots":{"index":"index","follow":"follow","max-snippet":"max-snippet:-1","max-image-preview":"max-image-preview:large","max-video-preview":"max-video-preview:-1"},"canonical":"https:\/\/www.metrica.it\/fr\/produit\/jauge-de-profondeur\/","og_locale":"fr_FR","og_type":"article","og_title":"Calibro Di Profondit\u00e0 | Pieds A Coulisse | Mesures M\u00e9caniques - Metrica","og_description":"D\u00e9couvrez la collection de produits., Calibro Di Profondit\u00e0 - Pieds A Coulisse.Acciaio inox temprato,Scala cromata opaca,Sistema di bloccaggio a vite . Consultez le catalogue sur le site officiel de Metrica","og_url":"https:\/\/www.metrica.it\/fr\/produit\/jauge-de-profondeur\/","og_site_name":"Metrica","article_modified_time":"2024-09-16T19:43:18+00:00","og_image":[{"width":800,"height":800,"url":"https:\/\/www.metrica.it\/wp-content\/uploads\/2024\/06\/10151.jpg","type":"image\/jpeg"}],"twitter_card":"summary_large_image","schema":{"@context":"https:\/\/schema.org","@graph":[{"@type":"WebPage","@id":"https:\/\/www.metrica.it\/fr\/produit\/jauge-de-profondeur\/","url":"https:\/\/www.metrica.it\/fr\/produit\/jauge-de-profondeur\/","name":"Calibro Di Profondit\u00e0 | Pieds A Coulisse | Mesures M\u00e9caniques - Metrica","isPartOf":{"@id":"https:\/\/www.metrica.it\/fr\/#website"},"primaryImageOfPage":{"@id":"https:\/\/www.metrica.it\/fr\/produit\/jauge-de-profondeur\/#primaryimage"},"image":{"@id":"https:\/\/www.metrica.it\/fr\/produit\/jauge-de-profondeur\/#primaryimage"},"thumbnailUrl":"https:\/\/www.metrica.it\/wp-content\/uploads\/2024\/06\/10151.jpg","datePublished":"2024-09-16T10:51:02+00:00","dateModified":"2024-09-16T19:43:18+00:00","description":"D\u00e9couvrez la collection de produits., Calibro Di Profondit\u00e0 - Pieds A Coulisse.Acciaio inox temprato,Scala cromata opaca,Sistema di bloccaggio a vite . Consultez le catalogue sur le site officiel de Metrica","breadcrumb":{"@id":"https:\/\/www.metrica.it\/fr\/produit\/jauge-de-profondeur\/#breadcrumb"},"inLanguage":"fr-FR","potentialAction":[{"@type":"ReadAction","target":["https:\/\/www.metrica.it\/fr\/produit\/jauge-de-profondeur\/"]}]},{"@type":"ImageObject","inLanguage":"fr-FR","@id":"https:\/\/www.metrica.it\/fr\/produit\/jauge-de-profondeur\/#primaryimage","url":"https:\/\/www.metrica.it\/wp-content\/uploads\/2024\/06\/10151.jpg","contentUrl":"https:\/\/www.metrica.it\/wp-content\/uploads\/2024\/06\/10151.jpg","width":800,"height":800},{"@type":"BreadcrumbList","@id":"https:\/\/www.metrica.it\/fr\/produit\/jauge-de-profondeur\/#breadcrumb","itemListElement":[{"@type":"ListItem","position":1,"name":"Home","item":"https:\/\/www.metrica.it\/fr\/"},{"@type":"ListItem","position":2,"name":"Catalogue","item":"https:\/\/www.metrica.it\/fr\/catalogue\/"},{"@type":"ListItem","position":3,"name":"Jauge De Profondeur"}]},{"@type":"WebSite","@id":"https:\/\/www.metrica.it\/fr\/#website","url":"https:\/\/www.metrica.it\/fr\/","name":"Metrica","description":"Made to measure","potentialAction":[{"@type":"SearchAction","target":{"@type":"EntryPoint","urlTemplate":"https:\/\/www.metrica.it\/fr\/?s={search_term_string}"},"query-input":{"@type":"PropertyValueSpecification","valueRequired":true,"valueName":"search_term_string"}}],"inLanguage":"fr-FR"}]}},"meta_box":{"awr_documentation":[],"awr_manuale":[],"awr_scheda_tecnica":"","awr_youtube_video":"","awr_classe_prodotto":"","awr_customize_product":"0","awr_custom_image":false,"awr_related_products":[{"awr_product_name":"Calibro Di Profondit\u00e0","awr_product_references":"ref:10151|ean:8001066101511|a_mm:200|b_mm:100|unit_misura_mm:0.02|pack:1"},{"awr_product_name":"Calibro Di Profondit\u00e0","awr_product_references":"ref:10153|ean:8001066101535|a_mm:300|b_mm:100|unit_misura_mm:0.02|pack:1"}],"awr_consumabili":"","awr_alternativi":"","awr_aliases":"10151,10153","awr_skuid":"10151-it"},"_links":{"self":[{"href":"https:\/\/www.metrica.it\/fr\/wp-json\/wp\/v2\/product\/143901","targetHints":{"allow":["GET"]}}],"collection":[{"href":"https:\/\/www.metrica.it\/fr\/wp-json\/wp\/v2\/product"}],"about":[{"href":"https:\/\/www.metrica.it\/fr\/wp-json\/wp\/v2\/types\/product"}],"wp:featuredmedia":[{"embeddable":true,"href":"https:\/\/www.metrica.it\/fr\/wp-json\/wp\/v2\/media\/129169"}],"wp:attachment":[{"href":"https:\/\/www.metrica.it\/fr\/wp-json\/wp\/v2\/media?parent=143901"}],"wp:term":[{"taxonomy":"product_cat","embeddable":true,"href":"https:\/\/www.metrica.it\/fr\/wp-json\/wp\/v2\/product_cat?post=143901"},{"taxonomy":"product_tag","embeddable":true,"href":"https:\/\/www.metrica.it\/fr\/wp-json\/wp\/v2\/product_tag?post=143901"}],"curies":[{"name":"wp","href":"https:\/\/api.w.org\/{rel}","templated":true}]}}