{"id":144027,"date":"2024-09-16T12:06:17","date_gmt":"2024-09-16T10:06:17","guid":{"rendered":"https:\/\/www.metrica.it\/prodotto\/metrica-flash-30-60-metres\/"},"modified":"2025-04-08T15:39:17","modified_gmt":"2025-04-08T13:39:17","slug":"metrica-flash-60-metres-2","status":"publish","type":"product","link":"https:\/\/www.metrica.it\/fr\/produit\/metrica-flash-60-metres-2\/","title":{"rendered":"Metrica Flash 60 M\u00e8tres"},"content":{"rendered":"<ul>\n<li>Affichage r\u00e9tro-\u00e9clair\u00e9 sur 4 lignes<\/li>\n<li>\u00c9cran noir haute visibilit\u00e9<\/li>\n<li>Fonction de mesure en continue, avec les valeurs max\/min toujours affich\u00e9s<\/li>\n<li>4 fonctions de Pythagore<\/li>\n<li>Tra\u00e7age guid\u00e9 (Tracking)<\/li>\n<li>Distances, surfaces, volumes<\/li>\n<li>Addition et soustraction des distances, de surfaces et de volumes<\/li>\n<li>Tige pliable pour diagonales<\/li>\n<li>2 fioles<\/li>\n<li>Minuterie de mesure, mise hors tension automatique<\/li>\n<li>Retard dans la mesure r\u00e9glable<\/li>\n<li>Fonction sonore<\/li>\n<li>99 m\u00e9moires<\/li>\n<li>Filetage pour tr\u00e9pied 1\/4\u201d<\/li>\n<li>Avec dragonne et \u00e9tui<\/li>\n<\/ul>\n","protected":false},"excerpt":{"rendered":"<p>Affichage r\u00e9tro-\u00e9clair\u00e9 sur 4 lignes<\/p>\n<p>\u00c9cran noir haute visibilit\u00e9<\/p>\n<p>Fonction de mesure en continue, avec les valeurs max\/min toujours affich\u00e9s<\/p>\n<p>4 fonctions de Pythagore<\/p>\n<p>Tra\u00e7age guid\u00e9 (Tracking)<\/p>\n<p>Distances, surfaces, volumes<\/p>\n<p>Addition et soustraction des distances, de surfaces et de volumes<\/p>\n<p>Tige pliable pour diagonales<\/p>\n<p>2 fioles<\/p>\n<p>Minuterie de mesure, mise hors tension automatique<\/p>\n<p>Retard dans la mesure r\u00e9glable<\/p>\n<p>Fonction sonore<\/p>\n<p>99 m\u00e9moires<\/p>\n<p>Filetage pour tr\u00e9pied 1\/4\u201d<\/p>\n<p>Avec dragonne et \u00e9tui<\/p>\n","protected":false},"featured_media":132719,"template":"","meta":[],"product_cat":[526,515],"product_tag":[],"class_list":{"0":"post-144027","1":"product","2":"type-product","3":"status-publish","4":"has-post-thumbnail","6":"product_cat-distancemetres-laser","7":"product_cat-laser-et-cameras-thermiques","9":"first","10":"instock","11":"sold-individually","12":"product-type-simple"},"yoast_head":"<title>Metrica Flash 30 Metri | Distancem\u00e8tres Laser | Laser et Cam\u00e9ras Thermiques - Metrica<\/title>\n<meta name=\"description\" content=\"D\u00e9couvrez la collection de produits., Metrica Flash 30 Metri - Distancem\u00e8tres Laser.Display retroilluminato su 4 righe,Schermo nero ad alta visibilit\u00e0,Funzione misurazione continua, con . Consultez le catalogue sur le site officiel de Metrica\" \/>\n<meta name=\"robots\" content=\"index, follow, max-snippet:-1, max-image-preview:large, max-video-preview:-1\" \/>\n<link rel=\"canonical\" href=\"https:\/\/www.metrica.it\/fr\/produit\/metrica-flash-60-metres-2\/\" \/>\n<meta property=\"og:locale\" content=\"fr_FR\" \/>\n<meta property=\"og:type\" content=\"article\" \/>\n<meta property=\"og:title\" content=\"Metrica Flash 30 Metri | Distancem\u00e8tres Laser | Laser et Cam\u00e9ras Thermiques - Metrica\" \/>\n<meta property=\"og:description\" content=\"D\u00e9couvrez la collection de produits., Metrica Flash 30 Metri - Distancem\u00e8tres Laser.Display retroilluminato su 4 righe,Schermo nero ad alta visibilit\u00e0,Funzione misurazione continua, con . Consultez le catalogue sur le site officiel de Metrica\" \/>\n<meta property=\"og:url\" content=\"https:\/\/www.metrica.it\/fr\/produit\/metrica-flash-60-metres-2\/\" \/>\n<meta property=\"og:site_name\" content=\"Metrica\" \/>\n<meta property=\"article:modified_time\" content=\"2025-04-08T13:39:17+00:00\" \/>\n<meta property=\"og:image\" content=\"https:\/\/www.metrica.it\/wp-content\/uploads\/2024\/06\/61130_4.jpg\" \/>\n\t<meta property=\"og:image:width\" content=\"600\" \/>\n\t<meta property=\"og:image:height\" content=\"600\" \/>\n\t<meta property=\"og:image:type\" content=\"image\/jpeg\" \/>\n<meta name=\"twitter:card\" content=\"summary_large_image\" \/>\n<meta name=\"twitter:label1\" content=\"Dur\u00e9e de lecture estim\u00e9e\" \/>\n\t<meta name=\"twitter:data1\" content=\"1 minute\" \/>\n<script type=\"application\/ld+json\" class=\"yoast-schema-graph\">{\"@context\":\"https:\\\/\\\/schema.org\",\"@graph\":[{\"@type\":\"WebPage\",\"@id\":\"https:\\\/\\\/www.metrica.it\\\/fr\\\/produit\\\/metrica-flash-60-metres-2\\\/\",\"url\":\"https:\\\/\\\/www.metrica.it\\\/fr\\\/produit\\\/metrica-flash-60-metres-2\\\/\",\"name\":\"Metrica Flash 30 Metri | Distancem\u00e8tres Laser | Laser et Cam\u00e9ras Thermiques - Metrica\",\"isPartOf\":{\"@id\":\"https:\\\/\\\/www.metrica.it\\\/fr\\\/#website\"},\"primaryImageOfPage\":{\"@id\":\"https:\\\/\\\/www.metrica.it\\\/fr\\\/produit\\\/metrica-flash-60-metres-2\\\/#primaryimage\"},\"image\":{\"@id\":\"https:\\\/\\\/www.metrica.it\\\/fr\\\/produit\\\/metrica-flash-60-metres-2\\\/#primaryimage\"},\"thumbnailUrl\":\"https:\\\/\\\/www.metrica.it\\\/wp-content\\\/uploads\\\/2024\\\/06\\\/61130_4.jpg\",\"datePublished\":\"2024-09-16T10:06:17+00:00\",\"dateModified\":\"2025-04-08T13:39:17+00:00\",\"description\":\"D\u00e9couvrez la collection de produits., Metrica Flash 30 Metri - Distancem\u00e8tres Laser.Display retroilluminato su 4 righe,Schermo nero ad alta visibilit\u00e0,Funzione misurazione continua, con . Consultez le catalogue sur le site officiel de Metrica\",\"breadcrumb\":{\"@id\":\"https:\\\/\\\/www.metrica.it\\\/fr\\\/produit\\\/metrica-flash-60-metres-2\\\/#breadcrumb\"},\"inLanguage\":\"fr-FR\",\"potentialAction\":[{\"@type\":\"ReadAction\",\"target\":[\"https:\\\/\\\/www.metrica.it\\\/fr\\\/produit\\\/metrica-flash-60-metres-2\\\/\"]}]},{\"@type\":\"ImageObject\",\"inLanguage\":\"fr-FR\",\"@id\":\"https:\\\/\\\/www.metrica.it\\\/fr\\\/produit\\\/metrica-flash-60-metres-2\\\/#primaryimage\",\"url\":\"https:\\\/\\\/www.metrica.it\\\/wp-content\\\/uploads\\\/2024\\\/06\\\/61130_4.jpg\",\"contentUrl\":\"https:\\\/\\\/www.metrica.it\\\/wp-content\\\/uploads\\\/2024\\\/06\\\/61130_4.jpg\",\"width\":600,\"height\":600},{\"@type\":\"BreadcrumbList\",\"@id\":\"https:\\\/\\\/www.metrica.it\\\/fr\\\/produit\\\/metrica-flash-60-metres-2\\\/#breadcrumb\",\"itemListElement\":[{\"@type\":\"ListItem\",\"position\":1,\"name\":\"Home\",\"item\":\"https:\\\/\\\/www.metrica.it\\\/fr\\\/\"},{\"@type\":\"ListItem\",\"position\":2,\"name\":\"Catalogue\",\"item\":\"https:\\\/\\\/www.metrica.it\\\/fr\\\/catalogue\\\/\"},{\"@type\":\"ListItem\",\"position\":3,\"name\":\"Metrica Flash 60 M\u00e8tres\"}]},{\"@type\":\"WebSite\",\"@id\":\"https:\\\/\\\/www.metrica.it\\\/fr\\\/#website\",\"url\":\"https:\\\/\\\/www.metrica.it\\\/fr\\\/\",\"name\":\"Metrica\",\"description\":\"Made to measure\",\"potentialAction\":[{\"@type\":\"SearchAction\",\"target\":{\"@type\":\"EntryPoint\",\"urlTemplate\":\"https:\\\/\\\/www.metrica.it\\\/fr\\\/?s={search_term_string}\"},\"query-input\":{\"@type\":\"PropertyValueSpecification\",\"valueRequired\":true,\"valueName\":\"search_term_string\"}}],\"inLanguage\":\"fr-FR\"}]}<\/script>","yoast_head_json":{"title":"Metrica Flash 30 Metri | Distancem\u00e8tres Laser | Laser et Cam\u00e9ras Thermiques - Metrica","description":"D\u00e9couvrez la collection de produits., Metrica Flash 30 Metri - Distancem\u00e8tres Laser.Display retroilluminato su 4 righe,Schermo nero ad alta visibilit\u00e0,Funzione misurazione continua, con . Consultez le catalogue sur le site officiel de Metrica","robots":{"index":"index","follow":"follow","max-snippet":"max-snippet:-1","max-image-preview":"max-image-preview:large","max-video-preview":"max-video-preview:-1"},"canonical":"https:\/\/www.metrica.it\/fr\/produit\/metrica-flash-60-metres-2\/","og_locale":"fr_FR","og_type":"article","og_title":"Metrica Flash 30 Metri | Distancem\u00e8tres Laser | Laser et Cam\u00e9ras Thermiques - Metrica","og_description":"D\u00e9couvrez la collection de produits., Metrica Flash 30 Metri - Distancem\u00e8tres Laser.Display retroilluminato su 4 righe,Schermo nero ad alta visibilit\u00e0,Funzione misurazione continua, con . Consultez le catalogue sur le site officiel de Metrica","og_url":"https:\/\/www.metrica.it\/fr\/produit\/metrica-flash-60-metres-2\/","og_site_name":"Metrica","article_modified_time":"2025-04-08T13:39:17+00:00","og_image":[{"width":600,"height":600,"url":"https:\/\/www.metrica.it\/wp-content\/uploads\/2024\/06\/61130_4.jpg","type":"image\/jpeg"}],"twitter_card":"summary_large_image","twitter_misc":{"Dur\u00e9e de lecture estim\u00e9e":"1 minute"},"schema":{"@context":"https:\/\/schema.org","@graph":[{"@type":"WebPage","@id":"https:\/\/www.metrica.it\/fr\/produit\/metrica-flash-60-metres-2\/","url":"https:\/\/www.metrica.it\/fr\/produit\/metrica-flash-60-metres-2\/","name":"Metrica Flash 30 Metri | Distancem\u00e8tres Laser | Laser et Cam\u00e9ras Thermiques - Metrica","isPartOf":{"@id":"https:\/\/www.metrica.it\/fr\/#website"},"primaryImageOfPage":{"@id":"https:\/\/www.metrica.it\/fr\/produit\/metrica-flash-60-metres-2\/#primaryimage"},"image":{"@id":"https:\/\/www.metrica.it\/fr\/produit\/metrica-flash-60-metres-2\/#primaryimage"},"thumbnailUrl":"https:\/\/www.metrica.it\/wp-content\/uploads\/2024\/06\/61130_4.jpg","datePublished":"2024-09-16T10:06:17+00:00","dateModified":"2025-04-08T13:39:17+00:00","description":"D\u00e9couvrez la collection de produits., Metrica Flash 30 Metri - Distancem\u00e8tres Laser.Display retroilluminato su 4 righe,Schermo nero ad alta visibilit\u00e0,Funzione misurazione continua, con . Consultez le catalogue sur le site officiel de Metrica","breadcrumb":{"@id":"https:\/\/www.metrica.it\/fr\/produit\/metrica-flash-60-metres-2\/#breadcrumb"},"inLanguage":"fr-FR","potentialAction":[{"@type":"ReadAction","target":["https:\/\/www.metrica.it\/fr\/produit\/metrica-flash-60-metres-2\/"]}]},{"@type":"ImageObject","inLanguage":"fr-FR","@id":"https:\/\/www.metrica.it\/fr\/produit\/metrica-flash-60-metres-2\/#primaryimage","url":"https:\/\/www.metrica.it\/wp-content\/uploads\/2024\/06\/61130_4.jpg","contentUrl":"https:\/\/www.metrica.it\/wp-content\/uploads\/2024\/06\/61130_4.jpg","width":600,"height":600},{"@type":"BreadcrumbList","@id":"https:\/\/www.metrica.it\/fr\/produit\/metrica-flash-60-metres-2\/#breadcrumb","itemListElement":[{"@type":"ListItem","position":1,"name":"Home","item":"https:\/\/www.metrica.it\/fr\/"},{"@type":"ListItem","position":2,"name":"Catalogue","item":"https:\/\/www.metrica.it\/fr\/catalogue\/"},{"@type":"ListItem","position":3,"name":"Metrica Flash 60 M\u00e8tres"}]},{"@type":"WebSite","@id":"https:\/\/www.metrica.it\/fr\/#website","url":"https:\/\/www.metrica.it\/fr\/","name":"Metrica","description":"Made to measure","potentialAction":[{"@type":"SearchAction","target":{"@type":"EntryPoint","urlTemplate":"https:\/\/www.metrica.it\/fr\/?s={search_term_string}"},"query-input":{"@type":"PropertyValueSpecification","valueRequired":true,"valueName":"search_term_string"}}],"inLanguage":"fr-FR"}]}},"meta_box":{"awr_documentation":[{"filesize":1803996,"ID":"146348","name":"61130_61155.pdf","path":"\/var\/www\/html\/wp-content\/uploads\/2024\/09\/61130_61155.pdf","url":"https:\/\/www.metrica.it\/wp-content\/uploads\/2024\/09\/61130_61155.pdf","title":"61130_61155.pdf"}],"awr_manuale":[],"awr_scheda_tecnica":"<table>\n<tbody>\n<tr>\n<td><strong>Pr\u00e9cision\u00a0<\/strong><\/td>\n<td>+ \/ - 2,0 mm<\/td>\n<\/tr>\n<tr>\n<td><strong>Port\u00e9e R\u00e9f. 61155*<\/strong><\/td>\n<td>60 m<\/td>\n<\/tr>\n<tr>\n<td><strong>Dur\u00e9e des piles<\/strong><\/td>\n<td>fino a 8000 misure<\/td>\n<\/tr>\n<tr>\n<td><strong>Type laser\u00a0<\/strong><\/td>\n<td>635 nm<\/td>\n<\/tr>\n<tr>\n<td><strong>Classe laser<\/strong><\/td>\n<td>classe II<\/td>\n<\/tr>\n<tr>\n<td><strong>Indice de protection<\/strong><\/td>\n<td>IP 54<\/td>\n<\/tr>\n<tr>\n<td><strong>Temp\u00e9rature de fonctionnement<\/strong><\/td>\n<td>0\u00b0 C \/ 40\u00b0 C<\/td>\n<\/tr>\n<tr>\n<td><strong>Piles<\/strong><\/td>\n<td>tipo AAA 2 x 15 V<\/td>\n<\/tr>\n<tr>\n<td><strong>Dimensions<\/strong><\/td>\n<td>118 x 54 x 28 mm<\/td>\n<\/tr>\n<tr>\n<td><strong>Poids\u00a0(sans piles)<\/strong><\/td>\n<td>110 g<\/td>\n<\/tr>\n<tr>\n<td><strong>Filetage pour tr\u00e9pied<\/strong><\/td>\n<td>1\/4\"<\/td>\n<\/tr>\n<\/tbody>\n<\/table>\n","awr_youtube_video":"","awr_classe_prodotto":"","awr_customize_product":"1","awr_custom_image":{"width":96,"height":96,"file":"2024\/06\/61130.jpg","filesize":492715,"sizes":{"dgwt-wcas-product-suggestion":{"file":"61130-64x64.jpg","width":64,"height":64,"mime-type":"image\/jpeg","filesize":1775,"url":"https:\/\/www.metrica.it\/wp-content\/uploads\/2024\/06\/61130-64x64.jpg"},"hongo-product-icon-image":{"file":"61130-64x64.jpg","width":64,"height":64,"mime-type":"image\/jpeg","filesize":1775,"url":"https:\/\/www.metrica.it\/wp-content\/uploads\/2024\/06\/61130-64x64.jpg"},"hongo-product-small-image":{"file":"61130-84x84.jpg","width":84,"height":84,"mime-type":"image\/jpeg","filesize":2467,"url":"https:\/\/www.metrica.it\/wp-content\/uploads\/2024\/06\/61130-84x84.jpg"},"hongo-medium-image":{"file":"61130-450x450.jpg","width":450,"height":450,"mime-type":"image\/jpeg","filesize":24392,"url":"https:\/\/www.metrica.it\/wp-content\/uploads\/2024\/06\/61130-450x450.jpg"},"post-thumbnail":{"file":"61130-790x790.jpg","width":790,"height":790,"mime-type":"image\/jpeg","filesize":57429,"url":"https:\/\/www.metrica.it\/wp-content\/uploads\/2024\/06\/61130-790x790.jpg"},"hongo-shop-image":{"file":"61130-660x660.jpg","width":660,"height":660,"mime-type":"image\/jpeg","filesize":43491,"url":"https:\/\/www.metrica.it\/wp-content\/uploads\/2024\/06\/61130-660x660.jpg"}},"image_meta":{"aperture":"0","credit":"","camera":"","caption":"","created_timestamp":"0","copyright":"","focal_length":"0","iso":"0","shutter_speed":"0","title":"","orientation":"1","keywords":[]},"ID":"132714","name":"61130.jpg","path":"\/var\/www\/html\/wp-content\/uploads\/2024\/06\/61130.jpg","url":"https:\/\/www.metrica.it\/wp-content\/uploads\/2024\/06\/61130.jpg","full_url":"https:\/\/www.metrica.it\/wp-content\/uploads\/2024\/06\/61130.jpg","title":"61130.jpg","caption":"","description":"","alt":"","srcset":"https:\/\/www.metrica.it\/wp-content\/uploads\/2024\/06\/61130.jpg 800w, https:\/\/www.metrica.it\/wp-content\/uploads\/2024\/06\/61130-64x64.jpg 64w, https:\/\/www.metrica.it\/wp-content\/uploads\/2024\/06\/61130-84x84.jpg 84w, https:\/\/www.metrica.it\/wp-content\/uploads\/2024\/06\/61130-450x450.jpg 450w, https:\/\/www.metrica.it\/wp-content\/uploads\/2024\/06\/61130-790x790.jpg 790w, https:\/\/www.metrica.it\/wp-content\/uploads\/2024\/06\/61130-660x660.jpg 660w"},"awr_related_products":[{"awr_product_name":"Metrica Flash 30 Metri","awr_product_references":"ref:61130|ean:8001066611300|l:0,05 \u00f7 30 m|pack:1"}],"awr_consumabili":"","awr_alternativi":"","awr_aliases":"61130","awr_skuid":"61130-it"},"_links":{"self":[{"href":"https:\/\/www.metrica.it\/fr\/wp-json\/wp\/v2\/product\/144027","targetHints":{"allow":["GET"]}}],"collection":[{"href":"https:\/\/www.metrica.it\/fr\/wp-json\/wp\/v2\/product"}],"about":[{"href":"https:\/\/www.metrica.it\/fr\/wp-json\/wp\/v2\/types\/product"}],"wp:featuredmedia":[{"embeddable":true,"href":"https:\/\/www.metrica.it\/fr\/wp-json\/wp\/v2\/media\/132719"}],"wp:attachment":[{"href":"https:\/\/www.metrica.it\/fr\/wp-json\/wp\/v2\/media?parent=144027"}],"wp:term":[{"taxonomy":"product_cat","embeddable":true,"href":"https:\/\/www.metrica.it\/fr\/wp-json\/wp\/v2\/product_cat?post=144027"},{"taxonomy":"product_tag","embeddable":true,"href":"https:\/\/www.metrica.it\/fr\/wp-json\/wp\/v2\/product_tag?post=144027"}],"curies":[{"name":"wp","href":"https:\/\/api.w.org\/{rel}","templated":true}]}}