{"id":144037,"date":"2024-09-16T12:18:18","date_gmt":"2024-09-16T10:18:18","guid":{"rendered":"https:\/\/www.metrica.it\/prodotto\/metrica-rubber-touch-5\/"},"modified":"2024-09-16T21:06:57","modified_gmt":"2024-09-16T19:06:57","slug":"metrica-rubber-touch","status":"publish","type":"product","link":"https:\/\/www.metrica.it\/fr\/produit\/metrica-rubber-touch\/","title":{"rendered":"Metrica Rubber Touch"},"content":{"rendered":"<ul>\n<li>Crochet sp\u00e9cial rev\u00eatu en caoutchouc pour una prise meilleure (brevet\u00e9)<\/li>\n<li>Ruban prot\u00e9g\u00e9 par un rev\u00eatement sp\u00e9cial en nylon de longue dur\u00e9e anti-abrasion, anti-acide, anti-reflet<\/li>\n<li>Chiffres g\u00e9ants pour une lecture plus facile<\/li>\n<li>Bo\u00eetier en bi-mat\u00e9riel rev\u00eatu en caoutchouc antiglissement<\/li>\n<li>Rentr\u00e9e automatique du ruban avec amortisseur<\/li>\n<li>Avec clip<\/li>\n","protected":false},"excerpt":{"rendered":"<p>Crochet sp\u00e9cial rev\u00eatu en caoutchouc pour una prise meilleure (brevet\u00e9)<br \/>Ruban prot\u00e9g\u00e9 par un rev\u00eatement sp\u00e9cial en nylon de longue dur\u00e9e anti-abrasion, anti-acide, anti-reflet<br \/>Chiffres g\u00e9ants pour une lecture plus facile<br \/>Bo\u00eetier en bi-mat\u00e9riel rev\u00eatu en caoutchouc antiglissement<br \/>Rentr\u00e9e automatique du ruban avec amortisseur<br \/>Avec clip<\/p>\n","protected":false},"featured_media":119749,"template":"","meta":[],"product_cat":[49,590],"product_tag":[],"class_list":{"0":"post-144037","1":"product","2":"type-product","3":"status-publish","4":"has-post-thumbnail","6":"product_cat-mesures-de-longueur","7":"product_cat-metres-a-ruban","9":"first","10":"instock","11":"sold-individually","12":"product-type-simple"},"yoast_head":"<title>Metrica Rubber Touch | M\u00e8tres \u00e0 Ruban | Mesures de Longueur - Metrica<\/title>\n<meta name=\"description\" content=\"D\u00e9couvrez la collection de produits., Metrica Rubber Touch - M\u00e8tres \u00e0 Ruban.Speciale gancio mobile con gomma alettata all\u0092interno che aumenta la presa (brevettato),Nastro rivestito in nylon lung . Consultez le catalogue sur le site officiel de Metrica\" \/>\n<meta name=\"robots\" content=\"index, follow, max-snippet:-1, max-image-preview:large, max-video-preview:-1\" \/>\n<link rel=\"canonical\" href=\"https:\/\/www.metrica.it\/fr\/produit\/metrica-rubber-touch\/\" \/>\n<meta property=\"og:locale\" content=\"fr_FR\" \/>\n<meta property=\"og:type\" content=\"article\" \/>\n<meta property=\"og:title\" content=\"Metrica Rubber Touch | M\u00e8tres \u00e0 Ruban | Mesures de Longueur - Metrica\" \/>\n<meta property=\"og:description\" content=\"D\u00e9couvrez la collection de produits., Metrica Rubber Touch - M\u00e8tres \u00e0 Ruban.Speciale gancio mobile con gomma alettata all\u0092interno che aumenta la presa (brevettato),Nastro rivestito in nylon lung . Consultez le catalogue sur le site officiel de Metrica\" \/>\n<meta property=\"og:url\" content=\"https:\/\/www.metrica.it\/fr\/produit\/metrica-rubber-touch\/\" \/>\n<meta property=\"og:site_name\" content=\"Metrica\" \/>\n<meta property=\"article:modified_time\" content=\"2024-09-16T19:06:57+00:00\" \/>\n<meta property=\"og:image\" content=\"https:\/\/www.metrica.it\/wp-content\/uploads\/2024\/05\/08793.jpg\" \/>\n\t<meta property=\"og:image:width\" content=\"800\" \/>\n\t<meta property=\"og:image:height\" content=\"800\" \/>\n\t<meta property=\"og:image:type\" content=\"image\/jpeg\" \/>\n<meta name=\"twitter:card\" content=\"summary_large_image\" \/>\n<script type=\"application\/ld+json\" class=\"yoast-schema-graph\">{\"@context\":\"https:\\\/\\\/schema.org\",\"@graph\":[{\"@type\":\"WebPage\",\"@id\":\"https:\\\/\\\/www.metrica.it\\\/fr\\\/produit\\\/metrica-rubber-touch\\\/\",\"url\":\"https:\\\/\\\/www.metrica.it\\\/fr\\\/produit\\\/metrica-rubber-touch\\\/\",\"name\":\"Metrica Rubber Touch | M\u00e8tres \u00e0 Ruban | Mesures de Longueur - Metrica\",\"isPartOf\":{\"@id\":\"https:\\\/\\\/www.metrica.it\\\/fr\\\/#website\"},\"primaryImageOfPage\":{\"@id\":\"https:\\\/\\\/www.metrica.it\\\/fr\\\/produit\\\/metrica-rubber-touch\\\/#primaryimage\"},\"image\":{\"@id\":\"https:\\\/\\\/www.metrica.it\\\/fr\\\/produit\\\/metrica-rubber-touch\\\/#primaryimage\"},\"thumbnailUrl\":\"https:\\\/\\\/www.metrica.it\\\/wp-content\\\/uploads\\\/2024\\\/05\\\/08793.jpg\",\"datePublished\":\"2024-09-16T10:18:18+00:00\",\"dateModified\":\"2024-09-16T19:06:57+00:00\",\"description\":\"D\u00e9couvrez la collection de produits., Metrica Rubber Touch - M\u00e8tres \u00e0 Ruban.Speciale gancio mobile con gomma alettata all\u0092interno che aumenta la presa (brevettato),Nastro rivestito in nylon lung . Consultez le catalogue sur le site officiel de Metrica\",\"breadcrumb\":{\"@id\":\"https:\\\/\\\/www.metrica.it\\\/fr\\\/produit\\\/metrica-rubber-touch\\\/#breadcrumb\"},\"inLanguage\":\"fr-FR\",\"potentialAction\":[{\"@type\":\"ReadAction\",\"target\":[\"https:\\\/\\\/www.metrica.it\\\/fr\\\/produit\\\/metrica-rubber-touch\\\/\"]}]},{\"@type\":\"ImageObject\",\"inLanguage\":\"fr-FR\",\"@id\":\"https:\\\/\\\/www.metrica.it\\\/fr\\\/produit\\\/metrica-rubber-touch\\\/#primaryimage\",\"url\":\"https:\\\/\\\/www.metrica.it\\\/wp-content\\\/uploads\\\/2024\\\/05\\\/08793.jpg\",\"contentUrl\":\"https:\\\/\\\/www.metrica.it\\\/wp-content\\\/uploads\\\/2024\\\/05\\\/08793.jpg\",\"width\":800,\"height\":800},{\"@type\":\"BreadcrumbList\",\"@id\":\"https:\\\/\\\/www.metrica.it\\\/fr\\\/produit\\\/metrica-rubber-touch\\\/#breadcrumb\",\"itemListElement\":[{\"@type\":\"ListItem\",\"position\":1,\"name\":\"Home\",\"item\":\"https:\\\/\\\/www.metrica.it\\\/fr\\\/\"},{\"@type\":\"ListItem\",\"position\":2,\"name\":\"Catalogue\",\"item\":\"https:\\\/\\\/www.metrica.it\\\/fr\\\/catalogue\\\/\"},{\"@type\":\"ListItem\",\"position\":3,\"name\":\"Metrica Rubber Touch\"}]},{\"@type\":\"WebSite\",\"@id\":\"https:\\\/\\\/www.metrica.it\\\/fr\\\/#website\",\"url\":\"https:\\\/\\\/www.metrica.it\\\/fr\\\/\",\"name\":\"Metrica\",\"description\":\"Made to measure\",\"potentialAction\":[{\"@type\":\"SearchAction\",\"target\":{\"@type\":\"EntryPoint\",\"urlTemplate\":\"https:\\\/\\\/www.metrica.it\\\/fr\\\/?s={search_term_string}\"},\"query-input\":{\"@type\":\"PropertyValueSpecification\",\"valueRequired\":true,\"valueName\":\"search_term_string\"}}],\"inLanguage\":\"fr-FR\"}]}<\/script>","yoast_head_json":{"title":"Metrica Rubber Touch | M\u00e8tres \u00e0 Ruban | Mesures de Longueur - Metrica","description":"D\u00e9couvrez la collection de produits., Metrica Rubber Touch - M\u00e8tres \u00e0 Ruban.Speciale gancio mobile con gomma alettata all\u0092interno che aumenta la presa (brevettato),Nastro rivestito in nylon lung . Consultez le catalogue sur le site officiel de Metrica","robots":{"index":"index","follow":"follow","max-snippet":"max-snippet:-1","max-image-preview":"max-image-preview:large","max-video-preview":"max-video-preview:-1"},"canonical":"https:\/\/www.metrica.it\/fr\/produit\/metrica-rubber-touch\/","og_locale":"fr_FR","og_type":"article","og_title":"Metrica Rubber Touch | M\u00e8tres \u00e0 Ruban | Mesures de Longueur - Metrica","og_description":"D\u00e9couvrez la collection de produits., Metrica Rubber Touch - M\u00e8tres \u00e0 Ruban.Speciale gancio mobile con gomma alettata all\u0092interno che aumenta la presa (brevettato),Nastro rivestito in nylon lung . Consultez le catalogue sur le site officiel de Metrica","og_url":"https:\/\/www.metrica.it\/fr\/produit\/metrica-rubber-touch\/","og_site_name":"Metrica","article_modified_time":"2024-09-16T19:06:57+00:00","og_image":[{"width":800,"height":800,"url":"https:\/\/www.metrica.it\/wp-content\/uploads\/2024\/05\/08793.jpg","type":"image\/jpeg"}],"twitter_card":"summary_large_image","schema":{"@context":"https:\/\/schema.org","@graph":[{"@type":"WebPage","@id":"https:\/\/www.metrica.it\/fr\/produit\/metrica-rubber-touch\/","url":"https:\/\/www.metrica.it\/fr\/produit\/metrica-rubber-touch\/","name":"Metrica Rubber Touch | M\u00e8tres \u00e0 Ruban | Mesures de Longueur - Metrica","isPartOf":{"@id":"https:\/\/www.metrica.it\/fr\/#website"},"primaryImageOfPage":{"@id":"https:\/\/www.metrica.it\/fr\/produit\/metrica-rubber-touch\/#primaryimage"},"image":{"@id":"https:\/\/www.metrica.it\/fr\/produit\/metrica-rubber-touch\/#primaryimage"},"thumbnailUrl":"https:\/\/www.metrica.it\/wp-content\/uploads\/2024\/05\/08793.jpg","datePublished":"2024-09-16T10:18:18+00:00","dateModified":"2024-09-16T19:06:57+00:00","description":"D\u00e9couvrez la collection de produits., Metrica Rubber Touch - M\u00e8tres \u00e0 Ruban.Speciale gancio mobile con gomma alettata all\u0092interno che aumenta la presa (brevettato),Nastro rivestito in nylon lung . Consultez le catalogue sur le site officiel de Metrica","breadcrumb":{"@id":"https:\/\/www.metrica.it\/fr\/produit\/metrica-rubber-touch\/#breadcrumb"},"inLanguage":"fr-FR","potentialAction":[{"@type":"ReadAction","target":["https:\/\/www.metrica.it\/fr\/produit\/metrica-rubber-touch\/"]}]},{"@type":"ImageObject","inLanguage":"fr-FR","@id":"https:\/\/www.metrica.it\/fr\/produit\/metrica-rubber-touch\/#primaryimage","url":"https:\/\/www.metrica.it\/wp-content\/uploads\/2024\/05\/08793.jpg","contentUrl":"https:\/\/www.metrica.it\/wp-content\/uploads\/2024\/05\/08793.jpg","width":800,"height":800},{"@type":"BreadcrumbList","@id":"https:\/\/www.metrica.it\/fr\/produit\/metrica-rubber-touch\/#breadcrumb","itemListElement":[{"@type":"ListItem","position":1,"name":"Home","item":"https:\/\/www.metrica.it\/fr\/"},{"@type":"ListItem","position":2,"name":"Catalogue","item":"https:\/\/www.metrica.it\/fr\/catalogue\/"},{"@type":"ListItem","position":3,"name":"Metrica Rubber Touch"}]},{"@type":"WebSite","@id":"https:\/\/www.metrica.it\/fr\/#website","url":"https:\/\/www.metrica.it\/fr\/","name":"Metrica","description":"Made to measure","potentialAction":[{"@type":"SearchAction","target":{"@type":"EntryPoint","urlTemplate":"https:\/\/www.metrica.it\/fr\/?s={search_term_string}"},"query-input":{"@type":"PropertyValueSpecification","valueRequired":true,"valueName":"search_term_string"}}],"inLanguage":"fr-FR"}]}},"meta_box":{"awr_documentation":[],"awr_manuale":[],"awr_scheda_tecnica":"","awr_youtube_video":"","awr_classe_prodotto":"CE_2","awr_customize_product":"1","awr_custom_image":{"width":96,"height":96,"file":"2024\/05\/98794.jpg","filesize":399826,"sizes":{"dgwt-wcas-product-suggestion":{"file":"98794-64x64.jpg","width":64,"height":64,"mime-type":"image\/jpeg","filesize":1956,"url":"https:\/\/www.metrica.it\/wp-content\/uploads\/2024\/05\/98794-64x64.jpg"},"hongo-product-icon-image":{"file":"98794-64x64.jpg","width":64,"height":64,"mime-type":"image\/jpeg","filesize":1956,"url":"https:\/\/www.metrica.it\/wp-content\/uploads\/2024\/05\/98794-64x64.jpg"},"hongo-product-small-image":{"file":"98794-84x84.jpg","width":84,"height":84,"mime-type":"image\/jpeg","filesize":2659,"url":"https:\/\/www.metrica.it\/wp-content\/uploads\/2024\/05\/98794-84x84.jpg"},"hongo-medium-image":{"file":"98794-450x450.jpg","width":450,"height":450,"mime-type":"image\/jpeg","filesize":21166,"url":"https:\/\/www.metrica.it\/wp-content\/uploads\/2024\/05\/98794-450x450.jpg"},"post-thumbnail":{"file":"98794-790x790.jpg","width":790,"height":790,"mime-type":"image\/jpeg","filesize":46225,"url":"https:\/\/www.metrica.it\/wp-content\/uploads\/2024\/05\/98794-790x790.jpg"},"hongo-shop-image":{"file":"98794-660x660.jpg","width":660,"height":660,"mime-type":"image\/jpeg","filesize":35735,"url":"https:\/\/www.metrica.it\/wp-content\/uploads\/2024\/05\/98794-660x660.jpg"}},"image_meta":{"aperture":"0","credit":"","camera":"","caption":"","created_timestamp":"0","copyright":"","focal_length":"0","iso":"0","shutter_speed":"0","title":"","orientation":"1","keywords":[]},"ID":"119744","name":"98794.jpg","path":"\/var\/www\/html\/wp-content\/uploads\/2024\/05\/98794.jpg","url":"https:\/\/www.metrica.it\/wp-content\/uploads\/2024\/05\/98794.jpg","full_url":"https:\/\/www.metrica.it\/wp-content\/uploads\/2024\/05\/98794.jpg","title":"98794.jpg","caption":"","description":"","alt":"","srcset":"https:\/\/www.metrica.it\/wp-content\/uploads\/2024\/05\/98794.jpg 800w, https:\/\/www.metrica.it\/wp-content\/uploads\/2024\/05\/98794-64x64.jpg 64w, https:\/\/www.metrica.it\/wp-content\/uploads\/2024\/05\/98794-84x84.jpg 84w, https:\/\/www.metrica.it\/wp-content\/uploads\/2024\/05\/98794-450x450.jpg 450w, https:\/\/www.metrica.it\/wp-content\/uploads\/2024\/05\/98794-790x790.jpg 790w, https:\/\/www.metrica.it\/wp-content\/uploads\/2024\/05\/98794-660x660.jpg 660w"},"awr_related_products":[{"awr_product_name":"Metrica Rubber Touch","awr_product_references":"ref:08793|ean:8001066087938|l:3 m|larghezza:16 mm|unit_misura:mm|b_mm:60|num_pz_gdo:12"},{"awr_product_name":"Metrica Rubber Touch","awr_product_references":"ref:08794|ean:8001066087945|l:5 m|larghezza:19 mm|unit_misura:mm|b_mm:65|num_pz_gdo:12"},{"awr_product_name":"Metrica Rubber Touch","awr_product_references":"ref:08795|ean:8001066087952|l:5 m|larghezza:25 mm|unit_misura:mm|b_mm:65|num_pz_gdo:12"},{"awr_product_name":"Metrica Rubber Touch","awr_product_references":"ref:08798|ean:8001066087983|l:8 m|larghezza:25 mm|unit_misura:mm|b_mm:75|num_pz_gdo:12"},{"awr_product_name":"Metrica Rubber Touch","awr_product_references":"ref:08800|ean:8001066088003|l:10 m|larghezza:25 mm|unit_misura:mm|b_mm:85|num_pz_gdo:12"}],"awr_consumabili":"","awr_alternativi":"","awr_aliases":"08793,08794,08795,08798,08800","awr_skuid":"08793-it"},"_links":{"self":[{"href":"https:\/\/www.metrica.it\/fr\/wp-json\/wp\/v2\/product\/144037","targetHints":{"allow":["GET"]}}],"collection":[{"href":"https:\/\/www.metrica.it\/fr\/wp-json\/wp\/v2\/product"}],"about":[{"href":"https:\/\/www.metrica.it\/fr\/wp-json\/wp\/v2\/types\/product"}],"wp:featuredmedia":[{"embeddable":true,"href":"https:\/\/www.metrica.it\/fr\/wp-json\/wp\/v2\/media\/119749"}],"wp:attachment":[{"href":"https:\/\/www.metrica.it\/fr\/wp-json\/wp\/v2\/media?parent=144037"}],"wp:term":[{"taxonomy":"product_cat","embeddable":true,"href":"https:\/\/www.metrica.it\/fr\/wp-json\/wp\/v2\/product_cat?post=144037"},{"taxonomy":"product_tag","embeddable":true,"href":"https:\/\/www.metrica.it\/fr\/wp-json\/wp\/v2\/product_tag?post=144037"}],"curies":[{"name":"wp","href":"https:\/\/api.w.org\/{rel}","templated":true}]}}