{"id":144067,"date":"2024-09-16T12:52:55","date_gmt":"2024-09-16T10:52:55","guid":{"rendered":"https:\/\/www.metrica.it\/prodotto\/micrometre-grand-diametres\/"},"modified":"2024-09-16T21:45:16","modified_gmt":"2024-09-16T19:45:16","slug":"micrometre-grand-diametres","status":"publish","type":"product","link":"https:\/\/www.metrica.it\/fr\/produit\/micrometre-grand-diametres\/","title":{"rendered":"Microm\u00e8tre Grand Diam\u00e8tres"},"content":{"rendered":"<ul>\n<li>Arc en structure tubulaire l\u00e9g\u00e8re et robuste<\/li>\n<li>Touches en carbure \u00d8 6,5 mm<\/li>\n<li>Tambour \u00d8 18 mm<\/li>\n<li>Levier de blocage<\/li>\n<li>Enclume interchangeable<\/li>\n<li>Lecture 0,01 mm<\/li>\n<li>\u00c9tui en bois<\/li>\n<li>Pr\u00e9cision DIN 863<\/li>\n<\/ul>\n","protected":false},"excerpt":{"rendered":"<p>Arc en structure tubulaire l\u00e9g\u00e8re et robuste<br \/>Touches en carbure \u00d8 6,5 mm<br \/>Tambour \u00d8 18 mm<br \/>Levier de blocage<br \/>Enclume interchangeable<br \/>Lecture 0,01 mm<br \/>\u00c9tui en bois<br \/>Pr\u00e9cision DIN 863<\/p>\n","protected":false},"featured_media":127155,"template":"","meta":[],"product_cat":[641,661],"product_tag":[],"class_list":{"0":"post-144067","1":"product","2":"type-product","3":"status-publish","4":"has-post-thumbnail","6":"product_cat-mesures-mecaniques","7":"product_cat-micrometres","9":"first","10":"instock","11":"sold-individually","12":"product-type-simple"},"yoast_head":"<title>Micrometro Per Grandi Diametri | Microm\u00e8tres | Mesures M\u00e9caniques - Metrica<\/title>\n<meta name=\"description\" content=\"D\u00e9couvrez la collection de produits., Micrometro Per Grandi Diametri - Microm\u00e8tres.Arco in struttura tubolare leggera e robusta,Contatti in metallo duro &Oslash; 6,5 mm,Tamburo &Oslash; 18 mm . Consultez le catalogue sur le site officiel de Metrica\" \/>\n<meta name=\"robots\" content=\"index, follow, max-snippet:-1, max-image-preview:large, max-video-preview:-1\" \/>\n<link rel=\"canonical\" href=\"https:\/\/www.metrica.it\/fr\/produit\/micrometre-grand-diametres\/\" \/>\n<meta property=\"og:locale\" content=\"fr_FR\" \/>\n<meta property=\"og:type\" content=\"article\" \/>\n<meta property=\"og:title\" content=\"Micrometro Per Grandi Diametri | Microm\u00e8tres | Mesures M\u00e9caniques - Metrica\" \/>\n<meta property=\"og:description\" content=\"D\u00e9couvrez la collection de produits., Micrometro Per Grandi Diametri - Microm\u00e8tres.Arco in struttura tubolare leggera e robusta,Contatti in metallo duro &Oslash; 6,5 mm,Tamburo &Oslash; 18 mm . Consultez le catalogue sur le site officiel de Metrica\" \/>\n<meta property=\"og:url\" content=\"https:\/\/www.metrica.it\/fr\/produit\/micrometre-grand-diametres\/\" \/>\n<meta property=\"og:site_name\" content=\"Metrica\" \/>\n<meta property=\"article:modified_time\" content=\"2024-09-16T19:45:16+00:00\" \/>\n<meta property=\"og:image\" content=\"https:\/\/www.metrica.it\/wp-content\/uploads\/2024\/06\/44081.jpg\" \/>\n\t<meta property=\"og:image:width\" content=\"800\" \/>\n\t<meta property=\"og:image:height\" content=\"800\" \/>\n\t<meta property=\"og:image:type\" content=\"image\/jpeg\" \/>\n<meta name=\"twitter:card\" content=\"summary_large_image\" \/>\n<script type=\"application\/ld+json\" class=\"yoast-schema-graph\">{\"@context\":\"https:\\\/\\\/schema.org\",\"@graph\":[{\"@type\":\"WebPage\",\"@id\":\"https:\\\/\\\/www.metrica.it\\\/fr\\\/produit\\\/micrometre-grand-diametres\\\/\",\"url\":\"https:\\\/\\\/www.metrica.it\\\/fr\\\/produit\\\/micrometre-grand-diametres\\\/\",\"name\":\"Micrometro Per Grandi Diametri | Microm\u00e8tres | Mesures M\u00e9caniques - Metrica\",\"isPartOf\":{\"@id\":\"https:\\\/\\\/www.metrica.it\\\/fr\\\/#website\"},\"primaryImageOfPage\":{\"@id\":\"https:\\\/\\\/www.metrica.it\\\/fr\\\/produit\\\/micrometre-grand-diametres\\\/#primaryimage\"},\"image\":{\"@id\":\"https:\\\/\\\/www.metrica.it\\\/fr\\\/produit\\\/micrometre-grand-diametres\\\/#primaryimage\"},\"thumbnailUrl\":\"https:\\\/\\\/www.metrica.it\\\/wp-content\\\/uploads\\\/2024\\\/06\\\/44081.jpg\",\"datePublished\":\"2024-09-16T10:52:55+00:00\",\"dateModified\":\"2024-09-16T19:45:16+00:00\",\"description\":\"D\u00e9couvrez la collection de produits., Micrometro Per Grandi Diametri - Microm\u00e8tres.Arco in struttura tubolare leggera e robusta,Contatti in metallo duro &Oslash; 6,5 mm,Tamburo &Oslash; 18 mm . Consultez le catalogue sur le site officiel de Metrica\",\"breadcrumb\":{\"@id\":\"https:\\\/\\\/www.metrica.it\\\/fr\\\/produit\\\/micrometre-grand-diametres\\\/#breadcrumb\"},\"inLanguage\":\"fr-FR\",\"potentialAction\":[{\"@type\":\"ReadAction\",\"target\":[\"https:\\\/\\\/www.metrica.it\\\/fr\\\/produit\\\/micrometre-grand-diametres\\\/\"]}]},{\"@type\":\"ImageObject\",\"inLanguage\":\"fr-FR\",\"@id\":\"https:\\\/\\\/www.metrica.it\\\/fr\\\/produit\\\/micrometre-grand-diametres\\\/#primaryimage\",\"url\":\"https:\\\/\\\/www.metrica.it\\\/wp-content\\\/uploads\\\/2024\\\/06\\\/44081.jpg\",\"contentUrl\":\"https:\\\/\\\/www.metrica.it\\\/wp-content\\\/uploads\\\/2024\\\/06\\\/44081.jpg\",\"width\":800,\"height\":800},{\"@type\":\"BreadcrumbList\",\"@id\":\"https:\\\/\\\/www.metrica.it\\\/fr\\\/produit\\\/micrometre-grand-diametres\\\/#breadcrumb\",\"itemListElement\":[{\"@type\":\"ListItem\",\"position\":1,\"name\":\"Home\",\"item\":\"https:\\\/\\\/www.metrica.it\\\/fr\\\/\"},{\"@type\":\"ListItem\",\"position\":2,\"name\":\"Catalogue\",\"item\":\"https:\\\/\\\/www.metrica.it\\\/fr\\\/catalogue\\\/\"},{\"@type\":\"ListItem\",\"position\":3,\"name\":\"Microm\u00e8tre Grand Diam\u00e8tres\"}]},{\"@type\":\"WebSite\",\"@id\":\"https:\\\/\\\/www.metrica.it\\\/fr\\\/#website\",\"url\":\"https:\\\/\\\/www.metrica.it\\\/fr\\\/\",\"name\":\"Metrica\",\"description\":\"Made to measure\",\"potentialAction\":[{\"@type\":\"SearchAction\",\"target\":{\"@type\":\"EntryPoint\",\"urlTemplate\":\"https:\\\/\\\/www.metrica.it\\\/fr\\\/?s={search_term_string}\"},\"query-input\":{\"@type\":\"PropertyValueSpecification\",\"valueRequired\":true,\"valueName\":\"search_term_string\"}}],\"inLanguage\":\"fr-FR\"}]}<\/script>","yoast_head_json":{"title":"Micrometro Per Grandi Diametri | Microm\u00e8tres | Mesures M\u00e9caniques - Metrica","description":"D\u00e9couvrez la collection de produits., Micrometro Per Grandi Diametri - Microm\u00e8tres.Arco in struttura tubolare leggera e robusta,Contatti in metallo duro &Oslash; 6,5 mm,Tamburo &Oslash; 18 mm . Consultez le catalogue sur le site officiel de Metrica","robots":{"index":"index","follow":"follow","max-snippet":"max-snippet:-1","max-image-preview":"max-image-preview:large","max-video-preview":"max-video-preview:-1"},"canonical":"https:\/\/www.metrica.it\/fr\/produit\/micrometre-grand-diametres\/","og_locale":"fr_FR","og_type":"article","og_title":"Micrometro Per Grandi Diametri | Microm\u00e8tres | Mesures M\u00e9caniques - Metrica","og_description":"D\u00e9couvrez la collection de produits., Micrometro Per Grandi Diametri - Microm\u00e8tres.Arco in struttura tubolare leggera e robusta,Contatti in metallo duro &Oslash; 6,5 mm,Tamburo &Oslash; 18 mm . Consultez le catalogue sur le site officiel de Metrica","og_url":"https:\/\/www.metrica.it\/fr\/produit\/micrometre-grand-diametres\/","og_site_name":"Metrica","article_modified_time":"2024-09-16T19:45:16+00:00","og_image":[{"width":800,"height":800,"url":"https:\/\/www.metrica.it\/wp-content\/uploads\/2024\/06\/44081.jpg","type":"image\/jpeg"}],"twitter_card":"summary_large_image","schema":{"@context":"https:\/\/schema.org","@graph":[{"@type":"WebPage","@id":"https:\/\/www.metrica.it\/fr\/produit\/micrometre-grand-diametres\/","url":"https:\/\/www.metrica.it\/fr\/produit\/micrometre-grand-diametres\/","name":"Micrometro Per Grandi Diametri | Microm\u00e8tres | Mesures M\u00e9caniques - Metrica","isPartOf":{"@id":"https:\/\/www.metrica.it\/fr\/#website"},"primaryImageOfPage":{"@id":"https:\/\/www.metrica.it\/fr\/produit\/micrometre-grand-diametres\/#primaryimage"},"image":{"@id":"https:\/\/www.metrica.it\/fr\/produit\/micrometre-grand-diametres\/#primaryimage"},"thumbnailUrl":"https:\/\/www.metrica.it\/wp-content\/uploads\/2024\/06\/44081.jpg","datePublished":"2024-09-16T10:52:55+00:00","dateModified":"2024-09-16T19:45:16+00:00","description":"D\u00e9couvrez la collection de produits., Micrometro Per Grandi Diametri - Microm\u00e8tres.Arco in struttura tubolare leggera e robusta,Contatti in metallo duro &Oslash; 6,5 mm,Tamburo &Oslash; 18 mm . Consultez le catalogue sur le site officiel de Metrica","breadcrumb":{"@id":"https:\/\/www.metrica.it\/fr\/produit\/micrometre-grand-diametres\/#breadcrumb"},"inLanguage":"fr-FR","potentialAction":[{"@type":"ReadAction","target":["https:\/\/www.metrica.it\/fr\/produit\/micrometre-grand-diametres\/"]}]},{"@type":"ImageObject","inLanguage":"fr-FR","@id":"https:\/\/www.metrica.it\/fr\/produit\/micrometre-grand-diametres\/#primaryimage","url":"https:\/\/www.metrica.it\/wp-content\/uploads\/2024\/06\/44081.jpg","contentUrl":"https:\/\/www.metrica.it\/wp-content\/uploads\/2024\/06\/44081.jpg","width":800,"height":800},{"@type":"BreadcrumbList","@id":"https:\/\/www.metrica.it\/fr\/produit\/micrometre-grand-diametres\/#breadcrumb","itemListElement":[{"@type":"ListItem","position":1,"name":"Home","item":"https:\/\/www.metrica.it\/fr\/"},{"@type":"ListItem","position":2,"name":"Catalogue","item":"https:\/\/www.metrica.it\/fr\/catalogue\/"},{"@type":"ListItem","position":3,"name":"Microm\u00e8tre Grand Diam\u00e8tres"}]},{"@type":"WebSite","@id":"https:\/\/www.metrica.it\/fr\/#website","url":"https:\/\/www.metrica.it\/fr\/","name":"Metrica","description":"Made to measure","potentialAction":[{"@type":"SearchAction","target":{"@type":"EntryPoint","urlTemplate":"https:\/\/www.metrica.it\/fr\/?s={search_term_string}"},"query-input":{"@type":"PropertyValueSpecification","valueRequired":true,"valueName":"search_term_string"}}],"inLanguage":"fr-FR"}]}},"meta_box":{"awr_documentation":[],"awr_manuale":[],"awr_scheda_tecnica":"","awr_youtube_video":"","awr_classe_prodotto":"","awr_customize_product":"0","awr_custom_image":false,"awr_related_products":[{"awr_product_name":"Micrometro Per Grandi Diametri","awr_product_references":"ref:44081|ean:8001066440818|a_mm:200 - 300|unit_misura_mm_mm:0.01|pack:1"},{"awr_product_name":"Micrometro Per Grandi Diametri","awr_product_references":"ref:44082|ean:8001066440825|a_mm:300 - 400|unit_misura_mm_mm:0.01|pack:1"},{"awr_product_name":"Micrometro Per Grandi Diametri","awr_product_references":"ref:44083|ean:8001066440832|a_mm:400 - 500|unit_misura_mm_mm:0.01|pack:1"},{"awr_product_name":"Micrometro Per Grandi Diametri","awr_product_references":"ref:44084|ean:8001066440849|a_mm:500 - 600|unit_misura_mm_mm:0.01|pack:1"},{"awr_product_name":"Micrometro Per Grandi Diametri","awr_product_references":"ref:44085|ean:8001066440856|a_mm:600 - 700|unit_misura_mm_mm:0.01|pack:1"},{"awr_product_name":"Micrometro Per Grandi Diametri","awr_product_references":"ref:44086|ean:8001066440863|a_mm:700 - 800|unit_misura_mm_mm:0.01|pack:1"},{"awr_product_name":"Micrometro Per Grandi Diametri","awr_product_references":"ref:44087|ean:8001066440870|a_mm:800 - 900|unit_misura_mm_mm:0.01|pack:1"},{"awr_product_name":"Micrometro Per Grandi Diametri","awr_product_references":"ref:44088|ean:8001066440887|a_mm:900 - 1000|unit_misura_mm_mm:0.01|pack:1"}],"awr_consumabili":"","awr_alternativi":"","awr_aliases":"44081,44082,44083,44084,44085,44086,44087,44088","awr_skuid":"44081-it"},"_links":{"self":[{"href":"https:\/\/www.metrica.it\/fr\/wp-json\/wp\/v2\/product\/144067","targetHints":{"allow":["GET"]}}],"collection":[{"href":"https:\/\/www.metrica.it\/fr\/wp-json\/wp\/v2\/product"}],"about":[{"href":"https:\/\/www.metrica.it\/fr\/wp-json\/wp\/v2\/types\/product"}],"wp:featuredmedia":[{"embeddable":true,"href":"https:\/\/www.metrica.it\/fr\/wp-json\/wp\/v2\/media\/127155"}],"wp:attachment":[{"href":"https:\/\/www.metrica.it\/fr\/wp-json\/wp\/v2\/media?parent=144067"}],"wp:term":[{"taxonomy":"product_cat","embeddable":true,"href":"https:\/\/www.metrica.it\/fr\/wp-json\/wp\/v2\/product_cat?post=144067"},{"taxonomy":"product_tag","embeddable":true,"href":"https:\/\/www.metrica.it\/fr\/wp-json\/wp\/v2\/product_tag?post=144067"}],"curies":[{"name":"wp","href":"https:\/\/api.w.org\/{rel}","templated":true}]}}