{"id":144077,"date":"2024-09-16T12:06:17","date_gmt":"2024-09-16T10:06:17","guid":{"rendered":"https:\/\/www.metrica.it\/prodotto\/metrica-quick-return-100-m-fiberglass-4\/"},"modified":"2024-09-16T20:53:46","modified_gmt":"2024-09-16T18:53:46","slug":"metrica-quick-return-100-m-fiberglass","status":"publish","type":"product","link":"https:\/\/www.metrica.it\/fr\/produit\/metrica-quick-return-100-m-fiberglass\/","title":{"rendered":"Metrica Quick-return &#8211; 100 M &#8211; Fiberglass"},"content":{"rendered":"<ul>\n<li>Syst\u00e8me exclusif d&apos;enroulement rapide (vitesse<\/li>\n<li>3x)<\/li>\n<li>Dispositif amortisseur du ruban \u00e0 fi n de course<\/li>\n<li>Poign\u00e9e avec rev\u00eatement caoutchout\u00e9 anti-glissement<\/li>\n<li>Structure ouverte pour faciliter le nettoyage du<\/li>\n<li>ruban<\/li>\n<\/ul>\n","protected":false},"excerpt":{"rendered":"<p>Syst\u00e8me exclusif d&apos;enroulement rapide (vitesse<br \/>3x)<br \/>Dispositif amortisseur du ruban \u00e0 fi n de course<br \/>Poign\u00e9e avec rev\u00eatement caoutchout\u00e9 anti-glissement<br \/>Structure ouverte pour faciliter le nettoyage du<br \/>ruban<\/p>\n","protected":false},"featured_media":120817,"template":"","meta":[],"product_cat":[49,613],"product_tag":[],"class_list":{"0":"post-144077","1":"product","2":"type-product","3":"status-publish","4":"has-post-thumbnail","6":"product_cat-mesures-de-longueur","7":"product_cat-mesures-longues","9":"first","10":"instock","11":"sold-individually","12":"product-type-simple"},"yoast_head":"<title>Metrica Quick-Return - 100 M - Fiberglass | Mesures Longues | Mesures de Longueur - Metrica<\/title>\n<meta name=\"description\" content=\"D\u00e9couvrez la collection de produits., Metrica Quick-Return - 100 M - Fiberglass - Mesures Longues.Esclusivo sistema di riavvolgimento rapido 3X a,velocit&agrave; triplicata,Sistema ammortizzatore d . Consultez le catalogue sur le site officiel de Metrica\" \/>\n<meta name=\"robots\" content=\"index, follow, max-snippet:-1, max-image-preview:large, max-video-preview:-1\" \/>\n<link rel=\"canonical\" href=\"https:\/\/www.metrica.it\/fr\/produit\/metrica-quick-return-100-m-fiberglass\/\" \/>\n<meta property=\"og:locale\" content=\"fr_FR\" \/>\n<meta property=\"og:type\" content=\"article\" \/>\n<meta property=\"og:title\" content=\"Metrica Quick-Return - 100 M - Fiberglass | Mesures Longues | Mesures de Longueur - Metrica\" \/>\n<meta property=\"og:description\" content=\"D\u00e9couvrez la collection de produits., Metrica Quick-Return - 100 M - Fiberglass - Mesures Longues.Esclusivo sistema di riavvolgimento rapido 3X a,velocit&agrave; triplicata,Sistema ammortizzatore d . Consultez le catalogue sur le site officiel de Metrica\" \/>\n<meta property=\"og:url\" content=\"https:\/\/www.metrica.it\/fr\/produit\/metrica-quick-return-100-m-fiberglass\/\" \/>\n<meta property=\"og:site_name\" content=\"Metrica\" \/>\n<meta property=\"article:modified_time\" content=\"2024-09-16T18:53:46+00:00\" \/>\n<meta property=\"og:image\" content=\"https:\/\/www.metrica.it\/wp-content\/uploads\/2024\/05\/40027.jpg\" \/>\n\t<meta property=\"og:image:width\" content=\"800\" \/>\n\t<meta property=\"og:image:height\" content=\"800\" \/>\n\t<meta property=\"og:image:type\" content=\"image\/jpeg\" \/>\n<meta name=\"twitter:card\" content=\"summary_large_image\" \/>\n<script type=\"application\/ld+json\" class=\"yoast-schema-graph\">{\"@context\":\"https:\\\/\\\/schema.org\",\"@graph\":[{\"@type\":\"WebPage\",\"@id\":\"https:\\\/\\\/www.metrica.it\\\/fr\\\/produit\\\/metrica-quick-return-100-m-fiberglass\\\/\",\"url\":\"https:\\\/\\\/www.metrica.it\\\/fr\\\/produit\\\/metrica-quick-return-100-m-fiberglass\\\/\",\"name\":\"Metrica Quick-Return - 100 M - Fiberglass | Mesures Longues | Mesures de Longueur - Metrica\",\"isPartOf\":{\"@id\":\"https:\\\/\\\/www.metrica.it\\\/fr\\\/#website\"},\"primaryImageOfPage\":{\"@id\":\"https:\\\/\\\/www.metrica.it\\\/fr\\\/produit\\\/metrica-quick-return-100-m-fiberglass\\\/#primaryimage\"},\"image\":{\"@id\":\"https:\\\/\\\/www.metrica.it\\\/fr\\\/produit\\\/metrica-quick-return-100-m-fiberglass\\\/#primaryimage\"},\"thumbnailUrl\":\"https:\\\/\\\/www.metrica.it\\\/wp-content\\\/uploads\\\/2024\\\/05\\\/40027.jpg\",\"datePublished\":\"2024-09-16T10:06:17+00:00\",\"dateModified\":\"2024-09-16T18:53:46+00:00\",\"description\":\"D\u00e9couvrez la collection de produits., Metrica Quick-Return - 100 M - Fiberglass - Mesures Longues.Esclusivo sistema di riavvolgimento rapido 3X a,velocit&agrave; triplicata,Sistema ammortizzatore d . Consultez le catalogue sur le site officiel de Metrica\",\"breadcrumb\":{\"@id\":\"https:\\\/\\\/www.metrica.it\\\/fr\\\/produit\\\/metrica-quick-return-100-m-fiberglass\\\/#breadcrumb\"},\"inLanguage\":\"fr-FR\",\"potentialAction\":[{\"@type\":\"ReadAction\",\"target\":[\"https:\\\/\\\/www.metrica.it\\\/fr\\\/produit\\\/metrica-quick-return-100-m-fiberglass\\\/\"]}]},{\"@type\":\"ImageObject\",\"inLanguage\":\"fr-FR\",\"@id\":\"https:\\\/\\\/www.metrica.it\\\/fr\\\/produit\\\/metrica-quick-return-100-m-fiberglass\\\/#primaryimage\",\"url\":\"https:\\\/\\\/www.metrica.it\\\/wp-content\\\/uploads\\\/2024\\\/05\\\/40027.jpg\",\"contentUrl\":\"https:\\\/\\\/www.metrica.it\\\/wp-content\\\/uploads\\\/2024\\\/05\\\/40027.jpg\",\"width\":800,\"height\":800},{\"@type\":\"BreadcrumbList\",\"@id\":\"https:\\\/\\\/www.metrica.it\\\/fr\\\/produit\\\/metrica-quick-return-100-m-fiberglass\\\/#breadcrumb\",\"itemListElement\":[{\"@type\":\"ListItem\",\"position\":1,\"name\":\"Home\",\"item\":\"https:\\\/\\\/www.metrica.it\\\/fr\\\/\"},{\"@type\":\"ListItem\",\"position\":2,\"name\":\"Catalogue\",\"item\":\"https:\\\/\\\/www.metrica.it\\\/fr\\\/catalogue\\\/\"},{\"@type\":\"ListItem\",\"position\":3,\"name\":\"Metrica Quick-return &#8211; 100 M &#8211; Fiberglass\"}]},{\"@type\":\"WebSite\",\"@id\":\"https:\\\/\\\/www.metrica.it\\\/fr\\\/#website\",\"url\":\"https:\\\/\\\/www.metrica.it\\\/fr\\\/\",\"name\":\"Metrica\",\"description\":\"Made to measure\",\"potentialAction\":[{\"@type\":\"SearchAction\",\"target\":{\"@type\":\"EntryPoint\",\"urlTemplate\":\"https:\\\/\\\/www.metrica.it\\\/fr\\\/?s={search_term_string}\"},\"query-input\":{\"@type\":\"PropertyValueSpecification\",\"valueRequired\":true,\"valueName\":\"search_term_string\"}}],\"inLanguage\":\"fr-FR\"}]}<\/script>","yoast_head_json":{"title":"Metrica Quick-Return - 100 M - Fiberglass | Mesures Longues | Mesures de Longueur - Metrica","description":"D\u00e9couvrez la collection de produits., Metrica Quick-Return - 100 M - Fiberglass - Mesures Longues.Esclusivo sistema di riavvolgimento rapido 3X a,velocit&agrave; triplicata,Sistema ammortizzatore d . Consultez le catalogue sur le site officiel de Metrica","robots":{"index":"index","follow":"follow","max-snippet":"max-snippet:-1","max-image-preview":"max-image-preview:large","max-video-preview":"max-video-preview:-1"},"canonical":"https:\/\/www.metrica.it\/fr\/produit\/metrica-quick-return-100-m-fiberglass\/","og_locale":"fr_FR","og_type":"article","og_title":"Metrica Quick-Return - 100 M - Fiberglass | Mesures Longues | Mesures de Longueur - Metrica","og_description":"D\u00e9couvrez la collection de produits., Metrica Quick-Return - 100 M - Fiberglass - Mesures Longues.Esclusivo sistema di riavvolgimento rapido 3X a,velocit&agrave; triplicata,Sistema ammortizzatore d . Consultez le catalogue sur le site officiel de Metrica","og_url":"https:\/\/www.metrica.it\/fr\/produit\/metrica-quick-return-100-m-fiberglass\/","og_site_name":"Metrica","article_modified_time":"2024-09-16T18:53:46+00:00","og_image":[{"width":800,"height":800,"url":"https:\/\/www.metrica.it\/wp-content\/uploads\/2024\/05\/40027.jpg","type":"image\/jpeg"}],"twitter_card":"summary_large_image","schema":{"@context":"https:\/\/schema.org","@graph":[{"@type":"WebPage","@id":"https:\/\/www.metrica.it\/fr\/produit\/metrica-quick-return-100-m-fiberglass\/","url":"https:\/\/www.metrica.it\/fr\/produit\/metrica-quick-return-100-m-fiberglass\/","name":"Metrica Quick-Return - 100 M - Fiberglass | Mesures Longues | Mesures de Longueur - Metrica","isPartOf":{"@id":"https:\/\/www.metrica.it\/fr\/#website"},"primaryImageOfPage":{"@id":"https:\/\/www.metrica.it\/fr\/produit\/metrica-quick-return-100-m-fiberglass\/#primaryimage"},"image":{"@id":"https:\/\/www.metrica.it\/fr\/produit\/metrica-quick-return-100-m-fiberglass\/#primaryimage"},"thumbnailUrl":"https:\/\/www.metrica.it\/wp-content\/uploads\/2024\/05\/40027.jpg","datePublished":"2024-09-16T10:06:17+00:00","dateModified":"2024-09-16T18:53:46+00:00","description":"D\u00e9couvrez la collection de produits., Metrica Quick-Return - 100 M - Fiberglass - Mesures Longues.Esclusivo sistema di riavvolgimento rapido 3X a,velocit&agrave; triplicata,Sistema ammortizzatore d . Consultez le catalogue sur le site officiel de Metrica","breadcrumb":{"@id":"https:\/\/www.metrica.it\/fr\/produit\/metrica-quick-return-100-m-fiberglass\/#breadcrumb"},"inLanguage":"fr-FR","potentialAction":[{"@type":"ReadAction","target":["https:\/\/www.metrica.it\/fr\/produit\/metrica-quick-return-100-m-fiberglass\/"]}]},{"@type":"ImageObject","inLanguage":"fr-FR","@id":"https:\/\/www.metrica.it\/fr\/produit\/metrica-quick-return-100-m-fiberglass\/#primaryimage","url":"https:\/\/www.metrica.it\/wp-content\/uploads\/2024\/05\/40027.jpg","contentUrl":"https:\/\/www.metrica.it\/wp-content\/uploads\/2024\/05\/40027.jpg","width":800,"height":800},{"@type":"BreadcrumbList","@id":"https:\/\/www.metrica.it\/fr\/produit\/metrica-quick-return-100-m-fiberglass\/#breadcrumb","itemListElement":[{"@type":"ListItem","position":1,"name":"Home","item":"https:\/\/www.metrica.it\/fr\/"},{"@type":"ListItem","position":2,"name":"Catalogue","item":"https:\/\/www.metrica.it\/fr\/catalogue\/"},{"@type":"ListItem","position":3,"name":"Metrica Quick-return &#8211; 100 M &#8211; Fiberglass"}]},{"@type":"WebSite","@id":"https:\/\/www.metrica.it\/fr\/#website","url":"https:\/\/www.metrica.it\/fr\/","name":"Metrica","description":"Made to measure","potentialAction":[{"@type":"SearchAction","target":{"@type":"EntryPoint","urlTemplate":"https:\/\/www.metrica.it\/fr\/?s={search_term_string}"},"query-input":{"@type":"PropertyValueSpecification","valueRequired":true,"valueName":"search_term_string"}}],"inLanguage":"fr-FR"}]}},"meta_box":{"awr_documentation":[],"awr_manuale":[],"awr_scheda_tecnica":"","awr_youtube_video":"","awr_classe_prodotto":"CE_3","awr_customize_product":"0","awr_custom_image":false,"awr_related_products":[{"awr_product_name":"Metrica Quick-return - 100 M - Fiberglass","awr_product_references":"ref:40027|ean:8001066400270|l:100 m|larghezza:13 mm|unit_misura:mm|pack:1"}],"awr_consumabili":"","awr_alternativi":"","awr_aliases":"40027","awr_skuid":"40027-it"},"_links":{"self":[{"href":"https:\/\/www.metrica.it\/fr\/wp-json\/wp\/v2\/product\/144077","targetHints":{"allow":["GET"]}}],"collection":[{"href":"https:\/\/www.metrica.it\/fr\/wp-json\/wp\/v2\/product"}],"about":[{"href":"https:\/\/www.metrica.it\/fr\/wp-json\/wp\/v2\/types\/product"}],"wp:featuredmedia":[{"embeddable":true,"href":"https:\/\/www.metrica.it\/fr\/wp-json\/wp\/v2\/media\/120817"}],"wp:attachment":[{"href":"https:\/\/www.metrica.it\/fr\/wp-json\/wp\/v2\/media?parent=144077"}],"wp:term":[{"taxonomy":"product_cat","embeddable":true,"href":"https:\/\/www.metrica.it\/fr\/wp-json\/wp\/v2\/product_cat?post=144077"},{"taxonomy":"product_tag","embeddable":true,"href":"https:\/\/www.metrica.it\/fr\/wp-json\/wp\/v2\/product_tag?post=144077"}],"curies":[{"name":"wp","href":"https:\/\/api.w.org\/{rel}","templated":true}]}}