{"id":144092,"date":"2024-09-16T12:35:11","date_gmt":"2024-09-16T10:35:11","guid":{"rendered":"https:\/\/www.metrica.it\/prodotto\/metrica-nylon-coated-4\/"},"modified":"2024-09-16T21:26:13","modified_gmt":"2024-09-16T19:26:13","slug":"metrica-nylon-coated","status":"publish","type":"product","link":"https:\/\/www.metrica.it\/fr\/produit\/metrica-nylon-coated\/","title":{"rendered":"Metrica Nylon Coated"},"content":{"rendered":"<ul>\n<li>Bo\u00eetier chrom\u00e9 en ABS, r\u00e9sistant aux chocs<\/li>\n<li>Tr\u00e8s r\u00e9sistant \u00e0 la fl exion: il reste rigide jusqu&apos;\u00e0 3,5 m de hauteur<\/li>\n<li>Ruban prot\u00e9g\u00e9 en nylon anti-abrasion, anti-acide, anti-reflet<\/li>\n<li>Rentr\u00e9e automatique du ruban, avec amortisseur<\/li>\n<li>Avec clip<\/li>\n","protected":false},"excerpt":{"rendered":"<p>Bo\u00eetier chrom\u00e9 en ABS, r\u00e9sistant aux chocs<br \/>Tr\u00e8s r\u00e9sistant \u00e0 la fl exion: il reste rigide jusqu&apos;\u00e0 3,5 m de hauteur<br \/>Ruban prot\u00e9g\u00e9 en nylon anti-abrasion, anti-acide, anti-reflet<br \/>Rentr\u00e9e automatique du ruban, avec amortisseur<br \/>Avec clip<\/p>\n","protected":false},"featured_media":132864,"template":"","meta":[],"product_cat":[49,590],"product_tag":[],"class_list":{"0":"post-144092","1":"product","2":"type-product","3":"status-publish","4":"has-post-thumbnail","6":"product_cat-mesures-de-longueur","7":"product_cat-metres-a-ruban","9":"first","10":"instock","11":"sold-individually","12":"product-type-simple"},"yoast_head":"<title>Metrica Nylon Coated | M\u00e8tres \u00e0 Ruban | Mesures de Longueur - Metrica<\/title>\n<meta name=\"description\" content=\"D\u00e9couvrez la collection de produits., Metrica Nylon Coated - M\u00e8tres \u00e0 Ruban.Cassa cromata in ABS resistente agli urti,Elevata resistenza a fl essione: sino a 3,5 m in verticale,Nastro rivestito i . Consultez le catalogue sur le site officiel de Metrica\" \/>\n<meta name=\"robots\" content=\"index, follow, max-snippet:-1, max-image-preview:large, max-video-preview:-1\" \/>\n<link rel=\"canonical\" href=\"https:\/\/www.metrica.it\/fr\/produit\/metrica-nylon-coated\/\" \/>\n<meta property=\"og:locale\" content=\"fr_FR\" \/>\n<meta property=\"og:type\" content=\"article\" \/>\n<meta property=\"og:title\" content=\"Metrica Nylon Coated | M\u00e8tres \u00e0 Ruban | Mesures de Longueur - Metrica\" \/>\n<meta property=\"og:description\" content=\"D\u00e9couvrez la collection de produits., Metrica Nylon Coated - M\u00e8tres \u00e0 Ruban.Cassa cromata in ABS resistente agli urti,Elevata resistenza a fl essione: sino a 3,5 m in verticale,Nastro rivestito i . Consultez le catalogue sur le site officiel de Metrica\" \/>\n<meta property=\"og:url\" content=\"https:\/\/www.metrica.it\/fr\/produit\/metrica-nylon-coated\/\" \/>\n<meta property=\"og:site_name\" content=\"Metrica\" \/>\n<meta property=\"article:modified_time\" content=\"2024-09-16T19:26:13+00:00\" \/>\n<meta property=\"og:image\" content=\"https:\/\/www.metrica.it\/wp-content\/uploads\/2024\/06\/38503.jpg\" \/>\n\t<meta property=\"og:image:width\" content=\"800\" \/>\n\t<meta property=\"og:image:height\" content=\"800\" \/>\n\t<meta property=\"og:image:type\" content=\"image\/jpeg\" \/>\n<meta name=\"twitter:card\" content=\"summary_large_image\" \/>\n<script type=\"application\/ld+json\" class=\"yoast-schema-graph\">{\"@context\":\"https:\\\/\\\/schema.org\",\"@graph\":[{\"@type\":\"WebPage\",\"@id\":\"https:\\\/\\\/www.metrica.it\\\/fr\\\/produit\\\/metrica-nylon-coated\\\/\",\"url\":\"https:\\\/\\\/www.metrica.it\\\/fr\\\/produit\\\/metrica-nylon-coated\\\/\",\"name\":\"Metrica Nylon Coated | M\u00e8tres \u00e0 Ruban | Mesures de Longueur - Metrica\",\"isPartOf\":{\"@id\":\"https:\\\/\\\/www.metrica.it\\\/fr\\\/#website\"},\"primaryImageOfPage\":{\"@id\":\"https:\\\/\\\/www.metrica.it\\\/fr\\\/produit\\\/metrica-nylon-coated\\\/#primaryimage\"},\"image\":{\"@id\":\"https:\\\/\\\/www.metrica.it\\\/fr\\\/produit\\\/metrica-nylon-coated\\\/#primaryimage\"},\"thumbnailUrl\":\"https:\\\/\\\/www.metrica.it\\\/wp-content\\\/uploads\\\/2024\\\/06\\\/38503.jpg\",\"datePublished\":\"2024-09-16T10:35:11+00:00\",\"dateModified\":\"2024-09-16T19:26:13+00:00\",\"description\":\"D\u00e9couvrez la collection de produits., Metrica Nylon Coated - M\u00e8tres \u00e0 Ruban.Cassa cromata in ABS resistente agli urti,Elevata resistenza a fl essione: sino a 3,5 m in verticale,Nastro rivestito i . Consultez le catalogue sur le site officiel de Metrica\",\"breadcrumb\":{\"@id\":\"https:\\\/\\\/www.metrica.it\\\/fr\\\/produit\\\/metrica-nylon-coated\\\/#breadcrumb\"},\"inLanguage\":\"fr-FR\",\"potentialAction\":[{\"@type\":\"ReadAction\",\"target\":[\"https:\\\/\\\/www.metrica.it\\\/fr\\\/produit\\\/metrica-nylon-coated\\\/\"]}]},{\"@type\":\"ImageObject\",\"inLanguage\":\"fr-FR\",\"@id\":\"https:\\\/\\\/www.metrica.it\\\/fr\\\/produit\\\/metrica-nylon-coated\\\/#primaryimage\",\"url\":\"https:\\\/\\\/www.metrica.it\\\/wp-content\\\/uploads\\\/2024\\\/06\\\/38503.jpg\",\"contentUrl\":\"https:\\\/\\\/www.metrica.it\\\/wp-content\\\/uploads\\\/2024\\\/06\\\/38503.jpg\",\"width\":800,\"height\":800},{\"@type\":\"BreadcrumbList\",\"@id\":\"https:\\\/\\\/www.metrica.it\\\/fr\\\/produit\\\/metrica-nylon-coated\\\/#breadcrumb\",\"itemListElement\":[{\"@type\":\"ListItem\",\"position\":1,\"name\":\"Home\",\"item\":\"https:\\\/\\\/www.metrica.it\\\/fr\\\/\"},{\"@type\":\"ListItem\",\"position\":2,\"name\":\"Catalogue\",\"item\":\"https:\\\/\\\/www.metrica.it\\\/fr\\\/catalogue\\\/\"},{\"@type\":\"ListItem\",\"position\":3,\"name\":\"Metrica Nylon Coated\"}]},{\"@type\":\"WebSite\",\"@id\":\"https:\\\/\\\/www.metrica.it\\\/fr\\\/#website\",\"url\":\"https:\\\/\\\/www.metrica.it\\\/fr\\\/\",\"name\":\"Metrica\",\"description\":\"Made to measure\",\"potentialAction\":[{\"@type\":\"SearchAction\",\"target\":{\"@type\":\"EntryPoint\",\"urlTemplate\":\"https:\\\/\\\/www.metrica.it\\\/fr\\\/?s={search_term_string}\"},\"query-input\":{\"@type\":\"PropertyValueSpecification\",\"valueRequired\":true,\"valueName\":\"search_term_string\"}}],\"inLanguage\":\"fr-FR\"}]}<\/script>","yoast_head_json":{"title":"Metrica Nylon Coated | M\u00e8tres \u00e0 Ruban | Mesures de Longueur - Metrica","description":"D\u00e9couvrez la collection de produits., Metrica Nylon Coated - M\u00e8tres \u00e0 Ruban.Cassa cromata in ABS resistente agli urti,Elevata resistenza a fl essione: sino a 3,5 m in verticale,Nastro rivestito i . Consultez le catalogue sur le site officiel de Metrica","robots":{"index":"index","follow":"follow","max-snippet":"max-snippet:-1","max-image-preview":"max-image-preview:large","max-video-preview":"max-video-preview:-1"},"canonical":"https:\/\/www.metrica.it\/fr\/produit\/metrica-nylon-coated\/","og_locale":"fr_FR","og_type":"article","og_title":"Metrica Nylon Coated | M\u00e8tres \u00e0 Ruban | Mesures de Longueur - Metrica","og_description":"D\u00e9couvrez la collection de produits., Metrica Nylon Coated - M\u00e8tres \u00e0 Ruban.Cassa cromata in ABS resistente agli urti,Elevata resistenza a fl essione: sino a 3,5 m in verticale,Nastro rivestito i . Consultez le catalogue sur le site officiel de Metrica","og_url":"https:\/\/www.metrica.it\/fr\/produit\/metrica-nylon-coated\/","og_site_name":"Metrica","article_modified_time":"2024-09-16T19:26:13+00:00","og_image":[{"width":800,"height":800,"url":"https:\/\/www.metrica.it\/wp-content\/uploads\/2024\/06\/38503.jpg","type":"image\/jpeg"}],"twitter_card":"summary_large_image","schema":{"@context":"https:\/\/schema.org","@graph":[{"@type":"WebPage","@id":"https:\/\/www.metrica.it\/fr\/produit\/metrica-nylon-coated\/","url":"https:\/\/www.metrica.it\/fr\/produit\/metrica-nylon-coated\/","name":"Metrica Nylon Coated | M\u00e8tres \u00e0 Ruban | Mesures de Longueur - Metrica","isPartOf":{"@id":"https:\/\/www.metrica.it\/fr\/#website"},"primaryImageOfPage":{"@id":"https:\/\/www.metrica.it\/fr\/produit\/metrica-nylon-coated\/#primaryimage"},"image":{"@id":"https:\/\/www.metrica.it\/fr\/produit\/metrica-nylon-coated\/#primaryimage"},"thumbnailUrl":"https:\/\/www.metrica.it\/wp-content\/uploads\/2024\/06\/38503.jpg","datePublished":"2024-09-16T10:35:11+00:00","dateModified":"2024-09-16T19:26:13+00:00","description":"D\u00e9couvrez la collection de produits., Metrica Nylon Coated - M\u00e8tres \u00e0 Ruban.Cassa cromata in ABS resistente agli urti,Elevata resistenza a fl essione: sino a 3,5 m in verticale,Nastro rivestito i . Consultez le catalogue sur le site officiel de Metrica","breadcrumb":{"@id":"https:\/\/www.metrica.it\/fr\/produit\/metrica-nylon-coated\/#breadcrumb"},"inLanguage":"fr-FR","potentialAction":[{"@type":"ReadAction","target":["https:\/\/www.metrica.it\/fr\/produit\/metrica-nylon-coated\/"]}]},{"@type":"ImageObject","inLanguage":"fr-FR","@id":"https:\/\/www.metrica.it\/fr\/produit\/metrica-nylon-coated\/#primaryimage","url":"https:\/\/www.metrica.it\/wp-content\/uploads\/2024\/06\/38503.jpg","contentUrl":"https:\/\/www.metrica.it\/wp-content\/uploads\/2024\/06\/38503.jpg","width":800,"height":800},{"@type":"BreadcrumbList","@id":"https:\/\/www.metrica.it\/fr\/produit\/metrica-nylon-coated\/#breadcrumb","itemListElement":[{"@type":"ListItem","position":1,"name":"Home","item":"https:\/\/www.metrica.it\/fr\/"},{"@type":"ListItem","position":2,"name":"Catalogue","item":"https:\/\/www.metrica.it\/fr\/catalogue\/"},{"@type":"ListItem","position":3,"name":"Metrica Nylon Coated"}]},{"@type":"WebSite","@id":"https:\/\/www.metrica.it\/fr\/#website","url":"https:\/\/www.metrica.it\/fr\/","name":"Metrica","description":"Made to measure","potentialAction":[{"@type":"SearchAction","target":{"@type":"EntryPoint","urlTemplate":"https:\/\/www.metrica.it\/fr\/?s={search_term_string}"},"query-input":{"@type":"PropertyValueSpecification","valueRequired":true,"valueName":"search_term_string"}}],"inLanguage":"fr-FR"}]}},"meta_box":{"awr_documentation":[],"awr_manuale":[],"awr_scheda_tecnica":"","awr_youtube_video":"","awr_classe_prodotto":"CE_2","awr_customize_product":"0","awr_custom_image":false,"awr_related_products":[{"awr_product_name":"Metrica Nylon Coated","awr_product_references":"ref:08503|ean:8001066085033|l:3 m|larghezza:25 mm|unit_misura:mm|b_mm:70|num_pz_gdo:12"},{"awr_product_name":"Metrica Nylon Coated","awr_product_references":"ref:08505|ean:8001066085057|l:5 m|larghezza:25 mm|unit_misura:mm|b_mm:70|num_pz_gdo:12"},{"awr_product_name":"Metrica Nylon Coated","awr_product_references":"ref:08508|ean:8001066085088|l:8 m|larghezza:25 mm|unit_misura:mm|b_mm:84|num_pz_gdo:6"},{"awr_product_name":"Metrica Nylon Coated","awr_product_references":"ref:08510|ean:8001066085101|l:10 m|larghezza:25 mm|unit_misura:mm|b_mm:86|num_pz_gdo:6"},{"awr_product_name":"Metrica Nylon Coated","awr_product_references":"ref:38503|ean:8001066385034|l:3 m|larghezza:25 mm|unit_misura:mm|b_mm:70|pack:12"},{"awr_product_name":"Metrica Nylon Coated","awr_product_references":"ref:38505|ean:8001066385058|l:5 m|larghezza:25 mm|unit_misura:mm|b_mm:70|pack:12"},{"awr_product_name":"Metrica Nylon Coated","awr_product_references":"ref:38508|ean:8001066385089|l:8 m|larghezza:25 mm|unit_misura:mm|b_mm:84|pack:6"},{"awr_product_name":"Metrica Nylon Coated","awr_product_references":"ref:38510|ean:8001066385102|l:10 m|larghezza:25 mm|unit_misura:mm|b_mm:86|pack:6"}],"awr_consumabili":"","awr_alternativi":"","awr_aliases":"08503,08505,08508,08510,38503,38505,38508,38510","awr_skuid":"38503-it"},"_links":{"self":[{"href":"https:\/\/www.metrica.it\/fr\/wp-json\/wp\/v2\/product\/144092","targetHints":{"allow":["GET"]}}],"collection":[{"href":"https:\/\/www.metrica.it\/fr\/wp-json\/wp\/v2\/product"}],"about":[{"href":"https:\/\/www.metrica.it\/fr\/wp-json\/wp\/v2\/types\/product"}],"wp:featuredmedia":[{"embeddable":true,"href":"https:\/\/www.metrica.it\/fr\/wp-json\/wp\/v2\/media\/132864"}],"wp:attachment":[{"href":"https:\/\/www.metrica.it\/fr\/wp-json\/wp\/v2\/media?parent=144092"}],"wp:term":[{"taxonomy":"product_cat","embeddable":true,"href":"https:\/\/www.metrica.it\/fr\/wp-json\/wp\/v2\/product_cat?post=144092"},{"taxonomy":"product_tag","embeddable":true,"href":"https:\/\/www.metrica.it\/fr\/wp-json\/wp\/v2\/product_tag?post=144092"}],"curies":[{"name":"wp","href":"https:\/\/api.w.org\/{rel}","templated":true}]}}