{"id":144102,"date":"2024-09-16T11:35:32","date_gmt":"2024-09-16T09:35:32","guid":{"rendered":"https:\/\/www.metrica.it\/prodotto\/compas-a-ressort-pour-interieurs\/"},"modified":"2024-09-16T20:27:21","modified_gmt":"2024-09-16T18:27:21","slug":"compas-a-ressort-pour-interieurs","status":"publish","type":"product","link":"https:\/\/www.metrica.it\/fr\/produit\/compas-a-ressort-pour-interieurs\/","title":{"rendered":"Compas \u00c0 Ressort Pour Int\u00e9rieurs"},"content":{"rendered":"<ul>\n<li>Compas \u00e0 ressort pour int\u00e9rieurs<\/li>\n<li>Ouverture rapide<\/li>\n<li>S\u00e9rie lourde \u00e0 section carr\u00e9e<\/li>\n<li>Pointes droites en acier tremp\u00e9<\/li>\n<\/ul>\n","protected":false},"excerpt":{"rendered":"<p>Compas \u00e0 ressort pour int\u00e9rieurs<br \/>Ouverture rapide<br \/>S\u00e9rie lourde \u00e0 section carr\u00e9e<br \/>Pointes droites en acier tremp\u00e9<\/p>\n","protected":false},"featured_media":127670,"template":"","meta":[],"product_cat":[705,701],"product_tag":[],"class_list":{"0":"post-144102","1":"product","2":"type-product","3":"status-publish","4":"has-post-thumbnail","6":"product_cat-compas","7":"product_cat-tracage-et-marquage","9":"first","10":"instock","11":"sold-individually","12":"product-type-simple"},"yoast_head":"<title>Compasso A Molla Per Interni | Compas | Tra\u00e7age et Marquage - Metrica<\/title>\n<meta name=\"description\" content=\"D\u00e9couvrez la collection de produits., Compasso A Molla Per Interni - Compas.Compasso a molla per interni,Apertura rapida,Serie pesante a sezione quadrata . Consultez le catalogue sur le site officiel de Metrica\" \/>\n<meta name=\"robots\" content=\"index, follow, max-snippet:-1, max-image-preview:large, max-video-preview:-1\" \/>\n<link rel=\"canonical\" href=\"https:\/\/www.metrica.it\/fr\/produit\/compas-a-ressort-pour-interieurs\/\" \/>\n<meta property=\"og:locale\" content=\"fr_FR\" \/>\n<meta property=\"og:type\" content=\"article\" \/>\n<meta property=\"og:title\" content=\"Compasso A Molla Per Interni | Compas | Tra\u00e7age et Marquage - Metrica\" \/>\n<meta property=\"og:description\" content=\"D\u00e9couvrez la collection de produits., Compasso A Molla Per Interni - Compas.Compasso a molla per interni,Apertura rapida,Serie pesante a sezione quadrata . Consultez le catalogue sur le site officiel de Metrica\" \/>\n<meta property=\"og:url\" content=\"https:\/\/www.metrica.it\/fr\/produit\/compas-a-ressort-pour-interieurs\/\" \/>\n<meta property=\"og:site_name\" content=\"Metrica\" \/>\n<meta property=\"article:modified_time\" content=\"2024-09-16T18:27:21+00:00\" \/>\n<meta property=\"og:image\" content=\"https:\/\/www.metrica.it\/wp-content\/uploads\/2024\/06\/48031.jpg\" \/>\n\t<meta property=\"og:image:width\" content=\"800\" \/>\n\t<meta property=\"og:image:height\" content=\"800\" \/>\n\t<meta property=\"og:image:type\" content=\"image\/jpeg\" \/>\n<meta name=\"twitter:card\" content=\"summary_large_image\" \/>\n<script type=\"application\/ld+json\" class=\"yoast-schema-graph\">{\"@context\":\"https:\\\/\\\/schema.org\",\"@graph\":[{\"@type\":\"WebPage\",\"@id\":\"https:\\\/\\\/www.metrica.it\\\/fr\\\/produit\\\/compas-a-ressort-pour-interieurs\\\/\",\"url\":\"https:\\\/\\\/www.metrica.it\\\/fr\\\/produit\\\/compas-a-ressort-pour-interieurs\\\/\",\"name\":\"Compasso A Molla Per Interni | Compas | Tra\u00e7age et Marquage - Metrica\",\"isPartOf\":{\"@id\":\"https:\\\/\\\/www.metrica.it\\\/fr\\\/#website\"},\"primaryImageOfPage\":{\"@id\":\"https:\\\/\\\/www.metrica.it\\\/fr\\\/produit\\\/compas-a-ressort-pour-interieurs\\\/#primaryimage\"},\"image\":{\"@id\":\"https:\\\/\\\/www.metrica.it\\\/fr\\\/produit\\\/compas-a-ressort-pour-interieurs\\\/#primaryimage\"},\"thumbnailUrl\":\"https:\\\/\\\/www.metrica.it\\\/wp-content\\\/uploads\\\/2024\\\/06\\\/48031.jpg\",\"datePublished\":\"2024-09-16T09:35:32+00:00\",\"dateModified\":\"2024-09-16T18:27:21+00:00\",\"description\":\"D\u00e9couvrez la collection de produits., Compasso A Molla Per Interni - Compas.Compasso a molla per interni,Apertura rapida,Serie pesante a sezione quadrata . Consultez le catalogue sur le site officiel de Metrica\",\"breadcrumb\":{\"@id\":\"https:\\\/\\\/www.metrica.it\\\/fr\\\/produit\\\/compas-a-ressort-pour-interieurs\\\/#breadcrumb\"},\"inLanguage\":\"fr-FR\",\"potentialAction\":[{\"@type\":\"ReadAction\",\"target\":[\"https:\\\/\\\/www.metrica.it\\\/fr\\\/produit\\\/compas-a-ressort-pour-interieurs\\\/\"]}]},{\"@type\":\"ImageObject\",\"inLanguage\":\"fr-FR\",\"@id\":\"https:\\\/\\\/www.metrica.it\\\/fr\\\/produit\\\/compas-a-ressort-pour-interieurs\\\/#primaryimage\",\"url\":\"https:\\\/\\\/www.metrica.it\\\/wp-content\\\/uploads\\\/2024\\\/06\\\/48031.jpg\",\"contentUrl\":\"https:\\\/\\\/www.metrica.it\\\/wp-content\\\/uploads\\\/2024\\\/06\\\/48031.jpg\",\"width\":800,\"height\":800},{\"@type\":\"BreadcrumbList\",\"@id\":\"https:\\\/\\\/www.metrica.it\\\/fr\\\/produit\\\/compas-a-ressort-pour-interieurs\\\/#breadcrumb\",\"itemListElement\":[{\"@type\":\"ListItem\",\"position\":1,\"name\":\"Home\",\"item\":\"https:\\\/\\\/www.metrica.it\\\/fr\\\/\"},{\"@type\":\"ListItem\",\"position\":2,\"name\":\"Catalogue\",\"item\":\"https:\\\/\\\/www.metrica.it\\\/fr\\\/catalogue\\\/\"},{\"@type\":\"ListItem\",\"position\":3,\"name\":\"Compas \u00c0 Ressort Pour Int\u00e9rieurs\"}]},{\"@type\":\"WebSite\",\"@id\":\"https:\\\/\\\/www.metrica.it\\\/fr\\\/#website\",\"url\":\"https:\\\/\\\/www.metrica.it\\\/fr\\\/\",\"name\":\"Metrica\",\"description\":\"Made to measure\",\"potentialAction\":[{\"@type\":\"SearchAction\",\"target\":{\"@type\":\"EntryPoint\",\"urlTemplate\":\"https:\\\/\\\/www.metrica.it\\\/fr\\\/?s={search_term_string}\"},\"query-input\":{\"@type\":\"PropertyValueSpecification\",\"valueRequired\":true,\"valueName\":\"search_term_string\"}}],\"inLanguage\":\"fr-FR\"}]}<\/script>","yoast_head_json":{"title":"Compasso A Molla Per Interni | Compas | Tra\u00e7age et Marquage - Metrica","description":"D\u00e9couvrez la collection de produits., Compasso A Molla Per Interni - Compas.Compasso a molla per interni,Apertura rapida,Serie pesante a sezione quadrata . Consultez le catalogue sur le site officiel de Metrica","robots":{"index":"index","follow":"follow","max-snippet":"max-snippet:-1","max-image-preview":"max-image-preview:large","max-video-preview":"max-video-preview:-1"},"canonical":"https:\/\/www.metrica.it\/fr\/produit\/compas-a-ressort-pour-interieurs\/","og_locale":"fr_FR","og_type":"article","og_title":"Compasso A Molla Per Interni | Compas | Tra\u00e7age et Marquage - Metrica","og_description":"D\u00e9couvrez la collection de produits., Compasso A Molla Per Interni - Compas.Compasso a molla per interni,Apertura rapida,Serie pesante a sezione quadrata . Consultez le catalogue sur le site officiel de Metrica","og_url":"https:\/\/www.metrica.it\/fr\/produit\/compas-a-ressort-pour-interieurs\/","og_site_name":"Metrica","article_modified_time":"2024-09-16T18:27:21+00:00","og_image":[{"width":800,"height":800,"url":"https:\/\/www.metrica.it\/wp-content\/uploads\/2024\/06\/48031.jpg","type":"image\/jpeg"}],"twitter_card":"summary_large_image","schema":{"@context":"https:\/\/schema.org","@graph":[{"@type":"WebPage","@id":"https:\/\/www.metrica.it\/fr\/produit\/compas-a-ressort-pour-interieurs\/","url":"https:\/\/www.metrica.it\/fr\/produit\/compas-a-ressort-pour-interieurs\/","name":"Compasso A Molla Per Interni | Compas | Tra\u00e7age et Marquage - Metrica","isPartOf":{"@id":"https:\/\/www.metrica.it\/fr\/#website"},"primaryImageOfPage":{"@id":"https:\/\/www.metrica.it\/fr\/produit\/compas-a-ressort-pour-interieurs\/#primaryimage"},"image":{"@id":"https:\/\/www.metrica.it\/fr\/produit\/compas-a-ressort-pour-interieurs\/#primaryimage"},"thumbnailUrl":"https:\/\/www.metrica.it\/wp-content\/uploads\/2024\/06\/48031.jpg","datePublished":"2024-09-16T09:35:32+00:00","dateModified":"2024-09-16T18:27:21+00:00","description":"D\u00e9couvrez la collection de produits., Compasso A Molla Per Interni - Compas.Compasso a molla per interni,Apertura rapida,Serie pesante a sezione quadrata . Consultez le catalogue sur le site officiel de Metrica","breadcrumb":{"@id":"https:\/\/www.metrica.it\/fr\/produit\/compas-a-ressort-pour-interieurs\/#breadcrumb"},"inLanguage":"fr-FR","potentialAction":[{"@type":"ReadAction","target":["https:\/\/www.metrica.it\/fr\/produit\/compas-a-ressort-pour-interieurs\/"]}]},{"@type":"ImageObject","inLanguage":"fr-FR","@id":"https:\/\/www.metrica.it\/fr\/produit\/compas-a-ressort-pour-interieurs\/#primaryimage","url":"https:\/\/www.metrica.it\/wp-content\/uploads\/2024\/06\/48031.jpg","contentUrl":"https:\/\/www.metrica.it\/wp-content\/uploads\/2024\/06\/48031.jpg","width":800,"height":800},{"@type":"BreadcrumbList","@id":"https:\/\/www.metrica.it\/fr\/produit\/compas-a-ressort-pour-interieurs\/#breadcrumb","itemListElement":[{"@type":"ListItem","position":1,"name":"Home","item":"https:\/\/www.metrica.it\/fr\/"},{"@type":"ListItem","position":2,"name":"Catalogue","item":"https:\/\/www.metrica.it\/fr\/catalogue\/"},{"@type":"ListItem","position":3,"name":"Compas \u00c0 Ressort Pour Int\u00e9rieurs"}]},{"@type":"WebSite","@id":"https:\/\/www.metrica.it\/fr\/#website","url":"https:\/\/www.metrica.it\/fr\/","name":"Metrica","description":"Made to measure","potentialAction":[{"@type":"SearchAction","target":{"@type":"EntryPoint","urlTemplate":"https:\/\/www.metrica.it\/fr\/?s={search_term_string}"},"query-input":{"@type":"PropertyValueSpecification","valueRequired":true,"valueName":"search_term_string"}}],"inLanguage":"fr-FR"}]}},"meta_box":{"awr_documentation":[],"awr_manuale":[],"awr_scheda_tecnica":"","awr_youtube_video":"","awr_classe_prodotto":"","awr_customize_product":"0","awr_custom_image":false,"awr_related_products":[{"awr_product_name":"Compasso A Molla Per Interni","awr_product_references":"ref:08033|ean:8001066080335|l_mm:150|num_pz_gdo:5"},{"awr_product_name":"Compasso A Molla Per Interni","awr_product_references":"ref:48031|ean:8001066480319|l_mm:100|pack:2"},{"awr_product_name":"Compasso A Molla Per Interni","awr_product_references":"ref:48032|ean:8001066480326|l_mm:125|pack:2"},{"awr_product_name":"Compasso A Molla Per Interni","awr_product_references":"ref:48033|ean:8001066480333|l_mm:150|pack:2"},{"awr_product_name":"Compasso A Molla Per Interni","awr_product_references":"ref:48034|ean:8001066480340|l_mm:175|pack:2"},{"awr_product_name":"Compasso A Molla Per Interni","awr_product_references":"ref:48035|ean:8001066480357|l_mm:200|pack:2"},{"awr_product_name":"Compasso A Molla Per Interni","awr_product_references":"ref:48036|ean:8001066480364|l_mm:250|pack:2"},{"awr_product_name":"Compasso A Molla Per Interni","awr_product_references":"ref:48037|ean:8001066480371|l_mm:300|pack:2"}],"awr_consumabili":"","awr_alternativi":"","awr_aliases":"08033,48031,48032,48033,48034,48035,48036,48037","awr_skuid":"48031-it"},"_links":{"self":[{"href":"https:\/\/www.metrica.it\/fr\/wp-json\/wp\/v2\/product\/144102","targetHints":{"allow":["GET"]}}],"collection":[{"href":"https:\/\/www.metrica.it\/fr\/wp-json\/wp\/v2\/product"}],"about":[{"href":"https:\/\/www.metrica.it\/fr\/wp-json\/wp\/v2\/types\/product"}],"wp:featuredmedia":[{"embeddable":true,"href":"https:\/\/www.metrica.it\/fr\/wp-json\/wp\/v2\/media\/127670"}],"wp:attachment":[{"href":"https:\/\/www.metrica.it\/fr\/wp-json\/wp\/v2\/media?parent=144102"}],"wp:term":[{"taxonomy":"product_cat","embeddable":true,"href":"https:\/\/www.metrica.it\/fr\/wp-json\/wp\/v2\/product_cat?post=144102"},{"taxonomy":"product_tag","embeddable":true,"href":"https:\/\/www.metrica.it\/fr\/wp-json\/wp\/v2\/product_tag?post=144102"}],"curies":[{"name":"wp","href":"https:\/\/api.w.org\/{rel}","templated":true}]}}