{"id":144152,"date":"2024-09-16T12:44:51","date_gmt":"2024-09-16T10:44:51","guid":{"rendered":"https:\/\/www.metrica.it\/prodotto\/regle-inox-lecture-facilitee\/"},"modified":"2024-09-16T21:36:43","modified_gmt":"2024-09-16T19:36:43","slug":"regle-inox-lecture-facilitee","status":"publish","type":"product","link":"https:\/\/www.metrica.it\/fr\/produit\/regle-inox-lecture-facilitee\/","title":{"rendered":"R\u00e8gle Inox &#8211; Lecture Facilit\u00e9e"},"content":{"rendered":"<ul>\n<li>Graduation avec traits \u00e0 longueurs variables pour une lecture facilit\u00e9e &#8211; design enregistr\u00e9<\/li>\n<li>Points altern\u00e9s chaque 2 mm<\/li>\n<li>Prise facilit\u00e9e \u00e0 l&rsquo;extremit\u00e8 pli\u00e9e (sauf r\u00e8gles 1 m\u00e8tre)<\/li>\n<li>Acier inox mate<\/li>\n<li>Graduation noir grav\u00e9e<\/li>\n<li>C\u00f4tes rectifi\u00e9s<\/li>\n<li>Section 15 x 0,5 mm e 30 x 1 mm<\/li>\n<li>Non vendable en USA et JAP<\/li>\n<\/ul>\n","protected":false},"excerpt":{"rendered":"<p>Graduation avec traits \u00e0 longueurs variables pour une lecture facilit\u00e9e &#8211; design enregistr\u00e9<br \/>Points altern\u00e9s chaque 2 mm<br \/>Prise facilit\u00e9e \u00e0 l&apos;extremit\u00e8 pli\u00e9e (sauf r\u00e8gles 1 m\u00e8tre)<br \/>Acier inox mate<br \/>Graduation noir grav\u00e9e<br \/>C\u00f4tes rectifi\u00e9s<br \/>Section 15 x 0,5 mm e 30 x 1 mm<br \/>Non vendable en USA et JAP<\/p>\n","protected":false},"featured_media":121953,"template":"","meta":[],"product_cat":[49,609],"product_tag":[],"class_list":{"0":"post-144152","1":"product","2":"type-product","3":"status-publish","4":"has-post-thumbnail","6":"product_cat-mesures-de-longueur","7":"product_cat-regles-rubans-mesures-de-diametre","9":"first","10":"instock","11":"sold-individually","12":"product-type-simple"},"yoast_head":"<title>Righe A Lettura Facilitata | R\u00e8gles - Rubans - Mesures de Diam\u00e8tre | Mesures de Longueur - Metrica<\/title>\n<meta name=\"description\" content=\"D\u00e9couvrez la collection de produits., Righe A Lettura Facilitata - R\u00e8gles - Rubans - Mesures de Diam\u00e8tre.Graduazione a tratti di lunghezza variabile per una lettura facilitata - design registrato . Consultez le catalogue sur le site officiel de Metrica\" \/>\n<meta name=\"robots\" content=\"index, follow, max-snippet:-1, max-image-preview:large, max-video-preview:-1\" \/>\n<link rel=\"canonical\" href=\"https:\/\/www.metrica.it\/fr\/produit\/regle-inox-lecture-facilitee\/\" \/>\n<meta property=\"og:locale\" content=\"fr_FR\" \/>\n<meta property=\"og:type\" content=\"article\" \/>\n<meta property=\"og:title\" content=\"Righe A Lettura Facilitata | R\u00e8gles - Rubans - Mesures de Diam\u00e8tre | Mesures de Longueur - Metrica\" \/>\n<meta property=\"og:description\" content=\"D\u00e9couvrez la collection de produits., Righe A Lettura Facilitata - R\u00e8gles - Rubans - Mesures de Diam\u00e8tre.Graduazione a tratti di lunghezza variabile per una lettura facilitata - design registrato . Consultez le catalogue sur le site officiel de Metrica\" \/>\n<meta property=\"og:url\" content=\"https:\/\/www.metrica.it\/fr\/produit\/regle-inox-lecture-facilitee\/\" \/>\n<meta property=\"og:site_name\" content=\"Metrica\" \/>\n<meta property=\"article:modified_time\" content=\"2024-09-16T19:36:43+00:00\" \/>\n<meta property=\"og:image\" content=\"https:\/\/www.metrica.it\/wp-content\/uploads\/2024\/05\/24300_3.jpg\" \/>\n\t<meta property=\"og:image:width\" content=\"800\" \/>\n\t<meta property=\"og:image:height\" content=\"800\" \/>\n\t<meta property=\"og:image:type\" content=\"image\/jpeg\" \/>\n<meta name=\"twitter:card\" content=\"summary_large_image\" \/>\n<script type=\"application\/ld+json\" class=\"yoast-schema-graph\">{\"@context\":\"https:\\\/\\\/schema.org\",\"@graph\":[{\"@type\":\"WebPage\",\"@id\":\"https:\\\/\\\/www.metrica.it\\\/fr\\\/produit\\\/regle-inox-lecture-facilitee\\\/\",\"url\":\"https:\\\/\\\/www.metrica.it\\\/fr\\\/produit\\\/regle-inox-lecture-facilitee\\\/\",\"name\":\"Righe A Lettura Facilitata | R\u00e8gles - Rubans - Mesures de Diam\u00e8tre | Mesures de Longueur - Metrica\",\"isPartOf\":{\"@id\":\"https:\\\/\\\/www.metrica.it\\\/fr\\\/#website\"},\"primaryImageOfPage\":{\"@id\":\"https:\\\/\\\/www.metrica.it\\\/fr\\\/produit\\\/regle-inox-lecture-facilitee\\\/#primaryimage\"},\"image\":{\"@id\":\"https:\\\/\\\/www.metrica.it\\\/fr\\\/produit\\\/regle-inox-lecture-facilitee\\\/#primaryimage\"},\"thumbnailUrl\":\"https:\\\/\\\/www.metrica.it\\\/wp-content\\\/uploads\\\/2024\\\/05\\\/24300_3.jpg\",\"datePublished\":\"2024-09-16T10:44:51+00:00\",\"dateModified\":\"2024-09-16T19:36:43+00:00\",\"description\":\"D\u00e9couvrez la collection de produits., Righe A Lettura Facilitata - R\u00e8gles - Rubans - Mesures de Diam\u00e8tre.Graduazione a tratti di lunghezza variabile per una lettura facilitata - design registrato . Consultez le catalogue sur le site officiel de Metrica\",\"breadcrumb\":{\"@id\":\"https:\\\/\\\/www.metrica.it\\\/fr\\\/produit\\\/regle-inox-lecture-facilitee\\\/#breadcrumb\"},\"inLanguage\":\"fr-FR\",\"potentialAction\":[{\"@type\":\"ReadAction\",\"target\":[\"https:\\\/\\\/www.metrica.it\\\/fr\\\/produit\\\/regle-inox-lecture-facilitee\\\/\"]}]},{\"@type\":\"ImageObject\",\"inLanguage\":\"fr-FR\",\"@id\":\"https:\\\/\\\/www.metrica.it\\\/fr\\\/produit\\\/regle-inox-lecture-facilitee\\\/#primaryimage\",\"url\":\"https:\\\/\\\/www.metrica.it\\\/wp-content\\\/uploads\\\/2024\\\/05\\\/24300_3.jpg\",\"contentUrl\":\"https:\\\/\\\/www.metrica.it\\\/wp-content\\\/uploads\\\/2024\\\/05\\\/24300_3.jpg\",\"width\":800,\"height\":800},{\"@type\":\"BreadcrumbList\",\"@id\":\"https:\\\/\\\/www.metrica.it\\\/fr\\\/produit\\\/regle-inox-lecture-facilitee\\\/#breadcrumb\",\"itemListElement\":[{\"@type\":\"ListItem\",\"position\":1,\"name\":\"Home\",\"item\":\"https:\\\/\\\/www.metrica.it\\\/fr\\\/\"},{\"@type\":\"ListItem\",\"position\":2,\"name\":\"Catalogue\",\"item\":\"https:\\\/\\\/www.metrica.it\\\/fr\\\/catalogue\\\/\"},{\"@type\":\"ListItem\",\"position\":3,\"name\":\"R\u00e8gle Inox &#8211; Lecture Facilit\u00e9e\"}]},{\"@type\":\"WebSite\",\"@id\":\"https:\\\/\\\/www.metrica.it\\\/fr\\\/#website\",\"url\":\"https:\\\/\\\/www.metrica.it\\\/fr\\\/\",\"name\":\"Metrica\",\"description\":\"Made to measure\",\"potentialAction\":[{\"@type\":\"SearchAction\",\"target\":{\"@type\":\"EntryPoint\",\"urlTemplate\":\"https:\\\/\\\/www.metrica.it\\\/fr\\\/?s={search_term_string}\"},\"query-input\":{\"@type\":\"PropertyValueSpecification\",\"valueRequired\":true,\"valueName\":\"search_term_string\"}}],\"inLanguage\":\"fr-FR\"}]}<\/script>","yoast_head_json":{"title":"Righe A Lettura Facilitata | R\u00e8gles - Rubans - Mesures de Diam\u00e8tre | Mesures de Longueur - Metrica","description":"D\u00e9couvrez la collection de produits., Righe A Lettura Facilitata - R\u00e8gles - Rubans - Mesures de Diam\u00e8tre.Graduazione a tratti di lunghezza variabile per una lettura facilitata - design registrato . Consultez le catalogue sur le site officiel de Metrica","robots":{"index":"index","follow":"follow","max-snippet":"max-snippet:-1","max-image-preview":"max-image-preview:large","max-video-preview":"max-video-preview:-1"},"canonical":"https:\/\/www.metrica.it\/fr\/produit\/regle-inox-lecture-facilitee\/","og_locale":"fr_FR","og_type":"article","og_title":"Righe A Lettura Facilitata | R\u00e8gles - Rubans - Mesures de Diam\u00e8tre | Mesures de Longueur - Metrica","og_description":"D\u00e9couvrez la collection de produits., Righe A Lettura Facilitata - R\u00e8gles - Rubans - Mesures de Diam\u00e8tre.Graduazione a tratti di lunghezza variabile per una lettura facilitata - design registrato . Consultez le catalogue sur le site officiel de Metrica","og_url":"https:\/\/www.metrica.it\/fr\/produit\/regle-inox-lecture-facilitee\/","og_site_name":"Metrica","article_modified_time":"2024-09-16T19:36:43+00:00","og_image":[{"width":800,"height":800,"url":"https:\/\/www.metrica.it\/wp-content\/uploads\/2024\/05\/24300_3.jpg","type":"image\/jpeg"}],"twitter_card":"summary_large_image","schema":{"@context":"https:\/\/schema.org","@graph":[{"@type":"WebPage","@id":"https:\/\/www.metrica.it\/fr\/produit\/regle-inox-lecture-facilitee\/","url":"https:\/\/www.metrica.it\/fr\/produit\/regle-inox-lecture-facilitee\/","name":"Righe A Lettura Facilitata | R\u00e8gles - Rubans - Mesures de Diam\u00e8tre | Mesures de Longueur - Metrica","isPartOf":{"@id":"https:\/\/www.metrica.it\/fr\/#website"},"primaryImageOfPage":{"@id":"https:\/\/www.metrica.it\/fr\/produit\/regle-inox-lecture-facilitee\/#primaryimage"},"image":{"@id":"https:\/\/www.metrica.it\/fr\/produit\/regle-inox-lecture-facilitee\/#primaryimage"},"thumbnailUrl":"https:\/\/www.metrica.it\/wp-content\/uploads\/2024\/05\/24300_3.jpg","datePublished":"2024-09-16T10:44:51+00:00","dateModified":"2024-09-16T19:36:43+00:00","description":"D\u00e9couvrez la collection de produits., Righe A Lettura Facilitata - R\u00e8gles - Rubans - Mesures de Diam\u00e8tre.Graduazione a tratti di lunghezza variabile per una lettura facilitata - design registrato . Consultez le catalogue sur le site officiel de Metrica","breadcrumb":{"@id":"https:\/\/www.metrica.it\/fr\/produit\/regle-inox-lecture-facilitee\/#breadcrumb"},"inLanguage":"fr-FR","potentialAction":[{"@type":"ReadAction","target":["https:\/\/www.metrica.it\/fr\/produit\/regle-inox-lecture-facilitee\/"]}]},{"@type":"ImageObject","inLanguage":"fr-FR","@id":"https:\/\/www.metrica.it\/fr\/produit\/regle-inox-lecture-facilitee\/#primaryimage","url":"https:\/\/www.metrica.it\/wp-content\/uploads\/2024\/05\/24300_3.jpg","contentUrl":"https:\/\/www.metrica.it\/wp-content\/uploads\/2024\/05\/24300_3.jpg","width":800,"height":800},{"@type":"BreadcrumbList","@id":"https:\/\/www.metrica.it\/fr\/produit\/regle-inox-lecture-facilitee\/#breadcrumb","itemListElement":[{"@type":"ListItem","position":1,"name":"Home","item":"https:\/\/www.metrica.it\/fr\/"},{"@type":"ListItem","position":2,"name":"Catalogue","item":"https:\/\/www.metrica.it\/fr\/catalogue\/"},{"@type":"ListItem","position":3,"name":"R\u00e8gle Inox &#8211; Lecture Facilit\u00e9e"}]},{"@type":"WebSite","@id":"https:\/\/www.metrica.it\/fr\/#website","url":"https:\/\/www.metrica.it\/fr\/","name":"Metrica","description":"Made to measure","potentialAction":[{"@type":"SearchAction","target":{"@type":"EntryPoint","urlTemplate":"https:\/\/www.metrica.it\/fr\/?s={search_term_string}"},"query-input":{"@type":"PropertyValueSpecification","valueRequired":true,"valueName":"search_term_string"}}],"inLanguage":"fr-FR"}]}},"meta_box":{"awr_documentation":[],"awr_manuale":[],"awr_scheda_tecnica":"","awr_youtube_video":"https:\/\/www.youtube.com\/embed\/LfsDVPoBXcw","awr_classe_prodotto":"","awr_customize_product":"1","awr_custom_image":{"width":96,"height":96,"file":"2024\/05\/24300.jpg","filesize":233088,"sizes":{"dgwt-wcas-product-suggestion":{"file":"24300-64x64.jpg","width":64,"height":64,"mime-type":"image\/jpeg","filesize":1254,"url":"https:\/\/www.metrica.it\/wp-content\/uploads\/2024\/05\/24300-64x64.jpg"},"hongo-product-icon-image":{"file":"24300-64x64.jpg","width":64,"height":64,"mime-type":"image\/jpeg","filesize":1254,"url":"https:\/\/www.metrica.it\/wp-content\/uploads\/2024\/05\/24300-64x64.jpg"},"hongo-product-small-image":{"file":"24300-84x84.jpg","width":84,"height":84,"mime-type":"image\/jpeg","filesize":1612,"url":"https:\/\/www.metrica.it\/wp-content\/uploads\/2024\/05\/24300-84x84.jpg"},"hongo-medium-image":{"file":"24300-450x450.jpg","width":450,"height":450,"mime-type":"image\/jpeg","filesize":15765,"url":"https:\/\/www.metrica.it\/wp-content\/uploads\/2024\/05\/24300-450x450.jpg"},"post-thumbnail":{"file":"24300-790x790.jpg","width":790,"height":790,"mime-type":"image\/jpeg","filesize":37801,"url":"https:\/\/www.metrica.it\/wp-content\/uploads\/2024\/05\/24300-790x790.jpg"},"hongo-shop-image":{"file":"24300-660x660.jpg","width":660,"height":660,"mime-type":"image\/jpeg","filesize":28860,"url":"https:\/\/www.metrica.it\/wp-content\/uploads\/2024\/05\/24300-660x660.jpg"}},"image_meta":{"aperture":"0","credit":"","camera":"","caption":"","created_timestamp":"0","copyright":"","focal_length":"0","iso":"0","shutter_speed":"0","title":"","orientation":"1","keywords":[]},"ID":"121948","name":"24300.jpg","path":"\/var\/www\/html\/wp-content\/uploads\/2024\/05\/24300.jpg","url":"https:\/\/www.metrica.it\/wp-content\/uploads\/2024\/05\/24300.jpg","full_url":"https:\/\/www.metrica.it\/wp-content\/uploads\/2024\/05\/24300.jpg","title":"24300.jpg","caption":"","description":"","alt":"","srcset":"https:\/\/www.metrica.it\/wp-content\/uploads\/2024\/05\/24300.jpg 800w, https:\/\/www.metrica.it\/wp-content\/uploads\/2024\/05\/24300-64x64.jpg 64w, https:\/\/www.metrica.it\/wp-content\/uploads\/2024\/05\/24300-84x84.jpg 84w, https:\/\/www.metrica.it\/wp-content\/uploads\/2024\/05\/24300-450x450.jpg 450w, https:\/\/www.metrica.it\/wp-content\/uploads\/2024\/05\/24300-790x790.jpg 790w, https:\/\/www.metrica.it\/wp-content\/uploads\/2024\/05\/24300-660x660.jpg 660w"},"awr_related_products":[{"awr_product_name":"Righe A Lettura Facilitata","awr_product_references":"ref:24300|ean:8001066243006|l_mm:150|:15 x 0,5|unit_misura:mm|satinato:x|pack:1"},{"awr_product_name":"Righe A Lettura Facilitata","awr_product_references":"ref:24301|ean:8001066243013|l_mm:200|:15 x 0,5|unit_misura:mm|satinato:x|pack:1"},{"awr_product_name":"Righe A Lettura Facilitata","awr_product_references":"ref:24303|ean:8001066243037|l_mm:300|:15 x 0,5|unit_misura:mm|satinato:x|pack:1"},{"awr_product_name":"Righe A Lettura Facilitata","awr_product_references":"ref:24320|ean:8001066243204|l_mm:300|:30 x 1|unit_misura:mm|satinato:x|pack:1"},{"awr_product_name":"Righe A Lettura Facilitata","awr_product_references":"ref:24321|ean:8001066243211|l_mm:500|:30 x 1|unit_misura:mm|satinato:x|pack:1"},{"awr_product_name":"Righe A Lettura Facilitata","awr_product_references":"ref:24322|ean:8001066243228|l_mm:1000|:30 x 1|unit_misura:mm|satinato:x|pack:1"}],"awr_consumabili":"","awr_alternativi":"","awr_aliases":"24300,24301,24303,24320,24321,24322","awr_skuid":"24300-it"},"_links":{"self":[{"href":"https:\/\/www.metrica.it\/fr\/wp-json\/wp\/v2\/product\/144152","targetHints":{"allow":["GET"]}}],"collection":[{"href":"https:\/\/www.metrica.it\/fr\/wp-json\/wp\/v2\/product"}],"about":[{"href":"https:\/\/www.metrica.it\/fr\/wp-json\/wp\/v2\/types\/product"}],"wp:featuredmedia":[{"embeddable":true,"href":"https:\/\/www.metrica.it\/fr\/wp-json\/wp\/v2\/media\/121953"}],"wp:attachment":[{"href":"https:\/\/www.metrica.it\/fr\/wp-json\/wp\/v2\/media?parent=144152"}],"wp:term":[{"taxonomy":"product_cat","embeddable":true,"href":"https:\/\/www.metrica.it\/fr\/wp-json\/wp\/v2\/product_cat?post=144152"},{"taxonomy":"product_tag","embeddable":true,"href":"https:\/\/www.metrica.it\/fr\/wp-json\/wp\/v2\/product_tag?post=144152"}],"curies":[{"name":"wp","href":"https:\/\/api.w.org\/{rel}","templated":true}]}}