{"id":144197,"date":"2024-09-16T11:34:06","date_gmt":"2024-09-16T09:34:06","guid":{"rendered":"https:\/\/www.metrica.it\/prodotto\/traceur-abs-rechargeable\/"},"modified":"2024-09-16T20:26:10","modified_gmt":"2024-09-16T18:26:10","slug":"traceur-abs-rechargeable","status":"publish","type":"product","link":"https:\/\/www.metrica.it\/fr\/produit\/traceur-abs-rechargeable\/","title":{"rendered":"Tra\u00e7eur Abs Rechargeable"},"content":{"rendered":"<ul>\n<li>Tra\u00e7eur ABS rechargeable<\/li>\n<li>Fourni avec une corde de 30 m et un fl acon 100 gr de poudre bleu<\/li>\n<li>Bo\u00eetier en ABS ergonomique avec possibilit\u00e9 d&apos;utilisation du fl acon comme poign\u00e9e<\/li>\n<li>Capacit\u00e9 totale 200 gr<\/li>\n<li>En blister<\/li>\n<\/ul>\n","protected":false},"excerpt":{"rendered":"<p>Tra\u00e7eur ABS rechargeable<br \/>Fourni avec une corde de 30 m et un fl acon 100 gr de poudre bleu<br \/>Bo\u00eetier en ABS ergonomique avec possibilit\u00e9 d&apos;utilisation du fl acon comme poign\u00e9e<br \/>Capacit\u00e9 totale 200 gr<br \/>En blister<\/p>\n","protected":false},"featured_media":127350,"template":"","meta":[],"product_cat":[701,733],"product_tag":[],"class_list":{"0":"post-144197","1":"product","2":"type-product","3":"status-publish","4":"has-post-thumbnail","6":"product_cat-tracage-et-marquage","7":"product_cat-traceurs","9":"first","10":"instock","11":"sold-individually","12":"product-type-simple"},"yoast_head":"<title>Tracciatore Cassa Abs Ad Innesto | Traceurs | Tra\u00e7age et Marquage - Metrica<\/title>\n<meta name=\"description\" content=\"D\u00e9couvrez la collection de produits., Tracciatore Cassa Abs Ad Innesto - Traceurs.Tracciatore ricaricabile,Include 30 m di cordoncino e 100 g di polvere blu,Cassa in ABS ergonomica con innesto fl a . Consultez le catalogue sur le site officiel de Metrica\" \/>\n<meta name=\"robots\" content=\"index, follow, max-snippet:-1, max-image-preview:large, max-video-preview:-1\" \/>\n<link rel=\"canonical\" href=\"https:\/\/www.metrica.it\/fr\/produit\/traceur-abs-rechargeable\/\" \/>\n<meta property=\"og:locale\" content=\"fr_FR\" \/>\n<meta property=\"og:type\" content=\"article\" \/>\n<meta property=\"og:title\" content=\"Tracciatore Cassa Abs Ad Innesto | Traceurs | Tra\u00e7age et Marquage - Metrica\" \/>\n<meta property=\"og:description\" content=\"D\u00e9couvrez la collection de produits., Tracciatore Cassa Abs Ad Innesto - Traceurs.Tracciatore ricaricabile,Include 30 m di cordoncino e 100 g di polvere blu,Cassa in ABS ergonomica con innesto fl a . Consultez le catalogue sur le site officiel de Metrica\" \/>\n<meta property=\"og:url\" content=\"https:\/\/www.metrica.it\/fr\/produit\/traceur-abs-rechargeable\/\" \/>\n<meta property=\"og:site_name\" content=\"Metrica\" \/>\n<meta property=\"article:modified_time\" content=\"2024-09-16T18:26:10+00:00\" \/>\n<meta property=\"og:image\" content=\"https:\/\/www.metrica.it\/wp-content\/uploads\/2024\/06\/60095.jpg\" \/>\n\t<meta property=\"og:image:width\" content=\"800\" \/>\n\t<meta property=\"og:image:height\" content=\"800\" \/>\n\t<meta property=\"og:image:type\" content=\"image\/jpeg\" \/>\n<meta name=\"twitter:card\" content=\"summary_large_image\" \/>\n<script type=\"application\/ld+json\" class=\"yoast-schema-graph\">{\"@context\":\"https:\\\/\\\/schema.org\",\"@graph\":[{\"@type\":\"WebPage\",\"@id\":\"https:\\\/\\\/www.metrica.it\\\/fr\\\/produit\\\/traceur-abs-rechargeable\\\/\",\"url\":\"https:\\\/\\\/www.metrica.it\\\/fr\\\/produit\\\/traceur-abs-rechargeable\\\/\",\"name\":\"Tracciatore Cassa Abs Ad Innesto | Traceurs | Tra\u00e7age et Marquage - Metrica\",\"isPartOf\":{\"@id\":\"https:\\\/\\\/www.metrica.it\\\/fr\\\/#website\"},\"primaryImageOfPage\":{\"@id\":\"https:\\\/\\\/www.metrica.it\\\/fr\\\/produit\\\/traceur-abs-rechargeable\\\/#primaryimage\"},\"image\":{\"@id\":\"https:\\\/\\\/www.metrica.it\\\/fr\\\/produit\\\/traceur-abs-rechargeable\\\/#primaryimage\"},\"thumbnailUrl\":\"https:\\\/\\\/www.metrica.it\\\/wp-content\\\/uploads\\\/2024\\\/06\\\/60095.jpg\",\"datePublished\":\"2024-09-16T09:34:06+00:00\",\"dateModified\":\"2024-09-16T18:26:10+00:00\",\"description\":\"D\u00e9couvrez la collection de produits., Tracciatore Cassa Abs Ad Innesto - Traceurs.Tracciatore ricaricabile,Include 30 m di cordoncino e 100 g di polvere blu,Cassa in ABS ergonomica con innesto fl a . Consultez le catalogue sur le site officiel de Metrica\",\"breadcrumb\":{\"@id\":\"https:\\\/\\\/www.metrica.it\\\/fr\\\/produit\\\/traceur-abs-rechargeable\\\/#breadcrumb\"},\"inLanguage\":\"fr-FR\",\"potentialAction\":[{\"@type\":\"ReadAction\",\"target\":[\"https:\\\/\\\/www.metrica.it\\\/fr\\\/produit\\\/traceur-abs-rechargeable\\\/\"]}]},{\"@type\":\"ImageObject\",\"inLanguage\":\"fr-FR\",\"@id\":\"https:\\\/\\\/www.metrica.it\\\/fr\\\/produit\\\/traceur-abs-rechargeable\\\/#primaryimage\",\"url\":\"https:\\\/\\\/www.metrica.it\\\/wp-content\\\/uploads\\\/2024\\\/06\\\/60095.jpg\",\"contentUrl\":\"https:\\\/\\\/www.metrica.it\\\/wp-content\\\/uploads\\\/2024\\\/06\\\/60095.jpg\",\"width\":800,\"height\":800},{\"@type\":\"BreadcrumbList\",\"@id\":\"https:\\\/\\\/www.metrica.it\\\/fr\\\/produit\\\/traceur-abs-rechargeable\\\/#breadcrumb\",\"itemListElement\":[{\"@type\":\"ListItem\",\"position\":1,\"name\":\"Home\",\"item\":\"https:\\\/\\\/www.metrica.it\\\/fr\\\/\"},{\"@type\":\"ListItem\",\"position\":2,\"name\":\"Catalogue\",\"item\":\"https:\\\/\\\/www.metrica.it\\\/fr\\\/catalogue\\\/\"},{\"@type\":\"ListItem\",\"position\":3,\"name\":\"Tra\u00e7eur Abs Rechargeable\"}]},{\"@type\":\"WebSite\",\"@id\":\"https:\\\/\\\/www.metrica.it\\\/fr\\\/#website\",\"url\":\"https:\\\/\\\/www.metrica.it\\\/fr\\\/\",\"name\":\"Metrica\",\"description\":\"Made to measure\",\"potentialAction\":[{\"@type\":\"SearchAction\",\"target\":{\"@type\":\"EntryPoint\",\"urlTemplate\":\"https:\\\/\\\/www.metrica.it\\\/fr\\\/?s={search_term_string}\"},\"query-input\":{\"@type\":\"PropertyValueSpecification\",\"valueRequired\":true,\"valueName\":\"search_term_string\"}}],\"inLanguage\":\"fr-FR\"}]}<\/script>","yoast_head_json":{"title":"Tracciatore Cassa Abs Ad Innesto | Traceurs | Tra\u00e7age et Marquage - Metrica","description":"D\u00e9couvrez la collection de produits., Tracciatore Cassa Abs Ad Innesto - Traceurs.Tracciatore ricaricabile,Include 30 m di cordoncino e 100 g di polvere blu,Cassa in ABS ergonomica con innesto fl a . Consultez le catalogue sur le site officiel de Metrica","robots":{"index":"index","follow":"follow","max-snippet":"max-snippet:-1","max-image-preview":"max-image-preview:large","max-video-preview":"max-video-preview:-1"},"canonical":"https:\/\/www.metrica.it\/fr\/produit\/traceur-abs-rechargeable\/","og_locale":"fr_FR","og_type":"article","og_title":"Tracciatore Cassa Abs Ad Innesto | Traceurs | Tra\u00e7age et Marquage - Metrica","og_description":"D\u00e9couvrez la collection de produits., Tracciatore Cassa Abs Ad Innesto - Traceurs.Tracciatore ricaricabile,Include 30 m di cordoncino e 100 g di polvere blu,Cassa in ABS ergonomica con innesto fl a . Consultez le catalogue sur le site officiel de Metrica","og_url":"https:\/\/www.metrica.it\/fr\/produit\/traceur-abs-rechargeable\/","og_site_name":"Metrica","article_modified_time":"2024-09-16T18:26:10+00:00","og_image":[{"width":800,"height":800,"url":"https:\/\/www.metrica.it\/wp-content\/uploads\/2024\/06\/60095.jpg","type":"image\/jpeg"}],"twitter_card":"summary_large_image","schema":{"@context":"https:\/\/schema.org","@graph":[{"@type":"WebPage","@id":"https:\/\/www.metrica.it\/fr\/produit\/traceur-abs-rechargeable\/","url":"https:\/\/www.metrica.it\/fr\/produit\/traceur-abs-rechargeable\/","name":"Tracciatore Cassa Abs Ad Innesto | Traceurs | Tra\u00e7age et Marquage - Metrica","isPartOf":{"@id":"https:\/\/www.metrica.it\/fr\/#website"},"primaryImageOfPage":{"@id":"https:\/\/www.metrica.it\/fr\/produit\/traceur-abs-rechargeable\/#primaryimage"},"image":{"@id":"https:\/\/www.metrica.it\/fr\/produit\/traceur-abs-rechargeable\/#primaryimage"},"thumbnailUrl":"https:\/\/www.metrica.it\/wp-content\/uploads\/2024\/06\/60095.jpg","datePublished":"2024-09-16T09:34:06+00:00","dateModified":"2024-09-16T18:26:10+00:00","description":"D\u00e9couvrez la collection de produits., Tracciatore Cassa Abs Ad Innesto - Traceurs.Tracciatore ricaricabile,Include 30 m di cordoncino e 100 g di polvere blu,Cassa in ABS ergonomica con innesto fl a . Consultez le catalogue sur le site officiel de Metrica","breadcrumb":{"@id":"https:\/\/www.metrica.it\/fr\/produit\/traceur-abs-rechargeable\/#breadcrumb"},"inLanguage":"fr-FR","potentialAction":[{"@type":"ReadAction","target":["https:\/\/www.metrica.it\/fr\/produit\/traceur-abs-rechargeable\/"]}]},{"@type":"ImageObject","inLanguage":"fr-FR","@id":"https:\/\/www.metrica.it\/fr\/produit\/traceur-abs-rechargeable\/#primaryimage","url":"https:\/\/www.metrica.it\/wp-content\/uploads\/2024\/06\/60095.jpg","contentUrl":"https:\/\/www.metrica.it\/wp-content\/uploads\/2024\/06\/60095.jpg","width":800,"height":800},{"@type":"BreadcrumbList","@id":"https:\/\/www.metrica.it\/fr\/produit\/traceur-abs-rechargeable\/#breadcrumb","itemListElement":[{"@type":"ListItem","position":1,"name":"Home","item":"https:\/\/www.metrica.it\/fr\/"},{"@type":"ListItem","position":2,"name":"Catalogue","item":"https:\/\/www.metrica.it\/fr\/catalogue\/"},{"@type":"ListItem","position":3,"name":"Tra\u00e7eur Abs Rechargeable"}]},{"@type":"WebSite","@id":"https:\/\/www.metrica.it\/fr\/#website","url":"https:\/\/www.metrica.it\/fr\/","name":"Metrica","description":"Made to measure","potentialAction":[{"@type":"SearchAction","target":{"@type":"EntryPoint","urlTemplate":"https:\/\/www.metrica.it\/fr\/?s={search_term_string}"},"query-input":{"@type":"PropertyValueSpecification","valueRequired":true,"valueName":"search_term_string"}}],"inLanguage":"fr-FR"}]}},"meta_box":{"awr_documentation":[],"awr_manuale":[],"awr_scheda_tecnica":"","awr_youtube_video":"","awr_classe_prodotto":"","awr_customize_product":"0","awr_custom_image":false,"awr_related_products":[{"awr_product_name":"Tracciatore Cassa Abs Ad Innesto","awr_product_references":"ref:60095|ean:8001066600953|l:30 m|num_pz_gdo:12"},{"awr_product_name":"Ricambi 100 G Polvere","awr_product_references":"ref:60096|ean:8001066600960|:<img src=\"\/media\/tabelle\/colore_blu.png\"\/>| pack:12"}],"awr_consumabili":"","awr_alternativi":"","awr_aliases":"60095,60096","awr_skuid":"60095-it"},"_links":{"self":[{"href":"https:\/\/www.metrica.it\/fr\/wp-json\/wp\/v2\/product\/144197","targetHints":{"allow":["GET"]}}],"collection":[{"href":"https:\/\/www.metrica.it\/fr\/wp-json\/wp\/v2\/product"}],"about":[{"href":"https:\/\/www.metrica.it\/fr\/wp-json\/wp\/v2\/types\/product"}],"wp:featuredmedia":[{"embeddable":true,"href":"https:\/\/www.metrica.it\/fr\/wp-json\/wp\/v2\/media\/127350"}],"wp:attachment":[{"href":"https:\/\/www.metrica.it\/fr\/wp-json\/wp\/v2\/media?parent=144197"}],"wp:term":[{"taxonomy":"product_cat","embeddable":true,"href":"https:\/\/www.metrica.it\/fr\/wp-json\/wp\/v2\/product_cat?post=144197"},{"taxonomy":"product_tag","embeddable":true,"href":"https:\/\/www.metrica.it\/fr\/wp-json\/wp\/v2\/product_tag?post=144197"}],"curies":[{"name":"wp","href":"https:\/\/api.w.org\/{rel}","templated":true}]}}