{"id":144252,"date":"2024-09-16T12:07:26","date_gmt":"2024-09-16T10:07:26","guid":{"rendered":"https:\/\/www.metrica.it\/prodotto\/comparateur-digital-wireless\/"},"modified":"2024-09-16T20:54:57","modified_gmt":"2024-09-16T18:54:57","slug":"comparateur-digital-wireless","status":"publish","type":"product","link":"https:\/\/www.metrica.it\/fr\/produit\/comparateur-digital-wireless\/","title":{"rendered":"Comparateur Digital Wireless"},"content":{"rendered":"<ul>\n<li>\u00c9cran LCD \u00e0 haute visibilit\u00e9 &#8211; chiffres g\u00e9ants<\/li>\n<li>Fonction ABS<\/li>\n<li>R\u00e9solution 0,01 mm\/0,0005\u0094<\/li>\n<li>Pr\u00e9cision 0,02 mm\/0,001\u0094<\/li>\n<li>Plage 12,5 mm<\/li>\n<li>Touches: ON\/OFF, zero, ABS, mm\/inch, TOL<\/li>\n<li>Sortie donn\u00e9es jack std \u00e0 4 voies 2,5 mm<\/li>\n<li>\u00c9tui en ABS<\/li>\n<li>Sortie donn\u00e9es compatible avec syst\u00e8me wireless R\u00e9f. 10085 et syst\u00e8me wire R\u00e9f. 10086 (pag. 136)<\/li>\n<li>Non vendable en Allemagne, G.B., J et \u00c9tats-Unis<\/li>\n<\/ul>\n","protected":false},"excerpt":{"rendered":"<p>\u00c9cran LCD \u00e0 haute visibilit\u00e9 &#8211; chiffres g\u00e9ants<br \/>Fonction ABS<br \/>R\u00e9solution 0,01 mm\/0,0005\u0094<br \/>Pr\u00e9cision 0,02 mm\/0,001\u0094<br \/>Plage 12,5 mm<br \/>Touches: ON\/OFF, zero, ABS, mm\/inch, TOL<br \/>Sortie donn\u00e9es jack std \u00e0 4 voies 2,5 mm<br \/>\u00c9tui en ABS<br \/>Sortie donn\u00e9es compatible avec syst\u00e8me wireless R\u00e9f. 10085 et syst\u00e8me wire R\u00e9f. 10086 (pag. 136)<br \/>Non vendable en Allemagne, G.B., J et \u00c9tats-Unis<\/p>\n","protected":false},"featured_media":117172,"template":"","meta":[],"product_cat":[653,641],"product_tag":[],"class_list":{"0":"post-144252","1":"product","2":"type-product","3":"status-publish","4":"has-post-thumbnail","6":"product_cat-comparateurs","7":"product_cat-mesures-mecaniques","9":"first","10":"instock","11":"sold-individually","12":"product-type-simple"},"yoast_head":"<title>Comparatore Digitale Ad Alta Visibilit\u00e0 | Comparateurs | Mesures M\u00e9caniques - Metrica<\/title>\n<meta name=\"description\" content=\"D\u00e9couvrez la collection de produits., Comparatore Digitale Ad Alta Visibilit\u00e0 - Comparateurs.Schermo LCD ad alta visibilit&agrave; - numeri giganti,Funzione ABS,Risoluzione 0,01 mm\/0,0005\u0094 . Consultez le catalogue sur le site officiel de Metrica\" \/>\n<meta name=\"robots\" content=\"index, follow, max-snippet:-1, max-image-preview:large, max-video-preview:-1\" \/>\n<link rel=\"canonical\" href=\"https:\/\/www.metrica.it\/fr\/produit\/comparateur-digital-wireless\/\" \/>\n<meta property=\"og:locale\" content=\"fr_FR\" \/>\n<meta property=\"og:type\" content=\"article\" \/>\n<meta property=\"og:title\" content=\"Comparatore Digitale Ad Alta Visibilit\u00e0 | Comparateurs | Mesures M\u00e9caniques - Metrica\" \/>\n<meta property=\"og:description\" content=\"D\u00e9couvrez la collection de produits., Comparatore Digitale Ad Alta Visibilit\u00e0 - Comparateurs.Schermo LCD ad alta visibilit&agrave; - numeri giganti,Funzione ABS,Risoluzione 0,01 mm\/0,0005\u0094 . Consultez le catalogue sur le site officiel de Metrica\" \/>\n<meta property=\"og:url\" content=\"https:\/\/www.metrica.it\/fr\/produit\/comparateur-digital-wireless\/\" \/>\n<meta property=\"og:site_name\" content=\"Metrica\" \/>\n<meta property=\"article:modified_time\" content=\"2024-09-16T18:54:57+00:00\" \/>\n<meta property=\"og:image\" content=\"https:\/\/www.metrica.it\/wp-content\/uploads\/2024\/05\/41150.jpg\" \/>\n\t<meta property=\"og:image:width\" content=\"800\" \/>\n\t<meta property=\"og:image:height\" content=\"800\" \/>\n\t<meta property=\"og:image:type\" content=\"image\/jpeg\" \/>\n<meta name=\"twitter:card\" content=\"summary_large_image\" \/>\n<script type=\"application\/ld+json\" class=\"yoast-schema-graph\">{\"@context\":\"https:\\\/\\\/schema.org\",\"@graph\":[{\"@type\":\"WebPage\",\"@id\":\"https:\\\/\\\/www.metrica.it\\\/fr\\\/produit\\\/comparateur-digital-wireless\\\/\",\"url\":\"https:\\\/\\\/www.metrica.it\\\/fr\\\/produit\\\/comparateur-digital-wireless\\\/\",\"name\":\"Comparatore Digitale Ad Alta Visibilit\u00e0 | Comparateurs | Mesures M\u00e9caniques - Metrica\",\"isPartOf\":{\"@id\":\"https:\\\/\\\/www.metrica.it\\\/fr\\\/#website\"},\"primaryImageOfPage\":{\"@id\":\"https:\\\/\\\/www.metrica.it\\\/fr\\\/produit\\\/comparateur-digital-wireless\\\/#primaryimage\"},\"image\":{\"@id\":\"https:\\\/\\\/www.metrica.it\\\/fr\\\/produit\\\/comparateur-digital-wireless\\\/#primaryimage\"},\"thumbnailUrl\":\"https:\\\/\\\/www.metrica.it\\\/wp-content\\\/uploads\\\/2024\\\/05\\\/41150.jpg\",\"datePublished\":\"2024-09-16T10:07:26+00:00\",\"dateModified\":\"2024-09-16T18:54:57+00:00\",\"description\":\"D\u00e9couvrez la collection de produits., Comparatore Digitale Ad Alta Visibilit\u00e0 - Comparateurs.Schermo LCD ad alta visibilit&agrave; - numeri giganti,Funzione ABS,Risoluzione 0,01 mm\\\/0,0005\u0094 . Consultez le catalogue sur le site officiel de Metrica\",\"breadcrumb\":{\"@id\":\"https:\\\/\\\/www.metrica.it\\\/fr\\\/produit\\\/comparateur-digital-wireless\\\/#breadcrumb\"},\"inLanguage\":\"fr-FR\",\"potentialAction\":[{\"@type\":\"ReadAction\",\"target\":[\"https:\\\/\\\/www.metrica.it\\\/fr\\\/produit\\\/comparateur-digital-wireless\\\/\"]}]},{\"@type\":\"ImageObject\",\"inLanguage\":\"fr-FR\",\"@id\":\"https:\\\/\\\/www.metrica.it\\\/fr\\\/produit\\\/comparateur-digital-wireless\\\/#primaryimage\",\"url\":\"https:\\\/\\\/www.metrica.it\\\/wp-content\\\/uploads\\\/2024\\\/05\\\/41150.jpg\",\"contentUrl\":\"https:\\\/\\\/www.metrica.it\\\/wp-content\\\/uploads\\\/2024\\\/05\\\/41150.jpg\",\"width\":800,\"height\":800},{\"@type\":\"BreadcrumbList\",\"@id\":\"https:\\\/\\\/www.metrica.it\\\/fr\\\/produit\\\/comparateur-digital-wireless\\\/#breadcrumb\",\"itemListElement\":[{\"@type\":\"ListItem\",\"position\":1,\"name\":\"Home\",\"item\":\"https:\\\/\\\/www.metrica.it\\\/fr\\\/\"},{\"@type\":\"ListItem\",\"position\":2,\"name\":\"Catalogue\",\"item\":\"https:\\\/\\\/www.metrica.it\\\/fr\\\/catalogue\\\/\"},{\"@type\":\"ListItem\",\"position\":3,\"name\":\"Comparateur Digital Wireless\"}]},{\"@type\":\"WebSite\",\"@id\":\"https:\\\/\\\/www.metrica.it\\\/fr\\\/#website\",\"url\":\"https:\\\/\\\/www.metrica.it\\\/fr\\\/\",\"name\":\"Metrica\",\"description\":\"Made to measure\",\"potentialAction\":[{\"@type\":\"SearchAction\",\"target\":{\"@type\":\"EntryPoint\",\"urlTemplate\":\"https:\\\/\\\/www.metrica.it\\\/fr\\\/?s={search_term_string}\"},\"query-input\":{\"@type\":\"PropertyValueSpecification\",\"valueRequired\":true,\"valueName\":\"search_term_string\"}}],\"inLanguage\":\"fr-FR\"}]}<\/script>","yoast_head_json":{"title":"Comparatore Digitale Ad Alta Visibilit\u00e0 | Comparateurs | Mesures M\u00e9caniques - Metrica","description":"D\u00e9couvrez la collection de produits., Comparatore Digitale Ad Alta Visibilit\u00e0 - Comparateurs.Schermo LCD ad alta visibilit&agrave; - numeri giganti,Funzione ABS,Risoluzione 0,01 mm\/0,0005\u0094 . Consultez le catalogue sur le site officiel de Metrica","robots":{"index":"index","follow":"follow","max-snippet":"max-snippet:-1","max-image-preview":"max-image-preview:large","max-video-preview":"max-video-preview:-1"},"canonical":"https:\/\/www.metrica.it\/fr\/produit\/comparateur-digital-wireless\/","og_locale":"fr_FR","og_type":"article","og_title":"Comparatore Digitale Ad Alta Visibilit\u00e0 | Comparateurs | Mesures M\u00e9caniques - Metrica","og_description":"D\u00e9couvrez la collection de produits., Comparatore Digitale Ad Alta Visibilit\u00e0 - Comparateurs.Schermo LCD ad alta visibilit&agrave; - numeri giganti,Funzione ABS,Risoluzione 0,01 mm\/0,0005\u0094 . Consultez le catalogue sur le site officiel de Metrica","og_url":"https:\/\/www.metrica.it\/fr\/produit\/comparateur-digital-wireless\/","og_site_name":"Metrica","article_modified_time":"2024-09-16T18:54:57+00:00","og_image":[{"width":800,"height":800,"url":"https:\/\/www.metrica.it\/wp-content\/uploads\/2024\/05\/41150.jpg","type":"image\/jpeg"}],"twitter_card":"summary_large_image","schema":{"@context":"https:\/\/schema.org","@graph":[{"@type":"WebPage","@id":"https:\/\/www.metrica.it\/fr\/produit\/comparateur-digital-wireless\/","url":"https:\/\/www.metrica.it\/fr\/produit\/comparateur-digital-wireless\/","name":"Comparatore Digitale Ad Alta Visibilit\u00e0 | Comparateurs | Mesures M\u00e9caniques - Metrica","isPartOf":{"@id":"https:\/\/www.metrica.it\/fr\/#website"},"primaryImageOfPage":{"@id":"https:\/\/www.metrica.it\/fr\/produit\/comparateur-digital-wireless\/#primaryimage"},"image":{"@id":"https:\/\/www.metrica.it\/fr\/produit\/comparateur-digital-wireless\/#primaryimage"},"thumbnailUrl":"https:\/\/www.metrica.it\/wp-content\/uploads\/2024\/05\/41150.jpg","datePublished":"2024-09-16T10:07:26+00:00","dateModified":"2024-09-16T18:54:57+00:00","description":"D\u00e9couvrez la collection de produits., Comparatore Digitale Ad Alta Visibilit\u00e0 - Comparateurs.Schermo LCD ad alta visibilit&agrave; - numeri giganti,Funzione ABS,Risoluzione 0,01 mm\/0,0005\u0094 . Consultez le catalogue sur le site officiel de Metrica","breadcrumb":{"@id":"https:\/\/www.metrica.it\/fr\/produit\/comparateur-digital-wireless\/#breadcrumb"},"inLanguage":"fr-FR","potentialAction":[{"@type":"ReadAction","target":["https:\/\/www.metrica.it\/fr\/produit\/comparateur-digital-wireless\/"]}]},{"@type":"ImageObject","inLanguage":"fr-FR","@id":"https:\/\/www.metrica.it\/fr\/produit\/comparateur-digital-wireless\/#primaryimage","url":"https:\/\/www.metrica.it\/wp-content\/uploads\/2024\/05\/41150.jpg","contentUrl":"https:\/\/www.metrica.it\/wp-content\/uploads\/2024\/05\/41150.jpg","width":800,"height":800},{"@type":"BreadcrumbList","@id":"https:\/\/www.metrica.it\/fr\/produit\/comparateur-digital-wireless\/#breadcrumb","itemListElement":[{"@type":"ListItem","position":1,"name":"Home","item":"https:\/\/www.metrica.it\/fr\/"},{"@type":"ListItem","position":2,"name":"Catalogue","item":"https:\/\/www.metrica.it\/fr\/catalogue\/"},{"@type":"ListItem","position":3,"name":"Comparateur Digital Wireless"}]},{"@type":"WebSite","@id":"https:\/\/www.metrica.it\/fr\/#website","url":"https:\/\/www.metrica.it\/fr\/","name":"Metrica","description":"Made to measure","potentialAction":[{"@type":"SearchAction","target":{"@type":"EntryPoint","urlTemplate":"https:\/\/www.metrica.it\/fr\/?s={search_term_string}"},"query-input":{"@type":"PropertyValueSpecification","valueRequired":true,"valueName":"search_term_string"}}],"inLanguage":"fr-FR"}]}},"meta_box":{"awr_documentation":[],"awr_manuale":[],"awr_scheda_tecnica":"","awr_youtube_video":"","awr_classe_prodotto":"","awr_customize_product":"0","awr_custom_image":false,"awr_related_products":[{"awr_product_name":"Comparatore Digitale Ad Alta Visibilit\u00e0","awr_product_references":"ref:41150|ean:8001066411504|a_mm:0 - 12,5|b_mm:\u00d8 56|unit_misura_mm:0.01|unit_misura_inch:0.0005|pack:1"}],"awr_consumabili":"","awr_alternativi":"","awr_aliases":"41150","awr_skuid":"41150-it"},"_links":{"self":[{"href":"https:\/\/www.metrica.it\/fr\/wp-json\/wp\/v2\/product\/144252","targetHints":{"allow":["GET"]}}],"collection":[{"href":"https:\/\/www.metrica.it\/fr\/wp-json\/wp\/v2\/product"}],"about":[{"href":"https:\/\/www.metrica.it\/fr\/wp-json\/wp\/v2\/types\/product"}],"wp:featuredmedia":[{"embeddable":true,"href":"https:\/\/www.metrica.it\/fr\/wp-json\/wp\/v2\/media\/117172"}],"wp:attachment":[{"href":"https:\/\/www.metrica.it\/fr\/wp-json\/wp\/v2\/media?parent=144252"}],"wp:term":[{"taxonomy":"product_cat","embeddable":true,"href":"https:\/\/www.metrica.it\/fr\/wp-json\/wp\/v2\/product_cat?post=144252"},{"taxonomy":"product_tag","embeddable":true,"href":"https:\/\/www.metrica.it\/fr\/wp-json\/wp\/v2\/product_tag?post=144252"}],"curies":[{"name":"wp","href":"https:\/\/api.w.org\/{rel}","templated":true}]}}