{"id":144262,"date":"2024-09-16T12:46:36","date_gmt":"2024-09-16T10:46:36","guid":{"rendered":"https:\/\/www.metrica.it\/prodotto\/metrica-black-bull-3\/"},"modified":"2024-09-16T21:38:44","modified_gmt":"2024-09-16T19:38:44","slug":"metrica-black-bull","status":"publish","type":"product","link":"https:\/\/www.metrica.it\/fr\/produit\/metrica-black-bull\/","title":{"rendered":"Metrica Black Bull"},"content":{"rendered":"<ul>\n<li>Bo\u00eetier caoutchout\u00e9<\/li>\n<li>Largeur de ruban 32 mm<\/li>\n<li>Ruban \u00e0 finition textur\u00e9e<\/li>\n<li>Graduation sur les deux c\u00f4t\u00e9s:<br \/>&#8211; num\u00e9rotation horizontale sur la face avant<br \/>&#8211; num\u00e9rotation verticale au dos<\/li>\n<li>Crochet \u00e0 double prise<\/li>\n<li>Crochet avec aimant<\/li>\n<li>Extension de plus de 4 m<\/li>\n<\/ul>\n","protected":false},"excerpt":{"rendered":"<p>Bo\u00eetier caoutchout\u00e9<\/p>\n<p>Largeur de ruban 32 mm<\/p>\n<p>Ruban \u00e0 finition textur\u00e9e<\/p>\n<p>Graduation sur les deux c\u00f4t\u00e9s:<br \/>&#8211; num\u00e9rotation horizontale sur la face avant<br \/>&#8211; num\u00e9rotation verticale au dos<\/p>\n<p>Crochet \u00e0 double prise<\/p>\n<p>Crochet avec aimant<\/p>\n<p>Extension de plus de 4 m<\/p>\n","protected":false},"featured_media":131049,"template":"","meta":[],"product_cat":[49,590],"product_tag":[],"class_list":{"0":"post-144262","1":"product","2":"type-product","3":"status-publish","4":"has-post-thumbnail","6":"product_cat-mesures-de-longueur","7":"product_cat-metres-a-ruban","9":"first","10":"instock","11":"featured","12":"sold-individually","13":"product-type-simple"},"yoast_head":"<title>METRICA BLACK BULL AUTOBLOCCANTE<\/title>\n<meta name=\"robots\" content=\"index, follow, max-snippet:-1, max-image-preview:large, max-video-preview:-1\" \/>\n<link rel=\"canonical\" href=\"https:\/\/www.metrica.it\/fr\/produit\/metrica-black-bull\/\" \/>\n<meta property=\"og:locale\" content=\"fr_FR\" \/>\n<meta property=\"og:type\" content=\"article\" \/>\n<meta property=\"og:title\" content=\"METRICA BLACK BULL AUTOBLOCCANTE\" \/>\n<meta property=\"og:description\" content=\"Bo\u00eetier caoutchout\u00e9Largeur de ruban 32 mmRuban \u00e0 finition textur\u00e9eGraduation sur les deux c\u00f4t\u00e9s:- num\u00e9rotation horizontale sur la face avant- num\u00e9rotation verticale au dosCrochet \u00e0 double priseCrochet avec aimantExtension de plus de 4 m\" \/>\n<meta property=\"og:url\" content=\"https:\/\/www.metrica.it\/fr\/produit\/metrica-black-bull\/\" \/>\n<meta property=\"og:site_name\" content=\"Metrica\" \/>\n<meta property=\"article:modified_time\" content=\"2024-09-16T19:38:44+00:00\" \/>\n<meta property=\"og:image\" content=\"https:\/\/www.metrica.it\/wp-content\/uploads\/2024\/06\/08075_08078.jpg\" \/>\n\t<meta property=\"og:image:width\" content=\"1200\" \/>\n\t<meta property=\"og:image:height\" content=\"1200\" \/>\n\t<meta property=\"og:image:type\" content=\"image\/jpeg\" \/>\n<meta name=\"twitter:card\" content=\"summary_large_image\" \/>\n<script type=\"application\/ld+json\" class=\"yoast-schema-graph\">{\"@context\":\"https:\\\/\\\/schema.org\",\"@graph\":[{\"@type\":\"WebPage\",\"@id\":\"https:\\\/\\\/www.metrica.it\\\/fr\\\/produit\\\/metrica-black-bull\\\/\",\"url\":\"https:\\\/\\\/www.metrica.it\\\/fr\\\/produit\\\/metrica-black-bull\\\/\",\"name\":\"METRICA BLACK BULL AUTOBLOCCANTE\",\"isPartOf\":{\"@id\":\"https:\\\/\\\/www.metrica.it\\\/fr\\\/#website\"},\"primaryImageOfPage\":{\"@id\":\"https:\\\/\\\/www.metrica.it\\\/fr\\\/produit\\\/metrica-black-bull\\\/#primaryimage\"},\"image\":{\"@id\":\"https:\\\/\\\/www.metrica.it\\\/fr\\\/produit\\\/metrica-black-bull\\\/#primaryimage\"},\"thumbnailUrl\":\"https:\\\/\\\/www.metrica.it\\\/wp-content\\\/uploads\\\/2024\\\/06\\\/08075_08078.jpg\",\"datePublished\":\"2024-09-16T10:46:36+00:00\",\"dateModified\":\"2024-09-16T19:38:44+00:00\",\"breadcrumb\":{\"@id\":\"https:\\\/\\\/www.metrica.it\\\/fr\\\/produit\\\/metrica-black-bull\\\/#breadcrumb\"},\"inLanguage\":\"fr-FR\",\"potentialAction\":[{\"@type\":\"ReadAction\",\"target\":[\"https:\\\/\\\/www.metrica.it\\\/fr\\\/produit\\\/metrica-black-bull\\\/\"]}]},{\"@type\":\"ImageObject\",\"inLanguage\":\"fr-FR\",\"@id\":\"https:\\\/\\\/www.metrica.it\\\/fr\\\/produit\\\/metrica-black-bull\\\/#primaryimage\",\"url\":\"https:\\\/\\\/www.metrica.it\\\/wp-content\\\/uploads\\\/2024\\\/06\\\/08075_08078.jpg\",\"contentUrl\":\"https:\\\/\\\/www.metrica.it\\\/wp-content\\\/uploads\\\/2024\\\/06\\\/08075_08078.jpg\",\"width\":1200,\"height\":1200},{\"@type\":\"BreadcrumbList\",\"@id\":\"https:\\\/\\\/www.metrica.it\\\/fr\\\/produit\\\/metrica-black-bull\\\/#breadcrumb\",\"itemListElement\":[{\"@type\":\"ListItem\",\"position\":1,\"name\":\"Home\",\"item\":\"https:\\\/\\\/www.metrica.it\\\/fr\\\/\"},{\"@type\":\"ListItem\",\"position\":2,\"name\":\"Catalogue\",\"item\":\"https:\\\/\\\/www.metrica.it\\\/fr\\\/catalogue\\\/\"},{\"@type\":\"ListItem\",\"position\":3,\"name\":\"Metrica Black Bull\"}]},{\"@type\":\"WebSite\",\"@id\":\"https:\\\/\\\/www.metrica.it\\\/fr\\\/#website\",\"url\":\"https:\\\/\\\/www.metrica.it\\\/fr\\\/\",\"name\":\"Metrica\",\"description\":\"Made to measure\",\"potentialAction\":[{\"@type\":\"SearchAction\",\"target\":{\"@type\":\"EntryPoint\",\"urlTemplate\":\"https:\\\/\\\/www.metrica.it\\\/fr\\\/?s={search_term_string}\"},\"query-input\":{\"@type\":\"PropertyValueSpecification\",\"valueRequired\":true,\"valueName\":\"search_term_string\"}}],\"inLanguage\":\"fr-FR\"}]}<\/script>","yoast_head_json":{"title":"METRICA BLACK BULL AUTOBLOCCANTE","robots":{"index":"index","follow":"follow","max-snippet":"max-snippet:-1","max-image-preview":"max-image-preview:large","max-video-preview":"max-video-preview:-1"},"canonical":"https:\/\/www.metrica.it\/fr\/produit\/metrica-black-bull\/","og_locale":"fr_FR","og_type":"article","og_title":"METRICA BLACK BULL AUTOBLOCCANTE","og_description":"Bo\u00eetier caoutchout\u00e9Largeur de ruban 32 mmRuban \u00e0 finition textur\u00e9eGraduation sur les deux c\u00f4t\u00e9s:- num\u00e9rotation horizontale sur la face avant- num\u00e9rotation verticale au dosCrochet \u00e0 double priseCrochet avec aimantExtension de plus de 4 m","og_url":"https:\/\/www.metrica.it\/fr\/produit\/metrica-black-bull\/","og_site_name":"Metrica","article_modified_time":"2024-09-16T19:38:44+00:00","og_image":[{"width":1200,"height":1200,"url":"https:\/\/www.metrica.it\/wp-content\/uploads\/2024\/06\/08075_08078.jpg","type":"image\/jpeg"}],"twitter_card":"summary_large_image","schema":{"@context":"https:\/\/schema.org","@graph":[{"@type":"WebPage","@id":"https:\/\/www.metrica.it\/fr\/produit\/metrica-black-bull\/","url":"https:\/\/www.metrica.it\/fr\/produit\/metrica-black-bull\/","name":"METRICA BLACK BULL AUTOBLOCCANTE","isPartOf":{"@id":"https:\/\/www.metrica.it\/fr\/#website"},"primaryImageOfPage":{"@id":"https:\/\/www.metrica.it\/fr\/produit\/metrica-black-bull\/#primaryimage"},"image":{"@id":"https:\/\/www.metrica.it\/fr\/produit\/metrica-black-bull\/#primaryimage"},"thumbnailUrl":"https:\/\/www.metrica.it\/wp-content\/uploads\/2024\/06\/08075_08078.jpg","datePublished":"2024-09-16T10:46:36+00:00","dateModified":"2024-09-16T19:38:44+00:00","breadcrumb":{"@id":"https:\/\/www.metrica.it\/fr\/produit\/metrica-black-bull\/#breadcrumb"},"inLanguage":"fr-FR","potentialAction":[{"@type":"ReadAction","target":["https:\/\/www.metrica.it\/fr\/produit\/metrica-black-bull\/"]}]},{"@type":"ImageObject","inLanguage":"fr-FR","@id":"https:\/\/www.metrica.it\/fr\/produit\/metrica-black-bull\/#primaryimage","url":"https:\/\/www.metrica.it\/wp-content\/uploads\/2024\/06\/08075_08078.jpg","contentUrl":"https:\/\/www.metrica.it\/wp-content\/uploads\/2024\/06\/08075_08078.jpg","width":1200,"height":1200},{"@type":"BreadcrumbList","@id":"https:\/\/www.metrica.it\/fr\/produit\/metrica-black-bull\/#breadcrumb","itemListElement":[{"@type":"ListItem","position":1,"name":"Home","item":"https:\/\/www.metrica.it\/fr\/"},{"@type":"ListItem","position":2,"name":"Catalogue","item":"https:\/\/www.metrica.it\/fr\/catalogue\/"},{"@type":"ListItem","position":3,"name":"Metrica Black Bull"}]},{"@type":"WebSite","@id":"https:\/\/www.metrica.it\/fr\/#website","url":"https:\/\/www.metrica.it\/fr\/","name":"Metrica","description":"Made to measure","potentialAction":[{"@type":"SearchAction","target":{"@type":"EntryPoint","urlTemplate":"https:\/\/www.metrica.it\/fr\/?s={search_term_string}"},"query-input":{"@type":"PropertyValueSpecification","valueRequired":true,"valueName":"search_term_string"}}],"inLanguage":"fr-FR"}]}},"meta_box":{"awr_documentation":[],"awr_manuale":[],"awr_scheda_tecnica":"","awr_youtube_video":"","awr_classe_prodotto":"","awr_customize_product":"0","awr_custom_image":false,"awr_related_products":[{"awr_product_name":"Metrica Black Bull Autobloccante","awr_product_references":"ref:08075|ean:8001066080755|l:5m|larghezza:32mm|unit_misura:mm|b_mm:75|pack:16"},{"awr_product_name":"Metrica Black Bull Autobloccante","awr_product_references":"ref:08078|ean:8001066080786|l:8m|larghezza:32mm|unit_misura:mm|b_mm:95|pack:16"}],"awr_consumabili":"","awr_alternativi":"","awr_aliases":"08075,08078","awr_skuid":"08075-it"},"_links":{"self":[{"href":"https:\/\/www.metrica.it\/fr\/wp-json\/wp\/v2\/product\/144262","targetHints":{"allow":["GET"]}}],"collection":[{"href":"https:\/\/www.metrica.it\/fr\/wp-json\/wp\/v2\/product"}],"about":[{"href":"https:\/\/www.metrica.it\/fr\/wp-json\/wp\/v2\/types\/product"}],"wp:featuredmedia":[{"embeddable":true,"href":"https:\/\/www.metrica.it\/fr\/wp-json\/wp\/v2\/media\/131049"}],"wp:attachment":[{"href":"https:\/\/www.metrica.it\/fr\/wp-json\/wp\/v2\/media?parent=144262"}],"wp:term":[{"taxonomy":"product_cat","embeddable":true,"href":"https:\/\/www.metrica.it\/fr\/wp-json\/wp\/v2\/product_cat?post=144262"},{"taxonomy":"product_tag","embeddable":true,"href":"https:\/\/www.metrica.it\/fr\/wp-json\/wp\/v2\/product_tag?post=144262"}],"curies":[{"name":"wp","href":"https:\/\/api.w.org\/{rel}","templated":true}]}}