{"id":144277,"date":"2024-09-16T12:01:18","date_gmt":"2024-09-16T10:01:18","guid":{"rendered":"https:\/\/www.metrica.it\/prodotto\/metrica-flash-120-zoom-4\/"},"modified":"2024-09-16T20:48:48","modified_gmt":"2024-09-16T18:48:48","slug":"metrica-flash-120-zoom","status":"publish","type":"product","link":"https:\/\/www.metrica.it\/fr\/produit\/metrica-flash-120-zoom\/","title":{"rendered":"Metrica Flash 120 Zoom"},"content":{"rendered":"<ul>\n<li>Cam\u00e9ra zoom 4X avec viseur<\/li>\n<li>Photo du point mesur\u00e9 avec m\u00e9moire de mesure<\/li>\n<li>Transmission de donn\u00e9es sans fil<\/li>\n<li>Enregistrement vid\u00e9o et vocal avec m\u00e9mo<\/li>\n<li>Inclinom\u00e8tre num\u00e9rique double (horizontal et vertical)<\/li>\n<li>Fonction de mesure continue, avec les valeurs max \/ min toujours affich\u00e9es<\/li>\n<li>7 fonctions de Pythagore<\/li>\n<li>Tra\u00e7age guid\u00e9<\/li>\n<li>Distances, surfaces, volumes<\/li>\n<li>Somme et soustraction des distances, des surfaces et des volumes<\/li>\n<li>Support pour diagonales<\/li>\n<li>16 Go de m\u00e9moire interne<\/li>\n<li>C\u00e2ble de connexion PC \/ recharge<\/li>\n<li>Batteries rechargeables<\/li>\n<li>Filetage 1\/4&Prime; pour montage sur tr\u00e9pied<\/li>\n<li>Avec sangle et pochette<\/li>\n<\/ul>\n","protected":false},"excerpt":{"rendered":"<ul>\n<li>Cam\u00e9ra zoom 4X avec viseur<\/li>\n<li>Photo du point mesur\u00e9 avec m\u00e9moire de mesure<\/li>\n<li>Transmission de donn\u00e9es sans fil<\/li>\n<li>Enregistrement vid\u00e9o et vocal avec m\u00e9mo<\/li>\n<li>Inclinom\u00e8tre num\u00e9rique double (horizontal et vertical)<\/li>\n<li>Fonction de mesure continue, avec les valeurs max \/ min toujours affich\u00e9es<\/li>\n<li>7 fonctions de Pythagore<\/li>\n<li>Tra\u00e7age guid\u00e9<\/li>\n<li>Distances, surfaces, volumes<\/li>\n<li>Somme et soustraction des distances, des surfaces et des volumes<\/li>\n<li>Support pour diagonales<\/li>\n<li>16 Go de m\u00e9moire interne<\/li>\n<li>C\u00e2ble de connexion PC \/ recharge<\/li>\n<li>Batteries rechargeables<\/li>\n<li>Filetage 1\/4&Prime; pour montage sur tr\u00e9pied<\/li>\n<li>Avec sangle et pochette<\/li>\n<\/ul>\n","protected":false},"featured_media":127850,"template":"","meta":[],"product_cat":[526,515],"product_tag":[],"class_list":{"0":"post-144277","1":"product","2":"type-product","3":"status-publish","4":"has-post-thumbnail","6":"product_cat-distancemetres-laser","7":"product_cat-laser-et-cameras-thermiques","9":"first","10":"instock","11":"sold-individually","12":"product-type-simple"},"yoast_head":"<title>METRICA FLASH 120 zoom | Distancem\u00e8tres Laser | Laser et Cam\u00e9ras Thermiques - Metrica<\/title>\n<meta name=\"description\" content=\"D\u00e9couvrez la collection de produits., METRICA FLASH 120 zoom - Distancem\u00e8tres Laser.Telecamera zoom 4X con mirino Foto del punto misurato con memoria di misura,Trasmissione dati wireless,Video e r . Consultez le catalogue sur le site officiel de Metrica\" \/>\n<meta name=\"robots\" content=\"index, follow, max-snippet:-1, max-image-preview:large, max-video-preview:-1\" \/>\n<link rel=\"canonical\" href=\"https:\/\/www.metrica.it\/fr\/produit\/metrica-flash-120-zoom\/\" \/>\n<meta property=\"og:locale\" content=\"fr_FR\" \/>\n<meta property=\"og:type\" content=\"article\" \/>\n<meta property=\"og:title\" content=\"METRICA FLASH 120 zoom | Distancem\u00e8tres Laser | Laser et Cam\u00e9ras Thermiques - Metrica\" \/>\n<meta property=\"og:description\" content=\"D\u00e9couvrez la collection de produits., METRICA FLASH 120 zoom - Distancem\u00e8tres Laser.Telecamera zoom 4X con mirino Foto del punto misurato con memoria di misura,Trasmissione dati wireless,Video e r . Consultez le catalogue sur le site officiel de Metrica\" \/>\n<meta property=\"og:url\" content=\"https:\/\/www.metrica.it\/fr\/produit\/metrica-flash-120-zoom\/\" \/>\n<meta property=\"og:site_name\" content=\"Metrica\" \/>\n<meta property=\"article:modified_time\" content=\"2024-09-16T18:48:48+00:00\" \/>\n<meta property=\"og:image\" content=\"https:\/\/www.metrica.it\/wp-content\/uploads\/2024\/06\/61190_4_1.jpg\" \/>\n\t<meta property=\"og:image:width\" content=\"800\" \/>\n\t<meta property=\"og:image:height\" content=\"800\" \/>\n\t<meta property=\"og:image:type\" content=\"image\/jpeg\" \/>\n<meta name=\"twitter:card\" content=\"summary_large_image\" \/>\n<script type=\"application\/ld+json\" class=\"yoast-schema-graph\">{\"@context\":\"https:\\\/\\\/schema.org\",\"@graph\":[{\"@type\":\"WebPage\",\"@id\":\"https:\\\/\\\/www.metrica.it\\\/fr\\\/produit\\\/metrica-flash-120-zoom\\\/\",\"url\":\"https:\\\/\\\/www.metrica.it\\\/fr\\\/produit\\\/metrica-flash-120-zoom\\\/\",\"name\":\"METRICA FLASH 120 zoom | Distancem\u00e8tres Laser | Laser et Cam\u00e9ras Thermiques - Metrica\",\"isPartOf\":{\"@id\":\"https:\\\/\\\/www.metrica.it\\\/fr\\\/#website\"},\"primaryImageOfPage\":{\"@id\":\"https:\\\/\\\/www.metrica.it\\\/fr\\\/produit\\\/metrica-flash-120-zoom\\\/#primaryimage\"},\"image\":{\"@id\":\"https:\\\/\\\/www.metrica.it\\\/fr\\\/produit\\\/metrica-flash-120-zoom\\\/#primaryimage\"},\"thumbnailUrl\":\"https:\\\/\\\/www.metrica.it\\\/wp-content\\\/uploads\\\/2024\\\/06\\\/61190_4_1.jpg\",\"datePublished\":\"2024-09-16T10:01:18+00:00\",\"dateModified\":\"2024-09-16T18:48:48+00:00\",\"description\":\"D\u00e9couvrez la collection de produits., METRICA FLASH 120 zoom - Distancem\u00e8tres Laser.Telecamera zoom 4X con mirino Foto del punto misurato con memoria di misura,Trasmissione dati wireless,Video e r . Consultez le catalogue sur le site officiel de Metrica\",\"breadcrumb\":{\"@id\":\"https:\\\/\\\/www.metrica.it\\\/fr\\\/produit\\\/metrica-flash-120-zoom\\\/#breadcrumb\"},\"inLanguage\":\"fr-FR\",\"potentialAction\":[{\"@type\":\"ReadAction\",\"target\":[\"https:\\\/\\\/www.metrica.it\\\/fr\\\/produit\\\/metrica-flash-120-zoom\\\/\"]}]},{\"@type\":\"ImageObject\",\"inLanguage\":\"fr-FR\",\"@id\":\"https:\\\/\\\/www.metrica.it\\\/fr\\\/produit\\\/metrica-flash-120-zoom\\\/#primaryimage\",\"url\":\"https:\\\/\\\/www.metrica.it\\\/wp-content\\\/uploads\\\/2024\\\/06\\\/61190_4_1.jpg\",\"contentUrl\":\"https:\\\/\\\/www.metrica.it\\\/wp-content\\\/uploads\\\/2024\\\/06\\\/61190_4_1.jpg\",\"width\":800,\"height\":800},{\"@type\":\"BreadcrumbList\",\"@id\":\"https:\\\/\\\/www.metrica.it\\\/fr\\\/produit\\\/metrica-flash-120-zoom\\\/#breadcrumb\",\"itemListElement\":[{\"@type\":\"ListItem\",\"position\":1,\"name\":\"Home\",\"item\":\"https:\\\/\\\/www.metrica.it\\\/fr\\\/\"},{\"@type\":\"ListItem\",\"position\":2,\"name\":\"Catalogue\",\"item\":\"https:\\\/\\\/www.metrica.it\\\/fr\\\/catalogue\\\/\"},{\"@type\":\"ListItem\",\"position\":3,\"name\":\"Metrica Flash 120 Zoom\"}]},{\"@type\":\"WebSite\",\"@id\":\"https:\\\/\\\/www.metrica.it\\\/fr\\\/#website\",\"url\":\"https:\\\/\\\/www.metrica.it\\\/fr\\\/\",\"name\":\"Metrica\",\"description\":\"Made to measure\",\"potentialAction\":[{\"@type\":\"SearchAction\",\"target\":{\"@type\":\"EntryPoint\",\"urlTemplate\":\"https:\\\/\\\/www.metrica.it\\\/fr\\\/?s={search_term_string}\"},\"query-input\":{\"@type\":\"PropertyValueSpecification\",\"valueRequired\":true,\"valueName\":\"search_term_string\"}}],\"inLanguage\":\"fr-FR\"}]}<\/script>","yoast_head_json":{"title":"METRICA FLASH 120 zoom | Distancem\u00e8tres Laser | Laser et Cam\u00e9ras Thermiques - Metrica","description":"D\u00e9couvrez la collection de produits., METRICA FLASH 120 zoom - Distancem\u00e8tres Laser.Telecamera zoom 4X con mirino Foto del punto misurato con memoria di misura,Trasmissione dati wireless,Video e r . Consultez le catalogue sur le site officiel de Metrica","robots":{"index":"index","follow":"follow","max-snippet":"max-snippet:-1","max-image-preview":"max-image-preview:large","max-video-preview":"max-video-preview:-1"},"canonical":"https:\/\/www.metrica.it\/fr\/produit\/metrica-flash-120-zoom\/","og_locale":"fr_FR","og_type":"article","og_title":"METRICA FLASH 120 zoom | Distancem\u00e8tres Laser | Laser et Cam\u00e9ras Thermiques - Metrica","og_description":"D\u00e9couvrez la collection de produits., METRICA FLASH 120 zoom - Distancem\u00e8tres Laser.Telecamera zoom 4X con mirino Foto del punto misurato con memoria di misura,Trasmissione dati wireless,Video e r . Consultez le catalogue sur le site officiel de Metrica","og_url":"https:\/\/www.metrica.it\/fr\/produit\/metrica-flash-120-zoom\/","og_site_name":"Metrica","article_modified_time":"2024-09-16T18:48:48+00:00","og_image":[{"width":800,"height":800,"url":"https:\/\/www.metrica.it\/wp-content\/uploads\/2024\/06\/61190_4_1.jpg","type":"image\/jpeg"}],"twitter_card":"summary_large_image","schema":{"@context":"https:\/\/schema.org","@graph":[{"@type":"WebPage","@id":"https:\/\/www.metrica.it\/fr\/produit\/metrica-flash-120-zoom\/","url":"https:\/\/www.metrica.it\/fr\/produit\/metrica-flash-120-zoom\/","name":"METRICA FLASH 120 zoom | Distancem\u00e8tres Laser | Laser et Cam\u00e9ras Thermiques - Metrica","isPartOf":{"@id":"https:\/\/www.metrica.it\/fr\/#website"},"primaryImageOfPage":{"@id":"https:\/\/www.metrica.it\/fr\/produit\/metrica-flash-120-zoom\/#primaryimage"},"image":{"@id":"https:\/\/www.metrica.it\/fr\/produit\/metrica-flash-120-zoom\/#primaryimage"},"thumbnailUrl":"https:\/\/www.metrica.it\/wp-content\/uploads\/2024\/06\/61190_4_1.jpg","datePublished":"2024-09-16T10:01:18+00:00","dateModified":"2024-09-16T18:48:48+00:00","description":"D\u00e9couvrez la collection de produits., METRICA FLASH 120 zoom - Distancem\u00e8tres Laser.Telecamera zoom 4X con mirino Foto del punto misurato con memoria di misura,Trasmissione dati wireless,Video e r . Consultez le catalogue sur le site officiel de Metrica","breadcrumb":{"@id":"https:\/\/www.metrica.it\/fr\/produit\/metrica-flash-120-zoom\/#breadcrumb"},"inLanguage":"fr-FR","potentialAction":[{"@type":"ReadAction","target":["https:\/\/www.metrica.it\/fr\/produit\/metrica-flash-120-zoom\/"]}]},{"@type":"ImageObject","inLanguage":"fr-FR","@id":"https:\/\/www.metrica.it\/fr\/produit\/metrica-flash-120-zoom\/#primaryimage","url":"https:\/\/www.metrica.it\/wp-content\/uploads\/2024\/06\/61190_4_1.jpg","contentUrl":"https:\/\/www.metrica.it\/wp-content\/uploads\/2024\/06\/61190_4_1.jpg","width":800,"height":800},{"@type":"BreadcrumbList","@id":"https:\/\/www.metrica.it\/fr\/produit\/metrica-flash-120-zoom\/#breadcrumb","itemListElement":[{"@type":"ListItem","position":1,"name":"Home","item":"https:\/\/www.metrica.it\/fr\/"},{"@type":"ListItem","position":2,"name":"Catalogue","item":"https:\/\/www.metrica.it\/fr\/catalogue\/"},{"@type":"ListItem","position":3,"name":"Metrica Flash 120 Zoom"}]},{"@type":"WebSite","@id":"https:\/\/www.metrica.it\/fr\/#website","url":"https:\/\/www.metrica.it\/fr\/","name":"Metrica","description":"Made to measure","potentialAction":[{"@type":"SearchAction","target":{"@type":"EntryPoint","urlTemplate":"https:\/\/www.metrica.it\/fr\/?s={search_term_string}"},"query-input":{"@type":"PropertyValueSpecification","valueRequired":true,"valueName":"search_term_string"}}],"inLanguage":"fr-FR"}]}},"meta_box":{"awr_documentation":[{"filesize":3424909,"ID":"146343","name":"61190.pdf","path":"\/var\/www\/html\/wp-content\/uploads\/2024\/09\/61190.pdf","url":"https:\/\/www.metrica.it\/wp-content\/uploads\/2024\/09\/61190.pdf","title":"61190.pdf"}],"awr_manuale":[],"awr_scheda_tecnica":"<table>\n<tbody>\n<tr>\n<td><strong>Pr\u00e9cision<\/strong><\/td>\n<td>\u00b1 2 mm<\/td>\n<\/tr>\n<tr>\n<td><strong>Mesure d'angle<\/strong><\/td>\n<td>\u00b1 90 \u00b0<\/td>\n<\/tr>\n<tr>\n<td><strong>Dur\u00e9e des piles<\/strong><\/td>\n<td>30.000 mesures individuelles<\/td>\n<\/tr>\n<tr>\n<td><strong>Type de laser<\/strong><\/td>\n<td>635 nm <\/td>\n<\/tr>\n<tr>\n<td><strong>Puissance laser<\/strong><\/td>\n<td>classe II<\/td>\n<\/tr>\n<tr>\n<td><strong>\u00c9tanch\u00e9it\u00e9<\/strong><\/td>\n<td>IP 54<\/td>\n<\/tr>\n<tr>\n<td><strong>Temp\u00e9rature de fonctionnement<\/strong><\/td>\n<td>0 \u00b0 C \/ 40 \u00b0 C<\/td>\n<\/tr>\n<tr>\n<td><strong>Piles<\/strong><\/td>\n<td>3 NiMh 1.2V 800mAh<\/td>\n<\/tr>\n<tr>\n<td><strong>Dimensions (mm)<\/strong><\/td>\n<td>145 x 60 x 29<\/td>\n<\/tr>\n<tr>\n<td><strong>Poids (sans piles)<\/strong><\/td>\n<td>160 g<\/td>\n<\/tr>\n<tr>\n<td><strong>Filetage pour tr\u00e9pied<\/strong><\/td>\n<td>1\/4\"<\/td>\n<\/tr>\n<tr>\n<td><strong>C\u00e2ble connexion<\/strong><\/td>\n<td>PC \/ recharge<\/td>\n<\/tr>\n<\/tbody>\n<\/table>\n","awr_youtube_video":"https:\/\/www.youtube.com\/embed\/rHqTHu0621Y","awr_classe_prodotto":"","awr_customize_product":"0","awr_custom_image":false,"awr_related_products":[{"awr_product_name":"Metrica Flash 120 Zoom","awr_product_references":"ref:61190|ean:8001066611904|l:0,15-120m|pack:1"}],"awr_consumabili":"","awr_alternativi":"","awr_aliases":"61190","awr_skuid":"61190-it"},"_links":{"self":[{"href":"https:\/\/www.metrica.it\/fr\/wp-json\/wp\/v2\/product\/144277","targetHints":{"allow":["GET"]}}],"collection":[{"href":"https:\/\/www.metrica.it\/fr\/wp-json\/wp\/v2\/product"}],"about":[{"href":"https:\/\/www.metrica.it\/fr\/wp-json\/wp\/v2\/types\/product"}],"wp:featuredmedia":[{"embeddable":true,"href":"https:\/\/www.metrica.it\/fr\/wp-json\/wp\/v2\/media\/127850"}],"wp:attachment":[{"href":"https:\/\/www.metrica.it\/fr\/wp-json\/wp\/v2\/media?parent=144277"}],"wp:term":[{"taxonomy":"product_cat","embeddable":true,"href":"https:\/\/www.metrica.it\/fr\/wp-json\/wp\/v2\/product_cat?post=144277"},{"taxonomy":"product_tag","embeddable":true,"href":"https:\/\/www.metrica.it\/fr\/wp-json\/wp\/v2\/product_tag?post=144277"}],"curies":[{"name":"wp","href":"https:\/\/api.w.org\/{rel}","templated":true}]}}