{"id":144282,"date":"2024-09-16T11:57:24","date_gmt":"2024-09-16T09:57:24","guid":{"rendered":"https:\/\/www.metrica.it\/prodotto\/fingersafe-4\/"},"modified":"2025-06-03T16:14:03","modified_gmt":"2025-06-03T14:14:03","slug":"fingersafe","status":"publish","type":"product","link":"https:\/\/www.metrica.it\/fr\/produit\/fingersafe\/","title":{"rendered":"Fingersafe"},"content":{"rendered":"<ul>\n<li>Porte-clou aimant\u00e9 prot\u00e8ge-doigts, pour clous<\/li>\n<li>petits et grands<\/li>\n<li>Il permet de planter un clou toujours perpendiculaire<\/li>\n<li>\u00e0 la paroi en toute s\u00e9curit\u00e9<\/li>\n<li>Equip\u00e9 d&rsquo;un double aimant pour retenir le clou dans<\/li>\n<li>toute position<\/li>\n<li>Fourni en blister avec 20 clous<\/li>\n<\/ul>\n","protected":false},"excerpt":{"rendered":"<p>Porte-clou aimant\u00e9 prot\u00e8ge-doigts, pour clous<br \/>\npetits et grands<br \/>\nIl permet de planter un clou toujours perpendiculaire<br \/>\n\u00e0 la paroi en toute s\u00e9curit\u00e9<br \/>\nEquip\u00e9 d&rsquo;un double aimant pour retenir le clou dans<br \/>\ntoute position<br \/>\nFourni en blister avec 20 clous<\/p>\n","protected":false},"featured_media":243905,"template":"","meta":[],"product_cat":[673,685],"product_tag":[],"class_list":{"0":"post-144282","1":"product","2":"type-product","3":"status-publish","4":"has-post-thumbnail","6":"product_cat-decoupe","7":"product_cat-fingersafe-fr","9":"first","10":"instock","11":"sold-individually","12":"product-type-simple"},"yoast_head":"<title>Fingersafe | Fingersafe | D\u00e9coupe - Metrica<\/title>\n<meta name=\"description\" content=\"D\u00e9couvrez la collection de produits., Fingersafe - Fingersafe.Battichiodo magnetico salvadito per chiodi piccoli e grandi,Consente di piantare il chiodo sempre perpendicolare alla parete in totale . Consultez le catalogue sur le site officiel de Metrica\" \/>\n<meta name=\"robots\" content=\"index, follow, max-snippet:-1, max-image-preview:large, max-video-preview:-1\" \/>\n<link rel=\"canonical\" href=\"https:\/\/www.metrica.it\/fr\/produit\/fingersafe\/\" \/>\n<meta property=\"og:locale\" content=\"fr_FR\" \/>\n<meta property=\"og:type\" content=\"article\" \/>\n<meta property=\"og:title\" content=\"Fingersafe | Fingersafe | D\u00e9coupe - Metrica\" \/>\n<meta property=\"og:description\" content=\"D\u00e9couvrez la collection de produits., Fingersafe - Fingersafe.Battichiodo magnetico salvadito per chiodi piccoli e grandi,Consente di piantare il chiodo sempre perpendicolare alla parete in totale . Consultez le catalogue sur le site officiel de Metrica\" \/>\n<meta property=\"og:url\" content=\"https:\/\/www.metrica.it\/fr\/produit\/fingersafe\/\" \/>\n<meta property=\"og:site_name\" content=\"Metrica\" \/>\n<meta property=\"article:modified_time\" content=\"2025-06-03T14:14:03+00:00\" \/>\n<meta property=\"og:image\" content=\"https:\/\/www.metrica.it\/wp-content\/uploads\/2024\/09\/69997BN-2.jpg\" \/>\n\t<meta property=\"og:image:width\" content=\"1200\" \/>\n\t<meta property=\"og:image:height\" content=\"1200\" \/>\n\t<meta property=\"og:image:type\" content=\"image\/jpeg\" \/>\n<meta name=\"twitter:card\" content=\"summary_large_image\" \/>\n<meta name=\"twitter:label1\" content=\"Dur\u00e9e de lecture estim\u00e9e\" \/>\n\t<meta name=\"twitter:data1\" content=\"1 minute\" \/>\n<script type=\"application\/ld+json\" class=\"yoast-schema-graph\">{\"@context\":\"https:\\\/\\\/schema.org\",\"@graph\":[{\"@type\":\"WebPage\",\"@id\":\"https:\\\/\\\/www.metrica.it\\\/fr\\\/produit\\\/fingersafe\\\/\",\"url\":\"https:\\\/\\\/www.metrica.it\\\/fr\\\/produit\\\/fingersafe\\\/\",\"name\":\"Fingersafe | Fingersafe | D\u00e9coupe - Metrica\",\"isPartOf\":{\"@id\":\"https:\\\/\\\/www.metrica.it\\\/fr\\\/#website\"},\"primaryImageOfPage\":{\"@id\":\"https:\\\/\\\/www.metrica.it\\\/fr\\\/produit\\\/fingersafe\\\/#primaryimage\"},\"image\":{\"@id\":\"https:\\\/\\\/www.metrica.it\\\/fr\\\/produit\\\/fingersafe\\\/#primaryimage\"},\"thumbnailUrl\":\"https:\\\/\\\/www.metrica.it\\\/wp-content\\\/uploads\\\/2024\\\/09\\\/69997BN-2.jpg\",\"datePublished\":\"2024-09-16T09:57:24+00:00\",\"dateModified\":\"2025-06-03T14:14:03+00:00\",\"description\":\"D\u00e9couvrez la collection de produits., Fingersafe - Fingersafe.Battichiodo magnetico salvadito per chiodi piccoli e grandi,Consente di piantare il chiodo sempre perpendicolare alla parete in totale . Consultez le catalogue sur le site officiel de Metrica\",\"breadcrumb\":{\"@id\":\"https:\\\/\\\/www.metrica.it\\\/fr\\\/produit\\\/fingersafe\\\/#breadcrumb\"},\"inLanguage\":\"fr-FR\",\"potentialAction\":[{\"@type\":\"ReadAction\",\"target\":[\"https:\\\/\\\/www.metrica.it\\\/fr\\\/produit\\\/fingersafe\\\/\"]}]},{\"@type\":\"ImageObject\",\"inLanguage\":\"fr-FR\",\"@id\":\"https:\\\/\\\/www.metrica.it\\\/fr\\\/produit\\\/fingersafe\\\/#primaryimage\",\"url\":\"https:\\\/\\\/www.metrica.it\\\/wp-content\\\/uploads\\\/2024\\\/09\\\/69997BN-2.jpg\",\"contentUrl\":\"https:\\\/\\\/www.metrica.it\\\/wp-content\\\/uploads\\\/2024\\\/09\\\/69997BN-2.jpg\",\"width\":1200,\"height\":1200},{\"@type\":\"BreadcrumbList\",\"@id\":\"https:\\\/\\\/www.metrica.it\\\/fr\\\/produit\\\/fingersafe\\\/#breadcrumb\",\"itemListElement\":[{\"@type\":\"ListItem\",\"position\":1,\"name\":\"Home\",\"item\":\"https:\\\/\\\/www.metrica.it\\\/fr\\\/\"},{\"@type\":\"ListItem\",\"position\":2,\"name\":\"Catalogue\",\"item\":\"https:\\\/\\\/www.metrica.it\\\/fr\\\/catalogue\\\/\"},{\"@type\":\"ListItem\",\"position\":3,\"name\":\"Fingersafe\"}]},{\"@type\":\"WebSite\",\"@id\":\"https:\\\/\\\/www.metrica.it\\\/fr\\\/#website\",\"url\":\"https:\\\/\\\/www.metrica.it\\\/fr\\\/\",\"name\":\"Metrica\",\"description\":\"Made to measure\",\"potentialAction\":[{\"@type\":\"SearchAction\",\"target\":{\"@type\":\"EntryPoint\",\"urlTemplate\":\"https:\\\/\\\/www.metrica.it\\\/fr\\\/?s={search_term_string}\"},\"query-input\":{\"@type\":\"PropertyValueSpecification\",\"valueRequired\":true,\"valueName\":\"search_term_string\"}}],\"inLanguage\":\"fr-FR\"}]}<\/script>","yoast_head_json":{"title":"Fingersafe | Fingersafe | D\u00e9coupe - Metrica","description":"D\u00e9couvrez la collection de produits., Fingersafe - Fingersafe.Battichiodo magnetico salvadito per chiodi piccoli e grandi,Consente di piantare il chiodo sempre perpendicolare alla parete in totale . Consultez le catalogue sur le site officiel de Metrica","robots":{"index":"index","follow":"follow","max-snippet":"max-snippet:-1","max-image-preview":"max-image-preview:large","max-video-preview":"max-video-preview:-1"},"canonical":"https:\/\/www.metrica.it\/fr\/produit\/fingersafe\/","og_locale":"fr_FR","og_type":"article","og_title":"Fingersafe | Fingersafe | D\u00e9coupe - Metrica","og_description":"D\u00e9couvrez la collection de produits., Fingersafe - Fingersafe.Battichiodo magnetico salvadito per chiodi piccoli e grandi,Consente di piantare il chiodo sempre perpendicolare alla parete in totale . Consultez le catalogue sur le site officiel de Metrica","og_url":"https:\/\/www.metrica.it\/fr\/produit\/fingersafe\/","og_site_name":"Metrica","article_modified_time":"2025-06-03T14:14:03+00:00","og_image":[{"width":1200,"height":1200,"url":"https:\/\/www.metrica.it\/wp-content\/uploads\/2024\/09\/69997BN-2.jpg","type":"image\/jpeg"}],"twitter_card":"summary_large_image","twitter_misc":{"Dur\u00e9e de lecture estim\u00e9e":"1 minute"},"schema":{"@context":"https:\/\/schema.org","@graph":[{"@type":"WebPage","@id":"https:\/\/www.metrica.it\/fr\/produit\/fingersafe\/","url":"https:\/\/www.metrica.it\/fr\/produit\/fingersafe\/","name":"Fingersafe | Fingersafe | D\u00e9coupe - Metrica","isPartOf":{"@id":"https:\/\/www.metrica.it\/fr\/#website"},"primaryImageOfPage":{"@id":"https:\/\/www.metrica.it\/fr\/produit\/fingersafe\/#primaryimage"},"image":{"@id":"https:\/\/www.metrica.it\/fr\/produit\/fingersafe\/#primaryimage"},"thumbnailUrl":"https:\/\/www.metrica.it\/wp-content\/uploads\/2024\/09\/69997BN-2.jpg","datePublished":"2024-09-16T09:57:24+00:00","dateModified":"2025-06-03T14:14:03+00:00","description":"D\u00e9couvrez la collection de produits., Fingersafe - Fingersafe.Battichiodo magnetico salvadito per chiodi piccoli e grandi,Consente di piantare il chiodo sempre perpendicolare alla parete in totale . Consultez le catalogue sur le site officiel de Metrica","breadcrumb":{"@id":"https:\/\/www.metrica.it\/fr\/produit\/fingersafe\/#breadcrumb"},"inLanguage":"fr-FR","potentialAction":[{"@type":"ReadAction","target":["https:\/\/www.metrica.it\/fr\/produit\/fingersafe\/"]}]},{"@type":"ImageObject","inLanguage":"fr-FR","@id":"https:\/\/www.metrica.it\/fr\/produit\/fingersafe\/#primaryimage","url":"https:\/\/www.metrica.it\/wp-content\/uploads\/2024\/09\/69997BN-2.jpg","contentUrl":"https:\/\/www.metrica.it\/wp-content\/uploads\/2024\/09\/69997BN-2.jpg","width":1200,"height":1200},{"@type":"BreadcrumbList","@id":"https:\/\/www.metrica.it\/fr\/produit\/fingersafe\/#breadcrumb","itemListElement":[{"@type":"ListItem","position":1,"name":"Home","item":"https:\/\/www.metrica.it\/fr\/"},{"@type":"ListItem","position":2,"name":"Catalogue","item":"https:\/\/www.metrica.it\/fr\/catalogue\/"},{"@type":"ListItem","position":3,"name":"Fingersafe"}]},{"@type":"WebSite","@id":"https:\/\/www.metrica.it\/fr\/#website","url":"https:\/\/www.metrica.it\/fr\/","name":"Metrica","description":"Made to measure","potentialAction":[{"@type":"SearchAction","target":{"@type":"EntryPoint","urlTemplate":"https:\/\/www.metrica.it\/fr\/?s={search_term_string}"},"query-input":{"@type":"PropertyValueSpecification","valueRequired":true,"valueName":"search_term_string"}}],"inLanguage":"fr-FR"}]}},"meta_box":{"awr_documentation":[],"awr_manuale":[],"awr_scheda_tecnica":"","awr_youtube_video":"","awr_classe_prodotto":"","awr_customize_product":"1","awr_custom_image":{"width":96,"height":96,"file":"2024\/09\/69997BN_6.jpg","filesize":504011,"sizes":{"hongo-product-icon-image":{"file":"69997BN_6-64x64.jpg","width":64,"height":64,"mime-type":"image\/jpeg","filesize":30976,"url":"https:\/\/www.metrica.it\/wp-content\/uploads\/2024\/09\/69997BN_6-64x64.jpg"},"hongo-product-small-image":{"file":"69997BN_6-84x84.jpg","width":84,"height":84,"mime-type":"image\/jpeg","filesize":31504,"url":"https:\/\/www.metrica.it\/wp-content\/uploads\/2024\/09\/69997BN_6-84x84.jpg"},"hongo-medium-image":{"file":"69997BN_6-450x450.jpg","width":450,"height":450,"mime-type":"image\/jpeg","filesize":51909,"url":"https:\/\/www.metrica.it\/wp-content\/uploads\/2024\/09\/69997BN_6-450x450.jpg"},"post-thumbnail":{"file":"69997BN_6-790x790.jpg","width":790,"height":790,"mime-type":"image\/jpeg","filesize":82865,"url":"https:\/\/www.metrica.it\/wp-content\/uploads\/2024\/09\/69997BN_6-790x790.jpg"},"dgwt-wcas-product-suggestion":{"file":"69997BN_6-64x64.jpg","width":64,"height":64,"mime-type":"image\/jpeg","filesize":30976,"url":"https:\/\/www.metrica.it\/wp-content\/uploads\/2024\/09\/69997BN_6-64x64.jpg"},"hongo-shop-image":{"file":"69997BN_6-660x660.jpg","width":660,"height":660,"mime-type":"image\/jpeg","filesize":69464,"url":"https:\/\/www.metrica.it\/wp-content\/uploads\/2024\/09\/69997BN_6-660x660.jpg"}},"image_meta":{"aperture":"0","credit":"","camera":"","caption":"","created_timestamp":"0","copyright":"","focal_length":"0","iso":"0","shutter_speed":"0","title":"","orientation":"1","keywords":[]},"ID":"243920","name":"69997BN_6.jpg","path":"\/var\/www\/html\/wp-content\/uploads\/2024\/09\/69997BN_6.jpg","url":"https:\/\/www.metrica.it\/wp-content\/uploads\/2024\/09\/69997BN_6.jpg","full_url":"https:\/\/www.metrica.it\/wp-content\/uploads\/2024\/09\/69997BN_6.jpg","title":"69997BN_6","caption":"","description":"","alt":"","srcset":"https:\/\/www.metrica.it\/wp-content\/uploads\/2024\/09\/69997BN_6.jpg 1200w, https:\/\/www.metrica.it\/wp-content\/uploads\/2024\/09\/69997BN_6-64x64.jpg 64w, https:\/\/www.metrica.it\/wp-content\/uploads\/2024\/09\/69997BN_6-84x84.jpg 84w, https:\/\/www.metrica.it\/wp-content\/uploads\/2024\/09\/69997BN_6-450x450.jpg 450w, https:\/\/www.metrica.it\/wp-content\/uploads\/2024\/09\/69997BN_6-790x790.jpg 790w, https:\/\/www.metrica.it\/wp-content\/uploads\/2024\/09\/69997BN_6-660x660.jpg 660w"},"awr_related_products":[{"awr_product_name":"Fingersafe","awr_product_references":"ref:69997B|ean:8001066699971|num_pz_gdo:24"}],"awr_consumabili":"","awr_alternativi":"","awr_aliases":"69997B","awr_skuid":"69997-it"},"_links":{"self":[{"href":"https:\/\/www.metrica.it\/fr\/wp-json\/wp\/v2\/product\/144282","targetHints":{"allow":["GET"]}}],"collection":[{"href":"https:\/\/www.metrica.it\/fr\/wp-json\/wp\/v2\/product"}],"about":[{"href":"https:\/\/www.metrica.it\/fr\/wp-json\/wp\/v2\/types\/product"}],"wp:featuredmedia":[{"embeddable":true,"href":"https:\/\/www.metrica.it\/fr\/wp-json\/wp\/v2\/media\/243905"}],"wp:attachment":[{"href":"https:\/\/www.metrica.it\/fr\/wp-json\/wp\/v2\/media?parent=144282"}],"wp:term":[{"taxonomy":"product_cat","embeddable":true,"href":"https:\/\/www.metrica.it\/fr\/wp-json\/wp\/v2\/product_cat?post=144282"},{"taxonomy":"product_tag","embeddable":true,"href":"https:\/\/www.metrica.it\/fr\/wp-json\/wp\/v2\/product_tag?post=144282"}],"curies":[{"name":"wp","href":"https:\/\/api.w.org\/{rel}","templated":true}]}}