{"id":144343,"date":"2024-09-16T12:19:29","date_gmt":"2024-09-16T10:19:29","guid":{"rendered":"https:\/\/www.metrica.it\/prodotto\/jauge-parallele-de-tracage\/"},"modified":"2024-09-16T21:08:20","modified_gmt":"2024-09-16T19:08:20","slug":"jauge-parallele-de-tracage","status":"publish","type":"product","link":"https:\/\/www.metrica.it\/fr\/produit\/jauge-parallele-de-tracage\/","title":{"rendered":"Jauge Parall\u00e8le De Tra\u00e7age"},"content":{"rendered":"<ul>\n<li>Acier<\/li>\n<li>Lecture 0,1 mm<\/li>\n<li>\u00c9chelle gradu\u00e9e grav\u00e9e<\/li>\n<li>Vis de blocage<\/li>\n<\/ul>\n","protected":false},"excerpt":{"rendered":"<p>Acier<br \/>Lecture 0,1 mm<br \/>\u00c9chelle gradu\u00e9e grav\u00e9e<br \/>Vis de blocage<\/p>\n","protected":false},"featured_media":130114,"template":"","meta":[],"product_cat":[637,621],"product_tag":[],"class_list":{"0":"post-144343","1":"product","2":"type-product","3":"status-publish","4":"has-post-thumbnail","6":"product_cat-equerres-fr","7":"product_cat-mesures-dangles","9":"first","10":"instock","11":"sold-individually","12":"product-type-simple"},"yoast_head":"<title>Squadra A Battente Per Tracciare | \u00c9querres | Rapporteurs d\u2019Angle - Metrica<\/title>\n<meta name=\"description\" content=\"D\u00e9couvrez la collection de produits., Squadra A Battente Per Tracciare - \u00c9querres.In acciaio,Lettura 0,1 mm,Scala graduata incisa . Consultez le catalogue sur le site officiel de Metrica\" \/>\n<meta name=\"robots\" content=\"index, follow, max-snippet:-1, max-image-preview:large, max-video-preview:-1\" \/>\n<link rel=\"canonical\" href=\"https:\/\/www.metrica.it\/fr\/produit\/jauge-parallele-de-tracage\/\" \/>\n<meta property=\"og:locale\" content=\"fr_FR\" \/>\n<meta property=\"og:type\" content=\"article\" \/>\n<meta property=\"og:title\" content=\"Squadra A Battente Per Tracciare | \u00c9querres | Rapporteurs d\u2019Angle - Metrica\" \/>\n<meta property=\"og:description\" content=\"D\u00e9couvrez la collection de produits., Squadra A Battente Per Tracciare - \u00c9querres.In acciaio,Lettura 0,1 mm,Scala graduata incisa . Consultez le catalogue sur le site officiel de Metrica\" \/>\n<meta property=\"og:url\" content=\"https:\/\/www.metrica.it\/fr\/produit\/jauge-parallele-de-tracage\/\" \/>\n<meta property=\"og:site_name\" content=\"Metrica\" \/>\n<meta property=\"article:modified_time\" content=\"2024-09-16T19:08:20+00:00\" \/>\n<meta property=\"og:image\" content=\"https:\/\/www.metrica.it\/wp-content\/uploads\/2024\/06\/29263.jpg\" \/>\n\t<meta property=\"og:image:width\" content=\"800\" \/>\n\t<meta property=\"og:image:height\" content=\"800\" \/>\n\t<meta property=\"og:image:type\" content=\"image\/jpeg\" \/>\n<meta name=\"twitter:card\" content=\"summary_large_image\" \/>\n<script type=\"application\/ld+json\" class=\"yoast-schema-graph\">{\"@context\":\"https:\\\/\\\/schema.org\",\"@graph\":[{\"@type\":\"WebPage\",\"@id\":\"https:\\\/\\\/www.metrica.it\\\/fr\\\/produit\\\/jauge-parallele-de-tracage\\\/\",\"url\":\"https:\\\/\\\/www.metrica.it\\\/fr\\\/produit\\\/jauge-parallele-de-tracage\\\/\",\"name\":\"Squadra A Battente Per Tracciare | \u00c9querres | Rapporteurs d\u2019Angle - Metrica\",\"isPartOf\":{\"@id\":\"https:\\\/\\\/www.metrica.it\\\/fr\\\/#website\"},\"primaryImageOfPage\":{\"@id\":\"https:\\\/\\\/www.metrica.it\\\/fr\\\/produit\\\/jauge-parallele-de-tracage\\\/#primaryimage\"},\"image\":{\"@id\":\"https:\\\/\\\/www.metrica.it\\\/fr\\\/produit\\\/jauge-parallele-de-tracage\\\/#primaryimage\"},\"thumbnailUrl\":\"https:\\\/\\\/www.metrica.it\\\/wp-content\\\/uploads\\\/2024\\\/06\\\/29263.jpg\",\"datePublished\":\"2024-09-16T10:19:29+00:00\",\"dateModified\":\"2024-09-16T19:08:20+00:00\",\"description\":\"D\u00e9couvrez la collection de produits., Squadra A Battente Per Tracciare - \u00c9querres.In acciaio,Lettura 0,1 mm,Scala graduata incisa . Consultez le catalogue sur le site officiel de Metrica\",\"breadcrumb\":{\"@id\":\"https:\\\/\\\/www.metrica.it\\\/fr\\\/produit\\\/jauge-parallele-de-tracage\\\/#breadcrumb\"},\"inLanguage\":\"fr-FR\",\"potentialAction\":[{\"@type\":\"ReadAction\",\"target\":[\"https:\\\/\\\/www.metrica.it\\\/fr\\\/produit\\\/jauge-parallele-de-tracage\\\/\"]}]},{\"@type\":\"ImageObject\",\"inLanguage\":\"fr-FR\",\"@id\":\"https:\\\/\\\/www.metrica.it\\\/fr\\\/produit\\\/jauge-parallele-de-tracage\\\/#primaryimage\",\"url\":\"https:\\\/\\\/www.metrica.it\\\/wp-content\\\/uploads\\\/2024\\\/06\\\/29263.jpg\",\"contentUrl\":\"https:\\\/\\\/www.metrica.it\\\/wp-content\\\/uploads\\\/2024\\\/06\\\/29263.jpg\",\"width\":800,\"height\":800},{\"@type\":\"BreadcrumbList\",\"@id\":\"https:\\\/\\\/www.metrica.it\\\/fr\\\/produit\\\/jauge-parallele-de-tracage\\\/#breadcrumb\",\"itemListElement\":[{\"@type\":\"ListItem\",\"position\":1,\"name\":\"Home\",\"item\":\"https:\\\/\\\/www.metrica.it\\\/fr\\\/\"},{\"@type\":\"ListItem\",\"position\":2,\"name\":\"Catalogue\",\"item\":\"https:\\\/\\\/www.metrica.it\\\/fr\\\/catalogue\\\/\"},{\"@type\":\"ListItem\",\"position\":3,\"name\":\"Jauge Parall\u00e8le De Tra\u00e7age\"}]},{\"@type\":\"WebSite\",\"@id\":\"https:\\\/\\\/www.metrica.it\\\/fr\\\/#website\",\"url\":\"https:\\\/\\\/www.metrica.it\\\/fr\\\/\",\"name\":\"Metrica\",\"description\":\"Made to measure\",\"potentialAction\":[{\"@type\":\"SearchAction\",\"target\":{\"@type\":\"EntryPoint\",\"urlTemplate\":\"https:\\\/\\\/www.metrica.it\\\/fr\\\/?s={search_term_string}\"},\"query-input\":{\"@type\":\"PropertyValueSpecification\",\"valueRequired\":true,\"valueName\":\"search_term_string\"}}],\"inLanguage\":\"fr-FR\"}]}<\/script>","yoast_head_json":{"title":"Squadra A Battente Per Tracciare | \u00c9querres | Rapporteurs d\u2019Angle - Metrica","description":"D\u00e9couvrez la collection de produits., Squadra A Battente Per Tracciare - \u00c9querres.In acciaio,Lettura 0,1 mm,Scala graduata incisa . Consultez le catalogue sur le site officiel de Metrica","robots":{"index":"index","follow":"follow","max-snippet":"max-snippet:-1","max-image-preview":"max-image-preview:large","max-video-preview":"max-video-preview:-1"},"canonical":"https:\/\/www.metrica.it\/fr\/produit\/jauge-parallele-de-tracage\/","og_locale":"fr_FR","og_type":"article","og_title":"Squadra A Battente Per Tracciare | \u00c9querres | Rapporteurs d\u2019Angle - Metrica","og_description":"D\u00e9couvrez la collection de produits., Squadra A Battente Per Tracciare - \u00c9querres.In acciaio,Lettura 0,1 mm,Scala graduata incisa . Consultez le catalogue sur le site officiel de Metrica","og_url":"https:\/\/www.metrica.it\/fr\/produit\/jauge-parallele-de-tracage\/","og_site_name":"Metrica","article_modified_time":"2024-09-16T19:08:20+00:00","og_image":[{"width":800,"height":800,"url":"https:\/\/www.metrica.it\/wp-content\/uploads\/2024\/06\/29263.jpg","type":"image\/jpeg"}],"twitter_card":"summary_large_image","schema":{"@context":"https:\/\/schema.org","@graph":[{"@type":"WebPage","@id":"https:\/\/www.metrica.it\/fr\/produit\/jauge-parallele-de-tracage\/","url":"https:\/\/www.metrica.it\/fr\/produit\/jauge-parallele-de-tracage\/","name":"Squadra A Battente Per Tracciare | \u00c9querres | Rapporteurs d\u2019Angle - Metrica","isPartOf":{"@id":"https:\/\/www.metrica.it\/fr\/#website"},"primaryImageOfPage":{"@id":"https:\/\/www.metrica.it\/fr\/produit\/jauge-parallele-de-tracage\/#primaryimage"},"image":{"@id":"https:\/\/www.metrica.it\/fr\/produit\/jauge-parallele-de-tracage\/#primaryimage"},"thumbnailUrl":"https:\/\/www.metrica.it\/wp-content\/uploads\/2024\/06\/29263.jpg","datePublished":"2024-09-16T10:19:29+00:00","dateModified":"2024-09-16T19:08:20+00:00","description":"D\u00e9couvrez la collection de produits., Squadra A Battente Per Tracciare - \u00c9querres.In acciaio,Lettura 0,1 mm,Scala graduata incisa . Consultez le catalogue sur le site officiel de Metrica","breadcrumb":{"@id":"https:\/\/www.metrica.it\/fr\/produit\/jauge-parallele-de-tracage\/#breadcrumb"},"inLanguage":"fr-FR","potentialAction":[{"@type":"ReadAction","target":["https:\/\/www.metrica.it\/fr\/produit\/jauge-parallele-de-tracage\/"]}]},{"@type":"ImageObject","inLanguage":"fr-FR","@id":"https:\/\/www.metrica.it\/fr\/produit\/jauge-parallele-de-tracage\/#primaryimage","url":"https:\/\/www.metrica.it\/wp-content\/uploads\/2024\/06\/29263.jpg","contentUrl":"https:\/\/www.metrica.it\/wp-content\/uploads\/2024\/06\/29263.jpg","width":800,"height":800},{"@type":"BreadcrumbList","@id":"https:\/\/www.metrica.it\/fr\/produit\/jauge-parallele-de-tracage\/#breadcrumb","itemListElement":[{"@type":"ListItem","position":1,"name":"Home","item":"https:\/\/www.metrica.it\/fr\/"},{"@type":"ListItem","position":2,"name":"Catalogue","item":"https:\/\/www.metrica.it\/fr\/catalogue\/"},{"@type":"ListItem","position":3,"name":"Jauge Parall\u00e8le De Tra\u00e7age"}]},{"@type":"WebSite","@id":"https:\/\/www.metrica.it\/fr\/#website","url":"https:\/\/www.metrica.it\/fr\/","name":"Metrica","description":"Made to measure","potentialAction":[{"@type":"SearchAction","target":{"@type":"EntryPoint","urlTemplate":"https:\/\/www.metrica.it\/fr\/?s={search_term_string}"},"query-input":{"@type":"PropertyValueSpecification","valueRequired":true,"valueName":"search_term_string"}}],"inLanguage":"fr-FR"}]}},"meta_box":{"awr_documentation":[],"awr_manuale":[],"awr_scheda_tecnica":"","awr_youtube_video":"","awr_classe_prodotto":"","awr_customize_product":"0","awr_custom_image":false,"awr_related_products":[{"awr_product_name":"Squadra A Battente Per Tracciare","awr_product_references":"ref:29263|ean:8001066292639|l_mm:200|pack:1"},{"awr_product_name":"Squadra A Battente Per Tracciare","awr_product_references":"ref:29264|ean:8001066292646|l_mm:250|pack:1"},{"awr_product_name":"Squadra A Battente Per Tracciare","awr_product_references":"ref:29265|ean:8001066292653|l_mm:300|pack:1"}],"awr_consumabili":"","awr_alternativi":"","awr_aliases":"29263,29264,29265","awr_skuid":"29263-it"},"_links":{"self":[{"href":"https:\/\/www.metrica.it\/fr\/wp-json\/wp\/v2\/product\/144343","targetHints":{"allow":["GET"]}}],"collection":[{"href":"https:\/\/www.metrica.it\/fr\/wp-json\/wp\/v2\/product"}],"about":[{"href":"https:\/\/www.metrica.it\/fr\/wp-json\/wp\/v2\/types\/product"}],"wp:featuredmedia":[{"embeddable":true,"href":"https:\/\/www.metrica.it\/fr\/wp-json\/wp\/v2\/media\/130114"}],"wp:attachment":[{"href":"https:\/\/www.metrica.it\/fr\/wp-json\/wp\/v2\/media?parent=144343"}],"wp:term":[{"taxonomy":"product_cat","embeddable":true,"href":"https:\/\/www.metrica.it\/fr\/wp-json\/wp\/v2\/product_cat?post=144343"},{"taxonomy":"product_tag","embeddable":true,"href":"https:\/\/www.metrica.it\/fr\/wp-json\/wp\/v2\/product_tag?post=144343"}],"curies":[{"name":"wp","href":"https:\/\/api.w.org\/{rel}","templated":true}]}}