{"id":144353,"date":"2024-09-16T12:13:26","date_gmt":"2024-09-16T10:13:26","guid":{"rendered":"https:\/\/www.metrica.it\/prodotto\/micrometre-pour-engrenages\/"},"modified":"2024-09-16T21:01:17","modified_gmt":"2024-09-16T19:01:17","slug":"micrometre-pour-engrenages","status":"publish","type":"product","link":"https:\/\/www.metrica.it\/fr\/produit\/micrometre-pour-engrenages\/","title":{"rendered":"Microm\u00e8tre Pour Engrenages"},"content":{"rendered":"<ul>\n<li>Pour engrenages<\/li>\n<li>Col de cygne \u00e9maill\u00e9<\/li>\n<li>En \u00e9tui ABS<\/li>\n<\/ul>\n","protected":false},"excerpt":{"rendered":"<p>Pour engrenages<br \/>Col de cygne \u00e9maill\u00e9<br \/>En \u00e9tui ABS<\/p>\n","protected":false},"featured_media":119073,"template":"","meta":[],"product_cat":[641,661],"product_tag":[],"class_list":{"0":"post-144353","1":"product","2":"type-product","3":"status-publish","4":"has-post-thumbnail","6":"product_cat-mesures-mecaniques","7":"product_cat-micrometres","9":"first","10":"instock","11":"sold-individually","12":"product-type-simple"},"yoast_head":"<title>Micrometro Per Ingranaggi | Microm\u00e8tres | Mesures M\u00e9caniques - Metrica<\/title>\n<meta name=\"description\" content=\"D\u00e9couvrez la collection de produits., Micrometro Per Ingranaggi - Microm\u00e8tres.Per ingranaggi,Arco verniciato,Astuccio in ABS . Consultez le catalogue sur le site officiel de Metrica\" \/>\n<meta name=\"robots\" content=\"index, follow, max-snippet:-1, max-image-preview:large, max-video-preview:-1\" \/>\n<link rel=\"canonical\" href=\"https:\/\/www.metrica.it\/fr\/produit\/micrometre-pour-engrenages\/\" \/>\n<meta property=\"og:locale\" content=\"fr_FR\" \/>\n<meta property=\"og:type\" content=\"article\" \/>\n<meta property=\"og:title\" content=\"Micrometro Per Ingranaggi | Microm\u00e8tres | Mesures M\u00e9caniques - Metrica\" \/>\n<meta property=\"og:description\" content=\"D\u00e9couvrez la collection de produits., Micrometro Per Ingranaggi - Microm\u00e8tres.Per ingranaggi,Arco verniciato,Astuccio in ABS . Consultez le catalogue sur le site officiel de Metrica\" \/>\n<meta property=\"og:url\" content=\"https:\/\/www.metrica.it\/fr\/produit\/micrometre-pour-engrenages\/\" \/>\n<meta property=\"og:site_name\" content=\"Metrica\" \/>\n<meta property=\"article:modified_time\" content=\"2024-09-16T19:01:17+00:00\" \/>\n<meta property=\"og:image\" content=\"https:\/\/www.metrica.it\/wp-content\/uploads\/2024\/05\/44021.jpg\" \/>\n\t<meta property=\"og:image:width\" content=\"800\" \/>\n\t<meta property=\"og:image:height\" content=\"800\" \/>\n\t<meta property=\"og:image:type\" content=\"image\/jpeg\" \/>\n<meta name=\"twitter:card\" content=\"summary_large_image\" \/>\n<script type=\"application\/ld+json\" class=\"yoast-schema-graph\">{\"@context\":\"https:\\\/\\\/schema.org\",\"@graph\":[{\"@type\":\"WebPage\",\"@id\":\"https:\\\/\\\/www.metrica.it\\\/fr\\\/produit\\\/micrometre-pour-engrenages\\\/\",\"url\":\"https:\\\/\\\/www.metrica.it\\\/fr\\\/produit\\\/micrometre-pour-engrenages\\\/\",\"name\":\"Micrometro Per Ingranaggi | Microm\u00e8tres | Mesures M\u00e9caniques - Metrica\",\"isPartOf\":{\"@id\":\"https:\\\/\\\/www.metrica.it\\\/fr\\\/#website\"},\"primaryImageOfPage\":{\"@id\":\"https:\\\/\\\/www.metrica.it\\\/fr\\\/produit\\\/micrometre-pour-engrenages\\\/#primaryimage\"},\"image\":{\"@id\":\"https:\\\/\\\/www.metrica.it\\\/fr\\\/produit\\\/micrometre-pour-engrenages\\\/#primaryimage\"},\"thumbnailUrl\":\"https:\\\/\\\/www.metrica.it\\\/wp-content\\\/uploads\\\/2024\\\/05\\\/44021.jpg\",\"datePublished\":\"2024-09-16T10:13:26+00:00\",\"dateModified\":\"2024-09-16T19:01:17+00:00\",\"description\":\"D\u00e9couvrez la collection de produits., Micrometro Per Ingranaggi - Microm\u00e8tres.Per ingranaggi,Arco verniciato,Astuccio in ABS . Consultez le catalogue sur le site officiel de Metrica\",\"breadcrumb\":{\"@id\":\"https:\\\/\\\/www.metrica.it\\\/fr\\\/produit\\\/micrometre-pour-engrenages\\\/#breadcrumb\"},\"inLanguage\":\"fr-FR\",\"potentialAction\":[{\"@type\":\"ReadAction\",\"target\":[\"https:\\\/\\\/www.metrica.it\\\/fr\\\/produit\\\/micrometre-pour-engrenages\\\/\"]}]},{\"@type\":\"ImageObject\",\"inLanguage\":\"fr-FR\",\"@id\":\"https:\\\/\\\/www.metrica.it\\\/fr\\\/produit\\\/micrometre-pour-engrenages\\\/#primaryimage\",\"url\":\"https:\\\/\\\/www.metrica.it\\\/wp-content\\\/uploads\\\/2024\\\/05\\\/44021.jpg\",\"contentUrl\":\"https:\\\/\\\/www.metrica.it\\\/wp-content\\\/uploads\\\/2024\\\/05\\\/44021.jpg\",\"width\":800,\"height\":800},{\"@type\":\"BreadcrumbList\",\"@id\":\"https:\\\/\\\/www.metrica.it\\\/fr\\\/produit\\\/micrometre-pour-engrenages\\\/#breadcrumb\",\"itemListElement\":[{\"@type\":\"ListItem\",\"position\":1,\"name\":\"Home\",\"item\":\"https:\\\/\\\/www.metrica.it\\\/fr\\\/\"},{\"@type\":\"ListItem\",\"position\":2,\"name\":\"Catalogue\",\"item\":\"https:\\\/\\\/www.metrica.it\\\/fr\\\/catalogue\\\/\"},{\"@type\":\"ListItem\",\"position\":3,\"name\":\"Microm\u00e8tre Pour Engrenages\"}]},{\"@type\":\"WebSite\",\"@id\":\"https:\\\/\\\/www.metrica.it\\\/fr\\\/#website\",\"url\":\"https:\\\/\\\/www.metrica.it\\\/fr\\\/\",\"name\":\"Metrica\",\"description\":\"Made to measure\",\"potentialAction\":[{\"@type\":\"SearchAction\",\"target\":{\"@type\":\"EntryPoint\",\"urlTemplate\":\"https:\\\/\\\/www.metrica.it\\\/fr\\\/?s={search_term_string}\"},\"query-input\":{\"@type\":\"PropertyValueSpecification\",\"valueRequired\":true,\"valueName\":\"search_term_string\"}}],\"inLanguage\":\"fr-FR\"}]}<\/script>","yoast_head_json":{"title":"Micrometro Per Ingranaggi | Microm\u00e8tres | Mesures M\u00e9caniques - Metrica","description":"D\u00e9couvrez la collection de produits., Micrometro Per Ingranaggi - Microm\u00e8tres.Per ingranaggi,Arco verniciato,Astuccio in ABS . Consultez le catalogue sur le site officiel de Metrica","robots":{"index":"index","follow":"follow","max-snippet":"max-snippet:-1","max-image-preview":"max-image-preview:large","max-video-preview":"max-video-preview:-1"},"canonical":"https:\/\/www.metrica.it\/fr\/produit\/micrometre-pour-engrenages\/","og_locale":"fr_FR","og_type":"article","og_title":"Micrometro Per Ingranaggi | Microm\u00e8tres | Mesures M\u00e9caniques - Metrica","og_description":"D\u00e9couvrez la collection de produits., Micrometro Per Ingranaggi - Microm\u00e8tres.Per ingranaggi,Arco verniciato,Astuccio in ABS . Consultez le catalogue sur le site officiel de Metrica","og_url":"https:\/\/www.metrica.it\/fr\/produit\/micrometre-pour-engrenages\/","og_site_name":"Metrica","article_modified_time":"2024-09-16T19:01:17+00:00","og_image":[{"width":800,"height":800,"url":"https:\/\/www.metrica.it\/wp-content\/uploads\/2024\/05\/44021.jpg","type":"image\/jpeg"}],"twitter_card":"summary_large_image","schema":{"@context":"https:\/\/schema.org","@graph":[{"@type":"WebPage","@id":"https:\/\/www.metrica.it\/fr\/produit\/micrometre-pour-engrenages\/","url":"https:\/\/www.metrica.it\/fr\/produit\/micrometre-pour-engrenages\/","name":"Micrometro Per Ingranaggi | Microm\u00e8tres | Mesures M\u00e9caniques - Metrica","isPartOf":{"@id":"https:\/\/www.metrica.it\/fr\/#website"},"primaryImageOfPage":{"@id":"https:\/\/www.metrica.it\/fr\/produit\/micrometre-pour-engrenages\/#primaryimage"},"image":{"@id":"https:\/\/www.metrica.it\/fr\/produit\/micrometre-pour-engrenages\/#primaryimage"},"thumbnailUrl":"https:\/\/www.metrica.it\/wp-content\/uploads\/2024\/05\/44021.jpg","datePublished":"2024-09-16T10:13:26+00:00","dateModified":"2024-09-16T19:01:17+00:00","description":"D\u00e9couvrez la collection de produits., Micrometro Per Ingranaggi - Microm\u00e8tres.Per ingranaggi,Arco verniciato,Astuccio in ABS . Consultez le catalogue sur le site officiel de Metrica","breadcrumb":{"@id":"https:\/\/www.metrica.it\/fr\/produit\/micrometre-pour-engrenages\/#breadcrumb"},"inLanguage":"fr-FR","potentialAction":[{"@type":"ReadAction","target":["https:\/\/www.metrica.it\/fr\/produit\/micrometre-pour-engrenages\/"]}]},{"@type":"ImageObject","inLanguage":"fr-FR","@id":"https:\/\/www.metrica.it\/fr\/produit\/micrometre-pour-engrenages\/#primaryimage","url":"https:\/\/www.metrica.it\/wp-content\/uploads\/2024\/05\/44021.jpg","contentUrl":"https:\/\/www.metrica.it\/wp-content\/uploads\/2024\/05\/44021.jpg","width":800,"height":800},{"@type":"BreadcrumbList","@id":"https:\/\/www.metrica.it\/fr\/produit\/micrometre-pour-engrenages\/#breadcrumb","itemListElement":[{"@type":"ListItem","position":1,"name":"Home","item":"https:\/\/www.metrica.it\/fr\/"},{"@type":"ListItem","position":2,"name":"Catalogue","item":"https:\/\/www.metrica.it\/fr\/catalogue\/"},{"@type":"ListItem","position":3,"name":"Microm\u00e8tre Pour Engrenages"}]},{"@type":"WebSite","@id":"https:\/\/www.metrica.it\/fr\/#website","url":"https:\/\/www.metrica.it\/fr\/","name":"Metrica","description":"Made to measure","potentialAction":[{"@type":"SearchAction","target":{"@type":"EntryPoint","urlTemplate":"https:\/\/www.metrica.it\/fr\/?s={search_term_string}"},"query-input":{"@type":"PropertyValueSpecification","valueRequired":true,"valueName":"search_term_string"}}],"inLanguage":"fr-FR"}]}},"meta_box":{"awr_documentation":[],"awr_manuale":[],"awr_scheda_tecnica":"","awr_youtube_video":"","awr_classe_prodotto":"","awr_customize_product":"0","awr_custom_image":false,"awr_related_products":[{"awr_product_name":"Micrometro Per Ingranaggi","awr_product_references":"ref:44021|ean:8001066440214|a_mm:0 - 25|unit_misura_mm_mm:0.01|pack:1"}],"awr_consumabili":"","awr_alternativi":"","awr_aliases":"44021","awr_skuid":"44021-it"},"_links":{"self":[{"href":"https:\/\/www.metrica.it\/fr\/wp-json\/wp\/v2\/product\/144353","targetHints":{"allow":["GET"]}}],"collection":[{"href":"https:\/\/www.metrica.it\/fr\/wp-json\/wp\/v2\/product"}],"about":[{"href":"https:\/\/www.metrica.it\/fr\/wp-json\/wp\/v2\/types\/product"}],"wp:featuredmedia":[{"embeddable":true,"href":"https:\/\/www.metrica.it\/fr\/wp-json\/wp\/v2\/media\/119073"}],"wp:attachment":[{"href":"https:\/\/www.metrica.it\/fr\/wp-json\/wp\/v2\/media?parent=144353"}],"wp:term":[{"taxonomy":"product_cat","embeddable":true,"href":"https:\/\/www.metrica.it\/fr\/wp-json\/wp\/v2\/product_cat?post=144353"},{"taxonomy":"product_tag","embeddable":true,"href":"https:\/\/www.metrica.it\/fr\/wp-json\/wp\/v2\/product_tag?post=144353"}],"curies":[{"name":"wp","href":"https:\/\/api.w.org\/{rel}","templated":true}]}}