{"id":144438,"date":"2024-09-16T12:00:12","date_gmt":"2024-09-16T10:00:12","guid":{"rendered":"https:\/\/www.metrica.it\/prodotto\/comparateur-millesimal\/"},"modified":"2024-09-16T20:47:53","modified_gmt":"2024-09-16T18:47:53","slug":"comparateur-millesimal","status":"publish","type":"product","link":"https:\/\/www.metrica.it\/fr\/produit\/comparateur-millesimal\/","title":{"rendered":"Comparateur Mill\u00e9simal"},"content":{"rendered":"<ul>\n<li>Comparator haute sensibilit\u00e9 Lecture 1\/1000 mm<\/li>\n<li>Touche de blocage<\/li>\n<li>Cadran r\u00e9glable avec fl \u00e8ches de tol\u00e9rance<\/li>\n<li>\u00c9tui en ABS<\/li>\n<\/ul>\n","protected":false},"excerpt":{"rendered":"<p>Comparator haute sensibilit\u00e9 Lecture 1\/1000 mm<br \/>Touche de blocage<br \/>Cadran r\u00e9glable avec fl \u00e8ches de tol\u00e9rance<br \/>\u00c9tui en ABS<\/p>\n","protected":false},"featured_media":131669,"template":"","meta":[],"product_cat":[653,641],"product_tag":[],"class_list":{"0":"post-144438","1":"product","2":"type-product","3":"status-publish","4":"has-post-thumbnail","6":"product_cat-comparateurs","7":"product_cat-mesures-mecaniques","9":"first","10":"instock","11":"sold-individually","12":"product-type-simple"},"yoast_head":"<title>Comparatore Millesimale | Comparateurs | Mesures M\u00e9caniques - Metrica<\/title>\n<meta name=\"description\" content=\"D\u00e9couvrez la collection de produits., Comparatore Millesimale - Comparateurs.Comparatore millesimale ad alta sensibilit&agrave;,Bottone di bloccaggio,Quadrante girevole con indici di tolleranza . Consultez le catalogue sur le site officiel de Metrica\" \/>\n<meta name=\"robots\" content=\"index, follow, max-snippet:-1, max-image-preview:large, max-video-preview:-1\" \/>\n<link rel=\"canonical\" href=\"https:\/\/www.metrica.it\/fr\/produit\/comparateur-millesimal\/\" \/>\n<meta property=\"og:locale\" content=\"fr_FR\" \/>\n<meta property=\"og:type\" content=\"article\" \/>\n<meta property=\"og:title\" content=\"Comparatore Millesimale | Comparateurs | Mesures M\u00e9caniques - Metrica\" \/>\n<meta property=\"og:description\" content=\"D\u00e9couvrez la collection de produits., Comparatore Millesimale - Comparateurs.Comparatore millesimale ad alta sensibilit&agrave;,Bottone di bloccaggio,Quadrante girevole con indici di tolleranza . Consultez le catalogue sur le site officiel de Metrica\" \/>\n<meta property=\"og:url\" content=\"https:\/\/www.metrica.it\/fr\/produit\/comparateur-millesimal\/\" \/>\n<meta property=\"og:site_name\" content=\"Metrica\" \/>\n<meta property=\"article:modified_time\" content=\"2024-09-16T18:47:53+00:00\" \/>\n<meta property=\"og:image\" content=\"https:\/\/www.metrica.it\/wp-content\/uploads\/2024\/06\/41027_1.jpg\" \/>\n\t<meta property=\"og:image:width\" content=\"800\" \/>\n\t<meta property=\"og:image:height\" content=\"800\" \/>\n\t<meta property=\"og:image:type\" content=\"image\/jpeg\" \/>\n<meta name=\"twitter:card\" content=\"summary_large_image\" \/>\n<script type=\"application\/ld+json\" class=\"yoast-schema-graph\">{\"@context\":\"https:\\\/\\\/schema.org\",\"@graph\":[{\"@type\":\"WebPage\",\"@id\":\"https:\\\/\\\/www.metrica.it\\\/fr\\\/produit\\\/comparateur-millesimal\\\/\",\"url\":\"https:\\\/\\\/www.metrica.it\\\/fr\\\/produit\\\/comparateur-millesimal\\\/\",\"name\":\"Comparatore Millesimale | Comparateurs | Mesures M\u00e9caniques - Metrica\",\"isPartOf\":{\"@id\":\"https:\\\/\\\/www.metrica.it\\\/fr\\\/#website\"},\"primaryImageOfPage\":{\"@id\":\"https:\\\/\\\/www.metrica.it\\\/fr\\\/produit\\\/comparateur-millesimal\\\/#primaryimage\"},\"image\":{\"@id\":\"https:\\\/\\\/www.metrica.it\\\/fr\\\/produit\\\/comparateur-millesimal\\\/#primaryimage\"},\"thumbnailUrl\":\"https:\\\/\\\/www.metrica.it\\\/wp-content\\\/uploads\\\/2024\\\/06\\\/41027_1.jpg\",\"datePublished\":\"2024-09-16T10:00:12+00:00\",\"dateModified\":\"2024-09-16T18:47:53+00:00\",\"description\":\"D\u00e9couvrez la collection de produits., Comparatore Millesimale - Comparateurs.Comparatore millesimale ad alta sensibilit&agrave;,Bottone di bloccaggio,Quadrante girevole con indici di tolleranza . Consultez le catalogue sur le site officiel de Metrica\",\"breadcrumb\":{\"@id\":\"https:\\\/\\\/www.metrica.it\\\/fr\\\/produit\\\/comparateur-millesimal\\\/#breadcrumb\"},\"inLanguage\":\"fr-FR\",\"potentialAction\":[{\"@type\":\"ReadAction\",\"target\":[\"https:\\\/\\\/www.metrica.it\\\/fr\\\/produit\\\/comparateur-millesimal\\\/\"]}]},{\"@type\":\"ImageObject\",\"inLanguage\":\"fr-FR\",\"@id\":\"https:\\\/\\\/www.metrica.it\\\/fr\\\/produit\\\/comparateur-millesimal\\\/#primaryimage\",\"url\":\"https:\\\/\\\/www.metrica.it\\\/wp-content\\\/uploads\\\/2024\\\/06\\\/41027_1.jpg\",\"contentUrl\":\"https:\\\/\\\/www.metrica.it\\\/wp-content\\\/uploads\\\/2024\\\/06\\\/41027_1.jpg\",\"width\":800,\"height\":800},{\"@type\":\"BreadcrumbList\",\"@id\":\"https:\\\/\\\/www.metrica.it\\\/fr\\\/produit\\\/comparateur-millesimal\\\/#breadcrumb\",\"itemListElement\":[{\"@type\":\"ListItem\",\"position\":1,\"name\":\"Home\",\"item\":\"https:\\\/\\\/www.metrica.it\\\/fr\\\/\"},{\"@type\":\"ListItem\",\"position\":2,\"name\":\"Catalogue\",\"item\":\"https:\\\/\\\/www.metrica.it\\\/fr\\\/catalogue\\\/\"},{\"@type\":\"ListItem\",\"position\":3,\"name\":\"Comparateur Mill\u00e9simal\"}]},{\"@type\":\"WebSite\",\"@id\":\"https:\\\/\\\/www.metrica.it\\\/fr\\\/#website\",\"url\":\"https:\\\/\\\/www.metrica.it\\\/fr\\\/\",\"name\":\"Metrica\",\"description\":\"Made to measure\",\"potentialAction\":[{\"@type\":\"SearchAction\",\"target\":{\"@type\":\"EntryPoint\",\"urlTemplate\":\"https:\\\/\\\/www.metrica.it\\\/fr\\\/?s={search_term_string}\"},\"query-input\":{\"@type\":\"PropertyValueSpecification\",\"valueRequired\":true,\"valueName\":\"search_term_string\"}}],\"inLanguage\":\"fr-FR\"}]}<\/script>","yoast_head_json":{"title":"Comparatore Millesimale | Comparateurs | Mesures M\u00e9caniques - Metrica","description":"D\u00e9couvrez la collection de produits., Comparatore Millesimale - Comparateurs.Comparatore millesimale ad alta sensibilit&agrave;,Bottone di bloccaggio,Quadrante girevole con indici di tolleranza . Consultez le catalogue sur le site officiel de Metrica","robots":{"index":"index","follow":"follow","max-snippet":"max-snippet:-1","max-image-preview":"max-image-preview:large","max-video-preview":"max-video-preview:-1"},"canonical":"https:\/\/www.metrica.it\/fr\/produit\/comparateur-millesimal\/","og_locale":"fr_FR","og_type":"article","og_title":"Comparatore Millesimale | Comparateurs | Mesures M\u00e9caniques - Metrica","og_description":"D\u00e9couvrez la collection de produits., Comparatore Millesimale - Comparateurs.Comparatore millesimale ad alta sensibilit&agrave;,Bottone di bloccaggio,Quadrante girevole con indici di tolleranza . Consultez le catalogue sur le site officiel de Metrica","og_url":"https:\/\/www.metrica.it\/fr\/produit\/comparateur-millesimal\/","og_site_name":"Metrica","article_modified_time":"2024-09-16T18:47:53+00:00","og_image":[{"width":800,"height":800,"url":"https:\/\/www.metrica.it\/wp-content\/uploads\/2024\/06\/41027_1.jpg","type":"image\/jpeg"}],"twitter_card":"summary_large_image","schema":{"@context":"https:\/\/schema.org","@graph":[{"@type":"WebPage","@id":"https:\/\/www.metrica.it\/fr\/produit\/comparateur-millesimal\/","url":"https:\/\/www.metrica.it\/fr\/produit\/comparateur-millesimal\/","name":"Comparatore Millesimale | Comparateurs | Mesures M\u00e9caniques - Metrica","isPartOf":{"@id":"https:\/\/www.metrica.it\/fr\/#website"},"primaryImageOfPage":{"@id":"https:\/\/www.metrica.it\/fr\/produit\/comparateur-millesimal\/#primaryimage"},"image":{"@id":"https:\/\/www.metrica.it\/fr\/produit\/comparateur-millesimal\/#primaryimage"},"thumbnailUrl":"https:\/\/www.metrica.it\/wp-content\/uploads\/2024\/06\/41027_1.jpg","datePublished":"2024-09-16T10:00:12+00:00","dateModified":"2024-09-16T18:47:53+00:00","description":"D\u00e9couvrez la collection de produits., Comparatore Millesimale - Comparateurs.Comparatore millesimale ad alta sensibilit&agrave;,Bottone di bloccaggio,Quadrante girevole con indici di tolleranza . Consultez le catalogue sur le site officiel de Metrica","breadcrumb":{"@id":"https:\/\/www.metrica.it\/fr\/produit\/comparateur-millesimal\/#breadcrumb"},"inLanguage":"fr-FR","potentialAction":[{"@type":"ReadAction","target":["https:\/\/www.metrica.it\/fr\/produit\/comparateur-millesimal\/"]}]},{"@type":"ImageObject","inLanguage":"fr-FR","@id":"https:\/\/www.metrica.it\/fr\/produit\/comparateur-millesimal\/#primaryimage","url":"https:\/\/www.metrica.it\/wp-content\/uploads\/2024\/06\/41027_1.jpg","contentUrl":"https:\/\/www.metrica.it\/wp-content\/uploads\/2024\/06\/41027_1.jpg","width":800,"height":800},{"@type":"BreadcrumbList","@id":"https:\/\/www.metrica.it\/fr\/produit\/comparateur-millesimal\/#breadcrumb","itemListElement":[{"@type":"ListItem","position":1,"name":"Home","item":"https:\/\/www.metrica.it\/fr\/"},{"@type":"ListItem","position":2,"name":"Catalogue","item":"https:\/\/www.metrica.it\/fr\/catalogue\/"},{"@type":"ListItem","position":3,"name":"Comparateur Mill\u00e9simal"}]},{"@type":"WebSite","@id":"https:\/\/www.metrica.it\/fr\/#website","url":"https:\/\/www.metrica.it\/fr\/","name":"Metrica","description":"Made to measure","potentialAction":[{"@type":"SearchAction","target":{"@type":"EntryPoint","urlTemplate":"https:\/\/www.metrica.it\/fr\/?s={search_term_string}"},"query-input":{"@type":"PropertyValueSpecification","valueRequired":true,"valueName":"search_term_string"}}],"inLanguage":"fr-FR"}]}},"meta_box":{"awr_documentation":[],"awr_manuale":[],"awr_scheda_tecnica":"","awr_youtube_video":"","awr_classe_prodotto":"","awr_customize_product":"0","awr_custom_image":false,"awr_related_products":[{"awr_product_name":"Comparatore Millesimale","awr_product_references":"ref:41027|ean:8001066410279|a_mm:0-0,40&prime;|b_mm:\u00d8 58|unit_misura_mm: |unit_misura_inch:1&prime;\/1000|pack:1"},{"awr_product_name":"Comparatore Millesimale","awr_product_references":"ref:41028|ean:8001066410286|a_mm:0 - 1|b_mm:\u00d8 58|unit_misura_mm:0.01   |unit_misura_inch: |pack:1"}],"awr_consumabili":"","awr_alternativi":"","awr_aliases":"41027,41028","awr_skuid":"41028-it"},"_links":{"self":[{"href":"https:\/\/www.metrica.it\/fr\/wp-json\/wp\/v2\/product\/144438","targetHints":{"allow":["GET"]}}],"collection":[{"href":"https:\/\/www.metrica.it\/fr\/wp-json\/wp\/v2\/product"}],"about":[{"href":"https:\/\/www.metrica.it\/fr\/wp-json\/wp\/v2\/types\/product"}],"wp:featuredmedia":[{"embeddable":true,"href":"https:\/\/www.metrica.it\/fr\/wp-json\/wp\/v2\/media\/131669"}],"wp:attachment":[{"href":"https:\/\/www.metrica.it\/fr\/wp-json\/wp\/v2\/media?parent=144438"}],"wp:term":[{"taxonomy":"product_cat","embeddable":true,"href":"https:\/\/www.metrica.it\/fr\/wp-json\/wp\/v2\/product_cat?post=144438"},{"taxonomy":"product_tag","embeddable":true,"href":"https:\/\/www.metrica.it\/fr\/wp-json\/wp\/v2\/product_tag?post=144438"}],"curies":[{"name":"wp","href":"https:\/\/api.w.org\/{rel}","templated":true}]}}