{"id":144443,"date":"2024-09-16T12:43:40","date_gmt":"2024-09-16T10:43:40","guid":{"rendered":"https:\/\/www.metrica.it\/prodotto\/mesureur-electronique-depaisseur-de-revetements-fe-n-fe\/"},"modified":"2024-09-16T21:35:48","modified_gmt":"2024-09-16T19:35:48","slug":"mesureur-electronique-depaisseur-de-revetements-fe-n-fe","status":"publish","type":"product","link":"https:\/\/www.metrica.it\/fr\/produit\/mesureur-electronique-depaisseur-de-revetements-fe-n-fe\/","title":{"rendered":"Mesureur \u00c9lectronique D&rsquo;\u00c9paisseur De Rev\u00eatements &#8211; Fe-n Fe"},"content":{"rendered":"<ul>\n<li>Mesure instantan\u00e9ment l&apos;\u00e9paisseur de peintures ou rev\u00eatements sur:<\/li>\n<li>&#8211; surfaces de m\u00e9taux ferreux (Fe)<\/li>\n<li>&#8211; surfaces m\u00e9talliques non ferreux (NFE)<\/li>\n<li>Livr\u00e9 avec sonde de mesure et c\u00e2ble<\/li>\n<li>Plage de mesure: 0 \u00f7 1250 ?<\/li>\n<li>R\u00e9solution: 0,1 ? \u00e0 100 ?. 1? \u00e0 partir de 100?<\/li>\n<li>Pr\u00e9cision: \u00b1 1-3% ou 2,5 ? sur 0,1 mil (la valeur la plus \u00e9lev\u00e9e)<\/li>\n<li>Calibration rapide et facile avec 4 \u00e9chantillons (50-100-200-500 ?)<\/li>\n<li>Pas vendable en Allemagne, France, G.B. et Etats-Unis<\/li>\n<\/ul>\n","protected":false},"excerpt":{"rendered":"<p>Mesure instantan\u00e9ment l&apos;\u00e9paisseur de peintures ou rev\u00eatements sur:<br \/>&#8211; surfaces de m\u00e9taux ferreux (Fe)<br \/>&#8211; surfaces m\u00e9talliques non ferreux (NFE)<br \/>Livr\u00e9 avec sonde de mesure et c\u00e2ble<br \/>Plage de mesure: 0 \u00f7 1250 ?<br \/>R\u00e9solution: 0,1 ? \u00e0 100 ?. 1? \u00e0 partir de 100?<br \/>Pr\u00e9cision: \u00b1 1-3% ou 2,5 ? sur 0,1 mil (la valeur la plus \u00e9lev\u00e9e)<br \/>Calibration rapide et facile avec 4 \u00e9chantillons (50-100-200-500 ?)<br \/>Pas vendable en Allemagne, France, G.B. et Etats-Unis<\/p>\n","protected":false},"featured_media":128665,"template":"","meta":[],"product_cat":[515,534],"product_tag":[],"class_list":{"0":"post-144443","1":"product","2":"type-product","3":"status-publish","4":"has-post-thumbnail","6":"product_cat-laser-et-cameras-thermiques","7":"product_cat-mesureurs","9":"first","10":"instock","11":"sold-individually","12":"product-type-simple"},"yoast_head":"<title>Misuratore Elettronico Di Spessore Per Rivestimenti Fe - Nfe | Mesureurs | Laser et Cam\u00e9ras Thermiques - Metrica<\/title>\n<meta name=\"description\" content=\"D\u00e9couvrez la collection de produits., Misuratore Elettronico Di Spessore Per Rivestimenti Fe - Nfe - Mesureurs. Misura istantaneamente lo spessore di vernici o rivestimenti su: - superfi ci metal . Consultez le catalogue sur le site officiel de Metrica\" \/>\n<meta name=\"robots\" content=\"index, follow, max-snippet:-1, max-image-preview:large, max-video-preview:-1\" \/>\n<link rel=\"canonical\" href=\"https:\/\/www.metrica.it\/fr\/produit\/mesureur-electronique-depaisseur-de-revetements-fe-n-fe\/\" \/>\n<meta property=\"og:locale\" content=\"fr_FR\" \/>\n<meta property=\"og:type\" content=\"article\" \/>\n<meta property=\"og:title\" content=\"Misuratore Elettronico Di Spessore Per Rivestimenti Fe - Nfe | Mesureurs | Laser et Cam\u00e9ras Thermiques - Metrica\" \/>\n<meta property=\"og:description\" content=\"D\u00e9couvrez la collection de produits., Misuratore Elettronico Di Spessore Per Rivestimenti Fe - Nfe - Mesureurs. Misura istantaneamente lo spessore di vernici o rivestimenti su: - superfi ci metal . Consultez le catalogue sur le site officiel de Metrica\" \/>\n<meta property=\"og:url\" content=\"https:\/\/www.metrica.it\/fr\/produit\/mesureur-electronique-depaisseur-de-revetements-fe-n-fe\/\" \/>\n<meta property=\"og:site_name\" content=\"Metrica\" \/>\n<meta property=\"article:modified_time\" content=\"2024-09-16T19:35:48+00:00\" \/>\n<meta property=\"og:image\" content=\"https:\/\/www.metrica.it\/wp-content\/uploads\/2024\/06\/60271.jpg\" \/>\n\t<meta property=\"og:image:width\" content=\"800\" \/>\n\t<meta property=\"og:image:height\" content=\"800\" \/>\n\t<meta property=\"og:image:type\" content=\"image\/jpeg\" \/>\n<meta name=\"twitter:card\" content=\"summary_large_image\" \/>\n<script type=\"application\/ld+json\" class=\"yoast-schema-graph\">{\"@context\":\"https:\\\/\\\/schema.org\",\"@graph\":[{\"@type\":\"WebPage\",\"@id\":\"https:\\\/\\\/www.metrica.it\\\/fr\\\/produit\\\/mesureur-electronique-depaisseur-de-revetements-fe-n-fe\\\/\",\"url\":\"https:\\\/\\\/www.metrica.it\\\/fr\\\/produit\\\/mesureur-electronique-depaisseur-de-revetements-fe-n-fe\\\/\",\"name\":\"Misuratore Elettronico Di Spessore Per Rivestimenti Fe - Nfe | Mesureurs | Laser et Cam\u00e9ras Thermiques - Metrica\",\"isPartOf\":{\"@id\":\"https:\\\/\\\/www.metrica.it\\\/fr\\\/#website\"},\"primaryImageOfPage\":{\"@id\":\"https:\\\/\\\/www.metrica.it\\\/fr\\\/produit\\\/mesureur-electronique-depaisseur-de-revetements-fe-n-fe\\\/#primaryimage\"},\"image\":{\"@id\":\"https:\\\/\\\/www.metrica.it\\\/fr\\\/produit\\\/mesureur-electronique-depaisseur-de-revetements-fe-n-fe\\\/#primaryimage\"},\"thumbnailUrl\":\"https:\\\/\\\/www.metrica.it\\\/wp-content\\\/uploads\\\/2024\\\/06\\\/60271.jpg\",\"datePublished\":\"2024-09-16T10:43:40+00:00\",\"dateModified\":\"2024-09-16T19:35:48+00:00\",\"description\":\"D\u00e9couvrez la collection de produits., Misuratore Elettronico Di Spessore Per Rivestimenti Fe - Nfe - Mesureurs. Misura istantaneamente lo spessore di vernici o rivestimenti su: - superfi ci metal . Consultez le catalogue sur le site officiel de Metrica\",\"breadcrumb\":{\"@id\":\"https:\\\/\\\/www.metrica.it\\\/fr\\\/produit\\\/mesureur-electronique-depaisseur-de-revetements-fe-n-fe\\\/#breadcrumb\"},\"inLanguage\":\"fr-FR\",\"potentialAction\":[{\"@type\":\"ReadAction\",\"target\":[\"https:\\\/\\\/www.metrica.it\\\/fr\\\/produit\\\/mesureur-electronique-depaisseur-de-revetements-fe-n-fe\\\/\"]}]},{\"@type\":\"ImageObject\",\"inLanguage\":\"fr-FR\",\"@id\":\"https:\\\/\\\/www.metrica.it\\\/fr\\\/produit\\\/mesureur-electronique-depaisseur-de-revetements-fe-n-fe\\\/#primaryimage\",\"url\":\"https:\\\/\\\/www.metrica.it\\\/wp-content\\\/uploads\\\/2024\\\/06\\\/60271.jpg\",\"contentUrl\":\"https:\\\/\\\/www.metrica.it\\\/wp-content\\\/uploads\\\/2024\\\/06\\\/60271.jpg\",\"width\":800,\"height\":800},{\"@type\":\"BreadcrumbList\",\"@id\":\"https:\\\/\\\/www.metrica.it\\\/fr\\\/produit\\\/mesureur-electronique-depaisseur-de-revetements-fe-n-fe\\\/#breadcrumb\",\"itemListElement\":[{\"@type\":\"ListItem\",\"position\":1,\"name\":\"Home\",\"item\":\"https:\\\/\\\/www.metrica.it\\\/fr\\\/\"},{\"@type\":\"ListItem\",\"position\":2,\"name\":\"Catalogue\",\"item\":\"https:\\\/\\\/www.metrica.it\\\/fr\\\/catalogue\\\/\"},{\"@type\":\"ListItem\",\"position\":3,\"name\":\"Mesureur \u00c9lectronique D&#8217;\u00c9paisseur De Rev\u00eatements &#8211; Fe-n Fe\"}]},{\"@type\":\"WebSite\",\"@id\":\"https:\\\/\\\/www.metrica.it\\\/fr\\\/#website\",\"url\":\"https:\\\/\\\/www.metrica.it\\\/fr\\\/\",\"name\":\"Metrica\",\"description\":\"Made to measure\",\"potentialAction\":[{\"@type\":\"SearchAction\",\"target\":{\"@type\":\"EntryPoint\",\"urlTemplate\":\"https:\\\/\\\/www.metrica.it\\\/fr\\\/?s={search_term_string}\"},\"query-input\":{\"@type\":\"PropertyValueSpecification\",\"valueRequired\":true,\"valueName\":\"search_term_string\"}}],\"inLanguage\":\"fr-FR\"}]}<\/script>","yoast_head_json":{"title":"Misuratore Elettronico Di Spessore Per Rivestimenti Fe - Nfe | Mesureurs | Laser et Cam\u00e9ras Thermiques - Metrica","description":"D\u00e9couvrez la collection de produits., Misuratore Elettronico Di Spessore Per Rivestimenti Fe - Nfe - Mesureurs. Misura istantaneamente lo spessore di vernici o rivestimenti su: - superfi ci metal . Consultez le catalogue sur le site officiel de Metrica","robots":{"index":"index","follow":"follow","max-snippet":"max-snippet:-1","max-image-preview":"max-image-preview:large","max-video-preview":"max-video-preview:-1"},"canonical":"https:\/\/www.metrica.it\/fr\/produit\/mesureur-electronique-depaisseur-de-revetements-fe-n-fe\/","og_locale":"fr_FR","og_type":"article","og_title":"Misuratore Elettronico Di Spessore Per Rivestimenti Fe - Nfe | Mesureurs | Laser et Cam\u00e9ras Thermiques - Metrica","og_description":"D\u00e9couvrez la collection de produits., Misuratore Elettronico Di Spessore Per Rivestimenti Fe - Nfe - Mesureurs. Misura istantaneamente lo spessore di vernici o rivestimenti su: - superfi ci metal . Consultez le catalogue sur le site officiel de Metrica","og_url":"https:\/\/www.metrica.it\/fr\/produit\/mesureur-electronique-depaisseur-de-revetements-fe-n-fe\/","og_site_name":"Metrica","article_modified_time":"2024-09-16T19:35:48+00:00","og_image":[{"width":800,"height":800,"url":"https:\/\/www.metrica.it\/wp-content\/uploads\/2024\/06\/60271.jpg","type":"image\/jpeg"}],"twitter_card":"summary_large_image","schema":{"@context":"https:\/\/schema.org","@graph":[{"@type":"WebPage","@id":"https:\/\/www.metrica.it\/fr\/produit\/mesureur-electronique-depaisseur-de-revetements-fe-n-fe\/","url":"https:\/\/www.metrica.it\/fr\/produit\/mesureur-electronique-depaisseur-de-revetements-fe-n-fe\/","name":"Misuratore Elettronico Di Spessore Per Rivestimenti Fe - Nfe | Mesureurs | Laser et Cam\u00e9ras Thermiques - Metrica","isPartOf":{"@id":"https:\/\/www.metrica.it\/fr\/#website"},"primaryImageOfPage":{"@id":"https:\/\/www.metrica.it\/fr\/produit\/mesureur-electronique-depaisseur-de-revetements-fe-n-fe\/#primaryimage"},"image":{"@id":"https:\/\/www.metrica.it\/fr\/produit\/mesureur-electronique-depaisseur-de-revetements-fe-n-fe\/#primaryimage"},"thumbnailUrl":"https:\/\/www.metrica.it\/wp-content\/uploads\/2024\/06\/60271.jpg","datePublished":"2024-09-16T10:43:40+00:00","dateModified":"2024-09-16T19:35:48+00:00","description":"D\u00e9couvrez la collection de produits., Misuratore Elettronico Di Spessore Per Rivestimenti Fe - Nfe - Mesureurs. Misura istantaneamente lo spessore di vernici o rivestimenti su: - superfi ci metal . Consultez le catalogue sur le site officiel de Metrica","breadcrumb":{"@id":"https:\/\/www.metrica.it\/fr\/produit\/mesureur-electronique-depaisseur-de-revetements-fe-n-fe\/#breadcrumb"},"inLanguage":"fr-FR","potentialAction":[{"@type":"ReadAction","target":["https:\/\/www.metrica.it\/fr\/produit\/mesureur-electronique-depaisseur-de-revetements-fe-n-fe\/"]}]},{"@type":"ImageObject","inLanguage":"fr-FR","@id":"https:\/\/www.metrica.it\/fr\/produit\/mesureur-electronique-depaisseur-de-revetements-fe-n-fe\/#primaryimage","url":"https:\/\/www.metrica.it\/wp-content\/uploads\/2024\/06\/60271.jpg","contentUrl":"https:\/\/www.metrica.it\/wp-content\/uploads\/2024\/06\/60271.jpg","width":800,"height":800},{"@type":"BreadcrumbList","@id":"https:\/\/www.metrica.it\/fr\/produit\/mesureur-electronique-depaisseur-de-revetements-fe-n-fe\/#breadcrumb","itemListElement":[{"@type":"ListItem","position":1,"name":"Home","item":"https:\/\/www.metrica.it\/fr\/"},{"@type":"ListItem","position":2,"name":"Catalogue","item":"https:\/\/www.metrica.it\/fr\/catalogue\/"},{"@type":"ListItem","position":3,"name":"Mesureur \u00c9lectronique D&#8217;\u00c9paisseur De Rev\u00eatements &#8211; Fe-n Fe"}]},{"@type":"WebSite","@id":"https:\/\/www.metrica.it\/fr\/#website","url":"https:\/\/www.metrica.it\/fr\/","name":"Metrica","description":"Made to measure","potentialAction":[{"@type":"SearchAction","target":{"@type":"EntryPoint","urlTemplate":"https:\/\/www.metrica.it\/fr\/?s={search_term_string}"},"query-input":{"@type":"PropertyValueSpecification","valueRequired":true,"valueName":"search_term_string"}}],"inLanguage":"fr-FR"}]}},"meta_box":{"awr_documentation":[{"filesize":230523,"ID":"146378","name":"60271.pdf","path":"\/var\/www\/html\/wp-content\/uploads\/2024\/09\/60271.pdf","url":"https:\/\/www.metrica.it\/wp-content\/uploads\/2024\/09\/60271.pdf","title":"60271.pdf"}],"awr_manuale":[],"awr_scheda_tecnica":"","awr_youtube_video":"","awr_classe_prodotto":"","awr_customize_product":"0","awr_custom_image":false,"awr_related_products":[{"awr_product_name":"Misuratore Elettronico Di Spessore Per Rivestimenti Fe - Nfe","awr_product_references":"ref:60271|ean:8001066602711|pack:1"}],"awr_consumabili":"","awr_alternativi":"","awr_aliases":"60271","awr_skuid":"60271-it"},"_links":{"self":[{"href":"https:\/\/www.metrica.it\/fr\/wp-json\/wp\/v2\/product\/144443","targetHints":{"allow":["GET"]}}],"collection":[{"href":"https:\/\/www.metrica.it\/fr\/wp-json\/wp\/v2\/product"}],"about":[{"href":"https:\/\/www.metrica.it\/fr\/wp-json\/wp\/v2\/types\/product"}],"wp:featuredmedia":[{"embeddable":true,"href":"https:\/\/www.metrica.it\/fr\/wp-json\/wp\/v2\/media\/128665"}],"wp:attachment":[{"href":"https:\/\/www.metrica.it\/fr\/wp-json\/wp\/v2\/media?parent=144443"}],"wp:term":[{"taxonomy":"product_cat","embeddable":true,"href":"https:\/\/www.metrica.it\/fr\/wp-json\/wp\/v2\/product_cat?post=144443"},{"taxonomy":"product_tag","embeddable":true,"href":"https:\/\/www.metrica.it\/fr\/wp-json\/wp\/v2\/product_tag?post=144443"}],"curies":[{"name":"wp","href":"https:\/\/api.w.org\/{rel}","templated":true}]}}