{"id":144463,"date":"2024-09-16T12:27:31","date_gmt":"2024-09-16T10:27:31","guid":{"rendered":"https:\/\/www.metrica.it\/prodotto\/trades-marker-dry-4\/"},"modified":"2024-09-16T21:17:52","modified_gmt":"2024-09-16T19:17:52","slug":"trades-marker-dry","status":"publish","type":"product","link":"https:\/\/www.metrica.it\/fr\/produit\/trades-marker-dry\/","title":{"rendered":"Trades-marker\u00ae(*)  Dry"},"content":{"rendered":"<ul>\n<li>Marqueur en graphite<\/li>\n<li>Corp + clip en m\u00e9tal<\/li>\n<li>Format de poche<\/li>\n<li>Longueur de pointe 45 mm (pour acc\u00e8s difficiles)<\/li>\n<li>Sortie de mine \u00e0 bouton<\/li>\n<li>Diam\u00e8tre mine 2,8 mm<\/li>\n<li>\u00c9crit sur toutes les surfaces<\/li>\n<li>Fournie avec 6 mines de rechange (2 en gr\u00e1phite noir, 2 en cire rouge, 2 en cire jaune)<\/li>\n<li>* marque d\u00e9pos\u00e9e par son propri\u00e9taire<\/li>\n<\/ul>\n","protected":false},"excerpt":{"rendered":"<ul>\n<li>Marqueur en graphite<\/li>\n<li>Corp + clip en m\u00e9tal<\/li>\n<li>Format de poche<\/li>\n<li>Longueur de pointe 45 mm (pour acc\u00e8s difficiles)<\/li>\n<li>Sortie de mine \u00e0 bouton<\/li>\n<li>Diam\u00e8tre mine 2,8 mm<\/li>\n<li>\u00c9crit sur toutes les surfaces<\/li>\n<li>Fournie avec 6 mines de rechange (2 en gr\u00e1phite noir, 2 en cire rouge, 2 en cire jaune)<\/li>\n<li>* marque d\u00e9pos\u00e9e par son propri\u00e9taire<\/li>\n<\/ul>\n","protected":false},"featured_media":132914,"template":"","meta":[],"product_cat":[713,701],"product_tag":[],"class_list":{"0":"post-144463","1":"product","2":"type-product","3":"status-publish","4":"has-post-thumbnail","6":"product_cat-craies-pastels-et-crayons","7":"product_cat-tracage-et-marquage","9":"first","10":"instock","11":"sold-individually","12":"product-type-simple"},"yoast_head":"<title>TRADES-MARKER\u00ae(*) DRY | Craies, Pastels et Crayons | Tra\u00e7age et Marquage - Metrica<\/title>\n<meta name=\"description\" content=\"D\u00e9couvrez la collection de produits., TRADES-MARKER\u00ae(*) DRY - Craies, Pastels et Crayons.Marcatore in grafite,Corpo e clip in metallo,Tascabile . Consultez le catalogue sur le site officiel de Metrica\" \/>\n<meta name=\"robots\" content=\"index, follow, max-snippet:-1, max-image-preview:large, max-video-preview:-1\" \/>\n<link rel=\"canonical\" href=\"https:\/\/www.metrica.it\/fr\/produit\/trades-marker-dry\/\" \/>\n<meta property=\"og:locale\" content=\"fr_FR\" \/>\n<meta property=\"og:type\" content=\"article\" \/>\n<meta property=\"og:title\" content=\"TRADES-MARKER\u00ae(*) DRY | Craies, Pastels et Crayons | Tra\u00e7age et Marquage - Metrica\" \/>\n<meta property=\"og:description\" content=\"D\u00e9couvrez la collection de produits., TRADES-MARKER\u00ae(*) DRY - Craies, Pastels et Crayons.Marcatore in grafite,Corpo e clip in metallo,Tascabile . Consultez le catalogue sur le site officiel de Metrica\" \/>\n<meta property=\"og:url\" content=\"https:\/\/www.metrica.it\/fr\/produit\/trades-marker-dry\/\" \/>\n<meta property=\"og:site_name\" content=\"Metrica\" \/>\n<meta property=\"article:modified_time\" content=\"2024-09-16T19:17:52+00:00\" \/>\n<meta property=\"og:image\" content=\"https:\/\/www.metrica.it\/wp-content\/uploads\/2024\/06\/51083_2.jpg\" \/>\n\t<meta property=\"og:image:width\" content=\"800\" \/>\n\t<meta property=\"og:image:height\" content=\"800\" \/>\n\t<meta property=\"og:image:type\" content=\"image\/jpeg\" \/>\n<meta name=\"twitter:card\" content=\"summary_large_image\" \/>\n<script type=\"application\/ld+json\" class=\"yoast-schema-graph\">{\"@context\":\"https:\\\/\\\/schema.org\",\"@graph\":[{\"@type\":\"WebPage\",\"@id\":\"https:\\\/\\\/www.metrica.it\\\/fr\\\/produit\\\/trades-marker-dry\\\/\",\"url\":\"https:\\\/\\\/www.metrica.it\\\/fr\\\/produit\\\/trades-marker-dry\\\/\",\"name\":\"TRADES-MARKER\u00ae(*) DRY | Craies, Pastels et Crayons | Tra\u00e7age et Marquage - Metrica\",\"isPartOf\":{\"@id\":\"https:\\\/\\\/www.metrica.it\\\/fr\\\/#website\"},\"primaryImageOfPage\":{\"@id\":\"https:\\\/\\\/www.metrica.it\\\/fr\\\/produit\\\/trades-marker-dry\\\/#primaryimage\"},\"image\":{\"@id\":\"https:\\\/\\\/www.metrica.it\\\/fr\\\/produit\\\/trades-marker-dry\\\/#primaryimage\"},\"thumbnailUrl\":\"https:\\\/\\\/www.metrica.it\\\/wp-content\\\/uploads\\\/2024\\\/06\\\/51083_2.jpg\",\"datePublished\":\"2024-09-16T10:27:31+00:00\",\"dateModified\":\"2024-09-16T19:17:52+00:00\",\"description\":\"D\u00e9couvrez la collection de produits., TRADES-MARKER\u00ae(*) DRY - Craies, Pastels et Crayons.Marcatore in grafite,Corpo e clip in metallo,Tascabile . Consultez le catalogue sur le site officiel de Metrica\",\"breadcrumb\":{\"@id\":\"https:\\\/\\\/www.metrica.it\\\/fr\\\/produit\\\/trades-marker-dry\\\/#breadcrumb\"},\"inLanguage\":\"fr-FR\",\"potentialAction\":[{\"@type\":\"ReadAction\",\"target\":[\"https:\\\/\\\/www.metrica.it\\\/fr\\\/produit\\\/trades-marker-dry\\\/\"]}]},{\"@type\":\"ImageObject\",\"inLanguage\":\"fr-FR\",\"@id\":\"https:\\\/\\\/www.metrica.it\\\/fr\\\/produit\\\/trades-marker-dry\\\/#primaryimage\",\"url\":\"https:\\\/\\\/www.metrica.it\\\/wp-content\\\/uploads\\\/2024\\\/06\\\/51083_2.jpg\",\"contentUrl\":\"https:\\\/\\\/www.metrica.it\\\/wp-content\\\/uploads\\\/2024\\\/06\\\/51083_2.jpg\",\"width\":800,\"height\":800},{\"@type\":\"BreadcrumbList\",\"@id\":\"https:\\\/\\\/www.metrica.it\\\/fr\\\/produit\\\/trades-marker-dry\\\/#breadcrumb\",\"itemListElement\":[{\"@type\":\"ListItem\",\"position\":1,\"name\":\"Home\",\"item\":\"https:\\\/\\\/www.metrica.it\\\/fr\\\/\"},{\"@type\":\"ListItem\",\"position\":2,\"name\":\"Catalogue\",\"item\":\"https:\\\/\\\/www.metrica.it\\\/fr\\\/catalogue\\\/\"},{\"@type\":\"ListItem\",\"position\":3,\"name\":\"Trades-marker\u00ae(*) Dry\"}]},{\"@type\":\"WebSite\",\"@id\":\"https:\\\/\\\/www.metrica.it\\\/fr\\\/#website\",\"url\":\"https:\\\/\\\/www.metrica.it\\\/fr\\\/\",\"name\":\"Metrica\",\"description\":\"Made to measure\",\"potentialAction\":[{\"@type\":\"SearchAction\",\"target\":{\"@type\":\"EntryPoint\",\"urlTemplate\":\"https:\\\/\\\/www.metrica.it\\\/fr\\\/?s={search_term_string}\"},\"query-input\":{\"@type\":\"PropertyValueSpecification\",\"valueRequired\":true,\"valueName\":\"search_term_string\"}}],\"inLanguage\":\"fr-FR\"}]}<\/script>","yoast_head_json":{"title":"TRADES-MARKER\u00ae(*) DRY | Craies, Pastels et Crayons | Tra\u00e7age et Marquage - Metrica","description":"D\u00e9couvrez la collection de produits., TRADES-MARKER\u00ae(*) DRY - Craies, Pastels et Crayons.Marcatore in grafite,Corpo e clip in metallo,Tascabile . Consultez le catalogue sur le site officiel de Metrica","robots":{"index":"index","follow":"follow","max-snippet":"max-snippet:-1","max-image-preview":"max-image-preview:large","max-video-preview":"max-video-preview:-1"},"canonical":"https:\/\/www.metrica.it\/fr\/produit\/trades-marker-dry\/","og_locale":"fr_FR","og_type":"article","og_title":"TRADES-MARKER\u00ae(*) DRY | Craies, Pastels et Crayons | Tra\u00e7age et Marquage - Metrica","og_description":"D\u00e9couvrez la collection de produits., TRADES-MARKER\u00ae(*) DRY - Craies, Pastels et Crayons.Marcatore in grafite,Corpo e clip in metallo,Tascabile . Consultez le catalogue sur le site officiel de Metrica","og_url":"https:\/\/www.metrica.it\/fr\/produit\/trades-marker-dry\/","og_site_name":"Metrica","article_modified_time":"2024-09-16T19:17:52+00:00","og_image":[{"width":800,"height":800,"url":"https:\/\/www.metrica.it\/wp-content\/uploads\/2024\/06\/51083_2.jpg","type":"image\/jpeg"}],"twitter_card":"summary_large_image","schema":{"@context":"https:\/\/schema.org","@graph":[{"@type":"WebPage","@id":"https:\/\/www.metrica.it\/fr\/produit\/trades-marker-dry\/","url":"https:\/\/www.metrica.it\/fr\/produit\/trades-marker-dry\/","name":"TRADES-MARKER\u00ae(*) DRY | Craies, Pastels et Crayons | Tra\u00e7age et Marquage - Metrica","isPartOf":{"@id":"https:\/\/www.metrica.it\/fr\/#website"},"primaryImageOfPage":{"@id":"https:\/\/www.metrica.it\/fr\/produit\/trades-marker-dry\/#primaryimage"},"image":{"@id":"https:\/\/www.metrica.it\/fr\/produit\/trades-marker-dry\/#primaryimage"},"thumbnailUrl":"https:\/\/www.metrica.it\/wp-content\/uploads\/2024\/06\/51083_2.jpg","datePublished":"2024-09-16T10:27:31+00:00","dateModified":"2024-09-16T19:17:52+00:00","description":"D\u00e9couvrez la collection de produits., TRADES-MARKER\u00ae(*) DRY - Craies, Pastels et Crayons.Marcatore in grafite,Corpo e clip in metallo,Tascabile . Consultez le catalogue sur le site officiel de Metrica","breadcrumb":{"@id":"https:\/\/www.metrica.it\/fr\/produit\/trades-marker-dry\/#breadcrumb"},"inLanguage":"fr-FR","potentialAction":[{"@type":"ReadAction","target":["https:\/\/www.metrica.it\/fr\/produit\/trades-marker-dry\/"]}]},{"@type":"ImageObject","inLanguage":"fr-FR","@id":"https:\/\/www.metrica.it\/fr\/produit\/trades-marker-dry\/#primaryimage","url":"https:\/\/www.metrica.it\/wp-content\/uploads\/2024\/06\/51083_2.jpg","contentUrl":"https:\/\/www.metrica.it\/wp-content\/uploads\/2024\/06\/51083_2.jpg","width":800,"height":800},{"@type":"BreadcrumbList","@id":"https:\/\/www.metrica.it\/fr\/produit\/trades-marker-dry\/#breadcrumb","itemListElement":[{"@type":"ListItem","position":1,"name":"Home","item":"https:\/\/www.metrica.it\/fr\/"},{"@type":"ListItem","position":2,"name":"Catalogue","item":"https:\/\/www.metrica.it\/fr\/catalogue\/"},{"@type":"ListItem","position":3,"name":"Trades-marker\u00ae(*) Dry"}]},{"@type":"WebSite","@id":"https:\/\/www.metrica.it\/fr\/#website","url":"https:\/\/www.metrica.it\/fr\/","name":"Metrica","description":"Made to measure","potentialAction":[{"@type":"SearchAction","target":{"@type":"EntryPoint","urlTemplate":"https:\/\/www.metrica.it\/fr\/?s={search_term_string}"},"query-input":{"@type":"PropertyValueSpecification","valueRequired":true,"valueName":"search_term_string"}}],"inLanguage":"fr-FR"}]}},"meta_box":{"awr_documentation":[],"awr_manuale":[],"awr_scheda_tecnica":"","awr_youtube_video":"","awr_classe_prodotto":"","awr_customize_product":"0","awr_custom_image":false,"awr_related_products":[{"awr_product_name":"Trades-marker\u00ae(*)  Dry","awr_product_references":"ref:51083|ean:8001066510832|l:16cm|diam:2,8mm|pack:1"},{"awr_product_name":"Mine Di Ricambio","awr_product_references":"ref:51093|ean:8001066510931|pack:1"},{"awr_product_name":"Mine Di Ricambio","awr_product_references":"ref:51094|ean:8001066510948|pack:1"},{"awr_product_name":"Scatola Self Service 20 Pezzi","awr_product_references":"ref:51098|ean:8001066510986|pack:1"}],"awr_consumabili":"","awr_alternativi":"","awr_aliases":"51083,51093,51094,51098","awr_skuid":"51083-it"},"_links":{"self":[{"href":"https:\/\/www.metrica.it\/fr\/wp-json\/wp\/v2\/product\/144463","targetHints":{"allow":["GET"]}}],"collection":[{"href":"https:\/\/www.metrica.it\/fr\/wp-json\/wp\/v2\/product"}],"about":[{"href":"https:\/\/www.metrica.it\/fr\/wp-json\/wp\/v2\/types\/product"}],"wp:featuredmedia":[{"embeddable":true,"href":"https:\/\/www.metrica.it\/fr\/wp-json\/wp\/v2\/media\/132914"}],"wp:attachment":[{"href":"https:\/\/www.metrica.it\/fr\/wp-json\/wp\/v2\/media?parent=144463"}],"wp:term":[{"taxonomy":"product_cat","embeddable":true,"href":"https:\/\/www.metrica.it\/fr\/wp-json\/wp\/v2\/product_cat?post=144463"},{"taxonomy":"product_tag","embeddable":true,"href":"https:\/\/www.metrica.it\/fr\/wp-json\/wp\/v2\/product_tag?post=144463"}],"curies":[{"name":"wp","href":"https:\/\/api.w.org\/{rel}","templated":true}]}}