{"id":144508,"date":"2024-09-16T12:45:27","date_gmt":"2024-09-16T10:45:27","guid":{"rendered":"https:\/\/www.metrica.it\/prodotto\/autolivello-bravo-laser-rotativo-h4-4\/"},"modified":"2024-09-16T21:37:10","modified_gmt":"2024-09-16T19:37:10","slug":"autolivello-bravo-laser-rotativo-h4","status":"publish","type":"product","link":"https:\/\/www.metrica.it\/fr\/produit\/autolivello-bravo-laser-rotativo-h4\/","title":{"rendered":"Autolivello Bravo Laser Rotativo H4"},"content":{"rendered":"<ul>\n<li>Niveau automatique laser rouge avec faisceau tournant visible: g\u00e9n\u00e8re un plan horizontal auto-nivel\u00e9 et une ligne horizontale d\u2019aplomb<\/li>\n<li>\u00c9tanch\u00e9it\u00e9 IP 66 prot\u00e9g\u00e9 compl\u00e8tement contre la poussi\u00e8re. Prot\u00e9g\u00e9 contre les projetions d\u2019eau de toutes directions<\/li>\n<li>Fonction scanner pour tracer une ligne plus visible e courte sur 4 longueurs au choix<\/li>\n<li>Fonction SLOPE (inclinaison du plan en manuel)<\/li>\n<li>Fonction MANUELLE qui exclut nivellement automatique et permet d\u2019incliner l\u2019appareil pour tracer des plans inclin\u00e9s<\/li>\n<li>Fonction TILT: en cas de d\u00e9placement involontaire de l\u2019appareil, le faisceau s\u2019arr\u00eate<\/li>\n<li>4 poign\u00e9es en caoutchouc pour une prise facile et efficace<\/li>\n<li>R\u00e9ception de la t\u00e9l\u00e9commande sur les 4 c\u00f4t\u00e9s de l\u2019appareil<\/li>\n<\/ul>\n","protected":false},"excerpt":{"rendered":"<p>Niveau automatique laser rouge avec faisceau tournant visible: g\u00e9n\u00e8re un plan horizontal auto-nivel\u00e9 et une ligne horizontale d\u2019aplomb<\/p>\n<p>\u00c9tanch\u00e9it\u00e9 IP 66 prot\u00e9g\u00e9 compl\u00e8tement contre la poussi\u00e8re. Prot\u00e9g\u00e9 contre les projetions d\u2019eau de toutes directions<\/p>\n<p>Fonction scanner pour tracer une ligne plus visible e courte sur 4 longueurs au choix<\/p>\n<p>Fonction SLOPE (inclinaison du plan en manuel)<\/p>\n<p>Fonction MANUELLE qui exclut nivellement automatique et permet d\u2019incliner l\u2019appareil pour tracer des plans inclin\u00e9s<\/p>\n<p>Fonction TILT: en cas de d\u00e9placement involontaire de l\u2019appareil, le faisceau s\u2019arr\u00eate<\/p>\n<p>4 poign\u00e9es en caoutchouc pour une prise facile et efficace<\/p>\n<p>R\u00e9ception de la t\u00e9l\u00e9commande sur les 4 c\u00f4t\u00e9s de l\u2019appareil<\/p>\n","protected":false},"featured_media":133876,"template":"","meta":[],"product_cat":[515,522],"product_tag":[],"class_list":{"0":"post-144508","1":"product","2":"type-product","3":"status-publish","4":"has-post-thumbnail","6":"product_cat-laser-et-cameras-thermiques","7":"product_cat-lasers-rotatifs","9":"first","10":"instock","11":"sold-individually","12":"product-type-simple"},"yoast_head":"<title>AUTOLIVELLO BRAVO LASER ROTATIVO H4<\/title>\n<meta name=\"robots\" content=\"index, follow, max-snippet:-1, max-image-preview:large, max-video-preview:-1\" \/>\n<link rel=\"canonical\" href=\"https:\/\/www.metrica.it\/fr\/produit\/autolivello-bravo-laser-rotativo-h4\/\" \/>\n<meta property=\"og:locale\" content=\"fr_FR\" \/>\n<meta property=\"og:type\" content=\"article\" \/>\n<meta property=\"og:title\" content=\"AUTOLIVELLO BRAVO LASER ROTATIVO H4\" \/>\n<meta property=\"og:description\" content=\"Niveau automatique laser rouge avec faisceau tournant visible: g\u00e9n\u00e8re un plan horizontal auto-nivel\u00e9 et une ligne horizontale d\u2019aplomb\u00c9tanch\u00e9it\u00e9 IP 66 prot\u00e9g\u00e9 compl\u00e8tement contre la poussi\u00e8re. Prot\u00e9g\u00e9 contre les projetions d\u2019eau de toutes directionsFonction scanner pour tracer une ligne plus visible e courte sur 4 longueurs au choixFonction SLOPE (inclinaison du plan en manuel)Fonction MANUELLE qui exclut nivellement automatique et permet d\u2019incliner l\u2019appareil pour tracer des plans inclin\u00e9sFonction TILT: en cas de d\u00e9placement involontaire de l\u2019appareil, le faisceau s\u2019arr\u00eate4 poign\u00e9es en caoutchouc pour une prise facile et efficaceR\u00e9ception de la t\u00e9l\u00e9commande sur les 4 c\u00f4t\u00e9s de l\u2019appareil\" \/>\n<meta property=\"og:url\" content=\"https:\/\/www.metrica.it\/fr\/produit\/autolivello-bravo-laser-rotativo-h4\/\" \/>\n<meta property=\"og:site_name\" content=\"Metrica\" \/>\n<meta property=\"article:modified_time\" content=\"2024-09-16T19:37:10+00:00\" \/>\n<meta property=\"og:image\" content=\"https:\/\/www.metrica.it\/wp-content\/uploads\/2024\/06\/61385.jpg\" \/>\n\t<meta property=\"og:image:width\" content=\"800\" \/>\n\t<meta property=\"og:image:height\" content=\"800\" \/>\n\t<meta property=\"og:image:type\" content=\"image\/jpeg\" \/>\n<meta name=\"twitter:card\" content=\"summary_large_image\" \/>\n<meta name=\"twitter:label1\" content=\"Dur\u00e9e de lecture estim\u00e9e\" \/>\n\t<meta name=\"twitter:data1\" content=\"1 minute\" \/>\n<script type=\"application\/ld+json\" class=\"yoast-schema-graph\">{\"@context\":\"https:\\\/\\\/schema.org\",\"@graph\":[{\"@type\":\"WebPage\",\"@id\":\"https:\\\/\\\/www.metrica.it\\\/fr\\\/produit\\\/autolivello-bravo-laser-rotativo-h4\\\/\",\"url\":\"https:\\\/\\\/www.metrica.it\\\/fr\\\/produit\\\/autolivello-bravo-laser-rotativo-h4\\\/\",\"name\":\"AUTOLIVELLO BRAVO LASER ROTATIVO H4\",\"isPartOf\":{\"@id\":\"https:\\\/\\\/www.metrica.it\\\/fr\\\/#website\"},\"primaryImageOfPage\":{\"@id\":\"https:\\\/\\\/www.metrica.it\\\/fr\\\/produit\\\/autolivello-bravo-laser-rotativo-h4\\\/#primaryimage\"},\"image\":{\"@id\":\"https:\\\/\\\/www.metrica.it\\\/fr\\\/produit\\\/autolivello-bravo-laser-rotativo-h4\\\/#primaryimage\"},\"thumbnailUrl\":\"https:\\\/\\\/www.metrica.it\\\/wp-content\\\/uploads\\\/2024\\\/06\\\/61385.jpg\",\"datePublished\":\"2024-09-16T10:45:27+00:00\",\"dateModified\":\"2024-09-16T19:37:10+00:00\",\"breadcrumb\":{\"@id\":\"https:\\\/\\\/www.metrica.it\\\/fr\\\/produit\\\/autolivello-bravo-laser-rotativo-h4\\\/#breadcrumb\"},\"inLanguage\":\"fr-FR\",\"potentialAction\":[{\"@type\":\"ReadAction\",\"target\":[\"https:\\\/\\\/www.metrica.it\\\/fr\\\/produit\\\/autolivello-bravo-laser-rotativo-h4\\\/\"]}]},{\"@type\":\"ImageObject\",\"inLanguage\":\"fr-FR\",\"@id\":\"https:\\\/\\\/www.metrica.it\\\/fr\\\/produit\\\/autolivello-bravo-laser-rotativo-h4\\\/#primaryimage\",\"url\":\"https:\\\/\\\/www.metrica.it\\\/wp-content\\\/uploads\\\/2024\\\/06\\\/61385.jpg\",\"contentUrl\":\"https:\\\/\\\/www.metrica.it\\\/wp-content\\\/uploads\\\/2024\\\/06\\\/61385.jpg\",\"width\":800,\"height\":800},{\"@type\":\"BreadcrumbList\",\"@id\":\"https:\\\/\\\/www.metrica.it\\\/fr\\\/produit\\\/autolivello-bravo-laser-rotativo-h4\\\/#breadcrumb\",\"itemListElement\":[{\"@type\":\"ListItem\",\"position\":1,\"name\":\"Home\",\"item\":\"https:\\\/\\\/www.metrica.it\\\/fr\\\/\"},{\"@type\":\"ListItem\",\"position\":2,\"name\":\"Catalogue\",\"item\":\"https:\\\/\\\/www.metrica.it\\\/fr\\\/catalogue\\\/\"},{\"@type\":\"ListItem\",\"position\":3,\"name\":\"Autolivello Bravo Laser Rotativo H4\"}]},{\"@type\":\"WebSite\",\"@id\":\"https:\\\/\\\/www.metrica.it\\\/fr\\\/#website\",\"url\":\"https:\\\/\\\/www.metrica.it\\\/fr\\\/\",\"name\":\"Metrica\",\"description\":\"Made to measure\",\"potentialAction\":[{\"@type\":\"SearchAction\",\"target\":{\"@type\":\"EntryPoint\",\"urlTemplate\":\"https:\\\/\\\/www.metrica.it\\\/fr\\\/?s={search_term_string}\"},\"query-input\":{\"@type\":\"PropertyValueSpecification\",\"valueRequired\":true,\"valueName\":\"search_term_string\"}}],\"inLanguage\":\"fr-FR\"}]}<\/script>","yoast_head_json":{"title":"AUTOLIVELLO BRAVO LASER ROTATIVO H4","robots":{"index":"index","follow":"follow","max-snippet":"max-snippet:-1","max-image-preview":"max-image-preview:large","max-video-preview":"max-video-preview:-1"},"canonical":"https:\/\/www.metrica.it\/fr\/produit\/autolivello-bravo-laser-rotativo-h4\/","og_locale":"fr_FR","og_type":"article","og_title":"AUTOLIVELLO BRAVO LASER ROTATIVO H4","og_description":"Niveau automatique laser rouge avec faisceau tournant visible: g\u00e9n\u00e8re un plan horizontal auto-nivel\u00e9 et une ligne horizontale d\u2019aplomb\u00c9tanch\u00e9it\u00e9 IP 66 prot\u00e9g\u00e9 compl\u00e8tement contre la poussi\u00e8re. Prot\u00e9g\u00e9 contre les projetions d\u2019eau de toutes directionsFonction scanner pour tracer une ligne plus visible e courte sur 4 longueurs au choixFonction SLOPE (inclinaison du plan en manuel)Fonction MANUELLE qui exclut nivellement automatique et permet d\u2019incliner l\u2019appareil pour tracer des plans inclin\u00e9sFonction TILT: en cas de d\u00e9placement involontaire de l\u2019appareil, le faisceau s\u2019arr\u00eate4 poign\u00e9es en caoutchouc pour une prise facile et efficaceR\u00e9ception de la t\u00e9l\u00e9commande sur les 4 c\u00f4t\u00e9s de l\u2019appareil","og_url":"https:\/\/www.metrica.it\/fr\/produit\/autolivello-bravo-laser-rotativo-h4\/","og_site_name":"Metrica","article_modified_time":"2024-09-16T19:37:10+00:00","og_image":[{"width":800,"height":800,"url":"https:\/\/www.metrica.it\/wp-content\/uploads\/2024\/06\/61385.jpg","type":"image\/jpeg"}],"twitter_card":"summary_large_image","twitter_misc":{"Dur\u00e9e de lecture estim\u00e9e":"1 minute"},"schema":{"@context":"https:\/\/schema.org","@graph":[{"@type":"WebPage","@id":"https:\/\/www.metrica.it\/fr\/produit\/autolivello-bravo-laser-rotativo-h4\/","url":"https:\/\/www.metrica.it\/fr\/produit\/autolivello-bravo-laser-rotativo-h4\/","name":"AUTOLIVELLO BRAVO LASER ROTATIVO H4","isPartOf":{"@id":"https:\/\/www.metrica.it\/fr\/#website"},"primaryImageOfPage":{"@id":"https:\/\/www.metrica.it\/fr\/produit\/autolivello-bravo-laser-rotativo-h4\/#primaryimage"},"image":{"@id":"https:\/\/www.metrica.it\/fr\/produit\/autolivello-bravo-laser-rotativo-h4\/#primaryimage"},"thumbnailUrl":"https:\/\/www.metrica.it\/wp-content\/uploads\/2024\/06\/61385.jpg","datePublished":"2024-09-16T10:45:27+00:00","dateModified":"2024-09-16T19:37:10+00:00","breadcrumb":{"@id":"https:\/\/www.metrica.it\/fr\/produit\/autolivello-bravo-laser-rotativo-h4\/#breadcrumb"},"inLanguage":"fr-FR","potentialAction":[{"@type":"ReadAction","target":["https:\/\/www.metrica.it\/fr\/produit\/autolivello-bravo-laser-rotativo-h4\/"]}]},{"@type":"ImageObject","inLanguage":"fr-FR","@id":"https:\/\/www.metrica.it\/fr\/produit\/autolivello-bravo-laser-rotativo-h4\/#primaryimage","url":"https:\/\/www.metrica.it\/wp-content\/uploads\/2024\/06\/61385.jpg","contentUrl":"https:\/\/www.metrica.it\/wp-content\/uploads\/2024\/06\/61385.jpg","width":800,"height":800},{"@type":"BreadcrumbList","@id":"https:\/\/www.metrica.it\/fr\/produit\/autolivello-bravo-laser-rotativo-h4\/#breadcrumb","itemListElement":[{"@type":"ListItem","position":1,"name":"Home","item":"https:\/\/www.metrica.it\/fr\/"},{"@type":"ListItem","position":2,"name":"Catalogue","item":"https:\/\/www.metrica.it\/fr\/catalogue\/"},{"@type":"ListItem","position":3,"name":"Autolivello Bravo Laser Rotativo H4"}]},{"@type":"WebSite","@id":"https:\/\/www.metrica.it\/fr\/#website","url":"https:\/\/www.metrica.it\/fr\/","name":"Metrica","description":"Made to measure","potentialAction":[{"@type":"SearchAction","target":{"@type":"EntryPoint","urlTemplate":"https:\/\/www.metrica.it\/fr\/?s={search_term_string}"},"query-input":{"@type":"PropertyValueSpecification","valueRequired":true,"valueName":"search_term_string"}}],"inLanguage":"fr-FR"}]}},"meta_box":{"awr_documentation":[{"filesize":288561,"ID":"146383","name":"61385.pdf","path":"\/var\/www\/html\/wp-content\/uploads\/2024\/09\/61385.pdf","url":"https:\/\/www.metrica.it\/wp-content\/uploads\/2024\/09\/61385.pdf","title":"61385.pdf"}],"awr_manuale":[],"awr_scheda_tecnica":"<table>\n<tbody>\n<tr>\n<td><strong>Pr\u00e9cision de nivellement O.<\/strong><\/td>\n<td>\u00b1 3 mm \/ 30 m<\/td>\n<\/tr>\n<tr>\n<td><strong>Plage d\u2019auto-nivellement<\/strong><\/td>\n<td>\u00b1 5\u00b0<\/td>\n<\/tr>\n<tr>\n<td><strong>Autonomie <\/strong><\/td>\n<td>30 heure<\/td>\n<\/tr>\n<tr>\n<td><strong>Port\u00e9e<\/strong><\/td>\n<td>diam 500 m (selon les conditions climatiques )<\/td>\n<\/tr>\n<tr>\n<td><strong>Vitesses de rotation<\/strong><\/td>\n<td>0-60-120-300-600 t\/min<\/td>\n<\/tr>\n<tr>\n<td><strong>Fonction Scanner<\/strong><\/td>\n<td>0\u00b0 - 10\u00b0 - 45\u00b0 - 90\u00b0 - 180\u00b0<\/td>\n<\/tr>\n<tr>\n<td><strong>Fonction Tilt<\/strong><\/td>\n<td>si<\/td>\n<\/tr>\n<tr>\n<td><strong>Type de laser <\/strong><\/td>\n<td>635 nm, 1mW<\/td>\n<\/tr>\n<tr>\n<td><strong>Puissance du laser<\/strong><\/td>\n<td>Classe 2<\/td>\n<\/tr>\n<tr>\n<td><strong>Piles<\/strong><\/td>\n<td>4 x NiMH C4000mAh 1,2 V rechargeables<\/td>\n<\/tr>\n<tr>\n<td><strong>Dimensions <\/strong><\/td>\n<td>220 x 220 x 210 mmi<\/td>\n<\/tr>\n<tr>\n<td><strong>Temp\u00e9rature d\u2019exercice<\/strong><\/td>\n<td>-10 \u00b0C \/ +50 \u00b0C<\/td>\n<\/tr>\n<tr>\n<td><strong>Poids (sans les piles) <\/strong><\/td>\n<td>3,5 kg<\/td>\n<\/tr>\n<tr>\n<td><strong>Etanch\u00e9it\u00e9<\/strong><\/td>\n<td>IP 66<\/td>\n<\/tr>\n<tr>\n<td><strong>Filetage pour tr\u00e9pied <\/strong><\/td>\n<td>5\/8\"<\/td>\n<\/tr>\n<tr>\n<td><strong>Port\u00e9e de la t\u00e9l\u00e9commande<\/strong><\/td>\n<td>30 \/ 10 m (in\/out)<\/td>\n<\/tr>\n<tr>\n<td><strong>Piles pour t\u00e9l\u00e9commande <\/strong><\/td>\n<td>2 x 15 V DC<\/td>\n<\/tr>\n<tr>\n<td><strong>Pile pour le r\u00e9cepteur <\/strong><\/td>\n<td>1 x 9 V DC<\/td>\n<\/tr>\n<\/tbody>\n<\/table>\n","awr_youtube_video":"","awr_classe_prodotto":"","awr_customize_product":"0","awr_custom_image":false,"awr_related_products":[{"awr_product_name":"Autolivello Bravo Laser Rotativo H4","awr_product_references":"ref:61385|ean:8001066613854|:<img src=\"\/media\/tabelle\/colore_rosso.png\"\/>|pack:1"}],"awr_consumabili":"60726,60747,60724,60735,60712","awr_alternativi":"61350,61345","awr_aliases":"61385","awr_skuid":"61385-it"},"_links":{"self":[{"href":"https:\/\/www.metrica.it\/fr\/wp-json\/wp\/v2\/product\/144508","targetHints":{"allow":["GET"]}}],"collection":[{"href":"https:\/\/www.metrica.it\/fr\/wp-json\/wp\/v2\/product"}],"about":[{"href":"https:\/\/www.metrica.it\/fr\/wp-json\/wp\/v2\/types\/product"}],"wp:featuredmedia":[{"embeddable":true,"href":"https:\/\/www.metrica.it\/fr\/wp-json\/wp\/v2\/media\/133876"}],"wp:attachment":[{"href":"https:\/\/www.metrica.it\/fr\/wp-json\/wp\/v2\/media?parent=144508"}],"wp:term":[{"taxonomy":"product_cat","embeddable":true,"href":"https:\/\/www.metrica.it\/fr\/wp-json\/wp\/v2\/product_cat?post=144508"},{"taxonomy":"product_tag","embeddable":true,"href":"https:\/\/www.metrica.it\/fr\/wp-json\/wp\/v2\/product_tag?post=144508"}],"curies":[{"name":"wp","href":"https:\/\/api.w.org\/{rel}","templated":true}]}}