{"id":144588,"date":"2024-09-16T12:33:29","date_gmt":"2024-09-16T10:33:29","guid":{"rendered":"https:\/\/www.metrica.it\/prodotto\/ventouse-avec-poignee-anti-glissement\/"},"modified":"2025-05-23T09:24:23","modified_gmt":"2025-05-23T07:24:23","slug":"ventouse-avec-poignee-anti-glissement","status":"publish","type":"product","link":"https:\/\/www.metrica.it\/fr\/produit\/ventouse-avec-poignee-anti-glissement\/","title":{"rendered":"Ventouse Avec Poign\u00e9e Anti-glissement"},"content":{"rendered":"<ul>\n<li>Ventouse avec poign\u00e9e caoutchout\u00e9e<\/li>\n<li>Port\u00e9e Kg 25 &#8211; 50 &#8211; 75<\/li>\n<li>Diam\u00e8tre 120 mm<\/li>\n<\/ul>\n","protected":false},"excerpt":{"rendered":"<p>Ventouse avec poign\u00e9e caoutchout\u00e9e<br \/>\nPort\u00e9e Kg 25 &#8211; 50 &#8211; 75<br \/>\nDiam\u00e8tre 120 mm<\/p>\n","protected":false},"featured_media":129094,"template":"","meta":[],"product_cat":[673,697],"product_tag":[],"class_list":{"0":"post-144588","1":"product","2":"type-product","3":"status-publish","4":"has-post-thumbnail","6":"product_cat-decoupe","7":"product_cat-regles-et-equerrers-pour-vitriers","9":"first","10":"instock","11":"sold-individually","12":"product-type-simple"},"yoast_head":"<title>Ventosa Con Impugnatura Antiscivolo | R\u00e8gles et \u00c9querrers pour Vitriers | D\u00e9coupe - Metrica<\/title>\n<meta name=\"description\" content=\"D\u00e9couvrez la collection de produits., Ventosa Con Impugnatura Antiscivolo - R\u00e8gles et \u00c9querrers pour Vitriers.Ventosa con impugnatura gommata,Portata kg 40 - 80 - 160,Diametro 120 mm . Consultez le catalogue sur le site officiel de Metrica\" \/>\n<meta name=\"robots\" content=\"index, follow, max-snippet:-1, max-image-preview:large, max-video-preview:-1\" \/>\n<link rel=\"canonical\" href=\"https:\/\/www.metrica.it\/fr\/produit\/ventouse-avec-poignee-anti-glissement\/\" \/>\n<meta property=\"og:locale\" content=\"fr_FR\" \/>\n<meta property=\"og:type\" content=\"article\" \/>\n<meta property=\"og:title\" content=\"Ventosa Con Impugnatura Antiscivolo | R\u00e8gles et \u00c9querrers pour Vitriers | D\u00e9coupe - Metrica\" \/>\n<meta property=\"og:description\" content=\"D\u00e9couvrez la collection de produits., Ventosa Con Impugnatura Antiscivolo - R\u00e8gles et \u00c9querrers pour Vitriers.Ventosa con impugnatura gommata,Portata kg 40 - 80 - 160,Diametro 120 mm . Consultez le catalogue sur le site officiel de Metrica\" \/>\n<meta property=\"og:url\" content=\"https:\/\/www.metrica.it\/fr\/produit\/ventouse-avec-poignee-anti-glissement\/\" \/>\n<meta property=\"og:site_name\" content=\"Metrica\" \/>\n<meta property=\"article:modified_time\" content=\"2025-05-23T07:24:23+00:00\" \/>\n<meta property=\"og:image\" content=\"https:\/\/www.metrica.it\/wp-content\/uploads\/2024\/06\/50541.jpg\" \/>\n\t<meta property=\"og:image:width\" content=\"800\" \/>\n\t<meta property=\"og:image:height\" content=\"800\" \/>\n\t<meta property=\"og:image:type\" content=\"image\/jpeg\" \/>\n<meta name=\"twitter:card\" content=\"summary_large_image\" \/>\n<meta name=\"twitter:label1\" content=\"Dur\u00e9e de lecture estim\u00e9e\" \/>\n\t<meta name=\"twitter:data1\" content=\"1 minute\" \/>\n<script type=\"application\/ld+json\" class=\"yoast-schema-graph\">{\"@context\":\"https:\\\/\\\/schema.org\",\"@graph\":[{\"@type\":\"WebPage\",\"@id\":\"https:\\\/\\\/www.metrica.it\\\/fr\\\/produit\\\/ventouse-avec-poignee-anti-glissement\\\/\",\"url\":\"https:\\\/\\\/www.metrica.it\\\/fr\\\/produit\\\/ventouse-avec-poignee-anti-glissement\\\/\",\"name\":\"Ventosa Con Impugnatura Antiscivolo | R\u00e8gles et \u00c9querrers pour Vitriers | D\u00e9coupe - Metrica\",\"isPartOf\":{\"@id\":\"https:\\\/\\\/www.metrica.it\\\/fr\\\/#website\"},\"primaryImageOfPage\":{\"@id\":\"https:\\\/\\\/www.metrica.it\\\/fr\\\/produit\\\/ventouse-avec-poignee-anti-glissement\\\/#primaryimage\"},\"image\":{\"@id\":\"https:\\\/\\\/www.metrica.it\\\/fr\\\/produit\\\/ventouse-avec-poignee-anti-glissement\\\/#primaryimage\"},\"thumbnailUrl\":\"https:\\\/\\\/www.metrica.it\\\/wp-content\\\/uploads\\\/2024\\\/06\\\/50541.jpg\",\"datePublished\":\"2024-09-16T10:33:29+00:00\",\"dateModified\":\"2025-05-23T07:24:23+00:00\",\"description\":\"D\u00e9couvrez la collection de produits., Ventosa Con Impugnatura Antiscivolo - R\u00e8gles et \u00c9querrers pour Vitriers.Ventosa con impugnatura gommata,Portata kg 40 - 80 - 160,Diametro 120 mm . Consultez le catalogue sur le site officiel de Metrica\",\"breadcrumb\":{\"@id\":\"https:\\\/\\\/www.metrica.it\\\/fr\\\/produit\\\/ventouse-avec-poignee-anti-glissement\\\/#breadcrumb\"},\"inLanguage\":\"fr-FR\",\"potentialAction\":[{\"@type\":\"ReadAction\",\"target\":[\"https:\\\/\\\/www.metrica.it\\\/fr\\\/produit\\\/ventouse-avec-poignee-anti-glissement\\\/\"]}]},{\"@type\":\"ImageObject\",\"inLanguage\":\"fr-FR\",\"@id\":\"https:\\\/\\\/www.metrica.it\\\/fr\\\/produit\\\/ventouse-avec-poignee-anti-glissement\\\/#primaryimage\",\"url\":\"https:\\\/\\\/www.metrica.it\\\/wp-content\\\/uploads\\\/2024\\\/06\\\/50541.jpg\",\"contentUrl\":\"https:\\\/\\\/www.metrica.it\\\/wp-content\\\/uploads\\\/2024\\\/06\\\/50541.jpg\",\"width\":800,\"height\":800},{\"@type\":\"BreadcrumbList\",\"@id\":\"https:\\\/\\\/www.metrica.it\\\/fr\\\/produit\\\/ventouse-avec-poignee-anti-glissement\\\/#breadcrumb\",\"itemListElement\":[{\"@type\":\"ListItem\",\"position\":1,\"name\":\"Home\",\"item\":\"https:\\\/\\\/www.metrica.it\\\/fr\\\/\"},{\"@type\":\"ListItem\",\"position\":2,\"name\":\"Catalogue\",\"item\":\"https:\\\/\\\/www.metrica.it\\\/fr\\\/catalogue\\\/\"},{\"@type\":\"ListItem\",\"position\":3,\"name\":\"Ventouse Avec Poign\u00e9e Anti-glissement\"}]},{\"@type\":\"WebSite\",\"@id\":\"https:\\\/\\\/www.metrica.it\\\/fr\\\/#website\",\"url\":\"https:\\\/\\\/www.metrica.it\\\/fr\\\/\",\"name\":\"Metrica\",\"description\":\"Made to measure\",\"potentialAction\":[{\"@type\":\"SearchAction\",\"target\":{\"@type\":\"EntryPoint\",\"urlTemplate\":\"https:\\\/\\\/www.metrica.it\\\/fr\\\/?s={search_term_string}\"},\"query-input\":{\"@type\":\"PropertyValueSpecification\",\"valueRequired\":true,\"valueName\":\"search_term_string\"}}],\"inLanguage\":\"fr-FR\"}]}<\/script>","yoast_head_json":{"title":"Ventosa Con Impugnatura Antiscivolo | R\u00e8gles et \u00c9querrers pour Vitriers | D\u00e9coupe - Metrica","description":"D\u00e9couvrez la collection de produits., Ventosa Con Impugnatura Antiscivolo - R\u00e8gles et \u00c9querrers pour Vitriers.Ventosa con impugnatura gommata,Portata kg 40 - 80 - 160,Diametro 120 mm . Consultez le catalogue sur le site officiel de Metrica","robots":{"index":"index","follow":"follow","max-snippet":"max-snippet:-1","max-image-preview":"max-image-preview:large","max-video-preview":"max-video-preview:-1"},"canonical":"https:\/\/www.metrica.it\/fr\/produit\/ventouse-avec-poignee-anti-glissement\/","og_locale":"fr_FR","og_type":"article","og_title":"Ventosa Con Impugnatura Antiscivolo | R\u00e8gles et \u00c9querrers pour Vitriers | D\u00e9coupe - Metrica","og_description":"D\u00e9couvrez la collection de produits., Ventosa Con Impugnatura Antiscivolo - R\u00e8gles et \u00c9querrers pour Vitriers.Ventosa con impugnatura gommata,Portata kg 40 - 80 - 160,Diametro 120 mm . Consultez le catalogue sur le site officiel de Metrica","og_url":"https:\/\/www.metrica.it\/fr\/produit\/ventouse-avec-poignee-anti-glissement\/","og_site_name":"Metrica","article_modified_time":"2025-05-23T07:24:23+00:00","og_image":[{"width":800,"height":800,"url":"https:\/\/www.metrica.it\/wp-content\/uploads\/2024\/06\/50541.jpg","type":"image\/jpeg"}],"twitter_card":"summary_large_image","twitter_misc":{"Dur\u00e9e de lecture estim\u00e9e":"1 minute"},"schema":{"@context":"https:\/\/schema.org","@graph":[{"@type":"WebPage","@id":"https:\/\/www.metrica.it\/fr\/produit\/ventouse-avec-poignee-anti-glissement\/","url":"https:\/\/www.metrica.it\/fr\/produit\/ventouse-avec-poignee-anti-glissement\/","name":"Ventosa Con Impugnatura Antiscivolo | R\u00e8gles et \u00c9querrers pour Vitriers | D\u00e9coupe - Metrica","isPartOf":{"@id":"https:\/\/www.metrica.it\/fr\/#website"},"primaryImageOfPage":{"@id":"https:\/\/www.metrica.it\/fr\/produit\/ventouse-avec-poignee-anti-glissement\/#primaryimage"},"image":{"@id":"https:\/\/www.metrica.it\/fr\/produit\/ventouse-avec-poignee-anti-glissement\/#primaryimage"},"thumbnailUrl":"https:\/\/www.metrica.it\/wp-content\/uploads\/2024\/06\/50541.jpg","datePublished":"2024-09-16T10:33:29+00:00","dateModified":"2025-05-23T07:24:23+00:00","description":"D\u00e9couvrez la collection de produits., Ventosa Con Impugnatura Antiscivolo - R\u00e8gles et \u00c9querrers pour Vitriers.Ventosa con impugnatura gommata,Portata kg 40 - 80 - 160,Diametro 120 mm . Consultez le catalogue sur le site officiel de Metrica","breadcrumb":{"@id":"https:\/\/www.metrica.it\/fr\/produit\/ventouse-avec-poignee-anti-glissement\/#breadcrumb"},"inLanguage":"fr-FR","potentialAction":[{"@type":"ReadAction","target":["https:\/\/www.metrica.it\/fr\/produit\/ventouse-avec-poignee-anti-glissement\/"]}]},{"@type":"ImageObject","inLanguage":"fr-FR","@id":"https:\/\/www.metrica.it\/fr\/produit\/ventouse-avec-poignee-anti-glissement\/#primaryimage","url":"https:\/\/www.metrica.it\/wp-content\/uploads\/2024\/06\/50541.jpg","contentUrl":"https:\/\/www.metrica.it\/wp-content\/uploads\/2024\/06\/50541.jpg","width":800,"height":800},{"@type":"BreadcrumbList","@id":"https:\/\/www.metrica.it\/fr\/produit\/ventouse-avec-poignee-anti-glissement\/#breadcrumb","itemListElement":[{"@type":"ListItem","position":1,"name":"Home","item":"https:\/\/www.metrica.it\/fr\/"},{"@type":"ListItem","position":2,"name":"Catalogue","item":"https:\/\/www.metrica.it\/fr\/catalogue\/"},{"@type":"ListItem","position":3,"name":"Ventouse Avec Poign\u00e9e Anti-glissement"}]},{"@type":"WebSite","@id":"https:\/\/www.metrica.it\/fr\/#website","url":"https:\/\/www.metrica.it\/fr\/","name":"Metrica","description":"Made to measure","potentialAction":[{"@type":"SearchAction","target":{"@type":"EntryPoint","urlTemplate":"https:\/\/www.metrica.it\/fr\/?s={search_term_string}"},"query-input":{"@type":"PropertyValueSpecification","valueRequired":true,"valueName":"search_term_string"}}],"inLanguage":"fr-FR"}]}},"meta_box":{"awr_documentation":[],"awr_manuale":[],"awr_scheda_tecnica":"","awr_youtube_video":"","awr_classe_prodotto":"","awr_customize_product":"0","awr_custom_image":false,"awr_related_products":[{"awr_product_name":"Ventosa Con Impugnatura Antiscivolo","awr_product_references":"ref:50541|ean:8001066505418|kg:25|ventosa:1|diam_mm:120|pack:1"},{"awr_product_name":"Ventosa Con Impugnatura Antiscivolo","awr_product_references":"ref:50543|ean:8001066505432|kg:50|ventosa:2|diam_mm:120|pack:1"},{"awr_product_name":"Ventosa Con Impugnatura Antiscivolo","awr_product_references":"ref:50545|ean:8001066505456|kg:75|ventosa:3|diam_mm:120|pack:1"}],"awr_consumabili":"","awr_alternativi":"","awr_aliases":"50541,50543,50545","awr_skuid":"50541-it"},"_links":{"self":[{"href":"https:\/\/www.metrica.it\/fr\/wp-json\/wp\/v2\/product\/144588","targetHints":{"allow":["GET"]}}],"collection":[{"href":"https:\/\/www.metrica.it\/fr\/wp-json\/wp\/v2\/product"}],"about":[{"href":"https:\/\/www.metrica.it\/fr\/wp-json\/wp\/v2\/types\/product"}],"wp:featuredmedia":[{"embeddable":true,"href":"https:\/\/www.metrica.it\/fr\/wp-json\/wp\/v2\/media\/129094"}],"wp:attachment":[{"href":"https:\/\/www.metrica.it\/fr\/wp-json\/wp\/v2\/media?parent=144588"}],"wp:term":[{"taxonomy":"product_cat","embeddable":true,"href":"https:\/\/www.metrica.it\/fr\/wp-json\/wp\/v2\/product_cat?post=144588"},{"taxonomy":"product_tag","embeddable":true,"href":"https:\/\/www.metrica.it\/fr\/wp-json\/wp\/v2\/product_tag?post=144588"}],"curies":[{"name":"wp","href":"https:\/\/api.w.org\/{rel}","templated":true}]}}