{"id":144628,"date":"2024-09-16T12:08:57","date_gmt":"2024-09-16T10:08:57","guid":{"rendered":"https:\/\/www.metrica.it\/prodotto\/trepied-grande-hauteur-2\/"},"modified":"2024-09-16T20:56:36","modified_gmt":"2024-09-16T18:56:36","slug":"trepied-grande-hauteur-2","status":"publish","type":"product","link":"https:\/\/www.metrica.it\/fr\/produit\/trepied-grande-hauteur-2\/","title":{"rendered":"Tr\u00e9pied &#8211; Grande Hauteur"},"content":{"rendered":"<ul>\n<li>\u00c9l\u00e9vation \u00e0 cr\u00e9maill\u00e8re<\/li>\n<li>Levier de verrouillage<\/li>\n<li>Vis 5\/8&Prime;, plateau \u00d8 50 mm<\/li>\n<li>Pieds en caoutchouc<\/li>\n<li>Fiole de centrage<\/li>\n<li>Ouverture radiale, 3 branches de tenue<\/li>\n<li>Sac de transport<\/li>\n<li>Poids: 1,3 Kg (ref 60585)<\/li>\n<li><span>Poids: <\/span><span>\u00a02,1 kg (ref 60587)<\/span><\/li>\n<li><span>Poids: <\/span><span>\u00a03 kg (ref 60588)<\/span><\/li>\n<\/ul>\n","protected":false},"excerpt":{"rendered":"<p>\u00c9l\u00e9vation \u00e0 cr\u00e9maill\u00e8re<br \/>Levier de verrouillage<br \/>Vis 5\/8\u0094, plateau \u00d8 50 mm<br \/>Pieds en caoutchouc<br \/>Fiole de centrage<br \/>Ouverture radiale, 3 branches de tenue<br \/>Sac de transport<\/p>\n<p>Poids: 1,3 Kg (ref 60585)<\/p>\n<p><span>Poids: <\/span><span>\u00a02,1 kg (ref 60587)<\/span><\/p>\n<p><span>Poids: <\/span><span>\u00a03 kg (ref 60588)<\/span><\/p>\n","protected":false},"featured_media":129889,"template":"","meta":[],"product_cat":[515,546],"product_tag":[],"class_list":{"0":"post-144628","1":"product","2":"type-product","3":"status-publish","4":"has-post-thumbnail","6":"product_cat-laser-et-cameras-thermiques","7":"product_cat-trepieds","9":"first","10":"instock","11":"sold-individually","12":"product-type-simple"},"yoast_head":"<title>Treppiede In Alluminio | Tr\u00e9pieds | Laser et Cam\u00e9ras Thermiques - Metrica<\/title>\n<meta name=\"description\" content=\"D\u00e9couvrez la collection de produits., Treppiede In Alluminio - Tr\u00e9pieds.Elevazione a cremagliera,Bloccaggio a leva,Vite 5\/8\u0094, piatto &Oslash; 50 mm . Consultez le catalogue sur le site officiel de Metrica\" \/>\n<meta name=\"robots\" content=\"index, follow, max-snippet:-1, max-image-preview:large, max-video-preview:-1\" \/>\n<link rel=\"canonical\" href=\"https:\/\/www.metrica.it\/fr\/produit\/trepied-grande-hauteur-2\/\" \/>\n<meta property=\"og:locale\" content=\"fr_FR\" \/>\n<meta property=\"og:type\" content=\"article\" \/>\n<meta property=\"og:title\" content=\"Treppiede In Alluminio | Tr\u00e9pieds | Laser et Cam\u00e9ras Thermiques - Metrica\" \/>\n<meta property=\"og:description\" content=\"D\u00e9couvrez la collection de produits., Treppiede In Alluminio - Tr\u00e9pieds.Elevazione a cremagliera,Bloccaggio a leva,Vite 5\/8\u0094, piatto &Oslash; 50 mm . Consultez le catalogue sur le site officiel de Metrica\" \/>\n<meta property=\"og:url\" content=\"https:\/\/www.metrica.it\/fr\/produit\/trepied-grande-hauteur-2\/\" \/>\n<meta property=\"og:site_name\" content=\"Metrica\" \/>\n<meta property=\"article:modified_time\" content=\"2024-09-16T18:56:36+00:00\" \/>\n<meta property=\"og:image\" content=\"https:\/\/www.metrica.it\/wp-content\/uploads\/2024\/06\/60585_60587_60588.jpg\" \/>\n\t<meta property=\"og:image:width\" content=\"800\" \/>\n\t<meta property=\"og:image:height\" content=\"800\" \/>\n\t<meta property=\"og:image:type\" content=\"image\/jpeg\" \/>\n<meta name=\"twitter:card\" content=\"summary_large_image\" \/>\n<script type=\"application\/ld+json\" class=\"yoast-schema-graph\">{\"@context\":\"https:\\\/\\\/schema.org\",\"@graph\":[{\"@type\":\"WebPage\",\"@id\":\"https:\\\/\\\/www.metrica.it\\\/fr\\\/produit\\\/trepied-grande-hauteur-2\\\/\",\"url\":\"https:\\\/\\\/www.metrica.it\\\/fr\\\/produit\\\/trepied-grande-hauteur-2\\\/\",\"name\":\"Treppiede In Alluminio | Tr\u00e9pieds | Laser et Cam\u00e9ras Thermiques - Metrica\",\"isPartOf\":{\"@id\":\"https:\\\/\\\/www.metrica.it\\\/fr\\\/#website\"},\"primaryImageOfPage\":{\"@id\":\"https:\\\/\\\/www.metrica.it\\\/fr\\\/produit\\\/trepied-grande-hauteur-2\\\/#primaryimage\"},\"image\":{\"@id\":\"https:\\\/\\\/www.metrica.it\\\/fr\\\/produit\\\/trepied-grande-hauteur-2\\\/#primaryimage\"},\"thumbnailUrl\":\"https:\\\/\\\/www.metrica.it\\\/wp-content\\\/uploads\\\/2024\\\/06\\\/60585_60587_60588.jpg\",\"datePublished\":\"2024-09-16T10:08:57+00:00\",\"dateModified\":\"2024-09-16T18:56:36+00:00\",\"description\":\"D\u00e9couvrez la collection de produits., Treppiede In Alluminio - Tr\u00e9pieds.Elevazione a cremagliera,Bloccaggio a leva,Vite 5\\\/8\u0094, piatto &Oslash; 50 mm . Consultez le catalogue sur le site officiel de Metrica\",\"breadcrumb\":{\"@id\":\"https:\\\/\\\/www.metrica.it\\\/fr\\\/produit\\\/trepied-grande-hauteur-2\\\/#breadcrumb\"},\"inLanguage\":\"fr-FR\",\"potentialAction\":[{\"@type\":\"ReadAction\",\"target\":[\"https:\\\/\\\/www.metrica.it\\\/fr\\\/produit\\\/trepied-grande-hauteur-2\\\/\"]}]},{\"@type\":\"ImageObject\",\"inLanguage\":\"fr-FR\",\"@id\":\"https:\\\/\\\/www.metrica.it\\\/fr\\\/produit\\\/trepied-grande-hauteur-2\\\/#primaryimage\",\"url\":\"https:\\\/\\\/www.metrica.it\\\/wp-content\\\/uploads\\\/2024\\\/06\\\/60585_60587_60588.jpg\",\"contentUrl\":\"https:\\\/\\\/www.metrica.it\\\/wp-content\\\/uploads\\\/2024\\\/06\\\/60585_60587_60588.jpg\",\"width\":800,\"height\":800},{\"@type\":\"BreadcrumbList\",\"@id\":\"https:\\\/\\\/www.metrica.it\\\/fr\\\/produit\\\/trepied-grande-hauteur-2\\\/#breadcrumb\",\"itemListElement\":[{\"@type\":\"ListItem\",\"position\":1,\"name\":\"Home\",\"item\":\"https:\\\/\\\/www.metrica.it\\\/fr\\\/\"},{\"@type\":\"ListItem\",\"position\":2,\"name\":\"Catalogue\",\"item\":\"https:\\\/\\\/www.metrica.it\\\/fr\\\/catalogue\\\/\"},{\"@type\":\"ListItem\",\"position\":3,\"name\":\"Tr\u00e9pied &#8211; Grande Hauteur\"}]},{\"@type\":\"WebSite\",\"@id\":\"https:\\\/\\\/www.metrica.it\\\/fr\\\/#website\",\"url\":\"https:\\\/\\\/www.metrica.it\\\/fr\\\/\",\"name\":\"Metrica\",\"description\":\"Made to measure\",\"potentialAction\":[{\"@type\":\"SearchAction\",\"target\":{\"@type\":\"EntryPoint\",\"urlTemplate\":\"https:\\\/\\\/www.metrica.it\\\/fr\\\/?s={search_term_string}\"},\"query-input\":{\"@type\":\"PropertyValueSpecification\",\"valueRequired\":true,\"valueName\":\"search_term_string\"}}],\"inLanguage\":\"fr-FR\"}]}<\/script>","yoast_head_json":{"title":"Treppiede In Alluminio | Tr\u00e9pieds | Laser et Cam\u00e9ras Thermiques - Metrica","description":"D\u00e9couvrez la collection de produits., Treppiede In Alluminio - Tr\u00e9pieds.Elevazione a cremagliera,Bloccaggio a leva,Vite 5\/8\u0094, piatto &Oslash; 50 mm . Consultez le catalogue sur le site officiel de Metrica","robots":{"index":"index","follow":"follow","max-snippet":"max-snippet:-1","max-image-preview":"max-image-preview:large","max-video-preview":"max-video-preview:-1"},"canonical":"https:\/\/www.metrica.it\/fr\/produit\/trepied-grande-hauteur-2\/","og_locale":"fr_FR","og_type":"article","og_title":"Treppiede In Alluminio | Tr\u00e9pieds | Laser et Cam\u00e9ras Thermiques - Metrica","og_description":"D\u00e9couvrez la collection de produits., Treppiede In Alluminio - Tr\u00e9pieds.Elevazione a cremagliera,Bloccaggio a leva,Vite 5\/8\u0094, piatto &Oslash; 50 mm . Consultez le catalogue sur le site officiel de Metrica","og_url":"https:\/\/www.metrica.it\/fr\/produit\/trepied-grande-hauteur-2\/","og_site_name":"Metrica","article_modified_time":"2024-09-16T18:56:36+00:00","og_image":[{"width":800,"height":800,"url":"https:\/\/www.metrica.it\/wp-content\/uploads\/2024\/06\/60585_60587_60588.jpg","type":"image\/jpeg"}],"twitter_card":"summary_large_image","schema":{"@context":"https:\/\/schema.org","@graph":[{"@type":"WebPage","@id":"https:\/\/www.metrica.it\/fr\/produit\/trepied-grande-hauteur-2\/","url":"https:\/\/www.metrica.it\/fr\/produit\/trepied-grande-hauteur-2\/","name":"Treppiede In Alluminio | Tr\u00e9pieds | Laser et Cam\u00e9ras Thermiques - Metrica","isPartOf":{"@id":"https:\/\/www.metrica.it\/fr\/#website"},"primaryImageOfPage":{"@id":"https:\/\/www.metrica.it\/fr\/produit\/trepied-grande-hauteur-2\/#primaryimage"},"image":{"@id":"https:\/\/www.metrica.it\/fr\/produit\/trepied-grande-hauteur-2\/#primaryimage"},"thumbnailUrl":"https:\/\/www.metrica.it\/wp-content\/uploads\/2024\/06\/60585_60587_60588.jpg","datePublished":"2024-09-16T10:08:57+00:00","dateModified":"2024-09-16T18:56:36+00:00","description":"D\u00e9couvrez la collection de produits., Treppiede In Alluminio - Tr\u00e9pieds.Elevazione a cremagliera,Bloccaggio a leva,Vite 5\/8\u0094, piatto &Oslash; 50 mm . Consultez le catalogue sur le site officiel de Metrica","breadcrumb":{"@id":"https:\/\/www.metrica.it\/fr\/produit\/trepied-grande-hauteur-2\/#breadcrumb"},"inLanguage":"fr-FR","potentialAction":[{"@type":"ReadAction","target":["https:\/\/www.metrica.it\/fr\/produit\/trepied-grande-hauteur-2\/"]}]},{"@type":"ImageObject","inLanguage":"fr-FR","@id":"https:\/\/www.metrica.it\/fr\/produit\/trepied-grande-hauteur-2\/#primaryimage","url":"https:\/\/www.metrica.it\/wp-content\/uploads\/2024\/06\/60585_60587_60588.jpg","contentUrl":"https:\/\/www.metrica.it\/wp-content\/uploads\/2024\/06\/60585_60587_60588.jpg","width":800,"height":800},{"@type":"BreadcrumbList","@id":"https:\/\/www.metrica.it\/fr\/produit\/trepied-grande-hauteur-2\/#breadcrumb","itemListElement":[{"@type":"ListItem","position":1,"name":"Home","item":"https:\/\/www.metrica.it\/fr\/"},{"@type":"ListItem","position":2,"name":"Catalogue","item":"https:\/\/www.metrica.it\/fr\/catalogue\/"},{"@type":"ListItem","position":3,"name":"Tr\u00e9pied &#8211; Grande Hauteur"}]},{"@type":"WebSite","@id":"https:\/\/www.metrica.it\/fr\/#website","url":"https:\/\/www.metrica.it\/fr\/","name":"Metrica","description":"Made to measure","potentialAction":[{"@type":"SearchAction","target":{"@type":"EntryPoint","urlTemplate":"https:\/\/www.metrica.it\/fr\/?s={search_term_string}"},"query-input":{"@type":"PropertyValueSpecification","valueRequired":true,"valueName":"search_term_string"}}],"inLanguage":"fr-FR"}]}},"meta_box":{"awr_documentation":[],"awr_manuale":[],"awr_scheda_tecnica":"","awr_youtube_video":"","awr_classe_prodotto":"","awr_customize_product":"0","awr_custom_image":false,"awr_related_products":[{"awr_product_name":"Treppiede In Alluminio","awr_product_references":"ref:60585|ean:8001066605859|l:63 \u00f7 182 cm|pack:1"},{"awr_product_name":"Treppiede In Alluminio","awr_product_references":"ref:60587|l:90 \u00f7 200 cm| ean:8001066605873|pack:1"},{"awr_product_name":"Treppiede In Alluminio","awr_product_references":"ref:60588|ean:8001066605880|l:90 \u00f7 290 cm|pack:1"}],"awr_consumabili":"","awr_alternativi":"","awr_aliases":"60585,60587,60588","awr_skuid":"60585-it"},"_links":{"self":[{"href":"https:\/\/www.metrica.it\/fr\/wp-json\/wp\/v2\/product\/144628","targetHints":{"allow":["GET"]}}],"collection":[{"href":"https:\/\/www.metrica.it\/fr\/wp-json\/wp\/v2\/product"}],"about":[{"href":"https:\/\/www.metrica.it\/fr\/wp-json\/wp\/v2\/types\/product"}],"wp:featuredmedia":[{"embeddable":true,"href":"https:\/\/www.metrica.it\/fr\/wp-json\/wp\/v2\/media\/129889"}],"wp:attachment":[{"href":"https:\/\/www.metrica.it\/fr\/wp-json\/wp\/v2\/media?parent=144628"}],"wp:term":[{"taxonomy":"product_cat","embeddable":true,"href":"https:\/\/www.metrica.it\/fr\/wp-json\/wp\/v2\/product_cat?post=144628"},{"taxonomy":"product_tag","embeddable":true,"href":"https:\/\/www.metrica.it\/fr\/wp-json\/wp\/v2\/product_tag?post=144628"}],"curies":[{"name":"wp","href":"https:\/\/api.w.org\/{rel}","templated":true}]}}