{"id":144714,"date":"2024-09-16T11:32:20","date_gmt":"2024-09-16T09:32:20","guid":{"rendered":"https:\/\/www.metrica.it\/prodotto\/trepied-mini\/"},"modified":"2024-09-16T20:25:00","modified_gmt":"2024-09-16T18:25:00","slug":"trepied-mini","status":"publish","type":"product","link":"https:\/\/www.metrica.it\/fr\/produit\/trepied-mini\/","title":{"rendered":"Tr\u00c9pied Mini"},"content":{"rendered":"<ul>\n<li>\u00c9l\u00e9vation \u00e0 cr\u00e9maill\u00e8re gradu\u00e9e de 20 cm de course<\/li>\n<li>Ouverture \u00e0 3 rayons de s\u00e9curit\u00e9<\/li>\n<li>Fiole de centrage<\/li>\n<li>Pieds en caoutchouc<\/li>\n<li>Fourni avec un support de poign\u00e9e amovible pour DISTO, t\u00e9l\u00e9m\u00e8tres METRICA FLASH et METRICA Bravolaser<\/li>\n<li>R\u00e9glable et inclinable dans toutes les directions<\/li>\n<li>Filetage 1\/4&Prime;<\/li>\n<li>En pochette \u00e0 bandouli\u00e8re<\/li>\n<li>Poids: 0,9 Kg<\/li>\n<\/ul>\n","protected":false},"excerpt":{"rendered":"<p>\u00c9l\u00e9vation \u00e0 cr\u00e9maill\u00e8re gradu\u00e9e de 20 cm de course<\/p>\n<p>Ouverture \u00e0 3 rayons de s\u00e9curit\u00e9<\/p>\n<p>Fiole de centrage<\/p>\n<p>Pieds en caoutchouc<\/p>\n<p>Fourni avec un support de poign\u00e9e amovible pour DISTO, t\u00e9l\u00e9m\u00e8tres METRICA FLASH et METRICA Bravolaser<\/p>\n<p>R\u00e9glable et inclinable dans toutes les directions<\/p>\n<p>Filetage 1\/4&Prime;<\/p>\n<p>En pochette \u00e0 bandouli\u00e8re<\/p>\n<p>Poids: 0,9 Kg<\/p>\n","protected":false},"featured_media":120434,"template":"","meta":[],"product_cat":[515,546],"product_tag":[],"class_list":{"0":"post-144714","1":"product","2":"type-product","3":"status-publish","4":"has-post-thumbnail","6":"product_cat-laser-et-cameras-thermiques","7":"product_cat-trepieds","9":"first","10":"instock","11":"sold-individually","12":"product-type-simple"},"yoast_head":"<title>TREPPIEDE<\/title>\n<meta name=\"robots\" content=\"index, follow, max-snippet:-1, max-image-preview:large, max-video-preview:-1\" \/>\n<link rel=\"canonical\" href=\"https:\/\/www.metrica.it\/fr\/produit\/trepied-mini\/\" \/>\n<meta property=\"og:locale\" content=\"fr_FR\" \/>\n<meta property=\"og:type\" content=\"article\" \/>\n<meta property=\"og:title\" content=\"TREPPIEDE\" \/>\n<meta property=\"og:description\" content=\"\u00c9l\u00e9vation \u00e0 cr\u00e9maill\u00e8re gradu\u00e9e de 20 cm de courseOuverture \u00e0 3 rayons de s\u00e9curit\u00e9Fiole de centragePieds en caoutchoucFourni avec un support de poign\u00e9e amovible pour DISTO, t\u00e9l\u00e9m\u00e8tres METRICA FLASH et METRICA BravolaserR\u00e9glable et inclinable dans toutes les directionsFiletage 1\/4&quot;En pochette \u00e0 bandouli\u00e8rePoids: 0,9 Kg\" \/>\n<meta property=\"og:url\" content=\"https:\/\/www.metrica.it\/fr\/produit\/trepied-mini\/\" \/>\n<meta property=\"og:site_name\" content=\"Metrica\" \/>\n<meta property=\"article:modified_time\" content=\"2024-09-16T18:25:00+00:00\" \/>\n<meta property=\"og:image\" content=\"https:\/\/www.metrica.it\/wp-content\/uploads\/2024\/05\/60598.jpg\" \/>\n\t<meta property=\"og:image:width\" content=\"1200\" \/>\n\t<meta property=\"og:image:height\" content=\"1200\" \/>\n\t<meta property=\"og:image:type\" content=\"image\/jpeg\" \/>\n<meta name=\"twitter:card\" content=\"summary_large_image\" \/>\n<script type=\"application\/ld+json\" class=\"yoast-schema-graph\">{\"@context\":\"https:\\\/\\\/schema.org\",\"@graph\":[{\"@type\":\"WebPage\",\"@id\":\"https:\\\/\\\/www.metrica.it\\\/fr\\\/produit\\\/trepied-mini\\\/\",\"url\":\"https:\\\/\\\/www.metrica.it\\\/fr\\\/produit\\\/trepied-mini\\\/\",\"name\":\"TREPPIEDE\",\"isPartOf\":{\"@id\":\"https:\\\/\\\/www.metrica.it\\\/fr\\\/#website\"},\"primaryImageOfPage\":{\"@id\":\"https:\\\/\\\/www.metrica.it\\\/fr\\\/produit\\\/trepied-mini\\\/#primaryimage\"},\"image\":{\"@id\":\"https:\\\/\\\/www.metrica.it\\\/fr\\\/produit\\\/trepied-mini\\\/#primaryimage\"},\"thumbnailUrl\":\"https:\\\/\\\/www.metrica.it\\\/wp-content\\\/uploads\\\/2024\\\/05\\\/60598.jpg\",\"datePublished\":\"2024-09-16T09:32:20+00:00\",\"dateModified\":\"2024-09-16T18:25:00+00:00\",\"breadcrumb\":{\"@id\":\"https:\\\/\\\/www.metrica.it\\\/fr\\\/produit\\\/trepied-mini\\\/#breadcrumb\"},\"inLanguage\":\"fr-FR\",\"potentialAction\":[{\"@type\":\"ReadAction\",\"target\":[\"https:\\\/\\\/www.metrica.it\\\/fr\\\/produit\\\/trepied-mini\\\/\"]}]},{\"@type\":\"ImageObject\",\"inLanguage\":\"fr-FR\",\"@id\":\"https:\\\/\\\/www.metrica.it\\\/fr\\\/produit\\\/trepied-mini\\\/#primaryimage\",\"url\":\"https:\\\/\\\/www.metrica.it\\\/wp-content\\\/uploads\\\/2024\\\/05\\\/60598.jpg\",\"contentUrl\":\"https:\\\/\\\/www.metrica.it\\\/wp-content\\\/uploads\\\/2024\\\/05\\\/60598.jpg\",\"width\":1200,\"height\":1200},{\"@type\":\"BreadcrumbList\",\"@id\":\"https:\\\/\\\/www.metrica.it\\\/fr\\\/produit\\\/trepied-mini\\\/#breadcrumb\",\"itemListElement\":[{\"@type\":\"ListItem\",\"position\":1,\"name\":\"Home\",\"item\":\"https:\\\/\\\/www.metrica.it\\\/fr\\\/\"},{\"@type\":\"ListItem\",\"position\":2,\"name\":\"Catalogue\",\"item\":\"https:\\\/\\\/www.metrica.it\\\/fr\\\/catalogue\\\/\"},{\"@type\":\"ListItem\",\"position\":3,\"name\":\"Tr\u00c9pied Mini\"}]},{\"@type\":\"WebSite\",\"@id\":\"https:\\\/\\\/www.metrica.it\\\/fr\\\/#website\",\"url\":\"https:\\\/\\\/www.metrica.it\\\/fr\\\/\",\"name\":\"Metrica\",\"description\":\"Made to measure\",\"potentialAction\":[{\"@type\":\"SearchAction\",\"target\":{\"@type\":\"EntryPoint\",\"urlTemplate\":\"https:\\\/\\\/www.metrica.it\\\/fr\\\/?s={search_term_string}\"},\"query-input\":{\"@type\":\"PropertyValueSpecification\",\"valueRequired\":true,\"valueName\":\"search_term_string\"}}],\"inLanguage\":\"fr-FR\"}]}<\/script>","yoast_head_json":{"title":"TREPPIEDE","robots":{"index":"index","follow":"follow","max-snippet":"max-snippet:-1","max-image-preview":"max-image-preview:large","max-video-preview":"max-video-preview:-1"},"canonical":"https:\/\/www.metrica.it\/fr\/produit\/trepied-mini\/","og_locale":"fr_FR","og_type":"article","og_title":"TREPPIEDE","og_description":"\u00c9l\u00e9vation \u00e0 cr\u00e9maill\u00e8re gradu\u00e9e de 20 cm de courseOuverture \u00e0 3 rayons de s\u00e9curit\u00e9Fiole de centragePieds en caoutchoucFourni avec un support de poign\u00e9e amovible pour DISTO, t\u00e9l\u00e9m\u00e8tres METRICA FLASH et METRICA BravolaserR\u00e9glable et inclinable dans toutes les directionsFiletage 1\/4\"En pochette \u00e0 bandouli\u00e8rePoids: 0,9 Kg","og_url":"https:\/\/www.metrica.it\/fr\/produit\/trepied-mini\/","og_site_name":"Metrica","article_modified_time":"2024-09-16T18:25:00+00:00","og_image":[{"width":1200,"height":1200,"url":"https:\/\/www.metrica.it\/wp-content\/uploads\/2024\/05\/60598.jpg","type":"image\/jpeg"}],"twitter_card":"summary_large_image","schema":{"@context":"https:\/\/schema.org","@graph":[{"@type":"WebPage","@id":"https:\/\/www.metrica.it\/fr\/produit\/trepied-mini\/","url":"https:\/\/www.metrica.it\/fr\/produit\/trepied-mini\/","name":"TREPPIEDE","isPartOf":{"@id":"https:\/\/www.metrica.it\/fr\/#website"},"primaryImageOfPage":{"@id":"https:\/\/www.metrica.it\/fr\/produit\/trepied-mini\/#primaryimage"},"image":{"@id":"https:\/\/www.metrica.it\/fr\/produit\/trepied-mini\/#primaryimage"},"thumbnailUrl":"https:\/\/www.metrica.it\/wp-content\/uploads\/2024\/05\/60598.jpg","datePublished":"2024-09-16T09:32:20+00:00","dateModified":"2024-09-16T18:25:00+00:00","breadcrumb":{"@id":"https:\/\/www.metrica.it\/fr\/produit\/trepied-mini\/#breadcrumb"},"inLanguage":"fr-FR","potentialAction":[{"@type":"ReadAction","target":["https:\/\/www.metrica.it\/fr\/produit\/trepied-mini\/"]}]},{"@type":"ImageObject","inLanguage":"fr-FR","@id":"https:\/\/www.metrica.it\/fr\/produit\/trepied-mini\/#primaryimage","url":"https:\/\/www.metrica.it\/wp-content\/uploads\/2024\/05\/60598.jpg","contentUrl":"https:\/\/www.metrica.it\/wp-content\/uploads\/2024\/05\/60598.jpg","width":1200,"height":1200},{"@type":"BreadcrumbList","@id":"https:\/\/www.metrica.it\/fr\/produit\/trepied-mini\/#breadcrumb","itemListElement":[{"@type":"ListItem","position":1,"name":"Home","item":"https:\/\/www.metrica.it\/fr\/"},{"@type":"ListItem","position":2,"name":"Catalogue","item":"https:\/\/www.metrica.it\/fr\/catalogue\/"},{"@type":"ListItem","position":3,"name":"Tr\u00c9pied Mini"}]},{"@type":"WebSite","@id":"https:\/\/www.metrica.it\/fr\/#website","url":"https:\/\/www.metrica.it\/fr\/","name":"Metrica","description":"Made to measure","potentialAction":[{"@type":"SearchAction","target":{"@type":"EntryPoint","urlTemplate":"https:\/\/www.metrica.it\/fr\/?s={search_term_string}"},"query-input":{"@type":"PropertyValueSpecification","valueRequired":true,"valueName":"search_term_string"}}],"inLanguage":"fr-FR"}]}},"meta_box":{"awr_documentation":[],"awr_manuale":[],"awr_scheda_tecnica":"","awr_youtube_video":"","awr_classe_prodotto":"","awr_customize_product":"0","awr_custom_image":false,"awr_related_products":[{"awr_product_name":"Treppiede","awr_product_references":"ref:60598|ean:8001066605989|pack:1"}],"awr_consumabili":"","awr_alternativi":"","awr_aliases":"60598","awr_skuid":"60598-it"},"_links":{"self":[{"href":"https:\/\/www.metrica.it\/fr\/wp-json\/wp\/v2\/product\/144714","targetHints":{"allow":["GET"]}}],"collection":[{"href":"https:\/\/www.metrica.it\/fr\/wp-json\/wp\/v2\/product"}],"about":[{"href":"https:\/\/www.metrica.it\/fr\/wp-json\/wp\/v2\/types\/product"}],"wp:featuredmedia":[{"embeddable":true,"href":"https:\/\/www.metrica.it\/fr\/wp-json\/wp\/v2\/media\/120434"}],"wp:attachment":[{"href":"https:\/\/www.metrica.it\/fr\/wp-json\/wp\/v2\/media?parent=144714"}],"wp:term":[{"taxonomy":"product_cat","embeddable":true,"href":"https:\/\/www.metrica.it\/fr\/wp-json\/wp\/v2\/product_cat?post=144714"},{"taxonomy":"product_tag","embeddable":true,"href":"https:\/\/www.metrica.it\/fr\/wp-json\/wp\/v2\/product_tag?post=144714"}],"curies":[{"name":"wp","href":"https:\/\/api.w.org\/{rel}","templated":true}]}}