{"id":144734,"date":"2024-09-16T11:57:58","date_gmt":"2024-09-16T09:57:58","guid":{"rendered":"https:\/\/www.metrica.it\/prodotto\/sclerometre-pour-beton\/"},"modified":"2024-09-16T20:45:15","modified_gmt":"2024-09-16T18:45:15","slug":"sclerometre-pour-beton","status":"publish","type":"product","link":"https:\/\/www.metrica.it\/fr\/produit\/sclerometre-pour-beton\/","title":{"rendered":"Scl\u00e9rom\u00e8tre Pour B\u00e9ton"},"content":{"rendered":"<ul>\n<li>Scl\u00e9rom\u00e8tre pour b\u00e9ton<\/li>\n<li>Lecture directe \u00e0 cadran<\/li>\n<li>Fourni avec un test<\/li>\n<li>\u00c9tui rigide<\/li>\n<\/ul>\n","protected":false},"excerpt":{"rendered":"<p>Scl\u00e9rom\u00e8tre pour b\u00e9ton<br \/>Lecture directe \u00e0 cadran<br \/>Fourni avec un test<br \/>\u00c9tui rigide<\/p>\n","protected":false},"featured_media":125670,"template":"","meta":[],"product_cat":[641,669],"product_tag":[],"class_list":{"0":"post-144734","1":"product","2":"type-product","3":"status-publish","4":"has-post-thumbnail","6":"product_cat-mesures-mecaniques","7":"product_cat-sclerometres","9":"first","10":"instock","11":"sold-individually","12":"product-type-simple"},"yoast_head":"<title>Sclerometro Per Calcestruzzo | Scl\u00e9rom\u00e8tres | Mesures M\u00e9caniques - Metrica<\/title>\n<meta name=\"description\" content=\"D\u00e9couvrez la collection de produits., Sclerometro Per Calcestruzzo - Scl\u00e9rom\u00e8tres.Sclerometro per calcestruzzo,Lettura della resistenza in kg\/cm2,Fornito con provino . Consultez le catalogue sur le site officiel de Metrica\" \/>\n<meta name=\"robots\" content=\"index, follow, max-snippet:-1, max-image-preview:large, max-video-preview:-1\" \/>\n<link rel=\"canonical\" href=\"https:\/\/www.metrica.it\/fr\/produit\/sclerometre-pour-beton\/\" \/>\n<meta property=\"og:locale\" content=\"fr_FR\" \/>\n<meta property=\"og:type\" content=\"article\" \/>\n<meta property=\"og:title\" content=\"Sclerometro Per Calcestruzzo | Scl\u00e9rom\u00e8tres | Mesures M\u00e9caniques - Metrica\" \/>\n<meta property=\"og:description\" content=\"D\u00e9couvrez la collection de produits., Sclerometro Per Calcestruzzo - Scl\u00e9rom\u00e8tres.Sclerometro per calcestruzzo,Lettura della resistenza in kg\/cm2,Fornito con provino . Consultez le catalogue sur le site officiel de Metrica\" \/>\n<meta property=\"og:url\" content=\"https:\/\/www.metrica.it\/fr\/produit\/sclerometre-pour-beton\/\" \/>\n<meta property=\"og:site_name\" content=\"Metrica\" \/>\n<meta property=\"article:modified_time\" content=\"2024-09-16T18:45:15+00:00\" \/>\n<meta property=\"og:image\" content=\"https:\/\/www.metrica.it\/wp-content\/uploads\/2024\/05\/60210_3.jpg\" \/>\n\t<meta property=\"og:image:width\" content=\"800\" \/>\n\t<meta property=\"og:image:height\" content=\"800\" \/>\n\t<meta property=\"og:image:type\" content=\"image\/jpeg\" \/>\n<meta name=\"twitter:card\" content=\"summary_large_image\" \/>\n<script type=\"application\/ld+json\" class=\"yoast-schema-graph\">{\"@context\":\"https:\\\/\\\/schema.org\",\"@graph\":[{\"@type\":\"WebPage\",\"@id\":\"https:\\\/\\\/www.metrica.it\\\/fr\\\/produit\\\/sclerometre-pour-beton\\\/\",\"url\":\"https:\\\/\\\/www.metrica.it\\\/fr\\\/produit\\\/sclerometre-pour-beton\\\/\",\"name\":\"Sclerometro Per Calcestruzzo | Scl\u00e9rom\u00e8tres | Mesures M\u00e9caniques - Metrica\",\"isPartOf\":{\"@id\":\"https:\\\/\\\/www.metrica.it\\\/fr\\\/#website\"},\"primaryImageOfPage\":{\"@id\":\"https:\\\/\\\/www.metrica.it\\\/fr\\\/produit\\\/sclerometre-pour-beton\\\/#primaryimage\"},\"image\":{\"@id\":\"https:\\\/\\\/www.metrica.it\\\/fr\\\/produit\\\/sclerometre-pour-beton\\\/#primaryimage\"},\"thumbnailUrl\":\"https:\\\/\\\/www.metrica.it\\\/wp-content\\\/uploads\\\/2024\\\/05\\\/60210_3.jpg\",\"datePublished\":\"2024-09-16T09:57:58+00:00\",\"dateModified\":\"2024-09-16T18:45:15+00:00\",\"description\":\"D\u00e9couvrez la collection de produits., Sclerometro Per Calcestruzzo - Scl\u00e9rom\u00e8tres.Sclerometro per calcestruzzo,Lettura della resistenza in kg\\\/cm2,Fornito con provino . Consultez le catalogue sur le site officiel de Metrica\",\"breadcrumb\":{\"@id\":\"https:\\\/\\\/www.metrica.it\\\/fr\\\/produit\\\/sclerometre-pour-beton\\\/#breadcrumb\"},\"inLanguage\":\"fr-FR\",\"potentialAction\":[{\"@type\":\"ReadAction\",\"target\":[\"https:\\\/\\\/www.metrica.it\\\/fr\\\/produit\\\/sclerometre-pour-beton\\\/\"]}]},{\"@type\":\"ImageObject\",\"inLanguage\":\"fr-FR\",\"@id\":\"https:\\\/\\\/www.metrica.it\\\/fr\\\/produit\\\/sclerometre-pour-beton\\\/#primaryimage\",\"url\":\"https:\\\/\\\/www.metrica.it\\\/wp-content\\\/uploads\\\/2024\\\/05\\\/60210_3.jpg\",\"contentUrl\":\"https:\\\/\\\/www.metrica.it\\\/wp-content\\\/uploads\\\/2024\\\/05\\\/60210_3.jpg\",\"width\":800,\"height\":800},{\"@type\":\"BreadcrumbList\",\"@id\":\"https:\\\/\\\/www.metrica.it\\\/fr\\\/produit\\\/sclerometre-pour-beton\\\/#breadcrumb\",\"itemListElement\":[{\"@type\":\"ListItem\",\"position\":1,\"name\":\"Home\",\"item\":\"https:\\\/\\\/www.metrica.it\\\/fr\\\/\"},{\"@type\":\"ListItem\",\"position\":2,\"name\":\"Catalogue\",\"item\":\"https:\\\/\\\/www.metrica.it\\\/fr\\\/catalogue\\\/\"},{\"@type\":\"ListItem\",\"position\":3,\"name\":\"Scl\u00e9rom\u00e8tre Pour B\u00e9ton\"}]},{\"@type\":\"WebSite\",\"@id\":\"https:\\\/\\\/www.metrica.it\\\/fr\\\/#website\",\"url\":\"https:\\\/\\\/www.metrica.it\\\/fr\\\/\",\"name\":\"Metrica\",\"description\":\"Made to measure\",\"potentialAction\":[{\"@type\":\"SearchAction\",\"target\":{\"@type\":\"EntryPoint\",\"urlTemplate\":\"https:\\\/\\\/www.metrica.it\\\/fr\\\/?s={search_term_string}\"},\"query-input\":{\"@type\":\"PropertyValueSpecification\",\"valueRequired\":true,\"valueName\":\"search_term_string\"}}],\"inLanguage\":\"fr-FR\"}]}<\/script>","yoast_head_json":{"title":"Sclerometro Per Calcestruzzo | Scl\u00e9rom\u00e8tres | Mesures M\u00e9caniques - Metrica","description":"D\u00e9couvrez la collection de produits., Sclerometro Per Calcestruzzo - Scl\u00e9rom\u00e8tres.Sclerometro per calcestruzzo,Lettura della resistenza in kg\/cm2,Fornito con provino . Consultez le catalogue sur le site officiel de Metrica","robots":{"index":"index","follow":"follow","max-snippet":"max-snippet:-1","max-image-preview":"max-image-preview:large","max-video-preview":"max-video-preview:-1"},"canonical":"https:\/\/www.metrica.it\/fr\/produit\/sclerometre-pour-beton\/","og_locale":"fr_FR","og_type":"article","og_title":"Sclerometro Per Calcestruzzo | Scl\u00e9rom\u00e8tres | Mesures M\u00e9caniques - Metrica","og_description":"D\u00e9couvrez la collection de produits., Sclerometro Per Calcestruzzo - Scl\u00e9rom\u00e8tres.Sclerometro per calcestruzzo,Lettura della resistenza in kg\/cm2,Fornito con provino . Consultez le catalogue sur le site officiel de Metrica","og_url":"https:\/\/www.metrica.it\/fr\/produit\/sclerometre-pour-beton\/","og_site_name":"Metrica","article_modified_time":"2024-09-16T18:45:15+00:00","og_image":[{"width":800,"height":800,"url":"https:\/\/www.metrica.it\/wp-content\/uploads\/2024\/05\/60210_3.jpg","type":"image\/jpeg"}],"twitter_card":"summary_large_image","schema":{"@context":"https:\/\/schema.org","@graph":[{"@type":"WebPage","@id":"https:\/\/www.metrica.it\/fr\/produit\/sclerometre-pour-beton\/","url":"https:\/\/www.metrica.it\/fr\/produit\/sclerometre-pour-beton\/","name":"Sclerometro Per Calcestruzzo | Scl\u00e9rom\u00e8tres | Mesures M\u00e9caniques - Metrica","isPartOf":{"@id":"https:\/\/www.metrica.it\/fr\/#website"},"primaryImageOfPage":{"@id":"https:\/\/www.metrica.it\/fr\/produit\/sclerometre-pour-beton\/#primaryimage"},"image":{"@id":"https:\/\/www.metrica.it\/fr\/produit\/sclerometre-pour-beton\/#primaryimage"},"thumbnailUrl":"https:\/\/www.metrica.it\/wp-content\/uploads\/2024\/05\/60210_3.jpg","datePublished":"2024-09-16T09:57:58+00:00","dateModified":"2024-09-16T18:45:15+00:00","description":"D\u00e9couvrez la collection de produits., Sclerometro Per Calcestruzzo - Scl\u00e9rom\u00e8tres.Sclerometro per calcestruzzo,Lettura della resistenza in kg\/cm2,Fornito con provino . Consultez le catalogue sur le site officiel de Metrica","breadcrumb":{"@id":"https:\/\/www.metrica.it\/fr\/produit\/sclerometre-pour-beton\/#breadcrumb"},"inLanguage":"fr-FR","potentialAction":[{"@type":"ReadAction","target":["https:\/\/www.metrica.it\/fr\/produit\/sclerometre-pour-beton\/"]}]},{"@type":"ImageObject","inLanguage":"fr-FR","@id":"https:\/\/www.metrica.it\/fr\/produit\/sclerometre-pour-beton\/#primaryimage","url":"https:\/\/www.metrica.it\/wp-content\/uploads\/2024\/05\/60210_3.jpg","contentUrl":"https:\/\/www.metrica.it\/wp-content\/uploads\/2024\/05\/60210_3.jpg","width":800,"height":800},{"@type":"BreadcrumbList","@id":"https:\/\/www.metrica.it\/fr\/produit\/sclerometre-pour-beton\/#breadcrumb","itemListElement":[{"@type":"ListItem","position":1,"name":"Home","item":"https:\/\/www.metrica.it\/fr\/"},{"@type":"ListItem","position":2,"name":"Catalogue","item":"https:\/\/www.metrica.it\/fr\/catalogue\/"},{"@type":"ListItem","position":3,"name":"Scl\u00e9rom\u00e8tre Pour B\u00e9ton"}]},{"@type":"WebSite","@id":"https:\/\/www.metrica.it\/fr\/#website","url":"https:\/\/www.metrica.it\/fr\/","name":"Metrica","description":"Made to measure","potentialAction":[{"@type":"SearchAction","target":{"@type":"EntryPoint","urlTemplate":"https:\/\/www.metrica.it\/fr\/?s={search_term_string}"},"query-input":{"@type":"PropertyValueSpecification","valueRequired":true,"valueName":"search_term_string"}}],"inLanguage":"fr-FR"}]}},"meta_box":{"awr_documentation":[{"filesize":816394,"ID":"146336","name":"60210.pdf","path":"\/var\/www\/html\/wp-content\/uploads\/2024\/09\/60210.pdf","url":"https:\/\/www.metrica.it\/wp-content\/uploads\/2024\/09\/60210.pdf","title":"60210.pdf"}],"awr_manuale":[],"awr_scheda_tecnica":"","awr_youtube_video":"","awr_classe_prodotto":"","awr_customize_product":"0","awr_custom_image":false,"awr_related_products":[{"awr_product_name":"Sclerometro Per Calcestruzzo","awr_product_references":"ref:60210|ean:8001066602100|pack:1"}],"awr_consumabili":"","awr_alternativi":"","awr_aliases":"60210","awr_skuid":"60210-it"},"_links":{"self":[{"href":"https:\/\/www.metrica.it\/fr\/wp-json\/wp\/v2\/product\/144734","targetHints":{"allow":["GET"]}}],"collection":[{"href":"https:\/\/www.metrica.it\/fr\/wp-json\/wp\/v2\/product"}],"about":[{"href":"https:\/\/www.metrica.it\/fr\/wp-json\/wp\/v2\/types\/product"}],"wp:featuredmedia":[{"embeddable":true,"href":"https:\/\/www.metrica.it\/fr\/wp-json\/wp\/v2\/media\/125670"}],"wp:attachment":[{"href":"https:\/\/www.metrica.it\/fr\/wp-json\/wp\/v2\/media?parent=144734"}],"wp:term":[{"taxonomy":"product_cat","embeddable":true,"href":"https:\/\/www.metrica.it\/fr\/wp-json\/wp\/v2\/product_cat?post=144734"},{"taxonomy":"product_tag","embeddable":true,"href":"https:\/\/www.metrica.it\/fr\/wp-json\/wp\/v2\/product_tag?post=144734"}],"curies":[{"name":"wp","href":"https:\/\/api.w.org\/{rel}","templated":true}]}}