{"id":144749,"date":"2024-09-16T12:39:03","date_gmt":"2024-09-16T10:39:03","guid":{"rendered":"https:\/\/www.metrica.it\/prodotto\/niveau-professionnel-socle-plat\/"},"modified":"2024-09-16T21:30:25","modified_gmt":"2024-09-16T19:30:25","slug":"niveau-professionnel-socle-plat","status":"publish","type":"product","link":"https:\/\/www.metrica.it\/fr\/produit\/niveau-professionnel-socle-plat\/","title":{"rendered":"Niveau Professionnel Socle Plat"},"content":{"rendered":"<ul>\n<li>Socle plat usin\u00e9<\/li>\n<li>Section tr\u00e8s large 62 x 25 mm<\/li>\n<li>Barre de renfort int\u00e9rieure pour une rigidit\u00e9 extr\u00eame<\/li>\n<li>Double nervure lat\u00e9rale pour une prise sure<\/li>\n<li>Bouchons en caoutchouc<\/li>\n<li>Fioles acryliques de haute transparence<\/li>\n<li>Fiole horizontale arrondie pour une visibilit\u00e9 parfaite de tout c\u00f4t\u00e9<\/li>\n<li>Indication directe de la pente 2% sur la fiole centrale<\/li>\n<li>Pr\u00e9cision 0,50 mm\/m<\/li>\n<li>Garantie 5 ans<\/li>\n<\/ul>\n","protected":false},"excerpt":{"rendered":"<p>Socle plat usin\u00e9<br \/>Section tr\u00e8s large 62 x 25 mm<br \/>Barre de renfort int\u00e9rieure pour une rigidit\u00e9 extr\u00eame<br \/>Double nervure lat\u00e9rale pour une prise sure<br \/>Bouchons en caoutchouc<br \/>Fioles acryliques de haute transparence<br \/>Fiole horizontale arrondie pour une visibilit\u00e9 parfaite de tout c\u00f4t\u00e9<br \/>Indication directe de la pente 2% sur la fiole centrale<br \/>Pr\u00e9cision 0,50 mm\/m<br \/>Garantie 5 ans<\/p>\n","protected":false},"featured_media":118938,"template":"","meta":[],"product_cat":[550,566],"product_tag":[],"class_list":{"0":"post-144749","1":"product","2":"type-product","3":"status-publish","4":"has-post-thumbnail","6":"product_cat-niveaux","7":"product_cat-niveaux-pour-la-construction","9":"first","10":"instock","11":"sold-individually","12":"product-type-simple"},"yoast_head":"<title>Livella Professionale Base Piana | Niveaux pour la construction | Niveaux - Metrica<\/title>\n<meta name=\"description\" content=\"D\u00e9couvrez la collection de produits., Livella Professionale Base Piana - Niveaux pour la construction.Base piana lavorata,Sezione maggiorata 62 x 25 mm,Barra interna di rinforzo per un estrema rigi . Consultez le catalogue sur le site officiel de Metrica\" \/>\n<meta name=\"robots\" content=\"index, follow, max-snippet:-1, max-image-preview:large, max-video-preview:-1\" \/>\n<link rel=\"canonical\" href=\"https:\/\/www.metrica.it\/fr\/produit\/niveau-professionnel-socle-plat\/\" \/>\n<meta property=\"og:locale\" content=\"fr_FR\" \/>\n<meta property=\"og:type\" content=\"article\" \/>\n<meta property=\"og:title\" content=\"Livella Professionale Base Piana | Niveaux pour la construction | Niveaux - Metrica\" \/>\n<meta property=\"og:description\" content=\"D\u00e9couvrez la collection de produits., Livella Professionale Base Piana - Niveaux pour la construction.Base piana lavorata,Sezione maggiorata 62 x 25 mm,Barra interna di rinforzo per un estrema rigi . Consultez le catalogue sur le site officiel de Metrica\" \/>\n<meta property=\"og:url\" content=\"https:\/\/www.metrica.it\/fr\/produit\/niveau-professionnel-socle-plat\/\" \/>\n<meta property=\"og:site_name\" content=\"Metrica\" \/>\n<meta property=\"article:modified_time\" content=\"2024-09-16T19:30:25+00:00\" \/>\n<meta property=\"og:image\" content=\"https:\/\/www.metrica.it\/wp-content\/uploads\/2024\/05\/32804.jpg\" \/>\n\t<meta property=\"og:image:width\" content=\"800\" \/>\n\t<meta property=\"og:image:height\" content=\"800\" \/>\n\t<meta property=\"og:image:type\" content=\"image\/jpeg\" \/>\n<meta name=\"twitter:card\" content=\"summary_large_image\" \/>\n<script type=\"application\/ld+json\" class=\"yoast-schema-graph\">{\"@context\":\"https:\\\/\\\/schema.org\",\"@graph\":[{\"@type\":\"WebPage\",\"@id\":\"https:\\\/\\\/www.metrica.it\\\/fr\\\/produit\\\/niveau-professionnel-socle-plat\\\/\",\"url\":\"https:\\\/\\\/www.metrica.it\\\/fr\\\/produit\\\/niveau-professionnel-socle-plat\\\/\",\"name\":\"Livella Professionale Base Piana | Niveaux pour la construction | Niveaux - Metrica\",\"isPartOf\":{\"@id\":\"https:\\\/\\\/www.metrica.it\\\/fr\\\/#website\"},\"primaryImageOfPage\":{\"@id\":\"https:\\\/\\\/www.metrica.it\\\/fr\\\/produit\\\/niveau-professionnel-socle-plat\\\/#primaryimage\"},\"image\":{\"@id\":\"https:\\\/\\\/www.metrica.it\\\/fr\\\/produit\\\/niveau-professionnel-socle-plat\\\/#primaryimage\"},\"thumbnailUrl\":\"https:\\\/\\\/www.metrica.it\\\/wp-content\\\/uploads\\\/2024\\\/05\\\/32804.jpg\",\"datePublished\":\"2024-09-16T10:39:03+00:00\",\"dateModified\":\"2024-09-16T19:30:25+00:00\",\"description\":\"D\u00e9couvrez la collection de produits., Livella Professionale Base Piana - Niveaux pour la construction.Base piana lavorata,Sezione maggiorata 62 x 25 mm,Barra interna di rinforzo per un estrema rigi . Consultez le catalogue sur le site officiel de Metrica\",\"breadcrumb\":{\"@id\":\"https:\\\/\\\/www.metrica.it\\\/fr\\\/produit\\\/niveau-professionnel-socle-plat\\\/#breadcrumb\"},\"inLanguage\":\"fr-FR\",\"potentialAction\":[{\"@type\":\"ReadAction\",\"target\":[\"https:\\\/\\\/www.metrica.it\\\/fr\\\/produit\\\/niveau-professionnel-socle-plat\\\/\"]}]},{\"@type\":\"ImageObject\",\"inLanguage\":\"fr-FR\",\"@id\":\"https:\\\/\\\/www.metrica.it\\\/fr\\\/produit\\\/niveau-professionnel-socle-plat\\\/#primaryimage\",\"url\":\"https:\\\/\\\/www.metrica.it\\\/wp-content\\\/uploads\\\/2024\\\/05\\\/32804.jpg\",\"contentUrl\":\"https:\\\/\\\/www.metrica.it\\\/wp-content\\\/uploads\\\/2024\\\/05\\\/32804.jpg\",\"width\":800,\"height\":800},{\"@type\":\"BreadcrumbList\",\"@id\":\"https:\\\/\\\/www.metrica.it\\\/fr\\\/produit\\\/niveau-professionnel-socle-plat\\\/#breadcrumb\",\"itemListElement\":[{\"@type\":\"ListItem\",\"position\":1,\"name\":\"Home\",\"item\":\"https:\\\/\\\/www.metrica.it\\\/fr\\\/\"},{\"@type\":\"ListItem\",\"position\":2,\"name\":\"Catalogue\",\"item\":\"https:\\\/\\\/www.metrica.it\\\/fr\\\/catalogue\\\/\"},{\"@type\":\"ListItem\",\"position\":3,\"name\":\"Niveau Professionnel Socle Plat\"}]},{\"@type\":\"WebSite\",\"@id\":\"https:\\\/\\\/www.metrica.it\\\/fr\\\/#website\",\"url\":\"https:\\\/\\\/www.metrica.it\\\/fr\\\/\",\"name\":\"Metrica\",\"description\":\"Made to measure\",\"potentialAction\":[{\"@type\":\"SearchAction\",\"target\":{\"@type\":\"EntryPoint\",\"urlTemplate\":\"https:\\\/\\\/www.metrica.it\\\/fr\\\/?s={search_term_string}\"},\"query-input\":{\"@type\":\"PropertyValueSpecification\",\"valueRequired\":true,\"valueName\":\"search_term_string\"}}],\"inLanguage\":\"fr-FR\"}]}<\/script>","yoast_head_json":{"title":"Livella Professionale Base Piana | Niveaux pour la construction | Niveaux - Metrica","description":"D\u00e9couvrez la collection de produits., Livella Professionale Base Piana - Niveaux pour la construction.Base piana lavorata,Sezione maggiorata 62 x 25 mm,Barra interna di rinforzo per un estrema rigi . Consultez le catalogue sur le site officiel de Metrica","robots":{"index":"index","follow":"follow","max-snippet":"max-snippet:-1","max-image-preview":"max-image-preview:large","max-video-preview":"max-video-preview:-1"},"canonical":"https:\/\/www.metrica.it\/fr\/produit\/niveau-professionnel-socle-plat\/","og_locale":"fr_FR","og_type":"article","og_title":"Livella Professionale Base Piana | Niveaux pour la construction | Niveaux - Metrica","og_description":"D\u00e9couvrez la collection de produits., Livella Professionale Base Piana - Niveaux pour la construction.Base piana lavorata,Sezione maggiorata 62 x 25 mm,Barra interna di rinforzo per un estrema rigi . Consultez le catalogue sur le site officiel de Metrica","og_url":"https:\/\/www.metrica.it\/fr\/produit\/niveau-professionnel-socle-plat\/","og_site_name":"Metrica","article_modified_time":"2024-09-16T19:30:25+00:00","og_image":[{"width":800,"height":800,"url":"https:\/\/www.metrica.it\/wp-content\/uploads\/2024\/05\/32804.jpg","type":"image\/jpeg"}],"twitter_card":"summary_large_image","schema":{"@context":"https:\/\/schema.org","@graph":[{"@type":"WebPage","@id":"https:\/\/www.metrica.it\/fr\/produit\/niveau-professionnel-socle-plat\/","url":"https:\/\/www.metrica.it\/fr\/produit\/niveau-professionnel-socle-plat\/","name":"Livella Professionale Base Piana | Niveaux pour la construction | Niveaux - Metrica","isPartOf":{"@id":"https:\/\/www.metrica.it\/fr\/#website"},"primaryImageOfPage":{"@id":"https:\/\/www.metrica.it\/fr\/produit\/niveau-professionnel-socle-plat\/#primaryimage"},"image":{"@id":"https:\/\/www.metrica.it\/fr\/produit\/niveau-professionnel-socle-plat\/#primaryimage"},"thumbnailUrl":"https:\/\/www.metrica.it\/wp-content\/uploads\/2024\/05\/32804.jpg","datePublished":"2024-09-16T10:39:03+00:00","dateModified":"2024-09-16T19:30:25+00:00","description":"D\u00e9couvrez la collection de produits., Livella Professionale Base Piana - Niveaux pour la construction.Base piana lavorata,Sezione maggiorata 62 x 25 mm,Barra interna di rinforzo per un estrema rigi . Consultez le catalogue sur le site officiel de Metrica","breadcrumb":{"@id":"https:\/\/www.metrica.it\/fr\/produit\/niveau-professionnel-socle-plat\/#breadcrumb"},"inLanguage":"fr-FR","potentialAction":[{"@type":"ReadAction","target":["https:\/\/www.metrica.it\/fr\/produit\/niveau-professionnel-socle-plat\/"]}]},{"@type":"ImageObject","inLanguage":"fr-FR","@id":"https:\/\/www.metrica.it\/fr\/produit\/niveau-professionnel-socle-plat\/#primaryimage","url":"https:\/\/www.metrica.it\/wp-content\/uploads\/2024\/05\/32804.jpg","contentUrl":"https:\/\/www.metrica.it\/wp-content\/uploads\/2024\/05\/32804.jpg","width":800,"height":800},{"@type":"BreadcrumbList","@id":"https:\/\/www.metrica.it\/fr\/produit\/niveau-professionnel-socle-plat\/#breadcrumb","itemListElement":[{"@type":"ListItem","position":1,"name":"Home","item":"https:\/\/www.metrica.it\/fr\/"},{"@type":"ListItem","position":2,"name":"Catalogue","item":"https:\/\/www.metrica.it\/fr\/catalogue\/"},{"@type":"ListItem","position":3,"name":"Niveau Professionnel Socle Plat"}]},{"@type":"WebSite","@id":"https:\/\/www.metrica.it\/fr\/#website","url":"https:\/\/www.metrica.it\/fr\/","name":"Metrica","description":"Made to measure","potentialAction":[{"@type":"SearchAction","target":{"@type":"EntryPoint","urlTemplate":"https:\/\/www.metrica.it\/fr\/?s={search_term_string}"},"query-input":{"@type":"PropertyValueSpecification","valueRequired":true,"valueName":"search_term_string"}}],"inLanguage":"fr-FR"}]}},"meta_box":{"awr_documentation":[],"awr_manuale":[],"awr_scheda_tecnica":"","awr_youtube_video":"","awr_classe_prodotto":"","awr_customize_product":"0","awr_custom_image":false,"awr_related_products":[{"awr_product_name":"Livella Professionale Base Piana","awr_product_references":"ref:32804|ean:8001066328048|l:40 cm|gr:364|2_fiale:*|3_fiale: |pack:6"},{"awr_product_name":"Livella Professionale Base Piana","awr_product_references":"ref:32805|ean:8001066328055|l:50 cm|gr:455|2_fiale:*|3_fiale: |pack:6"},{"awr_product_name":"Livella Professionale Base Piana","awr_product_references":"ref:32806|ean:8001066328062|l:60 cm|gr:546|2_fiale:*|3_fiale: |pack:6"},{"awr_product_name":"Livella Professionale Base Piana","awr_product_references":"ref:32808|ean:8001066328086|l:80 cm|gr:728|2_fiale:*|3_fiale: |pack:6"},{"awr_product_name":"Livella Professionale Base Piana","awr_product_references":"ref:32810|ean:8001066328109|l:100 cm|gr:910|2_fiale:*|3_fiale: |pack:6"},{"awr_product_name":"Livella Professionale Base Piana","awr_product_references":"ref:32844|ean:8001066328444|l:40 cm|gr:364|2_fiale: |3_fiale:*|pack:6"},{"awr_product_name":"Livella Professionale Base Piana","awr_product_references":"ref:32845|ean:8001066328451|l:50 cm|gr:455|2_fiale: |3_fiale:*|pack:6"},{"awr_product_name":"Livella Professionale Base Piana","awr_product_references":"ref:32846|ean:8001066328468|l:60 cm|gr:646|2_fiale: |3_fiale:*|pack:3"},{"awr_product_name":"Livella Professionale Base Piana","awr_product_references":"ref:32848|ean:8001066328482|l:80 cm|gr:728|2_fiale: |3_fiale:*|pack:6"},{"awr_product_name":"Livella Professionale Base Piana","awr_product_references":"ref:32850|ean:8001066328505|l:100 cm|gr:910|2_fiale: |3_fiale:*|pack:6"},{"awr_product_name":"Livella Professionale Base Piana","awr_product_references":"ref:32852|ean:8001066328529|l:120 cm|gr:1092|2_fiale: |3_fiale:*|pack:6"},{"awr_product_name":"Livella Professionale Base Piana","awr_product_references":"ref:32855|ean:8001066328550|l:150 cm|gr:1365|2_fiale: |3_fiale:*|pack:6"},{"awr_product_name":"Livella Professionale Base Piana","awr_product_references":"ref:32858|ean:8001066328581|l:180 cm|gr:1638|2_fiale: |3_fiale:*|pack:6"},{"awr_product_name":"Livella Professionale Base Piana","awr_product_references":"ref:32860|ean:8001066328604|l:200 cm|gr:1820|2_fiale: |3_fiale:*|pack:6"}],"awr_consumabili":"","awr_alternativi":"","awr_aliases":"32804,32805,32806,32808,32810,32844,32845,32846,32848,32850,32852,32855,32858,32860","awr_skuid":"32804-it"},"_links":{"self":[{"href":"https:\/\/www.metrica.it\/fr\/wp-json\/wp\/v2\/product\/144749","targetHints":{"allow":["GET"]}}],"collection":[{"href":"https:\/\/www.metrica.it\/fr\/wp-json\/wp\/v2\/product"}],"about":[{"href":"https:\/\/www.metrica.it\/fr\/wp-json\/wp\/v2\/types\/product"}],"wp:featuredmedia":[{"embeddable":true,"href":"https:\/\/www.metrica.it\/fr\/wp-json\/wp\/v2\/media\/118938"}],"wp:attachment":[{"href":"https:\/\/www.metrica.it\/fr\/wp-json\/wp\/v2\/media?parent=144749"}],"wp:term":[{"taxonomy":"product_cat","embeddable":true,"href":"https:\/\/www.metrica.it\/fr\/wp-json\/wp\/v2\/product_cat?post=144749"},{"taxonomy":"product_tag","embeddable":true,"href":"https:\/\/www.metrica.it\/fr\/wp-json\/wp\/v2\/product_tag?post=144749"}],"curies":[{"name":"wp","href":"https:\/\/api.w.org\/{rel}","templated":true}]}}