{"id":144759,"date":"2024-09-16T12:39:03","date_gmt":"2024-09-16T10:39:03","guid":{"rendered":"https:\/\/www.metrica.it\/prodotto\/telefix-cannes-telescopiques-pour-fenetres\/"},"modified":"2024-09-16T21:30:41","modified_gmt":"2024-09-16T19:30:41","slug":"telefix-cannes-telescopiques-pour-fenetres","status":"publish","type":"product","link":"https:\/\/www.metrica.it\/fr\/produit\/telefix-cannes-telescopiques-pour-fenetres\/","title":{"rendered":"Telefix Cannes T\u00e9lescopiques Pour Fen\u00eatres"},"content":{"rendered":"<ul>\n<li>Pour monteurs de fen\u00eatres<\/li>\n<li>Mesure t\u00e9l\u00e9scopique \u00e0 LECTURE DIRECTE SUR RUBAN GRADU\u00c9 avec indication des mesures int\u00e9rieures et ext\u00e9rieures<\/li>\n<li>Fen\u00eatre de mesure positionn\u00e9e sur la partie inf\u00e9rieure pour faciliter la lecture en cas mesure des portes et fen\u00eatres<\/li>\n<li>Socle \u00e9tanche avec gaine imperm\u00e9able (brevet\u00e9)<\/li>\n<li>Blocage automatique de chaque \u00e9l\u00e9ment compl\u00e9tement sorti<\/li>\n<li>Fiole horizontale et verticale pour une position correcte de l&rsquo;instrument pendant la mesure<\/li>\n<li>Etui de protection en vinyle avec poign\u00e9e de transport<\/li>\n<\/ul>\n<p>\u00a0<\/p>\n<p><strong><span>ACCESSOIRES<\/span>\u00a0(*)<\/strong><\/p>\n<ul>\n<li>Ref.\u00a0 49370 &#8211; <span>POUR MESURER DANS LES RAINURES<\/span> &#8211; <span>Couple d\u2019embouts de 50 mm avec \u00d8 10 mm<\/span><\/li>\n<li>Ref.\u00a0 49371 &#8211; <span>POUR MESURER LES DIAGONALES<\/span> &#8211; <span>Couple d\u2019embouts de 50 mm avec pointe triangulaire pour diagonales<\/span><\/li>\n<li>Ref.\u00a0 49377 &#8211; <span>POUR MESURES EXT\u00c9RIEURES<\/span> &#8211; <span>Bec \u00e0 vis pour mesures ext\u00e9rieures longueur 33 cm<\/span><\/li>\n<li>* <span>L\u2019utilisation des accessoires fait d\u00e9choir la certification<\/span><span><span><strong><span>CE<\/span>\u00a0<\/strong><\/span><\/span><\/li>\n<\/ul>\n","protected":false},"excerpt":{"rendered":"<p>Pour monteurs de fen\u00eatres<br \/>Mesure t\u00e9l\u00e9scopique \u00e0 LECTURE DIRECTE SUR RUBAN GRADU\u00c9 avec indication des mesures int\u00e9rieures et ext\u00e9rieures<br \/>Fen\u00eatre de mesure positionn\u00e9e sur la partie inf\u00e9rieure pour faciliter la lecture en cas mesure des portes et fen\u00eatres<br \/>Socle \u00e9tanche avec gaine imperm\u00e9able (brevet\u00e9)<br \/>Blocage automatique de chaque \u00e9l\u00e9ment compl\u00e9tement sorti<br \/>Fiole horizontale et verticale pour une position correcte de l&apos;instrument pendant la mesure<br \/>Etui de protection en vinyle avec poign\u00e9e de transport<\/p>\n","protected":false},"featured_media":130859,"template":"","meta":[],"product_cat":[49,617],"product_tag":[],"class_list":{"0":"post-144759","1":"product","2":"type-product","3":"status-publish","4":"has-post-thumbnail","6":"product_cat-mesures-de-longueur","7":"product_cat-mesureurs-telescopiques","9":"first","10":"instock","11":"sold-individually","12":"product-type-simple"},"yoast_head":"<title>Telefix Metro-Telescopico Per Serramenti | Mesureurs T\u00e9lescopiques | Mesures de Longueur - Metrica<\/title>\n<meta name=\"description\" content=\"D\u00e9couvrez la collection de produits., Telefix Metro-Telescopico Per Serramenti - Mesureurs T\u00e9lescopiques.Per serramentisti,Misuratore telescopico professionale a LETTURA DIRETTA SU NASTRO GRADUATO . Consultez le catalogue sur le site officiel de Metrica\" \/>\n<meta name=\"robots\" content=\"index, follow, max-snippet:-1, max-image-preview:large, max-video-preview:-1\" \/>\n<link rel=\"canonical\" href=\"https:\/\/www.metrica.it\/fr\/produit\/telefix-cannes-telescopiques-pour-fenetres\/\" \/>\n<meta property=\"og:locale\" content=\"fr_FR\" \/>\n<meta property=\"og:type\" content=\"article\" \/>\n<meta property=\"og:title\" content=\"Telefix Metro-Telescopico Per Serramenti | Mesureurs T\u00e9lescopiques | Mesures de Longueur - Metrica\" \/>\n<meta property=\"og:description\" content=\"D\u00e9couvrez la collection de produits., Telefix Metro-Telescopico Per Serramenti - Mesureurs T\u00e9lescopiques.Per serramentisti,Misuratore telescopico professionale a LETTURA DIRETTA SU NASTRO GRADUATO . Consultez le catalogue sur le site officiel de Metrica\" \/>\n<meta property=\"og:url\" content=\"https:\/\/www.metrica.it\/fr\/produit\/telefix-cannes-telescopiques-pour-fenetres\/\" \/>\n<meta property=\"og:site_name\" content=\"Metrica\" \/>\n<meta property=\"article:modified_time\" content=\"2024-09-16T19:30:41+00:00\" \/>\n<meta property=\"og:image\" content=\"https:\/\/www.metrica.it\/wp-content\/uploads\/2024\/06\/49364.jpg\" \/>\n\t<meta property=\"og:image:width\" content=\"800\" \/>\n\t<meta property=\"og:image:height\" content=\"800\" \/>\n\t<meta property=\"og:image:type\" content=\"image\/jpeg\" \/>\n<meta name=\"twitter:card\" content=\"summary_large_image\" \/>\n<meta name=\"twitter:label1\" content=\"Dur\u00e9e de lecture estim\u00e9e\" \/>\n\t<meta name=\"twitter:data1\" content=\"1 minute\" \/>\n<script type=\"application\/ld+json\" class=\"yoast-schema-graph\">{\"@context\":\"https:\\\/\\\/schema.org\",\"@graph\":[{\"@type\":\"WebPage\",\"@id\":\"https:\\\/\\\/www.metrica.it\\\/fr\\\/produit\\\/telefix-cannes-telescopiques-pour-fenetres\\\/\",\"url\":\"https:\\\/\\\/www.metrica.it\\\/fr\\\/produit\\\/telefix-cannes-telescopiques-pour-fenetres\\\/\",\"name\":\"Telefix Metro-Telescopico Per Serramenti | Mesureurs T\u00e9lescopiques | Mesures de Longueur - Metrica\",\"isPartOf\":{\"@id\":\"https:\\\/\\\/www.metrica.it\\\/fr\\\/#website\"},\"primaryImageOfPage\":{\"@id\":\"https:\\\/\\\/www.metrica.it\\\/fr\\\/produit\\\/telefix-cannes-telescopiques-pour-fenetres\\\/#primaryimage\"},\"image\":{\"@id\":\"https:\\\/\\\/www.metrica.it\\\/fr\\\/produit\\\/telefix-cannes-telescopiques-pour-fenetres\\\/#primaryimage\"},\"thumbnailUrl\":\"https:\\\/\\\/www.metrica.it\\\/wp-content\\\/uploads\\\/2024\\\/06\\\/49364.jpg\",\"datePublished\":\"2024-09-16T10:39:03+00:00\",\"dateModified\":\"2024-09-16T19:30:41+00:00\",\"description\":\"D\u00e9couvrez la collection de produits., Telefix Metro-Telescopico Per Serramenti - Mesureurs T\u00e9lescopiques.Per serramentisti,Misuratore telescopico professionale a LETTURA DIRETTA SU NASTRO GRADUATO . Consultez le catalogue sur le site officiel de Metrica\",\"breadcrumb\":{\"@id\":\"https:\\\/\\\/www.metrica.it\\\/fr\\\/produit\\\/telefix-cannes-telescopiques-pour-fenetres\\\/#breadcrumb\"},\"inLanguage\":\"fr-FR\",\"potentialAction\":[{\"@type\":\"ReadAction\",\"target\":[\"https:\\\/\\\/www.metrica.it\\\/fr\\\/produit\\\/telefix-cannes-telescopiques-pour-fenetres\\\/\"]}]},{\"@type\":\"ImageObject\",\"inLanguage\":\"fr-FR\",\"@id\":\"https:\\\/\\\/www.metrica.it\\\/fr\\\/produit\\\/telefix-cannes-telescopiques-pour-fenetres\\\/#primaryimage\",\"url\":\"https:\\\/\\\/www.metrica.it\\\/wp-content\\\/uploads\\\/2024\\\/06\\\/49364.jpg\",\"contentUrl\":\"https:\\\/\\\/www.metrica.it\\\/wp-content\\\/uploads\\\/2024\\\/06\\\/49364.jpg\",\"width\":800,\"height\":800},{\"@type\":\"BreadcrumbList\",\"@id\":\"https:\\\/\\\/www.metrica.it\\\/fr\\\/produit\\\/telefix-cannes-telescopiques-pour-fenetres\\\/#breadcrumb\",\"itemListElement\":[{\"@type\":\"ListItem\",\"position\":1,\"name\":\"Home\",\"item\":\"https:\\\/\\\/www.metrica.it\\\/fr\\\/\"},{\"@type\":\"ListItem\",\"position\":2,\"name\":\"Catalogue\",\"item\":\"https:\\\/\\\/www.metrica.it\\\/fr\\\/catalogue\\\/\"},{\"@type\":\"ListItem\",\"position\":3,\"name\":\"Telefix Cannes T\u00e9lescopiques Pour Fen\u00eatres\"}]},{\"@type\":\"WebSite\",\"@id\":\"https:\\\/\\\/www.metrica.it\\\/fr\\\/#website\",\"url\":\"https:\\\/\\\/www.metrica.it\\\/fr\\\/\",\"name\":\"Metrica\",\"description\":\"Made to measure\",\"potentialAction\":[{\"@type\":\"SearchAction\",\"target\":{\"@type\":\"EntryPoint\",\"urlTemplate\":\"https:\\\/\\\/www.metrica.it\\\/fr\\\/?s={search_term_string}\"},\"query-input\":{\"@type\":\"PropertyValueSpecification\",\"valueRequired\":true,\"valueName\":\"search_term_string\"}}],\"inLanguage\":\"fr-FR\"}]}<\/script>","yoast_head_json":{"title":"Telefix Metro-Telescopico Per Serramenti | Mesureurs T\u00e9lescopiques | Mesures de Longueur - Metrica","description":"D\u00e9couvrez la collection de produits., Telefix Metro-Telescopico Per Serramenti - Mesureurs T\u00e9lescopiques.Per serramentisti,Misuratore telescopico professionale a LETTURA DIRETTA SU NASTRO GRADUATO . Consultez le catalogue sur le site officiel de Metrica","robots":{"index":"index","follow":"follow","max-snippet":"max-snippet:-1","max-image-preview":"max-image-preview:large","max-video-preview":"max-video-preview:-1"},"canonical":"https:\/\/www.metrica.it\/fr\/produit\/telefix-cannes-telescopiques-pour-fenetres\/","og_locale":"fr_FR","og_type":"article","og_title":"Telefix Metro-Telescopico Per Serramenti | Mesureurs T\u00e9lescopiques | Mesures de Longueur - Metrica","og_description":"D\u00e9couvrez la collection de produits., Telefix Metro-Telescopico Per Serramenti - Mesureurs T\u00e9lescopiques.Per serramentisti,Misuratore telescopico professionale a LETTURA DIRETTA SU NASTRO GRADUATO . Consultez le catalogue sur le site officiel de Metrica","og_url":"https:\/\/www.metrica.it\/fr\/produit\/telefix-cannes-telescopiques-pour-fenetres\/","og_site_name":"Metrica","article_modified_time":"2024-09-16T19:30:41+00:00","og_image":[{"width":800,"height":800,"url":"https:\/\/www.metrica.it\/wp-content\/uploads\/2024\/06\/49364.jpg","type":"image\/jpeg"}],"twitter_card":"summary_large_image","twitter_misc":{"Dur\u00e9e de lecture estim\u00e9e":"1 minute"},"schema":{"@context":"https:\/\/schema.org","@graph":[{"@type":"WebPage","@id":"https:\/\/www.metrica.it\/fr\/produit\/telefix-cannes-telescopiques-pour-fenetres\/","url":"https:\/\/www.metrica.it\/fr\/produit\/telefix-cannes-telescopiques-pour-fenetres\/","name":"Telefix Metro-Telescopico Per Serramenti | Mesureurs T\u00e9lescopiques | Mesures de Longueur - Metrica","isPartOf":{"@id":"https:\/\/www.metrica.it\/fr\/#website"},"primaryImageOfPage":{"@id":"https:\/\/www.metrica.it\/fr\/produit\/telefix-cannes-telescopiques-pour-fenetres\/#primaryimage"},"image":{"@id":"https:\/\/www.metrica.it\/fr\/produit\/telefix-cannes-telescopiques-pour-fenetres\/#primaryimage"},"thumbnailUrl":"https:\/\/www.metrica.it\/wp-content\/uploads\/2024\/06\/49364.jpg","datePublished":"2024-09-16T10:39:03+00:00","dateModified":"2024-09-16T19:30:41+00:00","description":"D\u00e9couvrez la collection de produits., Telefix Metro-Telescopico Per Serramenti - Mesureurs T\u00e9lescopiques.Per serramentisti,Misuratore telescopico professionale a LETTURA DIRETTA SU NASTRO GRADUATO . Consultez le catalogue sur le site officiel de Metrica","breadcrumb":{"@id":"https:\/\/www.metrica.it\/fr\/produit\/telefix-cannes-telescopiques-pour-fenetres\/#breadcrumb"},"inLanguage":"fr-FR","potentialAction":[{"@type":"ReadAction","target":["https:\/\/www.metrica.it\/fr\/produit\/telefix-cannes-telescopiques-pour-fenetres\/"]}]},{"@type":"ImageObject","inLanguage":"fr-FR","@id":"https:\/\/www.metrica.it\/fr\/produit\/telefix-cannes-telescopiques-pour-fenetres\/#primaryimage","url":"https:\/\/www.metrica.it\/wp-content\/uploads\/2024\/06\/49364.jpg","contentUrl":"https:\/\/www.metrica.it\/wp-content\/uploads\/2024\/06\/49364.jpg","width":800,"height":800},{"@type":"BreadcrumbList","@id":"https:\/\/www.metrica.it\/fr\/produit\/telefix-cannes-telescopiques-pour-fenetres\/#breadcrumb","itemListElement":[{"@type":"ListItem","position":1,"name":"Home","item":"https:\/\/www.metrica.it\/fr\/"},{"@type":"ListItem","position":2,"name":"Catalogue","item":"https:\/\/www.metrica.it\/fr\/catalogue\/"},{"@type":"ListItem","position":3,"name":"Telefix Cannes T\u00e9lescopiques Pour Fen\u00eatres"}]},{"@type":"WebSite","@id":"https:\/\/www.metrica.it\/fr\/#website","url":"https:\/\/www.metrica.it\/fr\/","name":"Metrica","description":"Made to measure","potentialAction":[{"@type":"SearchAction","target":{"@type":"EntryPoint","urlTemplate":"https:\/\/www.metrica.it\/fr\/?s={search_term_string}"},"query-input":{"@type":"PropertyValueSpecification","valueRequired":true,"valueName":"search_term_string"}}],"inLanguage":"fr-FR"}]}},"meta_box":{"awr_documentation":[{"filesize":18319824,"ID":"146369","name":"telefix.pdf","path":"\/var\/www\/html\/wp-content\/uploads\/2024\/09\/telefix.pdf","url":"https:\/\/www.metrica.it\/wp-content\/uploads\/2024\/09\/telefix.pdf","title":"telefix.pdf"}],"awr_manuale":[],"awr_scheda_tecnica":"","awr_youtube_video":"https:\/\/www.youtube.com\/embed\/YjJ8NWa2E7E","awr_classe_prodotto":"","awr_customize_product":"0","awr_custom_image":false,"awr_related_products":[{"awr_product_name":"Telefix Metro-telescopico Per Serramenti","awr_product_references":"ref:49364|ean:8001066493647|telescopico_aperto:3 m|telescopico_chiuso:66 cm|unit_misura:mm|pack:1"},{"awr_product_name":"Accessori Per Telefix","awr_product_references":"ref:49370|ean:8001066493708|pack:1"},{"awr_product_name":"Accessori Per Telefix","awr_product_references":"ref:49371|ean:8001066493715|pack:1"},{"awr_product_name":"Accessori Per Telefix","awr_product_references":"ref:49377|ean:8001066493777|pack:1"}],"awr_consumabili":"","awr_alternativi":"","awr_aliases":"49364,49370,49371,49377","awr_skuid":"49364-it"},"_links":{"self":[{"href":"https:\/\/www.metrica.it\/fr\/wp-json\/wp\/v2\/product\/144759","targetHints":{"allow":["GET"]}}],"collection":[{"href":"https:\/\/www.metrica.it\/fr\/wp-json\/wp\/v2\/product"}],"about":[{"href":"https:\/\/www.metrica.it\/fr\/wp-json\/wp\/v2\/types\/product"}],"wp:featuredmedia":[{"embeddable":true,"href":"https:\/\/www.metrica.it\/fr\/wp-json\/wp\/v2\/media\/130859"}],"wp:attachment":[{"href":"https:\/\/www.metrica.it\/fr\/wp-json\/wp\/v2\/media?parent=144759"}],"wp:term":[{"taxonomy":"product_cat","embeddable":true,"href":"https:\/\/www.metrica.it\/fr\/wp-json\/wp\/v2\/product_cat?post=144759"},{"taxonomy":"product_tag","embeddable":true,"href":"https:\/\/www.metrica.it\/fr\/wp-json\/wp\/v2\/product_tag?post=144759"}],"curies":[{"name":"wp","href":"https:\/\/api.w.org\/{rel}","templated":true}]}}