{"id":144809,"date":"2024-09-16T12:02:27","date_gmt":"2024-09-16T10:02:27","guid":{"rendered":"https:\/\/www.metrica.it\/prodotto\/follow-me-spray-4\/"},"modified":"2024-09-16T20:49:48","modified_gmt":"2024-09-16T18:49:48","slug":"follow-me-spray","status":"publish","type":"product","link":"https:\/\/www.metrica.it\/fr\/produit\/follow-me-spray\/","title":{"rendered":"Follow Me Spray"},"content":{"rendered":"<ul>\n<li>Spray marqueur de chantier 500 ml<\/li>\n<li>Couleurs fl uorescentes &#8211; non permanentes<\/li>\n<li>Sans plomb et sans CFC<\/li>\n<li>Pour un marquage net sur toute surface m\u00eame humide (ciment, asfalte, piere, herbe, sable, etc.)<\/li>\n<li>Bouchon de blocage de s\u00e9curit\u00e9<\/li>\n<li>Valve auto-nettoyante<\/li>\n<li>Applicable jusqu&apos;\u00e0 -20 \u00b0C<\/li>\n<li>Longue dur\u00e9e<\/li>\n<li>Stabilit\u00e9 prolong\u00e9e<\/li>\n<li>Pas dangereux pour la nature<\/li>\n<\/ul>\n","protected":false},"excerpt":{"rendered":"<p>Spray marqueur de chantier 500 ml<br \/>Couleurs fl uorescentes &#8211; non permanentes<br \/>Sans plomb et sans CFC<br \/>Pour un marquage net sur toute surface m\u00eame humide (ciment, asfalte, piere, herbe, sable, etc.)<br \/>Bouchon de blocage de s\u00e9curit\u00e9<br \/>Valve auto-nettoyante<br \/>Applicable jusqu&apos;\u00e0 -20 \u00b0C<br \/>Longue dur\u00e9e<br \/>Stabilit\u00e9 prolong\u00e9e<br \/>Pas dangereux pour la nature<\/p>\n","protected":false},"featured_media":131404,"template":"","meta":[],"product_cat":[717,701],"product_tag":[],"class_list":{"0":"post-144809","1":"product","2":"type-product","3":"status-publish","4":"has-post-thumbnail","6":"product_cat-marqueurs-de-pulverisation-et-marqueurs","7":"product_cat-tracage-et-marquage","9":"first","10":"instock","11":"sold-individually","12":"product-type-simple"},"yoast_head":"<title>Follow Me Spray | Marqueurs de Pulv\u00e9risation et Marqueurs | Tra\u00e7age et Marquage - Metrica<\/title>\n<meta name=\"description\" content=\"D\u00e9couvrez la collection de produits., Follow Me Spray - Marqueurs de Pulv\u00e9risation et Marqueurs.Marcatore spray da cantiere 500 ml,Colori fluorescenti - non permanenti,Senza piombo e senza CFC . Consultez le catalogue sur le site officiel de Metrica\" \/>\n<meta name=\"robots\" content=\"index, follow, max-snippet:-1, max-image-preview:large, max-video-preview:-1\" \/>\n<link rel=\"canonical\" href=\"https:\/\/www.metrica.it\/fr\/produit\/follow-me-spray\/\" \/>\n<meta property=\"og:locale\" content=\"fr_FR\" \/>\n<meta property=\"og:type\" content=\"article\" \/>\n<meta property=\"og:title\" content=\"Follow Me Spray | Marqueurs de Pulv\u00e9risation et Marqueurs | Tra\u00e7age et Marquage - Metrica\" \/>\n<meta property=\"og:description\" content=\"D\u00e9couvrez la collection de produits., Follow Me Spray - Marqueurs de Pulv\u00e9risation et Marqueurs.Marcatore spray da cantiere 500 ml,Colori fluorescenti - non permanenti,Senza piombo e senza CFC . Consultez le catalogue sur le site officiel de Metrica\" \/>\n<meta property=\"og:url\" content=\"https:\/\/www.metrica.it\/fr\/produit\/follow-me-spray\/\" \/>\n<meta property=\"og:site_name\" content=\"Metrica\" \/>\n<meta property=\"article:modified_time\" content=\"2024-09-16T18:49:48+00:00\" \/>\n<meta property=\"og:image\" content=\"https:\/\/www.metrica.it\/wp-content\/uploads\/2024\/06\/50181_1.jpg\" \/>\n\t<meta property=\"og:image:width\" content=\"800\" \/>\n\t<meta property=\"og:image:height\" content=\"800\" \/>\n\t<meta property=\"og:image:type\" content=\"image\/jpeg\" \/>\n<meta name=\"twitter:card\" content=\"summary_large_image\" \/>\n<script type=\"application\/ld+json\" class=\"yoast-schema-graph\">{\"@context\":\"https:\\\/\\\/schema.org\",\"@graph\":[{\"@type\":\"WebPage\",\"@id\":\"https:\\\/\\\/www.metrica.it\\\/fr\\\/produit\\\/follow-me-spray\\\/\",\"url\":\"https:\\\/\\\/www.metrica.it\\\/fr\\\/produit\\\/follow-me-spray\\\/\",\"name\":\"Follow Me Spray | Marqueurs de Pulv\u00e9risation et Marqueurs | Tra\u00e7age et Marquage - Metrica\",\"isPartOf\":{\"@id\":\"https:\\\/\\\/www.metrica.it\\\/fr\\\/#website\"},\"primaryImageOfPage\":{\"@id\":\"https:\\\/\\\/www.metrica.it\\\/fr\\\/produit\\\/follow-me-spray\\\/#primaryimage\"},\"image\":{\"@id\":\"https:\\\/\\\/www.metrica.it\\\/fr\\\/produit\\\/follow-me-spray\\\/#primaryimage\"},\"thumbnailUrl\":\"https:\\\/\\\/www.metrica.it\\\/wp-content\\\/uploads\\\/2024\\\/06\\\/50181_1.jpg\",\"datePublished\":\"2024-09-16T10:02:27+00:00\",\"dateModified\":\"2024-09-16T18:49:48+00:00\",\"description\":\"D\u00e9couvrez la collection de produits., Follow Me Spray - Marqueurs de Pulv\u00e9risation et Marqueurs.Marcatore spray da cantiere 500 ml,Colori fluorescenti - non permanenti,Senza piombo e senza CFC . Consultez le catalogue sur le site officiel de Metrica\",\"breadcrumb\":{\"@id\":\"https:\\\/\\\/www.metrica.it\\\/fr\\\/produit\\\/follow-me-spray\\\/#breadcrumb\"},\"inLanguage\":\"fr-FR\",\"potentialAction\":[{\"@type\":\"ReadAction\",\"target\":[\"https:\\\/\\\/www.metrica.it\\\/fr\\\/produit\\\/follow-me-spray\\\/\"]}]},{\"@type\":\"ImageObject\",\"inLanguage\":\"fr-FR\",\"@id\":\"https:\\\/\\\/www.metrica.it\\\/fr\\\/produit\\\/follow-me-spray\\\/#primaryimage\",\"url\":\"https:\\\/\\\/www.metrica.it\\\/wp-content\\\/uploads\\\/2024\\\/06\\\/50181_1.jpg\",\"contentUrl\":\"https:\\\/\\\/www.metrica.it\\\/wp-content\\\/uploads\\\/2024\\\/06\\\/50181_1.jpg\",\"width\":800,\"height\":800},{\"@type\":\"BreadcrumbList\",\"@id\":\"https:\\\/\\\/www.metrica.it\\\/fr\\\/produit\\\/follow-me-spray\\\/#breadcrumb\",\"itemListElement\":[{\"@type\":\"ListItem\",\"position\":1,\"name\":\"Home\",\"item\":\"https:\\\/\\\/www.metrica.it\\\/fr\\\/\"},{\"@type\":\"ListItem\",\"position\":2,\"name\":\"Catalogue\",\"item\":\"https:\\\/\\\/www.metrica.it\\\/fr\\\/catalogue\\\/\"},{\"@type\":\"ListItem\",\"position\":3,\"name\":\"Follow Me Spray\"}]},{\"@type\":\"WebSite\",\"@id\":\"https:\\\/\\\/www.metrica.it\\\/fr\\\/#website\",\"url\":\"https:\\\/\\\/www.metrica.it\\\/fr\\\/\",\"name\":\"Metrica\",\"description\":\"Made to measure\",\"potentialAction\":[{\"@type\":\"SearchAction\",\"target\":{\"@type\":\"EntryPoint\",\"urlTemplate\":\"https:\\\/\\\/www.metrica.it\\\/fr\\\/?s={search_term_string}\"},\"query-input\":{\"@type\":\"PropertyValueSpecification\",\"valueRequired\":true,\"valueName\":\"search_term_string\"}}],\"inLanguage\":\"fr-FR\"}]}<\/script>","yoast_head_json":{"title":"Follow Me Spray | Marqueurs de Pulv\u00e9risation et Marqueurs | Tra\u00e7age et Marquage - Metrica","description":"D\u00e9couvrez la collection de produits., Follow Me Spray - Marqueurs de Pulv\u00e9risation et Marqueurs.Marcatore spray da cantiere 500 ml,Colori fluorescenti - non permanenti,Senza piombo e senza CFC . Consultez le catalogue sur le site officiel de Metrica","robots":{"index":"index","follow":"follow","max-snippet":"max-snippet:-1","max-image-preview":"max-image-preview:large","max-video-preview":"max-video-preview:-1"},"canonical":"https:\/\/www.metrica.it\/fr\/produit\/follow-me-spray\/","og_locale":"fr_FR","og_type":"article","og_title":"Follow Me Spray | Marqueurs de Pulv\u00e9risation et Marqueurs | Tra\u00e7age et Marquage - Metrica","og_description":"D\u00e9couvrez la collection de produits., Follow Me Spray - Marqueurs de Pulv\u00e9risation et Marqueurs.Marcatore spray da cantiere 500 ml,Colori fluorescenti - non permanenti,Senza piombo e senza CFC . Consultez le catalogue sur le site officiel de Metrica","og_url":"https:\/\/www.metrica.it\/fr\/produit\/follow-me-spray\/","og_site_name":"Metrica","article_modified_time":"2024-09-16T18:49:48+00:00","og_image":[{"width":800,"height":800,"url":"https:\/\/www.metrica.it\/wp-content\/uploads\/2024\/06\/50181_1.jpg","type":"image\/jpeg"}],"twitter_card":"summary_large_image","schema":{"@context":"https:\/\/schema.org","@graph":[{"@type":"WebPage","@id":"https:\/\/www.metrica.it\/fr\/produit\/follow-me-spray\/","url":"https:\/\/www.metrica.it\/fr\/produit\/follow-me-spray\/","name":"Follow Me Spray | Marqueurs de Pulv\u00e9risation et Marqueurs | Tra\u00e7age et Marquage - Metrica","isPartOf":{"@id":"https:\/\/www.metrica.it\/fr\/#website"},"primaryImageOfPage":{"@id":"https:\/\/www.metrica.it\/fr\/produit\/follow-me-spray\/#primaryimage"},"image":{"@id":"https:\/\/www.metrica.it\/fr\/produit\/follow-me-spray\/#primaryimage"},"thumbnailUrl":"https:\/\/www.metrica.it\/wp-content\/uploads\/2024\/06\/50181_1.jpg","datePublished":"2024-09-16T10:02:27+00:00","dateModified":"2024-09-16T18:49:48+00:00","description":"D\u00e9couvrez la collection de produits., Follow Me Spray - Marqueurs de Pulv\u00e9risation et Marqueurs.Marcatore spray da cantiere 500 ml,Colori fluorescenti - non permanenti,Senza piombo e senza CFC . Consultez le catalogue sur le site officiel de Metrica","breadcrumb":{"@id":"https:\/\/www.metrica.it\/fr\/produit\/follow-me-spray\/#breadcrumb"},"inLanguage":"fr-FR","potentialAction":[{"@type":"ReadAction","target":["https:\/\/www.metrica.it\/fr\/produit\/follow-me-spray\/"]}]},{"@type":"ImageObject","inLanguage":"fr-FR","@id":"https:\/\/www.metrica.it\/fr\/produit\/follow-me-spray\/#primaryimage","url":"https:\/\/www.metrica.it\/wp-content\/uploads\/2024\/06\/50181_1.jpg","contentUrl":"https:\/\/www.metrica.it\/wp-content\/uploads\/2024\/06\/50181_1.jpg","width":800,"height":800},{"@type":"BreadcrumbList","@id":"https:\/\/www.metrica.it\/fr\/produit\/follow-me-spray\/#breadcrumb","itemListElement":[{"@type":"ListItem","position":1,"name":"Home","item":"https:\/\/www.metrica.it\/fr\/"},{"@type":"ListItem","position":2,"name":"Catalogue","item":"https:\/\/www.metrica.it\/fr\/catalogue\/"},{"@type":"ListItem","position":3,"name":"Follow Me Spray"}]},{"@type":"WebSite","@id":"https:\/\/www.metrica.it\/fr\/#website","url":"https:\/\/www.metrica.it\/fr\/","name":"Metrica","description":"Made to measure","potentialAction":[{"@type":"SearchAction","target":{"@type":"EntryPoint","urlTemplate":"https:\/\/www.metrica.it\/fr\/?s={search_term_string}"},"query-input":{"@type":"PropertyValueSpecification","valueRequired":true,"valueName":"search_term_string"}}],"inLanguage":"fr-FR"}]}},"meta_box":{"awr_documentation":[],"awr_manuale":[],"awr_scheda_tecnica":"","awr_youtube_video":"","awr_classe_prodotto":"","awr_customize_product":"0","awr_custom_image":false,"awr_related_products":[{"awr_product_name":"Follow Me Spray","awr_product_references":"ref:50181|ean:8001066501816|:<img src=\"\/media\/tabelle\/colore_rosso.png\"\/>|pack:12"},{"awr_product_name":"Follow Me Spray","awr_product_references":"ref:50182|ean:8001066501823|:<img src=\"\/media\/tabelle\/colore_verde.png\"\/>|pack:12"},{"awr_product_name":"Follow Me Spray","awr_product_references":"ref:50183|ean:8001066501830|:<img src=\"\/media\/tabelle\/colore_giallo.png\"\/>|pack:12"},{"awr_product_name":"Follow Me Spray","awr_product_references":"ref:50184|ean:8001066501847|:<img src=\"\/media\/tabelle\/colore_blu.png\"\/>|pack:12"},{"awr_product_name":"Follow Me Spray","awr_product_references":"ref:50185|ean:8001066501854|:<img src=\"\/media\/tabelle\/colore_bianco.png\"\/>|pack:12"},{"awr_product_name":"Follow Me Spray","awr_product_references":"ref:50186|ean:8001066501861|:<img src=\"\/media\/tabelle\/colore_arancio.png\"\/>|pack:12"}],"awr_consumabili":"","awr_alternativi":"","awr_aliases":"50181,50182,50183,50184,50185,50186","awr_skuid":"50181-it"},"_links":{"self":[{"href":"https:\/\/www.metrica.it\/fr\/wp-json\/wp\/v2\/product\/144809","targetHints":{"allow":["GET"]}}],"collection":[{"href":"https:\/\/www.metrica.it\/fr\/wp-json\/wp\/v2\/product"}],"about":[{"href":"https:\/\/www.metrica.it\/fr\/wp-json\/wp\/v2\/types\/product"}],"wp:featuredmedia":[{"embeddable":true,"href":"https:\/\/www.metrica.it\/fr\/wp-json\/wp\/v2\/media\/131404"}],"wp:attachment":[{"href":"https:\/\/www.metrica.it\/fr\/wp-json\/wp\/v2\/media?parent=144809"}],"wp:term":[{"taxonomy":"product_cat","embeddable":true,"href":"https:\/\/www.metrica.it\/fr\/wp-json\/wp\/v2\/product_cat?post=144809"},{"taxonomy":"product_tag","embeddable":true,"href":"https:\/\/www.metrica.it\/fr\/wp-json\/wp\/v2\/product_tag?post=144809"}],"curies":[{"name":"wp","href":"https:\/\/api.w.org\/{rel}","templated":true}]}}