{"id":144834,"date":"2024-09-16T11:45:15","date_gmt":"2024-09-16T09:45:15","guid":{"rendered":"https:\/\/www.metrica.it\/prodotto\/new-super-action-plus-3\/"},"modified":"2024-09-16T20:34:19","modified_gmt":"2024-09-16T18:34:19","slug":"new-super-action-plus","status":"publish","type":"product","link":"https:\/\/www.metrica.it\/fr\/produit\/new-super-action-plus\/","title":{"rendered":"New Super Action &#8211; Plus"},"content":{"rendered":"<ul>\n<li>Forme ergonomique brevet\u00e9e<\/li>\n<li>Ce mod\u00e8le ne fatigue pas votre poignet pendant<\/li>\n<li>l&rsquo;utilisation et le transport<\/li>\n<li>Syst\u00e8me exclusif de sortie du ruban \u00e0 manivelle<\/li>\n<li>bloqu\u00e9e<\/li>\n<li>Gaine en nylon \u00e0 \u00e9paisseur major\u00e9e pour<\/li>\n<li>protection tr\u00e8s \u00e9lev\u00e9e du ruban<\/li>\n<li>Superfi cie du ruban textur\u00e9e<\/li>\n<li>R\u00e9sistance \u00e0 l&rsquo;abrasion 10 fois sup\u00e9rieure,<\/li>\n<li>m\u00eame sur les bordes<\/li>\n<li>\u00c9querre pliable<\/li>\n<li>Poign\u00e9e caoutchout\u00e9e avec rev\u00eatement antiglissement<\/li>\n<li>sp\u00e9cial<\/li>\n<li>Crochet en m\u00e9tal<\/li>\n<li>Blocage magn\u00e9tique du crochet<\/li>\n<\/ul>\n","protected":false},"excerpt":{"rendered":"<p>Forme ergonomique brevet\u00e9e<br \/>Ce mod\u00e8le ne fatigue pas votre poignet pendant<br \/>l&apos;utilisation et le transport<br \/>Syst\u00e8me exclusif de sortie du ruban \u00e0 manivelle<br \/>bloqu\u00e9e<br \/>Gaine en nylon \u00e0 \u00e9paisseur major\u00e9e pour<br \/>protection tr\u00e8s \u00e9lev\u00e9e du ruban<br \/>Superfi cie du ruban textur\u00e9e<br \/>R\u00e9sistance \u00e0 l&apos;abrasion 10 fois sup\u00e9rieure,<br \/>m\u00eame sur les bordes<br \/>\u00c9querre pliable<br \/>Poign\u00e9e caoutchout\u00e9e avec rev\u00eatement antiglissement<br \/>sp\u00e9cial<br \/>Crochet en m\u00e9tal<br \/>Blocage magn\u00e9tique du crochet<\/p>\n","protected":false},"featured_media":125956,"template":"","meta":[],"product_cat":[49,613],"product_tag":[],"class_list":{"0":"post-144834","1":"product","2":"type-product","3":"status-publish","4":"has-post-thumbnail","6":"product_cat-mesures-de-longueur","7":"product_cat-mesures-longues","9":"first","10":"instock","11":"sold-individually","12":"product-type-simple"},"yoast_head":"<title>Super Action - Plus | Mesures Longues | Mesures de Longueur - Metrica<\/title>\n<meta name=\"description\" content=\"D\u00e9couvrez la collection de produits., Super Action - Plus - Mesures Longues.,Esclusiva forma ergonomica brevettata,Non affatica il polso durante l\u0092uso e il trasporto . Consultez le catalogue sur le site officiel de Metrica\" \/>\n<meta name=\"robots\" content=\"index, follow, max-snippet:-1, max-image-preview:large, max-video-preview:-1\" \/>\n<link rel=\"canonical\" href=\"https:\/\/www.metrica.it\/fr\/produit\/new-super-action-plus\/\" \/>\n<meta property=\"og:locale\" content=\"fr_FR\" \/>\n<meta property=\"og:type\" content=\"article\" \/>\n<meta property=\"og:title\" content=\"Super Action - Plus | Mesures Longues | Mesures de Longueur - Metrica\" \/>\n<meta property=\"og:description\" content=\"D\u00e9couvrez la collection de produits., Super Action - Plus - Mesures Longues.,Esclusiva forma ergonomica brevettata,Non affatica il polso durante l\u0092uso e il trasporto . Consultez le catalogue sur le site officiel de Metrica\" \/>\n<meta property=\"og:url\" content=\"https:\/\/www.metrica.it\/fr\/produit\/new-super-action-plus\/\" \/>\n<meta property=\"og:site_name\" content=\"Metrica\" \/>\n<meta property=\"article:modified_time\" content=\"2024-09-16T18:34:19+00:00\" \/>\n<meta property=\"og:image\" content=\"https:\/\/www.metrica.it\/wp-content\/uploads\/2024\/06\/39244v.jpg\" \/>\n\t<meta property=\"og:image:width\" content=\"800\" \/>\n\t<meta property=\"og:image:height\" content=\"800\" \/>\n\t<meta property=\"og:image:type\" content=\"image\/jpeg\" \/>\n<meta name=\"twitter:card\" content=\"summary_large_image\" \/>\n<script type=\"application\/ld+json\" class=\"yoast-schema-graph\">{\"@context\":\"https:\\\/\\\/schema.org\",\"@graph\":[{\"@type\":\"WebPage\",\"@id\":\"https:\\\/\\\/www.metrica.it\\\/fr\\\/produit\\\/new-super-action-plus\\\/\",\"url\":\"https:\\\/\\\/www.metrica.it\\\/fr\\\/produit\\\/new-super-action-plus\\\/\",\"name\":\"Super Action - Plus | Mesures Longues | Mesures de Longueur - Metrica\",\"isPartOf\":{\"@id\":\"https:\\\/\\\/www.metrica.it\\\/fr\\\/#website\"},\"primaryImageOfPage\":{\"@id\":\"https:\\\/\\\/www.metrica.it\\\/fr\\\/produit\\\/new-super-action-plus\\\/#primaryimage\"},\"image\":{\"@id\":\"https:\\\/\\\/www.metrica.it\\\/fr\\\/produit\\\/new-super-action-plus\\\/#primaryimage\"},\"thumbnailUrl\":\"https:\\\/\\\/www.metrica.it\\\/wp-content\\\/uploads\\\/2024\\\/06\\\/39244v.jpg\",\"datePublished\":\"2024-09-16T09:45:15+00:00\",\"dateModified\":\"2024-09-16T18:34:19+00:00\",\"description\":\"D\u00e9couvrez la collection de produits., Super Action - Plus - Mesures Longues.,Esclusiva forma ergonomica brevettata,Non affatica il polso durante l\u0092uso e il trasporto . Consultez le catalogue sur le site officiel de Metrica\",\"breadcrumb\":{\"@id\":\"https:\\\/\\\/www.metrica.it\\\/fr\\\/produit\\\/new-super-action-plus\\\/#breadcrumb\"},\"inLanguage\":\"fr-FR\",\"potentialAction\":[{\"@type\":\"ReadAction\",\"target\":[\"https:\\\/\\\/www.metrica.it\\\/fr\\\/produit\\\/new-super-action-plus\\\/\"]}]},{\"@type\":\"ImageObject\",\"inLanguage\":\"fr-FR\",\"@id\":\"https:\\\/\\\/www.metrica.it\\\/fr\\\/produit\\\/new-super-action-plus\\\/#primaryimage\",\"url\":\"https:\\\/\\\/www.metrica.it\\\/wp-content\\\/uploads\\\/2024\\\/06\\\/39244v.jpg\",\"contentUrl\":\"https:\\\/\\\/www.metrica.it\\\/wp-content\\\/uploads\\\/2024\\\/06\\\/39244v.jpg\",\"width\":800,\"height\":800},{\"@type\":\"BreadcrumbList\",\"@id\":\"https:\\\/\\\/www.metrica.it\\\/fr\\\/produit\\\/new-super-action-plus\\\/#breadcrumb\",\"itemListElement\":[{\"@type\":\"ListItem\",\"position\":1,\"name\":\"Home\",\"item\":\"https:\\\/\\\/www.metrica.it\\\/fr\\\/\"},{\"@type\":\"ListItem\",\"position\":2,\"name\":\"Catalogue\",\"item\":\"https:\\\/\\\/www.metrica.it\\\/fr\\\/catalogue\\\/\"},{\"@type\":\"ListItem\",\"position\":3,\"name\":\"New Super Action &#8211; Plus\"}]},{\"@type\":\"WebSite\",\"@id\":\"https:\\\/\\\/www.metrica.it\\\/fr\\\/#website\",\"url\":\"https:\\\/\\\/www.metrica.it\\\/fr\\\/\",\"name\":\"Metrica\",\"description\":\"Made to measure\",\"potentialAction\":[{\"@type\":\"SearchAction\",\"target\":{\"@type\":\"EntryPoint\",\"urlTemplate\":\"https:\\\/\\\/www.metrica.it\\\/fr\\\/?s={search_term_string}\"},\"query-input\":{\"@type\":\"PropertyValueSpecification\",\"valueRequired\":true,\"valueName\":\"search_term_string\"}}],\"inLanguage\":\"fr-FR\"}]}<\/script>","yoast_head_json":{"title":"Super Action - Plus | Mesures Longues | Mesures de Longueur - Metrica","description":"D\u00e9couvrez la collection de produits., Super Action - Plus - Mesures Longues.,Esclusiva forma ergonomica brevettata,Non affatica il polso durante l\u0092uso e il trasporto . Consultez le catalogue sur le site officiel de Metrica","robots":{"index":"index","follow":"follow","max-snippet":"max-snippet:-1","max-image-preview":"max-image-preview:large","max-video-preview":"max-video-preview:-1"},"canonical":"https:\/\/www.metrica.it\/fr\/produit\/new-super-action-plus\/","og_locale":"fr_FR","og_type":"article","og_title":"Super Action - Plus | Mesures Longues | Mesures de Longueur - Metrica","og_description":"D\u00e9couvrez la collection de produits., Super Action - Plus - Mesures Longues.,Esclusiva forma ergonomica brevettata,Non affatica il polso durante l\u0092uso e il trasporto . Consultez le catalogue sur le site officiel de Metrica","og_url":"https:\/\/www.metrica.it\/fr\/produit\/new-super-action-plus\/","og_site_name":"Metrica","article_modified_time":"2024-09-16T18:34:19+00:00","og_image":[{"width":800,"height":800,"url":"https:\/\/www.metrica.it\/wp-content\/uploads\/2024\/06\/39244v.jpg","type":"image\/jpeg"}],"twitter_card":"summary_large_image","schema":{"@context":"https:\/\/schema.org","@graph":[{"@type":"WebPage","@id":"https:\/\/www.metrica.it\/fr\/produit\/new-super-action-plus\/","url":"https:\/\/www.metrica.it\/fr\/produit\/new-super-action-plus\/","name":"Super Action - Plus | Mesures Longues | Mesures de Longueur - Metrica","isPartOf":{"@id":"https:\/\/www.metrica.it\/fr\/#website"},"primaryImageOfPage":{"@id":"https:\/\/www.metrica.it\/fr\/produit\/new-super-action-plus\/#primaryimage"},"image":{"@id":"https:\/\/www.metrica.it\/fr\/produit\/new-super-action-plus\/#primaryimage"},"thumbnailUrl":"https:\/\/www.metrica.it\/wp-content\/uploads\/2024\/06\/39244v.jpg","datePublished":"2024-09-16T09:45:15+00:00","dateModified":"2024-09-16T18:34:19+00:00","description":"D\u00e9couvrez la collection de produits., Super Action - Plus - Mesures Longues.,Esclusiva forma ergonomica brevettata,Non affatica il polso durante l\u0092uso e il trasporto . Consultez le catalogue sur le site officiel de Metrica","breadcrumb":{"@id":"https:\/\/www.metrica.it\/fr\/produit\/new-super-action-plus\/#breadcrumb"},"inLanguage":"fr-FR","potentialAction":[{"@type":"ReadAction","target":["https:\/\/www.metrica.it\/fr\/produit\/new-super-action-plus\/"]}]},{"@type":"ImageObject","inLanguage":"fr-FR","@id":"https:\/\/www.metrica.it\/fr\/produit\/new-super-action-plus\/#primaryimage","url":"https:\/\/www.metrica.it\/wp-content\/uploads\/2024\/06\/39244v.jpg","contentUrl":"https:\/\/www.metrica.it\/wp-content\/uploads\/2024\/06\/39244v.jpg","width":800,"height":800},{"@type":"BreadcrumbList","@id":"https:\/\/www.metrica.it\/fr\/produit\/new-super-action-plus\/#breadcrumb","itemListElement":[{"@type":"ListItem","position":1,"name":"Home","item":"https:\/\/www.metrica.it\/fr\/"},{"@type":"ListItem","position":2,"name":"Catalogue","item":"https:\/\/www.metrica.it\/fr\/catalogue\/"},{"@type":"ListItem","position":3,"name":"New Super Action &#8211; Plus"}]},{"@type":"WebSite","@id":"https:\/\/www.metrica.it\/fr\/#website","url":"https:\/\/www.metrica.it\/fr\/","name":"Metrica","description":"Made to measure","potentialAction":[{"@type":"SearchAction","target":{"@type":"EntryPoint","urlTemplate":"https:\/\/www.metrica.it\/fr\/?s={search_term_string}"},"query-input":{"@type":"PropertyValueSpecification","valueRequired":true,"valueName":"search_term_string"}}],"inLanguage":"fr-FR"}]}},"meta_box":{"awr_documentation":[],"awr_manuale":[],"awr_scheda_tecnica":"","awr_youtube_video":"https:\/\/www.youtube.com\/embed\/6-PH2xvmpMQ","awr_classe_prodotto":"CE_2","awr_customize_product":"0","awr_custom_image":false,"awr_related_products":[{"awr_product_name":"Super Action - Plus","awr_product_references":"ref:39244v|ean:8001066392445|l:50 m|larghezza:13 mm|unit_misura:mm|pack:1"}],"awr_consumabili":"","awr_alternativi":"","awr_aliases":"39244v","awr_skuid":"39244V-it"},"_links":{"self":[{"href":"https:\/\/www.metrica.it\/fr\/wp-json\/wp\/v2\/product\/144834","targetHints":{"allow":["GET"]}}],"collection":[{"href":"https:\/\/www.metrica.it\/fr\/wp-json\/wp\/v2\/product"}],"about":[{"href":"https:\/\/www.metrica.it\/fr\/wp-json\/wp\/v2\/types\/product"}],"wp:featuredmedia":[{"embeddable":true,"href":"https:\/\/www.metrica.it\/fr\/wp-json\/wp\/v2\/media\/125956"}],"wp:attachment":[{"href":"https:\/\/www.metrica.it\/fr\/wp-json\/wp\/v2\/media?parent=144834"}],"wp:term":[{"taxonomy":"product_cat","embeddable":true,"href":"https:\/\/www.metrica.it\/fr\/wp-json\/wp\/v2\/product_cat?post=144834"},{"taxonomy":"product_tag","embeddable":true,"href":"https:\/\/www.metrica.it\/fr\/wp-json\/wp\/v2\/product_tag?post=144834"}],"curies":[{"name":"wp","href":"https:\/\/api.w.org\/{rel}","templated":true}]}}