{"id":144844,"date":"2024-09-16T12:24:17","date_gmt":"2024-09-16T10:24:17","guid":{"rendered":"https:\/\/www.metrica.it\/prodotto\/mire-pliante-en-bois-300-cm\/"},"modified":"2024-09-16T21:13:35","modified_gmt":"2024-09-16T19:13:35","slug":"mire-pliante-en-bois-300-cm","status":"publish","type":"product","link":"https:\/\/www.metrica.it\/fr\/produit\/mire-pliante-en-bois-300-cm\/","title":{"rendered":"Mire Pliante En Bois &#8211; 300 Cm"},"content":{"rendered":"<ul>\n<li>Mire pliante en bois &#8211; 6 \u00e9l\u00e9ments<\/li>\n<li>Longueur totale 3 m<\/li>\n<li>Graduation:<\/li>\n<li>&#8211; recto: en mm<\/li>\n<li>&#8211; verso: g\u00e9od\u00e9sique<\/li>\n<\/ul>\n","protected":false},"excerpt":{"rendered":"<p>Mire pliante en bois &#8211; 6 \u00e9l\u00e9ments<br \/>Longueur totale 3 m<br \/>Graduation:<br \/>&#8211; recto: en mm<br \/>&#8211; verso: g\u00e9od\u00e9sique<\/p>\n","protected":false},"featured_media":123952,"template":"","meta":[],"product_cat":[530,515],"product_tag":[],"class_list":{"0":"post-144844","1":"product","2":"type-product","3":"status-publish","4":"has-post-thumbnail","6":"product_cat-geodesie","7":"product_cat-laser-et-cameras-thermiques","9":"first","10":"instock","11":"sold-individually","12":"product-type-simple"},"yoast_head":"<title>Stadia 6 Aste Pieghevole - 300 Cm | G\u00e9od\u00e9sie | Laser et Cam\u00e9ras Thermiques - Metrica<\/title>\n<meta name=\"description\" content=\"D\u00e9couvrez la collection de produits., Stadia 6 Aste Pieghevole - 300 Cm - G\u00e9od\u00e9sie.Stadia pieghevole in legno,Lunghezza totale 3 m,Graduazione: . Consultez le catalogue sur le site officiel de Metrica\" \/>\n<meta name=\"robots\" content=\"index, follow, max-snippet:-1, max-image-preview:large, max-video-preview:-1\" \/>\n<link rel=\"canonical\" href=\"https:\/\/www.metrica.it\/fr\/produit\/mire-pliante-en-bois-300-cm\/\" \/>\n<meta property=\"og:locale\" content=\"fr_FR\" \/>\n<meta property=\"og:type\" content=\"article\" \/>\n<meta property=\"og:title\" content=\"Stadia 6 Aste Pieghevole - 300 Cm | G\u00e9od\u00e9sie | Laser et Cam\u00e9ras Thermiques - Metrica\" \/>\n<meta property=\"og:description\" content=\"D\u00e9couvrez la collection de produits., Stadia 6 Aste Pieghevole - 300 Cm - G\u00e9od\u00e9sie.Stadia pieghevole in legno,Lunghezza totale 3 m,Graduazione: . Consultez le catalogue sur le site officiel de Metrica\" \/>\n<meta property=\"og:url\" content=\"https:\/\/www.metrica.it\/fr\/produit\/mire-pliante-en-bois-300-cm\/\" \/>\n<meta property=\"og:site_name\" content=\"Metrica\" \/>\n<meta property=\"article:modified_time\" content=\"2024-09-16T19:13:35+00:00\" \/>\n<meta property=\"og:image\" content=\"https:\/\/www.metrica.it\/wp-content\/uploads\/2024\/05\/60090_1_1.jpg\" \/>\n\t<meta property=\"og:image:width\" content=\"1120\" \/>\n\t<meta property=\"og:image:height\" content=\"754\" \/>\n\t<meta property=\"og:image:type\" content=\"image\/jpeg\" \/>\n<meta name=\"twitter:card\" content=\"summary_large_image\" \/>\n<script type=\"application\/ld+json\" class=\"yoast-schema-graph\">{\"@context\":\"https:\\\/\\\/schema.org\",\"@graph\":[{\"@type\":\"WebPage\",\"@id\":\"https:\\\/\\\/www.metrica.it\\\/fr\\\/produit\\\/mire-pliante-en-bois-300-cm\\\/\",\"url\":\"https:\\\/\\\/www.metrica.it\\\/fr\\\/produit\\\/mire-pliante-en-bois-300-cm\\\/\",\"name\":\"Stadia 6 Aste Pieghevole - 300 Cm | G\u00e9od\u00e9sie | Laser et Cam\u00e9ras Thermiques - Metrica\",\"isPartOf\":{\"@id\":\"https:\\\/\\\/www.metrica.it\\\/fr\\\/#website\"},\"primaryImageOfPage\":{\"@id\":\"https:\\\/\\\/www.metrica.it\\\/fr\\\/produit\\\/mire-pliante-en-bois-300-cm\\\/#primaryimage\"},\"image\":{\"@id\":\"https:\\\/\\\/www.metrica.it\\\/fr\\\/produit\\\/mire-pliante-en-bois-300-cm\\\/#primaryimage\"},\"thumbnailUrl\":\"https:\\\/\\\/www.metrica.it\\\/wp-content\\\/uploads\\\/2024\\\/05\\\/60090_1_1.jpg\",\"datePublished\":\"2024-09-16T10:24:17+00:00\",\"dateModified\":\"2024-09-16T19:13:35+00:00\",\"description\":\"D\u00e9couvrez la collection de produits., Stadia 6 Aste Pieghevole - 300 Cm - G\u00e9od\u00e9sie.Stadia pieghevole in legno,Lunghezza totale 3 m,Graduazione: . Consultez le catalogue sur le site officiel de Metrica\",\"breadcrumb\":{\"@id\":\"https:\\\/\\\/www.metrica.it\\\/fr\\\/produit\\\/mire-pliante-en-bois-300-cm\\\/#breadcrumb\"},\"inLanguage\":\"fr-FR\",\"potentialAction\":[{\"@type\":\"ReadAction\",\"target\":[\"https:\\\/\\\/www.metrica.it\\\/fr\\\/produit\\\/mire-pliante-en-bois-300-cm\\\/\"]}]},{\"@type\":\"ImageObject\",\"inLanguage\":\"fr-FR\",\"@id\":\"https:\\\/\\\/www.metrica.it\\\/fr\\\/produit\\\/mire-pliante-en-bois-300-cm\\\/#primaryimage\",\"url\":\"https:\\\/\\\/www.metrica.it\\\/wp-content\\\/uploads\\\/2024\\\/05\\\/60090_1_1.jpg\",\"contentUrl\":\"https:\\\/\\\/www.metrica.it\\\/wp-content\\\/uploads\\\/2024\\\/05\\\/60090_1_1.jpg\",\"width\":1120,\"height\":754},{\"@type\":\"BreadcrumbList\",\"@id\":\"https:\\\/\\\/www.metrica.it\\\/fr\\\/produit\\\/mire-pliante-en-bois-300-cm\\\/#breadcrumb\",\"itemListElement\":[{\"@type\":\"ListItem\",\"position\":1,\"name\":\"Home\",\"item\":\"https:\\\/\\\/www.metrica.it\\\/fr\\\/\"},{\"@type\":\"ListItem\",\"position\":2,\"name\":\"Catalogue\",\"item\":\"https:\\\/\\\/www.metrica.it\\\/fr\\\/catalogue\\\/\"},{\"@type\":\"ListItem\",\"position\":3,\"name\":\"Mire Pliante En Bois &#8211; 300 Cm\"}]},{\"@type\":\"WebSite\",\"@id\":\"https:\\\/\\\/www.metrica.it\\\/fr\\\/#website\",\"url\":\"https:\\\/\\\/www.metrica.it\\\/fr\\\/\",\"name\":\"Metrica\",\"description\":\"Made to measure\",\"potentialAction\":[{\"@type\":\"SearchAction\",\"target\":{\"@type\":\"EntryPoint\",\"urlTemplate\":\"https:\\\/\\\/www.metrica.it\\\/fr\\\/?s={search_term_string}\"},\"query-input\":{\"@type\":\"PropertyValueSpecification\",\"valueRequired\":true,\"valueName\":\"search_term_string\"}}],\"inLanguage\":\"fr-FR\"}]}<\/script>","yoast_head_json":{"title":"Stadia 6 Aste Pieghevole - 300 Cm | G\u00e9od\u00e9sie | Laser et Cam\u00e9ras Thermiques - Metrica","description":"D\u00e9couvrez la collection de produits., Stadia 6 Aste Pieghevole - 300 Cm - G\u00e9od\u00e9sie.Stadia pieghevole in legno,Lunghezza totale 3 m,Graduazione: . Consultez le catalogue sur le site officiel de Metrica","robots":{"index":"index","follow":"follow","max-snippet":"max-snippet:-1","max-image-preview":"max-image-preview:large","max-video-preview":"max-video-preview:-1"},"canonical":"https:\/\/www.metrica.it\/fr\/produit\/mire-pliante-en-bois-300-cm\/","og_locale":"fr_FR","og_type":"article","og_title":"Stadia 6 Aste Pieghevole - 300 Cm | G\u00e9od\u00e9sie | Laser et Cam\u00e9ras Thermiques - Metrica","og_description":"D\u00e9couvrez la collection de produits., Stadia 6 Aste Pieghevole - 300 Cm - G\u00e9od\u00e9sie.Stadia pieghevole in legno,Lunghezza totale 3 m,Graduazione: . Consultez le catalogue sur le site officiel de Metrica","og_url":"https:\/\/www.metrica.it\/fr\/produit\/mire-pliante-en-bois-300-cm\/","og_site_name":"Metrica","article_modified_time":"2024-09-16T19:13:35+00:00","og_image":[{"width":1120,"height":754,"url":"https:\/\/www.metrica.it\/wp-content\/uploads\/2024\/05\/60090_1_1.jpg","type":"image\/jpeg"}],"twitter_card":"summary_large_image","schema":{"@context":"https:\/\/schema.org","@graph":[{"@type":"WebPage","@id":"https:\/\/www.metrica.it\/fr\/produit\/mire-pliante-en-bois-300-cm\/","url":"https:\/\/www.metrica.it\/fr\/produit\/mire-pliante-en-bois-300-cm\/","name":"Stadia 6 Aste Pieghevole - 300 Cm | G\u00e9od\u00e9sie | Laser et Cam\u00e9ras Thermiques - Metrica","isPartOf":{"@id":"https:\/\/www.metrica.it\/fr\/#website"},"primaryImageOfPage":{"@id":"https:\/\/www.metrica.it\/fr\/produit\/mire-pliante-en-bois-300-cm\/#primaryimage"},"image":{"@id":"https:\/\/www.metrica.it\/fr\/produit\/mire-pliante-en-bois-300-cm\/#primaryimage"},"thumbnailUrl":"https:\/\/www.metrica.it\/wp-content\/uploads\/2024\/05\/60090_1_1.jpg","datePublished":"2024-09-16T10:24:17+00:00","dateModified":"2024-09-16T19:13:35+00:00","description":"D\u00e9couvrez la collection de produits., Stadia 6 Aste Pieghevole - 300 Cm - G\u00e9od\u00e9sie.Stadia pieghevole in legno,Lunghezza totale 3 m,Graduazione: . Consultez le catalogue sur le site officiel de Metrica","breadcrumb":{"@id":"https:\/\/www.metrica.it\/fr\/produit\/mire-pliante-en-bois-300-cm\/#breadcrumb"},"inLanguage":"fr-FR","potentialAction":[{"@type":"ReadAction","target":["https:\/\/www.metrica.it\/fr\/produit\/mire-pliante-en-bois-300-cm\/"]}]},{"@type":"ImageObject","inLanguage":"fr-FR","@id":"https:\/\/www.metrica.it\/fr\/produit\/mire-pliante-en-bois-300-cm\/#primaryimage","url":"https:\/\/www.metrica.it\/wp-content\/uploads\/2024\/05\/60090_1_1.jpg","contentUrl":"https:\/\/www.metrica.it\/wp-content\/uploads\/2024\/05\/60090_1_1.jpg","width":1120,"height":754},{"@type":"BreadcrumbList","@id":"https:\/\/www.metrica.it\/fr\/produit\/mire-pliante-en-bois-300-cm\/#breadcrumb","itemListElement":[{"@type":"ListItem","position":1,"name":"Home","item":"https:\/\/www.metrica.it\/fr\/"},{"@type":"ListItem","position":2,"name":"Catalogue","item":"https:\/\/www.metrica.it\/fr\/catalogue\/"},{"@type":"ListItem","position":3,"name":"Mire Pliante En Bois &#8211; 300 Cm"}]},{"@type":"WebSite","@id":"https:\/\/www.metrica.it\/fr\/#website","url":"https:\/\/www.metrica.it\/fr\/","name":"Metrica","description":"Made to measure","potentialAction":[{"@type":"SearchAction","target":{"@type":"EntryPoint","urlTemplate":"https:\/\/www.metrica.it\/fr\/?s={search_term_string}"},"query-input":{"@type":"PropertyValueSpecification","valueRequired":true,"valueName":"search_term_string"}}],"inLanguage":"fr-FR"}]}},"meta_box":{"awr_documentation":[],"awr_manuale":[],"awr_scheda_tecnica":"","awr_youtube_video":"","awr_classe_prodotto":"","awr_customize_product":"0","awr_custom_image":false,"awr_related_products":[{"awr_product_name":"Stadia 6 Aste Pieghevole - 300 Cm","awr_product_references":"ref:60090|ean:8001066600908|l:300 cm|n:6|pack:1"}],"awr_consumabili":"","awr_alternativi":"","awr_aliases":"60090","awr_skuid":"60090-it"},"_links":{"self":[{"href":"https:\/\/www.metrica.it\/fr\/wp-json\/wp\/v2\/product\/144844","targetHints":{"allow":["GET"]}}],"collection":[{"href":"https:\/\/www.metrica.it\/fr\/wp-json\/wp\/v2\/product"}],"about":[{"href":"https:\/\/www.metrica.it\/fr\/wp-json\/wp\/v2\/types\/product"}],"wp:featuredmedia":[{"embeddable":true,"href":"https:\/\/www.metrica.it\/fr\/wp-json\/wp\/v2\/media\/123952"}],"wp:attachment":[{"href":"https:\/\/www.metrica.it\/fr\/wp-json\/wp\/v2\/media?parent=144844"}],"wp:term":[{"taxonomy":"product_cat","embeddable":true,"href":"https:\/\/www.metrica.it\/fr\/wp-json\/wp\/v2\/product_cat?post=144844"},{"taxonomy":"product_tag","embeddable":true,"href":"https:\/\/www.metrica.it\/fr\/wp-json\/wp\/v2\/product_tag?post=144844"}],"curies":[{"name":"wp","href":"https:\/\/api.w.org\/{rel}","templated":true}]}}