{"id":144869,"date":"2024-09-16T12:09:59","date_gmt":"2024-09-16T10:09:59","guid":{"rendered":"https:\/\/www.metrica.it\/prodotto\/metrica-point-2-point-40-60-4\/"},"modified":"2024-09-16T20:57:44","modified_gmt":"2024-09-16T18:57:44","slug":"metrica-point-2-point-40-60","status":"publish","type":"product","link":"https:\/\/www.metrica.it\/fr\/produit\/metrica-point-2-point-40-60\/","title":{"rendered":"Metrica Point 2 Point 40 \/ 60"},"content":{"rendered":"<ul>\n<li>\u00a0<\/li>\n<li>Fonction Point2Point : mesure la distance entre 2 points A et B en pointant A et B successivement<\/li>\n<li>Roue de mesure int\u00e9gr\u00e9e : Faites tourner la roue pour d\u00e9tecter la mesure instantan\u00e9e. Indispensable pour les mesures lat\u00e9rales sans but\u00e9e.<\/li>\n<li>Calcul des surfaces et des volumes \u00e9galement avec l&rsquo;utilisation combin\u00e9e du laser et de la roue.<\/li>\n<li>Fonction de mesure continue avec MAX et MIN<\/li>\n<li>Inclinom\u00e8tre<\/li>\n<li>Projette une ligne laser fixe pour l&rsquo;alignement des objets<\/li>\n<li>Mesure : distances, surfaces, volumes, somme, soustraction, fonctions de Pythagore<\/li>\n<li>Syst\u00e8me Bluetooth et Metrica Plan App pour une int\u00e9gration parfaite avec votre PC<\/li>\n<li>\u00c9cran HD 2,4&Prime; avec fonction d&rsquo;auto-rotation qui peut \u00eatre d\u00e9sactiv\u00e9e.<\/li>\n<li>\u00c9tanch\u00e9it\u00e9 IP65<\/li>\n<li>Piles rechargeables<\/li>\n<li>Filetage 1\/4&Prime; pour le raccordement du tr\u00e9pied<\/li>\n<li>Avec sangle et \u00e9tui<\/li>\n<\/ul>\n","protected":false},"excerpt":{"rendered":"<p>Fonction Point2Point : mesure la distance entre 2 points A et B en pointant A et B successivement<\/p>\n<p>Roue de mesure int\u00e9gr\u00e9e : Faites tourner la roue pour d\u00e9tecter la mesure instantan\u00e9e. Indispensable pour les mesures lat\u00e9rales sans but\u00e9e.<\/p>\n<p>Calcul des surfaces et des volumes \u00e9galement avec l&rsquo;utilisation combin\u00e9e du laser et de la roue.<\/p>\n<p>Fonction de mesure continue avec MAX et MIN<\/p>\n<p>Inclinom\u00e8tre<\/p>\n<p>Projette une ligne laser fixe pour l&rsquo;alignement des objets<\/p>\n<p>Mesure : distances, surfaces, volumes, somme, soustraction, fonctions de Pythagore<\/p>\n<p>Syst\u00e8me Bluetooth et Metrica Plan App pour une int\u00e9gration parfaite avec votre PC<\/p>\n<p>\u00c9cran HD 2,4&Prime; avec fonction d&rsquo;auto-rotation qui peut \u00eatre d\u00e9sactiv\u00e9e.<\/p>\n<p>\u00c9tanch\u00e9it\u00e9 IP65<\/p>\n<p>Piles rechargeables<\/p>\n<p>Filetage 1\/4&Prime; pour le raccordement du tr\u00e9pied<\/p>\n<p>Avec sangle et \u00e9tui<\/p>\n","protected":false},"featured_media":119304,"template":"","meta":[],"product_cat":[526,515],"product_tag":[],"class_list":{"0":"post-144869","1":"product","2":"type-product","3":"status-publish","4":"has-post-thumbnail","6":"product_cat-distancemetres-laser","7":"product_cat-laser-et-cameras-thermiques","9":"first","10":"instock","11":"sold-individually","12":"product-type-simple"},"yoast_head":"<title>METRICA POINT 2 POINT 40<\/title>\n<meta name=\"robots\" content=\"index, follow, max-snippet:-1, max-image-preview:large, max-video-preview:-1\" \/>\n<link rel=\"canonical\" href=\"https:\/\/www.metrica.it\/fr\/produit\/metrica-point-2-point-40-60\/\" \/>\n<meta property=\"og:locale\" content=\"fr_FR\" \/>\n<meta property=\"og:type\" content=\"article\" \/>\n<meta property=\"og:title\" content=\"METRICA POINT 2 POINT 40\" \/>\n<meta property=\"og:description\" content=\"Fonction Point2Point : mesure la distance entre 2 points A et B en pointant A et B successivementRoue de mesure int\u00e9gr\u00e9e : Faites tourner la roue pour d\u00e9tecter la mesure instantan\u00e9e. Indispensable pour les mesures lat\u00e9rales sans but\u00e9e.Calcul des surfaces et des volumes \u00e9galement avec l&#039;utilisation combin\u00e9e du laser et de la roue.Fonction de mesure continue avec MAX et MINInclinom\u00e8treProjette une ligne laser fixe pour l&#039;alignement des objetsMesure : distances, surfaces, volumes, somme, soustraction, fonctions de PythagoreSyst\u00e8me Bluetooth et Metrica Plan App pour une int\u00e9gration parfaite avec votre PC\u00c9cran HD 2,4&quot; avec fonction d&#039;auto-rotation qui peut \u00eatre d\u00e9sactiv\u00e9e.\u00c9tanch\u00e9it\u00e9 IP65Piles rechargeablesFiletage 1\/4&quot; pour le raccordement du tr\u00e9piedAvec sangle et \u00e9tui\" \/>\n<meta property=\"og:url\" content=\"https:\/\/www.metrica.it\/fr\/produit\/metrica-point-2-point-40-60\/\" \/>\n<meta property=\"og:site_name\" content=\"Metrica\" \/>\n<meta property=\"article:modified_time\" content=\"2024-09-16T18:57:44+00:00\" \/>\n<meta property=\"og:image\" content=\"https:\/\/www.metrica.it\/wp-content\/uploads\/2024\/05\/61240_61260_1.jpg\" \/>\n\t<meta property=\"og:image:width\" content=\"1200\" \/>\n\t<meta property=\"og:image:height\" content=\"1200\" \/>\n\t<meta property=\"og:image:type\" content=\"image\/jpeg\" \/>\n<meta name=\"twitter:card\" content=\"summary_large_image\" \/>\n<meta name=\"twitter:label1\" content=\"Dur\u00e9e de lecture estim\u00e9e\" \/>\n\t<meta name=\"twitter:data1\" content=\"1 minute\" \/>\n<script type=\"application\/ld+json\" class=\"yoast-schema-graph\">{\"@context\":\"https:\\\/\\\/schema.org\",\"@graph\":[{\"@type\":\"WebPage\",\"@id\":\"https:\\\/\\\/www.metrica.it\\\/fr\\\/produit\\\/metrica-point-2-point-40-60\\\/\",\"url\":\"https:\\\/\\\/www.metrica.it\\\/fr\\\/produit\\\/metrica-point-2-point-40-60\\\/\",\"name\":\"METRICA POINT 2 POINT 40\",\"isPartOf\":{\"@id\":\"https:\\\/\\\/www.metrica.it\\\/fr\\\/#website\"},\"primaryImageOfPage\":{\"@id\":\"https:\\\/\\\/www.metrica.it\\\/fr\\\/produit\\\/metrica-point-2-point-40-60\\\/#primaryimage\"},\"image\":{\"@id\":\"https:\\\/\\\/www.metrica.it\\\/fr\\\/produit\\\/metrica-point-2-point-40-60\\\/#primaryimage\"},\"thumbnailUrl\":\"https:\\\/\\\/www.metrica.it\\\/wp-content\\\/uploads\\\/2024\\\/05\\\/61240_61260_1.jpg\",\"datePublished\":\"2024-09-16T10:09:59+00:00\",\"dateModified\":\"2024-09-16T18:57:44+00:00\",\"breadcrumb\":{\"@id\":\"https:\\\/\\\/www.metrica.it\\\/fr\\\/produit\\\/metrica-point-2-point-40-60\\\/#breadcrumb\"},\"inLanguage\":\"fr-FR\",\"potentialAction\":[{\"@type\":\"ReadAction\",\"target\":[\"https:\\\/\\\/www.metrica.it\\\/fr\\\/produit\\\/metrica-point-2-point-40-60\\\/\"]}]},{\"@type\":\"ImageObject\",\"inLanguage\":\"fr-FR\",\"@id\":\"https:\\\/\\\/www.metrica.it\\\/fr\\\/produit\\\/metrica-point-2-point-40-60\\\/#primaryimage\",\"url\":\"https:\\\/\\\/www.metrica.it\\\/wp-content\\\/uploads\\\/2024\\\/05\\\/61240_61260_1.jpg\",\"contentUrl\":\"https:\\\/\\\/www.metrica.it\\\/wp-content\\\/uploads\\\/2024\\\/05\\\/61240_61260_1.jpg\",\"width\":1200,\"height\":1200},{\"@type\":\"BreadcrumbList\",\"@id\":\"https:\\\/\\\/www.metrica.it\\\/fr\\\/produit\\\/metrica-point-2-point-40-60\\\/#breadcrumb\",\"itemListElement\":[{\"@type\":\"ListItem\",\"position\":1,\"name\":\"Home\",\"item\":\"https:\\\/\\\/www.metrica.it\\\/fr\\\/\"},{\"@type\":\"ListItem\",\"position\":2,\"name\":\"Catalogue\",\"item\":\"https:\\\/\\\/www.metrica.it\\\/fr\\\/catalogue\\\/\"},{\"@type\":\"ListItem\",\"position\":3,\"name\":\"Metrica Point 2 Point 40 \\\/ 60\"}]},{\"@type\":\"WebSite\",\"@id\":\"https:\\\/\\\/www.metrica.it\\\/fr\\\/#website\",\"url\":\"https:\\\/\\\/www.metrica.it\\\/fr\\\/\",\"name\":\"Metrica\",\"description\":\"Made to measure\",\"potentialAction\":[{\"@type\":\"SearchAction\",\"target\":{\"@type\":\"EntryPoint\",\"urlTemplate\":\"https:\\\/\\\/www.metrica.it\\\/fr\\\/?s={search_term_string}\"},\"query-input\":{\"@type\":\"PropertyValueSpecification\",\"valueRequired\":true,\"valueName\":\"search_term_string\"}}],\"inLanguage\":\"fr-FR\"}]}<\/script>","yoast_head_json":{"title":"METRICA POINT 2 POINT 40","robots":{"index":"index","follow":"follow","max-snippet":"max-snippet:-1","max-image-preview":"max-image-preview:large","max-video-preview":"max-video-preview:-1"},"canonical":"https:\/\/www.metrica.it\/fr\/produit\/metrica-point-2-point-40-60\/","og_locale":"fr_FR","og_type":"article","og_title":"METRICA POINT 2 POINT 40","og_description":"Fonction Point2Point : mesure la distance entre 2 points A et B en pointant A et B successivementRoue de mesure int\u00e9gr\u00e9e : Faites tourner la roue pour d\u00e9tecter la mesure instantan\u00e9e. Indispensable pour les mesures lat\u00e9rales sans but\u00e9e.Calcul des surfaces et des volumes \u00e9galement avec l'utilisation combin\u00e9e du laser et de la roue.Fonction de mesure continue avec MAX et MINInclinom\u00e8treProjette une ligne laser fixe pour l'alignement des objetsMesure : distances, surfaces, volumes, somme, soustraction, fonctions de PythagoreSyst\u00e8me Bluetooth et Metrica Plan App pour une int\u00e9gration parfaite avec votre PC\u00c9cran HD 2,4\" avec fonction d'auto-rotation qui peut \u00eatre d\u00e9sactiv\u00e9e.\u00c9tanch\u00e9it\u00e9 IP65Piles rechargeablesFiletage 1\/4\" pour le raccordement du tr\u00e9piedAvec sangle et \u00e9tui","og_url":"https:\/\/www.metrica.it\/fr\/produit\/metrica-point-2-point-40-60\/","og_site_name":"Metrica","article_modified_time":"2024-09-16T18:57:44+00:00","og_image":[{"width":1200,"height":1200,"url":"https:\/\/www.metrica.it\/wp-content\/uploads\/2024\/05\/61240_61260_1.jpg","type":"image\/jpeg"}],"twitter_card":"summary_large_image","twitter_misc":{"Dur\u00e9e de lecture estim\u00e9e":"1 minute"},"schema":{"@context":"https:\/\/schema.org","@graph":[{"@type":"WebPage","@id":"https:\/\/www.metrica.it\/fr\/produit\/metrica-point-2-point-40-60\/","url":"https:\/\/www.metrica.it\/fr\/produit\/metrica-point-2-point-40-60\/","name":"METRICA POINT 2 POINT 40","isPartOf":{"@id":"https:\/\/www.metrica.it\/fr\/#website"},"primaryImageOfPage":{"@id":"https:\/\/www.metrica.it\/fr\/produit\/metrica-point-2-point-40-60\/#primaryimage"},"image":{"@id":"https:\/\/www.metrica.it\/fr\/produit\/metrica-point-2-point-40-60\/#primaryimage"},"thumbnailUrl":"https:\/\/www.metrica.it\/wp-content\/uploads\/2024\/05\/61240_61260_1.jpg","datePublished":"2024-09-16T10:09:59+00:00","dateModified":"2024-09-16T18:57:44+00:00","breadcrumb":{"@id":"https:\/\/www.metrica.it\/fr\/produit\/metrica-point-2-point-40-60\/#breadcrumb"},"inLanguage":"fr-FR","potentialAction":[{"@type":"ReadAction","target":["https:\/\/www.metrica.it\/fr\/produit\/metrica-point-2-point-40-60\/"]}]},{"@type":"ImageObject","inLanguage":"fr-FR","@id":"https:\/\/www.metrica.it\/fr\/produit\/metrica-point-2-point-40-60\/#primaryimage","url":"https:\/\/www.metrica.it\/wp-content\/uploads\/2024\/05\/61240_61260_1.jpg","contentUrl":"https:\/\/www.metrica.it\/wp-content\/uploads\/2024\/05\/61240_61260_1.jpg","width":1200,"height":1200},{"@type":"BreadcrumbList","@id":"https:\/\/www.metrica.it\/fr\/produit\/metrica-point-2-point-40-60\/#breadcrumb","itemListElement":[{"@type":"ListItem","position":1,"name":"Home","item":"https:\/\/www.metrica.it\/fr\/"},{"@type":"ListItem","position":2,"name":"Catalogue","item":"https:\/\/www.metrica.it\/fr\/catalogue\/"},{"@type":"ListItem","position":3,"name":"Metrica Point 2 Point 40 \/ 60"}]},{"@type":"WebSite","@id":"https:\/\/www.metrica.it\/fr\/#website","url":"https:\/\/www.metrica.it\/fr\/","name":"Metrica","description":"Made to measure","potentialAction":[{"@type":"SearchAction","target":{"@type":"EntryPoint","urlTemplate":"https:\/\/www.metrica.it\/fr\/?s={search_term_string}"},"query-input":{"@type":"PropertyValueSpecification","valueRequired":true,"valueName":"search_term_string"}}],"inLanguage":"fr-FR"}]}},"meta_box":{"awr_documentation":[{"filesize":43295491,"ID":"146351","name":"61240.pdf","path":"\/var\/www\/html\/wp-content\/uploads\/2024\/09\/61240.pdf","url":"https:\/\/www.metrica.it\/wp-content\/uploads\/2024\/09\/61240.pdf","title":"61240.pdf"}],"awr_manuale":[],"awr_scheda_tecnica":"<table>\n<tbody>\n<tr>\n<td><strong>Pr\u00e9cision typique<\/strong><\/td>\n<td>\u00b1 <span>2,0 mm + (5XD*<span>10<\/span><span>-5)<\/span><\/span><\/td>\n<\/tr>\n<tr>\n<td><strong>Pr\u00e9cision de la roue<\/strong><\/td>\n<td>\u00b1 5\u2030<\/td>\n<\/tr>\n<tr>\n<td><strong>Pr\u00e9cision d'affichage<\/strong><\/td>\n<td>1 mm<\/td>\n<\/tr>\n<tr>\n<td><strong>Type de laser<\/strong><\/td>\n<td>630-670 nm <\/td>\n<\/tr>\n<tr>\n<td><strong>Puissance laser<\/strong><\/td>\n<td>class II<\/td>\n<\/tr>\n<tr>\n<td><strong>Surface \/ volume<\/strong><\/td>\n<td>oui<\/td>\n<\/tr>\n<tr>\n<td><strong>Max\/Min<\/strong><\/td>\n<td>oui<\/td>\n<\/tr>\n<tr>\n<td><strong>Pitagora<\/strong><\/td>\n<td>oui<\/td>\n<\/tr>\n<tr>\n<td><strong>Soustractions\/Sommes<\/strong><\/td>\n<td>oui<\/td>\n<\/tr>\n<tr>\n<td><strong>M\u00e9moire<\/strong><\/td>\n<td>50 mesures<\/td>\n<\/tr>\n<tr>\n<td><strong>\u00c9tanch\u00e9it\u00e9<\/strong><\/td>\n<td>IP 65<\/td>\n<\/tr>\n<tr>\n<td><strong>Piles\u00a0<\/strong><\/td>\n<td>15V. X 3 - AAA Rechargeables USB-C<\/td>\n<\/tr>\n<tr>\n<td><strong>Tension de charge<\/strong><\/td>\n<td>5 Volt<\/td>\n<\/tr>\n<tr>\n<td><strong>Dimensions (mm)<\/strong><\/td>\n<td>137 x 55 x 26<\/td>\n<\/tr>\n<tr>\n<td><strong>Poids<\/strong><\/td>\n<td>132 g<\/td>\n<\/tr>\n<tr>\n<td><strong>Filetto per attacco treppiedi<\/strong><\/td>\n<td>1\/4\"<\/td>\n<\/tr>\n<\/tbody>\n<\/table>\n","awr_youtube_video":"https:\/\/www.youtube.com\/embed\/kx8g_vrF5Rk","awr_classe_prodotto":"","awr_customize_product":"0","awr_custom_image":false,"awr_related_products":[{"awr_product_name":"Metrica Point 2 Point 40","awr_product_references":"ref:61240|ean:8001066612406|l:0,2-40m|pack:1"},{"awr_product_name":"Metrica Point 2 Point 60","awr_product_references":"ref:61260|ean:8001066612604|l:0,2-60m|pack:1"}],"awr_consumabili":"","awr_alternativi":"","awr_aliases":"61240,61260","awr_skuid":"61240-it"},"_links":{"self":[{"href":"https:\/\/www.metrica.it\/fr\/wp-json\/wp\/v2\/product\/144869","targetHints":{"allow":["GET"]}}],"collection":[{"href":"https:\/\/www.metrica.it\/fr\/wp-json\/wp\/v2\/product"}],"about":[{"href":"https:\/\/www.metrica.it\/fr\/wp-json\/wp\/v2\/types\/product"}],"wp:featuredmedia":[{"embeddable":true,"href":"https:\/\/www.metrica.it\/fr\/wp-json\/wp\/v2\/media\/119304"}],"wp:attachment":[{"href":"https:\/\/www.metrica.it\/fr\/wp-json\/wp\/v2\/media?parent=144869"}],"wp:term":[{"taxonomy":"product_cat","embeddable":true,"href":"https:\/\/www.metrica.it\/fr\/wp-json\/wp\/v2\/product_cat?post=144869"},{"taxonomy":"product_tag","embeddable":true,"href":"https:\/\/www.metrica.it\/fr\/wp-json\/wp\/v2\/product_tag?post=144869"}],"curies":[{"name":"wp","href":"https:\/\/api.w.org\/{rel}","templated":true}]}}