{"id":154238,"date":"2025-01-14T09:52:51","date_gmt":"2025-01-14T08:52:51","guid":{"rendered":"https:\/\/www.metrica.it\/prodotto\/metrica-bicolor-4\/"},"modified":"2025-01-14T09:52:58","modified_gmt":"2025-01-14T08:52:58","slug":"metrica-bicolor-4","status":"publish","type":"product","link":"https:\/\/www.metrica.it\/fr\/produit\/metrica-bicolor-4\/","title":{"rendered":"Metrica Bicolor"},"content":{"rendered":"<ul>\n<li>Bo\u00eetier ABS caoutchout\u00e9 anti-chocs &#8211; jaune fluo<\/li>\n<li>Ruban brevet\u00e9 avec changement de couleur tout les 10 cm sur 2 m\u00e8tres pour une visibilit\u00e9 instantan\u00e9e et facilit\u00e9e<\/li>\n<li>Num\u00e9rotation agrandie et visible <\/li>\n<li>Largeur du ruban augment\u00e9e pour plus de stabilit\u00e9 (jusqu&rsquo;\u00e0 3m en horizontal en largeur 28mm)<\/li>\n<\/ul>\n","protected":false},"excerpt":{"rendered":"<p>Bo\u00eetier ABS caoutchout\u00e9 anti-chocs &#8211; jaune fluo <br \/>Ruban brevet\u00e9 avec changement de couleur tout les 10 cm sur 2 m\u00e8tres pour une visibilit\u00e9 instantan\u00e9e et facilit\u00e9e <br \/>Num\u00e9rotation agrandie et visible <br \/>Largeur du ruban augment\u00e9e pour plus de stabilit\u00e9 (jusqu&rsquo;\u00e0 3m en horizontal en largeur 28mm) <\/p>\n","protected":false},"featured_media":150242,"template":"","meta":[],"product_cat":[49,590],"product_tag":[],"class_list":{"0":"post-154238","1":"product","2":"type-product","3":"status-publish","4":"has-post-thumbnail","6":"product_cat-mesures-de-longueur","7":"product_cat-metres-a-ruban","9":"first","10":"instock","11":"featured","12":"sold-individually","13":"product-type-simple"},"yoast_head":"<title>Metrica Bicolor - Metrica<\/title>\n<meta name=\"robots\" content=\"index, follow, max-snippet:-1, max-image-preview:large, max-video-preview:-1\" \/>\n<link rel=\"canonical\" href=\"https:\/\/www.metrica.it\/fr\/produit\/metrica-bicolor-4\/\" \/>\n<meta property=\"og:locale\" content=\"fr_FR\" \/>\n<meta property=\"og:type\" content=\"article\" \/>\n<meta property=\"og:title\" content=\"Metrica Bicolor - Metrica\" \/>\n<meta property=\"og:description\" content=\"Bo\u00eetier ABS caoutchout\u00e9 anti-chocs - jaune fluo Ruban brevet\u00e9 avec changement de couleur tout les 10 cm sur 2 m\u00e8tres pour une visibilit\u00e9 instantan\u00e9e et facilit\u00e9e Num\u00e9rotation agrandie et visible Largeur du ruban augment\u00e9e pour plus de stabilit\u00e9 (jusqu&#039;\u00e0 3m en horizontal en largeur 28mm)\" \/>\n<meta property=\"og:url\" content=\"https:\/\/www.metrica.it\/fr\/produit\/metrica-bicolor-4\/\" \/>\n<meta property=\"og:site_name\" content=\"Metrica\" \/>\n<meta property=\"article:modified_time\" content=\"2025-01-14T08:52:58+00:00\" \/>\n<meta property=\"og:image\" content=\"https:\/\/www.metrica.it\/wp-content\/uploads\/2024\/12\/08220-scaled.jpg\" \/>\n\t<meta property=\"og:image:width\" content=\"2560\" \/>\n\t<meta property=\"og:image:height\" content=\"2560\" \/>\n\t<meta property=\"og:image:type\" content=\"image\/jpeg\" \/>\n<meta name=\"twitter:card\" content=\"summary_large_image\" \/>\n<script type=\"application\/ld+json\" class=\"yoast-schema-graph\">{\"@context\":\"https:\\\/\\\/schema.org\",\"@graph\":[{\"@type\":\"WebPage\",\"@id\":\"https:\\\/\\\/www.metrica.it\\\/fr\\\/produit\\\/metrica-bicolor-4\\\/\",\"url\":\"https:\\\/\\\/www.metrica.it\\\/fr\\\/produit\\\/metrica-bicolor-4\\\/\",\"name\":\"Metrica Bicolor - Metrica\",\"isPartOf\":{\"@id\":\"https:\\\/\\\/www.metrica.it\\\/fr\\\/#website\"},\"primaryImageOfPage\":{\"@id\":\"https:\\\/\\\/www.metrica.it\\\/fr\\\/produit\\\/metrica-bicolor-4\\\/#primaryimage\"},\"image\":{\"@id\":\"https:\\\/\\\/www.metrica.it\\\/fr\\\/produit\\\/metrica-bicolor-4\\\/#primaryimage\"},\"thumbnailUrl\":\"https:\\\/\\\/www.metrica.it\\\/wp-content\\\/uploads\\\/2024\\\/12\\\/08220-scaled.jpg\",\"datePublished\":\"2025-01-14T08:52:51+00:00\",\"dateModified\":\"2025-01-14T08:52:58+00:00\",\"breadcrumb\":{\"@id\":\"https:\\\/\\\/www.metrica.it\\\/fr\\\/produit\\\/metrica-bicolor-4\\\/#breadcrumb\"},\"inLanguage\":\"fr-FR\",\"potentialAction\":[{\"@type\":\"ReadAction\",\"target\":[\"https:\\\/\\\/www.metrica.it\\\/fr\\\/produit\\\/metrica-bicolor-4\\\/\"]}]},{\"@type\":\"ImageObject\",\"inLanguage\":\"fr-FR\",\"@id\":\"https:\\\/\\\/www.metrica.it\\\/fr\\\/produit\\\/metrica-bicolor-4\\\/#primaryimage\",\"url\":\"https:\\\/\\\/www.metrica.it\\\/wp-content\\\/uploads\\\/2024\\\/12\\\/08220-scaled.jpg\",\"contentUrl\":\"https:\\\/\\\/www.metrica.it\\\/wp-content\\\/uploads\\\/2024\\\/12\\\/08220-scaled.jpg\",\"width\":2560,\"height\":2560},{\"@type\":\"BreadcrumbList\",\"@id\":\"https:\\\/\\\/www.metrica.it\\\/fr\\\/produit\\\/metrica-bicolor-4\\\/#breadcrumb\",\"itemListElement\":[{\"@type\":\"ListItem\",\"position\":1,\"name\":\"Home\",\"item\":\"https:\\\/\\\/www.metrica.it\\\/fr\\\/\"},{\"@type\":\"ListItem\",\"position\":2,\"name\":\"Catalogue\",\"item\":\"https:\\\/\\\/www.metrica.it\\\/fr\\\/catalogue\\\/\"},{\"@type\":\"ListItem\",\"position\":3,\"name\":\"Metrica Bicolor\"}]},{\"@type\":\"WebSite\",\"@id\":\"https:\\\/\\\/www.metrica.it\\\/fr\\\/#website\",\"url\":\"https:\\\/\\\/www.metrica.it\\\/fr\\\/\",\"name\":\"Metrica\",\"description\":\"Made to measure\",\"potentialAction\":[{\"@type\":\"SearchAction\",\"target\":{\"@type\":\"EntryPoint\",\"urlTemplate\":\"https:\\\/\\\/www.metrica.it\\\/fr\\\/?s={search_term_string}\"},\"query-input\":{\"@type\":\"PropertyValueSpecification\",\"valueRequired\":true,\"valueName\":\"search_term_string\"}}],\"inLanguage\":\"fr-FR\"}]}<\/script>","yoast_head_json":{"title":"Metrica Bicolor - Metrica","robots":{"index":"index","follow":"follow","max-snippet":"max-snippet:-1","max-image-preview":"max-image-preview:large","max-video-preview":"max-video-preview:-1"},"canonical":"https:\/\/www.metrica.it\/fr\/produit\/metrica-bicolor-4\/","og_locale":"fr_FR","og_type":"article","og_title":"Metrica Bicolor - Metrica","og_description":"Bo\u00eetier ABS caoutchout\u00e9 anti-chocs - jaune fluo Ruban brevet\u00e9 avec changement de couleur tout les 10 cm sur 2 m\u00e8tres pour une visibilit\u00e9 instantan\u00e9e et facilit\u00e9e Num\u00e9rotation agrandie et visible Largeur du ruban augment\u00e9e pour plus de stabilit\u00e9 (jusqu'\u00e0 3m en horizontal en largeur 28mm)","og_url":"https:\/\/www.metrica.it\/fr\/produit\/metrica-bicolor-4\/","og_site_name":"Metrica","article_modified_time":"2025-01-14T08:52:58+00:00","og_image":[{"width":2560,"height":2560,"url":"https:\/\/www.metrica.it\/wp-content\/uploads\/2024\/12\/08220-scaled.jpg","type":"image\/jpeg"}],"twitter_card":"summary_large_image","schema":{"@context":"https:\/\/schema.org","@graph":[{"@type":"WebPage","@id":"https:\/\/www.metrica.it\/fr\/produit\/metrica-bicolor-4\/","url":"https:\/\/www.metrica.it\/fr\/produit\/metrica-bicolor-4\/","name":"Metrica Bicolor - Metrica","isPartOf":{"@id":"https:\/\/www.metrica.it\/fr\/#website"},"primaryImageOfPage":{"@id":"https:\/\/www.metrica.it\/fr\/produit\/metrica-bicolor-4\/#primaryimage"},"image":{"@id":"https:\/\/www.metrica.it\/fr\/produit\/metrica-bicolor-4\/#primaryimage"},"thumbnailUrl":"https:\/\/www.metrica.it\/wp-content\/uploads\/2024\/12\/08220-scaled.jpg","datePublished":"2025-01-14T08:52:51+00:00","dateModified":"2025-01-14T08:52:58+00:00","breadcrumb":{"@id":"https:\/\/www.metrica.it\/fr\/produit\/metrica-bicolor-4\/#breadcrumb"},"inLanguage":"fr-FR","potentialAction":[{"@type":"ReadAction","target":["https:\/\/www.metrica.it\/fr\/produit\/metrica-bicolor-4\/"]}]},{"@type":"ImageObject","inLanguage":"fr-FR","@id":"https:\/\/www.metrica.it\/fr\/produit\/metrica-bicolor-4\/#primaryimage","url":"https:\/\/www.metrica.it\/wp-content\/uploads\/2024\/12\/08220-scaled.jpg","contentUrl":"https:\/\/www.metrica.it\/wp-content\/uploads\/2024\/12\/08220-scaled.jpg","width":2560,"height":2560},{"@type":"BreadcrumbList","@id":"https:\/\/www.metrica.it\/fr\/produit\/metrica-bicolor-4\/#breadcrumb","itemListElement":[{"@type":"ListItem","position":1,"name":"Home","item":"https:\/\/www.metrica.it\/fr\/"},{"@type":"ListItem","position":2,"name":"Catalogue","item":"https:\/\/www.metrica.it\/fr\/catalogue\/"},{"@type":"ListItem","position":3,"name":"Metrica Bicolor"}]},{"@type":"WebSite","@id":"https:\/\/www.metrica.it\/fr\/#website","url":"https:\/\/www.metrica.it\/fr\/","name":"Metrica","description":"Made to measure","potentialAction":[{"@type":"SearchAction","target":{"@type":"EntryPoint","urlTemplate":"https:\/\/www.metrica.it\/fr\/?s={search_term_string}"},"query-input":{"@type":"PropertyValueSpecification","valueRequired":true,"valueName":"search_term_string"}}],"inLanguage":"fr-FR"}]}},"meta_box":{"awr_documentation":[],"awr_manuale":[],"awr_scheda_tecnica":"","awr_youtube_video":"","awr_classe_prodotto":"CE_2","awr_customize_product":"1","awr_custom_image":{"width":96,"height":96,"file":"2024\/12\/98220-scaled.jpg","filesize":531108,"sizes":{"hongo-product-icon-image":{"file":"98220-64x64.jpg","width":64,"height":64,"mime-type":"image\/jpeg","filesize":14651,"url":"https:\/\/www.metrica.it\/wp-content\/uploads\/2024\/12\/98220-64x64.jpg"},"hongo-product-small-image":{"file":"98220-84x84.jpg","width":84,"height":84,"mime-type":"image\/jpeg","filesize":15243,"url":"https:\/\/www.metrica.it\/wp-content\/uploads\/2024\/12\/98220-84x84.jpg"},"hongo-medium-image":{"file":"98220-450x450.jpg","width":450,"height":450,"mime-type":"image\/jpeg","filesize":41923,"url":"https:\/\/www.metrica.it\/wp-content\/uploads\/2024\/12\/98220-450x450.jpg"},"post-thumbnail":{"file":"98220-790x790.jpg","width":790,"height":790,"mime-type":"image\/jpeg","filesize":83026,"url":"https:\/\/www.metrica.it\/wp-content\/uploads\/2024\/12\/98220-790x790.jpg"},"dgwt-wcas-product-suggestion":{"file":"98220-64x64.jpg","width":64,"height":64,"mime-type":"image\/jpeg","filesize":14651,"url":"https:\/\/www.metrica.it\/wp-content\/uploads\/2024\/12\/98220-64x64.jpg"},"hongo-shop-image":{"file":"98220-660x660.jpg","width":660,"height":660,"mime-type":"image\/jpeg","filesize":65007,"url":"https:\/\/www.metrica.it\/wp-content\/uploads\/2024\/12\/98220-660x660.jpg"}},"image_meta":{"aperture":"0","credit":"","camera":"","caption":"","created_timestamp":"0","copyright":"","focal_length":"0","iso":"0","shutter_speed":"0","title":"","orientation":"1","keywords":[]},"original_image":"98220.jpg","ID":"150241","name":"98220-scaled.jpg","path":"\/var\/www\/html\/wp-content\/uploads\/2024\/12\/98220-scaled.jpg","url":"https:\/\/www.metrica.it\/wp-content\/uploads\/2024\/12\/98220-scaled.jpg","full_url":"https:\/\/www.metrica.it\/wp-content\/uploads\/2024\/12\/98220-scaled.jpg","title":"98220.jpg","caption":"","description":"","alt":"","srcset":"https:\/\/www.metrica.it\/wp-content\/uploads\/2024\/12\/98220-scaled.jpg 2560w, https:\/\/www.metrica.it\/wp-content\/uploads\/2024\/12\/98220-64x64.jpg 64w, https:\/\/www.metrica.it\/wp-content\/uploads\/2024\/12\/98220-84x84.jpg 84w, https:\/\/www.metrica.it\/wp-content\/uploads\/2024\/12\/98220-450x450.jpg 450w, https:\/\/www.metrica.it\/wp-content\/uploads\/2024\/12\/98220-790x790.jpg 790w, https:\/\/www.metrica.it\/wp-content\/uploads\/2024\/12\/98220-660x660.jpg 660w"},"awr_related_products":[{"awr_product_references":"ref:08220|ean:8001066082209|l:3m|larghezza:19mm|unit_misura:mm|b_mm:60|pack:12"},{"awr_product_references":"ref:08221|ean:8001066082216|l:5m|larghezza:22mm|unit_misura:mm|b_mm:65|pack:12"},{"awr_product_references":"ref:08222|ean:8001066082223|l:5m|larghezza:28mm|unit_misura:mm|b_mm:65|pack:6"},{"awr_product_references":"ref:08223|ean:8001066082230|l:8m|larghezza:28mm|unit_misura:mm|b_mm:70|pack:6"}],"awr_consumabili":"","awr_alternativi":"98068,08075,08037,38143D,08973,","awr_aliases":"98068,08075,08037,38143D,08973,","awr_skuid":"08220-it"},"_links":{"self":[{"href":"https:\/\/www.metrica.it\/fr\/wp-json\/wp\/v2\/product\/154238","targetHints":{"allow":["GET"]}}],"collection":[{"href":"https:\/\/www.metrica.it\/fr\/wp-json\/wp\/v2\/product"}],"about":[{"href":"https:\/\/www.metrica.it\/fr\/wp-json\/wp\/v2\/types\/product"}],"wp:featuredmedia":[{"embeddable":true,"href":"https:\/\/www.metrica.it\/fr\/wp-json\/wp\/v2\/media\/150242"}],"wp:attachment":[{"href":"https:\/\/www.metrica.it\/fr\/wp-json\/wp\/v2\/media?parent=154238"}],"wp:term":[{"taxonomy":"product_cat","embeddable":true,"href":"https:\/\/www.metrica.it\/fr\/wp-json\/wp\/v2\/product_cat?post=154238"},{"taxonomy":"product_tag","embeddable":true,"href":"https:\/\/www.metrica.it\/fr\/wp-json\/wp\/v2\/product_tag?post=154238"}],"curies":[{"name":"wp","href":"https:\/\/api.w.org\/{rel}","templated":true}]}}