{"id":154243,"date":"2025-01-14T09:52:57","date_gmt":"2025-01-14T08:52:57","guid":{"rendered":"https:\/\/www.metrica.it\/prodotto\/pied-a-coulisse-digital-haute-visibilite\/"},"modified":"2025-02-15T16:28:46","modified_gmt":"2025-02-15T15:28:46","slug":"pied-a-coulisse-digital-haute-visibilite","status":"publish","type":"product","link":"https:\/\/www.metrica.it\/fr\/produit\/pied-a-coulisse-digital-haute-visibilite\/","title":{"rendered":"Pied \u00e0 coulisse digital haute visibilit\u00e9"},"content":{"rendered":"<ul>\n<li> Mod\u00e8le professionnel<\/li>\n<li>Acier inox tremp\u00e9<\/li>\n<li>4 fonctions de mesure<\/li>\n<li>\u00c9cran LCD haute visibilit\u00e9 &#8211; chiffres g\u00e9ants<\/li>\n<li>IP54<\/li>\n<li>Autostop<\/li>\n<li>R\u00e9solution 0,01 mm\/0,0005\u201d<\/li>\n<li>R\u00e9p\u00e9tibilit\u00e9 0,01 mm\/0,0005\u201d<\/li>\n<li>Pr\u00e9cision 0,02 mm\/0,001\u201d<\/li>\n<li>Temp\u00e9rature d\u2019exercice 0 \u00b0C &#8211; 40 \u00b0C<\/li>\n<li>Touches: ON\/OFF, z\u00e9ro, mm\/inch<\/li>\n<\/ul>\n","protected":false},"excerpt":{"rendered":"<p> Mod\u00e8le professionnel <br \/>Acier inox tremp\u00e9 <br \/>4 fonctions de mesure <br \/>\u00c9cran LCD haute visibilit\u00e9 &#8211; chiffres g\u00e9ants <br \/>IP54 <br \/>Autostop <br \/>R\u00e9solution 0,01 mm\/0,0005\u201d <br \/>R\u00e9p\u00e9tibilit\u00e9 0,01 mm\/0,0005\u201d <br \/>Pr\u00e9cision 0,02 mm\/0,001\u201d <br \/>Temp\u00e9rature d\u2019exercice 0 \u00b0C &#8211; 40 \u00b0C <br \/>Touches: ON\/OFF, z\u00e9ro, mm\/inch <\/p>\n","protected":false},"featured_media":150252,"template":"","meta":[],"product_cat":[641,649],"product_tag":[],"class_list":{"0":"post-154243","1":"product","2":"type-product","3":"status-publish","4":"has-post-thumbnail","6":"product_cat-mesures-mecaniques","7":"product_cat-pieds-a-coulisse","9":"first","10":"instock","11":"featured","12":"sold-individually","13":"product-type-simple"},"yoast_head":"<title>Pied \u00e0 coulisse digital haute visibilit\u00e9 - Metrica<\/title>\n<meta name=\"robots\" content=\"index, follow, max-snippet:-1, max-image-preview:large, max-video-preview:-1\" \/>\n<link rel=\"canonical\" href=\"https:\/\/www.metrica.it\/fr\/produit\/pied-a-coulisse-digital-haute-visibilite\/\" \/>\n<meta property=\"og:locale\" content=\"fr_FR\" \/>\n<meta property=\"og:type\" content=\"article\" \/>\n<meta property=\"og:title\" content=\"Pied \u00e0 coulisse digital haute visibilit\u00e9 - Metrica\" \/>\n<meta property=\"og:description\" content=\"Mod\u00e8le professionnel Acier inox tremp\u00e9 4 fonctions de mesure \u00c9cran LCD haute visibilit\u00e9 - chiffres g\u00e9ants IP54 Autostop R\u00e9solution 0,01 mm\/0,0005\u201d R\u00e9p\u00e9tibilit\u00e9 0,01 mm\/0,0005\u201d Pr\u00e9cision 0,02 mm\/0,001\u201d Temp\u00e9rature d\u2019exercice 0 \u00b0C - 40 \u00b0C Touches: ON\/OFF, z\u00e9ro, mm\/inch\" \/>\n<meta property=\"og:url\" content=\"https:\/\/www.metrica.it\/fr\/produit\/pied-a-coulisse-digital-haute-visibilite\/\" \/>\n<meta property=\"og:site_name\" content=\"Metrica\" \/>\n<meta property=\"article:modified_time\" content=\"2025-02-15T15:28:46+00:00\" \/>\n<meta property=\"og:image\" content=\"https:\/\/www.metrica.it\/wp-content\/uploads\/2024\/12\/10084-scaled.jpg\" \/>\n\t<meta property=\"og:image:width\" content=\"2560\" \/>\n\t<meta property=\"og:image:height\" content=\"2560\" \/>\n\t<meta property=\"og:image:type\" content=\"image\/jpeg\" \/>\n<meta name=\"twitter:card\" content=\"summary_large_image\" \/>\n<meta name=\"twitter:label1\" content=\"Dur\u00e9e de lecture estim\u00e9e\" \/>\n\t<meta name=\"twitter:data1\" content=\"1 minute\" \/>\n<script type=\"application\/ld+json\" class=\"yoast-schema-graph\">{\"@context\":\"https:\\\/\\\/schema.org\",\"@graph\":[{\"@type\":\"WebPage\",\"@id\":\"https:\\\/\\\/www.metrica.it\\\/fr\\\/produit\\\/pied-a-coulisse-digital-haute-visibilite\\\/\",\"url\":\"https:\\\/\\\/www.metrica.it\\\/fr\\\/produit\\\/pied-a-coulisse-digital-haute-visibilite\\\/\",\"name\":\"Pied \u00e0 coulisse digital haute visibilit\u00e9 - Metrica\",\"isPartOf\":{\"@id\":\"https:\\\/\\\/www.metrica.it\\\/fr\\\/#website\"},\"primaryImageOfPage\":{\"@id\":\"https:\\\/\\\/www.metrica.it\\\/fr\\\/produit\\\/pied-a-coulisse-digital-haute-visibilite\\\/#primaryimage\"},\"image\":{\"@id\":\"https:\\\/\\\/www.metrica.it\\\/fr\\\/produit\\\/pied-a-coulisse-digital-haute-visibilite\\\/#primaryimage\"},\"thumbnailUrl\":\"https:\\\/\\\/www.metrica.it\\\/wp-content\\\/uploads\\\/2024\\\/12\\\/10084-scaled.jpg\",\"datePublished\":\"2025-01-14T08:52:57+00:00\",\"dateModified\":\"2025-02-15T15:28:46+00:00\",\"breadcrumb\":{\"@id\":\"https:\\\/\\\/www.metrica.it\\\/fr\\\/produit\\\/pied-a-coulisse-digital-haute-visibilite\\\/#breadcrumb\"},\"inLanguage\":\"fr-FR\",\"potentialAction\":[{\"@type\":\"ReadAction\",\"target\":[\"https:\\\/\\\/www.metrica.it\\\/fr\\\/produit\\\/pied-a-coulisse-digital-haute-visibilite\\\/\"]}]},{\"@type\":\"ImageObject\",\"inLanguage\":\"fr-FR\",\"@id\":\"https:\\\/\\\/www.metrica.it\\\/fr\\\/produit\\\/pied-a-coulisse-digital-haute-visibilite\\\/#primaryimage\",\"url\":\"https:\\\/\\\/www.metrica.it\\\/wp-content\\\/uploads\\\/2024\\\/12\\\/10084-scaled.jpg\",\"contentUrl\":\"https:\\\/\\\/www.metrica.it\\\/wp-content\\\/uploads\\\/2024\\\/12\\\/10084-scaled.jpg\",\"width\":2560,\"height\":2560},{\"@type\":\"BreadcrumbList\",\"@id\":\"https:\\\/\\\/www.metrica.it\\\/fr\\\/produit\\\/pied-a-coulisse-digital-haute-visibilite\\\/#breadcrumb\",\"itemListElement\":[{\"@type\":\"ListItem\",\"position\":1,\"name\":\"Home\",\"item\":\"https:\\\/\\\/www.metrica.it\\\/fr\\\/\"},{\"@type\":\"ListItem\",\"position\":2,\"name\":\"Catalogue\",\"item\":\"https:\\\/\\\/www.metrica.it\\\/fr\\\/catalogue\\\/\"},{\"@type\":\"ListItem\",\"position\":3,\"name\":\"Pied \u00e0 coulisse digital haute visibilit\u00e9\"}]},{\"@type\":\"WebSite\",\"@id\":\"https:\\\/\\\/www.metrica.it\\\/fr\\\/#website\",\"url\":\"https:\\\/\\\/www.metrica.it\\\/fr\\\/\",\"name\":\"Metrica\",\"description\":\"Made to measure\",\"potentialAction\":[{\"@type\":\"SearchAction\",\"target\":{\"@type\":\"EntryPoint\",\"urlTemplate\":\"https:\\\/\\\/www.metrica.it\\\/fr\\\/?s={search_term_string}\"},\"query-input\":{\"@type\":\"PropertyValueSpecification\",\"valueRequired\":true,\"valueName\":\"search_term_string\"}}],\"inLanguage\":\"fr-FR\"}]}<\/script>","yoast_head_json":{"title":"Pied \u00e0 coulisse digital haute visibilit\u00e9 - Metrica","robots":{"index":"index","follow":"follow","max-snippet":"max-snippet:-1","max-image-preview":"max-image-preview:large","max-video-preview":"max-video-preview:-1"},"canonical":"https:\/\/www.metrica.it\/fr\/produit\/pied-a-coulisse-digital-haute-visibilite\/","og_locale":"fr_FR","og_type":"article","og_title":"Pied \u00e0 coulisse digital haute visibilit\u00e9 - Metrica","og_description":"Mod\u00e8le professionnel Acier inox tremp\u00e9 4 fonctions de mesure \u00c9cran LCD haute visibilit\u00e9 - chiffres g\u00e9ants IP54 Autostop R\u00e9solution 0,01 mm\/0,0005\u201d R\u00e9p\u00e9tibilit\u00e9 0,01 mm\/0,0005\u201d Pr\u00e9cision 0,02 mm\/0,001\u201d Temp\u00e9rature d\u2019exercice 0 \u00b0C - 40 \u00b0C Touches: ON\/OFF, z\u00e9ro, mm\/inch","og_url":"https:\/\/www.metrica.it\/fr\/produit\/pied-a-coulisse-digital-haute-visibilite\/","og_site_name":"Metrica","article_modified_time":"2025-02-15T15:28:46+00:00","og_image":[{"width":2560,"height":2560,"url":"https:\/\/www.metrica.it\/wp-content\/uploads\/2024\/12\/10084-scaled.jpg","type":"image\/jpeg"}],"twitter_card":"summary_large_image","twitter_misc":{"Dur\u00e9e de lecture estim\u00e9e":"1 minute"},"schema":{"@context":"https:\/\/schema.org","@graph":[{"@type":"WebPage","@id":"https:\/\/www.metrica.it\/fr\/produit\/pied-a-coulisse-digital-haute-visibilite\/","url":"https:\/\/www.metrica.it\/fr\/produit\/pied-a-coulisse-digital-haute-visibilite\/","name":"Pied \u00e0 coulisse digital haute visibilit\u00e9 - Metrica","isPartOf":{"@id":"https:\/\/www.metrica.it\/fr\/#website"},"primaryImageOfPage":{"@id":"https:\/\/www.metrica.it\/fr\/produit\/pied-a-coulisse-digital-haute-visibilite\/#primaryimage"},"image":{"@id":"https:\/\/www.metrica.it\/fr\/produit\/pied-a-coulisse-digital-haute-visibilite\/#primaryimage"},"thumbnailUrl":"https:\/\/www.metrica.it\/wp-content\/uploads\/2024\/12\/10084-scaled.jpg","datePublished":"2025-01-14T08:52:57+00:00","dateModified":"2025-02-15T15:28:46+00:00","breadcrumb":{"@id":"https:\/\/www.metrica.it\/fr\/produit\/pied-a-coulisse-digital-haute-visibilite\/#breadcrumb"},"inLanguage":"fr-FR","potentialAction":[{"@type":"ReadAction","target":["https:\/\/www.metrica.it\/fr\/produit\/pied-a-coulisse-digital-haute-visibilite\/"]}]},{"@type":"ImageObject","inLanguage":"fr-FR","@id":"https:\/\/www.metrica.it\/fr\/produit\/pied-a-coulisse-digital-haute-visibilite\/#primaryimage","url":"https:\/\/www.metrica.it\/wp-content\/uploads\/2024\/12\/10084-scaled.jpg","contentUrl":"https:\/\/www.metrica.it\/wp-content\/uploads\/2024\/12\/10084-scaled.jpg","width":2560,"height":2560},{"@type":"BreadcrumbList","@id":"https:\/\/www.metrica.it\/fr\/produit\/pied-a-coulisse-digital-haute-visibilite\/#breadcrumb","itemListElement":[{"@type":"ListItem","position":1,"name":"Home","item":"https:\/\/www.metrica.it\/fr\/"},{"@type":"ListItem","position":2,"name":"Catalogue","item":"https:\/\/www.metrica.it\/fr\/catalogue\/"},{"@type":"ListItem","position":3,"name":"Pied \u00e0 coulisse digital haute visibilit\u00e9"}]},{"@type":"WebSite","@id":"https:\/\/www.metrica.it\/fr\/#website","url":"https:\/\/www.metrica.it\/fr\/","name":"Metrica","description":"Made to measure","potentialAction":[{"@type":"SearchAction","target":{"@type":"EntryPoint","urlTemplate":"https:\/\/www.metrica.it\/fr\/?s={search_term_string}"},"query-input":{"@type":"PropertyValueSpecification","valueRequired":true,"valueName":"search_term_string"}}],"inLanguage":"fr-FR"}]}},"meta_box":{"awr_documentation":[],"awr_manuale":[],"awr_scheda_tecnica":"","awr_youtube_video":"","awr_classe_prodotto":"","awr_customize_product":"0","awr_custom_image":false,"awr_related_products":[{"awr_product_references":"ref:10084|ean:8001066100842|a_mm:150|b_mm:40|unit_misura_mm:0.01|unit_misura_inch:0.0005|pack:1"}],"awr_consumabili":"","awr_alternativi":"10081,10001,10018,10026,10029,","awr_aliases":"10081,10001,10018,10026,10029,","awr_skuid":"10084-it"},"_links":{"self":[{"href":"https:\/\/www.metrica.it\/fr\/wp-json\/wp\/v2\/product\/154243","targetHints":{"allow":["GET"]}}],"collection":[{"href":"https:\/\/www.metrica.it\/fr\/wp-json\/wp\/v2\/product"}],"about":[{"href":"https:\/\/www.metrica.it\/fr\/wp-json\/wp\/v2\/types\/product"}],"wp:featuredmedia":[{"embeddable":true,"href":"https:\/\/www.metrica.it\/fr\/wp-json\/wp\/v2\/media\/150252"}],"wp:attachment":[{"href":"https:\/\/www.metrica.it\/fr\/wp-json\/wp\/v2\/media?parent=154243"}],"wp:term":[{"taxonomy":"product_cat","embeddable":true,"href":"https:\/\/www.metrica.it\/fr\/wp-json\/wp\/v2\/product_cat?post=154243"},{"taxonomy":"product_tag","embeddable":true,"href":"https:\/\/www.metrica.it\/fr\/wp-json\/wp\/v2\/product_tag?post=154243"}],"curies":[{"name":"wp","href":"https:\/\/api.w.org\/{rel}","templated":true}]}}