{"id":154253,"date":"2025-01-14T09:53:16","date_gmt":"2025-01-14T08:53:16","guid":{"rendered":"https:\/\/www.metrica.it\/prodotto\/bravo-laserbox-green-2-4\/"},"modified":"2025-01-14T09:53:24","modified_gmt":"2025-01-14T08:53:24","slug":"bravo-laserbox-green-2-4","status":"publish","type":"product","link":"https:\/\/www.metrica.it\/fr\/produit\/bravo-laserbox-green-2-4\/","title":{"rendered":"Bravo Laserbox Green 2"},"content":{"rendered":"<ul>\n<li>Mod\u00e8le robuste et \u00e0 tr\u00e8s bonne visibilit\u00e9 (diode verte)<\/li>\n<li>Deux piles rechargeables sur port USB-C <\/li>\n<li>Fixation directe par aimants incorpor\u00e9s ou avec le support magn\u00e9tique inclus<\/li>\n<li>Fonction \u201cpulsations\u201d pour utilisation ext\u00e9rieure (avec r\u00e9cepteur 60749, non inclus)<\/li>\n<\/ul>\n","protected":false},"excerpt":{"rendered":"<p>Mod\u00e8le robuste et \u00e0 tr\u00e8s bonne visibilit\u00e9 (diode verte) <br \/>Deux piles rechargeables sur port USB-C <br \/>Fixation directe par aimants incorpor\u00e9s ou avec le support magn\u00e9tique inclus <br \/>Fonction \u201cpulsations\u201d pour utilisation ext\u00e9rieure (avec r\u00e9cepteur 60749, non inclus) <\/p>\n","protected":false},"featured_media":150273,"template":"","meta":[],"product_cat":[515,522],"product_tag":[],"class_list":{"0":"post-154253","1":"product","2":"type-product","3":"status-publish","4":"has-post-thumbnail","6":"product_cat-laser-et-cameras-thermiques","7":"product_cat-lasers-rotatifs","9":"first","10":"instock","11":"featured","12":"sold-individually","13":"product-type-simple"},"yoast_head":"<title>Bravo Laserbox Green 2 - Metrica<\/title>\n<meta name=\"robots\" content=\"index, follow, max-snippet:-1, max-image-preview:large, max-video-preview:-1\" \/>\n<link rel=\"canonical\" href=\"https:\/\/www.metrica.it\/fr\/produit\/bravo-laserbox-green-2-4\/\" \/>\n<meta property=\"og:locale\" content=\"fr_FR\" \/>\n<meta property=\"og:type\" content=\"article\" \/>\n<meta property=\"og:title\" content=\"Bravo Laserbox Green 2 - Metrica\" \/>\n<meta property=\"og:description\" content=\"Mod\u00e8le robuste et \u00e0 tr\u00e8s bonne visibilit\u00e9 (diode verte) Deux piles rechargeables sur port USB-C Fixation directe par aimants incorpor\u00e9s ou avec le support magn\u00e9tique inclus Fonction \u201cpulsations\u201d pour utilisation ext\u00e9rieure (avec r\u00e9cepteur 60749, non inclus)\" \/>\n<meta property=\"og:url\" content=\"https:\/\/www.metrica.it\/fr\/produit\/bravo-laserbox-green-2-4\/\" \/>\n<meta property=\"og:site_name\" content=\"Metrica\" \/>\n<meta property=\"article:modified_time\" content=\"2025-01-14T08:53:24+00:00\" \/>\n<meta property=\"og:image\" content=\"https:\/\/www.metrica.it\/wp-content\/uploads\/2024\/12\/61302-scaled.jpg\" \/>\n\t<meta property=\"og:image:width\" content=\"2560\" \/>\n\t<meta property=\"og:image:height\" content=\"2560\" \/>\n\t<meta property=\"og:image:type\" content=\"image\/jpeg\" \/>\n<meta name=\"twitter:card\" content=\"summary_large_image\" \/>\n<script type=\"application\/ld+json\" class=\"yoast-schema-graph\">{\"@context\":\"https:\\\/\\\/schema.org\",\"@graph\":[{\"@type\":\"WebPage\",\"@id\":\"https:\\\/\\\/www.metrica.it\\\/fr\\\/produit\\\/bravo-laserbox-green-2-4\\\/\",\"url\":\"https:\\\/\\\/www.metrica.it\\\/fr\\\/produit\\\/bravo-laserbox-green-2-4\\\/\",\"name\":\"Bravo Laserbox Green 2 - Metrica\",\"isPartOf\":{\"@id\":\"https:\\\/\\\/www.metrica.it\\\/fr\\\/#website\"},\"primaryImageOfPage\":{\"@id\":\"https:\\\/\\\/www.metrica.it\\\/fr\\\/produit\\\/bravo-laserbox-green-2-4\\\/#primaryimage\"},\"image\":{\"@id\":\"https:\\\/\\\/www.metrica.it\\\/fr\\\/produit\\\/bravo-laserbox-green-2-4\\\/#primaryimage\"},\"thumbnailUrl\":\"https:\\\/\\\/www.metrica.it\\\/wp-content\\\/uploads\\\/2024\\\/12\\\/61302-scaled.jpg\",\"datePublished\":\"2025-01-14T08:53:16+00:00\",\"dateModified\":\"2025-01-14T08:53:24+00:00\",\"breadcrumb\":{\"@id\":\"https:\\\/\\\/www.metrica.it\\\/fr\\\/produit\\\/bravo-laserbox-green-2-4\\\/#breadcrumb\"},\"inLanguage\":\"fr-FR\",\"potentialAction\":[{\"@type\":\"ReadAction\",\"target\":[\"https:\\\/\\\/www.metrica.it\\\/fr\\\/produit\\\/bravo-laserbox-green-2-4\\\/\"]}]},{\"@type\":\"ImageObject\",\"inLanguage\":\"fr-FR\",\"@id\":\"https:\\\/\\\/www.metrica.it\\\/fr\\\/produit\\\/bravo-laserbox-green-2-4\\\/#primaryimage\",\"url\":\"https:\\\/\\\/www.metrica.it\\\/wp-content\\\/uploads\\\/2024\\\/12\\\/61302-scaled.jpg\",\"contentUrl\":\"https:\\\/\\\/www.metrica.it\\\/wp-content\\\/uploads\\\/2024\\\/12\\\/61302-scaled.jpg\",\"width\":2560,\"height\":2560},{\"@type\":\"BreadcrumbList\",\"@id\":\"https:\\\/\\\/www.metrica.it\\\/fr\\\/produit\\\/bravo-laserbox-green-2-4\\\/#breadcrumb\",\"itemListElement\":[{\"@type\":\"ListItem\",\"position\":1,\"name\":\"Home\",\"item\":\"https:\\\/\\\/www.metrica.it\\\/fr\\\/\"},{\"@type\":\"ListItem\",\"position\":2,\"name\":\"Catalogue\",\"item\":\"https:\\\/\\\/www.metrica.it\\\/fr\\\/catalogue\\\/\"},{\"@type\":\"ListItem\",\"position\":3,\"name\":\"Bravo Laserbox Green 2\"}]},{\"@type\":\"WebSite\",\"@id\":\"https:\\\/\\\/www.metrica.it\\\/fr\\\/#website\",\"url\":\"https:\\\/\\\/www.metrica.it\\\/fr\\\/\",\"name\":\"Metrica\",\"description\":\"Made to measure\",\"potentialAction\":[{\"@type\":\"SearchAction\",\"target\":{\"@type\":\"EntryPoint\",\"urlTemplate\":\"https:\\\/\\\/www.metrica.it\\\/fr\\\/?s={search_term_string}\"},\"query-input\":{\"@type\":\"PropertyValueSpecification\",\"valueRequired\":true,\"valueName\":\"search_term_string\"}}],\"inLanguage\":\"fr-FR\"}]}<\/script>","yoast_head_json":{"title":"Bravo Laserbox Green 2 - Metrica","robots":{"index":"index","follow":"follow","max-snippet":"max-snippet:-1","max-image-preview":"max-image-preview:large","max-video-preview":"max-video-preview:-1"},"canonical":"https:\/\/www.metrica.it\/fr\/produit\/bravo-laserbox-green-2-4\/","og_locale":"fr_FR","og_type":"article","og_title":"Bravo Laserbox Green 2 - Metrica","og_description":"Mod\u00e8le robuste et \u00e0 tr\u00e8s bonne visibilit\u00e9 (diode verte) Deux piles rechargeables sur port USB-C Fixation directe par aimants incorpor\u00e9s ou avec le support magn\u00e9tique inclus Fonction \u201cpulsations\u201d pour utilisation ext\u00e9rieure (avec r\u00e9cepteur 60749, non inclus)","og_url":"https:\/\/www.metrica.it\/fr\/produit\/bravo-laserbox-green-2-4\/","og_site_name":"Metrica","article_modified_time":"2025-01-14T08:53:24+00:00","og_image":[{"width":2560,"height":2560,"url":"https:\/\/www.metrica.it\/wp-content\/uploads\/2024\/12\/61302-scaled.jpg","type":"image\/jpeg"}],"twitter_card":"summary_large_image","schema":{"@context":"https:\/\/schema.org","@graph":[{"@type":"WebPage","@id":"https:\/\/www.metrica.it\/fr\/produit\/bravo-laserbox-green-2-4\/","url":"https:\/\/www.metrica.it\/fr\/produit\/bravo-laserbox-green-2-4\/","name":"Bravo Laserbox Green 2 - Metrica","isPartOf":{"@id":"https:\/\/www.metrica.it\/fr\/#website"},"primaryImageOfPage":{"@id":"https:\/\/www.metrica.it\/fr\/produit\/bravo-laserbox-green-2-4\/#primaryimage"},"image":{"@id":"https:\/\/www.metrica.it\/fr\/produit\/bravo-laserbox-green-2-4\/#primaryimage"},"thumbnailUrl":"https:\/\/www.metrica.it\/wp-content\/uploads\/2024\/12\/61302-scaled.jpg","datePublished":"2025-01-14T08:53:16+00:00","dateModified":"2025-01-14T08:53:24+00:00","breadcrumb":{"@id":"https:\/\/www.metrica.it\/fr\/produit\/bravo-laserbox-green-2-4\/#breadcrumb"},"inLanguage":"fr-FR","potentialAction":[{"@type":"ReadAction","target":["https:\/\/www.metrica.it\/fr\/produit\/bravo-laserbox-green-2-4\/"]}]},{"@type":"ImageObject","inLanguage":"fr-FR","@id":"https:\/\/www.metrica.it\/fr\/produit\/bravo-laserbox-green-2-4\/#primaryimage","url":"https:\/\/www.metrica.it\/wp-content\/uploads\/2024\/12\/61302-scaled.jpg","contentUrl":"https:\/\/www.metrica.it\/wp-content\/uploads\/2024\/12\/61302-scaled.jpg","width":2560,"height":2560},{"@type":"BreadcrumbList","@id":"https:\/\/www.metrica.it\/fr\/produit\/bravo-laserbox-green-2-4\/#breadcrumb","itemListElement":[{"@type":"ListItem","position":1,"name":"Home","item":"https:\/\/www.metrica.it\/fr\/"},{"@type":"ListItem","position":2,"name":"Catalogue","item":"https:\/\/www.metrica.it\/fr\/catalogue\/"},{"@type":"ListItem","position":3,"name":"Bravo Laserbox Green 2"}]},{"@type":"WebSite","@id":"https:\/\/www.metrica.it\/fr\/#website","url":"https:\/\/www.metrica.it\/fr\/","name":"Metrica","description":"Made to measure","potentialAction":[{"@type":"SearchAction","target":{"@type":"EntryPoint","urlTemplate":"https:\/\/www.metrica.it\/fr\/?s={search_term_string}"},"query-input":{"@type":"PropertyValueSpecification","valueRequired":true,"valueName":"search_term_string"}}],"inLanguage":"fr-FR"}]}},"meta_box":{"awr_documentation":[{"filesize":908828,"ID":"150272","name":"61302.pdf","path":"\/var\/www\/html\/wp-content\/uploads\/2024\/12\/61302.pdf","url":"https:\/\/www.metrica.it\/wp-content\/uploads\/2024\/12\/61302.pdf","title":"61302.pdf"}],"awr_manuale":[],"awr_scheda_tecnica":"<table>\n<tr>\n<td>Port\u00e9e int\u00e9rieur\/ext\u00e9rieur <\/td>\n<td>30 m \/ 50 m<\/td>\n<\/tr>\n<tr>\n<td>Pr\u00e9cision de nivellement <\/td>\n<td>\u00b13 mm \/ 10 m<\/td>\n<\/tr>\n<tr>\n<td>Auto-nivellement <\/td>\n<td>3,5\u00b0<\/td>\n<\/tr>\n<tr>\n<td>Signal hors nivellement <\/td>\n<td>oui<\/td>\n<\/tr>\n<tr>\n<td>Puissance du laser <\/td>\n<td>Classe II<\/td>\n<\/tr>\n<tr>\n<td>Type de laser <\/td>\n<td>515 nm<\/td>\n<\/tr>\n<tr>\n<td>Piles rechargeables <\/td>\n<td>2 x 1,2V AA 1000 mAh Nimh<\/td>\n<\/tr>\n<tr>\n<td>Recharge <\/td>\n<td>USB-C<\/td>\n<\/tr>\n<tr>\n<td>Dimensions (mm) <\/td>\n<td>90 x 64 x 87<\/td>\n<\/tr>\n<tr>\n<td>Poids <\/td>\n<td>380 g<\/td>\n<\/tr>\n<tr>\n<td>\u00c9tanch\u00e9it\u00e9 <\/td>\n<td>IP 55<\/td>\n<\/tr>\n<tr>\n<td>Filetage pour tr\u00e9pied 1\/4\u201d<\/td>\n<td>1\/4\u201d<\/td>\n<\/tr>\n<\/table>\n","awr_youtube_video":"","awr_classe_prodotto":"","awr_customize_product":"0","awr_custom_image":false,"awr_related_products":[{"awr_product_references":"ref:61302|ean:8001066613021|pack:1"}],"awr_consumabili":"60749,60746,60867,60816,60714M","awr_alternativi":"61432,61435,60845","awr_aliases":"61302","awr_skuid":"61302-it"},"_links":{"self":[{"href":"https:\/\/www.metrica.it\/fr\/wp-json\/wp\/v2\/product\/154253","targetHints":{"allow":["GET"]}}],"collection":[{"href":"https:\/\/www.metrica.it\/fr\/wp-json\/wp\/v2\/product"}],"about":[{"href":"https:\/\/www.metrica.it\/fr\/wp-json\/wp\/v2\/types\/product"}],"wp:featuredmedia":[{"embeddable":true,"href":"https:\/\/www.metrica.it\/fr\/wp-json\/wp\/v2\/media\/150273"}],"wp:attachment":[{"href":"https:\/\/www.metrica.it\/fr\/wp-json\/wp\/v2\/media?parent=154253"}],"wp:term":[{"taxonomy":"product_cat","embeddable":true,"href":"https:\/\/www.metrica.it\/fr\/wp-json\/wp\/v2\/product_cat?post=154253"},{"taxonomy":"product_tag","embeddable":true,"href":"https:\/\/www.metrica.it\/fr\/wp-json\/wp\/v2\/product_tag?post=154253"}],"curies":[{"name":"wp","href":"https:\/\/api.w.org\/{rel}","templated":true}]}}