{"id":154263,"date":"2025-01-14T09:53:34","date_gmt":"2025-01-14T08:53:34","guid":{"rendered":"https:\/\/www.metrica.it\/prodotto\/bravo-laser-rotativo-hv4-green-4\/"},"modified":"2025-01-14T09:53:42","modified_gmt":"2025-01-14T08:53:42","slug":"bravo-laser-rotativo-hv4-green-4","status":"publish","type":"product","link":"https:\/\/www.metrica.it\/fr\/produit\/bravo-laser-rotativo-hv4-green-4\/","title":{"rendered":"BRAVO LASER ROTATIVO HV4 GREEN"},"content":{"rendered":"<ul>\n<li>Niveau automatique laser vert avec faisceau tournant visible: g\u00e9n\u00e8re un plan horizontal auto-nivel\u00e9 et une ligne horizontale d\u2019aplomb<\/li>\n<li>R\u00e9cepteur 4 lignes haute sensibilit\u00e9<\/li>\n<li>Capot en alliage<\/li>\n<li>Indice de protection IP 66: protection contre la p\u00e9n\u00e9tration de poussi\u00e8re et d&rsquo;eau<\/li>\n<li>En faisant tourner le dispositif de 90\u00b0, il g\u00e9n\u00e8re un plan laser vertical et un rayon horizontal auto-stabilis\u00e9<\/li>\n<li>Fonction SCANNER pour tracer une ligne plus courte et visible de 4 longueurs au choix: 10\u00b0 &#8211; 45\u00b0 &#8211; 90\u00b0 &#8211; 180\u00b0<\/li>\n<li>Fonction SLOPE (inclinaison du plan en manuel X, Y)<\/li>\n<li>Fonction MANUELLE qui exclut l\u2019auto-nivellement automatique<\/li>\n<li>Fonction TILT: en cas de d\u00e9placement involontaire de l\u2019appareil, le faisceau laser s\u2019arr\u00eate<\/li>\n<li>4 poign\u00e9es en caoutchouc pour une prise facile et efficace<\/li>\n<li>T\u00e9l\u00e9commande avec r\u00e9ception sur les 4 c\u00f4t\u00e9s de l\u2019appareil<\/li>\n<li>Indicateur LED de charge de la batterie<\/li>\n<li>Pile rechargeable Li-ion pour une longue dur\u00e9e.<\/li>\n<\/ul>\n","protected":false},"excerpt":{"rendered":"<p>Niveau automatique laser vert avec faisceau tournant visible: g\u00e9n\u00e8re un plan horizontal auto-nivel\u00e9 et une ligne horizontale d\u2019aplomb <br \/>R\u00e9cepteur 4 lignes haute sensibilit\u00e9 <br \/>Capot en alliage <br \/>Indice de protection IP 66: protection contre la p\u00e9n\u00e9tration de poussi\u00e8re et d&rsquo;eau <br \/>En faisant tourner le dispositif de 90\u00b0, il g\u00e9n\u00e8re un plan laser vertical et un rayon horizontal auto-stabilis\u00e9 <br \/>Fonction SCANNER pour tracer une ligne plus courte et visible de 4 longueurs au choix: 10\u00b0 &#8211; 45\u00b0 &#8211; 90\u00b0 &#8211; 180\u00b0 <br \/>Fonction SLOPE (inclinaison du plan en manuel X, Y) <br \/>Fonction MANUELLE qui exclut l\u2019auto-nivellement automatique <br \/>Fonction TILT: en cas de d\u00e9placement involontaire de l\u2019appareil, le faisceau laser s\u2019arr\u00eate <br \/>4 poign\u00e9es en caoutchouc pour une prise facile et efficace <br \/>T\u00e9l\u00e9commande avec r\u00e9ception sur les 4 c\u00f4t\u00e9s de l\u2019appareil <br \/>Indicateur LED de charge de la batterie <br \/>Pile rechargeable Li-ion pour une longue dur\u00e9e. <\/p>\n","protected":false},"featured_media":150290,"template":"","meta":[],"product_cat":[515,522],"product_tag":[],"class_list":{"0":"post-154263","1":"product","2":"type-product","3":"status-publish","4":"has-post-thumbnail","6":"product_cat-laser-et-cameras-thermiques","7":"product_cat-lasers-rotatifs","9":"first","10":"instock","11":"featured","12":"sold-individually","13":"product-type-simple"},"yoast_head":"<title>BRAVO LASER ROTATIVO HV4 GREEN - Metrica<\/title>\n<meta name=\"robots\" content=\"index, follow, max-snippet:-1, max-image-preview:large, max-video-preview:-1\" \/>\n<link rel=\"canonical\" href=\"https:\/\/www.metrica.it\/fr\/produit\/bravo-laser-rotativo-hv4-green-4\/\" \/>\n<meta property=\"og:locale\" content=\"fr_FR\" \/>\n<meta property=\"og:type\" content=\"article\" \/>\n<meta property=\"og:title\" content=\"BRAVO LASER ROTATIVO HV4 GREEN - Metrica\" \/>\n<meta property=\"og:description\" content=\"Niveau automatique laser vert avec faisceau tournant visible: g\u00e9n\u00e8re un plan horizontal auto-nivel\u00e9 et une ligne horizontale d\u2019aplomb R\u00e9cepteur 4 lignes haute sensibilit\u00e9 Capot en alliage Indice de protection IP 66: protection contre la p\u00e9n\u00e9tration de poussi\u00e8re et d&#039;eau En faisant tourner le dispositif de 90\u00b0, il g\u00e9n\u00e8re un plan laser vertical et un rayon horizontal auto-stabilis\u00e9 Fonction SCANNER pour tracer une ligne plus courte et visible de 4 longueurs au choix: 10\u00b0 - 45\u00b0 - 90\u00b0 - 180\u00b0 Fonction SLOPE (inclinaison du plan en manuel X, Y) Fonction MANUELLE qui exclut l\u2019auto-nivellement automatique Fonction TILT: en cas de d\u00e9placement involontaire de l\u2019appareil, le faisceau laser s\u2019arr\u00eate 4 poign\u00e9es en caoutchouc pour une prise facile et efficace T\u00e9l\u00e9commande avec r\u00e9ception sur les 4 c\u00f4t\u00e9s de l\u2019appareil Indicateur LED de charge de la batterie Pile rechargeable Li-ion pour une longue dur\u00e9e.\" \/>\n<meta property=\"og:url\" content=\"https:\/\/www.metrica.it\/fr\/produit\/bravo-laser-rotativo-hv4-green-4\/\" \/>\n<meta property=\"og:site_name\" content=\"Metrica\" \/>\n<meta property=\"article:modified_time\" content=\"2025-01-14T08:53:42+00:00\" \/>\n<meta property=\"og:image\" content=\"https:\/\/www.metrica.it\/wp-content\/uploads\/2024\/12\/61395-scaled.jpg\" \/>\n\t<meta property=\"og:image:width\" content=\"2560\" \/>\n\t<meta property=\"og:image:height\" content=\"2560\" \/>\n\t<meta property=\"og:image:type\" content=\"image\/jpeg\" \/>\n<meta name=\"twitter:card\" content=\"summary_large_image\" \/>\n<meta name=\"twitter:label1\" content=\"Dur\u00e9e de lecture estim\u00e9e\" \/>\n\t<meta name=\"twitter:data1\" content=\"1 minute\" \/>\n<script type=\"application\/ld+json\" class=\"yoast-schema-graph\">{\"@context\":\"https:\\\/\\\/schema.org\",\"@graph\":[{\"@type\":\"WebPage\",\"@id\":\"https:\\\/\\\/www.metrica.it\\\/fr\\\/produit\\\/bravo-laser-rotativo-hv4-green-4\\\/\",\"url\":\"https:\\\/\\\/www.metrica.it\\\/fr\\\/produit\\\/bravo-laser-rotativo-hv4-green-4\\\/\",\"name\":\"BRAVO LASER ROTATIVO HV4 GREEN - Metrica\",\"isPartOf\":{\"@id\":\"https:\\\/\\\/www.metrica.it\\\/fr\\\/#website\"},\"primaryImageOfPage\":{\"@id\":\"https:\\\/\\\/www.metrica.it\\\/fr\\\/produit\\\/bravo-laser-rotativo-hv4-green-4\\\/#primaryimage\"},\"image\":{\"@id\":\"https:\\\/\\\/www.metrica.it\\\/fr\\\/produit\\\/bravo-laser-rotativo-hv4-green-4\\\/#primaryimage\"},\"thumbnailUrl\":\"https:\\\/\\\/www.metrica.it\\\/wp-content\\\/uploads\\\/2024\\\/12\\\/61395-scaled.jpg\",\"datePublished\":\"2025-01-14T08:53:34+00:00\",\"dateModified\":\"2025-01-14T08:53:42+00:00\",\"breadcrumb\":{\"@id\":\"https:\\\/\\\/www.metrica.it\\\/fr\\\/produit\\\/bravo-laser-rotativo-hv4-green-4\\\/#breadcrumb\"},\"inLanguage\":\"fr-FR\",\"potentialAction\":[{\"@type\":\"ReadAction\",\"target\":[\"https:\\\/\\\/www.metrica.it\\\/fr\\\/produit\\\/bravo-laser-rotativo-hv4-green-4\\\/\"]}]},{\"@type\":\"ImageObject\",\"inLanguage\":\"fr-FR\",\"@id\":\"https:\\\/\\\/www.metrica.it\\\/fr\\\/produit\\\/bravo-laser-rotativo-hv4-green-4\\\/#primaryimage\",\"url\":\"https:\\\/\\\/www.metrica.it\\\/wp-content\\\/uploads\\\/2024\\\/12\\\/61395-scaled.jpg\",\"contentUrl\":\"https:\\\/\\\/www.metrica.it\\\/wp-content\\\/uploads\\\/2024\\\/12\\\/61395-scaled.jpg\",\"width\":2560,\"height\":2560},{\"@type\":\"BreadcrumbList\",\"@id\":\"https:\\\/\\\/www.metrica.it\\\/fr\\\/produit\\\/bravo-laser-rotativo-hv4-green-4\\\/#breadcrumb\",\"itemListElement\":[{\"@type\":\"ListItem\",\"position\":1,\"name\":\"Home\",\"item\":\"https:\\\/\\\/www.metrica.it\\\/fr\\\/\"},{\"@type\":\"ListItem\",\"position\":2,\"name\":\"Catalogue\",\"item\":\"https:\\\/\\\/www.metrica.it\\\/fr\\\/catalogue\\\/\"},{\"@type\":\"ListItem\",\"position\":3,\"name\":\"BRAVO LASER ROTATIVO HV4 GREEN\"}]},{\"@type\":\"WebSite\",\"@id\":\"https:\\\/\\\/www.metrica.it\\\/fr\\\/#website\",\"url\":\"https:\\\/\\\/www.metrica.it\\\/fr\\\/\",\"name\":\"Metrica\",\"description\":\"Made to measure\",\"potentialAction\":[{\"@type\":\"SearchAction\",\"target\":{\"@type\":\"EntryPoint\",\"urlTemplate\":\"https:\\\/\\\/www.metrica.it\\\/fr\\\/?s={search_term_string}\"},\"query-input\":{\"@type\":\"PropertyValueSpecification\",\"valueRequired\":true,\"valueName\":\"search_term_string\"}}],\"inLanguage\":\"fr-FR\"}]}<\/script>","yoast_head_json":{"title":"BRAVO LASER ROTATIVO HV4 GREEN - Metrica","robots":{"index":"index","follow":"follow","max-snippet":"max-snippet:-1","max-image-preview":"max-image-preview:large","max-video-preview":"max-video-preview:-1"},"canonical":"https:\/\/www.metrica.it\/fr\/produit\/bravo-laser-rotativo-hv4-green-4\/","og_locale":"fr_FR","og_type":"article","og_title":"BRAVO LASER ROTATIVO HV4 GREEN - Metrica","og_description":"Niveau automatique laser vert avec faisceau tournant visible: g\u00e9n\u00e8re un plan horizontal auto-nivel\u00e9 et une ligne horizontale d\u2019aplomb R\u00e9cepteur 4 lignes haute sensibilit\u00e9 Capot en alliage Indice de protection IP 66: protection contre la p\u00e9n\u00e9tration de poussi\u00e8re et d'eau En faisant tourner le dispositif de 90\u00b0, il g\u00e9n\u00e8re un plan laser vertical et un rayon horizontal auto-stabilis\u00e9 Fonction SCANNER pour tracer une ligne plus courte et visible de 4 longueurs au choix: 10\u00b0 - 45\u00b0 - 90\u00b0 - 180\u00b0 Fonction SLOPE (inclinaison du plan en manuel X, Y) Fonction MANUELLE qui exclut l\u2019auto-nivellement automatique Fonction TILT: en cas de d\u00e9placement involontaire de l\u2019appareil, le faisceau laser s\u2019arr\u00eate 4 poign\u00e9es en caoutchouc pour une prise facile et efficace T\u00e9l\u00e9commande avec r\u00e9ception sur les 4 c\u00f4t\u00e9s de l\u2019appareil Indicateur LED de charge de la batterie Pile rechargeable Li-ion pour une longue dur\u00e9e.","og_url":"https:\/\/www.metrica.it\/fr\/produit\/bravo-laser-rotativo-hv4-green-4\/","og_site_name":"Metrica","article_modified_time":"2025-01-14T08:53:42+00:00","og_image":[{"width":2560,"height":2560,"url":"https:\/\/www.metrica.it\/wp-content\/uploads\/2024\/12\/61395-scaled.jpg","type":"image\/jpeg"}],"twitter_card":"summary_large_image","twitter_misc":{"Dur\u00e9e de lecture estim\u00e9e":"1 minute"},"schema":{"@context":"https:\/\/schema.org","@graph":[{"@type":"WebPage","@id":"https:\/\/www.metrica.it\/fr\/produit\/bravo-laser-rotativo-hv4-green-4\/","url":"https:\/\/www.metrica.it\/fr\/produit\/bravo-laser-rotativo-hv4-green-4\/","name":"BRAVO LASER ROTATIVO HV4 GREEN - Metrica","isPartOf":{"@id":"https:\/\/www.metrica.it\/fr\/#website"},"primaryImageOfPage":{"@id":"https:\/\/www.metrica.it\/fr\/produit\/bravo-laser-rotativo-hv4-green-4\/#primaryimage"},"image":{"@id":"https:\/\/www.metrica.it\/fr\/produit\/bravo-laser-rotativo-hv4-green-4\/#primaryimage"},"thumbnailUrl":"https:\/\/www.metrica.it\/wp-content\/uploads\/2024\/12\/61395-scaled.jpg","datePublished":"2025-01-14T08:53:34+00:00","dateModified":"2025-01-14T08:53:42+00:00","breadcrumb":{"@id":"https:\/\/www.metrica.it\/fr\/produit\/bravo-laser-rotativo-hv4-green-4\/#breadcrumb"},"inLanguage":"fr-FR","potentialAction":[{"@type":"ReadAction","target":["https:\/\/www.metrica.it\/fr\/produit\/bravo-laser-rotativo-hv4-green-4\/"]}]},{"@type":"ImageObject","inLanguage":"fr-FR","@id":"https:\/\/www.metrica.it\/fr\/produit\/bravo-laser-rotativo-hv4-green-4\/#primaryimage","url":"https:\/\/www.metrica.it\/wp-content\/uploads\/2024\/12\/61395-scaled.jpg","contentUrl":"https:\/\/www.metrica.it\/wp-content\/uploads\/2024\/12\/61395-scaled.jpg","width":2560,"height":2560},{"@type":"BreadcrumbList","@id":"https:\/\/www.metrica.it\/fr\/produit\/bravo-laser-rotativo-hv4-green-4\/#breadcrumb","itemListElement":[{"@type":"ListItem","position":1,"name":"Home","item":"https:\/\/www.metrica.it\/fr\/"},{"@type":"ListItem","position":2,"name":"Catalogue","item":"https:\/\/www.metrica.it\/fr\/catalogue\/"},{"@type":"ListItem","position":3,"name":"BRAVO LASER ROTATIVO HV4 GREEN"}]},{"@type":"WebSite","@id":"https:\/\/www.metrica.it\/fr\/#website","url":"https:\/\/www.metrica.it\/fr\/","name":"Metrica","description":"Made to measure","potentialAction":[{"@type":"SearchAction","target":{"@type":"EntryPoint","urlTemplate":"https:\/\/www.metrica.it\/fr\/?s={search_term_string}"},"query-input":{"@type":"PropertyValueSpecification","valueRequired":true,"valueName":"search_term_string"}}],"inLanguage":"fr-FR"}]}},"meta_box":{"awr_documentation":[{"filesize":1092164,"ID":"150289","name":"61395.pdf","path":"\/var\/www\/html\/wp-content\/uploads\/2024\/12\/61395.pdf","url":"https:\/\/www.metrica.it\/wp-content\/uploads\/2024\/12\/61395.pdf","title":"61395.pdf"}],"awr_manuale":[],"awr_scheda_tecnica":"<table>\n<tr>\n<td>Pr\u00e9cision de nivellement horizontale<\/td>\n<td>\u00b1 3 mm \/ 30 m <br \/> verticale \u00b1 5 mm \/ 30 m<\/td>\n<\/tr>\n<tr>\n<td>Plage d\u2019auto-nivellement<\/td>\n<td>\u00b1 5\u00b0<\/td>\n<\/tr>\n<tr>\n<td>Autonomie<\/td>\n<td>~ 35 heures<\/td>\n<\/tr>\n<tr>\n<td>Port\u00e9e <\/td>\n<td>500 m \u00d8 (avec r\u00e9cepteur) en fonction <br \/> des conditions atmosph\u00e9riques<\/td>\n<\/tr>\n<tr>\n<td>Valeurs de rotation<\/td>\n<td> 0 - 60 - 120 - 300 - 600 tr\/min<\/td>\n<\/tr>\n<tr>\n<td>Fonction scanner<\/td>\n<td> 10\u00b0 - 45\u00b0 - 90\u00b0 - 180\u00b0<\/td>\n<\/tr>\n<tr>\n<td>Fonction Tilt<\/td>\n<td> oui<\/td>\n<\/tr>\n<tr>\n<td>Signal hors auto-nivellement<\/td>\n<td> oui<\/td>\n<\/tr>\n<tr>\n<td>Type de laser<\/td>\n<td> 515\/638 nm, &lt;1 mW<\/td>\n<\/tr>\n<tr>\n<td>Puissance du laser <\/td>\n<td>Classe II<\/td>\n<\/tr>\n<tr>\n<td>Piles rechargeables<\/td>\n<td>4 x Li-ion 4000mAh 1,2 V<\/td>\n<\/tr>\n<tr>\n<td>Dimensions (mm) <\/td>\n<td>220 x 220 x 210<\/td>\n<\/tr>\n<tr>\n<td>Poids (sans piles)<\/td>\n<td> 3,5 Kg<\/td>\n<\/tr>\n<tr>\n<td>Temp\u00e9rature d\u2019exercice <\/td>\n<td>-10 \u00b0C \/ +50 \u00b0C<\/td>\n<\/tr>\n<tr>\n<td>Indice de protection<\/td>\n<td>IP 66<\/td>\n<\/tr>\n<tr>\n<td>Filetage pour tr\u00e9pied <\/td>\n<td>5\/8\u201d<\/td>\n<\/tr>\n<tr>\n<td>Port\u00e9e t\u00e9l\u00e9commande <\/td>\n<td>env. 30 \/ 10 m (in\/out)<\/td>\n<\/tr>\n<tr>\n<td>Piles t\u00e9l\u00e9commande <\/td>\n<td>2 x 1,5 V DC<\/td>\n<\/tr>\n<tr>\n<td>Pile r\u00e9cepteur <\/td>\n<td>9 V DC<\/td>\n<\/tr>\n<\/table>\n","awr_youtube_video":"","awr_classe_prodotto":"","awr_customize_product":"0","awr_custom_image":false,"awr_related_products":[{"awr_product_references":"ref:61395|ean:8001066613953|pack:1"}],"awr_consumabili":"61396,61319,61388,61389,61391,60712","awr_alternativi":"61385,61386,61350,61345,61392","awr_aliases":"61395","awr_skuid":"61395-it"},"_links":{"self":[{"href":"https:\/\/www.metrica.it\/fr\/wp-json\/wp\/v2\/product\/154263","targetHints":{"allow":["GET"]}}],"collection":[{"href":"https:\/\/www.metrica.it\/fr\/wp-json\/wp\/v2\/product"}],"about":[{"href":"https:\/\/www.metrica.it\/fr\/wp-json\/wp\/v2\/types\/product"}],"wp:featuredmedia":[{"embeddable":true,"href":"https:\/\/www.metrica.it\/fr\/wp-json\/wp\/v2\/media\/150290"}],"wp:attachment":[{"href":"https:\/\/www.metrica.it\/fr\/wp-json\/wp\/v2\/media?parent=154263"}],"wp:term":[{"taxonomy":"product_cat","embeddable":true,"href":"https:\/\/www.metrica.it\/fr\/wp-json\/wp\/v2\/product_cat?post=154263"},{"taxonomy":"product_tag","embeddable":true,"href":"https:\/\/www.metrica.it\/fr\/wp-json\/wp\/v2\/product_tag?post=154263"}],"curies":[{"name":"wp","href":"https:\/\/api.w.org\/{rel}","templated":true}]}}