{"id":154268,"date":"2025-01-14T09:53:45","date_gmt":"2025-01-14T08:53:45","guid":{"rendered":"https:\/\/www.metrica.it\/prodotto\/ground-360-4\/"},"modified":"2025-01-14T09:53:51","modified_gmt":"2025-01-14T08:53:51","slug":"ground-360-4","status":"publish","type":"product","link":"https:\/\/www.metrica.it\/fr\/produit\/ground-360-4\/","title":{"rendered":"Ground 360"},"content":{"rendered":"<ul>\n<li>Niveau laser vert. Projette: un plan horizontal sur 360\u00b0 plus un plan vertical \u00e0 90\u00b0 formant 1 croix sur le mur<\/li>\n<li>Positionnement facile \u00e0 fil du sol (< 1 cm)<\/li>\n<li>Laser \u00e0 intensit\u00e9 r\u00e9glable<\/li>\n<li>Utilisation int\u00e9rieure\/ext\u00e9rieure (avec r\u00e9cepteur non inclus R\u00e9f. 60749)<\/li>\n<li>Clignotement automatique du laser si l&rsquo;appareil est hors de la plage de nivellement automatique<\/li>\n<li>Syst\u00e8me de verrouillage automatique pour \u00e9viter les vibrations pendant le transport transport<\/li>\n<li>Conception compacte, rev\u00eatement en caoutchouc antid\u00e9rapant et antichoc<\/li>\n<li>Connexion \u00bc\u00a0\u00bb pour le tr\u00e9pied<\/li>\n<li>Base magn\u00e9tique et capot m\u00e9tallique pour un empilage facile<\/li>\n<li>Piles Ion-Li rechargeables via le c\u00e2ble USB fourni<\/li>\n<\/ul>\n","protected":false},"excerpt":{"rendered":"<p>Niveau laser vert. Projette: un plan horizontal sur 360\u00b0 plus un plan vertical \u00e0 90\u00b0 formant 1 croix sur le mur <br \/>Positionnement facile \u00e0 fil du sol (< 1 cm) <br \/>Laser \u00e0 intensit\u00e9 r\u00e9glable <br \/>Utilisation int\u00e9rieure\/ext\u00e9rieure (avec r\u00e9cepteur non inclus R\u00e9f. 60749) <br \/>Clignotement automatique du laser si l&rsquo;appareil est hors de la plage de nivellement automatique <br \/>Syst\u00e8me de verrouillage automatique pour \u00e9viter les vibrations pendant le transport transport <br \/>Conception compacte, rev\u00eatement en caoutchouc antid\u00e9rapant et antichoc <br \/>Connexion \u00bc\u00a0\u00bb pour le tr\u00e9pied <br \/>Base magn\u00e9tique et capot m\u00e9tallique pour un empilage facile <br \/>Piles Ion-Li rechargeables via le c\u00e2ble USB fourni <\/p>\n","protected":false},"featured_media":150307,"template":"","meta":[],"product_cat":[515,522],"product_tag":[],"class_list":{"0":"post-154268","1":"product","2":"type-product","3":"status-publish","4":"has-post-thumbnail","6":"product_cat-laser-et-cameras-thermiques","7":"product_cat-lasers-rotatifs","9":"first","10":"instock","11":"featured","12":"sold-individually","13":"product-type-simple"},"yoast_head":"<title>Ground 360 - Metrica<\/title>\n<meta name=\"robots\" content=\"index, follow, max-snippet:-1, max-image-preview:large, max-video-preview:-1\" \/>\n<link rel=\"canonical\" href=\"https:\/\/www.metrica.it\/fr\/produit\/ground-360-4\/\" \/>\n<meta property=\"og:locale\" content=\"fr_FR\" \/>\n<meta property=\"og:type\" content=\"article\" \/>\n<meta property=\"og:title\" content=\"Ground 360 - Metrica\" \/>\n<meta property=\"og:description\" content=\"Niveau laser vert. Projette: un plan horizontal sur 360\u00b0 plus un plan vertical \u00e0 90\u00b0 formant 1 croix sur le mur Positionnement facile \u00e0 fil du sol (&lt; 1 cm) Laser \u00e0 intensit\u00e9 r\u00e9glable Utilisation int\u00e9rieure\/ext\u00e9rieure (avec r\u00e9cepteur non inclus R\u00e9f. 60749) Clignotement automatique du laser si l&#039;appareil est hors de la plage de nivellement automatique Syst\u00e8me de verrouillage automatique pour \u00e9viter les vibrations pendant le transport transport Conception compacte, rev\u00eatement en caoutchouc antid\u00e9rapant et antichoc Connexion \u00bc&quot; pour le tr\u00e9pied Base magn\u00e9tique et capot m\u00e9tallique pour un empilage facile Piles Ion-Li rechargeables via le c\u00e2ble USB fourni\" \/>\n<meta property=\"og:url\" content=\"https:\/\/www.metrica.it\/fr\/produit\/ground-360-4\/\" \/>\n<meta property=\"og:site_name\" content=\"Metrica\" \/>\n<meta property=\"article:modified_time\" content=\"2025-01-14T08:53:51+00:00\" \/>\n<meta property=\"og:image\" content=\"https:\/\/www.metrica.it\/wp-content\/uploads\/2024\/12\/61425-scaled.jpg\" \/>\n\t<meta property=\"og:image:width\" content=\"2560\" \/>\n\t<meta property=\"og:image:height\" content=\"2560\" \/>\n\t<meta property=\"og:image:type\" content=\"image\/jpeg\" \/>\n<meta name=\"twitter:card\" content=\"summary_large_image\" \/>\n<script type=\"application\/ld+json\" class=\"yoast-schema-graph\">{\"@context\":\"https:\\\/\\\/schema.org\",\"@graph\":[{\"@type\":\"WebPage\",\"@id\":\"https:\\\/\\\/www.metrica.it\\\/fr\\\/produit\\\/ground-360-4\\\/\",\"url\":\"https:\\\/\\\/www.metrica.it\\\/fr\\\/produit\\\/ground-360-4\\\/\",\"name\":\"Ground 360 - Metrica\",\"isPartOf\":{\"@id\":\"https:\\\/\\\/www.metrica.it\\\/fr\\\/#website\"},\"primaryImageOfPage\":{\"@id\":\"https:\\\/\\\/www.metrica.it\\\/fr\\\/produit\\\/ground-360-4\\\/#primaryimage\"},\"image\":{\"@id\":\"https:\\\/\\\/www.metrica.it\\\/fr\\\/produit\\\/ground-360-4\\\/#primaryimage\"},\"thumbnailUrl\":\"https:\\\/\\\/www.metrica.it\\\/wp-content\\\/uploads\\\/2024\\\/12\\\/61425-scaled.jpg\",\"datePublished\":\"2025-01-14T08:53:45+00:00\",\"dateModified\":\"2025-01-14T08:53:51+00:00\",\"breadcrumb\":{\"@id\":\"https:\\\/\\\/www.metrica.it\\\/fr\\\/produit\\\/ground-360-4\\\/#breadcrumb\"},\"inLanguage\":\"fr-FR\",\"potentialAction\":[{\"@type\":\"ReadAction\",\"target\":[\"https:\\\/\\\/www.metrica.it\\\/fr\\\/produit\\\/ground-360-4\\\/\"]}]},{\"@type\":\"ImageObject\",\"inLanguage\":\"fr-FR\",\"@id\":\"https:\\\/\\\/www.metrica.it\\\/fr\\\/produit\\\/ground-360-4\\\/#primaryimage\",\"url\":\"https:\\\/\\\/www.metrica.it\\\/wp-content\\\/uploads\\\/2024\\\/12\\\/61425-scaled.jpg\",\"contentUrl\":\"https:\\\/\\\/www.metrica.it\\\/wp-content\\\/uploads\\\/2024\\\/12\\\/61425-scaled.jpg\",\"width\":2560,\"height\":2560},{\"@type\":\"BreadcrumbList\",\"@id\":\"https:\\\/\\\/www.metrica.it\\\/fr\\\/produit\\\/ground-360-4\\\/#breadcrumb\",\"itemListElement\":[{\"@type\":\"ListItem\",\"position\":1,\"name\":\"Home\",\"item\":\"https:\\\/\\\/www.metrica.it\\\/fr\\\/\"},{\"@type\":\"ListItem\",\"position\":2,\"name\":\"Catalogue\",\"item\":\"https:\\\/\\\/www.metrica.it\\\/fr\\\/catalogue\\\/\"},{\"@type\":\"ListItem\",\"position\":3,\"name\":\"Ground 360\"}]},{\"@type\":\"WebSite\",\"@id\":\"https:\\\/\\\/www.metrica.it\\\/fr\\\/#website\",\"url\":\"https:\\\/\\\/www.metrica.it\\\/fr\\\/\",\"name\":\"Metrica\",\"description\":\"Made to measure\",\"potentialAction\":[{\"@type\":\"SearchAction\",\"target\":{\"@type\":\"EntryPoint\",\"urlTemplate\":\"https:\\\/\\\/www.metrica.it\\\/fr\\\/?s={search_term_string}\"},\"query-input\":{\"@type\":\"PropertyValueSpecification\",\"valueRequired\":true,\"valueName\":\"search_term_string\"}}],\"inLanguage\":\"fr-FR\"}]}<\/script>","yoast_head_json":{"title":"Ground 360 - Metrica","robots":{"index":"index","follow":"follow","max-snippet":"max-snippet:-1","max-image-preview":"max-image-preview:large","max-video-preview":"max-video-preview:-1"},"canonical":"https:\/\/www.metrica.it\/fr\/produit\/ground-360-4\/","og_locale":"fr_FR","og_type":"article","og_title":"Ground 360 - Metrica","og_description":"Niveau laser vert. Projette: un plan horizontal sur 360\u00b0 plus un plan vertical \u00e0 90\u00b0 formant 1 croix sur le mur Positionnement facile \u00e0 fil du sol (< 1 cm) Laser \u00e0 intensit\u00e9 r\u00e9glable Utilisation int\u00e9rieure\/ext\u00e9rieure (avec r\u00e9cepteur non inclus R\u00e9f. 60749) Clignotement automatique du laser si l'appareil est hors de la plage de nivellement automatique Syst\u00e8me de verrouillage automatique pour \u00e9viter les vibrations pendant le transport transport Conception compacte, rev\u00eatement en caoutchouc antid\u00e9rapant et antichoc Connexion \u00bc\" pour le tr\u00e9pied Base magn\u00e9tique et capot m\u00e9tallique pour un empilage facile Piles Ion-Li rechargeables via le c\u00e2ble USB fourni","og_url":"https:\/\/www.metrica.it\/fr\/produit\/ground-360-4\/","og_site_name":"Metrica","article_modified_time":"2025-01-14T08:53:51+00:00","og_image":[{"width":2560,"height":2560,"url":"https:\/\/www.metrica.it\/wp-content\/uploads\/2024\/12\/61425-scaled.jpg","type":"image\/jpeg"}],"twitter_card":"summary_large_image","schema":{"@context":"https:\/\/schema.org","@graph":[{"@type":"WebPage","@id":"https:\/\/www.metrica.it\/fr\/produit\/ground-360-4\/","url":"https:\/\/www.metrica.it\/fr\/produit\/ground-360-4\/","name":"Ground 360 - Metrica","isPartOf":{"@id":"https:\/\/www.metrica.it\/fr\/#website"},"primaryImageOfPage":{"@id":"https:\/\/www.metrica.it\/fr\/produit\/ground-360-4\/#primaryimage"},"image":{"@id":"https:\/\/www.metrica.it\/fr\/produit\/ground-360-4\/#primaryimage"},"thumbnailUrl":"https:\/\/www.metrica.it\/wp-content\/uploads\/2024\/12\/61425-scaled.jpg","datePublished":"2025-01-14T08:53:45+00:00","dateModified":"2025-01-14T08:53:51+00:00","breadcrumb":{"@id":"https:\/\/www.metrica.it\/fr\/produit\/ground-360-4\/#breadcrumb"},"inLanguage":"fr-FR","potentialAction":[{"@type":"ReadAction","target":["https:\/\/www.metrica.it\/fr\/produit\/ground-360-4\/"]}]},{"@type":"ImageObject","inLanguage":"fr-FR","@id":"https:\/\/www.metrica.it\/fr\/produit\/ground-360-4\/#primaryimage","url":"https:\/\/www.metrica.it\/wp-content\/uploads\/2024\/12\/61425-scaled.jpg","contentUrl":"https:\/\/www.metrica.it\/wp-content\/uploads\/2024\/12\/61425-scaled.jpg","width":2560,"height":2560},{"@type":"BreadcrumbList","@id":"https:\/\/www.metrica.it\/fr\/produit\/ground-360-4\/#breadcrumb","itemListElement":[{"@type":"ListItem","position":1,"name":"Home","item":"https:\/\/www.metrica.it\/fr\/"},{"@type":"ListItem","position":2,"name":"Catalogue","item":"https:\/\/www.metrica.it\/fr\/catalogue\/"},{"@type":"ListItem","position":3,"name":"Ground 360"}]},{"@type":"WebSite","@id":"https:\/\/www.metrica.it\/fr\/#website","url":"https:\/\/www.metrica.it\/fr\/","name":"Metrica","description":"Made to measure","potentialAction":[{"@type":"SearchAction","target":{"@type":"EntryPoint","urlTemplate":"https:\/\/www.metrica.it\/fr\/?s={search_term_string}"},"query-input":{"@type":"PropertyValueSpecification","valueRequired":true,"valueName":"search_term_string"}}],"inLanguage":"fr-FR"}]}},"meta_box":{"awr_documentation":[{"filesize":582399,"ID":"150306","name":"61425.pdf","path":"\/var\/www\/html\/wp-content\/uploads\/2024\/12\/61425.pdf","url":"https:\/\/www.metrica.it\/wp-content\/uploads\/2024\/12\/61425.pdf","title":"61425.pdf"}],"awr_manuale":[],"awr_scheda_tecnica":"<table>\n<tr>\n<td>Port\u00e9e (en fonction de l\u2019\u00e9clairage)<\/td>\n<td>30 m (\u00d8 60 m)<\/td>\n<\/tr>\n<tr>\n<td>Port\u00e9e avec r\u00e9cepteu<\/td>\n<td>50 m (\u00d8 100 m)<\/td>\n<\/tr>\n<tr>\n<td>Pr\u00e9cision de nivellement<\/td>\n<td>\u00b1 3 mm \/ 10 m<\/td>\n<\/tr>\n<tr>\n<td>Plage d\u2019auto-nivellement<\/td>\n<td>\u00b1 4\u00b0<\/td>\n<\/tr>\n<tr>\n<td>Signal hors auto-nivellement <\/td>\n<td>oui<\/td>\n<\/tr>\n<tr>\n<td>Type de laser<\/td>\n<td>505-550 nm &lt; 1mw<\/td>\n<\/tr>\n<tr>\n<td>Puissance du laser<\/td>\n<td>Classe II<\/td>\n<\/tr>\n<tr>\n<td>Piles rechargeables<\/td>\n<td>3,7 4400 mAh li-ion<\/td>\n<\/tr>\n<tr>\n<td>Dimensions (mm)<\/td>\n<td>104 x 83 x 83<\/td>\n<\/tr>\n<tr>\n<td>Poids<\/td>\n<td>0,450 Kg<\/td>\n<\/tr>\n<tr>\n<td>Indice de protection<\/td>\n<td>IP 54<\/td>\n<\/tr>\n<tr>\n<td>Filetage pour tr\u00e9pied <\/td>\n<td>1\/4\u201d<\/td>\n<\/tr>\n<\/table>\n","awr_youtube_video":"","awr_classe_prodotto":"","awr_customize_product":"0","awr_custom_image":false,"awr_related_products":[{"awr_product_references":"ref:61425|ean:80010666143257|pack:1"}],"awr_consumabili":"60749","awr_alternativi":"61432,61435,61438,60845","awr_aliases":"61425","awr_skuid":"61425-it"},"_links":{"self":[{"href":"https:\/\/www.metrica.it\/fr\/wp-json\/wp\/v2\/product\/154268","targetHints":{"allow":["GET"]}}],"collection":[{"href":"https:\/\/www.metrica.it\/fr\/wp-json\/wp\/v2\/product"}],"about":[{"href":"https:\/\/www.metrica.it\/fr\/wp-json\/wp\/v2\/types\/product"}],"wp:featuredmedia":[{"embeddable":true,"href":"https:\/\/www.metrica.it\/fr\/wp-json\/wp\/v2\/media\/150307"}],"wp:attachment":[{"href":"https:\/\/www.metrica.it\/fr\/wp-json\/wp\/v2\/media?parent=154268"}],"wp:term":[{"taxonomy":"product_cat","embeddable":true,"href":"https:\/\/www.metrica.it\/fr\/wp-json\/wp\/v2\/product_cat?post=154268"},{"taxonomy":"product_tag","embeddable":true,"href":"https:\/\/www.metrica.it\/fr\/wp-json\/wp\/v2\/product_tag?post=154268"}],"curies":[{"name":"wp","href":"https:\/\/api.w.org\/{rel}","templated":true}]}}