{"id":154273,"date":"2025-01-14T09:53:50","date_gmt":"2025-01-14T08:53:50","guid":{"rendered":"https:\/\/www.metrica.it\/prodotto\/bravo-laser-flash-green-4\/"},"modified":"2025-01-14T09:53:58","modified_gmt":"2025-01-14T08:53:58","slug":"bravo-laser-flash-green-4","status":"publish","type":"product","link":"https:\/\/www.metrica.it\/fr\/produit\/bravo-laser-flash-green-4\/","title":{"rendered":"Bravo Laser Flash Green"},"content":{"rendered":"<ul>\n<li>Niveau laser vert. Projette un plan horizontal et un plan vertical formant 1 croix sur le mur<\/li>\n<li>Utilisation int\u00e9rieure\/ext\u00e9rieure (avec r\u00e9cepteur non inclus, R\u00e9f. 60749)<\/li>\n<li>Base magn\u00e9tique et couvercle m\u00e9tallique pour un empilage facile<\/li>\n<li>Batterie Li-ion interne rechargeable via le c\u00e2ble USB fourni<\/li>\n<\/ul>\n","protected":false},"excerpt":{"rendered":"<p>Niveau laser vert. Projette un plan horizontal et un plan vertical formant 1 croix sur le mur <br \/>Utilisation int\u00e9rieure\/ext\u00e9rieure (avec r\u00e9cepteur non inclus, R\u00e9f. 60749) <br \/>Base magn\u00e9tique et couvercle m\u00e9tallique pour un empilage facile <br \/>Batterie Li-ion interne rechargeable via le c\u00e2ble USB fourni <\/p>\n","protected":false},"featured_media":150318,"template":"","meta":[],"product_cat":[515,522],"product_tag":[],"class_list":{"0":"post-154273","1":"product","2":"type-product","3":"status-publish","4":"has-post-thumbnail","6":"product_cat-laser-et-cameras-thermiques","7":"product_cat-lasers-rotatifs","9":"first","10":"instock","11":"featured","12":"sold-individually","13":"product-type-simple"},"yoast_head":"<title>Bravo Laser Flash Green - Metrica<\/title>\n<meta name=\"robots\" content=\"index, follow, max-snippet:-1, max-image-preview:large, max-video-preview:-1\" \/>\n<link rel=\"canonical\" href=\"https:\/\/www.metrica.it\/fr\/produit\/bravo-laser-flash-green-4\/\" \/>\n<meta property=\"og:locale\" content=\"fr_FR\" \/>\n<meta property=\"og:type\" content=\"article\" \/>\n<meta property=\"og:title\" content=\"Bravo Laser Flash Green - Metrica\" \/>\n<meta property=\"og:description\" content=\"Niveau laser vert. Projette un plan horizontal et un plan vertical formant 1 croix sur le mur Utilisation int\u00e9rieure\/ext\u00e9rieure (avec r\u00e9cepteur non inclus, R\u00e9f. 60749) Base magn\u00e9tique et couvercle m\u00e9tallique pour un empilage facile Batterie Li-ion interne rechargeable via le c\u00e2ble USB fourni\" \/>\n<meta property=\"og:url\" content=\"https:\/\/www.metrica.it\/fr\/produit\/bravo-laser-flash-green-4\/\" \/>\n<meta property=\"og:site_name\" content=\"Metrica\" \/>\n<meta property=\"article:modified_time\" content=\"2025-01-14T08:53:58+00:00\" \/>\n<meta property=\"og:image\" content=\"https:\/\/www.metrica.it\/wp-content\/uploads\/2024\/12\/61432-scaled.jpg\" \/>\n\t<meta property=\"og:image:width\" content=\"2560\" \/>\n\t<meta property=\"og:image:height\" content=\"2560\" \/>\n\t<meta property=\"og:image:type\" content=\"image\/jpeg\" \/>\n<meta name=\"twitter:card\" content=\"summary_large_image\" \/>\n<script type=\"application\/ld+json\" class=\"yoast-schema-graph\">{\"@context\":\"https:\\\/\\\/schema.org\",\"@graph\":[{\"@type\":\"WebPage\",\"@id\":\"https:\\\/\\\/www.metrica.it\\\/fr\\\/produit\\\/bravo-laser-flash-green-4\\\/\",\"url\":\"https:\\\/\\\/www.metrica.it\\\/fr\\\/produit\\\/bravo-laser-flash-green-4\\\/\",\"name\":\"Bravo Laser Flash Green - Metrica\",\"isPartOf\":{\"@id\":\"https:\\\/\\\/www.metrica.it\\\/fr\\\/#website\"},\"primaryImageOfPage\":{\"@id\":\"https:\\\/\\\/www.metrica.it\\\/fr\\\/produit\\\/bravo-laser-flash-green-4\\\/#primaryimage\"},\"image\":{\"@id\":\"https:\\\/\\\/www.metrica.it\\\/fr\\\/produit\\\/bravo-laser-flash-green-4\\\/#primaryimage\"},\"thumbnailUrl\":\"https:\\\/\\\/www.metrica.it\\\/wp-content\\\/uploads\\\/2024\\\/12\\\/61432-scaled.jpg\",\"datePublished\":\"2025-01-14T08:53:50+00:00\",\"dateModified\":\"2025-01-14T08:53:58+00:00\",\"breadcrumb\":{\"@id\":\"https:\\\/\\\/www.metrica.it\\\/fr\\\/produit\\\/bravo-laser-flash-green-4\\\/#breadcrumb\"},\"inLanguage\":\"fr-FR\",\"potentialAction\":[{\"@type\":\"ReadAction\",\"target\":[\"https:\\\/\\\/www.metrica.it\\\/fr\\\/produit\\\/bravo-laser-flash-green-4\\\/\"]}]},{\"@type\":\"ImageObject\",\"inLanguage\":\"fr-FR\",\"@id\":\"https:\\\/\\\/www.metrica.it\\\/fr\\\/produit\\\/bravo-laser-flash-green-4\\\/#primaryimage\",\"url\":\"https:\\\/\\\/www.metrica.it\\\/wp-content\\\/uploads\\\/2024\\\/12\\\/61432-scaled.jpg\",\"contentUrl\":\"https:\\\/\\\/www.metrica.it\\\/wp-content\\\/uploads\\\/2024\\\/12\\\/61432-scaled.jpg\",\"width\":2560,\"height\":2560},{\"@type\":\"BreadcrumbList\",\"@id\":\"https:\\\/\\\/www.metrica.it\\\/fr\\\/produit\\\/bravo-laser-flash-green-4\\\/#breadcrumb\",\"itemListElement\":[{\"@type\":\"ListItem\",\"position\":1,\"name\":\"Home\",\"item\":\"https:\\\/\\\/www.metrica.it\\\/fr\\\/\"},{\"@type\":\"ListItem\",\"position\":2,\"name\":\"Catalogue\",\"item\":\"https:\\\/\\\/www.metrica.it\\\/fr\\\/catalogue\\\/\"},{\"@type\":\"ListItem\",\"position\":3,\"name\":\"Bravo Laser Flash Green\"}]},{\"@type\":\"WebSite\",\"@id\":\"https:\\\/\\\/www.metrica.it\\\/fr\\\/#website\",\"url\":\"https:\\\/\\\/www.metrica.it\\\/fr\\\/\",\"name\":\"Metrica\",\"description\":\"Made to measure\",\"potentialAction\":[{\"@type\":\"SearchAction\",\"target\":{\"@type\":\"EntryPoint\",\"urlTemplate\":\"https:\\\/\\\/www.metrica.it\\\/fr\\\/?s={search_term_string}\"},\"query-input\":{\"@type\":\"PropertyValueSpecification\",\"valueRequired\":true,\"valueName\":\"search_term_string\"}}],\"inLanguage\":\"fr-FR\"}]}<\/script>","yoast_head_json":{"title":"Bravo Laser Flash Green - Metrica","robots":{"index":"index","follow":"follow","max-snippet":"max-snippet:-1","max-image-preview":"max-image-preview:large","max-video-preview":"max-video-preview:-1"},"canonical":"https:\/\/www.metrica.it\/fr\/produit\/bravo-laser-flash-green-4\/","og_locale":"fr_FR","og_type":"article","og_title":"Bravo Laser Flash Green - Metrica","og_description":"Niveau laser vert. Projette un plan horizontal et un plan vertical formant 1 croix sur le mur Utilisation int\u00e9rieure\/ext\u00e9rieure (avec r\u00e9cepteur non inclus, R\u00e9f. 60749) Base magn\u00e9tique et couvercle m\u00e9tallique pour un empilage facile Batterie Li-ion interne rechargeable via le c\u00e2ble USB fourni","og_url":"https:\/\/www.metrica.it\/fr\/produit\/bravo-laser-flash-green-4\/","og_site_name":"Metrica","article_modified_time":"2025-01-14T08:53:58+00:00","og_image":[{"width":2560,"height":2560,"url":"https:\/\/www.metrica.it\/wp-content\/uploads\/2024\/12\/61432-scaled.jpg","type":"image\/jpeg"}],"twitter_card":"summary_large_image","schema":{"@context":"https:\/\/schema.org","@graph":[{"@type":"WebPage","@id":"https:\/\/www.metrica.it\/fr\/produit\/bravo-laser-flash-green-4\/","url":"https:\/\/www.metrica.it\/fr\/produit\/bravo-laser-flash-green-4\/","name":"Bravo Laser Flash Green - Metrica","isPartOf":{"@id":"https:\/\/www.metrica.it\/fr\/#website"},"primaryImageOfPage":{"@id":"https:\/\/www.metrica.it\/fr\/produit\/bravo-laser-flash-green-4\/#primaryimage"},"image":{"@id":"https:\/\/www.metrica.it\/fr\/produit\/bravo-laser-flash-green-4\/#primaryimage"},"thumbnailUrl":"https:\/\/www.metrica.it\/wp-content\/uploads\/2024\/12\/61432-scaled.jpg","datePublished":"2025-01-14T08:53:50+00:00","dateModified":"2025-01-14T08:53:58+00:00","breadcrumb":{"@id":"https:\/\/www.metrica.it\/fr\/produit\/bravo-laser-flash-green-4\/#breadcrumb"},"inLanguage":"fr-FR","potentialAction":[{"@type":"ReadAction","target":["https:\/\/www.metrica.it\/fr\/produit\/bravo-laser-flash-green-4\/"]}]},{"@type":"ImageObject","inLanguage":"fr-FR","@id":"https:\/\/www.metrica.it\/fr\/produit\/bravo-laser-flash-green-4\/#primaryimage","url":"https:\/\/www.metrica.it\/wp-content\/uploads\/2024\/12\/61432-scaled.jpg","contentUrl":"https:\/\/www.metrica.it\/wp-content\/uploads\/2024\/12\/61432-scaled.jpg","width":2560,"height":2560},{"@type":"BreadcrumbList","@id":"https:\/\/www.metrica.it\/fr\/produit\/bravo-laser-flash-green-4\/#breadcrumb","itemListElement":[{"@type":"ListItem","position":1,"name":"Home","item":"https:\/\/www.metrica.it\/fr\/"},{"@type":"ListItem","position":2,"name":"Catalogue","item":"https:\/\/www.metrica.it\/fr\/catalogue\/"},{"@type":"ListItem","position":3,"name":"Bravo Laser Flash Green"}]},{"@type":"WebSite","@id":"https:\/\/www.metrica.it\/fr\/#website","url":"https:\/\/www.metrica.it\/fr\/","name":"Metrica","description":"Made to measure","potentialAction":[{"@type":"SearchAction","target":{"@type":"EntryPoint","urlTemplate":"https:\/\/www.metrica.it\/fr\/?s={search_term_string}"},"query-input":{"@type":"PropertyValueSpecification","valueRequired":true,"valueName":"search_term_string"}}],"inLanguage":"fr-FR"}]}},"meta_box":{"awr_documentation":[{"filesize":644298,"ID":"150317","name":"61432.pdf","path":"\/var\/www\/html\/wp-content\/uploads\/2024\/12\/61432.pdf","url":"https:\/\/www.metrica.it\/wp-content\/uploads\/2024\/12\/61432.pdf","title":"61432.pdf"}],"awr_manuale":[],"awr_scheda_tecnica":"<table>\n<tr>\n<td>Port\u00e9e (en fonction de l\u2019\u00e9clairage) <\/td>\n<td>30 m<\/td>\n<\/tr>\n<tr>\n<td>Port\u00e9e avec r\u00e9cepteur <\/td>\n<td>50 m<\/td>\n<\/tr>\n<tr>\n<td>Pr\u00e9cision de nivellement <\/td>\n<td>\u00b1 3 mm \/ 10 m<\/td>\n<\/tr>\n<tr>\n<td>Plage d\u2019auto-nivellement <\/td>\n<td>\u00b1 4\u00b0(\u00b11)<\/td>\n<\/tr>\n<tr>\n<td>Signal hors auto-nivellement <\/td>\n<td>oui<\/td>\n<\/tr>\n<tr>\n<td>Type de laser <\/td>\n<td>520nm<\/td>\n<\/tr>\n<tr>\n<td>Puissance du laser <\/td>\n<td>Classe II<\/td>\n<\/tr>\n<tr>\n<td>Piles rechargeables <\/td>\n<td>2000 mAh li-ion<\/td>\n<\/tr>\n<tr>\n<td>Base magn\u00e9tique <\/td>\n<td>oui<\/td>\n<\/tr>\n<tr>\n<td>Dimensions (mm) <\/td>\n<td>96 x - \u00d8 58<\/td>\n<\/tr>\n<tr>\n<td>Poids (avec batterie) <\/td>\n<td>400 gr<\/td>\n<\/tr>\n<tr>\n<td>Indice de protection <\/td>\n<td>IP 54<\/td>\n<\/tr>\n<tr>\n<td>Filetage pour tr\u00e9pied <\/td>\n<td>1\/4<\/td>\n<\/tr>\n<\/table>\n","awr_youtube_video":"","awr_classe_prodotto":"","awr_customize_product":"0","awr_custom_image":false,"awr_related_products":[{"awr_product_references":"ref:61432|ean:8001066614325|pack:1"}],"awr_consumabili":"60714M","awr_alternativi":"61302,61435,60845","awr_aliases":"61432","awr_skuid":"61432-it"},"_links":{"self":[{"href":"https:\/\/www.metrica.it\/fr\/wp-json\/wp\/v2\/product\/154273","targetHints":{"allow":["GET"]}}],"collection":[{"href":"https:\/\/www.metrica.it\/fr\/wp-json\/wp\/v2\/product"}],"about":[{"href":"https:\/\/www.metrica.it\/fr\/wp-json\/wp\/v2\/types\/product"}],"wp:featuredmedia":[{"embeddable":true,"href":"https:\/\/www.metrica.it\/fr\/wp-json\/wp\/v2\/media\/150318"}],"wp:attachment":[{"href":"https:\/\/www.metrica.it\/fr\/wp-json\/wp\/v2\/media?parent=154273"}],"wp:term":[{"taxonomy":"product_cat","embeddable":true,"href":"https:\/\/www.metrica.it\/fr\/wp-json\/wp\/v2\/product_cat?post=154273"},{"taxonomy":"product_tag","embeddable":true,"href":"https:\/\/www.metrica.it\/fr\/wp-json\/wp\/v2\/product_tag?post=154273"}],"curies":[{"name":"wp","href":"https:\/\/api.w.org\/{rel}","templated":true}]}}