{"id":154283,"date":"2025-01-14T09:54:11","date_gmt":"2025-01-14T08:54:11","guid":{"rendered":"https:\/\/www.metrica.it\/prodotto\/double-6060-alu-4\/"},"modified":"2025-05-27T14:09:27","modified_gmt":"2025-05-27T12:09:27","slug":"double-6060-alu-4","status":"publish","type":"product","link":"https:\/\/www.metrica.it\/fr\/produit\/double-6060-alu-4\/","title":{"rendered":"DOUBLE 60+60 ALU"},"content":{"rendered":"<ul>\n<li>Fonction exclusive HSA (Horizontal Sound Assistant)<\/li>\n<li>Port\u00e9e 120 m (interne) : 60 m (avant) + 60 m (arri\u00e8re)<\/li>\n<li>Possibilit\u00e9 de s\u00e9lectionner le faisceau avant ou arri\u00e8re uniquement<\/li>\n<li>Corps en aluminium<\/li>\n<li>S\u00e9lection de l\u2019\u00e9cran noir et blanc<\/li>\n<li>Aimant incorpor\u00e9 \u00e0 l\u2019arri\u00e8re<\/li>\n<li>Inclinom\u00e8tre horizontal\/vertical et indicateur de 0\u00b0 et 90\u00b0<\/li>\n<li>Rotation de l\u2019\u00e9cran<\/li>\n<li>Fonction Peintre<\/li>\n<li>Pr\u00e9cision \u00b1 2 mm unidirectionnelle<\/li>\n<li>5 fonctions Pythagore<\/li>\n<li>Batterie rechargeable int\u00e9gr\u00e9e, USB-C<\/li>\n<\/ul>\n","protected":false},"excerpt":{"rendered":"<p>Fonction exclusive HSA (Horizontal Sound Assistant)<br \/>\nPort\u00e9e 120 m (interne) : 60 m (avant) + 60 m (arri\u00e8re)<br \/>\nPossibilit\u00e9 de s\u00e9lectionner le faisceau avant ou arri\u00e8re uniquement<br \/>\nCorps en aluminium<br \/>\nS\u00e9lection de l\u2019\u00e9cran noir et blanc<br \/>\nAimant incorpor\u00e9 \u00e0 l\u2019arri\u00e8re<br \/>\nInclinom\u00e8tre horizontal\/vertical et indicateur de 0\u00b0 et 90\u00b0<br \/>\nRotation de l\u2019\u00e9cran<br \/>\nFonction Peintre<br \/>\nPr\u00e9cision \u00b1 2 mm unidirectionnelle<br \/>\n5 fonctions Pythagore<br \/>\nBatterie rechargeable int\u00e9gr\u00e9e, USB-C<\/p>\n","protected":false},"featured_media":150346,"template":"","meta":[],"product_cat":[526,515],"product_tag":[],"class_list":{"0":"post-154283","1":"product","2":"type-product","3":"status-publish","4":"has-post-thumbnail","6":"product_cat-distancemetres-laser","7":"product_cat-laser-et-cameras-thermiques","9":"first","10":"instock","11":"featured","12":"sold-individually","13":"product-type-simple"},"yoast_head":"<title>DOUBLE 60+60 ALU - Metrica<\/title>\n<meta name=\"robots\" content=\"index, follow, max-snippet:-1, max-image-preview:large, max-video-preview:-1\" \/>\n<link rel=\"canonical\" href=\"https:\/\/www.metrica.it\/fr\/produit\/double-6060-alu-4\/\" \/>\n<meta property=\"og:locale\" content=\"fr_FR\" \/>\n<meta property=\"og:type\" content=\"article\" \/>\n<meta property=\"og:title\" content=\"DOUBLE 60+60 ALU - Metrica\" \/>\n<meta property=\"og:description\" content=\"Fonction exclusive HSA (Horizontal Sound Assistant) Port\u00e9e 120 m (interne) : 60 m (avant) + 60 m (arri\u00e8re) Possibilit\u00e9 de s\u00e9lectionner le faisceau avant ou arri\u00e8re uniquement Corps en aluminium S\u00e9lection de l\u2019\u00e9cran noir et blanc Aimant incorpor\u00e9 \u00e0 l\u2019arri\u00e8re Inclinom\u00e8tre horizontal\/vertical et indicateur de 0\u00b0 et 90\u00b0 Rotation de l\u2019\u00e9cran Fonction Peintre Pr\u00e9cision \u00b1 2 mm unidirectionnelle 5 fonctions Pythagore Batterie rechargeable int\u00e9gr\u00e9e, USB-C\" \/>\n<meta property=\"og:url\" content=\"https:\/\/www.metrica.it\/fr\/produit\/double-6060-alu-4\/\" \/>\n<meta property=\"og:site_name\" content=\"Metrica\" \/>\n<meta property=\"article:modified_time\" content=\"2025-05-27T12:09:27+00:00\" \/>\n<meta property=\"og:image\" content=\"https:\/\/www.metrica.it\/wp-content\/uploads\/2024\/12\/61662_1-scaled.jpg\" \/>\n\t<meta property=\"og:image:width\" content=\"2560\" \/>\n\t<meta property=\"og:image:height\" content=\"2560\" \/>\n\t<meta property=\"og:image:type\" content=\"image\/jpeg\" \/>\n<meta name=\"twitter:card\" content=\"summary_large_image\" \/>\n<meta name=\"twitter:label1\" content=\"Dur\u00e9e de lecture estim\u00e9e\" \/>\n\t<meta name=\"twitter:data1\" content=\"1 minute\" \/>\n<script type=\"application\/ld+json\" class=\"yoast-schema-graph\">{\"@context\":\"https:\\\/\\\/schema.org\",\"@graph\":[{\"@type\":\"WebPage\",\"@id\":\"https:\\\/\\\/www.metrica.it\\\/fr\\\/produit\\\/double-6060-alu-4\\\/\",\"url\":\"https:\\\/\\\/www.metrica.it\\\/fr\\\/produit\\\/double-6060-alu-4\\\/\",\"name\":\"DOUBLE 60+60 ALU - Metrica\",\"isPartOf\":{\"@id\":\"https:\\\/\\\/www.metrica.it\\\/fr\\\/#website\"},\"primaryImageOfPage\":{\"@id\":\"https:\\\/\\\/www.metrica.it\\\/fr\\\/produit\\\/double-6060-alu-4\\\/#primaryimage\"},\"image\":{\"@id\":\"https:\\\/\\\/www.metrica.it\\\/fr\\\/produit\\\/double-6060-alu-4\\\/#primaryimage\"},\"thumbnailUrl\":\"https:\\\/\\\/www.metrica.it\\\/wp-content\\\/uploads\\\/2024\\\/12\\\/61662_1-scaled.jpg\",\"datePublished\":\"2025-01-14T08:54:11+00:00\",\"dateModified\":\"2025-05-27T12:09:27+00:00\",\"breadcrumb\":{\"@id\":\"https:\\\/\\\/www.metrica.it\\\/fr\\\/produit\\\/double-6060-alu-4\\\/#breadcrumb\"},\"inLanguage\":\"fr-FR\",\"potentialAction\":[{\"@type\":\"ReadAction\",\"target\":[\"https:\\\/\\\/www.metrica.it\\\/fr\\\/produit\\\/double-6060-alu-4\\\/\"]}]},{\"@type\":\"ImageObject\",\"inLanguage\":\"fr-FR\",\"@id\":\"https:\\\/\\\/www.metrica.it\\\/fr\\\/produit\\\/double-6060-alu-4\\\/#primaryimage\",\"url\":\"https:\\\/\\\/www.metrica.it\\\/wp-content\\\/uploads\\\/2024\\\/12\\\/61662_1-scaled.jpg\",\"contentUrl\":\"https:\\\/\\\/www.metrica.it\\\/wp-content\\\/uploads\\\/2024\\\/12\\\/61662_1-scaled.jpg\",\"width\":2560,\"height\":2560},{\"@type\":\"BreadcrumbList\",\"@id\":\"https:\\\/\\\/www.metrica.it\\\/fr\\\/produit\\\/double-6060-alu-4\\\/#breadcrumb\",\"itemListElement\":[{\"@type\":\"ListItem\",\"position\":1,\"name\":\"Home\",\"item\":\"https:\\\/\\\/www.metrica.it\\\/fr\\\/\"},{\"@type\":\"ListItem\",\"position\":2,\"name\":\"Catalogue\",\"item\":\"https:\\\/\\\/www.metrica.it\\\/fr\\\/catalogue\\\/\"},{\"@type\":\"ListItem\",\"position\":3,\"name\":\"DOUBLE 60+60 ALU\"}]},{\"@type\":\"WebSite\",\"@id\":\"https:\\\/\\\/www.metrica.it\\\/fr\\\/#website\",\"url\":\"https:\\\/\\\/www.metrica.it\\\/fr\\\/\",\"name\":\"Metrica\",\"description\":\"Made to measure\",\"potentialAction\":[{\"@type\":\"SearchAction\",\"target\":{\"@type\":\"EntryPoint\",\"urlTemplate\":\"https:\\\/\\\/www.metrica.it\\\/fr\\\/?s={search_term_string}\"},\"query-input\":{\"@type\":\"PropertyValueSpecification\",\"valueRequired\":true,\"valueName\":\"search_term_string\"}}],\"inLanguage\":\"fr-FR\"}]}<\/script>","yoast_head_json":{"title":"DOUBLE 60+60 ALU - Metrica","robots":{"index":"index","follow":"follow","max-snippet":"max-snippet:-1","max-image-preview":"max-image-preview:large","max-video-preview":"max-video-preview:-1"},"canonical":"https:\/\/www.metrica.it\/fr\/produit\/double-6060-alu-4\/","og_locale":"fr_FR","og_type":"article","og_title":"DOUBLE 60+60 ALU - Metrica","og_description":"Fonction exclusive HSA (Horizontal Sound Assistant) Port\u00e9e 120 m (interne) : 60 m (avant) + 60 m (arri\u00e8re) Possibilit\u00e9 de s\u00e9lectionner le faisceau avant ou arri\u00e8re uniquement Corps en aluminium S\u00e9lection de l\u2019\u00e9cran noir et blanc Aimant incorpor\u00e9 \u00e0 l\u2019arri\u00e8re Inclinom\u00e8tre horizontal\/vertical et indicateur de 0\u00b0 et 90\u00b0 Rotation de l\u2019\u00e9cran Fonction Peintre Pr\u00e9cision \u00b1 2 mm unidirectionnelle 5 fonctions Pythagore Batterie rechargeable int\u00e9gr\u00e9e, USB-C","og_url":"https:\/\/www.metrica.it\/fr\/produit\/double-6060-alu-4\/","og_site_name":"Metrica","article_modified_time":"2025-05-27T12:09:27+00:00","og_image":[{"width":2560,"height":2560,"url":"https:\/\/www.metrica.it\/wp-content\/uploads\/2024\/12\/61662_1-scaled.jpg","type":"image\/jpeg"}],"twitter_card":"summary_large_image","twitter_misc":{"Dur\u00e9e de lecture estim\u00e9e":"1 minute"},"schema":{"@context":"https:\/\/schema.org","@graph":[{"@type":"WebPage","@id":"https:\/\/www.metrica.it\/fr\/produit\/double-6060-alu-4\/","url":"https:\/\/www.metrica.it\/fr\/produit\/double-6060-alu-4\/","name":"DOUBLE 60+60 ALU - Metrica","isPartOf":{"@id":"https:\/\/www.metrica.it\/fr\/#website"},"primaryImageOfPage":{"@id":"https:\/\/www.metrica.it\/fr\/produit\/double-6060-alu-4\/#primaryimage"},"image":{"@id":"https:\/\/www.metrica.it\/fr\/produit\/double-6060-alu-4\/#primaryimage"},"thumbnailUrl":"https:\/\/www.metrica.it\/wp-content\/uploads\/2024\/12\/61662_1-scaled.jpg","datePublished":"2025-01-14T08:54:11+00:00","dateModified":"2025-05-27T12:09:27+00:00","breadcrumb":{"@id":"https:\/\/www.metrica.it\/fr\/produit\/double-6060-alu-4\/#breadcrumb"},"inLanguage":"fr-FR","potentialAction":[{"@type":"ReadAction","target":["https:\/\/www.metrica.it\/fr\/produit\/double-6060-alu-4\/"]}]},{"@type":"ImageObject","inLanguage":"fr-FR","@id":"https:\/\/www.metrica.it\/fr\/produit\/double-6060-alu-4\/#primaryimage","url":"https:\/\/www.metrica.it\/wp-content\/uploads\/2024\/12\/61662_1-scaled.jpg","contentUrl":"https:\/\/www.metrica.it\/wp-content\/uploads\/2024\/12\/61662_1-scaled.jpg","width":2560,"height":2560},{"@type":"BreadcrumbList","@id":"https:\/\/www.metrica.it\/fr\/produit\/double-6060-alu-4\/#breadcrumb","itemListElement":[{"@type":"ListItem","position":1,"name":"Home","item":"https:\/\/www.metrica.it\/fr\/"},{"@type":"ListItem","position":2,"name":"Catalogue","item":"https:\/\/www.metrica.it\/fr\/catalogue\/"},{"@type":"ListItem","position":3,"name":"DOUBLE 60+60 ALU"}]},{"@type":"WebSite","@id":"https:\/\/www.metrica.it\/fr\/#website","url":"https:\/\/www.metrica.it\/fr\/","name":"Metrica","description":"Made to measure","potentialAction":[{"@type":"SearchAction","target":{"@type":"EntryPoint","urlTemplate":"https:\/\/www.metrica.it\/fr\/?s={search_term_string}"},"query-input":{"@type":"PropertyValueSpecification","valueRequired":true,"valueName":"search_term_string"}}],"inLanguage":"fr-FR"}]}},"meta_box":{"awr_documentation":[{"filesize":1776060,"ID":"156472","name":"61662.pdf","path":"\/var\/www\/html\/wp-content\/uploads\/2025\/01\/61662.pdf","url":"https:\/\/www.metrica.it\/wp-content\/uploads\/2025\/01\/61662.pdf","title":"61662"}],"awr_manuale":[],"awr_scheda_tecnica":"<table>\n<tbody>\n<tr>\n<td>Plage de travail<\/td>\n<td>60m (unidirectionnel interne) 120m (bidirectionnel interne)<\/td>\n<\/tr>\n<tr>\n<td>Pr\u00e9cision<\/td>\n<td>\u00b1 (2mm+d * 1\/10000) *<\/td>\n<\/tr>\n<tr>\n<td>HSA Technology<\/td>\n<td>oui<\/td>\n<\/tr>\n<tr>\n<td>Plage de mesure angulaire<\/td>\n<td>\u00b190\u02da<\/td>\n<\/tr>\n<tr>\n<td>Mesure en continu<\/td>\n<td>oui<\/td>\n<\/tr>\n<tr>\n<td>Mesure de surface\/volume<\/td>\n<td>oui<\/td>\n<\/tr>\n<tr>\n<td>Pythagore<\/td>\n<td>oui<\/td>\n<\/tr>\n<tr>\n<td>Minimum\/maximum<\/td>\n<td>oui<\/td>\n<\/tr>\n<tr>\n<td>Addition\/soustraction<\/td>\n<td>oui<\/td>\n<\/tr>\n<tr>\n<td>Auto-calibration<\/td>\n<td>oui<\/td>\n<\/tr>\n<tr>\n<td>Niveau \u00e9lectronique \u00e0 bulle<\/td>\n<td>oui<\/td>\n<\/tr>\n<tr>\n<td>Rotation automatique de l\u2019\u00e9cran<\/td>\n<td>oui<\/td>\n<\/tr>\n<tr>\n<td>Changement d\u2019\u00e9cran noir\/blanc<\/td>\n<td>oui<\/td>\n<\/tr>\n<tr>\n<td>Base magn\u00e9tique<\/td>\n<td>oui<\/td>\n<\/tr>\n<tr>\n<td>Classe de laser<\/td>\n<td>II<\/td>\n<\/tr>\n<tr>\n<td>Type de laser<\/td>\n<td>630-670nm, &lt;1mW<\/td>\n<\/tr>\n<tr>\n<td>Mise hors tension automatique de la diode<\/td>\n<td>20s<\/td>\n<\/tr>\n<tr>\n<td>Arr\u00eat du dispositif apr\u00e8s<\/td>\n<td>180s<\/td>\n<\/tr>\n<tr>\n<td>Dur\u00e9e de vie des piles<\/td>\n<td>8000 mesures<\/td>\n<\/tr>\n<tr>\n<td>Bip<\/td>\n<td>oui<\/td>\n<\/tr>\n<tr>\n<td>Temp\u00e9rature de stockage<\/td>\n<td>-20\u00b0C~60\u00b0C<\/td>\n<\/tr>\n<tr>\n<td>Temp\u00e9rature de fonctionnement<\/td>\n<td>0\u00b0C~40\u00b0C<\/td>\n<\/tr>\n<tr>\n<td>Humidit\u00e9 maximale<\/td>\n<td>20%~80% RH<\/td>\n<\/tr>\n<tr>\n<td>Piles<\/td>\n<td>Ion-Li 3,7V 850mAh<\/td>\n<\/tr>\n<tr>\n<td>Dimensions<\/td>\n<td>115x50x24.5mm<\/td>\n<\/tr>\n<\/tbody>\n<\/table>\n","awr_youtube_video":"https:\/\/www.youtube.com\/embed\/TeZtm2bwPwo","awr_classe_prodotto":"","awr_customize_product":"0","awr_custom_image":false,"awr_related_products":[{"awr_product_references":"ref:61662|l:0,05 - 120 m|ean:8001066616626|pack:1"}],"awr_consumabili":"","awr_alternativi":"61660,61661,61114,61190","awr_aliases":"61662","awr_skuid":"61662-it"},"_links":{"self":[{"href":"https:\/\/www.metrica.it\/fr\/wp-json\/wp\/v2\/product\/154283","targetHints":{"allow":["GET"]}}],"collection":[{"href":"https:\/\/www.metrica.it\/fr\/wp-json\/wp\/v2\/product"}],"about":[{"href":"https:\/\/www.metrica.it\/fr\/wp-json\/wp\/v2\/types\/product"}],"wp:featuredmedia":[{"embeddable":true,"href":"https:\/\/www.metrica.it\/fr\/wp-json\/wp\/v2\/media\/150346"}],"wp:attachment":[{"href":"https:\/\/www.metrica.it\/fr\/wp-json\/wp\/v2\/media?parent=154283"}],"wp:term":[{"taxonomy":"product_cat","embeddable":true,"href":"https:\/\/www.metrica.it\/fr\/wp-json\/wp\/v2\/product_cat?post=154283"},{"taxonomy":"product_tag","embeddable":true,"href":"https:\/\/www.metrica.it\/fr\/wp-json\/wp\/v2\/product_tag?post=154283"}],"curies":[{"name":"wp","href":"https:\/\/api.w.org\/{rel}","templated":true}]}}