{"id":156485,"date":"2025-01-26T17:09:02","date_gmt":"2025-01-26T16:09:02","guid":{"rendered":"https:\/\/www.metrica.it\/prodotto\/bravo-laser-green-h360-1v-2-dots-4\/"},"modified":"2025-01-26T17:10:04","modified_gmt":"2025-01-26T16:10:04","slug":"bravo-laser-green-h360-1v-2-dots-4","status":"publish","type":"product","link":"https:\/\/www.metrica.it\/fr\/produit\/bravo-laser-green-h360-1v-2-dots-4\/","title":{"rendered":"BRAVO LASER GREEN H360 + 1V + 2 DOTS"},"content":{"rendered":"<ul>\n<li>Niveau laser vert. Projette: un plan de 360\u00b0 \u00e0 l\u2019horizontale et un plan vertical qui forment 1 croix, plus 2 points d&rsquo;aplomb (sol et plafond)<\/li>\n<li>Positionnement facile au plafond (<2 cm)<\/li>\n<li>Utilisation int\u00e9rieure et ext\u00e9rieure (avec r\u00e9cepteur non inclus R\u00e9f. 60749 vert)<\/li>\n<li>Clignotement du laser automatique lorsque l\u2019appareil est hors de la plage d\u2019auto-nivellement<\/li>\n<li>Capacit\u00e9 de projeter les lignes, m\u00eame en position fixe et inclin\u00e9e<\/li>\n<li>Syst\u00e8me de verrouillage int\u00e9gr\u00e9 pour \u00e9viter les vibrations pendant le transport<\/li>\n<li>Forme compacte, rev\u00eatement en caoutchouc antid\u00e9rapant pare-chocs<\/li>\n<li>Livr\u00e9 avec support mural magn\u00e9tique pour plaquistes en mallette rigide<\/li>\n<\/ul>\n","protected":false},"excerpt":{"rendered":"<p>Niveau laser vert. Projette: un plan de 360\u00b0 \u00e0 l\u2019horizontale et un plan vertical qui forment 1 croix, plus 2 points d&rsquo;aplomb (sol et plafond) <br \/>Positionnement facile au plafond (<2 cm) <br \/>Utilisation int\u00e9rieure et ext\u00e9rieure (avec r\u00e9cepteur non inclus R\u00e9f. 60749 vert) <br \/>Clignotement du laser automatique lorsque l\u2019appareil est hors de la plage d\u2019auto-nivellement <br \/>Capacit\u00e9 de projeter les lignes, m\u00eame en position fixe et inclin\u00e9e <br \/>Syst\u00e8me de verrouillage int\u00e9gr\u00e9 pour \u00e9viter les vibrations pendant le transport <br \/>Forme compacte, rev\u00eatement en caoutchouc antid\u00e9rapant pare-chocs <br \/>Livr\u00e9 avec support mural magn\u00e9tique pour plaquistes en mallette rigide <\/p>\n","protected":false},"featured_media":156476,"template":"","meta":[],"product_cat":[515,522],"product_tag":[],"class_list":{"0":"post-156485","1":"product","2":"type-product","3":"status-publish","4":"has-post-thumbnail","6":"product_cat-laser-et-cameras-thermiques","7":"product_cat-lasers-rotatifs","9":"first","10":"instock","11":"sold-individually","12":"product-type-simple"},"yoast_head":"<title>BRAVO LASER GREEN H360 + 1V + 2 DOTS - Metrica<\/title>\n<meta name=\"robots\" content=\"index, follow, max-snippet:-1, max-image-preview:large, max-video-preview:-1\" \/>\n<link rel=\"canonical\" href=\"https:\/\/www.metrica.it\/fr\/produit\/bravo-laser-green-h360-1v-2-dots-4\/\" \/>\n<meta property=\"og:locale\" content=\"fr_FR\" \/>\n<meta property=\"og:type\" content=\"article\" \/>\n<meta property=\"og:title\" content=\"BRAVO LASER GREEN H360 + 1V + 2 DOTS - Metrica\" \/>\n<meta property=\"og:description\" content=\"Niveau laser vert. Projette: un plan de 360\u00b0 \u00e0 l\u2019horizontale et un plan vertical qui forment 1 croix, plus 2 points d&#039;aplomb (sol et plafond) Positionnement facile au plafond (\" \/>\n<meta property=\"og:url\" content=\"https:\/\/www.metrica.it\/fr\/produit\/bravo-laser-green-h360-1v-2-dots-4\/\" \/>\n<meta property=\"og:site_name\" content=\"Metrica\" \/>\n<meta property=\"article:modified_time\" content=\"2025-01-26T16:10:04+00:00\" \/>\n<meta property=\"og:image\" content=\"https:\/\/www.metrica.it\/wp-content\/uploads\/2025\/01\/61375M-scaled.jpg\" \/>\n\t<meta property=\"og:image:width\" content=\"2560\" \/>\n\t<meta property=\"og:image:height\" content=\"2560\" \/>\n\t<meta property=\"og:image:type\" content=\"image\/jpeg\" \/>\n<meta name=\"twitter:card\" content=\"summary_large_image\" \/>\n<script type=\"application\/ld+json\" class=\"yoast-schema-graph\">{\"@context\":\"https:\\\/\\\/schema.org\",\"@graph\":[{\"@type\":\"WebPage\",\"@id\":\"https:\\\/\\\/www.metrica.it\\\/fr\\\/produit\\\/bravo-laser-green-h360-1v-2-dots-4\\\/\",\"url\":\"https:\\\/\\\/www.metrica.it\\\/fr\\\/produit\\\/bravo-laser-green-h360-1v-2-dots-4\\\/\",\"name\":\"BRAVO LASER GREEN H360 + 1V + 2 DOTS - Metrica\",\"isPartOf\":{\"@id\":\"https:\\\/\\\/www.metrica.it\\\/fr\\\/#website\"},\"primaryImageOfPage\":{\"@id\":\"https:\\\/\\\/www.metrica.it\\\/fr\\\/produit\\\/bravo-laser-green-h360-1v-2-dots-4\\\/#primaryimage\"},\"image\":{\"@id\":\"https:\\\/\\\/www.metrica.it\\\/fr\\\/produit\\\/bravo-laser-green-h360-1v-2-dots-4\\\/#primaryimage\"},\"thumbnailUrl\":\"https:\\\/\\\/www.metrica.it\\\/wp-content\\\/uploads\\\/2025\\\/01\\\/61375M-scaled.jpg\",\"datePublished\":\"2025-01-26T16:09:02+00:00\",\"dateModified\":\"2025-01-26T16:10:04+00:00\",\"breadcrumb\":{\"@id\":\"https:\\\/\\\/www.metrica.it\\\/fr\\\/produit\\\/bravo-laser-green-h360-1v-2-dots-4\\\/#breadcrumb\"},\"inLanguage\":\"fr-FR\",\"potentialAction\":[{\"@type\":\"ReadAction\",\"target\":[\"https:\\\/\\\/www.metrica.it\\\/fr\\\/produit\\\/bravo-laser-green-h360-1v-2-dots-4\\\/\"]}]},{\"@type\":\"ImageObject\",\"inLanguage\":\"fr-FR\",\"@id\":\"https:\\\/\\\/www.metrica.it\\\/fr\\\/produit\\\/bravo-laser-green-h360-1v-2-dots-4\\\/#primaryimage\",\"url\":\"https:\\\/\\\/www.metrica.it\\\/wp-content\\\/uploads\\\/2025\\\/01\\\/61375M-scaled.jpg\",\"contentUrl\":\"https:\\\/\\\/www.metrica.it\\\/wp-content\\\/uploads\\\/2025\\\/01\\\/61375M-scaled.jpg\",\"width\":2560,\"height\":2560},{\"@type\":\"BreadcrumbList\",\"@id\":\"https:\\\/\\\/www.metrica.it\\\/fr\\\/produit\\\/bravo-laser-green-h360-1v-2-dots-4\\\/#breadcrumb\",\"itemListElement\":[{\"@type\":\"ListItem\",\"position\":1,\"name\":\"Home\",\"item\":\"https:\\\/\\\/www.metrica.it\\\/fr\\\/\"},{\"@type\":\"ListItem\",\"position\":2,\"name\":\"Catalogue\",\"item\":\"https:\\\/\\\/www.metrica.it\\\/fr\\\/catalogue\\\/\"},{\"@type\":\"ListItem\",\"position\":3,\"name\":\"BRAVO LASER GREEN H360 + 1V + 2 DOTS\"}]},{\"@type\":\"WebSite\",\"@id\":\"https:\\\/\\\/www.metrica.it\\\/fr\\\/#website\",\"url\":\"https:\\\/\\\/www.metrica.it\\\/fr\\\/\",\"name\":\"Metrica\",\"description\":\"Made to measure\",\"potentialAction\":[{\"@type\":\"SearchAction\",\"target\":{\"@type\":\"EntryPoint\",\"urlTemplate\":\"https:\\\/\\\/www.metrica.it\\\/fr\\\/?s={search_term_string}\"},\"query-input\":{\"@type\":\"PropertyValueSpecification\",\"valueRequired\":true,\"valueName\":\"search_term_string\"}}],\"inLanguage\":\"fr-FR\"}]}<\/script>","yoast_head_json":{"title":"BRAVO LASER GREEN H360 + 1V + 2 DOTS - Metrica","robots":{"index":"index","follow":"follow","max-snippet":"max-snippet:-1","max-image-preview":"max-image-preview:large","max-video-preview":"max-video-preview:-1"},"canonical":"https:\/\/www.metrica.it\/fr\/produit\/bravo-laser-green-h360-1v-2-dots-4\/","og_locale":"fr_FR","og_type":"article","og_title":"BRAVO LASER GREEN H360 + 1V + 2 DOTS - Metrica","og_description":"Niveau laser vert. Projette: un plan de 360\u00b0 \u00e0 l\u2019horizontale et un plan vertical qui forment 1 croix, plus 2 points d'aplomb (sol et plafond) Positionnement facile au plafond (","og_url":"https:\/\/www.metrica.it\/fr\/produit\/bravo-laser-green-h360-1v-2-dots-4\/","og_site_name":"Metrica","article_modified_time":"2025-01-26T16:10:04+00:00","og_image":[{"width":2560,"height":2560,"url":"https:\/\/www.metrica.it\/wp-content\/uploads\/2025\/01\/61375M-scaled.jpg","type":"image\/jpeg"}],"twitter_card":"summary_large_image","schema":{"@context":"https:\/\/schema.org","@graph":[{"@type":"WebPage","@id":"https:\/\/www.metrica.it\/fr\/produit\/bravo-laser-green-h360-1v-2-dots-4\/","url":"https:\/\/www.metrica.it\/fr\/produit\/bravo-laser-green-h360-1v-2-dots-4\/","name":"BRAVO LASER GREEN H360 + 1V + 2 DOTS - Metrica","isPartOf":{"@id":"https:\/\/www.metrica.it\/fr\/#website"},"primaryImageOfPage":{"@id":"https:\/\/www.metrica.it\/fr\/produit\/bravo-laser-green-h360-1v-2-dots-4\/#primaryimage"},"image":{"@id":"https:\/\/www.metrica.it\/fr\/produit\/bravo-laser-green-h360-1v-2-dots-4\/#primaryimage"},"thumbnailUrl":"https:\/\/www.metrica.it\/wp-content\/uploads\/2025\/01\/61375M-scaled.jpg","datePublished":"2025-01-26T16:09:02+00:00","dateModified":"2025-01-26T16:10:04+00:00","breadcrumb":{"@id":"https:\/\/www.metrica.it\/fr\/produit\/bravo-laser-green-h360-1v-2-dots-4\/#breadcrumb"},"inLanguage":"fr-FR","potentialAction":[{"@type":"ReadAction","target":["https:\/\/www.metrica.it\/fr\/produit\/bravo-laser-green-h360-1v-2-dots-4\/"]}]},{"@type":"ImageObject","inLanguage":"fr-FR","@id":"https:\/\/www.metrica.it\/fr\/produit\/bravo-laser-green-h360-1v-2-dots-4\/#primaryimage","url":"https:\/\/www.metrica.it\/wp-content\/uploads\/2025\/01\/61375M-scaled.jpg","contentUrl":"https:\/\/www.metrica.it\/wp-content\/uploads\/2025\/01\/61375M-scaled.jpg","width":2560,"height":2560},{"@type":"BreadcrumbList","@id":"https:\/\/www.metrica.it\/fr\/produit\/bravo-laser-green-h360-1v-2-dots-4\/#breadcrumb","itemListElement":[{"@type":"ListItem","position":1,"name":"Home","item":"https:\/\/www.metrica.it\/fr\/"},{"@type":"ListItem","position":2,"name":"Catalogue","item":"https:\/\/www.metrica.it\/fr\/catalogue\/"},{"@type":"ListItem","position":3,"name":"BRAVO LASER GREEN H360 + 1V + 2 DOTS"}]},{"@type":"WebSite","@id":"https:\/\/www.metrica.it\/fr\/#website","url":"https:\/\/www.metrica.it\/fr\/","name":"Metrica","description":"Made to measure","potentialAction":[{"@type":"SearchAction","target":{"@type":"EntryPoint","urlTemplate":"https:\/\/www.metrica.it\/fr\/?s={search_term_string}"},"query-input":{"@type":"PropertyValueSpecification","valueRequired":true,"valueName":"search_term_string"}}],"inLanguage":"fr-FR"}]}},"meta_box":{"awr_documentation":[{"filesize":534602,"ID":"156475","name":"61375M.pdf","path":"\/var\/www\/html\/wp-content\/uploads\/2025\/01\/61375M.pdf","url":"https:\/\/www.metrica.it\/wp-content\/uploads\/2025\/01\/61375M.pdf","title":"61375M.pdf"}],"awr_manuale":[],"awr_scheda_tecnica":"<table>\n<tr>\n<td>Port\u00e9e (en fonction de l\u2019\u00e9clairage)<\/td>\n<td>30 m (\u00d8 60 m)<\/td>\n<\/tr>\n<tr>\n<td>Port\u00e9e avec r\u00e9cepteu<\/td>\n<td>50 m (\u00d8 100 m)<\/td>\n<\/tr>\n<tr>\n<td>Pr\u00e9cision de nivellement<\/td>\n<td>\u00b1 3 mm \/ 10 m<\/td>\n<\/tr>\n<tr>\n<td>Plage d\u2019auto-nivellement<\/td>\n<td>\u00b1 3,5\u00b0<\/td>\n<\/tr>\n<tr>\n<td>Signal hors auto-nivellement <\/td>\n<td>si<\/td>\n<\/tr>\n<tr>\n<td>Type de laser<\/td>\n<td>515 &lt; 1mw<\/td>\n<\/tr>\n<tr>\n<td>Puissance du laser<\/td>\n<td>Classe II<\/td>\n<\/tr>\n<tr>\n<td>Piles rechargeables<\/td>\n<td>7,2V 2000 mAh li-ion<\/td>\n<\/tr>\n<tr>\n<td>Dimensions (mm)<\/td>\n<td>120 x 120 x 70<\/td>\n<\/tr>\n<tr>\n<td>Poids<\/td>\n<td>0,520 Kg<\/td>\n<\/tr>\n<tr>\n<td>Indice de protection<\/td>\n<td>IP 55<\/td>\n<\/tr>\n<tr>\n<td>Filetage pour tr\u00e9pied <\/td>\n<td>1\/4\u201d<\/td>\n<\/tr>\n<\/table>\n","awr_youtube_video":"","awr_classe_prodotto":"","awr_customize_product":"0","awr_custom_image":false,"awr_related_products":[{"awr_product_references":"ref:61375M|ean:8001066613755|pack:1"}],"awr_consumabili":"61702","awr_alternativi":"61435,61425,61302,61432","awr_aliases":"61435,61425,61302,61432,green,360","awr_skuid":"61375M-it"},"_links":{"self":[{"href":"https:\/\/www.metrica.it\/fr\/wp-json\/wp\/v2\/product\/156485","targetHints":{"allow":["GET"]}}],"collection":[{"href":"https:\/\/www.metrica.it\/fr\/wp-json\/wp\/v2\/product"}],"about":[{"href":"https:\/\/www.metrica.it\/fr\/wp-json\/wp\/v2\/types\/product"}],"wp:featuredmedia":[{"embeddable":true,"href":"https:\/\/www.metrica.it\/fr\/wp-json\/wp\/v2\/media\/156476"}],"wp:attachment":[{"href":"https:\/\/www.metrica.it\/fr\/wp-json\/wp\/v2\/media?parent=156485"}],"wp:term":[{"taxonomy":"product_cat","embeddable":true,"href":"https:\/\/www.metrica.it\/fr\/wp-json\/wp\/v2\/product_cat?post=156485"},{"taxonomy":"product_tag","embeddable":true,"href":"https:\/\/www.metrica.it\/fr\/wp-json\/wp\/v2\/product_tag?post=156485"}],"curies":[{"name":"wp","href":"https:\/\/api.w.org\/{rel}","templated":true}]}}